{"id":67021,"date":"2023-02-07T13:55:07","date_gmt":"2023-02-07T13:55:07","guid":{"rendered":"https:\/\/www.accuratereviews.com\/?page_id=67021"},"modified":"2023-02-07T13:55:07","modified_gmt":"2023-02-07T13:55:07","slug":"grabyo-recensione","status":"publish","type":"page","link":"https:\/\/www.accuratereviews.com\/it\/video-editing-lista-software\/grabyo-recensione\/","title":{"rendered":"Grabyo"},"content":{"rendered":"<p><strong>Grabyo<\/strong> \u00e8 la piattaforma <strong>video cloud-native<\/strong> leader del settore per la produzione, <strong>l&#8217;editing<\/strong> e la distribuzione di video live. Collabora con il tuo team da qualsiasi parte del mondo. Pubblica su ogni tipo di schermo in tempo reale e paga solo per quello che usi.\u00a0Assicurati di essere il primo sul mercato e coinvolgi il tuo pubblico con video in tempo reale ottimizzati per la visualizzazione su qualsiasi schermo e dispositivo.<br \/>\nCondividi clip all&#8217;interno della tua organizzazione o sfrutta gli influencer e i sostenitori del marchio utilizzando le integrazioni editoriali di <strong>Grabyo<\/strong> per i video social.<\/p>\n<h2>GRABYO &#8211; TUTORIAL<\/h2>\n<div id=\"fluid-wrapper-counter-1\" class=\"g1-fluid-wrapper \" style=\"width:686px;\">\n<div style=\"padding-bottom:56.268221574344%;\"><iframe loading=\"lazy\" title=\"Clip, edit and publish live content in the cloud for simple, rapid video publishing in real time\" width=\"686\" height=\"386\" src=\"https:\/\/www.youtube.com\/embed\/0uvxFkViE5Q?feature=oembed&amp;wmode=transparent&amp;autohide=1&amp;autoplay=0&amp;disablekb=0&amp;fs=1&amp;loop=0&amp;enablejsapi=1&amp;rel=0&amp;controls=2&amp;showinfo=0&amp;wmode=transparent&amp;autohide=2&amp;autoplay=0&amp;disablekb=0&amp;fs=1&amp;loop=0&amp;enablejsapi=1&amp;rel=0&amp;controls=2&amp;showinfo=1\" frameborder=\"0\" allow=\"accelerometer; autoplay; clipboard-write; encrypted-media; gyroscope; picture-in-picture; web-share\" allowfullscreen><\/iframe><\/div>\n<\/div>\n<h3>GRABYO &#8211; CARATTERISTICHE<\/h3>\n<ul>\n<li><strong>Formazione minima, output di alta qualit\u00e0<\/strong>: montaggio video, semplificato. Massimizza le tue risorse e migliora le competenze del tuo team con una soluzione di editing video creata per tutti, padroneggia gli strumenti con facilit\u00e0.<\/li>\n<li><strong>Accedi agli strumenti essenziali:<\/strong> crea compilation video e aggiungi transizioni, grafica personalizzata, titoli e didascalie. Taglia e ritaglia risorse, raggruppa elementi e gestisci pi\u00f9 livelli audio e video.<\/li>\n<li><strong>Gestisci la tua raccolta di risorse<\/strong>: crea una libreria di modelli per i progetti per organizzare e accedere alle tue immagini video, grafiche e audio. Importa le risorse dal tuo dispositivo o dal tuo account cloud.<\/li>\n<li><strong>Montaggio live per trasmissioni ed eventi<\/strong>: aggiungi clip per modificare i progetti dallo strumento di ritaglio live per creare raccolte rapide ed essere il primo a commercializzare i contenuti.<\/li>\n<li><strong>Trascrizione automatica in pi\u00f9 lingue:<\/strong> sfrutta gli strumenti di trascrizione IA per popolare automaticamente i sottotitoli vocali in testo per i video. Crea didascalie in oltre 31 lingue e dialetti.<\/li>\n<li><strong>Pubblica direttamente sulle piattaforme dei social media<\/strong>: approfitta delle integrazioni API dirette con tutte le principali piattaforme di social media tra cui TikTok, Twitter, Facebook, Instagram, YouTube, Snapchat e Twitch.<\/li>\n<\/ul>\n<h4>LE RECENSIONI DEGLI UTENTI<\/h4>\n<p><strong>Courtney &#8220;Facile da usare e veloce.&#8221;<\/strong><br \/>\n<strong>Commenti<\/strong>: Molto bene.<br \/>\n<strong>Pro<\/strong>: Molto semplice da usare e non troppo complicato. Ha anche un sacco di spazio di archiviazione.<br \/>\n<strong>Contro<\/strong>: Puoi tornare al live streaming solo per un breve periodo di tempo, sarebbe fantastico se potessi tornare indietro.<\/p>\n<p><strong>Will &#8220;Perfetto per il marketing dei live streaming&#8221;<\/strong><br \/>\n<strong>Commenti<\/strong>: Davvero utile essere in grado di eseguire il multi-streaming su diverse piattaforme con la possibilit\u00e0 di salvare interi flussi nella libreria Grabyo<br \/>\n<strong>Pro<\/strong>: Facile da usare e creare campagne per il team di social marketing per ritagliare i nostri contenuti live e alimentarli direttamente su Twitter o Facebook<br \/>\n<strong>Contro<\/strong>: Di recente abbiamo avuto problemi con la connessione a un VidiU Teradek a causa di aggiornamenti software. Da allora siamo riusciti a risolverli<\/p>\n<p><strong>Deepika &#8220;Recensione di Grabyo&#8221;<\/strong><br \/>\n<strong>Pro<\/strong>: Grabyo \u00e8 molto facile da usare dal ritaglio alla possibilit\u00e0 di condividerlo con gli account dei social media collegati. Mi piace anche la velocit\u00e0 del supporto tecnico, soprattutto se la situazione \u00e8 urgente.<br \/>\n<strong>Contro<\/strong>: Ci sono stati momenti in cui il live streaming non ha funzionato e ci sono voluti anni per risolverlo, il che ha poi avuto un impatto sul mio flusso di lavoro.<\/p>\n","protected":false},"excerpt":{"rendered":"<p>Grabyo \u00e8 la piattaforma video cloud-native leader del settore per la produzione, l&#8217;editing e la distribuzione di video live. Collabora con il tuo team da qualsiasi parte del mondo. Pubblica su ogni tipo di schermo in tempo reale e paga solo per quello che usi.\u00a0Assicurati di essere il primo sul mercato e coinvolgi il tuo pubblico con video in tempo reale ottimizzati per la visualizzazione su qualsiasi schermo e dispositivo.<\/p>\n","protected":false},"author":19,"featured_media":67031,"parent":7571,"menu_order":0,"comment_status":"open","ping_status":"closed","template":"g1_template_page_review_new.php","meta":{"_acf_changed":false,"cwp_meta_box_check":"Yes","cwp_rev_product_name":"","cwp_rev_product_image":"","wppr_links":[],"cwp_rev_price":"0.00","wppr_options":[{"name":"Usability","value":"0"},{"name":"Speed","value":"0"},{"name":"Features","value":"0"},{"name":"Support","value":"0"},{"name":"Pricing","value":"0"}],"wppr_pros":["","","","",""],"wppr_cons":["","","","",""],"_monsterinsights_skip_tracking":false,"_monsterinsights_sitenote_active":false,"_monsterinsights_sitenote_note":"","_monsterinsights_sitenote_category":0,"footnotes":""},"categories":[169],"tags":[14072,14100,3342,1244,228,1273,831],"features":[],"class_list":{"0":"post-67021","1":"page","2":"type-page","3":"status-publish","4":"has-post-thumbnail","6":"category-video-editing-software-it","7":"tag-app-video-editing","8":"tag-grabyo","9":"tag-piattaforma-video-editing","10":"tag-programma-video-editing","11":"tag-software-video-editing","12":"tag-soluzione-video-editing","13":"tag-video-editing-2-it"},"wppr_data":{"cwp_meta_box_check":"Yes","_wppr_review_template":"default","cwp_rev_product_image":"","cwp_image_link":"image","wppr_links":[],"cwp_rev_price":"0.00","wppr_pros":["","","","",""],"wppr_cons":["","","","",""],"wppr_rating":"0.00","wppr_options":{"1":{"name":"Usability","value":"0"},"2":{"name":"Speed","value":"0"},"3":{"name":"Features","value":"0"},"4":{"name":"Support","value":"0"},"5":{"name":"Pricing","value":"0"}},"wppr_review_type":"Product","wppr_review_custom_fields":{"additionalProperty":"","additionalType":"","aggregateRating":"","alternateName":"","audience":"","award":"","awards":"","brand":"","color":"","depth":"","description":"","disambiguatingDescription":"","gtin12":"","gtin13":"","gtin14":"","gtin8":"","height":"","identifier":"","image":"","isAccessoryOrSparePartFor":"","isConsumableFor":"","isRelatedTo":"","isSimilarTo":"","itemCondition":"","logo":"","mainEntityOfPage":"","manufacturer":"","material":"","model":"","mpn":"","name":"","offers":"","potentialAction":"","productID":"","productionDate":"","purchaseDate":"","releaseDate":"","review":"","reviews":"","sameAs":"","sku":"","slogan":"","subjectOf":"","url":"","weight":"","width":""}},"acf":[],"yoast_head":"<!-- This site is optimized with the Yoast SEO plugin v27.4 - https:\/\/yoast.com\/product\/yoast-seo-wordpress\/ -->\n<title>Grabyo: recensione software video editing - Accurate Reviews<\/title>\n<meta name=\"description\" content=\"Grabyo: recensione piattaforma video cloud-native leader del settore per la produzione, l&#039;editing e la distribuzione di video live.\" \/>\n<meta name=\"robots\" content=\"index, follow, max-snippet:-1, max-image-preview:large, max-video-preview:-1\" \/>\n<link rel=\"canonical\" href=\"https:\/\/www.accuratereviews.com\/it\/video-editing-lista-software\/grabyo-recensione\/\" \/>\n<meta property=\"og:locale\" content=\"it_IT\" \/>\n<meta property=\"og:type\" content=\"article\" \/>\n<meta property=\"og:title\" content=\"Grabyo: recensione software video editing - Accurate Reviews\" \/>\n<meta property=\"og:description\" content=\"Grabyo: recensione piattaforma video cloud-native leader del settore per la produzione, l&#039;editing e la distribuzione di video live.\" \/>\n<meta property=\"og:url\" content=\"https:\/\/www.accuratereviews.com\/it\/video-editing-lista-software\/grabyo-recensione\/\" \/>\n<meta property=\"og:site_name\" content=\"Accurate Reviews\" \/>\n<meta property=\"og:image\" content=\"https:\/\/www.accuratereviews.com\/wp-content\/uploads\/2023\/02\/Screenshot-2023-02-07-alle-09.49.35.png\" \/>\n\t<meta property=\"og:image:width\" content=\"1288\" \/>\n\t<meta property=\"og:image:height\" content=\"468\" \/>\n\t<meta property=\"og:image:type\" content=\"image\/png\" \/>\n<meta name=\"twitter:card\" content=\"summary_large_image\" \/>\n<meta name=\"twitter:label1\" content=\"Tempo di lettura stimato\" \/>\n\t<meta name=\"twitter:data1\" content=\"3 minuti\" \/>\n<script type=\"application\/ld+json\" class=\"yoast-schema-graph\">{\"@context\":\"https:\\\/\\\/schema.org\",\"@graph\":[{\"@type\":\"WebPage\",\"@id\":\"https:\\\/\\\/www.accuratereviews.com\\\/it\\\/video-editing-lista-software\\\/grabyo-recensione\\\/\",\"url\":\"https:\\\/\\\/www.accuratereviews.com\\\/it\\\/video-editing-lista-software\\\/grabyo-recensione\\\/\",\"name\":\"Grabyo: recensione software video editing - Accurate Reviews\",\"isPartOf\":{\"@id\":\"https:\\\/\\\/www.accuratereviews.com\\\/it\\\/#website\"},\"primaryImageOfPage\":{\"@id\":\"https:\\\/\\\/www.accuratereviews.com\\\/it\\\/video-editing-lista-software\\\/grabyo-recensione\\\/#primaryimage\"},\"image\":{\"@id\":\"https:\\\/\\\/www.accuratereviews.com\\\/it\\\/video-editing-lista-software\\\/grabyo-recensione\\\/#primaryimage\"},\"thumbnailUrl\":\"https:\\\/\\\/www.accuratereviews.com\\\/wp-content\\\/uploads\\\/2023\\\/02\\\/Screenshot-2023-02-07-alle-09.49.35.png\",\"datePublished\":\"2023-02-07T13:55:07+00:00\",\"description\":\"Grabyo: recensione piattaforma video cloud-native leader del settore per la produzione, l'editing e la distribuzione di video live.\",\"breadcrumb\":{\"@id\":\"https:\\\/\\\/www.accuratereviews.com\\\/it\\\/video-editing-lista-software\\\/grabyo-recensione\\\/#breadcrumb\"},\"inLanguage\":\"it-IT\",\"potentialAction\":[{\"@type\":\"ReadAction\",\"target\":[\"https:\\\/\\\/www.accuratereviews.com\\\/it\\\/video-editing-lista-software\\\/grabyo-recensione\\\/\"]}]},{\"@type\":\"ImageObject\",\"inLanguage\":\"it-IT\",\"@id\":\"https:\\\/\\\/www.accuratereviews.com\\\/it\\\/video-editing-lista-software\\\/grabyo-recensione\\\/#primaryimage\",\"url\":\"https:\\\/\\\/www.accuratereviews.com\\\/wp-content\\\/uploads\\\/2023\\\/02\\\/Screenshot-2023-02-07-alle-09.49.35.png\",\"contentUrl\":\"https:\\\/\\\/www.accuratereviews.com\\\/wp-content\\\/uploads\\\/2023\\\/02\\\/Screenshot-2023-02-07-alle-09.49.35.png\",\"width\":1288,\"height\":468},{\"@type\":\"BreadcrumbList\",\"@id\":\"https:\\\/\\\/www.accuratereviews.com\\\/it\\\/video-editing-lista-software\\\/grabyo-recensione\\\/#breadcrumb\",\"itemListElement\":[{\"@type\":\"ListItem\",\"position\":1,\"name\":\"Home\",\"item\":\"https:\\\/\\\/www.accuratereviews.com\\\/it\\\/\"},{\"@type\":\"ListItem\",\"position\":2,\"name\":\"Software per il video editing\",\"item\":\"https:\\\/\\\/www.accuratereviews.com\\\/it\\\/video-editing-lista-software\\\/\"},{\"@type\":\"ListItem\",\"position\":3,\"name\":\"Grabyo\"}]},{\"@type\":\"WebSite\",\"@id\":\"https:\\\/\\\/www.accuratereviews.com\\\/it\\\/#website\",\"url\":\"https:\\\/\\\/www.accuratereviews.com\\\/it\\\/\",\"name\":\"Accurate Reviews\",\"description\":\"\",\"potentialAction\":[{\"@type\":\"SearchAction\",\"target\":{\"@type\":\"EntryPoint\",\"urlTemplate\":\"https:\\\/\\\/www.accuratereviews.com\\\/it\\\/?s={search_term_string}\"},\"query-input\":{\"@type\":\"PropertyValueSpecification\",\"valueRequired\":true,\"valueName\":\"search_term_string\"}}],\"inLanguage\":\"it-IT\"}]}<\/script>\n<!-- \/ Yoast SEO plugin. -->","yoast_head_json":{"title":"Grabyo: recensione software video editing - Accurate Reviews","description":"Grabyo: recensione piattaforma video cloud-native leader del settore per la produzione, l'editing e la distribuzione di video live.","robots":{"index":"index","follow":"follow","max-snippet":"max-snippet:-1","max-image-preview":"max-image-preview:large","max-video-preview":"max-video-preview:-1"},"canonical":"https:\/\/www.accuratereviews.com\/it\/video-editing-lista-software\/grabyo-recensione\/","og_locale":"it_IT","og_type":"article","og_title":"Grabyo: recensione software video editing - Accurate Reviews","og_description":"Grabyo: recensione piattaforma video cloud-native leader del settore per la produzione, l'editing e la distribuzione di video live.","og_url":"https:\/\/www.accuratereviews.com\/it\/video-editing-lista-software\/grabyo-recensione\/","og_site_name":"Accurate Reviews","og_image":[{"width":1288,"height":468,"url":"https:\/\/www.accuratereviews.com\/wp-content\/uploads\/2023\/02\/Screenshot-2023-02-07-alle-09.49.35.png","type":"image\/png"}],"twitter_card":"summary_large_image","twitter_misc":{"Tempo di lettura stimato":"3 minuti"},"schema":{"@context":"https:\/\/schema.org","@graph":[{"@type":"WebPage","@id":"https:\/\/www.accuratereviews.com\/it\/video-editing-lista-software\/grabyo-recensione\/","url":"https:\/\/www.accuratereviews.com\/it\/video-editing-lista-software\/grabyo-recensione\/","name":"Grabyo: recensione software video editing - Accurate Reviews","isPartOf":{"@id":"https:\/\/www.accuratereviews.com\/it\/#website"},"primaryImageOfPage":{"@id":"https:\/\/www.accuratereviews.com\/it\/video-editing-lista-software\/grabyo-recensione\/#primaryimage"},"image":{"@id":"https:\/\/www.accuratereviews.com\/it\/video-editing-lista-software\/grabyo-recensione\/#primaryimage"},"thumbnailUrl":"https:\/\/www.accuratereviews.com\/wp-content\/uploads\/2023\/02\/Screenshot-2023-02-07-alle-09.49.35.png","datePublished":"2023-02-07T13:55:07+00:00","description":"Grabyo: recensione piattaforma video cloud-native leader del settore per la produzione, l'editing e la distribuzione di video live.","breadcrumb":{"@id":"https:\/\/www.accuratereviews.com\/it\/video-editing-lista-software\/grabyo-recensione\/#breadcrumb"},"inLanguage":"it-IT","potentialAction":[{"@type":"ReadAction","target":["https:\/\/www.accuratereviews.com\/it\/video-editing-lista-software\/grabyo-recensione\/"]}]},{"@type":"ImageObject","inLanguage":"it-IT","@id":"https:\/\/www.accuratereviews.com\/it\/video-editing-lista-software\/grabyo-recensione\/#primaryimage","url":"https:\/\/www.accuratereviews.com\/wp-content\/uploads\/2023\/02\/Screenshot-2023-02-07-alle-09.49.35.png","contentUrl":"https:\/\/www.accuratereviews.com\/wp-content\/uploads\/2023\/02\/Screenshot-2023-02-07-alle-09.49.35.png","width":1288,"height":468},{"@type":"BreadcrumbList","@id":"https:\/\/www.accuratereviews.com\/it\/video-editing-lista-software\/grabyo-recensione\/#breadcrumb","itemListElement":[{"@type":"ListItem","position":1,"name":"Home","item":"https:\/\/www.accuratereviews.com\/it\/"},{"@type":"ListItem","position":2,"name":"Software per il video editing","item":"https:\/\/www.accuratereviews.com\/it\/video-editing-lista-software\/"},{"@type":"ListItem","position":3,"name":"Grabyo"}]},{"@type":"WebSite","@id":"https:\/\/www.accuratereviews.com\/it\/#website","url":"https:\/\/www.accuratereviews.com\/it\/","name":"Accurate Reviews","description":"","potentialAction":[{"@type":"SearchAction","target":{"@type":"EntryPoint","urlTemplate":"https:\/\/www.accuratereviews.com\/it\/?s={search_term_string}"},"query-input":{"@type":"PropertyValueSpecification","valueRequired":true,"valueName":"search_term_string"}}],"inLanguage":"it-IT"}]}},"_links":{"self":[{"href":"https:\/\/www.accuratereviews.com\/it\/wp-json\/wp\/v2\/pages\/67021","targetHints":{"allow":["GET"]}}],"collection":[{"href":"https:\/\/www.accuratereviews.com\/it\/wp-json\/wp\/v2\/pages"}],"about":[{"href":"https:\/\/www.accuratereviews.com\/it\/wp-json\/wp\/v2\/types\/page"}],"author":[{"embeddable":true,"href":"https:\/\/www.accuratereviews.com\/it\/wp-json\/wp\/v2\/users\/19"}],"replies":[{"embeddable":true,"href":"https:\/\/www.accuratereviews.com\/it\/wp-json\/wp\/v2\/comments?post=67021"}],"version-history":[{"count":7,"href":"https:\/\/www.accuratereviews.com\/it\/wp-json\/wp\/v2\/pages\/67021\/revisions"}],"predecessor-version":[{"id":67051,"href":"https:\/\/www.accuratereviews.com\/it\/wp-json\/wp\/v2\/pages\/67021\/revisions\/67051"}],"up":[{"embeddable":true,"href":"https:\/\/www.accuratereviews.com\/it\/wp-json\/wp\/v2\/pages\/7571"}],"wp:featuredmedia":[{"embeddable":true,"href":"https:\/\/www.accuratereviews.com\/it\/wp-json\/wp\/v2\/media\/67031"}],"wp:attachment":[{"href":"https:\/\/www.accuratereviews.com\/it\/wp-json\/wp\/v2\/media?parent=67021"}],"wp:term":[{"taxonomy":"category","embeddable":true,"href":"https:\/\/www.accuratereviews.com\/it\/wp-json\/wp\/v2\/categories?post=67021"},{"taxonomy":"post_tag","embeddable":true,"href":"https:\/\/www.accuratereviews.com\/it\/wp-json\/wp\/v2\/tags?post=67021"},{"taxonomy":"features","embeddable":true,"href":"https:\/\/www.accuratereviews.com\/it\/wp-json\/wp\/v2\/features?post=67021"}],"curies":[{"name":"wp","href":"https:\/\/api.w.org\/{rel}","templated":true}]}}