{"id":67028,"date":"2023-02-07T13:48:39","date_gmt":"2023-02-07T13:48:39","guid":{"rendered":"https:\/\/www.accuratereviews.com\/?page_id=67028"},"modified":"2023-02-09T07:25:24","modified_gmt":"2023-02-09T07:25:24","slug":"cdk-elead-recensione","status":"publish","type":"page","link":"https:\/\/www.accuratereviews.com\/it\/crm-software-migliori-lista\/cdk-elead-recensione\/","title":{"rendered":"CDK Elead"},"content":{"rendered":"<p class=\"h5 fw-bold mb-2\"><strong>CDK Elead<\/strong>\u00a0\u00e8 un <strong>software CRM<\/strong>\u00a0per il settore automobilistico che ti permette di ottimizzare le operazioni, generare pi\u00f9 contatti e gestirli in modo efficace, aumentare la fidelizzazione dei clienti e, di conseguenza, aumentare la tua redditivit\u00e0. CDK Global \u00e8 un fornitore leader di tecnologie per la vendita al dettaglio e di soluzioni software as a service (SaaS) che supportano i concessionari e le case automobilistiche nella gestione della loro attivit\u00e0.<br \/>\n<strong>CDK Elead\u00a0<\/strong>ha come obiettivo quello di instaurare relazioni pi\u00f9 forti con i clienti, puntando quindi a conversazioni pi\u00f9 produttive che li mettano sempre al primo posto.<\/p>\n<h2>CDK ELEAD &#8211; TUTORIAL<\/h2>\n<div id=\"fluid-wrapper-counter-1\" class=\"g1-fluid-wrapper \" style=\"width:686px;\">\n<div style=\"padding-bottom:56.268221574344%;\"><iframe loading=\"lazy\" title=\"CDK Elead CRM Product Video\" width=\"686\" height=\"386\" src=\"https:\/\/www.youtube.com\/embed\/awnBGVfs0hk?feature=oembed&amp;wmode=transparent&amp;autohide=1&amp;autoplay=0&amp;disablekb=0&amp;fs=1&amp;loop=0&amp;enablejsapi=1&amp;rel=0&amp;controls=2&amp;showinfo=0&amp;wmode=transparent&amp;autohide=2&amp;autoplay=0&amp;disablekb=0&amp;fs=1&amp;loop=0&amp;enablejsapi=1&amp;rel=0&amp;controls=2&amp;showinfo=1\" frameborder=\"0\" allow=\"accelerometer; autoplay; clipboard-write; encrypted-media; gyroscope; picture-in-picture; web-share\" allowfullscreen><\/iframe><\/div>\n<\/div>\n<h3>CDK ELEAD &#8211; CARATTERISTICHE<\/h3>\n<ul>\n<li><strong>Data Mining<\/strong>: quando si coinvolgono i clienti in una posizione di acquisto con una comunicazione strategica one-to-one, \u00e8 possibile aumentare le opportunit\u00e0 di vendita, convertire pi\u00f9 velocemente i lead e generare maggiori profitti lordi.<\/li>\n<li><strong>Software di desking per il settore automobilistico<\/strong>: il desking delle trattative \u00e8 stato storicamente un processo dolorosamente lento, ma \u00e8 possibile accelerarlo con questo software che fornisce integrazioni e un flusso di lavoro efficiente.<\/li>\n<li><strong>Gestione dell&#8217;inventario<\/strong>: questo strumento semplifica la visualizzazione, la ricerca e la gestione dell&#8217;inventario in modo da poter vendere pi\u00f9 auto.<\/li>\n<li><strong>Gestione dei lead su Internet<\/strong>: offre un processo efficiente e automatizzato per tracciare, assegnare, gestire e rispondere ai lead su Internet.<\/li>\n<li><strong>Suite CRM<\/strong>: consente di acquisire e gestire i contatti in modo pi\u00f9 efficace, offrendo al contempo un&#8217;esperienza cliente perfettamente integrata.<\/li>\n<li><strong>Suite Marketing<\/strong>: esegue campagne di marketing con automazione e trigger che semplificano la comunicazione.<\/li>\n<li><strong>Suite per l&#8217;assistenza automobilistica<\/strong>: gestisce in modo pi\u00f9 efficiente il tuo servizio di assistenza per aumentare il tasso di assorbimento e il ROI.<\/li>\n<\/ul>\n<h4>LE RECENSIONI DEGLI UTENTI<\/h4>\n<p><strong>Justin F. &#8220;Sistema molto semplice e fluido&#8221;<\/strong><br \/>\nCommenti: A+ Greg \u00e8 stato un&#8217;aggiunta al nostro team. Il CRM nel suo complesso ci ha aiutato a velocizzare il nostro processo, a rendere le cose chiare e l&#8217;ampia quantit\u00e0 di report ci permette di monitorare, controllare e regolare tutto.<br \/>\nPro: Amiamo eLead. \u00c8 molto facile da usare per chi \u00e8 alle prime armi, ma se si vuole passare al livello successivo \u00e8 possibile farlo. Ci considererei un power user&#8230;. dal nostro front-end al back-end usiamo il sistema, mettiamo i puntini sulle &#8220;i&#8221; ecc&#8230; Il nostro Account Manager \u00e8 facilmente il migliore del settore.<br \/>\nContro: Un sacco di piccole interruzioni, cose che non si sincronizzano ecc&#8230;<\/p>\n<p><strong>Mark D. &#8220;Un grande miglioramento rispetto a CDK CRM&#8221;.<\/strong><br \/>\nPro: ELEAD CRM si integra molto bene con CDK DMS. Dispone di funzioni utili come i modelli completamente personalizzabili, Google Maps e la ricerca inversa dei numeri di telefono.<br \/>\nContro: L&#8217;integrazione tra vendite e assistenza pu\u00f2 essere migliorata. Forse una notifica che indica che un cliente si trova nel reparto assistenza in un determinato giorno. Forse si pu\u00f2 migliorare la ricerca dei RO dell&#8217;assistenza.<\/p>\n<p><strong>Katie R. &#8220;Facile da usare, manca il supporto&#8221;.<\/strong><br \/>\nCommenti: Nel complesso, i servizi di eLead ci hanno aiutato a semplificare la gestione e la reportistica dei clienti.<br \/>\nPro: Mi piace che sia facile da usare e piuttosto semplice nel design e nel layout. Non \u00e8 necessario indovinare dove si trovano le cose, la navigazione \u00e8 intuitiva.<br \/>\nContro: il problema pi\u00f9 grande che ho avuto con eLead \u00e8 la mancanza di supporto. Mi sembra che la situazione stia migliorando, ma molte email inviate alla direzione tendono a passare inosservate, o almeno a non ricevere risposta.<\/p>\n","protected":false},"excerpt":{"rendered":"<p>CDK Elead\u00a0\u00e8 un software CRM\u00a0per il settore automobilistico che ti permette di ottimizzare le operazioni, generare pi\u00f9 contatti e gestirli in modo efficace, aumentare la fidelizzazione dei clienti e, di conseguenza, aumentare la tua redditivit\u00e0. CDK Global \u00e8 un fornitore leader di tecnologie per la vendita al dettaglio e di soluzioni software as a service (SaaS) che supportano i concessionari e le case automobilistiche nella gestione della loro attivit\u00e0.<\/p>\n","protected":false},"author":17,"featured_media":67038,"parent":5966,"menu_order":0,"comment_status":"open","ping_status":"closed","template":"g1_template_page_review_new.php","meta":{"_acf_changed":false,"cwp_meta_box_check":"No","cwp_rev_product_name":"","cwp_rev_product_image":"","wppr_links":[],"cwp_rev_price":"","wppr_options":[],"wppr_pros":[],"wppr_cons":[],"_monsterinsights_skip_tracking":false,"_monsterinsights_sitenote_active":false,"_monsterinsights_sitenote_note":"","_monsterinsights_sitenote_category":0,"footnotes":""},"categories":[120],"tags":[14095,1835,10875,10874,10765,1837],"features":[],"class_list":{"0":"post-67028","1":"page","2":"type-page","3":"status-publish","4":"has-post-thumbnail","6":"category-crm-it","7":"tag-app-crm","8":"tag-crm-2-it","9":"tag-crm-piattaforma","10":"tag-crm-programma","11":"tag-crm-soluzione","12":"tag-software-crm-2-it"},"wppr_data":{"cwp_meta_box_check":"No"},"acf":[],"yoast_head":"<!-- This site is optimized with the Yoast SEO plugin v27.4 - https:\/\/yoast.com\/product\/yoast-seo-wordpress\/ -->\n<title>CDK Elead: recensione software CRM - Accurate Reviews<\/title>\n<meta name=\"description\" content=\"CDK Elead: recensione del software CRM\u00a0per il settore automobilistico che ti permette di ottimizzare tutte le operazioni.\" \/>\n<meta name=\"robots\" content=\"index, follow, max-snippet:-1, max-image-preview:large, max-video-preview:-1\" \/>\n<link rel=\"canonical\" href=\"https:\/\/www.accuratereviews.com\/it\/crm-software-migliori-lista\/cdk-elead-recensione\/\" \/>\n<meta property=\"og:locale\" content=\"it_IT\" \/>\n<meta property=\"og:type\" content=\"article\" \/>\n<meta property=\"og:title\" content=\"CDK Elead: recensione software CRM - Accurate Reviews\" \/>\n<meta property=\"og:description\" content=\"CDK Elead: recensione del software CRM\u00a0per il settore automobilistico che ti permette di ottimizzare tutte le operazioni.\" \/>\n<meta property=\"og:url\" content=\"https:\/\/www.accuratereviews.com\/it\/crm-software-migliori-lista\/cdk-elead-recensione\/\" \/>\n<meta property=\"og:site_name\" content=\"Accurate Reviews\" \/>\n<meta property=\"article:modified_time\" content=\"2023-02-09T07:25:24+00:00\" \/>\n<meta property=\"og:image\" content=\"https:\/\/www.accuratereviews.com\/wp-content\/uploads\/2023\/02\/b28b06c0-1ab8-4152-9319-3787dc7a2195.png.webp\" \/>\n\t<meta property=\"og:image:width\" content=\"2017\" \/>\n\t<meta property=\"og:image:height\" content=\"2385\" \/>\n\t<meta property=\"og:image:type\" content=\"image\/webp\" \/>\n<meta name=\"twitter:card\" content=\"summary_large_image\" \/>\n<meta name=\"twitter:label1\" content=\"Tempo di lettura stimato\" \/>\n\t<meta name=\"twitter:data1\" content=\"3 minuti\" \/>\n<script type=\"application\/ld+json\" class=\"yoast-schema-graph\">{\"@context\":\"https:\\\/\\\/schema.org\",\"@graph\":[{\"@type\":\"WebPage\",\"@id\":\"https:\\\/\\\/www.accuratereviews.com\\\/it\\\/crm-software-migliori-lista\\\/cdk-elead-recensione\\\/\",\"url\":\"https:\\\/\\\/www.accuratereviews.com\\\/it\\\/crm-software-migliori-lista\\\/cdk-elead-recensione\\\/\",\"name\":\"CDK Elead: recensione software CRM - Accurate Reviews\",\"isPartOf\":{\"@id\":\"https:\\\/\\\/www.accuratereviews.com\\\/it\\\/#website\"},\"primaryImageOfPage\":{\"@id\":\"https:\\\/\\\/www.accuratereviews.com\\\/it\\\/crm-software-migliori-lista\\\/cdk-elead-recensione\\\/#primaryimage\"},\"image\":{\"@id\":\"https:\\\/\\\/www.accuratereviews.com\\\/it\\\/crm-software-migliori-lista\\\/cdk-elead-recensione\\\/#primaryimage\"},\"thumbnailUrl\":\"https:\\\/\\\/www.accuratereviews.com\\\/wp-content\\\/uploads\\\/2023\\\/02\\\/b28b06c0-1ab8-4152-9319-3787dc7a2195.png.webp\",\"datePublished\":\"2023-02-07T13:48:39+00:00\",\"dateModified\":\"2023-02-09T07:25:24+00:00\",\"description\":\"CDK Elead: recensione del software CRM\u00a0per il settore automobilistico che ti permette di ottimizzare tutte le operazioni.\",\"breadcrumb\":{\"@id\":\"https:\\\/\\\/www.accuratereviews.com\\\/it\\\/crm-software-migliori-lista\\\/cdk-elead-recensione\\\/#breadcrumb\"},\"inLanguage\":\"it-IT\",\"potentialAction\":[{\"@type\":\"ReadAction\",\"target\":[\"https:\\\/\\\/www.accuratereviews.com\\\/it\\\/crm-software-migliori-lista\\\/cdk-elead-recensione\\\/\"]}]},{\"@type\":\"ImageObject\",\"inLanguage\":\"it-IT\",\"@id\":\"https:\\\/\\\/www.accuratereviews.com\\\/it\\\/crm-software-migliori-lista\\\/cdk-elead-recensione\\\/#primaryimage\",\"url\":\"https:\\\/\\\/www.accuratereviews.com\\\/wp-content\\\/uploads\\\/2023\\\/02\\\/b28b06c0-1ab8-4152-9319-3787dc7a2195.png.webp\",\"contentUrl\":\"https:\\\/\\\/www.accuratereviews.com\\\/wp-content\\\/uploads\\\/2023\\\/02\\\/b28b06c0-1ab8-4152-9319-3787dc7a2195.png.webp\",\"width\":2017,\"height\":2385},{\"@type\":\"BreadcrumbList\",\"@id\":\"https:\\\/\\\/www.accuratereviews.com\\\/it\\\/crm-software-migliori-lista\\\/cdk-elead-recensione\\\/#breadcrumb\",\"itemListElement\":[{\"@type\":\"ListItem\",\"position\":1,\"name\":\"Home\",\"item\":\"https:\\\/\\\/www.accuratereviews.com\\\/it\\\/\"},{\"@type\":\"ListItem\",\"position\":2,\"name\":\"CRM: i software migliori\",\"item\":\"https:\\\/\\\/www.accuratereviews.com\\\/it\\\/crm-software-migliori-lista\\\/\"},{\"@type\":\"ListItem\",\"position\":3,\"name\":\"CDK Elead\"}]},{\"@type\":\"WebSite\",\"@id\":\"https:\\\/\\\/www.accuratereviews.com\\\/it\\\/#website\",\"url\":\"https:\\\/\\\/www.accuratereviews.com\\\/it\\\/\",\"name\":\"Accurate Reviews\",\"description\":\"\",\"potentialAction\":[{\"@type\":\"SearchAction\",\"target\":{\"@type\":\"EntryPoint\",\"urlTemplate\":\"https:\\\/\\\/www.accuratereviews.com\\\/it\\\/?s={search_term_string}\"},\"query-input\":{\"@type\":\"PropertyValueSpecification\",\"valueRequired\":true,\"valueName\":\"search_term_string\"}}],\"inLanguage\":\"it-IT\"}]}<\/script>\n<!-- \/ Yoast SEO plugin. -->","yoast_head_json":{"title":"CDK Elead: recensione software CRM - Accurate Reviews","description":"CDK Elead: recensione del software CRM\u00a0per il settore automobilistico che ti permette di ottimizzare tutte le operazioni.","robots":{"index":"index","follow":"follow","max-snippet":"max-snippet:-1","max-image-preview":"max-image-preview:large","max-video-preview":"max-video-preview:-1"},"canonical":"https:\/\/www.accuratereviews.com\/it\/crm-software-migliori-lista\/cdk-elead-recensione\/","og_locale":"it_IT","og_type":"article","og_title":"CDK Elead: recensione software CRM - Accurate Reviews","og_description":"CDK Elead: recensione del software CRM\u00a0per il settore automobilistico che ti permette di ottimizzare tutte le operazioni.","og_url":"https:\/\/www.accuratereviews.com\/it\/crm-software-migliori-lista\/cdk-elead-recensione\/","og_site_name":"Accurate Reviews","article_modified_time":"2023-02-09T07:25:24+00:00","og_image":[{"width":2017,"height":2385,"url":"https:\/\/www.accuratereviews.com\/wp-content\/uploads\/2023\/02\/b28b06c0-1ab8-4152-9319-3787dc7a2195.png.webp","type":"image\/webp"}],"twitter_card":"summary_large_image","twitter_misc":{"Tempo di lettura stimato":"3 minuti"},"schema":{"@context":"https:\/\/schema.org","@graph":[{"@type":"WebPage","@id":"https:\/\/www.accuratereviews.com\/it\/crm-software-migliori-lista\/cdk-elead-recensione\/","url":"https:\/\/www.accuratereviews.com\/it\/crm-software-migliori-lista\/cdk-elead-recensione\/","name":"CDK Elead: recensione software CRM - Accurate Reviews","isPartOf":{"@id":"https:\/\/www.accuratereviews.com\/it\/#website"},"primaryImageOfPage":{"@id":"https:\/\/www.accuratereviews.com\/it\/crm-software-migliori-lista\/cdk-elead-recensione\/#primaryimage"},"image":{"@id":"https:\/\/www.accuratereviews.com\/it\/crm-software-migliori-lista\/cdk-elead-recensione\/#primaryimage"},"thumbnailUrl":"https:\/\/www.accuratereviews.com\/wp-content\/uploads\/2023\/02\/b28b06c0-1ab8-4152-9319-3787dc7a2195.png.webp","datePublished":"2023-02-07T13:48:39+00:00","dateModified":"2023-02-09T07:25:24+00:00","description":"CDK Elead: recensione del software CRM\u00a0per il settore automobilistico che ti permette di ottimizzare tutte le operazioni.","breadcrumb":{"@id":"https:\/\/www.accuratereviews.com\/it\/crm-software-migliori-lista\/cdk-elead-recensione\/#breadcrumb"},"inLanguage":"it-IT","potentialAction":[{"@type":"ReadAction","target":["https:\/\/www.accuratereviews.com\/it\/crm-software-migliori-lista\/cdk-elead-recensione\/"]}]},{"@type":"ImageObject","inLanguage":"it-IT","@id":"https:\/\/www.accuratereviews.com\/it\/crm-software-migliori-lista\/cdk-elead-recensione\/#primaryimage","url":"https:\/\/www.accuratereviews.com\/wp-content\/uploads\/2023\/02\/b28b06c0-1ab8-4152-9319-3787dc7a2195.png.webp","contentUrl":"https:\/\/www.accuratereviews.com\/wp-content\/uploads\/2023\/02\/b28b06c0-1ab8-4152-9319-3787dc7a2195.png.webp","width":2017,"height":2385},{"@type":"BreadcrumbList","@id":"https:\/\/www.accuratereviews.com\/it\/crm-software-migliori-lista\/cdk-elead-recensione\/#breadcrumb","itemListElement":[{"@type":"ListItem","position":1,"name":"Home","item":"https:\/\/www.accuratereviews.com\/it\/"},{"@type":"ListItem","position":2,"name":"CRM: i software migliori","item":"https:\/\/www.accuratereviews.com\/it\/crm-software-migliori-lista\/"},{"@type":"ListItem","position":3,"name":"CDK Elead"}]},{"@type":"WebSite","@id":"https:\/\/www.accuratereviews.com\/it\/#website","url":"https:\/\/www.accuratereviews.com\/it\/","name":"Accurate Reviews","description":"","potentialAction":[{"@type":"SearchAction","target":{"@type":"EntryPoint","urlTemplate":"https:\/\/www.accuratereviews.com\/it\/?s={search_term_string}"},"query-input":{"@type":"PropertyValueSpecification","valueRequired":true,"valueName":"search_term_string"}}],"inLanguage":"it-IT"}]}},"_links":{"self":[{"href":"https:\/\/www.accuratereviews.com\/it\/wp-json\/wp\/v2\/pages\/67028","targetHints":{"allow":["GET"]}}],"collection":[{"href":"https:\/\/www.accuratereviews.com\/it\/wp-json\/wp\/v2\/pages"}],"about":[{"href":"https:\/\/www.accuratereviews.com\/it\/wp-json\/wp\/v2\/types\/page"}],"author":[{"embeddable":true,"href":"https:\/\/www.accuratereviews.com\/it\/wp-json\/wp\/v2\/users\/17"}],"replies":[{"embeddable":true,"href":"https:\/\/www.accuratereviews.com\/it\/wp-json\/wp\/v2\/comments?post=67028"}],"version-history":[{"count":4,"href":"https:\/\/www.accuratereviews.com\/it\/wp-json\/wp\/v2\/pages\/67028\/revisions"}],"predecessor-version":[{"id":67049,"href":"https:\/\/www.accuratereviews.com\/it\/wp-json\/wp\/v2\/pages\/67028\/revisions\/67049"}],"up":[{"embeddable":true,"href":"https:\/\/www.accuratereviews.com\/it\/wp-json\/wp\/v2\/pages\/5966"}],"wp:featuredmedia":[{"embeddable":true,"href":"https:\/\/www.accuratereviews.com\/it\/wp-json\/wp\/v2\/media\/67038"}],"wp:attachment":[{"href":"https:\/\/www.accuratereviews.com\/it\/wp-json\/wp\/v2\/media?parent=67028"}],"wp:term":[{"taxonomy":"category","embeddable":true,"href":"https:\/\/www.accuratereviews.com\/it\/wp-json\/wp\/v2\/categories?post=67028"},{"taxonomy":"post_tag","embeddable":true,"href":"https:\/\/www.accuratereviews.com\/it\/wp-json\/wp\/v2\/tags?post=67028"},{"taxonomy":"features","embeddable":true,"href":"https:\/\/www.accuratereviews.com\/it\/wp-json\/wp\/v2\/features?post=67028"}],"curies":[{"name":"wp","href":"https:\/\/api.w.org\/{rel}","templated":true}]}}