{"id":67058,"date":"2023-02-08T15:51:37","date_gmt":"2023-02-08T15:51:37","guid":{"rendered":"https:\/\/www.accuratereviews.com\/?page_id=67058"},"modified":"2023-02-08T15:51:37","modified_gmt":"2023-02-08T15:51:37","slug":"nuke-recensione","status":"publish","type":"page","link":"https:\/\/www.accuratereviews.com\/it\/video-editing-lista-software\/nuke-recensione\/","title":{"rendered":"Nuke"},"content":{"rendered":"<p><strong>Nuke<\/strong> \u00e8 una suite di strumenti per l&#8217;<strong>editing video<\/strong>, che aiuta a gestire e creare contenuti video tra cui film, cortometraggi o serie utilizzando il tracciamento 3D, l&#8217;accelerazione dell&#8217;unit\u00e0 di elaborazione grafica (GPU) e la creazione di modelli. I manager possono editare, modificare o animare il testo, trasformare le immagini in base a parametri definiti e cambiare le propriet\u00e0 del colore, come tonalit\u00e0, saturazione, contrasto e bilanciamento.\u00a0Utilizzando <strong>Nuke<\/strong>, le aziende possono creare video a 360\u00b0, aggiungere, rimuovere o regolare la distorsione dell&#8217;obiettivo nelle sequenze di immagini e creare scene video tra cui filmati 2D, mesh, luci e telecamere.<br \/>\nIl software supporta anche pi\u00f9 flussi di immagini, lettura, scrittura, fotocamera raw o formati di file, inclusi DPX, EXR, MXF, JPEG, Alembic, PBX, OBJ e ARRIRAW.\u00a0Offre anche funzionalit\u00e0 di riproduzione in tempo reale, consentendo ai manager di rivedere clip audio, tracce, versioni e sequenze.<\/p>\n<h2>NUKE &#8211; TUTORIAL<\/h2>\n<div id=\"fluid-wrapper-counter-1\" class=\"g1-fluid-wrapper \" style=\"width:686px;\">\n<div style=\"padding-bottom:56.268221574344%;\"><iframe loading=\"lazy\" title=\"Nuke 14.0 | Overview\" width=\"686\" height=\"386\" src=\"https:\/\/www.youtube.com\/embed\/77Wh7ekKx3E?feature=oembed&amp;wmode=transparent&amp;autohide=1&amp;autoplay=0&amp;disablekb=0&amp;fs=1&amp;loop=0&amp;enablejsapi=1&amp;rel=0&amp;controls=2&amp;showinfo=0&amp;wmode=transparent&amp;autohide=2&amp;autoplay=0&amp;disablekb=0&amp;fs=1&amp;loop=0&amp;enablejsapi=1&amp;rel=0&amp;controls=2&amp;showinfo=1\" frameborder=\"0\" allow=\"accelerometer; autoplay; clipboard-write; encrypted-media; gyroscope; picture-in-picture; web-share\" allowfullscreen><\/iframe><\/div>\n<\/div>\n<h3>NUKE &#8211; CARATTERISTICHE<\/h3>\n<ul>\n<li>Una vasta gamma di strumenti flessibili disponibili a portata di mano<\/li>\n<li>Semplifica la pipeline e affronta progetti complessi con facilit\u00e0<\/li>\n<li>Il software soddisfa le esigenze del lavoro di produzione moderno con il supporto per i formati di file standard del settore<\/li>\n<li>Maggiore efficienza nel compositing con un solido flusso di lavoro multicanale<\/li>\n<li>Affronta progetti su larga scala grazie al grafico dei nodi di Nuke e all&#8217;elaborazione indipendente dalla risoluzione<\/li>\n<li>Lavora velocemente con i toolkit all&#8217;avanguardia e i flussi di lavoro fluidi<\/li>\n<li>Riutilizza gli strumenti grazie a funzionalit\u00e0 come Gizmos, Toolset e Presets<\/li>\n<li>Condividi facilmente gli script Nuke e parallelizza il lavoro utilizzando LiveGroups, potenziando la collaborazione sia che tu sia seduto vicino al tuo collega o dall&#8217;altra parte del mondo<\/li>\n<li>Aperto e personalizzabile offre una pipeline flessibile che si adatta alle tue esigenze\u00f9<\/li>\n<li>Sperimenta l&#8217;integrazione completa della pipeline, automatizza le attivit\u00e0 e le procedure comuni con la robusta API Python e Pyside di Nuke<\/li>\n<\/ul>\n<h4>LE RECENSIONE DEGLI UTENTI<\/h4>\n<p><strong>Angelo &#8220;Il software professionale pi\u00f9 utilizzato al cinema per il compositing&#8221;<\/strong><br \/>\n<strong>Commenti<\/strong>: E&#8217; un prodotto utilizzato dalla maggior parte dei professionisti nel campo degli effetti speciali per il cinema e televisione. La qualit\u00e0 dei vostri composit non pu\u00f2 che essere impeccabile se lo sapete usare. Decisamente consigliato.<br \/>\n<strong>Pro<\/strong>: La funzionalit\u00e0 a nodi, differente da After Effects, le licenze vantaggiose sia per chi vuole solo provarlo e chi lo deve usare in modo professionale.<br \/>\n<strong>Contro<\/strong>: L&#8217;utilizzo dei nodi non \u00e8 semplice e la curva di apprendimento \u00e8 ripida, per\u00f2 una volta che si impara ad usarli si pu\u00f2 esprimere al massimo la creativit\u00e0 e le potenzialit\u00e0 del software.<\/p>\n<p><strong>Micalen &#8220;Nuke: un potente software VFX.&#8221;<\/strong><br \/>\n<strong>Commenti<\/strong>: Nuke \u00e8 uno strumento potente che utilizzo principalmente per FVX. Ha un buon sistema di illuminazione e ombre ma non \u00e8 il massimo. Il suo sistema di particelle \u00e8 davvero eccezionale. Il software richiede del tempo per imparare, ma ne vale la pena per tutte le funzionalit\u00e0 che offre. Lo consiglierei a chi desidera un potente software 3D e pu\u00f2 permetterselo.<br \/>\n<strong>Pro<\/strong>: Nuke ha molte funzionalit\u00e0 da offrire che lo rendono un ottimo strumento per la modellazione FVX e 3D. Ha anche un buon sistema di luci e ombre per creare scene realistiche che adoro. Il sistema particellare \u00e8 potente e offre molti modi per cambiarli e manipolarli. Mi piace usare il suo potente motore fisico per creare animazioni realistiche.<br \/>\n<strong>Contro<\/strong>: Nuke \u00e8 principalmente basato su Node e questo pu\u00f2 essere davvero fonte di confusione con cui lavorare all&#8217;inizio. Il software ha molte cose da fare, quindi non \u00e8 il pi\u00f9 intuitivo e dovrai impararlo, ma ne vale la pena per tutte le funzionalit\u00e0. Nuke si \u00e8 schiantato su di me un paio di volte ma si \u00e8 ripreso. Il software \u00e8 a pagamento e pu\u00f2 essere un po&#8217; costoso.<\/p>\n<p><strong>John &#8220;Strumento essenziale per la composizione in effetti visivi\/animazione&#8221;<\/strong><br \/>\n<strong>Commenti<\/strong>: Nuke ha contribuito a far progredire il processo di post-produzione delle aziende rispetto ai prodotti Adobe. \u00c8 stata una lotta per andare avanti, ma gli artisti stanno vedendo il grande impatto che ha sul business.<br \/>\n<strong>Pro<\/strong>: Il flusso di lavoro basato sui nodi di Nuke aiuta davvero a capire cosa stiamo facendo alle sequenze di immagini che creiamo dai nostri team VFX\/Animation. \u00c8 un grande<br \/>\n<strong>Contro<\/strong>: Gli strumenti di tracciamento sono pi\u00f9 difficili da usare rispetto ad altri software. Ci piacerebbe abbandonare gli altri nostri strumenti di tracciamento della produzione e rimanere su Nuke, ma al momento non possiamo. L&#8217;altro svantaggio che abbiamo con questo strumento \u00e8 il costo e il costo del token di rendering.<\/p>\n","protected":false},"excerpt":{"rendered":"<p>Nuke \u00e8 una suite di strumenti per l&#8217;editing video, che aiuta a gestire e creare contenuti video tra cui film, cortometraggi o serie utilizzando il tracciamento 3D, l&#8217;accelerazione dell&#8217;unit\u00e0 di elaborazione grafica (GPU) e la creazione di modelli. I manager possono editare, modificare o animare il testo, trasformare o modificare le immagini in base a parametri definiti e cambiare le propriet\u00e0 del colore, come tonalit\u00e0, saturazione, contrasto e bilanciamento.\u00a0<\/p>\n","protected":false},"author":19,"featured_media":67059,"parent":7571,"menu_order":0,"comment_status":"open","ping_status":"closed","template":"g1_template_page_review_new.php","meta":{"_acf_changed":false,"cwp_meta_box_check":"Yes","cwp_rev_product_name":"","cwp_rev_product_image":"","wppr_links":[],"cwp_rev_price":"0.00","wppr_options":[{"name":"Usability","value":"0"},{"name":"Speed","value":"0"},{"name":"Features","value":"0"},{"name":"Support","value":"0"},{"name":"Pricing","value":"0"}],"wppr_pros":["","","","",""],"wppr_cons":["","","","",""],"_monsterinsights_skip_tracking":false,"_monsterinsights_sitenote_active":false,"_monsterinsights_sitenote_note":"","_monsterinsights_sitenote_category":0,"footnotes":""},"categories":[169],"tags":[14102,3342,1244,228,1273,831],"features":[],"class_list":{"0":"post-67058","1":"page","2":"type-page","3":"status-publish","4":"has-post-thumbnail","6":"category-video-editing-software-it","7":"tag-nuke","8":"tag-piattaforma-video-editing","9":"tag-programma-video-editing","10":"tag-software-video-editing","11":"tag-soluzione-video-editing","12":"tag-video-editing-2-it"},"wppr_data":{"cwp_meta_box_check":"Yes","_wppr_review_template":"default","cwp_rev_product_image":"","cwp_image_link":"image","wppr_links":[],"cwp_rev_price":"0.00","wppr_pros":["","","","",""],"wppr_cons":["","","","",""],"wppr_rating":"0.00","wppr_options":{"1":{"name":"Usability","value":"0"},"2":{"name":"Speed","value":"0"},"3":{"name":"Features","value":"0"},"4":{"name":"Support","value":"0"},"5":{"name":"Pricing","value":"0"}},"wppr_review_type":"Product","wppr_review_custom_fields":{"additionalProperty":"","additionalType":"","aggregateRating":"","alternateName":"","audience":"","award":"","awards":"","brand":"","color":"","depth":"","description":"","disambiguatingDescription":"","gtin12":"","gtin13":"","gtin14":"","gtin8":"","height":"","identifier":"","image":"","isAccessoryOrSparePartFor":"","isConsumableFor":"","isRelatedTo":"","isSimilarTo":"","itemCondition":"","logo":"","mainEntityOfPage":"","manufacturer":"","material":"","model":"","mpn":"","name":"","offers":"","potentialAction":"","productID":"","productionDate":"","purchaseDate":"","releaseDate":"","review":"","reviews":"","sameAs":"","sku":"","slogan":"","subjectOf":"","url":"","weight":"","width":""}},"acf":[],"yoast_head":"<!-- This site is optimized with the Yoast SEO plugin v27.4 - https:\/\/yoast.com\/product\/yoast-seo-wordpress\/ -->\n<title>Nuke - Accurate Reviews<\/title>\n<meta name=\"description\" content=\"Nuke: recensione suite di strumenti per l&#039;editing video, che aiuta a gestire e creare contenuti video tra cui film, cortometraggi o serie tv.\" \/>\n<meta name=\"robots\" content=\"index, follow, max-snippet:-1, max-image-preview:large, max-video-preview:-1\" \/>\n<link rel=\"canonical\" href=\"https:\/\/www.accuratereviews.com\/it\/video-editing-lista-software\/nuke-recensione\/\" \/>\n<meta property=\"og:locale\" content=\"it_IT\" \/>\n<meta property=\"og:type\" content=\"article\" \/>\n<meta property=\"og:title\" content=\"Nuke - Accurate Reviews\" \/>\n<meta property=\"og:description\" content=\"Nuke: recensione suite di strumenti per l&#039;editing video, che aiuta a gestire e creare contenuti video tra cui film, cortometraggi o serie tv.\" \/>\n<meta property=\"og:url\" content=\"https:\/\/www.accuratereviews.com\/it\/video-editing-lista-software\/nuke-recensione\/\" \/>\n<meta property=\"og:site_name\" content=\"Accurate Reviews\" \/>\n<meta property=\"og:image\" content=\"https:\/\/www.accuratereviews.com\/wp-content\/uploads\/2023\/02\/Foundry_Logo.png\" \/>\n\t<meta property=\"og:image:width\" content=\"600\" \/>\n\t<meta property=\"og:image:height\" content=\"600\" \/>\n\t<meta property=\"og:image:type\" content=\"image\/png\" \/>\n<meta name=\"twitter:card\" content=\"summary_large_image\" \/>\n<meta name=\"twitter:label1\" content=\"Tempo di lettura stimato\" \/>\n\t<meta name=\"twitter:data1\" content=\"4 minuti\" \/>\n<script type=\"application\/ld+json\" class=\"yoast-schema-graph\">{\"@context\":\"https:\\\/\\\/schema.org\",\"@graph\":[{\"@type\":\"WebPage\",\"@id\":\"https:\\\/\\\/www.accuratereviews.com\\\/it\\\/video-editing-lista-software\\\/nuke-recensione\\\/\",\"url\":\"https:\\\/\\\/www.accuratereviews.com\\\/it\\\/video-editing-lista-software\\\/nuke-recensione\\\/\",\"name\":\"Nuke - Accurate Reviews\",\"isPartOf\":{\"@id\":\"https:\\\/\\\/www.accuratereviews.com\\\/it\\\/#website\"},\"primaryImageOfPage\":{\"@id\":\"https:\\\/\\\/www.accuratereviews.com\\\/it\\\/video-editing-lista-software\\\/nuke-recensione\\\/#primaryimage\"},\"image\":{\"@id\":\"https:\\\/\\\/www.accuratereviews.com\\\/it\\\/video-editing-lista-software\\\/nuke-recensione\\\/#primaryimage\"},\"thumbnailUrl\":\"https:\\\/\\\/www.accuratereviews.com\\\/wp-content\\\/uploads\\\/2023\\\/02\\\/Foundry_Logo.png\",\"datePublished\":\"2023-02-08T15:51:37+00:00\",\"description\":\"Nuke: recensione suite di strumenti per l'editing video, che aiuta a gestire e creare contenuti video tra cui film, cortometraggi o serie tv.\",\"breadcrumb\":{\"@id\":\"https:\\\/\\\/www.accuratereviews.com\\\/it\\\/video-editing-lista-software\\\/nuke-recensione\\\/#breadcrumb\"},\"inLanguage\":\"it-IT\",\"potentialAction\":[{\"@type\":\"ReadAction\",\"target\":[\"https:\\\/\\\/www.accuratereviews.com\\\/it\\\/video-editing-lista-software\\\/nuke-recensione\\\/\"]}]},{\"@type\":\"ImageObject\",\"inLanguage\":\"it-IT\",\"@id\":\"https:\\\/\\\/www.accuratereviews.com\\\/it\\\/video-editing-lista-software\\\/nuke-recensione\\\/#primaryimage\",\"url\":\"https:\\\/\\\/www.accuratereviews.com\\\/wp-content\\\/uploads\\\/2023\\\/02\\\/Foundry_Logo.png\",\"contentUrl\":\"https:\\\/\\\/www.accuratereviews.com\\\/wp-content\\\/uploads\\\/2023\\\/02\\\/Foundry_Logo.png\",\"width\":600,\"height\":600},{\"@type\":\"BreadcrumbList\",\"@id\":\"https:\\\/\\\/www.accuratereviews.com\\\/it\\\/video-editing-lista-software\\\/nuke-recensione\\\/#breadcrumb\",\"itemListElement\":[{\"@type\":\"ListItem\",\"position\":1,\"name\":\"Home\",\"item\":\"https:\\\/\\\/www.accuratereviews.com\\\/it\\\/\"},{\"@type\":\"ListItem\",\"position\":2,\"name\":\"Software per il video editing\",\"item\":\"https:\\\/\\\/www.accuratereviews.com\\\/it\\\/video-editing-lista-software\\\/\"},{\"@type\":\"ListItem\",\"position\":3,\"name\":\"Nuke\"}]},{\"@type\":\"WebSite\",\"@id\":\"https:\\\/\\\/www.accuratereviews.com\\\/it\\\/#website\",\"url\":\"https:\\\/\\\/www.accuratereviews.com\\\/it\\\/\",\"name\":\"Accurate Reviews\",\"description\":\"\",\"potentialAction\":[{\"@type\":\"SearchAction\",\"target\":{\"@type\":\"EntryPoint\",\"urlTemplate\":\"https:\\\/\\\/www.accuratereviews.com\\\/it\\\/?s={search_term_string}\"},\"query-input\":{\"@type\":\"PropertyValueSpecification\",\"valueRequired\":true,\"valueName\":\"search_term_string\"}}],\"inLanguage\":\"it-IT\"}]}<\/script>\n<!-- \/ Yoast SEO plugin. -->","yoast_head_json":{"title":"Nuke - Accurate Reviews","description":"Nuke: recensione suite di strumenti per l'editing video, che aiuta a gestire e creare contenuti video tra cui film, cortometraggi o serie tv.","robots":{"index":"index","follow":"follow","max-snippet":"max-snippet:-1","max-image-preview":"max-image-preview:large","max-video-preview":"max-video-preview:-1"},"canonical":"https:\/\/www.accuratereviews.com\/it\/video-editing-lista-software\/nuke-recensione\/","og_locale":"it_IT","og_type":"article","og_title":"Nuke - Accurate Reviews","og_description":"Nuke: recensione suite di strumenti per l'editing video, che aiuta a gestire e creare contenuti video tra cui film, cortometraggi o serie tv.","og_url":"https:\/\/www.accuratereviews.com\/it\/video-editing-lista-software\/nuke-recensione\/","og_site_name":"Accurate Reviews","og_image":[{"width":600,"height":600,"url":"https:\/\/www.accuratereviews.com\/wp-content\/uploads\/2023\/02\/Foundry_Logo.png","type":"image\/png"}],"twitter_card":"summary_large_image","twitter_misc":{"Tempo di lettura stimato":"4 minuti"},"schema":{"@context":"https:\/\/schema.org","@graph":[{"@type":"WebPage","@id":"https:\/\/www.accuratereviews.com\/it\/video-editing-lista-software\/nuke-recensione\/","url":"https:\/\/www.accuratereviews.com\/it\/video-editing-lista-software\/nuke-recensione\/","name":"Nuke - Accurate Reviews","isPartOf":{"@id":"https:\/\/www.accuratereviews.com\/it\/#website"},"primaryImageOfPage":{"@id":"https:\/\/www.accuratereviews.com\/it\/video-editing-lista-software\/nuke-recensione\/#primaryimage"},"image":{"@id":"https:\/\/www.accuratereviews.com\/it\/video-editing-lista-software\/nuke-recensione\/#primaryimage"},"thumbnailUrl":"https:\/\/www.accuratereviews.com\/wp-content\/uploads\/2023\/02\/Foundry_Logo.png","datePublished":"2023-02-08T15:51:37+00:00","description":"Nuke: recensione suite di strumenti per l'editing video, che aiuta a gestire e creare contenuti video tra cui film, cortometraggi o serie tv.","breadcrumb":{"@id":"https:\/\/www.accuratereviews.com\/it\/video-editing-lista-software\/nuke-recensione\/#breadcrumb"},"inLanguage":"it-IT","potentialAction":[{"@type":"ReadAction","target":["https:\/\/www.accuratereviews.com\/it\/video-editing-lista-software\/nuke-recensione\/"]}]},{"@type":"ImageObject","inLanguage":"it-IT","@id":"https:\/\/www.accuratereviews.com\/it\/video-editing-lista-software\/nuke-recensione\/#primaryimage","url":"https:\/\/www.accuratereviews.com\/wp-content\/uploads\/2023\/02\/Foundry_Logo.png","contentUrl":"https:\/\/www.accuratereviews.com\/wp-content\/uploads\/2023\/02\/Foundry_Logo.png","width":600,"height":600},{"@type":"BreadcrumbList","@id":"https:\/\/www.accuratereviews.com\/it\/video-editing-lista-software\/nuke-recensione\/#breadcrumb","itemListElement":[{"@type":"ListItem","position":1,"name":"Home","item":"https:\/\/www.accuratereviews.com\/it\/"},{"@type":"ListItem","position":2,"name":"Software per il video editing","item":"https:\/\/www.accuratereviews.com\/it\/video-editing-lista-software\/"},{"@type":"ListItem","position":3,"name":"Nuke"}]},{"@type":"WebSite","@id":"https:\/\/www.accuratereviews.com\/it\/#website","url":"https:\/\/www.accuratereviews.com\/it\/","name":"Accurate Reviews","description":"","potentialAction":[{"@type":"SearchAction","target":{"@type":"EntryPoint","urlTemplate":"https:\/\/www.accuratereviews.com\/it\/?s={search_term_string}"},"query-input":{"@type":"PropertyValueSpecification","valueRequired":true,"valueName":"search_term_string"}}],"inLanguage":"it-IT"}]}},"_links":{"self":[{"href":"https:\/\/www.accuratereviews.com\/it\/wp-json\/wp\/v2\/pages\/67058","targetHints":{"allow":["GET"]}}],"collection":[{"href":"https:\/\/www.accuratereviews.com\/it\/wp-json\/wp\/v2\/pages"}],"about":[{"href":"https:\/\/www.accuratereviews.com\/it\/wp-json\/wp\/v2\/types\/page"}],"author":[{"embeddable":true,"href":"https:\/\/www.accuratereviews.com\/it\/wp-json\/wp\/v2\/users\/19"}],"replies":[{"embeddable":true,"href":"https:\/\/www.accuratereviews.com\/it\/wp-json\/wp\/v2\/comments?post=67058"}],"version-history":[{"count":8,"href":"https:\/\/www.accuratereviews.com\/it\/wp-json\/wp\/v2\/pages\/67058\/revisions"}],"predecessor-version":[{"id":67081,"href":"https:\/\/www.accuratereviews.com\/it\/wp-json\/wp\/v2\/pages\/67058\/revisions\/67081"}],"up":[{"embeddable":true,"href":"https:\/\/www.accuratereviews.com\/it\/wp-json\/wp\/v2\/pages\/7571"}],"wp:featuredmedia":[{"embeddable":true,"href":"https:\/\/www.accuratereviews.com\/it\/wp-json\/wp\/v2\/media\/67059"}],"wp:attachment":[{"href":"https:\/\/www.accuratereviews.com\/it\/wp-json\/wp\/v2\/media?parent=67058"}],"wp:term":[{"taxonomy":"category","embeddable":true,"href":"https:\/\/www.accuratereviews.com\/it\/wp-json\/wp\/v2\/categories?post=67058"},{"taxonomy":"post_tag","embeddable":true,"href":"https:\/\/www.accuratereviews.com\/it\/wp-json\/wp\/v2\/tags?post=67058"},{"taxonomy":"features","embeddable":true,"href":"https:\/\/www.accuratereviews.com\/it\/wp-json\/wp\/v2\/features?post=67058"}],"curies":[{"name":"wp","href":"https:\/\/api.w.org\/{rel}","templated":true}]}}