{"id":67070,"date":"2023-02-08T14:30:44","date_gmt":"2023-02-08T14:30:44","guid":{"rendered":"https:\/\/www.accuratereviews.com\/?page_id=67070"},"modified":"2023-02-13T13:59:40","modified_gmt":"2023-02-13T13:59:40","slug":"ad-sales-genius-recensione","status":"publish","type":"page","link":"https:\/\/www.accuratereviews.com\/it\/crm-software-migliori-lista\/ad-sales-genius-recensione\/","title":{"rendered":"Ad Sales Genius"},"content":{"rendered":"<p><strong>Ad Sales Genius<\/strong> \u00e8 un <strong>software CRM per l&#8217;editoria<\/strong>, costruito per supportare editori e aziende del settore nella gestione dei media e nella\u00a0vendita e distribuzione di pubblicit\u00e0. Si tratta di una piattaforma che fornisce strumenti di reporting approfonditi, promemoria di follow-up e un&#8217;intuitiva pipeline personalizzabile in base alle tue esigenze. L&#8217;obiettivo \u00e8 quello di automatizzare il processo di vendita e di massimizzare la produzione.<br \/>\n<strong>Ad Sales Genius<\/strong>\u00a0\u00e8 sincronizzato con Adobe inDesign, Google Ad Manager e Brodstreet Ads e consente di generare piani drag-and-drop, vendere e pubblicare annunci online o out-of-home, creare pacchetti di sponsorizzazione di eventi e molto altro ancora.<\/p>\n<h2>AD SALES GENIUS &#8211; VIDEO INTRODUTTIVO<\/h2>\n<div id=\"fluid-wrapper-counter-1\" class=\"g1-fluid-wrapper \" style=\"width:686px;\">\n<div style=\"padding-bottom:56.268221574344%;\"><iframe loading=\"lazy\" title=\"Ad Sales Genius Explainer\" width=\"686\" height=\"386\" src=\"https:\/\/www.youtube.com\/embed\/gsqIrL9DSTU?feature=oembed&amp;wmode=transparent&amp;autohide=1&amp;autoplay=0&amp;disablekb=0&amp;fs=1&amp;loop=0&amp;enablejsapi=1&amp;rel=0&amp;controls=2&amp;showinfo=0&amp;wmode=transparent&amp;autohide=2&amp;autoplay=0&amp;disablekb=0&amp;fs=1&amp;loop=0&amp;enablejsapi=1&amp;rel=0&amp;controls=2&amp;showinfo=1\" frameborder=\"0\" allow=\"accelerometer; autoplay; clipboard-write; encrypted-media; gyroscope; picture-in-picture; web-share\" allowfullscreen><\/iframe><\/div>\n<\/div>\n<h3>AD SALES GENIUS &#8211; CARATTERISTICHE<\/h3>\n<ul>\n<li><strong>Contabilit\u00e0<\/strong>: gli strumenti di automazione della contabilit\u00e0 sono costruiti per aumentare l&#8217;efficienza della contabilit\u00e0 clienti. Grazie all&#8217;enfasi posta sulla rapidit\u00e0 della fatturazione, il tuo team pu\u00f2 risparmiare tempo ed elaborare i pagamenti pi\u00f9 velocemente.<\/li>\n<li><strong>Supporto completo per le industrie pubblicitarie<\/strong>: ti d\u00e0 la possibilit\u00e0 di creare campagne multimediali e sponsorizzazioni che vendono. Mescola e abbina i prodotti pubblicitari per creare pacchetti personalizzati che superino le aspettative degli inserzionisti su stampa, digitale e altro ancora!<\/li>\n<li><strong>Esposizioni ed eventi<\/strong>: gestisci eventi, esposizioni e fiere per generare il massimo profitto con il software. Il CRM per le vendite di eventi gestisce le vendite di pacchetti di sponsorizzazione, le planimetrie degli stand e il checkout online.<\/li>\n<li><strong>Fuori casa<\/strong>: vendi pubblicit\u00e0 digitale fuori casa e monitorate i posizionamenti con questa soluzione. Vendi, programma e ruota gli annunci pubblicitari digitali out-of-home in qualsiasi configurazione desiderata su pi\u00f9 sedi.<\/li>\n<li><strong>Agenzie pubblicitarie<\/strong>: le agenzie utilizzano questa soluzione per la gestione degli annunci digitali, le vendite di content marketing e le campagne multimediali. I progetti si muovono dalla vendita alla consegna con pipeline drag-and-drop e altro ancora.<\/li>\n<li><strong>Broadcast<\/strong>: indipendentemente dai prodotti broadcast offerti dal team di vendita, le funzionalit\u00e0 possono aiutare a unificare il team, a incrementare le vendite di annunci e ad automatizzare i processi ripetitivi.<\/li>\n<li><strong>Associazioni<\/strong>: aiuta le associazioni professionali a produrre pubblicazioni cartacee, gestire le sponsorizzazioni e realizzare eventi dal vivo. Grazie alle funzioni di automazione, \u00e8 possibile controllare le vendite di annunci, la produzione e la fatturazione delle associazioni.<\/li>\n<li><strong>Vendite di media<\/strong>: il software consente di gestire le vendite di media di tutti i tipi tra pi\u00f9 unit\u00e0 aziendali. \u00c8 completamente compatibile con i dispositivi mobili, in modo da poter concludere l&#8217;affare da qualsiasi luogo e da qualsiasi dispositivo intelligente.<\/li>\n<\/ul>\n<h4>LE RECENSIONI DEGLI UTENTI<\/h4>\n<p><strong>Bryson &#8220;Ottimo CRM!&#8221;<\/strong><br \/>\nCommenti: \u00c8 un buon software, e gli aggiornamenti costanti sono rassicuranti sul fatto che i bug e i problemi vengono risolti in modo tempestivo.<br \/>\nPro: ha un&#8217;ottima interfaccia utente per il nostro team pubblicitario e per i nostri clienti. Posso raccogliere facilmente le informazioni necessarie per redigere rapporti e prevedere le nostre prestazioni.<br \/>\nContro: A volte fare clic su tutte le finestre da un cliente all&#8217;altro pu\u00f2 essere un po&#8217; scoraggiante, ma una volta preso il ritmo per trovare ci\u00f2 che si sta cercando \u00e8 solido.<\/p>\n<p><strong>Dave &#8220;ASG \u00e8 un prodotto fantastico per la nostra azienda&#8221;.<\/strong><br \/>\nCommenti: Mi piace molto lavorare con lo staff di ASG. Io e il mio collega ci siamo divertiti molto alla loro sessione di formazione a Nashville nel 2021, e pi\u00f9 imparo a conoscere il software, pi\u00f9 mi chiedo come abbiamo fatto senza.<br \/>\nPro: La gestione delle vendite e delle pipeline di clienti \u00e8 facile da monitorare con questo software. Ha reso il mio lavoro di direttore vendite\/generale molto pi\u00f9 fluido nelle nostre attivit\u00e0 quotidiane.<br \/>\nContro: In passato ho avuto qualche problema con la fatturazione, ma il servizio di assistenza di alto livello mi ha aiutato a risolvere i problemi in genere nel giro di pochi minuti.<\/p>\n<p><strong>Cindy &#8220;Ottimo supporto clienti e base di conoscenze&#8221;<\/strong><br \/>\nCommenti: Ho riscontrato alcuni problemi e sono sempre stati affrontati. Prestano davvero attenzione a ci\u00f2 che i clienti cercano e apportano costantemente modifiche e miglioramenti.<br \/>\nPro: Il fatto che ci siano persone reali disponibili ad assistere quando si ha bisogno di aiuto.<br \/>\nContro: Il programma fa cos\u00ec tante cose per aiutare le aziende a organizzare i loro conti. \u00c8 molto difficile imparare tutto ci\u00f2 che fa. Mi sorprende sempre qualcosa che ho scoperto di poter fare.<\/p>\n","protected":false},"excerpt":{"rendered":"<p>Ad Sales Genius \u00e8 un software CRM per l&#8217;editoria, costruito per supportare editori e aziende del settore nella gestione dei media e nella\u00a0vendita e distribuzione di pubblicit\u00e0. Si tratta di una piattaforma che fornisce strumenti di reporting approfonditi, promemoria di follow-up e un&#8217;intuitiva pipeline personalizzabile in base alle tue esigenze.<\/p>\n","protected":false},"author":17,"featured_media":67072,"parent":5966,"menu_order":0,"comment_status":"open","ping_status":"closed","template":"g1_template_page_review_new.php","meta":{"_acf_changed":false,"cwp_meta_box_check":"No","cwp_rev_product_name":"","cwp_rev_product_image":"","wppr_links":[],"cwp_rev_price":"","wppr_options":[],"wppr_pros":[],"wppr_cons":[],"_monsterinsights_skip_tracking":false,"_monsterinsights_sitenote_active":false,"_monsterinsights_sitenote_note":"","_monsterinsights_sitenote_category":0,"footnotes":""},"categories":[120],"tags":[1835,1707,10875,10874,10761,10765,6303],"features":[],"class_list":{"0":"post-67070","1":"page","2":"type-page","3":"status-publish","4":"has-post-thumbnail","6":"category-crm-it","7":"tag-crm-2-it","8":"tag-crm-integrato","9":"tag-crm-piattaforma","10":"tag-crm-programma","11":"tag-crm-software-2-it","12":"tag-crm-soluzione","13":"tag-crm-strategia"},"wppr_data":{"cwp_meta_box_check":"No"},"acf":[],"yoast_head":"<!-- This site is optimized with the Yoast SEO plugin v27.4 - https:\/\/yoast.com\/product\/yoast-seo-wordpress\/ -->\n<title>Ad Sales Genius: recensione software CRM - Accurate Reviews<\/title>\n<meta name=\"description\" content=\"Ad Sales Genius: recensione del software CRM per l&#039;editoria, costruito per supportare editori e aziende del settore nella gestione dei media.\" \/>\n<meta name=\"robots\" content=\"index, follow, max-snippet:-1, max-image-preview:large, max-video-preview:-1\" \/>\n<link rel=\"canonical\" href=\"https:\/\/www.accuratereviews.com\/it\/crm-software-migliori-lista\/ad-sales-genius-recensione\/\" \/>\n<meta property=\"og:locale\" content=\"it_IT\" \/>\n<meta property=\"og:type\" content=\"article\" \/>\n<meta property=\"og:title\" content=\"Ad Sales Genius: recensione software CRM - Accurate Reviews\" \/>\n<meta property=\"og:description\" content=\"Ad Sales Genius: recensione del software CRM per l&#039;editoria, costruito per supportare editori e aziende del settore nella gestione dei media.\" \/>\n<meta property=\"og:url\" content=\"https:\/\/www.accuratereviews.com\/it\/crm-software-migliori-lista\/ad-sales-genius-recensione\/\" \/>\n<meta property=\"og:site_name\" content=\"Accurate Reviews\" \/>\n<meta property=\"article:modified_time\" content=\"2023-02-13T13:59:40+00:00\" \/>\n<meta property=\"og:image\" content=\"https:\/\/www.accuratereviews.com\/wp-content\/uploads\/2023\/02\/cropped-logo.png\" \/>\n\t<meta property=\"og:image:width\" content=\"432\" \/>\n\t<meta property=\"og:image:height\" content=\"200\" \/>\n\t<meta property=\"og:image:type\" content=\"image\/png\" \/>\n<meta name=\"twitter:card\" content=\"summary_large_image\" \/>\n<meta name=\"twitter:label1\" content=\"Tempo di lettura stimato\" \/>\n\t<meta name=\"twitter:data1\" content=\"4 minuti\" \/>\n<script type=\"application\/ld+json\" class=\"yoast-schema-graph\">{\"@context\":\"https:\\\/\\\/schema.org\",\"@graph\":[{\"@type\":\"WebPage\",\"@id\":\"https:\\\/\\\/www.accuratereviews.com\\\/it\\\/crm-software-migliori-lista\\\/ad-sales-genius-recensione\\\/\",\"url\":\"https:\\\/\\\/www.accuratereviews.com\\\/it\\\/crm-software-migliori-lista\\\/ad-sales-genius-recensione\\\/\",\"name\":\"Ad Sales Genius: recensione software CRM - Accurate Reviews\",\"isPartOf\":{\"@id\":\"https:\\\/\\\/www.accuratereviews.com\\\/it\\\/#website\"},\"primaryImageOfPage\":{\"@id\":\"https:\\\/\\\/www.accuratereviews.com\\\/it\\\/crm-software-migliori-lista\\\/ad-sales-genius-recensione\\\/#primaryimage\"},\"image\":{\"@id\":\"https:\\\/\\\/www.accuratereviews.com\\\/it\\\/crm-software-migliori-lista\\\/ad-sales-genius-recensione\\\/#primaryimage\"},\"thumbnailUrl\":\"https:\\\/\\\/www.accuratereviews.com\\\/wp-content\\\/uploads\\\/2023\\\/02\\\/cropped-logo.png\",\"datePublished\":\"2023-02-08T14:30:44+00:00\",\"dateModified\":\"2023-02-13T13:59:40+00:00\",\"description\":\"Ad Sales Genius: recensione del software CRM per l'editoria, costruito per supportare editori e aziende del settore nella gestione dei media.\",\"breadcrumb\":{\"@id\":\"https:\\\/\\\/www.accuratereviews.com\\\/it\\\/crm-software-migliori-lista\\\/ad-sales-genius-recensione\\\/#breadcrumb\"},\"inLanguage\":\"it-IT\",\"potentialAction\":[{\"@type\":\"ReadAction\",\"target\":[\"https:\\\/\\\/www.accuratereviews.com\\\/it\\\/crm-software-migliori-lista\\\/ad-sales-genius-recensione\\\/\"]}]},{\"@type\":\"ImageObject\",\"inLanguage\":\"it-IT\",\"@id\":\"https:\\\/\\\/www.accuratereviews.com\\\/it\\\/crm-software-migliori-lista\\\/ad-sales-genius-recensione\\\/#primaryimage\",\"url\":\"https:\\\/\\\/www.accuratereviews.com\\\/wp-content\\\/uploads\\\/2023\\\/02\\\/cropped-logo.png\",\"contentUrl\":\"https:\\\/\\\/www.accuratereviews.com\\\/wp-content\\\/uploads\\\/2023\\\/02\\\/cropped-logo.png\",\"width\":432,\"height\":200},{\"@type\":\"BreadcrumbList\",\"@id\":\"https:\\\/\\\/www.accuratereviews.com\\\/it\\\/crm-software-migliori-lista\\\/ad-sales-genius-recensione\\\/#breadcrumb\",\"itemListElement\":[{\"@type\":\"ListItem\",\"position\":1,\"name\":\"Home\",\"item\":\"https:\\\/\\\/www.accuratereviews.com\\\/it\\\/\"},{\"@type\":\"ListItem\",\"position\":2,\"name\":\"CRM: i software migliori\",\"item\":\"https:\\\/\\\/www.accuratereviews.com\\\/it\\\/crm-software-migliori-lista\\\/\"},{\"@type\":\"ListItem\",\"position\":3,\"name\":\"Ad Sales Genius\"}]},{\"@type\":\"WebSite\",\"@id\":\"https:\\\/\\\/www.accuratereviews.com\\\/it\\\/#website\",\"url\":\"https:\\\/\\\/www.accuratereviews.com\\\/it\\\/\",\"name\":\"Accurate Reviews\",\"description\":\"\",\"potentialAction\":[{\"@type\":\"SearchAction\",\"target\":{\"@type\":\"EntryPoint\",\"urlTemplate\":\"https:\\\/\\\/www.accuratereviews.com\\\/it\\\/?s={search_term_string}\"},\"query-input\":{\"@type\":\"PropertyValueSpecification\",\"valueRequired\":true,\"valueName\":\"search_term_string\"}}],\"inLanguage\":\"it-IT\"}]}<\/script>\n<!-- \/ Yoast SEO plugin. -->","yoast_head_json":{"title":"Ad Sales Genius: recensione software CRM - Accurate Reviews","description":"Ad Sales Genius: recensione del software CRM per l'editoria, costruito per supportare editori e aziende del settore nella gestione dei media.","robots":{"index":"index","follow":"follow","max-snippet":"max-snippet:-1","max-image-preview":"max-image-preview:large","max-video-preview":"max-video-preview:-1"},"canonical":"https:\/\/www.accuratereviews.com\/it\/crm-software-migliori-lista\/ad-sales-genius-recensione\/","og_locale":"it_IT","og_type":"article","og_title":"Ad Sales Genius: recensione software CRM - Accurate Reviews","og_description":"Ad Sales Genius: recensione del software CRM per l'editoria, costruito per supportare editori e aziende del settore nella gestione dei media.","og_url":"https:\/\/www.accuratereviews.com\/it\/crm-software-migliori-lista\/ad-sales-genius-recensione\/","og_site_name":"Accurate Reviews","article_modified_time":"2023-02-13T13:59:40+00:00","og_image":[{"width":432,"height":200,"url":"https:\/\/www.accuratereviews.com\/wp-content\/uploads\/2023\/02\/cropped-logo.png","type":"image\/png"}],"twitter_card":"summary_large_image","twitter_misc":{"Tempo di lettura stimato":"4 minuti"},"schema":{"@context":"https:\/\/schema.org","@graph":[{"@type":"WebPage","@id":"https:\/\/www.accuratereviews.com\/it\/crm-software-migliori-lista\/ad-sales-genius-recensione\/","url":"https:\/\/www.accuratereviews.com\/it\/crm-software-migliori-lista\/ad-sales-genius-recensione\/","name":"Ad Sales Genius: recensione software CRM - Accurate Reviews","isPartOf":{"@id":"https:\/\/www.accuratereviews.com\/it\/#website"},"primaryImageOfPage":{"@id":"https:\/\/www.accuratereviews.com\/it\/crm-software-migliori-lista\/ad-sales-genius-recensione\/#primaryimage"},"image":{"@id":"https:\/\/www.accuratereviews.com\/it\/crm-software-migliori-lista\/ad-sales-genius-recensione\/#primaryimage"},"thumbnailUrl":"https:\/\/www.accuratereviews.com\/wp-content\/uploads\/2023\/02\/cropped-logo.png","datePublished":"2023-02-08T14:30:44+00:00","dateModified":"2023-02-13T13:59:40+00:00","description":"Ad Sales Genius: recensione del software CRM per l'editoria, costruito per supportare editori e aziende del settore nella gestione dei media.","breadcrumb":{"@id":"https:\/\/www.accuratereviews.com\/it\/crm-software-migliori-lista\/ad-sales-genius-recensione\/#breadcrumb"},"inLanguage":"it-IT","potentialAction":[{"@type":"ReadAction","target":["https:\/\/www.accuratereviews.com\/it\/crm-software-migliori-lista\/ad-sales-genius-recensione\/"]}]},{"@type":"ImageObject","inLanguage":"it-IT","@id":"https:\/\/www.accuratereviews.com\/it\/crm-software-migliori-lista\/ad-sales-genius-recensione\/#primaryimage","url":"https:\/\/www.accuratereviews.com\/wp-content\/uploads\/2023\/02\/cropped-logo.png","contentUrl":"https:\/\/www.accuratereviews.com\/wp-content\/uploads\/2023\/02\/cropped-logo.png","width":432,"height":200},{"@type":"BreadcrumbList","@id":"https:\/\/www.accuratereviews.com\/it\/crm-software-migliori-lista\/ad-sales-genius-recensione\/#breadcrumb","itemListElement":[{"@type":"ListItem","position":1,"name":"Home","item":"https:\/\/www.accuratereviews.com\/it\/"},{"@type":"ListItem","position":2,"name":"CRM: i software migliori","item":"https:\/\/www.accuratereviews.com\/it\/crm-software-migliori-lista\/"},{"@type":"ListItem","position":3,"name":"Ad Sales Genius"}]},{"@type":"WebSite","@id":"https:\/\/www.accuratereviews.com\/it\/#website","url":"https:\/\/www.accuratereviews.com\/it\/","name":"Accurate Reviews","description":"","potentialAction":[{"@type":"SearchAction","target":{"@type":"EntryPoint","urlTemplate":"https:\/\/www.accuratereviews.com\/it\/?s={search_term_string}"},"query-input":{"@type":"PropertyValueSpecification","valueRequired":true,"valueName":"search_term_string"}}],"inLanguage":"it-IT"}]}},"_links":{"self":[{"href":"https:\/\/www.accuratereviews.com\/it\/wp-json\/wp\/v2\/pages\/67070","targetHints":{"allow":["GET"]}}],"collection":[{"href":"https:\/\/www.accuratereviews.com\/it\/wp-json\/wp\/v2\/pages"}],"about":[{"href":"https:\/\/www.accuratereviews.com\/it\/wp-json\/wp\/v2\/types\/page"}],"author":[{"embeddable":true,"href":"https:\/\/www.accuratereviews.com\/it\/wp-json\/wp\/v2\/users\/17"}],"replies":[{"embeddable":true,"href":"https:\/\/www.accuratereviews.com\/it\/wp-json\/wp\/v2\/comments?post=67070"}],"version-history":[{"count":5,"href":"https:\/\/www.accuratereviews.com\/it\/wp-json\/wp\/v2\/pages\/67070\/revisions"}],"predecessor-version":[{"id":67165,"href":"https:\/\/www.accuratereviews.com\/it\/wp-json\/wp\/v2\/pages\/67070\/revisions\/67165"}],"up":[{"embeddable":true,"href":"https:\/\/www.accuratereviews.com\/it\/wp-json\/wp\/v2\/pages\/5966"}],"wp:featuredmedia":[{"embeddable":true,"href":"https:\/\/www.accuratereviews.com\/it\/wp-json\/wp\/v2\/media\/67072"}],"wp:attachment":[{"href":"https:\/\/www.accuratereviews.com\/it\/wp-json\/wp\/v2\/media?parent=67070"}],"wp:term":[{"taxonomy":"category","embeddable":true,"href":"https:\/\/www.accuratereviews.com\/it\/wp-json\/wp\/v2\/categories?post=67070"},{"taxonomy":"post_tag","embeddable":true,"href":"https:\/\/www.accuratereviews.com\/it\/wp-json\/wp\/v2\/tags?post=67070"},{"taxonomy":"features","embeddable":true,"href":"https:\/\/www.accuratereviews.com\/it\/wp-json\/wp\/v2\/features?post=67070"}],"curies":[{"name":"wp","href":"https:\/\/api.w.org\/{rel}","templated":true}]}}