{"id":67150,"date":"2023-02-13T14:31:30","date_gmt":"2023-02-13T14:31:30","guid":{"rendered":"https:\/\/www.accuratereviews.com\/?page_id=67150"},"modified":"2023-06-21T16:01:07","modified_gmt":"2023-06-21T16:01:07","slug":"mokapen-recensione","status":"publish","type":"page","link":"https:\/\/www.accuratereviews.com\/it\/crm-software-migliori-lista\/mokapen-recensione\/","title":{"rendered":"Mokapen"},"content":{"rendered":"<p class=\"h3 mb-2\"><strong>Mokapen<\/strong> \u00e8 un<strong> software CRM<\/strong> che supporta studenti, consulenti e aziende nella creazione di progetti e task che consentono una grande collaborazione tra le parti. Migliorare la gestione e la pianificazione delle attivit\u00e0 ottimizza molto il lavoro del tuo team e aumenta, di conseguenza, la produttivit\u00e0 e le vendite.<br \/>\nCon <strong>Mokapen\u00a0<\/strong>puoi coinvolgere maggiormente non solo i tuoi colleghi, ma anche i tuoi clienti invitandoli a collaborare su progetti specifici. Puoi avviare progetti con gli utenti di altre organizzazioni, liberi professionisti e con imprese di qualsiasi dimensione.<\/p>\n<h2>MOKAPEN &#8211; TUTORIAL<\/h2>\n<div id=\"fluid-wrapper-counter-1\" class=\"g1-fluid-wrapper \" style=\"width:686px;\">\n<div style=\"padding-bottom:56.268221574344%;\"><iframe loading=\"lazy\" title=\"Simplify Your CRM with Mokapen\" width=\"686\" height=\"386\" src=\"https:\/\/www.youtube.com\/embed\/D844K4seQ_4?feature=oembed&amp;wmode=transparent&amp;autohide=1&amp;autoplay=0&amp;disablekb=0&amp;fs=1&amp;loop=0&amp;enablejsapi=1&amp;rel=0&amp;controls=2&amp;showinfo=0&amp;wmode=transparent&amp;autohide=2&amp;autoplay=0&amp;disablekb=0&amp;fs=1&amp;loop=0&amp;enablejsapi=1&amp;rel=0&amp;controls=2&amp;showinfo=1\" frameborder=\"0\" allow=\"accelerometer; autoplay; clipboard-write; encrypted-media; gyroscope; picture-in-picture; web-share\" allowfullscreen><\/iframe><\/div>\n<\/div>\n<h3>MOKAPEN &#8211; CARATTERISTICHE<\/h3>\n<ul>\n<li><strong>Progetti &amp; task<\/strong>: tieni sotto controllo tutte le tue attivit\u00e0 e alloca le tue risorse in un unico posto. Monitora i task e i progetti in scadenza, organizzali, aggiornali sulla tua agenda e sul tuo calendario. Filtra per membro o per team per i tuoi meeting di avanzamento.<\/li>\n<li><strong>Contatti<\/strong>: tieniti in contatto con tutte le persone del tuo network. Carica la tua rubrica contatti e trova rapidamente chi cerchi. Collega le tue attivit\u00e0 a clienti, lead, fornitori, partner e chiunque possa portare crescita al tuo business.<\/li>\n<li><strong>Vendite<\/strong>: incrementa la conversione di lead in clienti, riduci i tempi di vendita, visualizza tutti i progressi e chiudi molti pi\u00f9 contratti. Attraverso diverse pipeline avrai tutto sotto controllo e il follow-up con i contatti sar\u00e0 immediato.<\/li>\n<li><strong>Supporto clienti<\/strong>: sfrutta l&#8217;automazione digitale per raccogliere le richieste dei tuoi clienti tramite ticket interni, aperti all&#8217;interno della tua organizzazione, o esterni, aperti dai clienti direttamente.<\/li>\n<li><strong>Collaborazione<\/strong>: collabora in diverse organizzazioni, crea i tuoi team, invita membri e ospiti. Gestisci il tuo ambiente di lavoro e raccogli i contributi di tutti in un piano chiaro e condiviso.<\/li>\n<li><strong>Report<\/strong>: raccogli tutti i tuoi dati in dashboard interattive. Definisci viste e filtri per i tuoi report, misura le performance del tuo team e pianifica la strategia migliore.<\/li>\n<li><strong>Network<\/strong>: area dedicata con l&#8217;obiettivo di mettere in contatto potenziali clienti con le organizzazioni pi\u00f9 innovative.<\/li>\n<li><strong>Integrazioni<\/strong>: collega Mokapen alle tue app preferite e accedi ai tuoi contenuti rapidamente senza aprire 13 pagine diverse.<\/li>\n<\/ul>\n<h4>LE RECENSIONI DEGLI UTENTI<\/h4>\n<p><strong>Giuseppe &#8220;Ottimo software per PMI ed Agenzie&#8221;<\/strong><br \/>\nPro: Facilit\u00e0 d&#8217;uso e di configurazione. Tutti i tuoi progetti sempre a portata di mano.<br \/>\nContro: Sarebbe utile creare un&#8217;app e ampliare lo spazio di archiviazione degli allegati.<\/p>\n<p><strong>Giacomo &#8220;Essenziale per la digitalizzazione&#8221; <\/strong><br \/>\nPro: Rispetto ad altri CRM questo si presenta subito in Italiano e ha funzioni davvero semplici e essenziali all&#8217;uso aziendale<br \/>\nContro: Mancanza di sincronizzazione con il mio sito web per la gestione dei lead nuovi entrati da contatti<\/p>\n<p><strong>Anna &#8220;Buon software per la gestione delle attivit\u00e0&#8221;<\/strong><br \/>\nPro: Facile da usare, dall&#8217;aspetto gradevole e immediato, permette la gestione in team delle attivit\u00e0 e dei clienti. Ottima assistenza clienti, sempre pronta a rispondere.<br \/>\nContro: Uso la versione gratuita e per le mie necessit\u00e0 attuali va benissimo, anche se \u00e8 poco personalizzabile e a volte servono pi\u00f9 click del necessario per arrivare alla schermata che si desidera. Sarebbe utile poter personalizzare la schermata home.<\/p>\n","protected":false},"excerpt":{"rendered":"<p>Mokapen \u00e8 un software CRM che supporta studenti, consulenti e aziende nella creazione di progetti e task che consentono una grande collaborazione tra le parti. Migliorare la gestione e la pianificazione delle attivit\u00e0 ottimizza molto il lavoro del tuo team e aumenta, di conseguenza, la produttivit\u00e0 e le vendite.<\/p>\n","protected":false},"author":17,"featured_media":67151,"parent":5966,"menu_order":0,"comment_status":"open","ping_status":"closed","template":"g1_template_page_review_new.php","meta":{"_acf_changed":false,"cwp_meta_box_check":"No","cwp_rev_product_name":"","cwp_rev_product_image":"","wppr_links":[],"cwp_rev_price":"","wppr_options":[],"wppr_pros":[],"wppr_cons":[],"_monsterinsights_skip_tracking":false,"_monsterinsights_sitenote_active":false,"_monsterinsights_sitenote_note":"","_monsterinsights_sitenote_category":0,"footnotes":""},"categories":[120],"tags":[1835,4080,427,1837,1239],"features":[],"class_list":{"0":"post-67150","1":"page","2":"type-page","3":"status-publish","4":"has-post-thumbnail","6":"category-crm-it","7":"tag-crm-2-it","8":"tag-piattaforma-crm","9":"tag-programma-crm","10":"tag-software-crm-2-it","11":"tag-soluzione-crm"},"wppr_data":{"cwp_meta_box_check":"No"},"acf":[],"yoast_head":"<!-- This site is optimized with the Yoast SEO plugin v27.4 - https:\/\/yoast.com\/product\/yoast-seo-wordpress\/ -->\n<title>Mokapen: recensione software CRM - Accurate Reviews<\/title>\n<meta name=\"description\" content=\"Mokapen: recensione del software CRM che supporta studenti, consulenti e aziende nella creazione di progetti e task.\" \/>\n<meta name=\"robots\" content=\"index, follow, max-snippet:-1, max-image-preview:large, max-video-preview:-1\" \/>\n<link rel=\"canonical\" href=\"https:\/\/www.accuratereviews.com\/it\/crm-software-migliori-lista\/mokapen-recensione\/\" \/>\n<meta property=\"og:locale\" content=\"it_IT\" \/>\n<meta property=\"og:type\" content=\"article\" \/>\n<meta property=\"og:title\" content=\"Mokapen: recensione software CRM - Accurate Reviews\" \/>\n<meta property=\"og:description\" content=\"Mokapen: recensione del software CRM che supporta studenti, consulenti e aziende nella creazione di progetti e task.\" \/>\n<meta property=\"og:url\" content=\"https:\/\/www.accuratereviews.com\/it\/crm-software-migliori-lista\/mokapen-recensione\/\" \/>\n<meta property=\"og:site_name\" content=\"Accurate Reviews\" \/>\n<meta property=\"article:modified_time\" content=\"2023-06-21T16:01:07+00:00\" \/>\n<meta property=\"og:image\" content=\"https:\/\/www.accuratereviews.com\/wp-content\/uploads\/2023\/02\/cover-logo.jpg\" \/>\n\t<meta property=\"og:image:width\" content=\"1200\" \/>\n\t<meta property=\"og:image:height\" content=\"750\" \/>\n\t<meta property=\"og:image:type\" content=\"image\/jpeg\" \/>\n<meta name=\"twitter:card\" content=\"summary_large_image\" \/>\n<meta name=\"twitter:label1\" content=\"Tempo di lettura stimato\" \/>\n\t<meta name=\"twitter:data1\" content=\"3 minuti\" \/>\n<script type=\"application\/ld+json\" class=\"yoast-schema-graph\">{\"@context\":\"https:\\\/\\\/schema.org\",\"@graph\":[{\"@type\":\"WebPage\",\"@id\":\"https:\\\/\\\/www.accuratereviews.com\\\/it\\\/crm-software-migliori-lista\\\/mokapen-recensione\\\/\",\"url\":\"https:\\\/\\\/www.accuratereviews.com\\\/it\\\/crm-software-migliori-lista\\\/mokapen-recensione\\\/\",\"name\":\"Mokapen: recensione software CRM - Accurate Reviews\",\"isPartOf\":{\"@id\":\"https:\\\/\\\/www.accuratereviews.com\\\/it\\\/#website\"},\"primaryImageOfPage\":{\"@id\":\"https:\\\/\\\/www.accuratereviews.com\\\/it\\\/crm-software-migliori-lista\\\/mokapen-recensione\\\/#primaryimage\"},\"image\":{\"@id\":\"https:\\\/\\\/www.accuratereviews.com\\\/it\\\/crm-software-migliori-lista\\\/mokapen-recensione\\\/#primaryimage\"},\"thumbnailUrl\":\"https:\\\/\\\/www.accuratereviews.com\\\/wp-content\\\/uploads\\\/2023\\\/02\\\/cover-logo.jpg\",\"datePublished\":\"2023-02-13T14:31:30+00:00\",\"dateModified\":\"2023-06-21T16:01:07+00:00\",\"description\":\"Mokapen: recensione del software CRM che supporta studenti, consulenti e aziende nella creazione di progetti e task.\",\"breadcrumb\":{\"@id\":\"https:\\\/\\\/www.accuratereviews.com\\\/it\\\/crm-software-migliori-lista\\\/mokapen-recensione\\\/#breadcrumb\"},\"inLanguage\":\"it-IT\",\"potentialAction\":[{\"@type\":\"ReadAction\",\"target\":[\"https:\\\/\\\/www.accuratereviews.com\\\/it\\\/crm-software-migliori-lista\\\/mokapen-recensione\\\/\"]}]},{\"@type\":\"ImageObject\",\"inLanguage\":\"it-IT\",\"@id\":\"https:\\\/\\\/www.accuratereviews.com\\\/it\\\/crm-software-migliori-lista\\\/mokapen-recensione\\\/#primaryimage\",\"url\":\"https:\\\/\\\/www.accuratereviews.com\\\/wp-content\\\/uploads\\\/2023\\\/02\\\/cover-logo.jpg\",\"contentUrl\":\"https:\\\/\\\/www.accuratereviews.com\\\/wp-content\\\/uploads\\\/2023\\\/02\\\/cover-logo.jpg\",\"width\":1200,\"height\":750},{\"@type\":\"BreadcrumbList\",\"@id\":\"https:\\\/\\\/www.accuratereviews.com\\\/it\\\/crm-software-migliori-lista\\\/mokapen-recensione\\\/#breadcrumb\",\"itemListElement\":[{\"@type\":\"ListItem\",\"position\":1,\"name\":\"Home\",\"item\":\"https:\\\/\\\/www.accuratereviews.com\\\/it\\\/\"},{\"@type\":\"ListItem\",\"position\":2,\"name\":\"CRM: i software migliori\",\"item\":\"https:\\\/\\\/www.accuratereviews.com\\\/it\\\/crm-software-migliori-lista\\\/\"},{\"@type\":\"ListItem\",\"position\":3,\"name\":\"Mokapen\"}]},{\"@type\":\"WebSite\",\"@id\":\"https:\\\/\\\/www.accuratereviews.com\\\/it\\\/#website\",\"url\":\"https:\\\/\\\/www.accuratereviews.com\\\/it\\\/\",\"name\":\"Accurate Reviews\",\"description\":\"\",\"potentialAction\":[{\"@type\":\"SearchAction\",\"target\":{\"@type\":\"EntryPoint\",\"urlTemplate\":\"https:\\\/\\\/www.accuratereviews.com\\\/it\\\/?s={search_term_string}\"},\"query-input\":{\"@type\":\"PropertyValueSpecification\",\"valueRequired\":true,\"valueName\":\"search_term_string\"}}],\"inLanguage\":\"it-IT\"}]}<\/script>\n<!-- \/ Yoast SEO plugin. -->","yoast_head_json":{"title":"Mokapen: recensione software CRM - Accurate Reviews","description":"Mokapen: recensione del software CRM che supporta studenti, consulenti e aziende nella creazione di progetti e task.","robots":{"index":"index","follow":"follow","max-snippet":"max-snippet:-1","max-image-preview":"max-image-preview:large","max-video-preview":"max-video-preview:-1"},"canonical":"https:\/\/www.accuratereviews.com\/it\/crm-software-migliori-lista\/mokapen-recensione\/","og_locale":"it_IT","og_type":"article","og_title":"Mokapen: recensione software CRM - Accurate Reviews","og_description":"Mokapen: recensione del software CRM che supporta studenti, consulenti e aziende nella creazione di progetti e task.","og_url":"https:\/\/www.accuratereviews.com\/it\/crm-software-migliori-lista\/mokapen-recensione\/","og_site_name":"Accurate Reviews","article_modified_time":"2023-06-21T16:01:07+00:00","og_image":[{"width":1200,"height":750,"url":"https:\/\/www.accuratereviews.com\/wp-content\/uploads\/2023\/02\/cover-logo.jpg","type":"image\/jpeg"}],"twitter_card":"summary_large_image","twitter_misc":{"Tempo di lettura stimato":"3 minuti"},"schema":{"@context":"https:\/\/schema.org","@graph":[{"@type":"WebPage","@id":"https:\/\/www.accuratereviews.com\/it\/crm-software-migliori-lista\/mokapen-recensione\/","url":"https:\/\/www.accuratereviews.com\/it\/crm-software-migliori-lista\/mokapen-recensione\/","name":"Mokapen: recensione software CRM - Accurate Reviews","isPartOf":{"@id":"https:\/\/www.accuratereviews.com\/it\/#website"},"primaryImageOfPage":{"@id":"https:\/\/www.accuratereviews.com\/it\/crm-software-migliori-lista\/mokapen-recensione\/#primaryimage"},"image":{"@id":"https:\/\/www.accuratereviews.com\/it\/crm-software-migliori-lista\/mokapen-recensione\/#primaryimage"},"thumbnailUrl":"https:\/\/www.accuratereviews.com\/wp-content\/uploads\/2023\/02\/cover-logo.jpg","datePublished":"2023-02-13T14:31:30+00:00","dateModified":"2023-06-21T16:01:07+00:00","description":"Mokapen: recensione del software CRM che supporta studenti, consulenti e aziende nella creazione di progetti e task.","breadcrumb":{"@id":"https:\/\/www.accuratereviews.com\/it\/crm-software-migliori-lista\/mokapen-recensione\/#breadcrumb"},"inLanguage":"it-IT","potentialAction":[{"@type":"ReadAction","target":["https:\/\/www.accuratereviews.com\/it\/crm-software-migliori-lista\/mokapen-recensione\/"]}]},{"@type":"ImageObject","inLanguage":"it-IT","@id":"https:\/\/www.accuratereviews.com\/it\/crm-software-migliori-lista\/mokapen-recensione\/#primaryimage","url":"https:\/\/www.accuratereviews.com\/wp-content\/uploads\/2023\/02\/cover-logo.jpg","contentUrl":"https:\/\/www.accuratereviews.com\/wp-content\/uploads\/2023\/02\/cover-logo.jpg","width":1200,"height":750},{"@type":"BreadcrumbList","@id":"https:\/\/www.accuratereviews.com\/it\/crm-software-migliori-lista\/mokapen-recensione\/#breadcrumb","itemListElement":[{"@type":"ListItem","position":1,"name":"Home","item":"https:\/\/www.accuratereviews.com\/it\/"},{"@type":"ListItem","position":2,"name":"CRM: i software migliori","item":"https:\/\/www.accuratereviews.com\/it\/crm-software-migliori-lista\/"},{"@type":"ListItem","position":3,"name":"Mokapen"}]},{"@type":"WebSite","@id":"https:\/\/www.accuratereviews.com\/it\/#website","url":"https:\/\/www.accuratereviews.com\/it\/","name":"Accurate Reviews","description":"","potentialAction":[{"@type":"SearchAction","target":{"@type":"EntryPoint","urlTemplate":"https:\/\/www.accuratereviews.com\/it\/?s={search_term_string}"},"query-input":{"@type":"PropertyValueSpecification","valueRequired":true,"valueName":"search_term_string"}}],"inLanguage":"it-IT"}]}},"_links":{"self":[{"href":"https:\/\/www.accuratereviews.com\/it\/wp-json\/wp\/v2\/pages\/67150","targetHints":{"allow":["GET"]}}],"collection":[{"href":"https:\/\/www.accuratereviews.com\/it\/wp-json\/wp\/v2\/pages"}],"about":[{"href":"https:\/\/www.accuratereviews.com\/it\/wp-json\/wp\/v2\/types\/page"}],"author":[{"embeddable":true,"href":"https:\/\/www.accuratereviews.com\/it\/wp-json\/wp\/v2\/users\/17"}],"replies":[{"embeddable":true,"href":"https:\/\/www.accuratereviews.com\/it\/wp-json\/wp\/v2\/comments?post=67150"}],"version-history":[{"count":6,"href":"https:\/\/www.accuratereviews.com\/it\/wp-json\/wp\/v2\/pages\/67150\/revisions"}],"predecessor-version":[{"id":70261,"href":"https:\/\/www.accuratereviews.com\/it\/wp-json\/wp\/v2\/pages\/67150\/revisions\/70261"}],"up":[{"embeddable":true,"href":"https:\/\/www.accuratereviews.com\/it\/wp-json\/wp\/v2\/pages\/5966"}],"wp:featuredmedia":[{"embeddable":true,"href":"https:\/\/www.accuratereviews.com\/it\/wp-json\/wp\/v2\/media\/67151"}],"wp:attachment":[{"href":"https:\/\/www.accuratereviews.com\/it\/wp-json\/wp\/v2\/media?parent=67150"}],"wp:term":[{"taxonomy":"category","embeddable":true,"href":"https:\/\/www.accuratereviews.com\/it\/wp-json\/wp\/v2\/categories?post=67150"},{"taxonomy":"post_tag","embeddable":true,"href":"https:\/\/www.accuratereviews.com\/it\/wp-json\/wp\/v2\/tags?post=67150"},{"taxonomy":"features","embeddable":true,"href":"https:\/\/www.accuratereviews.com\/it\/wp-json\/wp\/v2\/features?post=67150"}],"curies":[{"name":"wp","href":"https:\/\/api.w.org\/{rel}","templated":true}]}}