{"id":67166,"date":"2023-02-14T12:38:38","date_gmt":"2023-02-14T12:38:38","guid":{"rendered":"https:\/\/www.accuratereviews.com\/?page_id=67166"},"modified":"2023-02-16T14:54:43","modified_gmt":"2023-02-16T14:54:43","slug":"agencybloc-recensione","status":"publish","type":"page","link":"https:\/\/www.accuratereviews.com\/it\/crm-software-migliori-lista\/agencybloc-recensione\/","title":{"rendered":"AgencyBloc"},"content":{"rendered":"<p class=\"h3 mb-2\"><strong>AgencyBloc<\/strong> \u00e8 un <strong>software CRM di gestione delle aziende<\/strong> che offre strumenti avanzati per garantire lo sviluppo e la crescita dell&#8217;attivit\u00e0. Si rivolge principalmente ad agenzie che operano nel settore di assicurazione sulla vita e sulla salute con l&#8217;obiettivo di automatizzare e semplificare tutte le attivit\u00e0 che normalmente richiedono un grosso investimento di tempo. Tra queste troviamo: la <strong>gestione dei contatti<\/strong> (clienti, lead, prospect, ecc.), la gestione di file e documenti, il monitoraggio\u00a0delle attivit\u00e0 e delle comunicazioni con agenti, clienti e potenziali clienti, il marketing via email e il reporting.<\/p>\n<h2>AGENCYBLOC &#8211; TUTORIAL<\/h2>\n<div id=\"fluid-wrapper-counter-1\" class=\"g1-fluid-wrapper \" style=\"width:686px;\">\n<div style=\"padding-bottom:56.268221574344%;\"><iframe loading=\"lazy\" title=\"Quick Tips | AgencyBloc Walkthrough\" width=\"686\" height=\"386\" src=\"https:\/\/www.youtube.com\/embed\/ICtk1yr0AME?feature=oembed&amp;wmode=transparent&amp;autohide=1&amp;autoplay=0&amp;disablekb=0&amp;fs=1&amp;loop=0&amp;enablejsapi=1&amp;rel=0&amp;controls=2&amp;showinfo=0&amp;wmode=transparent&amp;autohide=2&amp;autoplay=0&amp;disablekb=0&amp;fs=1&amp;loop=0&amp;enablejsapi=1&amp;rel=0&amp;controls=2&amp;showinfo=1\" frameborder=\"0\" allow=\"accelerometer; autoplay; clipboard-write; encrypted-media; gyroscope; picture-in-picture; web-share\" allowfullscreen><\/iframe><\/div>\n<\/div>\n<h3>AGENCYBLOC &#8211; CARATTERISTICHE<\/h3>\n<ul>\n<li><strong>CRM assicurazione<\/strong>: \u00e8 un software crm specifico per il settore assicurativo vita e malattia per agenzie e agenti che aiuta a semplificare la gestione della vostra attivit\u00e0.<\/li>\n<li><strong>Flusso di lavoro automatizzato<\/strong>: vi aiuta a creare efficienza e processi coerenti in tutta l&#8217;agenzia, in modo da poter lavorare in modo pi\u00f9 intelligente, non pi\u00f9 difficile.<\/li>\n<li><strong>Modulo commissioni<\/strong>: collega agenti, polizze e commissioni per una visione completa della struttura delle commissioni di una polizza, dei pagamenti di ciascun agente e altro ancora.<\/li>\n<li><strong>Pipeline di vendita<\/strong>: traccia le iniziative di vendita in base alla pipeline. Create una pipeline per ogni tipo di prodotto, monitorate i progressi e i successi e migliorate i vostri processi di vendita.<\/li>\n<li><strong>Reporting e analisi dei dati<\/strong>: i solidi strumenti di reporting e di analisi dei dati per le assicurazioni sanitarie e vita vi aiutano a monitorare i successi, a capire le tendenze e a prendere decisioni informate per il futuro.<\/li>\n<li><strong>Gestione dei dati<\/strong>: la vostra agenzia assicurativa contiene molti dati importanti e sensibili, quindi \u00e8 fondamentale disporre di un sistema di gestione dei database che protegga tali informazioni.<\/li>\n<li><strong>Gestione degli agenti<\/strong>: semplificate le comunicazioni tra pi\u00f9 agenti con la dashboard delle attivit\u00e0 e il flusso di lavoro automatizzato per assegnare i compiti e garantire che non si perda nulla.<\/li>\n<li><strong>Spazio cloud<\/strong>: collabora con un servizio di cloud storage di livello mondiale che utilizza un&#8217;architettura collaudata nel settore per garantire sicurezza, affidabilit\u00e0 e ridondanza.<\/li>\n<li><strong>Sicurezza<\/strong>: la sicurezza dei dati \u00e8 fondamentale per la vostra agenzia. L&#8217;azienda prende sul serio la sicurezza dei dati e adotta continuamente misure per mantenere i dati dei clienti al sicuro.<\/li>\n<\/ul>\n<h4>LE RECENSIONI DEGLI UTENTI.<\/h4>\n<p><strong>Shannon &#8220;Recensione AgencyBloc&#8221;<\/strong><br \/>\nPro: Mi piace molto la facilit\u00e0 d&#8217;uso. La pagina principale di dettaglio contiene tutte le informazioni pertinenti sul cliente e le schede in alto consentono di passare facilmente alle Politiche e alle Attivit\u00e0.<br \/>\nContro: Ho ben poco da dire su ci\u00f2 che mi piace di meno di questo software! La mia unica lamentela \u00e8 che l&#8217;unica volta che \u00e8 andato in tilt, ci \u00e8 voluto quasi tutto il giorno prima che tornasse in funzione.<\/p>\n<p><strong>Jara &#8220;Mi piace, ma ho bisogno di un&#8217;interfaccia userfriendly&#8221;.<\/strong><br \/>\nCommenti: Sono stato in grado di usarlo immediatamente e la parte migliore \u00e8 stata che ho avuto l&#8217;aiuto di Agency Bloc per scaricare la mia clientela.<br \/>\nPro: La facilit\u00e0 con cui \u00e8 stato configurato e la formazione fornita.<br \/>\nContro: Ci sono alcune cose che vorrei che facesse, ad esempio se sto lavorando a un caso vorrei che la data di scadenza prevista mi venisse ricordata con una mail. Vorrei anche che il conto mostrasse l&#8217;intera famiglia e non ogni singolo individuo.<\/p>\n<p><strong>Gregory &#8220;Love Agency Bloc!<\/strong><br \/>\nPro: Il prodotto \u00e8 fantastico, fa s\u00ec che la nostra intera stagione AEP si svolga senza problemi e crea un ambiente privo di stress quando ne abbiamo pi\u00f9 bisogno!<br \/>\nContro: Niente, \u00e8 fantastico! Credo che sia necessaria una migliore integrazione con Lead Advantage Pro, ma potrebbe essere difficile.<\/p>\n","protected":false},"excerpt":{"rendered":"<p>AgencyBloc \u00e8 un software CRM di gestione delle aziende che offre strumenti avanzati per garantire lo sviluppo e la crescita dell&#8217;attivit\u00e0. Si rivolge principalmente ad agenzie che operano nel settore di assicurazione sulla vita e sulla salute con l&#8217;obiettivo di automatizzare e semplificare tutte le attivit\u00e0 che normalmente richiedono un grosso investimento di tempo.<\/p>\n","protected":false},"author":17,"featured_media":67179,"parent":5966,"menu_order":0,"comment_status":"open","ping_status":"closed","template":"g1_template_page_review_new.php","meta":{"_acf_changed":false,"cwp_meta_box_check":"No","cwp_rev_product_name":"","cwp_rev_product_image":"","wppr_links":[],"cwp_rev_price":"","wppr_options":[],"wppr_pros":[],"wppr_cons":[],"_monsterinsights_skip_tracking":false,"_monsterinsights_sitenote_active":false,"_monsterinsights_sitenote_note":"","_monsterinsights_sitenote_category":0,"footnotes":""},"categories":[120],"tags":[1835,10875,10874,10761,10765,6303],"features":[],"class_list":{"0":"post-67166","1":"page","2":"type-page","3":"status-publish","4":"has-post-thumbnail","6":"category-crm-it","7":"tag-crm-2-it","8":"tag-crm-piattaforma","9":"tag-crm-programma","10":"tag-crm-software-2-it","11":"tag-crm-soluzione","12":"tag-crm-strategia"},"wppr_data":{"cwp_meta_box_check":"No"},"acf":[],"yoast_head":"<!-- This site is optimized with the Yoast SEO plugin v26.0 - https:\/\/yoast.com\/wordpress\/plugins\/seo\/ -->\n<title>AgencyBloc: recensione software CRM - Accurate Reviews<\/title>\n<meta name=\"description\" content=\"AgencyBloc: recensione del software CRM di gestione delle aziende che offre strumenti avanzati per garantire la crescita dell&#039;attivit\u00e0.\" \/>\n<meta name=\"robots\" content=\"index, follow, max-snippet:-1, max-image-preview:large, max-video-preview:-1\" \/>\n<link rel=\"canonical\" href=\"https:\/\/www.accuratereviews.com\/it\/crm-software-migliori-lista\/agencybloc-recensione\/\" \/>\n<meta property=\"og:locale\" content=\"it_IT\" \/>\n<meta property=\"og:type\" content=\"article\" \/>\n<meta property=\"og:title\" content=\"AgencyBloc: recensione software CRM - Accurate Reviews\" \/>\n<meta property=\"og:description\" content=\"AgencyBloc: recensione del software CRM di gestione delle aziende che offre strumenti avanzati per garantire la crescita dell&#039;attivit\u00e0.\" \/>\n<meta property=\"og:url\" content=\"https:\/\/www.accuratereviews.com\/it\/crm-software-migliori-lista\/agencybloc-recensione\/\" \/>\n<meta property=\"og:site_name\" content=\"Accurate Reviews\" \/>\n<meta property=\"article:modified_time\" content=\"2023-02-16T14:54:43+00:00\" \/>\n<meta property=\"og:image\" content=\"https:\/\/www.accuratereviews.com\/wp-content\/uploads\/2023\/02\/agencybloc-original.jpg\" \/>\n\t<meta property=\"og:image:width\" content=\"1024\" \/>\n\t<meta property=\"og:image:height\" content=\"512\" \/>\n\t<meta property=\"og:image:type\" content=\"image\/jpeg\" \/>\n<meta name=\"twitter:card\" content=\"summary_large_image\" \/>\n<meta name=\"twitter:label1\" content=\"Tempo di lettura stimato\" \/>\n\t<meta name=\"twitter:data1\" content=\"4 minuti\" \/>\n<script type=\"application\/ld+json\" class=\"yoast-schema-graph\">{\"@context\":\"https:\/\/schema.org\",\"@graph\":[{\"@type\":\"WebPage\",\"@id\":\"https:\/\/www.accuratereviews.com\/it\/crm-software-migliori-lista\/agencybloc-recensione\/\",\"url\":\"https:\/\/www.accuratereviews.com\/it\/crm-software-migliori-lista\/agencybloc-recensione\/\",\"name\":\"AgencyBloc: recensione software CRM - Accurate Reviews\",\"isPartOf\":{\"@id\":\"https:\/\/www.accuratereviews.com\/it\/#website\"},\"primaryImageOfPage\":{\"@id\":\"https:\/\/www.accuratereviews.com\/it\/crm-software-migliori-lista\/agencybloc-recensione\/#primaryimage\"},\"image\":{\"@id\":\"https:\/\/www.accuratereviews.com\/it\/crm-software-migliori-lista\/agencybloc-recensione\/#primaryimage\"},\"thumbnailUrl\":\"https:\/\/www.accuratereviews.com\/wp-content\/uploads\/2023\/02\/agencybloc-original.jpg\",\"datePublished\":\"2023-02-14T12:38:38+00:00\",\"dateModified\":\"2023-02-16T14:54:43+00:00\",\"description\":\"AgencyBloc: recensione del software CRM di gestione delle aziende che offre strumenti avanzati per garantire la crescita dell'attivit\u00e0.\",\"breadcrumb\":{\"@id\":\"https:\/\/www.accuratereviews.com\/it\/crm-software-migliori-lista\/agencybloc-recensione\/#breadcrumb\"},\"inLanguage\":\"it-IT\",\"potentialAction\":[{\"@type\":\"ReadAction\",\"target\":[\"https:\/\/www.accuratereviews.com\/it\/crm-software-migliori-lista\/agencybloc-recensione\/\"]}]},{\"@type\":\"ImageObject\",\"inLanguage\":\"it-IT\",\"@id\":\"https:\/\/www.accuratereviews.com\/it\/crm-software-migliori-lista\/agencybloc-recensione\/#primaryimage\",\"url\":\"https:\/\/www.accuratereviews.com\/wp-content\/uploads\/2023\/02\/agencybloc-original.jpg\",\"contentUrl\":\"https:\/\/www.accuratereviews.com\/wp-content\/uploads\/2023\/02\/agencybloc-original.jpg\",\"width\":1024,\"height\":512},{\"@type\":\"BreadcrumbList\",\"@id\":\"https:\/\/www.accuratereviews.com\/it\/crm-software-migliori-lista\/agencybloc-recensione\/#breadcrumb\",\"itemListElement\":[{\"@type\":\"ListItem\",\"position\":1,\"name\":\"Home\",\"item\":\"https:\/\/www.accuratereviews.com\/it\/\"},{\"@type\":\"ListItem\",\"position\":2,\"name\":\"CRM: i software migliori\",\"item\":\"https:\/\/www.accuratereviews.com\/it\/crm-software-migliori-lista\/\"},{\"@type\":\"ListItem\",\"position\":3,\"name\":\"AgencyBloc\"}]},{\"@type\":\"WebSite\",\"@id\":\"https:\/\/www.accuratereviews.com\/it\/#website\",\"url\":\"https:\/\/www.accuratereviews.com\/it\/\",\"name\":\"Accurate Reviews\",\"description\":\"\",\"potentialAction\":[{\"@type\":\"SearchAction\",\"target\":{\"@type\":\"EntryPoint\",\"urlTemplate\":\"https:\/\/www.accuratereviews.com\/it\/?s={search_term_string}\"},\"query-input\":{\"@type\":\"PropertyValueSpecification\",\"valueRequired\":true,\"valueName\":\"search_term_string\"}}],\"inLanguage\":\"it-IT\"}]}<\/script>\n<!-- \/ Yoast SEO plugin. -->","yoast_head_json":{"title":"AgencyBloc: recensione software CRM - Accurate Reviews","description":"AgencyBloc: recensione del software CRM di gestione delle aziende che offre strumenti avanzati per garantire la crescita dell'attivit\u00e0.","robots":{"index":"index","follow":"follow","max-snippet":"max-snippet:-1","max-image-preview":"max-image-preview:large","max-video-preview":"max-video-preview:-1"},"canonical":"https:\/\/www.accuratereviews.com\/it\/crm-software-migliori-lista\/agencybloc-recensione\/","og_locale":"it_IT","og_type":"article","og_title":"AgencyBloc: recensione software CRM - Accurate Reviews","og_description":"AgencyBloc: recensione del software CRM di gestione delle aziende che offre strumenti avanzati per garantire la crescita dell'attivit\u00e0.","og_url":"https:\/\/www.accuratereviews.com\/it\/crm-software-migliori-lista\/agencybloc-recensione\/","og_site_name":"Accurate Reviews","article_modified_time":"2023-02-16T14:54:43+00:00","og_image":[{"width":1024,"height":512,"url":"https:\/\/www.accuratereviews.com\/wp-content\/uploads\/2023\/02\/agencybloc-original.jpg","type":"image\/jpeg"}],"twitter_card":"summary_large_image","twitter_misc":{"Tempo di lettura stimato":"4 minuti"},"schema":{"@context":"https:\/\/schema.org","@graph":[{"@type":"WebPage","@id":"https:\/\/www.accuratereviews.com\/it\/crm-software-migliori-lista\/agencybloc-recensione\/","url":"https:\/\/www.accuratereviews.com\/it\/crm-software-migliori-lista\/agencybloc-recensione\/","name":"AgencyBloc: recensione software CRM - Accurate Reviews","isPartOf":{"@id":"https:\/\/www.accuratereviews.com\/it\/#website"},"primaryImageOfPage":{"@id":"https:\/\/www.accuratereviews.com\/it\/crm-software-migliori-lista\/agencybloc-recensione\/#primaryimage"},"image":{"@id":"https:\/\/www.accuratereviews.com\/it\/crm-software-migliori-lista\/agencybloc-recensione\/#primaryimage"},"thumbnailUrl":"https:\/\/www.accuratereviews.com\/wp-content\/uploads\/2023\/02\/agencybloc-original.jpg","datePublished":"2023-02-14T12:38:38+00:00","dateModified":"2023-02-16T14:54:43+00:00","description":"AgencyBloc: recensione del software CRM di gestione delle aziende che offre strumenti avanzati per garantire la crescita dell'attivit\u00e0.","breadcrumb":{"@id":"https:\/\/www.accuratereviews.com\/it\/crm-software-migliori-lista\/agencybloc-recensione\/#breadcrumb"},"inLanguage":"it-IT","potentialAction":[{"@type":"ReadAction","target":["https:\/\/www.accuratereviews.com\/it\/crm-software-migliori-lista\/agencybloc-recensione\/"]}]},{"@type":"ImageObject","inLanguage":"it-IT","@id":"https:\/\/www.accuratereviews.com\/it\/crm-software-migliori-lista\/agencybloc-recensione\/#primaryimage","url":"https:\/\/www.accuratereviews.com\/wp-content\/uploads\/2023\/02\/agencybloc-original.jpg","contentUrl":"https:\/\/www.accuratereviews.com\/wp-content\/uploads\/2023\/02\/agencybloc-original.jpg","width":1024,"height":512},{"@type":"BreadcrumbList","@id":"https:\/\/www.accuratereviews.com\/it\/crm-software-migliori-lista\/agencybloc-recensione\/#breadcrumb","itemListElement":[{"@type":"ListItem","position":1,"name":"Home","item":"https:\/\/www.accuratereviews.com\/it\/"},{"@type":"ListItem","position":2,"name":"CRM: i software migliori","item":"https:\/\/www.accuratereviews.com\/it\/crm-software-migliori-lista\/"},{"@type":"ListItem","position":3,"name":"AgencyBloc"}]},{"@type":"WebSite","@id":"https:\/\/www.accuratereviews.com\/it\/#website","url":"https:\/\/www.accuratereviews.com\/it\/","name":"Accurate Reviews","description":"","potentialAction":[{"@type":"SearchAction","target":{"@type":"EntryPoint","urlTemplate":"https:\/\/www.accuratereviews.com\/it\/?s={search_term_string}"},"query-input":{"@type":"PropertyValueSpecification","valueRequired":true,"valueName":"search_term_string"}}],"inLanguage":"it-IT"}]}},"_links":{"self":[{"href":"https:\/\/www.accuratereviews.com\/it\/wp-json\/wp\/v2\/pages\/67166","targetHints":{"allow":["GET"]}}],"collection":[{"href":"https:\/\/www.accuratereviews.com\/it\/wp-json\/wp\/v2\/pages"}],"about":[{"href":"https:\/\/www.accuratereviews.com\/it\/wp-json\/wp\/v2\/types\/page"}],"author":[{"embeddable":true,"href":"https:\/\/www.accuratereviews.com\/it\/wp-json\/wp\/v2\/users\/17"}],"replies":[{"embeddable":true,"href":"https:\/\/www.accuratereviews.com\/it\/wp-json\/wp\/v2\/comments?post=67166"}],"version-history":[{"count":7,"href":"https:\/\/www.accuratereviews.com\/it\/wp-json\/wp\/v2\/pages\/67166\/revisions"}],"predecessor-version":[{"id":67261,"href":"https:\/\/www.accuratereviews.com\/it\/wp-json\/wp\/v2\/pages\/67166\/revisions\/67261"}],"up":[{"embeddable":true,"href":"https:\/\/www.accuratereviews.com\/it\/wp-json\/wp\/v2\/pages\/5966"}],"wp:featuredmedia":[{"embeddable":true,"href":"https:\/\/www.accuratereviews.com\/it\/wp-json\/wp\/v2\/media\/67179"}],"wp:attachment":[{"href":"https:\/\/www.accuratereviews.com\/it\/wp-json\/wp\/v2\/media?parent=67166"}],"wp:term":[{"taxonomy":"category","embeddable":true,"href":"https:\/\/www.accuratereviews.com\/it\/wp-json\/wp\/v2\/categories?post=67166"},{"taxonomy":"post_tag","embeddable":true,"href":"https:\/\/www.accuratereviews.com\/it\/wp-json\/wp\/v2\/tags?post=67166"},{"taxonomy":"features","embeddable":true,"href":"https:\/\/www.accuratereviews.com\/it\/wp-json\/wp\/v2\/features?post=67166"}],"curies":[{"name":"wp","href":"https:\/\/api.w.org\/{rel}","templated":true}]}}