{"id":67218,"date":"2023-02-15T10:53:16","date_gmt":"2023-02-15T10:53:16","guid":{"rendered":"https:\/\/www.accuratereviews.com\/?page_id=67218"},"modified":"2023-02-15T10:53:16","modified_gmt":"2023-02-15T10:53:16","slug":"workbooks-recensione","status":"publish","type":"page","link":"https:\/\/www.accuratereviews.com\/it\/crm-software-migliori-lista\/workbooks-recensione\/","title":{"rendered":"Workbooks"},"content":{"rendered":"<p><strong>Workbooks<\/strong> \u00e8 un <strong>software CRM<\/strong> che si rivolge a professionisti del marketing, ad aziende che operano nel settore finanziario e commerciale e a team che desiderano aumentare l&#8217;efficienza lavorativa, aumentare le vendite e migliorare la soddisfazione dei propri clienti. Utilizzando una piattaforma come questa, basata su cloud e completamente personalizzabile in base alle proprie esigenze, diventa possibile raggiungere gli obiettivi appena elencati.<br \/>\n<strong>Workbooks<\/strong> \u00e8 una <strong>soluzione all-in-one<\/strong> che ti permette di mettere al centro i clienti e di costruire un legame forte con loro, che va solo a dare un valore aggiunto al tuo business.<\/p>\n<h2>WORKBOOKS &#8211; TUTORIAL<\/h2>\n<div id=\"fluid-wrapper-counter-1\" class=\"g1-fluid-wrapper \" style=\"width:686px;\">\n<div style=\"padding-bottom:56.268221574344%;\"><iframe loading=\"lazy\" title=\"Introduction to Workbooks CRM\" width=\"686\" height=\"386\" src=\"https:\/\/www.youtube.com\/embed\/Hcwfv8PbUXU?feature=oembed&amp;wmode=transparent&amp;autohide=1&amp;autoplay=0&amp;disablekb=0&amp;fs=1&amp;loop=0&amp;enablejsapi=1&amp;rel=0&amp;controls=2&amp;showinfo=0&amp;wmode=transparent&amp;autohide=2&amp;autoplay=0&amp;disablekb=0&amp;fs=1&amp;loop=0&amp;enablejsapi=1&amp;rel=0&amp;controls=2&amp;showinfo=1\" frameborder=\"0\" allow=\"accelerometer; autoplay; clipboard-write; encrypted-media; gyroscope; picture-in-picture; web-share\" allowfullscreen><\/iframe><\/div>\n<\/div>\n<h3>WORKBOOKS &#8211; CARATTERISTICHE<\/h3>\n<ul>\n<li>Migliora l&#8217;esperienza e la trasparenza dei clienti grazie alla possibilit\u00e0 di accedere facilmente a documenti e dati accurati sulle transazioni, sia a monte (team di vendita e marketing, per esempio) che a valle (team di produzione\/adempimento, team di assistenza, ecc.)<\/li>\n<li>Gestisci facilmente i casi del servizio clienti in un ambiente multicanale, in modo che i casi e gli insegnamenti siano condivisi tra web, telefono, email e chat, offrendo al cliente un&#8217;esperienza coerente indipendentemente dal canale che preferisce.<\/li>\n<li>Ospita il self-service online, aiutando i clienti a trovare le proprie soluzioni e liberando cos\u00ec il team di assistenza per concentrarsi su attivit\u00e0 di maggior valore. Costruisci un quadro sempre pi\u00f9 dettagliato delle competenze e delle conoscenze degli agenti, consentendo l&#8217;instradamento automatico dei casi all&#8217;agente pi\u00f9 qualificato per risolverli.<\/li>\n<li>Acquisisci le conoscenze necessarie per migliorare la prospezione delle vendite, gestire efficacemente le opportunit\u00e0, aumentare i tassi di conversione e condividere le best practice. Acquisisci informazioni sulla pipeline di vendita e sulle prestazioni, aiutandoti a perfezionare il processo di vendita e a ottimizzare ogni ciclo di vendita in modo che il tuo team di vendita possa fare previsioni pi\u00f9 efficaci. Analizza le metriche chiave ed evolvi la tua strategia in risposta.<\/li>\n<li>Gestisci campagne ed eventi efficaci da un&#8217;unica piattaforma, gestisci meglio il carico di lavoro del tuo team, stabilisci le priorit\u00e0 delle risorse di marketing in modo efficace e assicurati che i tuoi team di vendita seguano i lead con maggiori probabilit\u00e0 di conversione.<\/li>\n<\/ul>\n<h4>LE RECENSIONI DEGLI UTENTI<\/h4>\n<p><strong>Dianne &#8220;Non potrei fare il mio lavoro senza Workbooks. \u00c8 la prima cosa a cui accedo ogni giorno&#8221;.<\/strong><br \/>\nCommenti: Mi aiuta a vendere. Catturiamo i lead direttamente dal nostro sito web e seguiamo il prospect dalla richiesta iniziale fino alla vendita finale e oltre, utilizzando i workbook.<br \/>\nPro: La funzione di pianificazione delle attivit\u00e0 mi aiuta a tenere sotto controllo tutte le mie attivit\u00e0 di vendita, in modo da non perdere mai l&#8217;opportunit\u00e0 di tenermi in contatto con i potenziali clienti. Mi piacciono anche le funzioni di marketing che ci permettono di rivolgerci a tipi specifici di clienti e potenziali clienti con offerte personalizzate.<br \/>\nContro: L&#8217;unica area che vorremmo vedere migliorata \u00e8 la gestione dei casi. Penso che il software potrebbe essere un po&#8217; pi\u00f9 intuitivo e automatizzato per quanto riguarda le comunicazioni con i clienti.<\/p>\n<p><strong>Nicola &#8220;Recensione di Workbooks&#8221;<\/strong><br \/>\nCommenti: Nel complesso \u00e8 molto buono, il supporto \u00e8 eccellente e il team \u00e8 molto disponibile.<br \/>\nPro: Le funzioni di reportistica &#8211; la possibilit\u00e0 di costruirli da soli.<br \/>\nContro: A volte \u00e8 complicato, soprattutto con le relazioni multiple.<\/p>\n<p><strong>Paolo &#8220;Prodotto eccellente&#8221;<\/strong><br \/>\nCommenti: Non \u00e8 mai un problema lavorare su questo software, \u00e8 facile da usare e il supporto \u00e8 brillante<br \/>\nPro: Semplicit\u00e0, integrazione e funzionalit\u00e0<br \/>\nContro: Creare i report \u00e8 un po&#8217; una sfida.<\/p>\n","protected":false},"excerpt":{"rendered":"<p>Workbooks \u00e8 un software CRM che si rivolge a professionisti del marketing, ad aziende che operano nel settore finanziario e commerciale e a team che desiderano aumentare l&#8217;efficienza lavorativa, aumentare le vendite e migliorare la soddisfazione dei propri clienti. Utilizzando una piattaforma come questa, diventa possibile raggiungere gli obiettivi appena elencati.<\/p>\n","protected":false},"author":17,"featured_media":67219,"parent":5966,"menu_order":0,"comment_status":"open","ping_status":"closed","template":"g1_template_page_review_new.php","meta":{"_acf_changed":false,"cwp_meta_box_check":"No","cwp_rev_product_name":"","cwp_rev_product_image":"","wppr_links":[],"cwp_rev_price":"","wppr_options":[],"wppr_pros":[],"wppr_cons":[],"_monsterinsights_skip_tracking":false,"_monsterinsights_sitenote_active":false,"_monsterinsights_sitenote_note":"","_monsterinsights_sitenote_category":0,"footnotes":""},"categories":[120],"tags":[1835,10875,10874,10761,10765,6303],"features":[],"class_list":{"0":"post-67218","1":"page","2":"type-page","3":"status-publish","4":"has-post-thumbnail","6":"category-crm-it","7":"tag-crm-2-it","8":"tag-crm-piattaforma","9":"tag-crm-programma","10":"tag-crm-software-2-it","11":"tag-crm-soluzione","12":"tag-crm-strategia"},"wppr_data":{"cwp_meta_box_check":"No"},"acf":[],"yoast_head":"<!-- This site is optimized with the Yoast SEO plugin v27.4 - https:\/\/yoast.com\/product\/yoast-seo-wordpress\/ -->\n<title>Workbooks: recensione software CRM - Accurate Reviews<\/title>\n<meta name=\"description\" content=\"Workbooks \u00e8 un software CRM che permette di aumentare le vendite e migliorare la soddisfazione dei propri clienti.\" \/>\n<meta name=\"robots\" content=\"index, follow, max-snippet:-1, max-image-preview:large, max-video-preview:-1\" \/>\n<link rel=\"canonical\" href=\"https:\/\/www.accuratereviews.com\/it\/crm-software-migliori-lista\/workbooks-recensione\/\" \/>\n<meta property=\"og:locale\" content=\"it_IT\" \/>\n<meta property=\"og:type\" content=\"article\" \/>\n<meta property=\"og:title\" content=\"Workbooks: recensione software CRM - Accurate Reviews\" \/>\n<meta property=\"og:description\" content=\"Workbooks \u00e8 un software CRM che permette di aumentare le vendite e migliorare la soddisfazione dei propri clienti.\" \/>\n<meta property=\"og:url\" content=\"https:\/\/www.accuratereviews.com\/it\/crm-software-migliori-lista\/workbooks-recensione\/\" \/>\n<meta property=\"og:site_name\" content=\"Accurate Reviews\" \/>\n<meta property=\"og:image\" content=\"https:\/\/www.accuratereviews.com\/wp-content\/uploads\/2023\/02\/Workbooks.png\" \/>\n\t<meta property=\"og:image:width\" content=\"6226\" \/>\n\t<meta property=\"og:image:height\" content=\"705\" \/>\n\t<meta property=\"og:image:type\" content=\"image\/png\" \/>\n<meta name=\"twitter:card\" content=\"summary_large_image\" \/>\n<meta name=\"twitter:label1\" content=\"Tempo di lettura stimato\" \/>\n\t<meta name=\"twitter:data1\" content=\"3 minuti\" \/>\n<script type=\"application\/ld+json\" class=\"yoast-schema-graph\">{\"@context\":\"https:\\\/\\\/schema.org\",\"@graph\":[{\"@type\":\"WebPage\",\"@id\":\"https:\\\/\\\/www.accuratereviews.com\\\/it\\\/crm-software-migliori-lista\\\/workbooks-recensione\\\/\",\"url\":\"https:\\\/\\\/www.accuratereviews.com\\\/it\\\/crm-software-migliori-lista\\\/workbooks-recensione\\\/\",\"name\":\"Workbooks: recensione software CRM - Accurate Reviews\",\"isPartOf\":{\"@id\":\"https:\\\/\\\/www.accuratereviews.com\\\/it\\\/#website\"},\"primaryImageOfPage\":{\"@id\":\"https:\\\/\\\/www.accuratereviews.com\\\/it\\\/crm-software-migliori-lista\\\/workbooks-recensione\\\/#primaryimage\"},\"image\":{\"@id\":\"https:\\\/\\\/www.accuratereviews.com\\\/it\\\/crm-software-migliori-lista\\\/workbooks-recensione\\\/#primaryimage\"},\"thumbnailUrl\":\"https:\\\/\\\/www.accuratereviews.com\\\/wp-content\\\/uploads\\\/2023\\\/02\\\/Workbooks.png\",\"datePublished\":\"2023-02-15T10:53:16+00:00\",\"description\":\"Workbooks \u00e8 un software CRM che permette di aumentare le vendite e migliorare la soddisfazione dei propri clienti.\",\"breadcrumb\":{\"@id\":\"https:\\\/\\\/www.accuratereviews.com\\\/it\\\/crm-software-migliori-lista\\\/workbooks-recensione\\\/#breadcrumb\"},\"inLanguage\":\"it-IT\",\"potentialAction\":[{\"@type\":\"ReadAction\",\"target\":[\"https:\\\/\\\/www.accuratereviews.com\\\/it\\\/crm-software-migliori-lista\\\/workbooks-recensione\\\/\"]}]},{\"@type\":\"ImageObject\",\"inLanguage\":\"it-IT\",\"@id\":\"https:\\\/\\\/www.accuratereviews.com\\\/it\\\/crm-software-migliori-lista\\\/workbooks-recensione\\\/#primaryimage\",\"url\":\"https:\\\/\\\/www.accuratereviews.com\\\/wp-content\\\/uploads\\\/2023\\\/02\\\/Workbooks.png\",\"contentUrl\":\"https:\\\/\\\/www.accuratereviews.com\\\/wp-content\\\/uploads\\\/2023\\\/02\\\/Workbooks.png\",\"width\":6226,\"height\":705},{\"@type\":\"BreadcrumbList\",\"@id\":\"https:\\\/\\\/www.accuratereviews.com\\\/it\\\/crm-software-migliori-lista\\\/workbooks-recensione\\\/#breadcrumb\",\"itemListElement\":[{\"@type\":\"ListItem\",\"position\":1,\"name\":\"Home\",\"item\":\"https:\\\/\\\/www.accuratereviews.com\\\/it\\\/\"},{\"@type\":\"ListItem\",\"position\":2,\"name\":\"CRM: i software migliori\",\"item\":\"https:\\\/\\\/www.accuratereviews.com\\\/it\\\/crm-software-migliori-lista\\\/\"},{\"@type\":\"ListItem\",\"position\":3,\"name\":\"Workbooks\"}]},{\"@type\":\"WebSite\",\"@id\":\"https:\\\/\\\/www.accuratereviews.com\\\/it\\\/#website\",\"url\":\"https:\\\/\\\/www.accuratereviews.com\\\/it\\\/\",\"name\":\"Accurate Reviews\",\"description\":\"\",\"potentialAction\":[{\"@type\":\"SearchAction\",\"target\":{\"@type\":\"EntryPoint\",\"urlTemplate\":\"https:\\\/\\\/www.accuratereviews.com\\\/it\\\/?s={search_term_string}\"},\"query-input\":{\"@type\":\"PropertyValueSpecification\",\"valueRequired\":true,\"valueName\":\"search_term_string\"}}],\"inLanguage\":\"it-IT\"}]}<\/script>\n<!-- \/ Yoast SEO plugin. -->","yoast_head_json":{"title":"Workbooks: recensione software CRM - Accurate Reviews","description":"Workbooks \u00e8 un software CRM che permette di aumentare le vendite e migliorare la soddisfazione dei propri clienti.","robots":{"index":"index","follow":"follow","max-snippet":"max-snippet:-1","max-image-preview":"max-image-preview:large","max-video-preview":"max-video-preview:-1"},"canonical":"https:\/\/www.accuratereviews.com\/it\/crm-software-migliori-lista\/workbooks-recensione\/","og_locale":"it_IT","og_type":"article","og_title":"Workbooks: recensione software CRM - Accurate Reviews","og_description":"Workbooks \u00e8 un software CRM che permette di aumentare le vendite e migliorare la soddisfazione dei propri clienti.","og_url":"https:\/\/www.accuratereviews.com\/it\/crm-software-migliori-lista\/workbooks-recensione\/","og_site_name":"Accurate Reviews","og_image":[{"width":6226,"height":705,"url":"https:\/\/www.accuratereviews.com\/wp-content\/uploads\/2023\/02\/Workbooks.png","type":"image\/png"}],"twitter_card":"summary_large_image","twitter_misc":{"Tempo di lettura stimato":"3 minuti"},"schema":{"@context":"https:\/\/schema.org","@graph":[{"@type":"WebPage","@id":"https:\/\/www.accuratereviews.com\/it\/crm-software-migliori-lista\/workbooks-recensione\/","url":"https:\/\/www.accuratereviews.com\/it\/crm-software-migliori-lista\/workbooks-recensione\/","name":"Workbooks: recensione software CRM - Accurate Reviews","isPartOf":{"@id":"https:\/\/www.accuratereviews.com\/it\/#website"},"primaryImageOfPage":{"@id":"https:\/\/www.accuratereviews.com\/it\/crm-software-migliori-lista\/workbooks-recensione\/#primaryimage"},"image":{"@id":"https:\/\/www.accuratereviews.com\/it\/crm-software-migliori-lista\/workbooks-recensione\/#primaryimage"},"thumbnailUrl":"https:\/\/www.accuratereviews.com\/wp-content\/uploads\/2023\/02\/Workbooks.png","datePublished":"2023-02-15T10:53:16+00:00","description":"Workbooks \u00e8 un software CRM che permette di aumentare le vendite e migliorare la soddisfazione dei propri clienti.","breadcrumb":{"@id":"https:\/\/www.accuratereviews.com\/it\/crm-software-migliori-lista\/workbooks-recensione\/#breadcrumb"},"inLanguage":"it-IT","potentialAction":[{"@type":"ReadAction","target":["https:\/\/www.accuratereviews.com\/it\/crm-software-migliori-lista\/workbooks-recensione\/"]}]},{"@type":"ImageObject","inLanguage":"it-IT","@id":"https:\/\/www.accuratereviews.com\/it\/crm-software-migliori-lista\/workbooks-recensione\/#primaryimage","url":"https:\/\/www.accuratereviews.com\/wp-content\/uploads\/2023\/02\/Workbooks.png","contentUrl":"https:\/\/www.accuratereviews.com\/wp-content\/uploads\/2023\/02\/Workbooks.png","width":6226,"height":705},{"@type":"BreadcrumbList","@id":"https:\/\/www.accuratereviews.com\/it\/crm-software-migliori-lista\/workbooks-recensione\/#breadcrumb","itemListElement":[{"@type":"ListItem","position":1,"name":"Home","item":"https:\/\/www.accuratereviews.com\/it\/"},{"@type":"ListItem","position":2,"name":"CRM: i software migliori","item":"https:\/\/www.accuratereviews.com\/it\/crm-software-migliori-lista\/"},{"@type":"ListItem","position":3,"name":"Workbooks"}]},{"@type":"WebSite","@id":"https:\/\/www.accuratereviews.com\/it\/#website","url":"https:\/\/www.accuratereviews.com\/it\/","name":"Accurate Reviews","description":"","potentialAction":[{"@type":"SearchAction","target":{"@type":"EntryPoint","urlTemplate":"https:\/\/www.accuratereviews.com\/it\/?s={search_term_string}"},"query-input":{"@type":"PropertyValueSpecification","valueRequired":true,"valueName":"search_term_string"}}],"inLanguage":"it-IT"}]}},"_links":{"self":[{"href":"https:\/\/www.accuratereviews.com\/it\/wp-json\/wp\/v2\/pages\/67218","targetHints":{"allow":["GET"]}}],"collection":[{"href":"https:\/\/www.accuratereviews.com\/it\/wp-json\/wp\/v2\/pages"}],"about":[{"href":"https:\/\/www.accuratereviews.com\/it\/wp-json\/wp\/v2\/types\/page"}],"author":[{"embeddable":true,"href":"https:\/\/www.accuratereviews.com\/it\/wp-json\/wp\/v2\/users\/17"}],"replies":[{"embeddable":true,"href":"https:\/\/www.accuratereviews.com\/it\/wp-json\/wp\/v2\/comments?post=67218"}],"version-history":[{"count":2,"href":"https:\/\/www.accuratereviews.com\/it\/wp-json\/wp\/v2\/pages\/67218\/revisions"}],"predecessor-version":[{"id":67225,"href":"https:\/\/www.accuratereviews.com\/it\/wp-json\/wp\/v2\/pages\/67218\/revisions\/67225"}],"up":[{"embeddable":true,"href":"https:\/\/www.accuratereviews.com\/it\/wp-json\/wp\/v2\/pages\/5966"}],"wp:featuredmedia":[{"embeddable":true,"href":"https:\/\/www.accuratereviews.com\/it\/wp-json\/wp\/v2\/media\/67219"}],"wp:attachment":[{"href":"https:\/\/www.accuratereviews.com\/it\/wp-json\/wp\/v2\/media?parent=67218"}],"wp:term":[{"taxonomy":"category","embeddable":true,"href":"https:\/\/www.accuratereviews.com\/it\/wp-json\/wp\/v2\/categories?post=67218"},{"taxonomy":"post_tag","embeddable":true,"href":"https:\/\/www.accuratereviews.com\/it\/wp-json\/wp\/v2\/tags?post=67218"},{"taxonomy":"features","embeddable":true,"href":"https:\/\/www.accuratereviews.com\/it\/wp-json\/wp\/v2\/features?post=67218"}],"curies":[{"name":"wp","href":"https:\/\/api.w.org\/{rel}","templated":true}]}}