{"id":67246,"date":"2023-02-16T15:21:27","date_gmt":"2023-02-16T15:21:27","guid":{"rendered":"https:\/\/www.accuratereviews.com\/?page_id=67246"},"modified":"2023-02-16T15:32:45","modified_gmt":"2023-02-16T15:32:45","slug":"vyond-recensione","status":"publish","type":"page","link":"https:\/\/www.accuratereviews.com\/it\/video-editing-lista-software\/vyond-recensione\/","title":{"rendered":"Vyond"},"content":{"rendered":"<p><strong>Vyond<\/strong> \u00e8 una<strong> soluzione di animazione,<\/strong> basata su <strong>cloud<\/strong>, progettata per aiutare le organizzazioni a creare video animati professionali per scopi di formazione, marketing e risorse umane. Le funzionalit\u00e0 principali includono la collaborazione in team, la gestione delle risorse, la visualizzazione dei dati, l&#8217;accesso remoto, l&#8217;importazione dei dati e uno strumento lavagna. L&#8217;applicazione consente alle aziende di creare video personalizzati specifici del marchio utilizzando una libreria di modelli, suoni o oggetti di scena, nonch\u00e9 di pubblicarli sui canali dei social media e sulle piattaforme LMS. Gli esperti di marketing possono utilizzare <strong>Vyond<\/strong> per generare annunci o messaggi video promozionali e creare campagne come spiegazioni di prodotti e GIF animate per un pubblico mirato. Consente ai progettisti di preparare contenuti dinamici utilizzando pi\u00f9 stili\/personaggi e consente agli utenti di aggiungere animazioni attraverso movimenti realistici, azioni e sincronizzazione labiale automatizzata.<\/p>\n<h2>VYOND &#8211; TUTORIAL<\/h2>\n<div id=\"fluid-wrapper-counter-1\" class=\"g1-fluid-wrapper \" style=\"width:686px;\">\n<div style=\"padding-bottom:56.268221574344%;\"><iframe loading=\"lazy\" title=\"Taylor Tinkers | Non-Human Characters\" width=\"515\" height=\"386\" src=\"https:\/\/www.youtube.com\/embed\/SgrwBZ8VuRU?feature=oembed&amp;wmode=transparent&amp;autohide=1&amp;autoplay=0&amp;disablekb=0&amp;fs=1&amp;loop=0&amp;enablejsapi=1&amp;rel=0&amp;controls=2&amp;showinfo=0&amp;wmode=transparent&amp;autohide=2&amp;autoplay=0&amp;disablekb=0&amp;fs=1&amp;loop=0&amp;enablejsapi=1&amp;rel=0&amp;controls=2&amp;showinfo=1\" frameborder=\"0\" allow=\"accelerometer; autoplay; clipboard-write; encrypted-media; gyroscope; picture-in-picture; web-share\" allowfullscreen><\/iframe><\/div>\n<\/div>\n<h3>VYOND &#8211; CARATTERISTICHE<\/h3>\n<ul>\n<li><strong>Veloce ed efficiente<\/strong>: le scene basate su modelli, l&#8217;interfaccia drag-and-drop e l&#8217;interfaccia utente intuitiva e adattiva lo rendono veloce. L&#8217;efficienza deriva dalla capacit\u00e0 di lavorare facilmente in pi\u00f9 fasi, facendo circolare continuamente bozze per feedback e revisione.<\/li>\n<li><strong>Conforme al marchio<\/strong>: semplifica il caricamento dei loghi aziendali e dei caratteri, la modifica dei colori delle risorse o dei modelli chiave, la personalizzazione dell&#8217;abbigliamento\/uniformi dei personaggi o persino la rimozione completa delle caratteristiche facciali dei personaggi. Le funzionalit\u00e0 &#8220;da foto ad asset&#8221; e &#8220;da video a motion capture&#8221; basate sull&#8217;intelligenza artificiale consentiranno a qualsiasi cosa nel tuo ambiente di lavoro di diventare una risorsa nella tua libreria.<\/li>\n<li><strong>Infosec e privacy dei dati<\/strong>: unico studio di creazione video agile che supporta i rigorosi requisiti di sicurezza delle organizzazioni aziendali. Offre funzionalit\u00e0 spesso richieste come SSO, complessit\u00e0 della password personalizzabile, protezione dell&#8217;accesso e whitelist IP. Sono disponibili anche opzioni avanzate come il partizionamento dei dati (che impedisce la commistione dei dati).<\/li>\n<li><strong>Scalabilit\u00e0 e affidabilit\u00e0<\/strong>: la semplicit\u00e0 garantisce che possa essere utilizzato da chiunque. La sua robusta infrastruttura cloud assicura che rimanga scattante e reattivo, anche con centinaia di migliaia di utenti simultanei. I clienti Vyond hanno goduto di un tempo di attivit\u00e0 superiore al 99,85% per diversi anni consecutivi.<\/li>\n<li><strong>ROI<\/strong>: accelerazione dei risultati aziendali:\u00a0I video della soluzione sono 10 volte pi\u00f9 efficienti, convenienti e intuitivi da creare ad alta velocit\u00e0 rispetto agli approcci di produzione video legacy. I clienti aziendali registrano un aumento del 130% o pi\u00f9 dei tassi di coinvolgimento, risparmiando milioni di dollari nel tempo rispetto alle costose agenzie.<\/li>\n<\/ul>\n<h4>LE RECENSIONI DEGLI UTENTI<\/h4>\n<p><strong>Barbara &#8220;Vyond per elearning&#8221;<\/strong><br \/>\n<strong>Commenti<\/strong>: Software dotato di buone librerie, di facile utilizzo per creare animazioni semplici ma volendo anche molto complesse. perfetto per lo storytelling<br \/>\n<strong>Pro<\/strong>: Semplicit\u00e0 di utilizzo anche per non esperti<br \/>\n<strong>Contro<\/strong>: Qualche problema nel caricare le librerie<\/p>\n<p><strong>Carol &#8220;Vyond un ottimo strumento per la creazione di video&#8221;<\/strong><br \/>\n<strong>Commenti<\/strong>: Mi piace usare Vyond per creare video di formazione e presentazioni interessanti per coinvolgere i nostri dipendenti.<br \/>\n<strong>Pro<\/strong>: Adoro il fatto che Vyond ti dia la possibilit\u00e0 di creare video con facilit\u00e0 e che tu possa usare cartoni animati o personaggi seri. Ha anche migliorato la sintesi vocale che uso molto nella mia creazione di video. Mi piace poter creare i miei personaggi da usare nei miei video.<br \/>\n<strong>Contro<\/strong>: Penso che Vyond possa migliorare le proprie funzionalit\u00e0 di editing. Devono semplificare l&#8217;importazione di mp4 ed essere in grado di modificarli con le transizioni e l&#8217;animazione. Devono offrire pi\u00f9 opzioni per abbigliamento e caratteristiche durante la creazione dei personaggi.<\/p>\n<p><strong>Lisbeth &#8220;Esperienza, creazione e apprendimento.&#8221;<\/strong><br \/>\n<strong>Commenti<\/strong>: Mi sembra un ottimo ed accattivante software piacevole in tante funzioni ed in costante crescita<br \/>\n<strong>Pro<\/strong>: Mi piace molto che grazie a questo possiamo condividere il nostro lavoro internamente con altri utenti, la piattaforma \u00e8 semplice, ha una variet\u00e0 di contenuti e funzioni che ti permettono di creare quasi tutto.<br \/>\n<strong>Contro<\/strong>: Ho riscontrato arresti anomali e interruzioni occasionali, rendendo difficile la ripresa di un progetto poich\u00e9 \u00e8 stato aggiunto da qualche altra parte.<\/p>\n","protected":false},"excerpt":{"rendered":"<p>Vyond \u00e8 una soluzione di animazione basata su cloud progettata per aiutare le organizzazioni a creare video animati professionali per scopi di formazione, marketing e risorse umane. Le funzionalit\u00e0 principali includono la collaborazione in team, la gestione delle risorse, la visualizzazione dei dati, l&#8217;accesso remoto, l&#8217;importazione dei dati e uno strumento lavagna.<\/p>\n","protected":false},"author":19,"featured_media":67251,"parent":7571,"menu_order":0,"comment_status":"open","ping_status":"closed","template":"g1_template_page_review_new.php","meta":{"_acf_changed":false,"cwp_meta_box_check":"Yes","cwp_rev_product_name":"","cwp_rev_product_image":"","wppr_links":[],"cwp_rev_price":"0.00","wppr_options":[{"name":"Usability","value":"0"},{"name":"Speed","value":"0"},{"name":"Features","value":"0"},{"name":"Support","value":"0"},{"name":"Pricing","value":"0"}],"wppr_pros":["","","","",""],"wppr_cons":["","","","",""],"_monsterinsights_skip_tracking":false,"_monsterinsights_sitenote_active":false,"_monsterinsights_sitenote_note":"","_monsterinsights_sitenote_category":0,"footnotes":""},"categories":[169],"tags":[3342,1244,228,1273,831,14115],"features":[],"class_list":{"0":"post-67246","1":"page","2":"type-page","3":"status-publish","4":"has-post-thumbnail","6":"category-video-editing-software-it","7":"tag-piattaforma-video-editing","8":"tag-programma-video-editing","9":"tag-software-video-editing","10":"tag-soluzione-video-editing","11":"tag-video-editing-2-it","12":"tag-vyond"},"wppr_data":{"cwp_meta_box_check":"Yes","_wppr_review_template":"default","cwp_rev_product_image":"","cwp_image_link":"image","wppr_links":[],"cwp_rev_price":"0.00","wppr_pros":["","","","",""],"wppr_cons":["","","","",""],"wppr_rating":"0.00","wppr_options":{"1":{"name":"Usability","value":"0"},"2":{"name":"Speed","value":"0"},"3":{"name":"Features","value":"0"},"4":{"name":"Support","value":"0"},"5":{"name":"Pricing","value":"0"}},"wppr_review_type":"Product","wppr_review_custom_fields":{"additionalProperty":"","additionalType":"","aggregateRating":"","alternateName":"","audience":"","award":"","awards":"","brand":"","color":"","depth":"","description":"","disambiguatingDescription":"","gtin12":"","gtin13":"","gtin14":"","gtin8":"","height":"","identifier":"","image":"","isAccessoryOrSparePartFor":"","isConsumableFor":"","isRelatedTo":"","isSimilarTo":"","itemCondition":"","logo":"","mainEntityOfPage":"","manufacturer":"","material":"","model":"","mpn":"","name":"","offers":"","potentialAction":"","productID":"","productionDate":"","purchaseDate":"","releaseDate":"","review":"","reviews":"","sameAs":"","sku":"","slogan":"","subjectOf":"","url":"","weight":"","width":""}},"acf":[],"yoast_head":"<!-- This site is optimized with the Yoast SEO plugin v27.4 - https:\/\/yoast.com\/product\/yoast-seo-wordpress\/ -->\n<title>Vyond: recensione software video editing - Accurate Reviews<\/title>\n<meta name=\"description\" content=\"Vyond: recensione soluzione di animazione, basata su cloud, progettata per aiutare le organizzazioni a creare video animati professionali.\" \/>\n<meta name=\"robots\" content=\"index, follow, max-snippet:-1, max-image-preview:large, max-video-preview:-1\" \/>\n<link rel=\"canonical\" href=\"https:\/\/www.accuratereviews.com\/it\/video-editing-lista-software\/vyond-recensione\/\" \/>\n<meta property=\"og:locale\" content=\"it_IT\" \/>\n<meta property=\"og:type\" content=\"article\" \/>\n<meta property=\"og:title\" content=\"Vyond: recensione software video editing - Accurate Reviews\" \/>\n<meta property=\"og:description\" content=\"Vyond: recensione soluzione di animazione, basata su cloud, progettata per aiutare le organizzazioni a creare video animati professionali.\" \/>\n<meta property=\"og:url\" content=\"https:\/\/www.accuratereviews.com\/it\/video-editing-lista-software\/vyond-recensione\/\" \/>\n<meta property=\"og:site_name\" content=\"Accurate Reviews\" \/>\n<meta property=\"article:modified_time\" content=\"2023-02-16T15:32:45+00:00\" \/>\n<meta property=\"og:image\" content=\"https:\/\/www.accuratereviews.com\/wp-content\/uploads\/2023\/02\/Vyond-logo.webp\" \/>\n\t<meta property=\"og:image:width\" content=\"200\" \/>\n\t<meta property=\"og:image:height\" content=\"200\" \/>\n\t<meta property=\"og:image:type\" content=\"image\/webp\" \/>\n<meta name=\"twitter:card\" content=\"summary_large_image\" \/>\n<meta name=\"twitter:label1\" content=\"Tempo di lettura stimato\" \/>\n\t<meta name=\"twitter:data1\" content=\"4 minuti\" \/>\n<script type=\"application\/ld+json\" class=\"yoast-schema-graph\">{\"@context\":\"https:\\\/\\\/schema.org\",\"@graph\":[{\"@type\":\"WebPage\",\"@id\":\"https:\\\/\\\/www.accuratereviews.com\\\/it\\\/video-editing-lista-software\\\/vyond-recensione\\\/\",\"url\":\"https:\\\/\\\/www.accuratereviews.com\\\/it\\\/video-editing-lista-software\\\/vyond-recensione\\\/\",\"name\":\"Vyond: recensione software video editing - Accurate Reviews\",\"isPartOf\":{\"@id\":\"https:\\\/\\\/www.accuratereviews.com\\\/it\\\/#website\"},\"primaryImageOfPage\":{\"@id\":\"https:\\\/\\\/www.accuratereviews.com\\\/it\\\/video-editing-lista-software\\\/vyond-recensione\\\/#primaryimage\"},\"image\":{\"@id\":\"https:\\\/\\\/www.accuratereviews.com\\\/it\\\/video-editing-lista-software\\\/vyond-recensione\\\/#primaryimage\"},\"thumbnailUrl\":\"https:\\\/\\\/www.accuratereviews.com\\\/wp-content\\\/uploads\\\/2023\\\/02\\\/Vyond-logo.webp\",\"datePublished\":\"2023-02-16T15:21:27+00:00\",\"dateModified\":\"2023-02-16T15:32:45+00:00\",\"description\":\"Vyond: recensione soluzione di animazione, basata su cloud, progettata per aiutare le organizzazioni a creare video animati professionali.\",\"breadcrumb\":{\"@id\":\"https:\\\/\\\/www.accuratereviews.com\\\/it\\\/video-editing-lista-software\\\/vyond-recensione\\\/#breadcrumb\"},\"inLanguage\":\"it-IT\",\"potentialAction\":[{\"@type\":\"ReadAction\",\"target\":[\"https:\\\/\\\/www.accuratereviews.com\\\/it\\\/video-editing-lista-software\\\/vyond-recensione\\\/\"]}]},{\"@type\":\"ImageObject\",\"inLanguage\":\"it-IT\",\"@id\":\"https:\\\/\\\/www.accuratereviews.com\\\/it\\\/video-editing-lista-software\\\/vyond-recensione\\\/#primaryimage\",\"url\":\"https:\\\/\\\/www.accuratereviews.com\\\/wp-content\\\/uploads\\\/2023\\\/02\\\/Vyond-logo.webp\",\"contentUrl\":\"https:\\\/\\\/www.accuratereviews.com\\\/wp-content\\\/uploads\\\/2023\\\/02\\\/Vyond-logo.webp\",\"width\":200,\"height\":200},{\"@type\":\"BreadcrumbList\",\"@id\":\"https:\\\/\\\/www.accuratereviews.com\\\/it\\\/video-editing-lista-software\\\/vyond-recensione\\\/#breadcrumb\",\"itemListElement\":[{\"@type\":\"ListItem\",\"position\":1,\"name\":\"Home\",\"item\":\"https:\\\/\\\/www.accuratereviews.com\\\/it\\\/\"},{\"@type\":\"ListItem\",\"position\":2,\"name\":\"Software per il video editing\",\"item\":\"https:\\\/\\\/www.accuratereviews.com\\\/it\\\/video-editing-lista-software\\\/\"},{\"@type\":\"ListItem\",\"position\":3,\"name\":\"Vyond\"}]},{\"@type\":\"WebSite\",\"@id\":\"https:\\\/\\\/www.accuratereviews.com\\\/it\\\/#website\",\"url\":\"https:\\\/\\\/www.accuratereviews.com\\\/it\\\/\",\"name\":\"Accurate Reviews\",\"description\":\"\",\"potentialAction\":[{\"@type\":\"SearchAction\",\"target\":{\"@type\":\"EntryPoint\",\"urlTemplate\":\"https:\\\/\\\/www.accuratereviews.com\\\/it\\\/?s={search_term_string}\"},\"query-input\":{\"@type\":\"PropertyValueSpecification\",\"valueRequired\":true,\"valueName\":\"search_term_string\"}}],\"inLanguage\":\"it-IT\"}]}<\/script>\n<!-- \/ Yoast SEO plugin. -->","yoast_head_json":{"title":"Vyond: recensione software video editing - Accurate Reviews","description":"Vyond: recensione soluzione di animazione, basata su cloud, progettata per aiutare le organizzazioni a creare video animati professionali.","robots":{"index":"index","follow":"follow","max-snippet":"max-snippet:-1","max-image-preview":"max-image-preview:large","max-video-preview":"max-video-preview:-1"},"canonical":"https:\/\/www.accuratereviews.com\/it\/video-editing-lista-software\/vyond-recensione\/","og_locale":"it_IT","og_type":"article","og_title":"Vyond: recensione software video editing - Accurate Reviews","og_description":"Vyond: recensione soluzione di animazione, basata su cloud, progettata per aiutare le organizzazioni a creare video animati professionali.","og_url":"https:\/\/www.accuratereviews.com\/it\/video-editing-lista-software\/vyond-recensione\/","og_site_name":"Accurate Reviews","article_modified_time":"2023-02-16T15:32:45+00:00","og_image":[{"width":200,"height":200,"url":"https:\/\/www.accuratereviews.com\/wp-content\/uploads\/2023\/02\/Vyond-logo.webp","type":"image\/webp"}],"twitter_card":"summary_large_image","twitter_misc":{"Tempo di lettura stimato":"4 minuti"},"schema":{"@context":"https:\/\/schema.org","@graph":[{"@type":"WebPage","@id":"https:\/\/www.accuratereviews.com\/it\/video-editing-lista-software\/vyond-recensione\/","url":"https:\/\/www.accuratereviews.com\/it\/video-editing-lista-software\/vyond-recensione\/","name":"Vyond: recensione software video editing - Accurate Reviews","isPartOf":{"@id":"https:\/\/www.accuratereviews.com\/it\/#website"},"primaryImageOfPage":{"@id":"https:\/\/www.accuratereviews.com\/it\/video-editing-lista-software\/vyond-recensione\/#primaryimage"},"image":{"@id":"https:\/\/www.accuratereviews.com\/it\/video-editing-lista-software\/vyond-recensione\/#primaryimage"},"thumbnailUrl":"https:\/\/www.accuratereviews.com\/wp-content\/uploads\/2023\/02\/Vyond-logo.webp","datePublished":"2023-02-16T15:21:27+00:00","dateModified":"2023-02-16T15:32:45+00:00","description":"Vyond: recensione soluzione di animazione, basata su cloud, progettata per aiutare le organizzazioni a creare video animati professionali.","breadcrumb":{"@id":"https:\/\/www.accuratereviews.com\/it\/video-editing-lista-software\/vyond-recensione\/#breadcrumb"},"inLanguage":"it-IT","potentialAction":[{"@type":"ReadAction","target":["https:\/\/www.accuratereviews.com\/it\/video-editing-lista-software\/vyond-recensione\/"]}]},{"@type":"ImageObject","inLanguage":"it-IT","@id":"https:\/\/www.accuratereviews.com\/it\/video-editing-lista-software\/vyond-recensione\/#primaryimage","url":"https:\/\/www.accuratereviews.com\/wp-content\/uploads\/2023\/02\/Vyond-logo.webp","contentUrl":"https:\/\/www.accuratereviews.com\/wp-content\/uploads\/2023\/02\/Vyond-logo.webp","width":200,"height":200},{"@type":"BreadcrumbList","@id":"https:\/\/www.accuratereviews.com\/it\/video-editing-lista-software\/vyond-recensione\/#breadcrumb","itemListElement":[{"@type":"ListItem","position":1,"name":"Home","item":"https:\/\/www.accuratereviews.com\/it\/"},{"@type":"ListItem","position":2,"name":"Software per il video editing","item":"https:\/\/www.accuratereviews.com\/it\/video-editing-lista-software\/"},{"@type":"ListItem","position":3,"name":"Vyond"}]},{"@type":"WebSite","@id":"https:\/\/www.accuratereviews.com\/it\/#website","url":"https:\/\/www.accuratereviews.com\/it\/","name":"Accurate Reviews","description":"","potentialAction":[{"@type":"SearchAction","target":{"@type":"EntryPoint","urlTemplate":"https:\/\/www.accuratereviews.com\/it\/?s={search_term_string}"},"query-input":{"@type":"PropertyValueSpecification","valueRequired":true,"valueName":"search_term_string"}}],"inLanguage":"it-IT"}]}},"_links":{"self":[{"href":"https:\/\/www.accuratereviews.com\/it\/wp-json\/wp\/v2\/pages\/67246","targetHints":{"allow":["GET"]}}],"collection":[{"href":"https:\/\/www.accuratereviews.com\/it\/wp-json\/wp\/v2\/pages"}],"about":[{"href":"https:\/\/www.accuratereviews.com\/it\/wp-json\/wp\/v2\/types\/page"}],"author":[{"embeddable":true,"href":"https:\/\/www.accuratereviews.com\/it\/wp-json\/wp\/v2\/users\/19"}],"replies":[{"embeddable":true,"href":"https:\/\/www.accuratereviews.com\/it\/wp-json\/wp\/v2\/comments?post=67246"}],"version-history":[{"count":9,"href":"https:\/\/www.accuratereviews.com\/it\/wp-json\/wp\/v2\/pages\/67246\/revisions"}],"predecessor-version":[{"id":67269,"href":"https:\/\/www.accuratereviews.com\/it\/wp-json\/wp\/v2\/pages\/67246\/revisions\/67269"}],"up":[{"embeddable":true,"href":"https:\/\/www.accuratereviews.com\/it\/wp-json\/wp\/v2\/pages\/7571"}],"wp:featuredmedia":[{"embeddable":true,"href":"https:\/\/www.accuratereviews.com\/it\/wp-json\/wp\/v2\/media\/67251"}],"wp:attachment":[{"href":"https:\/\/www.accuratereviews.com\/it\/wp-json\/wp\/v2\/media?parent=67246"}],"wp:term":[{"taxonomy":"category","embeddable":true,"href":"https:\/\/www.accuratereviews.com\/it\/wp-json\/wp\/v2\/categories?post=67246"},{"taxonomy":"post_tag","embeddable":true,"href":"https:\/\/www.accuratereviews.com\/it\/wp-json\/wp\/v2\/tags?post=67246"},{"taxonomy":"features","embeddable":true,"href":"https:\/\/www.accuratereviews.com\/it\/wp-json\/wp\/v2\/features?post=67246"}],"curies":[{"name":"wp","href":"https:\/\/api.w.org\/{rel}","templated":true}]}}