{"id":67293,"date":"2023-02-17T14:43:12","date_gmt":"2023-02-17T14:43:12","guid":{"rendered":"https:\/\/www.accuratereviews.com\/?page_id=67293"},"modified":"2023-02-21T17:34:44","modified_gmt":"2023-02-21T17:34:44","slug":"cirrus-insight-recensione","status":"publish","type":"page","link":"https:\/\/www.accuratereviews.com\/it\/crm-software-migliori-lista\/cirrus-insight-recensione\/","title":{"rendered":"Cirrus Insight"},"content":{"rendered":"<p class=\"h5 fw-bold mb-2\"><strong>Cirrus Insight<\/strong> \u00e8 un <strong>software CRM<\/strong> che ti consente di semplificare e automatizzare tutte le attivit\u00e0 che normalmente richiedono un grosso investimento in termini di tempo come: inserimento dei dati, monitoraggio della posta elettronica, aggiornamenti, sincronizzazione delle riunioni, gestione del calendario e molto altro ancora. Disponibile sia in versione desktop che in versione mobile, sia per dispositivi iOS che Android.<br \/>\nGrazie all&#8217;integrazione con Saleforce, <strong>Cirrus Insight<\/strong> ti permette di ridurre i tempi e concentrarti maggiormente su altre opportunit\u00e0 che generano anche pi\u00f9 profitti.<\/p>\n<h2>CIRRUS INSIGHT &#8211; TUTORIAL<\/h2>\n<div id=\"fluid-wrapper-counter-1\" class=\"g1-fluid-wrapper \" style=\"width:686px;\">\n<div style=\"padding-bottom:56.268221574344%;\"><iframe loading=\"lazy\" title=\"Introducing Cirrus Insight\" width=\"686\" height=\"386\" src=\"https:\/\/www.youtube.com\/embed\/m_12t-Mz3_c?feature=oembed&amp;wmode=transparent&amp;autohide=1&amp;autoplay=0&amp;disablekb=0&amp;fs=1&amp;loop=0&amp;enablejsapi=1&amp;rel=0&amp;controls=2&amp;showinfo=0&amp;wmode=transparent&amp;autohide=2&amp;autoplay=0&amp;disablekb=0&amp;fs=1&amp;loop=0&amp;enablejsapi=1&amp;rel=0&amp;controls=2&amp;showinfo=1\" frameborder=\"0\" allow=\"accelerometer; autoplay; clipboard-write; encrypted-media; gyroscope; picture-in-picture; web-share\" allowfullscreen><\/iframe><\/div>\n<\/div>\n<h3>CIRRUS INSIGHT &#8211; CARATTERISTICHE<\/h3>\n<ul>\n<li><strong>Salesforce Sidebar<\/strong>: porta i dati dei clienti e delle pipeline nella casella di posta elettronica.<\/li>\n<li><strong>Calendario<\/strong>: condividi il tuo calendario, prenota pi\u00f9 riunioni e aggiungile automaticamente a Salesforce.<\/li>\n<li><strong>Sincronizzazione Salesforce<\/strong>: sincronizza il 100% delle riunioni, delle attivit\u00e0 e delle email, senza dover inserire manualmente i dati.<\/li>\n<li><strong>Sistema di analisi<\/strong>: raccogli le attivit\u00e0 di vendita e trasformale in informazioni utili per aumentare le vendite.<\/li>\n<li><strong>Tracciamento degli allegati<\/strong>: per sapere cosa succede agli allegati dopo l&#8217;invio.<\/li>\n<li><strong>Segnali dell&#8217;acquirente<\/strong>: vedi chi apre le tue email, i link cliccati e le pagine web visitate per un follow-up tempestivo e mirato.<\/li>\n<li><strong>Cadenza di vendita<\/strong>: contatto multi-touch con una sequenza di email, telefonate e follow-up.<\/li>\n<li><strong>Email Blast<\/strong>: comunica con potenziali clienti e clienti in scala.<\/li>\n<\/ul>\n<h4>LE RECENSIONI DEGLI UTENTI<\/h4>\n<p><strong>Nitin &#8220;Aiuta ad adottare Salesforce!&#8221;<\/strong><br \/>\nCommenti: Ottenere pi\u00f9 attivit\u00e0 e aggiungere pi\u00f9 velocemente i record in Salesforce.<br \/>\nPro: Questo strumento ci ha aiutato ad aumentare gli utenti che adottano salesforce per inserire le loro attivit\u00e0. La sua sincronizzazione senza soluzione di continuit\u00e0 e la mappatura automatizzata per i record da collegare ai giusti record SF. Aiuta a fare tutto all&#8217;interno della casella di posta elettronica piuttosto che accedere a SF, soprattutto tutto!<br \/>\nContro: Alcuni errori di sincronizzazione irregolari dovuti all&#8217;aggiornamento del token di Google.<\/p>\n<p><strong>Brian &#8220;Il migliore di tutti&#8221;<\/strong><br \/>\nCommenti: Ho provato diverse applicazioni e software per il monitoraggio delle email. Ho lasciato Cirrus due volte e sono tornato indietro. Ora non lo lascer\u00f2 mai, \u00e8 esattamente ci\u00f2 di cui ho bisogno.<br \/>\nPro: Facilit\u00e0 d&#8217;uso, controllo visivo di tutte le email passate.<br \/>\nContro: Niente di particolare, forse la mancanza della possibilit\u00e0 di esportare in Excel.<\/p>\n<p><strong>Sasha &#8220;La mia recensione&#8221;<\/strong><br \/>\nCommenti: Per lo pi\u00f9 buono<br \/>\nPro: Che si sincronizza con SalesForce e Gmail, cos\u00ec posso lavorare facilmente senza saltare avanti e indietro tra le piattaforme. Mi permette di<br \/>\nContro: Spesso smette di sincronizzarsi, quindi devo andare a risincronizzarmi spesso.<\/p>\n","protected":false},"excerpt":{"rendered":"<p>Cirrus Insight \u00e8 un software CRM che ti consente di semplificare e automatizzare tutte le attivit\u00e0 che normalmente richiedono un grosso investimento in termini di tempo come: inserimento dei dati, monitoraggio della posta elettronica, aggiornamenti, sincronizzazione delle riunioni, gestione del calendario e molto altro ancora. Disponibile sia in versione desktop che in versione mobile, sia per dispositivi iOS che Android.<\/p>\n","protected":false},"author":17,"featured_media":67294,"parent":5966,"menu_order":0,"comment_status":"open","ping_status":"closed","template":"g1_template_page_review_new.php","meta":{"_acf_changed":false,"cwp_meta_box_check":"No","cwp_rev_product_name":"","cwp_rev_product_image":"","wppr_links":[],"cwp_rev_price":"","wppr_options":[],"wppr_pros":[],"wppr_cons":[],"_monsterinsights_skip_tracking":false,"_monsterinsights_sitenote_active":false,"_monsterinsights_sitenote_note":"","_monsterinsights_sitenote_category":0,"footnotes":""},"categories":[120],"tags":[10875,10874,10765,6303,1837],"features":[],"class_list":{"0":"post-67293","1":"page","2":"type-page","3":"status-publish","4":"has-post-thumbnail","6":"category-crm-it","7":"tag-crm-piattaforma","8":"tag-crm-programma","9":"tag-crm-soluzione","10":"tag-crm-strategia","11":"tag-software-crm-2-it"},"wppr_data":{"cwp_meta_box_check":"No"},"acf":[],"yoast_head":"<!-- This site is optimized with the Yoast SEO plugin v27.4 - https:\/\/yoast.com\/product\/yoast-seo-wordpress\/ -->\n<title>Cirrus Insight: recensione software CRM - Accurate Reviews<\/title>\n<meta name=\"description\" content=\"Cirrus Insight: recensione del software CRM che ti consente di semplificare e automatizzare tutte le attivit\u00e0.\" \/>\n<meta name=\"robots\" content=\"index, follow, max-snippet:-1, max-image-preview:large, max-video-preview:-1\" \/>\n<link rel=\"canonical\" href=\"https:\/\/www.accuratereviews.com\/it\/crm-software-migliori-lista\/cirrus-insight-recensione\/\" \/>\n<meta property=\"og:locale\" content=\"it_IT\" \/>\n<meta property=\"og:type\" content=\"article\" \/>\n<meta property=\"og:title\" content=\"Cirrus Insight: recensione software CRM - Accurate Reviews\" \/>\n<meta property=\"og:description\" content=\"Cirrus Insight: recensione del software CRM che ti consente di semplificare e automatizzare tutte le attivit\u00e0.\" \/>\n<meta property=\"og:url\" content=\"https:\/\/www.accuratereviews.com\/it\/crm-software-migliori-lista\/cirrus-insight-recensione\/\" \/>\n<meta property=\"og:site_name\" content=\"Accurate Reviews\" \/>\n<meta property=\"article:modified_time\" content=\"2023-02-21T17:34:44+00:00\" \/>\n<meta property=\"og:image\" content=\"https:\/\/www.accuratereviews.com\/wp-content\/uploads\/2023\/02\/cirrus-insight-featured-social-image.jpg\" \/>\n\t<meta property=\"og:image:width\" content=\"1200\" \/>\n\t<meta property=\"og:image:height\" content=\"600\" \/>\n\t<meta property=\"og:image:type\" content=\"image\/jpeg\" \/>\n<meta name=\"twitter:card\" content=\"summary_large_image\" \/>\n<meta name=\"twitter:label1\" content=\"Tempo di lettura stimato\" \/>\n\t<meta name=\"twitter:data1\" content=\"3 minuti\" \/>\n<script type=\"application\/ld+json\" class=\"yoast-schema-graph\">{\"@context\":\"https:\\\/\\\/schema.org\",\"@graph\":[{\"@type\":\"WebPage\",\"@id\":\"https:\\\/\\\/www.accuratereviews.com\\\/it\\\/crm-software-migliori-lista\\\/cirrus-insight-recensione\\\/\",\"url\":\"https:\\\/\\\/www.accuratereviews.com\\\/it\\\/crm-software-migliori-lista\\\/cirrus-insight-recensione\\\/\",\"name\":\"Cirrus Insight: recensione software CRM - Accurate Reviews\",\"isPartOf\":{\"@id\":\"https:\\\/\\\/www.accuratereviews.com\\\/it\\\/#website\"},\"primaryImageOfPage\":{\"@id\":\"https:\\\/\\\/www.accuratereviews.com\\\/it\\\/crm-software-migliori-lista\\\/cirrus-insight-recensione\\\/#primaryimage\"},\"image\":{\"@id\":\"https:\\\/\\\/www.accuratereviews.com\\\/it\\\/crm-software-migliori-lista\\\/cirrus-insight-recensione\\\/#primaryimage\"},\"thumbnailUrl\":\"https:\\\/\\\/www.accuratereviews.com\\\/wp-content\\\/uploads\\\/2023\\\/02\\\/cirrus-insight-featured-social-image.jpg\",\"datePublished\":\"2023-02-17T14:43:12+00:00\",\"dateModified\":\"2023-02-21T17:34:44+00:00\",\"description\":\"Cirrus Insight: recensione del software CRM che ti consente di semplificare e automatizzare tutte le attivit\u00e0.\",\"breadcrumb\":{\"@id\":\"https:\\\/\\\/www.accuratereviews.com\\\/it\\\/crm-software-migliori-lista\\\/cirrus-insight-recensione\\\/#breadcrumb\"},\"inLanguage\":\"it-IT\",\"potentialAction\":[{\"@type\":\"ReadAction\",\"target\":[\"https:\\\/\\\/www.accuratereviews.com\\\/it\\\/crm-software-migliori-lista\\\/cirrus-insight-recensione\\\/\"]}]},{\"@type\":\"ImageObject\",\"inLanguage\":\"it-IT\",\"@id\":\"https:\\\/\\\/www.accuratereviews.com\\\/it\\\/crm-software-migliori-lista\\\/cirrus-insight-recensione\\\/#primaryimage\",\"url\":\"https:\\\/\\\/www.accuratereviews.com\\\/wp-content\\\/uploads\\\/2023\\\/02\\\/cirrus-insight-featured-social-image.jpg\",\"contentUrl\":\"https:\\\/\\\/www.accuratereviews.com\\\/wp-content\\\/uploads\\\/2023\\\/02\\\/cirrus-insight-featured-social-image.jpg\",\"width\":1200,\"height\":600},{\"@type\":\"BreadcrumbList\",\"@id\":\"https:\\\/\\\/www.accuratereviews.com\\\/it\\\/crm-software-migliori-lista\\\/cirrus-insight-recensione\\\/#breadcrumb\",\"itemListElement\":[{\"@type\":\"ListItem\",\"position\":1,\"name\":\"Home\",\"item\":\"https:\\\/\\\/www.accuratereviews.com\\\/it\\\/\"},{\"@type\":\"ListItem\",\"position\":2,\"name\":\"CRM: i software migliori\",\"item\":\"https:\\\/\\\/www.accuratereviews.com\\\/it\\\/crm-software-migliori-lista\\\/\"},{\"@type\":\"ListItem\",\"position\":3,\"name\":\"Cirrus Insight\"}]},{\"@type\":\"WebSite\",\"@id\":\"https:\\\/\\\/www.accuratereviews.com\\\/it\\\/#website\",\"url\":\"https:\\\/\\\/www.accuratereviews.com\\\/it\\\/\",\"name\":\"Accurate Reviews\",\"description\":\"\",\"potentialAction\":[{\"@type\":\"SearchAction\",\"target\":{\"@type\":\"EntryPoint\",\"urlTemplate\":\"https:\\\/\\\/www.accuratereviews.com\\\/it\\\/?s={search_term_string}\"},\"query-input\":{\"@type\":\"PropertyValueSpecification\",\"valueRequired\":true,\"valueName\":\"search_term_string\"}}],\"inLanguage\":\"it-IT\"}]}<\/script>\n<!-- \/ Yoast SEO plugin. -->","yoast_head_json":{"title":"Cirrus Insight: recensione software CRM - Accurate Reviews","description":"Cirrus Insight: recensione del software CRM che ti consente di semplificare e automatizzare tutte le attivit\u00e0.","robots":{"index":"index","follow":"follow","max-snippet":"max-snippet:-1","max-image-preview":"max-image-preview:large","max-video-preview":"max-video-preview:-1"},"canonical":"https:\/\/www.accuratereviews.com\/it\/crm-software-migliori-lista\/cirrus-insight-recensione\/","og_locale":"it_IT","og_type":"article","og_title":"Cirrus Insight: recensione software CRM - Accurate Reviews","og_description":"Cirrus Insight: recensione del software CRM che ti consente di semplificare e automatizzare tutte le attivit\u00e0.","og_url":"https:\/\/www.accuratereviews.com\/it\/crm-software-migliori-lista\/cirrus-insight-recensione\/","og_site_name":"Accurate Reviews","article_modified_time":"2023-02-21T17:34:44+00:00","og_image":[{"width":1200,"height":600,"url":"https:\/\/www.accuratereviews.com\/wp-content\/uploads\/2023\/02\/cirrus-insight-featured-social-image.jpg","type":"image\/jpeg"}],"twitter_card":"summary_large_image","twitter_misc":{"Tempo di lettura stimato":"3 minuti"},"schema":{"@context":"https:\/\/schema.org","@graph":[{"@type":"WebPage","@id":"https:\/\/www.accuratereviews.com\/it\/crm-software-migliori-lista\/cirrus-insight-recensione\/","url":"https:\/\/www.accuratereviews.com\/it\/crm-software-migliori-lista\/cirrus-insight-recensione\/","name":"Cirrus Insight: recensione software CRM - Accurate Reviews","isPartOf":{"@id":"https:\/\/www.accuratereviews.com\/it\/#website"},"primaryImageOfPage":{"@id":"https:\/\/www.accuratereviews.com\/it\/crm-software-migliori-lista\/cirrus-insight-recensione\/#primaryimage"},"image":{"@id":"https:\/\/www.accuratereviews.com\/it\/crm-software-migliori-lista\/cirrus-insight-recensione\/#primaryimage"},"thumbnailUrl":"https:\/\/www.accuratereviews.com\/wp-content\/uploads\/2023\/02\/cirrus-insight-featured-social-image.jpg","datePublished":"2023-02-17T14:43:12+00:00","dateModified":"2023-02-21T17:34:44+00:00","description":"Cirrus Insight: recensione del software CRM che ti consente di semplificare e automatizzare tutte le attivit\u00e0.","breadcrumb":{"@id":"https:\/\/www.accuratereviews.com\/it\/crm-software-migliori-lista\/cirrus-insight-recensione\/#breadcrumb"},"inLanguage":"it-IT","potentialAction":[{"@type":"ReadAction","target":["https:\/\/www.accuratereviews.com\/it\/crm-software-migliori-lista\/cirrus-insight-recensione\/"]}]},{"@type":"ImageObject","inLanguage":"it-IT","@id":"https:\/\/www.accuratereviews.com\/it\/crm-software-migliori-lista\/cirrus-insight-recensione\/#primaryimage","url":"https:\/\/www.accuratereviews.com\/wp-content\/uploads\/2023\/02\/cirrus-insight-featured-social-image.jpg","contentUrl":"https:\/\/www.accuratereviews.com\/wp-content\/uploads\/2023\/02\/cirrus-insight-featured-social-image.jpg","width":1200,"height":600},{"@type":"BreadcrumbList","@id":"https:\/\/www.accuratereviews.com\/it\/crm-software-migliori-lista\/cirrus-insight-recensione\/#breadcrumb","itemListElement":[{"@type":"ListItem","position":1,"name":"Home","item":"https:\/\/www.accuratereviews.com\/it\/"},{"@type":"ListItem","position":2,"name":"CRM: i software migliori","item":"https:\/\/www.accuratereviews.com\/it\/crm-software-migliori-lista\/"},{"@type":"ListItem","position":3,"name":"Cirrus Insight"}]},{"@type":"WebSite","@id":"https:\/\/www.accuratereviews.com\/it\/#website","url":"https:\/\/www.accuratereviews.com\/it\/","name":"Accurate Reviews","description":"","potentialAction":[{"@type":"SearchAction","target":{"@type":"EntryPoint","urlTemplate":"https:\/\/www.accuratereviews.com\/it\/?s={search_term_string}"},"query-input":{"@type":"PropertyValueSpecification","valueRequired":true,"valueName":"search_term_string"}}],"inLanguage":"it-IT"}]}},"_links":{"self":[{"href":"https:\/\/www.accuratereviews.com\/it\/wp-json\/wp\/v2\/pages\/67293","targetHints":{"allow":["GET"]}}],"collection":[{"href":"https:\/\/www.accuratereviews.com\/it\/wp-json\/wp\/v2\/pages"}],"about":[{"href":"https:\/\/www.accuratereviews.com\/it\/wp-json\/wp\/v2\/types\/page"}],"author":[{"embeddable":true,"href":"https:\/\/www.accuratereviews.com\/it\/wp-json\/wp\/v2\/users\/17"}],"replies":[{"embeddable":true,"href":"https:\/\/www.accuratereviews.com\/it\/wp-json\/wp\/v2\/comments?post=67293"}],"version-history":[{"count":4,"href":"https:\/\/www.accuratereviews.com\/it\/wp-json\/wp\/v2\/pages\/67293\/revisions"}],"predecessor-version":[{"id":67366,"href":"https:\/\/www.accuratereviews.com\/it\/wp-json\/wp\/v2\/pages\/67293\/revisions\/67366"}],"up":[{"embeddable":true,"href":"https:\/\/www.accuratereviews.com\/it\/wp-json\/wp\/v2\/pages\/5966"}],"wp:featuredmedia":[{"embeddable":true,"href":"https:\/\/www.accuratereviews.com\/it\/wp-json\/wp\/v2\/media\/67294"}],"wp:attachment":[{"href":"https:\/\/www.accuratereviews.com\/it\/wp-json\/wp\/v2\/media?parent=67293"}],"wp:term":[{"taxonomy":"category","embeddable":true,"href":"https:\/\/www.accuratereviews.com\/it\/wp-json\/wp\/v2\/categories?post=67293"},{"taxonomy":"post_tag","embeddable":true,"href":"https:\/\/www.accuratereviews.com\/it\/wp-json\/wp\/v2\/tags?post=67293"},{"taxonomy":"features","embeddable":true,"href":"https:\/\/www.accuratereviews.com\/it\/wp-json\/wp\/v2\/features?post=67293"}],"curies":[{"name":"wp","href":"https:\/\/api.w.org\/{rel}","templated":true}]}}