{"id":67301,"date":"2023-02-17T14:28:59","date_gmt":"2023-02-17T14:28:59","guid":{"rendered":"https:\/\/www.accuratereviews.com\/?page_id=67301"},"modified":"2023-02-17T14:28:59","modified_gmt":"2023-02-17T14:28:59","slug":"acdsee-pro-recensione","status":"publish","type":"page","link":"https:\/\/www.accuratereviews.com\/it\/video-editing-lista-software\/acdsee-pro-recensione\/","title":{"rendered":"ACDSee Pro"},"content":{"rendered":"<p><strong>ACDSee Pro<\/strong> offre un portafoglio completo di prodotti dal fotoritocco, al <strong>video editing<\/strong> alla gestione delle risorse digitali (DAM). La piattaforma garantisce agli utenti di gestire, migliorare e condividere file e progetti multimediali. Consente ai professionisti di creare storie di immagini, organizzare risorse, ordinare e cercare file e visualizzare e modificare foto, video o file musicali.<br \/>\nL&#8217;intuitivo<strong> software di ACDSee<\/strong> permette alle agenzie creative di trovare rapidamente foto, rimuovere oggetti indesiderati dalle immagini o trasformare video clip in filmati HD. Include una funzione del riquadro della mappa, che mostra la posizione in cui sono state scattate le immagini utilizzando informazioni latitudinali e longitudinali incorporate.<\/p>\n<h2>ACDSEE PRO &#8211; TUTORIAL<\/h2>\n<div id=\"fluid-wrapper-counter-1\" class=\"g1-fluid-wrapper \" style=\"width:686px;\">\n<div style=\"padding-bottom:56.268221574344%;\"><iframe loading=\"lazy\" title=\"5 Landscape Tips in ACDSee Ultimate 2023 - Workshop\" width=\"686\" height=\"386\" src=\"https:\/\/www.youtube.com\/embed\/_AiPp-oVM4s?feature=oembed&amp;wmode=transparent&amp;autohide=1&amp;autoplay=0&amp;disablekb=0&amp;fs=1&amp;loop=0&amp;enablejsapi=1&amp;rel=0&amp;controls=2&amp;showinfo=0&amp;wmode=transparent&amp;autohide=2&amp;autoplay=0&amp;disablekb=0&amp;fs=1&amp;loop=0&amp;enablejsapi=1&amp;rel=0&amp;controls=2&amp;showinfo=1\" frameborder=\"0\" allow=\"accelerometer; autoplay; clipboard-write; encrypted-media; gyroscope; picture-in-picture; web-share\" allowfullscreen><\/iframe><\/div>\n<\/div>\n<h3>ACDSEE PRO &#8211; CARATTERISTICHE<\/h3>\n<ul>\n<li dir=\"ltr\"><strong>Controlli manuali:<\/strong> controllo preciso di esposizione, messa a fuoco, velocit\u00e0 otturatore e bilanciamento del bianco.<\/li>\n<li dir=\"ltr\"><strong>Modalit\u00e0 selfie<\/strong>: appari al meglio grazie allo strumento per illuminare e uniformare la pelle, al flash frontale per ambienti scuri e al pulsante grande per facilitare lo scatto.<\/li>\n<li dir=\"ltr\"><strong>Filtri in tempo reale<\/strong>:\u00a024 effetti inclusi (mono, tonale, noir, dissolvenza, cromo, elaborazione, trasferimento, istantanea e altro&#8230;)<\/li>\n<li dir=\"ltr\"><strong>Regolazioni in tempo reale<\/strong>: luminosit\u00e0, contrasto, temperatura di colore, vividezza, chiaro, regolazione pelle, vignette.<\/li>\n<li dir=\"ltr\"><strong>HDR Fusion<\/strong>: combinazione automatica di tre scatti effettuati a esposizioni diverse per creare un\u2019immagine singola con una gamma altamente dinamica. Regolazione manuale di luminosit\u00e0 e contrasto.<\/li>\n<li dir=\"ltr\"><strong>Flash Fusion<\/strong>: utilizza il bracketing del flash per unire due foto (una senza flash, una con il flash). Riduce la durezza del flash con un\u2019illuminazione naturale.<\/li>\n<li dir=\"ltr\"><strong>Modalit\u00e0 video<\/strong>: cattura di momenti speciali con il video e applicazione di filtri e regolazioni in tempo reale.<\/li>\n<li dir=\"ltr\"><strong>Messa a fuoco ed esposizione touch<\/strong>: tocca lo schermo per selezionare il punto di messa a fuoco e di esposizione. Per un controllo pi\u00f9 preciso, \u00e8 possibile selezionare in modo indipendente i punti di messa a fuoco e di esposizione.<\/li>\n<li dir=\"ltr\"><strong>Blocco AF, AE, WB<\/strong>: per ottenere ogni funzione a livello ottimale: blocco di messa a fuoco automatica, esposizione automatica e bilanciamento del bianco automatico.<\/li>\n<li dir=\"ltr\"><strong>Ritaglio e zoom automatico<\/strong>:\u00a01:1 (quadrato), 4:3 (standard), 3:2 e 16:9. Zoom digitale 6x.<\/li>\n<li dir=\"ltr\"><strong>Effetti<\/strong>: applicazione di una variet\u00e0 di effetti creativi alle foto, tra cui pellicola, light leak, mezzitoni e altro.<\/li>\n<li dir=\"ltr\"><strong>Messa a fuoco<\/strong>: per mettere a fuoco il soggetto. Simula una scarsa profondit\u00e0 di campo sfocando lo sfondo.<\/li>\n<li dir=\"ltr\"><strong>Geometria<\/strong>: ritaglia, ruota, raddrizza e rende speculare la foto.<\/li>\n<li dir=\"ltr\"><strong>Splash filtri:<\/strong> splash creativi di effetti, quali la colorazione selettiva per attirare l\u2019attenzione sul soggetto.<\/li>\n<\/ul>\n<h4>LE RECENSIONI DEGLI UTENTI<\/h4>\n<p><strong>Marta &#8220;ACDSee \u00e8 la mia scelta quotidiana&#8221;<\/strong><br \/>\n<strong>Commenti<\/strong>: Quando ero bambino, mio padre ha sempre usato ACDSee! Sono cresciuto con lo stesso interesse che ha lui&#8230; e usando ACDSee come faceva lui (lo fa ancora!)! Parla bene del software: il suo valore di un buon servizio e qualit\u00e0 \u00e8 costante.<br \/>\n<strong>Pro<\/strong>: Questo software \u00e8 l&#8217;unico software di cui hai bisogno nel tuo PC per gestire grandi quantit\u00e0 di immagini di qualsiasi formato! Visualizza e modifica le fotografie con una qualit\u00e0 eccellente. Nessuna finestra mobile necessaria. Tutto \u00e8 chiaro, semplice, intuitivo&#8230; a volte qualcosa solleva una domanda ma un sacco di tutorial sono qui per aiutarti!<br \/>\n<strong>Contro<\/strong>: Niente. ACDSee migliora il mio lavoro e ne sono grato.<\/p>\n<p><strong>Ridwan &#8220;Uno strumento completo per la gestione e l&#8217;editing delle immagini&#8221;<\/strong><br \/>\n<strong>Pro<\/strong>: Pu\u00f2 funzionare come alternativa all&#8217;esploratore. Anche se non l&#8217;ho mai usato per altri compiti. L&#8217;opzione \u00e8 l\u00ec. \u00c8 un gestore di immagini leggero. Pu\u00f2 farlo meglio della maggior parte per molto tempo. Anche quando non c&#8217;era altra alternativa<br \/>\n<strong>Contro<\/strong>: La modifica avanzata delle immagini non \u00e8 intuitiva come altre app progressive come Photoshop. Il risultato non \u00e8 sempre cos\u00ec professionale.<\/p>\n<p><strong>Nick &#8220;Ottimo software per l&#8217;organizzazione e l&#8217;editing di foto&#8221;<\/strong><br \/>\n<strong>Commenti<\/strong>: Ottimo software per la gestione e la modifica di foto e grafica. Mi aiuta moltissimo.<br \/>\n<strong>Pro<\/strong>: \u00c8 molto facile da usare e ha funzionalit\u00e0 sufficienti per poterlo utilizzare per il 90% delle mie esigenze di editing.<br \/>\n<strong>Contro<\/strong>: L&#8217;unica cosa di cui non sono un fan \u00e8 quando cambi le dimensioni di un&#8217;immagine, non ridimensiona immediatamente la visualizzazione dell&#8217;immagine. Devo uscire dalla visualizzazione, quindi fare nuovamente clic su di essa per vedere le dimensioni. Mi piacerebbe poter vedere come il ridimensionamento influisca sull&#8217;immagine in tempo reale senza doverla salvare.<\/p>\n","protected":false},"excerpt":{"rendered":"<p>ACDSee Pro offre un portafoglio completo di prodotti dal fotoritocco, al video editing alla gestione delle risorse digitali (DAM) la piattaforma garantisce agli utenti di gestire, migliorare e condividere file e progetti multimediali.\u00a0L&#8217;applicazione consente ai professionisti di creare storie di immagini, organizzare risorse, ordinare e cercare file e visualizzare e modificare foto, video o file musicali.<\/p>\n","protected":false},"author":19,"featured_media":67308,"parent":7571,"menu_order":0,"comment_status":"open","ping_status":"closed","template":"g1_template_page_review_new.php","meta":{"_acf_changed":false,"cwp_meta_box_check":"No","cwp_rev_product_name":"","cwp_rev_product_image":"","wppr_links":[],"cwp_rev_price":"","wppr_options":[],"wppr_pros":[],"wppr_cons":[],"_monsterinsights_skip_tracking":false,"_monsterinsights_sitenote_active":false,"_monsterinsights_sitenote_note":"","_monsterinsights_sitenote_category":0,"footnotes":""},"categories":[169],"tags":[14119,3342,1244,228,1273,831],"features":[],"class_list":{"0":"post-67301","1":"page","2":"type-page","3":"status-publish","4":"has-post-thumbnail","6":"category-video-editing-software-it","7":"tag-acdsee-pro","8":"tag-piattaforma-video-editing","9":"tag-programma-video-editing","10":"tag-software-video-editing","11":"tag-soluzione-video-editing","12":"tag-video-editing-2-it"},"wppr_data":{"cwp_meta_box_check":"No"},"acf":[],"yoast_head":"<!-- This site is optimized with the Yoast SEO plugin v27.4 - https:\/\/yoast.com\/product\/yoast-seo-wordpress\/ -->\n<title>ACDSee Pro: recensione software video editing - Accurate Reviews<\/title>\n<meta name=\"description\" content=\"ACDSee Pro: recensione software che offre funzionalit\u00e0 per fotoritocco, video editing e gestione delle risorse digitali (DAM).\" \/>\n<meta name=\"robots\" content=\"index, follow, max-snippet:-1, max-image-preview:large, max-video-preview:-1\" \/>\n<link rel=\"canonical\" href=\"https:\/\/www.accuratereviews.com\/it\/video-editing-lista-software\/acdsee-pro-recensione\/\" \/>\n<meta property=\"og:locale\" content=\"it_IT\" \/>\n<meta property=\"og:type\" content=\"article\" \/>\n<meta property=\"og:title\" content=\"ACDSee Pro: recensione software video editing - Accurate Reviews\" \/>\n<meta property=\"og:description\" content=\"ACDSee Pro: recensione software che offre funzionalit\u00e0 per fotoritocco, video editing e gestione delle risorse digitali (DAM).\" \/>\n<meta property=\"og:url\" content=\"https:\/\/www.accuratereviews.com\/it\/video-editing-lista-software\/acdsee-pro-recensione\/\" \/>\n<meta property=\"og:site_name\" content=\"Accurate Reviews\" \/>\n<meta property=\"og:image\" content=\"https:\/\/www.accuratereviews.com\/wp-content\/uploads\/2023\/02\/Screenshot-2023-02-17-alle-09.51.29.png\" \/>\n\t<meta property=\"og:image:width\" content=\"548\" \/>\n\t<meta property=\"og:image:height\" content=\"400\" \/>\n\t<meta property=\"og:image:type\" content=\"image\/png\" \/>\n<meta name=\"twitter:card\" content=\"summary_large_image\" \/>\n<meta name=\"twitter:label1\" content=\"Tempo di lettura stimato\" \/>\n\t<meta name=\"twitter:data1\" content=\"4 minuti\" \/>\n<script type=\"application\/ld+json\" class=\"yoast-schema-graph\">{\"@context\":\"https:\\\/\\\/schema.org\",\"@graph\":[{\"@type\":\"WebPage\",\"@id\":\"https:\\\/\\\/www.accuratereviews.com\\\/it\\\/video-editing-lista-software\\\/acdsee-pro-recensione\\\/\",\"url\":\"https:\\\/\\\/www.accuratereviews.com\\\/it\\\/video-editing-lista-software\\\/acdsee-pro-recensione\\\/\",\"name\":\"ACDSee Pro: recensione software video editing - Accurate Reviews\",\"isPartOf\":{\"@id\":\"https:\\\/\\\/www.accuratereviews.com\\\/it\\\/#website\"},\"primaryImageOfPage\":{\"@id\":\"https:\\\/\\\/www.accuratereviews.com\\\/it\\\/video-editing-lista-software\\\/acdsee-pro-recensione\\\/#primaryimage\"},\"image\":{\"@id\":\"https:\\\/\\\/www.accuratereviews.com\\\/it\\\/video-editing-lista-software\\\/acdsee-pro-recensione\\\/#primaryimage\"},\"thumbnailUrl\":\"https:\\\/\\\/www.accuratereviews.com\\\/wp-content\\\/uploads\\\/2023\\\/02\\\/Screenshot-2023-02-17-alle-09.51.29.png\",\"datePublished\":\"2023-02-17T14:28:59+00:00\",\"description\":\"ACDSee Pro: recensione software che offre funzionalit\u00e0 per fotoritocco, video editing e gestione delle risorse digitali (DAM).\",\"breadcrumb\":{\"@id\":\"https:\\\/\\\/www.accuratereviews.com\\\/it\\\/video-editing-lista-software\\\/acdsee-pro-recensione\\\/#breadcrumb\"},\"inLanguage\":\"it-IT\",\"potentialAction\":[{\"@type\":\"ReadAction\",\"target\":[\"https:\\\/\\\/www.accuratereviews.com\\\/it\\\/video-editing-lista-software\\\/acdsee-pro-recensione\\\/\"]}]},{\"@type\":\"ImageObject\",\"inLanguage\":\"it-IT\",\"@id\":\"https:\\\/\\\/www.accuratereviews.com\\\/it\\\/video-editing-lista-software\\\/acdsee-pro-recensione\\\/#primaryimage\",\"url\":\"https:\\\/\\\/www.accuratereviews.com\\\/wp-content\\\/uploads\\\/2023\\\/02\\\/Screenshot-2023-02-17-alle-09.51.29.png\",\"contentUrl\":\"https:\\\/\\\/www.accuratereviews.com\\\/wp-content\\\/uploads\\\/2023\\\/02\\\/Screenshot-2023-02-17-alle-09.51.29.png\",\"width\":548,\"height\":400},{\"@type\":\"BreadcrumbList\",\"@id\":\"https:\\\/\\\/www.accuratereviews.com\\\/it\\\/video-editing-lista-software\\\/acdsee-pro-recensione\\\/#breadcrumb\",\"itemListElement\":[{\"@type\":\"ListItem\",\"position\":1,\"name\":\"Home\",\"item\":\"https:\\\/\\\/www.accuratereviews.com\\\/it\\\/\"},{\"@type\":\"ListItem\",\"position\":2,\"name\":\"Software per il video editing\",\"item\":\"https:\\\/\\\/www.accuratereviews.com\\\/it\\\/video-editing-lista-software\\\/\"},{\"@type\":\"ListItem\",\"position\":3,\"name\":\"ACDSee Pro\"}]},{\"@type\":\"WebSite\",\"@id\":\"https:\\\/\\\/www.accuratereviews.com\\\/it\\\/#website\",\"url\":\"https:\\\/\\\/www.accuratereviews.com\\\/it\\\/\",\"name\":\"Accurate Reviews\",\"description\":\"\",\"potentialAction\":[{\"@type\":\"SearchAction\",\"target\":{\"@type\":\"EntryPoint\",\"urlTemplate\":\"https:\\\/\\\/www.accuratereviews.com\\\/it\\\/?s={search_term_string}\"},\"query-input\":{\"@type\":\"PropertyValueSpecification\",\"valueRequired\":true,\"valueName\":\"search_term_string\"}}],\"inLanguage\":\"it-IT\"}]}<\/script>\n<!-- \/ Yoast SEO plugin. -->","yoast_head_json":{"title":"ACDSee Pro: recensione software video editing - Accurate Reviews","description":"ACDSee Pro: recensione software che offre funzionalit\u00e0 per fotoritocco, video editing e gestione delle risorse digitali (DAM).","robots":{"index":"index","follow":"follow","max-snippet":"max-snippet:-1","max-image-preview":"max-image-preview:large","max-video-preview":"max-video-preview:-1"},"canonical":"https:\/\/www.accuratereviews.com\/it\/video-editing-lista-software\/acdsee-pro-recensione\/","og_locale":"it_IT","og_type":"article","og_title":"ACDSee Pro: recensione software video editing - Accurate Reviews","og_description":"ACDSee Pro: recensione software che offre funzionalit\u00e0 per fotoritocco, video editing e gestione delle risorse digitali (DAM).","og_url":"https:\/\/www.accuratereviews.com\/it\/video-editing-lista-software\/acdsee-pro-recensione\/","og_site_name":"Accurate Reviews","og_image":[{"width":548,"height":400,"url":"https:\/\/www.accuratereviews.com\/wp-content\/uploads\/2023\/02\/Screenshot-2023-02-17-alle-09.51.29.png","type":"image\/png"}],"twitter_card":"summary_large_image","twitter_misc":{"Tempo di lettura stimato":"4 minuti"},"schema":{"@context":"https:\/\/schema.org","@graph":[{"@type":"WebPage","@id":"https:\/\/www.accuratereviews.com\/it\/video-editing-lista-software\/acdsee-pro-recensione\/","url":"https:\/\/www.accuratereviews.com\/it\/video-editing-lista-software\/acdsee-pro-recensione\/","name":"ACDSee Pro: recensione software video editing - Accurate Reviews","isPartOf":{"@id":"https:\/\/www.accuratereviews.com\/it\/#website"},"primaryImageOfPage":{"@id":"https:\/\/www.accuratereviews.com\/it\/video-editing-lista-software\/acdsee-pro-recensione\/#primaryimage"},"image":{"@id":"https:\/\/www.accuratereviews.com\/it\/video-editing-lista-software\/acdsee-pro-recensione\/#primaryimage"},"thumbnailUrl":"https:\/\/www.accuratereviews.com\/wp-content\/uploads\/2023\/02\/Screenshot-2023-02-17-alle-09.51.29.png","datePublished":"2023-02-17T14:28:59+00:00","description":"ACDSee Pro: recensione software che offre funzionalit\u00e0 per fotoritocco, video editing e gestione delle risorse digitali (DAM).","breadcrumb":{"@id":"https:\/\/www.accuratereviews.com\/it\/video-editing-lista-software\/acdsee-pro-recensione\/#breadcrumb"},"inLanguage":"it-IT","potentialAction":[{"@type":"ReadAction","target":["https:\/\/www.accuratereviews.com\/it\/video-editing-lista-software\/acdsee-pro-recensione\/"]}]},{"@type":"ImageObject","inLanguage":"it-IT","@id":"https:\/\/www.accuratereviews.com\/it\/video-editing-lista-software\/acdsee-pro-recensione\/#primaryimage","url":"https:\/\/www.accuratereviews.com\/wp-content\/uploads\/2023\/02\/Screenshot-2023-02-17-alle-09.51.29.png","contentUrl":"https:\/\/www.accuratereviews.com\/wp-content\/uploads\/2023\/02\/Screenshot-2023-02-17-alle-09.51.29.png","width":548,"height":400},{"@type":"BreadcrumbList","@id":"https:\/\/www.accuratereviews.com\/it\/video-editing-lista-software\/acdsee-pro-recensione\/#breadcrumb","itemListElement":[{"@type":"ListItem","position":1,"name":"Home","item":"https:\/\/www.accuratereviews.com\/it\/"},{"@type":"ListItem","position":2,"name":"Software per il video editing","item":"https:\/\/www.accuratereviews.com\/it\/video-editing-lista-software\/"},{"@type":"ListItem","position":3,"name":"ACDSee Pro"}]},{"@type":"WebSite","@id":"https:\/\/www.accuratereviews.com\/it\/#website","url":"https:\/\/www.accuratereviews.com\/it\/","name":"Accurate Reviews","description":"","potentialAction":[{"@type":"SearchAction","target":{"@type":"EntryPoint","urlTemplate":"https:\/\/www.accuratereviews.com\/it\/?s={search_term_string}"},"query-input":{"@type":"PropertyValueSpecification","valueRequired":true,"valueName":"search_term_string"}}],"inLanguage":"it-IT"}]}},"_links":{"self":[{"href":"https:\/\/www.accuratereviews.com\/it\/wp-json\/wp\/v2\/pages\/67301","targetHints":{"allow":["GET"]}}],"collection":[{"href":"https:\/\/www.accuratereviews.com\/it\/wp-json\/wp\/v2\/pages"}],"about":[{"href":"https:\/\/www.accuratereviews.com\/it\/wp-json\/wp\/v2\/types\/page"}],"author":[{"embeddable":true,"href":"https:\/\/www.accuratereviews.com\/it\/wp-json\/wp\/v2\/users\/19"}],"replies":[{"embeddable":true,"href":"https:\/\/www.accuratereviews.com\/it\/wp-json\/wp\/v2\/comments?post=67301"}],"version-history":[{"count":6,"href":"https:\/\/www.accuratereviews.com\/it\/wp-json\/wp\/v2\/pages\/67301\/revisions"}],"predecessor-version":[{"id":67319,"href":"https:\/\/www.accuratereviews.com\/it\/wp-json\/wp\/v2\/pages\/67301\/revisions\/67319"}],"up":[{"embeddable":true,"href":"https:\/\/www.accuratereviews.com\/it\/wp-json\/wp\/v2\/pages\/7571"}],"wp:featuredmedia":[{"embeddable":true,"href":"https:\/\/www.accuratereviews.com\/it\/wp-json\/wp\/v2\/media\/67308"}],"wp:attachment":[{"href":"https:\/\/www.accuratereviews.com\/it\/wp-json\/wp\/v2\/media?parent=67301"}],"wp:term":[{"taxonomy":"category","embeddable":true,"href":"https:\/\/www.accuratereviews.com\/it\/wp-json\/wp\/v2\/categories?post=67301"},{"taxonomy":"post_tag","embeddable":true,"href":"https:\/\/www.accuratereviews.com\/it\/wp-json\/wp\/v2\/tags?post=67301"},{"taxonomy":"features","embeddable":true,"href":"https:\/\/www.accuratereviews.com\/it\/wp-json\/wp\/v2\/features?post=67301"}],"curies":[{"name":"wp","href":"https:\/\/api.w.org\/{rel}","templated":true}]}}