{"id":67350,"date":"2023-02-21T08:00:30","date_gmt":"2023-02-21T08:00:30","guid":{"rendered":"https:\/\/www.accuratereviews.com\/?page_id=67350"},"modified":"2023-02-21T08:00:30","modified_gmt":"2023-02-21T08:00:30","slug":"involve-me-recensione","status":"publish","type":"page","link":"https:\/\/www.accuratereviews.com\/it\/crm-software-migliori-lista\/involve-me-recensione\/","title":{"rendered":"Involve.me"},"content":{"rendered":"<p class=\"h5 fw-bold mb-2\"><strong>Involve.me<\/strong>\u00a0\u00e8 un <strong>software CRM<\/strong> che ha l&#8217;obiettivo di coinvolgere maggiormente il tuo pubblico, trasformando gli utenti in potenziali clienti. Infatti dispone di potenti strumenti che permettono di raggiugnere un maggior numero di persone, automatizzare le qualifiche, velocizzare le trattative commerciali e ottimizzare il flusso di lavoro.<br \/>\nCrea landing page accattivanti, widget, popup, sondaggi, calcolatori e quiz che siano in grado di catturare l&#8217;attenzione di tutti gli utenti, trasformando la tua presenza online in un&#8217;esperienza interattiva e divertente.<\/p>\n<h2>INVOLVE.ME &#8211; TUTORIAL<\/h2>\n<div id=\"fluid-wrapper-counter-1\" class=\"g1-fluid-wrapper \" style=\"width:686px;\">\n<div style=\"padding-bottom:56.268221574344%;\"><iframe loading=\"lazy\" title=\"What is involve.me?\" width=\"686\" height=\"386\" src=\"https:\/\/www.youtube.com\/embed\/lkpYZRUzH8A?feature=oembed&amp;wmode=transparent&amp;autohide=1&amp;autoplay=0&amp;disablekb=0&amp;fs=1&amp;loop=0&amp;enablejsapi=1&amp;rel=0&amp;controls=2&amp;showinfo=0&amp;wmode=transparent&amp;autohide=2&amp;autoplay=0&amp;disablekb=0&amp;fs=1&amp;loop=0&amp;enablejsapi=1&amp;rel=0&amp;controls=2&amp;showinfo=1\" frameborder=\"0\" allow=\"accelerometer; autoplay; clipboard-write; encrypted-media; gyroscope; picture-in-picture; web-share\" allowfullscreen><\/iframe><\/div>\n<\/div>\n<h3>INVOLVE. ME &#8211; CARATTERISTICHE<\/h3>\n<ul>\n<li><strong>Salti logici<\/strong>: consente agli utenti di saltare le domande irrilevanti o di chiedere automaticamente ulteriori dettagli. Crea percorsi attraverso le tue domande.<\/li>\n<li><strong>Contenuti incorporati nel tuo sito web<\/strong>: tutto ci\u00f2 che crei viene fornito con un codice di incorporamento pronto per il copia-incolla per il tuo sito web.<\/li>\n<li><strong>Risultati multipli<\/strong>: mostra pagine di risultati diversi in base alle risposte di ogni persona e imposta reindirizzamenti personalizzati o call-to-action.<\/li>\n<li><strong>Invii parziali<\/strong>: recupera i contatti persi e raccoglie pi\u00f9 dati dalle persone che si sono ritirate e non hanno risposto a tutte le domande.<\/li>\n<li><strong>Campi nascosti<\/strong>: personalizza le interazioni con i contatti esistenti, traccia un maggior numero di dati o consente a determinati utenti di accedere a pagine specifiche.<\/li>\n<li><strong>Email personalizzate per i partecipanti<\/strong>: invia email di conferma agli utenti che hanno interagito con i tuoi contenuti in modo istantaneo e utilizza variabili per personalizzarli.<\/li>\n<\/ul>\n<h4>LE RECENSIONI DEGLI UTENTI<\/h4>\n<p><strong>Abhinav &#8220;Ottimo rapporto qualit\u00e0\/prezzo&#8221;<\/strong><br \/>\nCommenti: Mi piace usare Involve per ottenere lead e indirizzarli verso il prodotto giusto che ho da offrire. Mi aiuta a risparmiare tempo e a coltivare i lead corretti attraverso il mio funnel.<br \/>\nPro: Facile da implementare, facile da integrare con il sito web, ottimi gli strumenti di posta elettronica e il software di landing page<br \/>\nContro: Mancanza di flessibilit\u00e0 nel reindirizzamento dopo la fine del quiz.<\/p>\n<p><strong>Rebecca &#8220;Facile da usare e con flussi logici autentici che altri software non hanno&#8221;.<\/strong><br \/>\nCommenti: Mi piace molto usare Involve.me e le sue funzionalit\u00e0. Tra tutti i costruttori di quiz che ho usato, compresi Try Interact e Outgrow, \u00e8 il mio preferito!<br \/>\nPro: Sono passato da Tryinteract perch\u00e9 volevo creare un vero quiz basato sulla logica. In generale, il software \u00e8 facile da usare e ha ottime funzionalit\u00e0.<br \/>\nContro: Vorrei un costruttore visuale; l&#8217;editor a volte risulta un po&#8217; buggato &#8211; ma il supporto \u00e8 stato molto buono quando ho avuto un problema.<\/p>\n<p><strong>Serbulent &#8220;Servizio molto buono ma &#8230;.&#8221;<\/strong><br \/>\nCommenti: Esperienza complessivamente buona ma un po&#8217; costosa e devono permettere agli utenti di utilizzare i propri domini<br \/>\nPro: La logica funziona perfettamente ed \u00e8 facile da costruire.<br \/>\nContro: Se lasciate che le persone usino i loro domini invece di involve.me, tutto andr\u00e0 bene.<\/p>\n","protected":false},"excerpt":{"rendered":"<p>Involve.me\u00a0\u00e8 un software CRM che ha l&#8217;obiettivo di coinvolgere maggiormente il tuo pubblico, trasformando gli utenti in potenziali clienti. Infatti dispone di potenti strumenti che permettono di raggiugnere un maggior numero di persone, automatizzare le qualifiche, velocizzare le trattative commerciali e ottimizzare il flusso di lavoro.\u00a0<\/p>\n","protected":false},"author":17,"featured_media":67356,"parent":5966,"menu_order":0,"comment_status":"open","ping_status":"closed","template":"g1_template_page_review_new.php","meta":{"_acf_changed":false,"cwp_meta_box_check":"No","cwp_rev_product_name":"","cwp_rev_product_image":"","wppr_links":[],"cwp_rev_price":"","wppr_options":[],"wppr_pros":[],"wppr_cons":[],"_monsterinsights_skip_tracking":false,"_monsterinsights_sitenote_active":false,"_monsterinsights_sitenote_note":"","_monsterinsights_sitenote_category":0,"footnotes":""},"categories":[120],"tags":[14095,10875,10874,10761,10765],"features":[],"class_list":{"0":"post-67350","1":"page","2":"type-page","3":"status-publish","4":"has-post-thumbnail","6":"category-crm-it","7":"tag-app-crm","8":"tag-crm-piattaforma","9":"tag-crm-programma","10":"tag-crm-software-2-it","11":"tag-crm-soluzione"},"wppr_data":{"cwp_meta_box_check":"No"},"acf":[],"yoast_head":"<!-- This site is optimized with the Yoast SEO plugin v27.4 - https:\/\/yoast.com\/product\/yoast-seo-wordpress\/ -->\n<title>Involve.me: recensione software CRM - Accurate Reviews<\/title>\n<meta name=\"description\" content=\"Involve.me: recensione software CRM per coinvolgere maggiormente il tuo pubblico, trasformando gli utenti in potenziali clienti.\" \/>\n<meta name=\"robots\" content=\"index, follow, max-snippet:-1, max-image-preview:large, max-video-preview:-1\" \/>\n<link rel=\"canonical\" href=\"https:\/\/www.accuratereviews.com\/it\/crm-software-migliori-lista\/involve-me-recensione\/\" \/>\n<meta property=\"og:locale\" content=\"it_IT\" \/>\n<meta property=\"og:type\" content=\"article\" \/>\n<meta property=\"og:title\" content=\"Involve.me: recensione software CRM - Accurate Reviews\" \/>\n<meta property=\"og:description\" content=\"Involve.me: recensione software CRM per coinvolgere maggiormente il tuo pubblico, trasformando gli utenti in potenziali clienti.\" \/>\n<meta property=\"og:url\" content=\"https:\/\/www.accuratereviews.com\/it\/crm-software-migliori-lista\/involve-me-recensione\/\" \/>\n<meta property=\"og:site_name\" content=\"Accurate Reviews\" \/>\n<meta property=\"og:image\" content=\"https:\/\/www.accuratereviews.com\/wp-content\/uploads\/2023\/02\/involve.me-logo.jpg-1.webp\" \/>\n\t<meta property=\"og:image:width\" content=\"400\" \/>\n\t<meta property=\"og:image:height\" content=\"400\" \/>\n\t<meta property=\"og:image:type\" content=\"image\/webp\" \/>\n<meta name=\"twitter:card\" content=\"summary_large_image\" \/>\n<meta name=\"twitter:label1\" content=\"Tempo di lettura stimato\" \/>\n\t<meta name=\"twitter:data1\" content=\"3 minuti\" \/>\n<script type=\"application\/ld+json\" class=\"yoast-schema-graph\">{\"@context\":\"https:\\\/\\\/schema.org\",\"@graph\":[{\"@type\":\"WebPage\",\"@id\":\"https:\\\/\\\/www.accuratereviews.com\\\/it\\\/crm-software-migliori-lista\\\/involve-me-recensione\\\/\",\"url\":\"https:\\\/\\\/www.accuratereviews.com\\\/it\\\/crm-software-migliori-lista\\\/involve-me-recensione\\\/\",\"name\":\"Involve.me: recensione software CRM - Accurate Reviews\",\"isPartOf\":{\"@id\":\"https:\\\/\\\/www.accuratereviews.com\\\/it\\\/#website\"},\"primaryImageOfPage\":{\"@id\":\"https:\\\/\\\/www.accuratereviews.com\\\/it\\\/crm-software-migliori-lista\\\/involve-me-recensione\\\/#primaryimage\"},\"image\":{\"@id\":\"https:\\\/\\\/www.accuratereviews.com\\\/it\\\/crm-software-migliori-lista\\\/involve-me-recensione\\\/#primaryimage\"},\"thumbnailUrl\":\"https:\\\/\\\/www.accuratereviews.com\\\/wp-content\\\/uploads\\\/2023\\\/02\\\/involve.me-logo.jpg-1.webp\",\"datePublished\":\"2023-02-21T08:00:30+00:00\",\"description\":\"Involve.me: recensione software CRM per coinvolgere maggiormente il tuo pubblico, trasformando gli utenti in potenziali clienti.\",\"breadcrumb\":{\"@id\":\"https:\\\/\\\/www.accuratereviews.com\\\/it\\\/crm-software-migliori-lista\\\/involve-me-recensione\\\/#breadcrumb\"},\"inLanguage\":\"it-IT\",\"potentialAction\":[{\"@type\":\"ReadAction\",\"target\":[\"https:\\\/\\\/www.accuratereviews.com\\\/it\\\/crm-software-migliori-lista\\\/involve-me-recensione\\\/\"]}]},{\"@type\":\"ImageObject\",\"inLanguage\":\"it-IT\",\"@id\":\"https:\\\/\\\/www.accuratereviews.com\\\/it\\\/crm-software-migliori-lista\\\/involve-me-recensione\\\/#primaryimage\",\"url\":\"https:\\\/\\\/www.accuratereviews.com\\\/wp-content\\\/uploads\\\/2023\\\/02\\\/involve.me-logo.jpg-1.webp\",\"contentUrl\":\"https:\\\/\\\/www.accuratereviews.com\\\/wp-content\\\/uploads\\\/2023\\\/02\\\/involve.me-logo.jpg-1.webp\",\"width\":400,\"height\":400},{\"@type\":\"BreadcrumbList\",\"@id\":\"https:\\\/\\\/www.accuratereviews.com\\\/it\\\/crm-software-migliori-lista\\\/involve-me-recensione\\\/#breadcrumb\",\"itemListElement\":[{\"@type\":\"ListItem\",\"position\":1,\"name\":\"Home\",\"item\":\"https:\\\/\\\/www.accuratereviews.com\\\/it\\\/\"},{\"@type\":\"ListItem\",\"position\":2,\"name\":\"CRM: i software migliori\",\"item\":\"https:\\\/\\\/www.accuratereviews.com\\\/it\\\/crm-software-migliori-lista\\\/\"},{\"@type\":\"ListItem\",\"position\":3,\"name\":\"Involve.me\"}]},{\"@type\":\"WebSite\",\"@id\":\"https:\\\/\\\/www.accuratereviews.com\\\/it\\\/#website\",\"url\":\"https:\\\/\\\/www.accuratereviews.com\\\/it\\\/\",\"name\":\"Accurate Reviews\",\"description\":\"\",\"potentialAction\":[{\"@type\":\"SearchAction\",\"target\":{\"@type\":\"EntryPoint\",\"urlTemplate\":\"https:\\\/\\\/www.accuratereviews.com\\\/it\\\/?s={search_term_string}\"},\"query-input\":{\"@type\":\"PropertyValueSpecification\",\"valueRequired\":true,\"valueName\":\"search_term_string\"}}],\"inLanguage\":\"it-IT\"}]}<\/script>\n<!-- \/ Yoast SEO plugin. -->","yoast_head_json":{"title":"Involve.me: recensione software CRM - Accurate Reviews","description":"Involve.me: recensione software CRM per coinvolgere maggiormente il tuo pubblico, trasformando gli utenti in potenziali clienti.","robots":{"index":"index","follow":"follow","max-snippet":"max-snippet:-1","max-image-preview":"max-image-preview:large","max-video-preview":"max-video-preview:-1"},"canonical":"https:\/\/www.accuratereviews.com\/it\/crm-software-migliori-lista\/involve-me-recensione\/","og_locale":"it_IT","og_type":"article","og_title":"Involve.me: recensione software CRM - Accurate Reviews","og_description":"Involve.me: recensione software CRM per coinvolgere maggiormente il tuo pubblico, trasformando gli utenti in potenziali clienti.","og_url":"https:\/\/www.accuratereviews.com\/it\/crm-software-migliori-lista\/involve-me-recensione\/","og_site_name":"Accurate Reviews","og_image":[{"width":400,"height":400,"url":"https:\/\/www.accuratereviews.com\/wp-content\/uploads\/2023\/02\/involve.me-logo.jpg-1.webp","type":"image\/webp"}],"twitter_card":"summary_large_image","twitter_misc":{"Tempo di lettura stimato":"3 minuti"},"schema":{"@context":"https:\/\/schema.org","@graph":[{"@type":"WebPage","@id":"https:\/\/www.accuratereviews.com\/it\/crm-software-migliori-lista\/involve-me-recensione\/","url":"https:\/\/www.accuratereviews.com\/it\/crm-software-migliori-lista\/involve-me-recensione\/","name":"Involve.me: recensione software CRM - Accurate Reviews","isPartOf":{"@id":"https:\/\/www.accuratereviews.com\/it\/#website"},"primaryImageOfPage":{"@id":"https:\/\/www.accuratereviews.com\/it\/crm-software-migliori-lista\/involve-me-recensione\/#primaryimage"},"image":{"@id":"https:\/\/www.accuratereviews.com\/it\/crm-software-migliori-lista\/involve-me-recensione\/#primaryimage"},"thumbnailUrl":"https:\/\/www.accuratereviews.com\/wp-content\/uploads\/2023\/02\/involve.me-logo.jpg-1.webp","datePublished":"2023-02-21T08:00:30+00:00","description":"Involve.me: recensione software CRM per coinvolgere maggiormente il tuo pubblico, trasformando gli utenti in potenziali clienti.","breadcrumb":{"@id":"https:\/\/www.accuratereviews.com\/it\/crm-software-migliori-lista\/involve-me-recensione\/#breadcrumb"},"inLanguage":"it-IT","potentialAction":[{"@type":"ReadAction","target":["https:\/\/www.accuratereviews.com\/it\/crm-software-migliori-lista\/involve-me-recensione\/"]}]},{"@type":"ImageObject","inLanguage":"it-IT","@id":"https:\/\/www.accuratereviews.com\/it\/crm-software-migliori-lista\/involve-me-recensione\/#primaryimage","url":"https:\/\/www.accuratereviews.com\/wp-content\/uploads\/2023\/02\/involve.me-logo.jpg-1.webp","contentUrl":"https:\/\/www.accuratereviews.com\/wp-content\/uploads\/2023\/02\/involve.me-logo.jpg-1.webp","width":400,"height":400},{"@type":"BreadcrumbList","@id":"https:\/\/www.accuratereviews.com\/it\/crm-software-migliori-lista\/involve-me-recensione\/#breadcrumb","itemListElement":[{"@type":"ListItem","position":1,"name":"Home","item":"https:\/\/www.accuratereviews.com\/it\/"},{"@type":"ListItem","position":2,"name":"CRM: i software migliori","item":"https:\/\/www.accuratereviews.com\/it\/crm-software-migliori-lista\/"},{"@type":"ListItem","position":3,"name":"Involve.me"}]},{"@type":"WebSite","@id":"https:\/\/www.accuratereviews.com\/it\/#website","url":"https:\/\/www.accuratereviews.com\/it\/","name":"Accurate Reviews","description":"","potentialAction":[{"@type":"SearchAction","target":{"@type":"EntryPoint","urlTemplate":"https:\/\/www.accuratereviews.com\/it\/?s={search_term_string}"},"query-input":{"@type":"PropertyValueSpecification","valueRequired":true,"valueName":"search_term_string"}}],"inLanguage":"it-IT"}]}},"_links":{"self":[{"href":"https:\/\/www.accuratereviews.com\/it\/wp-json\/wp\/v2\/pages\/67350","targetHints":{"allow":["GET"]}}],"collection":[{"href":"https:\/\/www.accuratereviews.com\/it\/wp-json\/wp\/v2\/pages"}],"about":[{"href":"https:\/\/www.accuratereviews.com\/it\/wp-json\/wp\/v2\/types\/page"}],"author":[{"embeddable":true,"href":"https:\/\/www.accuratereviews.com\/it\/wp-json\/wp\/v2\/users\/17"}],"replies":[{"embeddable":true,"href":"https:\/\/www.accuratereviews.com\/it\/wp-json\/wp\/v2\/comments?post=67350"}],"version-history":[{"count":1,"href":"https:\/\/www.accuratereviews.com\/it\/wp-json\/wp\/v2\/pages\/67350\/revisions"}],"predecessor-version":[{"id":67361,"href":"https:\/\/www.accuratereviews.com\/it\/wp-json\/wp\/v2\/pages\/67350\/revisions\/67361"}],"up":[{"embeddable":true,"href":"https:\/\/www.accuratereviews.com\/it\/wp-json\/wp\/v2\/pages\/5966"}],"wp:featuredmedia":[{"embeddable":true,"href":"https:\/\/www.accuratereviews.com\/it\/wp-json\/wp\/v2\/media\/67356"}],"wp:attachment":[{"href":"https:\/\/www.accuratereviews.com\/it\/wp-json\/wp\/v2\/media?parent=67350"}],"wp:term":[{"taxonomy":"category","embeddable":true,"href":"https:\/\/www.accuratereviews.com\/it\/wp-json\/wp\/v2\/categories?post=67350"},{"taxonomy":"post_tag","embeddable":true,"href":"https:\/\/www.accuratereviews.com\/it\/wp-json\/wp\/v2\/tags?post=67350"},{"taxonomy":"features","embeddable":true,"href":"https:\/\/www.accuratereviews.com\/it\/wp-json\/wp\/v2\/features?post=67350"}],"curies":[{"name":"wp","href":"https:\/\/api.w.org\/{rel}","templated":true}]}}