{"id":67411,"date":"2023-02-23T17:48:53","date_gmt":"2023-02-23T17:48:53","guid":{"rendered":"https:\/\/www.accuratereviews.com\/?page_id=67411"},"modified":"2023-02-23T17:48:53","modified_gmt":"2023-02-23T17:48:53","slug":"lumar-recensione","status":"publish","type":"page","link":"https:\/\/www.accuratereviews.com\/it\/strumenti-seo-lista-software\/lumar-recensione\/","title":{"rendered":"Lumar"},"content":{"rendered":"<p><strong>Lumar<\/strong> \u00e8 una <strong>piattaforma di intelligence<\/strong> per siti web che aiuta gli esperti di marketing, le agenzie digitali e le aziende ad analizzare, monitorare e confrontare le prestazioni tecniche per pi\u00f9 pagine web. Gli amministratori possono utilizzare i test QA e le funzionalit\u00e0 di tracciamento delle tendenze per mitigare i rischi e proteggere il traffico organico.<br \/>\nI team possono<strong> analizzare quali parole chiave<\/strong> portano traffico ai siti e ottenere consigli su come migliorare la visibilit\u00e0 nelle pagine dei risultati dei motori di ricerca (SERP). I manager possono monitorare le campagne di marketing digitale in base alle esigenze.<\/p>\n<h2>LUMAR &#8211; TUTORIAL<\/h2>\n<div id=\"fluid-wrapper-counter-1\" class=\"g1-fluid-wrapper \" style=\"width:686px;\">\n<div style=\"padding-bottom:56.268221574344%;\"><iframe loading=\"lazy\" title=\"Introduction to Deepcrawl&#039;s Technical SEO Platform\" width=\"686\" height=\"386\" src=\"https:\/\/www.youtube.com\/embed\/GUFDGjdmvqw?feature=oembed&amp;wmode=transparent&amp;autohide=1&amp;autoplay=0&amp;disablekb=0&amp;fs=1&amp;loop=0&amp;enablejsapi=1&amp;rel=0&amp;controls=2&amp;showinfo=0&amp;wmode=transparent&amp;autohide=2&amp;autoplay=0&amp;disablekb=0&amp;fs=1&amp;loop=0&amp;enablejsapi=1&amp;rel=0&amp;controls=2&amp;showinfo=1\" frameborder=\"0\" allow=\"accelerometer; autoplay; clipboard-write; encrypted-media; gyroscope; picture-in-picture; web-share\" allowfullscreen><\/iframe><\/div>\n<\/div>\n<h3>LUMAR &#8211; CARATTERISTICHE<\/h3>\n<ul>\n<li>Scopri rapidamente i problemi tecnici che influiscono sul ranking di ricerca e sull&#8217;esperienza utente del tuo sito Web URL\/secondo per ottenere scansioni del sito Web rapide e fulminee e metriche illimitate<\/li>\n<li>Agisci rapidamente con avvisi intelligenti e una visione globale di tutti i tuoi domini<\/li>\n<li>Monitora i cambiamenti tecnici SEO e le tendenze sulla salute del sito web<\/li>\n<li>I punteggi sulla salute del sito web ti aiutano a valutare il successo<\/li>\n<li>Dai priorit\u00e0 alle attivit\u00e0 con la canalizzazione del traffico organico<\/li>\n<li>Saluta la nuova era dell&#8217;automazione SEO<\/li>\n<li>Risparmia tempo con un approccio proattivo al QA SEO tecnico<\/li>\n<li>Crea app personalizzate utilizzando la API aperta<\/li>\n<li>Entra in contatto con i leader con insight di intelligence sui siti web di alto livello su tutte le piattaforme BI<\/li>\n<li>Consigli su misura, audit SEO guidati e strategie di ricerca personalizzate<\/li>\n<\/ul>\n<h4>LE RECENSIONI DEGLI UTENTI<\/h4>\n<p><strong>Chris &#8220;Lo strumento di scansione e monitoraggio del sito Web pi\u00f9 approfondito disponibile&#8221;<\/strong><br \/>\n<strong>Commenti<\/strong>: Nel complesso, Lumar \u00e8 un&#8217;esperienza di controllo del sito Web premium. Tutto sembra attraente. Tutte le metriche che vengono prodotte in un rapporto sono ben segnalate e spiegate, rendendo facile per i nuovi SEO capire quali informazioni hanno.<br \/>\n<strong>Pro<\/strong>: La cosa migliore di Lumar \u00e8 il modo in cui presenta visivamente i risultati delle scansioni, la dashboard \u00e8 molto pi\u00f9 chiara di un&#8217;esportazione Excel offerta da altri crawler. \u00c8 anche eccellente nell&#8217;assegnare visivamente la priorit\u00e0 a questi compiti.<br \/>\n<strong>Contro<\/strong>: Pu\u00f2 essere lento da scansionare, \u00e8 approfondito ed \u00e8 molto probabile che rilevi URL errati, quindi quel ritmo \u00e8 capitile.<\/p>\n<p><strong>Bar\u0131\u015f &#8220;SEO con DeepCrawl&#8221;<\/strong><br \/>\n<strong>Commenti<\/strong>: Rispetto a Google Analytics, puoi eseguire le tue transazioni in modo pi\u00f9 completo e dettagliato. Inoltre, le visualizzazioni sembrano pi\u00f9 riuscite e piacevoli. Consiglierei sicuramente di usarlo.<br \/>\n<strong>Pro<\/strong>: L&#8217;applicazione \u00e8 facile da usare. Pu\u00f2 essere facilmente integrato con il lato di Google Analytics. Visualizza il grafico che voglio, la statistica nel modo in cui la voglio.<br \/>\n<strong>Contro<\/strong>: L&#8217;app \u00e8 stata generalmente piacevole da usare. Non c&#8217;era niente che non mi piace.<\/p>\n<p><strong>Daniel &#8220;Un importante strumento di marketing digitale&#8221;<\/strong><br \/>\n<strong>Commenti<\/strong>: Avendo utilizzato il software ed essendo stato a una serie di eventi sponsorizzati dal marchio, \u00e8 uno strumento fondamentale per qualsiasi marketer digitale.<br \/>\n<strong>Pro<\/strong>: Facilit\u00e0 d&#8217;uso, importanza all&#8217;interno dell&#8217;industria, impatto sul lavoro di marketing digitale<br \/>\n<strong>Contro<\/strong>: Non ci sono veri svantaggi in questo prodotto: \u00e8 uno strumento molto efficace.<\/p>\n","protected":false},"excerpt":{"rendered":"<p>Lumar \u00e8 una piattaforma di intelligence per siti web che aiuta gli esperti di marketing, le agenzie digitali e le aziende ad analizzare, monitorare e confrontare le prestazioni tecniche per pi\u00f9 pagine web. Gli amministratori possono utilizzare i test QA e le funzionalit\u00e0 di tracciamento delle tendenze per mitigare i rischi e proteggere il traffico organico.<\/p>\n","protected":false},"author":19,"featured_media":67412,"parent":8849,"menu_order":0,"comment_status":"open","ping_status":"closed","template":"g1_template_page_review_new.php","meta":{"_acf_changed":false,"cwp_meta_box_check":"Yes","cwp_rev_product_name":"","cwp_rev_product_image":"","wppr_links":[],"cwp_rev_price":"0.00","wppr_options":[{"name":"Usability","value":"0"},{"name":"Speed","value":"0"},{"name":"Features","value":"0"},{"name":"Support","value":"0"},{"name":"Pricing","value":"0"}],"wppr_pros":["","","","",""],"wppr_cons":["","","","",""],"_monsterinsights_skip_tracking":false,"_monsterinsights_sitenote_active":false,"_monsterinsights_sitenote_note":"","_monsterinsights_sitenote_category":0,"footnotes":""},"categories":[175],"tags":[14124,1483,14123,1420,1417,885],"features":[],"class_list":{"0":"post-67411","1":"page","2":"type-page","3":"status-publish","4":"has-post-thumbnail","6":"category-strumenti-seo-categoria","7":"tag-lumar","8":"tag-piattaforma-seo","9":"tag-programma-per-seo","10":"tag-software-seo","11":"tag-soluzione-seo","12":"tag-strumenti-seo"},"wppr_data":{"cwp_meta_box_check":"Yes","_wppr_review_template":"default","cwp_rev_product_image":"","cwp_image_link":"image","wppr_links":[],"cwp_rev_price":"0.00","wppr_pros":["","","","",""],"wppr_cons":["","","","",""],"wppr_rating":"0.00","wppr_options":{"1":{"name":"Usability","value":"0"},"2":{"name":"Speed","value":"0"},"3":{"name":"Features","value":"0"},"4":{"name":"Support","value":"0"},"5":{"name":"Pricing","value":"0"}},"wppr_review_type":"Product","wppr_review_custom_fields":{"additionalProperty":"","additionalType":"","aggregateRating":"","alternateName":"","audience":"","award":"","awards":"","brand":"","color":"","depth":"","description":"","disambiguatingDescription":"","gtin12":"","gtin13":"","gtin14":"","gtin8":"","height":"","identifier":"","image":"","isAccessoryOrSparePartFor":"","isConsumableFor":"","isRelatedTo":"","isSimilarTo":"","itemCondition":"","logo":"","mainEntityOfPage":"","manufacturer":"","material":"","model":"","mpn":"","name":"","offers":"","potentialAction":"","productID":"","productionDate":"","purchaseDate":"","releaseDate":"","review":"","reviews":"","sameAs":"","sku":"","slogan":"","subjectOf":"","url":"","weight":"","width":""}},"acf":[],"yoast_head":"<!-- This site is optimized with the Yoast SEO plugin v27.4 - https:\/\/yoast.com\/product\/yoast-seo-wordpress\/ -->\n<title>Lumar: recensione software strumenti SEO - Accurate Reviews<\/title>\n<meta name=\"description\" content=\"Lumar: recensione piattaforma di intelligence che aiuta ad analizzare, monitorare e confrontare le prestazioni tecniche per pi\u00f9 pagine web.\" \/>\n<meta name=\"robots\" content=\"index, follow, max-snippet:-1, max-image-preview:large, max-video-preview:-1\" \/>\n<link rel=\"canonical\" href=\"https:\/\/www.accuratereviews.com\/it\/strumenti-seo-lista-software\/lumar-recensione\/\" \/>\n<meta property=\"og:locale\" content=\"it_IT\" \/>\n<meta property=\"og:type\" content=\"article\" \/>\n<meta property=\"og:title\" content=\"Lumar: recensione software strumenti SEO - Accurate Reviews\" \/>\n<meta property=\"og:description\" content=\"Lumar: recensione piattaforma di intelligence che aiuta ad analizzare, monitorare e confrontare le prestazioni tecniche per pi\u00f9 pagine web.\" \/>\n<meta property=\"og:url\" content=\"https:\/\/www.accuratereviews.com\/it\/strumenti-seo-lista-software\/lumar-recensione\/\" \/>\n<meta property=\"og:site_name\" content=\"Accurate Reviews\" \/>\n<meta property=\"og:image\" content=\"https:\/\/www.accuratereviews.com\/wp-content\/uploads\/2023\/02\/Lumar_Logo.jpg\" \/>\n\t<meta property=\"og:image:width\" content=\"932\" \/>\n\t<meta property=\"og:image:height\" content=\"488\" \/>\n\t<meta property=\"og:image:type\" content=\"image\/jpeg\" \/>\n<meta name=\"twitter:card\" content=\"summary_large_image\" \/>\n<meta name=\"twitter:label1\" content=\"Tempo di lettura stimato\" \/>\n\t<meta name=\"twitter:data1\" content=\"3 minuti\" \/>\n<script type=\"application\/ld+json\" class=\"yoast-schema-graph\">{\"@context\":\"https:\\\/\\\/schema.org\",\"@graph\":[{\"@type\":\"WebPage\",\"@id\":\"https:\\\/\\\/www.accuratereviews.com\\\/it\\\/strumenti-seo-lista-software\\\/lumar-recensione\\\/\",\"url\":\"https:\\\/\\\/www.accuratereviews.com\\\/it\\\/strumenti-seo-lista-software\\\/lumar-recensione\\\/\",\"name\":\"Lumar: recensione software strumenti SEO - Accurate Reviews\",\"isPartOf\":{\"@id\":\"https:\\\/\\\/www.accuratereviews.com\\\/it\\\/#website\"},\"primaryImageOfPage\":{\"@id\":\"https:\\\/\\\/www.accuratereviews.com\\\/it\\\/strumenti-seo-lista-software\\\/lumar-recensione\\\/#primaryimage\"},\"image\":{\"@id\":\"https:\\\/\\\/www.accuratereviews.com\\\/it\\\/strumenti-seo-lista-software\\\/lumar-recensione\\\/#primaryimage\"},\"thumbnailUrl\":\"https:\\\/\\\/www.accuratereviews.com\\\/wp-content\\\/uploads\\\/2023\\\/02\\\/Lumar_Logo.jpg\",\"datePublished\":\"2023-02-23T17:48:53+00:00\",\"description\":\"Lumar: recensione piattaforma di intelligence che aiuta ad analizzare, monitorare e confrontare le prestazioni tecniche per pi\u00f9 pagine web.\",\"breadcrumb\":{\"@id\":\"https:\\\/\\\/www.accuratereviews.com\\\/it\\\/strumenti-seo-lista-software\\\/lumar-recensione\\\/#breadcrumb\"},\"inLanguage\":\"it-IT\",\"potentialAction\":[{\"@type\":\"ReadAction\",\"target\":[\"https:\\\/\\\/www.accuratereviews.com\\\/it\\\/strumenti-seo-lista-software\\\/lumar-recensione\\\/\"]}]},{\"@type\":\"ImageObject\",\"inLanguage\":\"it-IT\",\"@id\":\"https:\\\/\\\/www.accuratereviews.com\\\/it\\\/strumenti-seo-lista-software\\\/lumar-recensione\\\/#primaryimage\",\"url\":\"https:\\\/\\\/www.accuratereviews.com\\\/wp-content\\\/uploads\\\/2023\\\/02\\\/Lumar_Logo.jpg\",\"contentUrl\":\"https:\\\/\\\/www.accuratereviews.com\\\/wp-content\\\/uploads\\\/2023\\\/02\\\/Lumar_Logo.jpg\",\"width\":932,\"height\":488,\"caption\":\"Lumar Logo\"},{\"@type\":\"BreadcrumbList\",\"@id\":\"https:\\\/\\\/www.accuratereviews.com\\\/it\\\/strumenti-seo-lista-software\\\/lumar-recensione\\\/#breadcrumb\",\"itemListElement\":[{\"@type\":\"ListItem\",\"position\":1,\"name\":\"Home\",\"item\":\"https:\\\/\\\/www.accuratereviews.com\\\/it\\\/\"},{\"@type\":\"ListItem\",\"position\":2,\"name\":\"Strumenti SEO\",\"item\":\"https:\\\/\\\/www.accuratereviews.com\\\/it\\\/strumenti-seo-lista-software\\\/\"},{\"@type\":\"ListItem\",\"position\":3,\"name\":\"Lumar\"}]},{\"@type\":\"WebSite\",\"@id\":\"https:\\\/\\\/www.accuratereviews.com\\\/it\\\/#website\",\"url\":\"https:\\\/\\\/www.accuratereviews.com\\\/it\\\/\",\"name\":\"Accurate Reviews\",\"description\":\"\",\"potentialAction\":[{\"@type\":\"SearchAction\",\"target\":{\"@type\":\"EntryPoint\",\"urlTemplate\":\"https:\\\/\\\/www.accuratereviews.com\\\/it\\\/?s={search_term_string}\"},\"query-input\":{\"@type\":\"PropertyValueSpecification\",\"valueRequired\":true,\"valueName\":\"search_term_string\"}}],\"inLanguage\":\"it-IT\"}]}<\/script>\n<!-- \/ Yoast SEO plugin. -->","yoast_head_json":{"title":"Lumar: recensione software strumenti SEO - Accurate Reviews","description":"Lumar: recensione piattaforma di intelligence che aiuta ad analizzare, monitorare e confrontare le prestazioni tecniche per pi\u00f9 pagine web.","robots":{"index":"index","follow":"follow","max-snippet":"max-snippet:-1","max-image-preview":"max-image-preview:large","max-video-preview":"max-video-preview:-1"},"canonical":"https:\/\/www.accuratereviews.com\/it\/strumenti-seo-lista-software\/lumar-recensione\/","og_locale":"it_IT","og_type":"article","og_title":"Lumar: recensione software strumenti SEO - Accurate Reviews","og_description":"Lumar: recensione piattaforma di intelligence che aiuta ad analizzare, monitorare e confrontare le prestazioni tecniche per pi\u00f9 pagine web.","og_url":"https:\/\/www.accuratereviews.com\/it\/strumenti-seo-lista-software\/lumar-recensione\/","og_site_name":"Accurate Reviews","og_image":[{"width":932,"height":488,"url":"https:\/\/www.accuratereviews.com\/wp-content\/uploads\/2023\/02\/Lumar_Logo.jpg","type":"image\/jpeg"}],"twitter_card":"summary_large_image","twitter_misc":{"Tempo di lettura stimato":"3 minuti"},"schema":{"@context":"https:\/\/schema.org","@graph":[{"@type":"WebPage","@id":"https:\/\/www.accuratereviews.com\/it\/strumenti-seo-lista-software\/lumar-recensione\/","url":"https:\/\/www.accuratereviews.com\/it\/strumenti-seo-lista-software\/lumar-recensione\/","name":"Lumar: recensione software strumenti SEO - Accurate Reviews","isPartOf":{"@id":"https:\/\/www.accuratereviews.com\/it\/#website"},"primaryImageOfPage":{"@id":"https:\/\/www.accuratereviews.com\/it\/strumenti-seo-lista-software\/lumar-recensione\/#primaryimage"},"image":{"@id":"https:\/\/www.accuratereviews.com\/it\/strumenti-seo-lista-software\/lumar-recensione\/#primaryimage"},"thumbnailUrl":"https:\/\/www.accuratereviews.com\/wp-content\/uploads\/2023\/02\/Lumar_Logo.jpg","datePublished":"2023-02-23T17:48:53+00:00","description":"Lumar: recensione piattaforma di intelligence che aiuta ad analizzare, monitorare e confrontare le prestazioni tecniche per pi\u00f9 pagine web.","breadcrumb":{"@id":"https:\/\/www.accuratereviews.com\/it\/strumenti-seo-lista-software\/lumar-recensione\/#breadcrumb"},"inLanguage":"it-IT","potentialAction":[{"@type":"ReadAction","target":["https:\/\/www.accuratereviews.com\/it\/strumenti-seo-lista-software\/lumar-recensione\/"]}]},{"@type":"ImageObject","inLanguage":"it-IT","@id":"https:\/\/www.accuratereviews.com\/it\/strumenti-seo-lista-software\/lumar-recensione\/#primaryimage","url":"https:\/\/www.accuratereviews.com\/wp-content\/uploads\/2023\/02\/Lumar_Logo.jpg","contentUrl":"https:\/\/www.accuratereviews.com\/wp-content\/uploads\/2023\/02\/Lumar_Logo.jpg","width":932,"height":488,"caption":"Lumar Logo"},{"@type":"BreadcrumbList","@id":"https:\/\/www.accuratereviews.com\/it\/strumenti-seo-lista-software\/lumar-recensione\/#breadcrumb","itemListElement":[{"@type":"ListItem","position":1,"name":"Home","item":"https:\/\/www.accuratereviews.com\/it\/"},{"@type":"ListItem","position":2,"name":"Strumenti SEO","item":"https:\/\/www.accuratereviews.com\/it\/strumenti-seo-lista-software\/"},{"@type":"ListItem","position":3,"name":"Lumar"}]},{"@type":"WebSite","@id":"https:\/\/www.accuratereviews.com\/it\/#website","url":"https:\/\/www.accuratereviews.com\/it\/","name":"Accurate Reviews","description":"","potentialAction":[{"@type":"SearchAction","target":{"@type":"EntryPoint","urlTemplate":"https:\/\/www.accuratereviews.com\/it\/?s={search_term_string}"},"query-input":{"@type":"PropertyValueSpecification","valueRequired":true,"valueName":"search_term_string"}}],"inLanguage":"it-IT"}]}},"_links":{"self":[{"href":"https:\/\/www.accuratereviews.com\/it\/wp-json\/wp\/v2\/pages\/67411","targetHints":{"allow":["GET"]}}],"collection":[{"href":"https:\/\/www.accuratereviews.com\/it\/wp-json\/wp\/v2\/pages"}],"about":[{"href":"https:\/\/www.accuratereviews.com\/it\/wp-json\/wp\/v2\/types\/page"}],"author":[{"embeddable":true,"href":"https:\/\/www.accuratereviews.com\/it\/wp-json\/wp\/v2\/users\/19"}],"replies":[{"embeddable":true,"href":"https:\/\/www.accuratereviews.com\/it\/wp-json\/wp\/v2\/comments?post=67411"}],"version-history":[{"count":7,"href":"https:\/\/www.accuratereviews.com\/it\/wp-json\/wp\/v2\/pages\/67411\/revisions"}],"predecessor-version":[{"id":67424,"href":"https:\/\/www.accuratereviews.com\/it\/wp-json\/wp\/v2\/pages\/67411\/revisions\/67424"}],"up":[{"embeddable":true,"href":"https:\/\/www.accuratereviews.com\/it\/wp-json\/wp\/v2\/pages\/8849"}],"wp:featuredmedia":[{"embeddable":true,"href":"https:\/\/www.accuratereviews.com\/it\/wp-json\/wp\/v2\/media\/67412"}],"wp:attachment":[{"href":"https:\/\/www.accuratereviews.com\/it\/wp-json\/wp\/v2\/media?parent=67411"}],"wp:term":[{"taxonomy":"category","embeddable":true,"href":"https:\/\/www.accuratereviews.com\/it\/wp-json\/wp\/v2\/categories?post=67411"},{"taxonomy":"post_tag","embeddable":true,"href":"https:\/\/www.accuratereviews.com\/it\/wp-json\/wp\/v2\/tags?post=67411"},{"taxonomy":"features","embeddable":true,"href":"https:\/\/www.accuratereviews.com\/it\/wp-json\/wp\/v2\/features?post=67411"}],"curies":[{"name":"wp","href":"https:\/\/api.w.org\/{rel}","templated":true}]}}