{"id":67429,"date":"2023-02-24T12:48:32","date_gmt":"2023-02-24T12:48:32","guid":{"rendered":"https:\/\/www.accuratereviews.com\/?page_id=67429"},"modified":"2023-03-01T08:00:46","modified_gmt":"2023-03-01T08:00:46","slug":"wordlift-recensione","status":"publish","type":"page","link":"https:\/\/www.accuratereviews.com\/it\/strumenti-seo-lista-software\/wordlift-recensione\/","title":{"rendered":"WordLift"},"content":{"rendered":"<p>Sfruttando Natural Language Processing e AI, <strong>WordLift, <\/strong>analizza i tuoi contenuti e identifica gli argomenti pi\u00f9 rilevanti per il tuo business, organizzandoli in entit\u00e0. Ogni entit\u00e0 descrive un&#8217;idea, un concetto, una persona o un luogo di cui parli sul tuo sito web. Queste entit\u00e0 vengono salvate in un vocabolario, ma la soluzione va pi\u00f9 in profondit\u00e0: dopo averle inserite nel vocabolario e trasformato le informazioni in dati collegati, crea un Knowledge Graph. Quest&#8217;ultimo\u00a0\u00e8 l&#8217;infrastruttura alla base dei tuoi contenuti che li rende comprensibili a <strong>Google e ai motori di ricerca<\/strong>\u00a0da un lato, e rende le tue informazioni ben contestualizzate e pertinenti, dall&#8217;altro. Ci\u00f2 migliora il posizionamento del tuo sito web sui motori di ricerca che, di conseguenza, attira pi\u00f9 utenti.<\/p>\n<h2>WORDLIFT &#8211; TUTORIAL<\/h2>\n<div id=\"fluid-wrapper-counter-1\" class=\"g1-fluid-wrapper \" style=\"width:686px;\">\n<div style=\"padding-bottom:56.268221574344%;\"><iframe loading=\"lazy\" title=\"HOW DOES WORDLIFT WORK?\" width=\"686\" height=\"386\" src=\"https:\/\/www.youtube.com\/embed\/lXEqSfNXWZ8?feature=oembed&amp;wmode=transparent&amp;autohide=1&amp;autoplay=0&amp;disablekb=0&amp;fs=1&amp;loop=0&amp;enablejsapi=1&amp;rel=0&amp;controls=2&amp;showinfo=0&amp;wmode=transparent&amp;autohide=2&amp;autoplay=0&amp;disablekb=0&amp;fs=1&amp;loop=0&amp;enablejsapi=1&amp;rel=0&amp;controls=2&amp;showinfo=1\" frameborder=\"0\" allow=\"accelerometer; autoplay; clipboard-write; encrypted-media; gyroscope; picture-in-picture; web-share\" allowfullscreen><\/iframe><\/div>\n<\/div>\n<h3>WORDLIFT &#8211; CARATTERISTICHE<\/h3>\n<ul>\n<li><strong>Analisi testuale<\/strong>: la soluzione\u00a0analizza i contenuti del tuo articolo e identifica le entit\u00e0 corrispondenti che organizza in quattro categorie: Chi, Che cosa, Quando e Dove.<\/li>\n<li><strong>Classifica i tuoi contenuti<\/strong>: puoi selezionare le entit\u00e0 suggerite in modo da offrire all\u2019utente utili informazioni di contesto, accessibili attraverso link interni ai tuoi contenuti.<\/li>\n<li><strong>Crea nuove entit\u00e0<\/strong>: puoi creare nuove entit\u00e0 per ampliare il contesto costituito dal tuo vocabolario. Il programma apprender\u00e0 da te e la prossima volta riconoscer\u00e0 quelle entit\u00e0.<\/li>\n<li><strong>Modifica le entit\u00e0<\/strong>: puoi modificare ciascuna entit\u00e0 in modo da personalizzare il tuo vocabolario: in questo modo potrai dargli forma intorno agli interessi dei tuoi lettori e creare nuove relazioni.<\/li>\n<li><strong>Scegli le immagini<\/strong>:\u00a0il software suggerisce immagini con licenza aperta e media dalla tua libreria, permettendoti di risparmiare il tempo che di solito dedichi alla ricerca dei media.<\/li>\n<li><strong>Aggiungi la Geomap<\/strong>: i\u00a0luoghi menzionati nel tuo articolo possono rapidamente essere mappati aggiungendo la Geomap.<\/li>\n<li><strong>Inserisci la Timeline<\/strong>: gli eventi possono essere mostrati in ordine cronologico aggiungendo la Timeline.<\/li>\n<li><strong>Aggiungi il Navigator<\/strong>: raccomanda ai tuoi lettori articoli interessanti aggiungendo il Navigator widget.<\/li>\n<li><strong>Pubblica il markup semantico<\/strong>:\u00a0il programma associa in automatico il markup schema.org ai tuoi articoli, permettendo ai motori di ricerca di indicizzare e mostrare correttamente i tuoi contenuti e agli agenti intelligenti come Siri e Alexa di accedervi.<\/li>\n<\/ul>\n<h4>LE RECENSIONI DEGLI UTENTI<\/h4>\n<p><strong>Giancarlo &#8220;Grande squadra&#8221;<\/strong><br \/>\n<strong>Pro<\/strong>: Il team \u00e8 di livello mondiale e il software \u00e8 il migliore sulla piazza.<br \/>\n<strong>Contro<\/strong>: Niente di cui lamentarsi, ci piace il software<\/p>\n<p><strong>Pablo &#8220;Controlla le entit\u00e0 dei tuoi contenuti&#8221;<\/strong><br \/>\n<strong>Commenti<\/strong>: Un punto molto positivo \u00e8 che puoi creare e modificare le tue entit\u00e0 in base ai contenuti.<br \/>\n<strong>Pro<\/strong>: Facilita la visualizzazione delle entit\u00e0 pi\u00f9 rilevanti nel contenuto e lo fa direttamente sull&#8217;editor di WordPress, il che \u00e8 un vantaggio e ci fa risparmiare tempo.<br \/>\n<strong>Contro<\/strong>: Il prezzo mi sembra piuttosto alto considerando che il piano pi\u00f9 semplice \u00e8 gestire i contenuti di un singolo sito web.<\/p>\n<p><strong>Francis Rod &#8220;Wordlift \u00e8 il futuro della SEO&#8221;<\/strong><br \/>\n<strong>Commenti<\/strong>: Questa \u00e8 una delle migliori applicazioni SEO in circolazione. Lo consiglio a tutti coloro che sono alla ricerca di un&#8217;eccellente applicazione SEO. Il suo sistema di intelligenza artificiale funziona in modo straordinario con le tue esigenze di marketing.<br \/>\n<strong>Pro<\/strong>: Il suo sistema di intelligenza artificiale lo ha reso una delle migliori applicazioni SEO in circolazione.<br \/>\n<strong>Contro<\/strong>: Non c&#8217;\u00e8 niente di sbagliato nell&#8217;applicazione. Funziona bene<\/p>\n","protected":false},"excerpt":{"rendered":"<p>Sfruttando Natural Language Processing e AI, WordLift, analizza i tuoi contenuti e identifica gli argomenti pi\u00f9 rilevanti per il tuo business, organizzandoli in entit\u00e0. Ogni entit\u00e0 descrive un&#8217;idea, un concetto, una persona o un luogo di cui parli sul tuo sito web.<\/p>\n","protected":false},"author":19,"featured_media":67436,"parent":8849,"menu_order":0,"comment_status":"open","ping_status":"closed","template":"g1_template_page_review_new.php","meta":{"_acf_changed":false,"cwp_meta_box_check":"No","cwp_rev_product_name":"","cwp_rev_product_image":"","wppr_links":[],"cwp_rev_price":"","wppr_options":[],"wppr_pros":[],"wppr_cons":[],"_monsterinsights_skip_tracking":false,"_monsterinsights_sitenote_active":false,"_monsterinsights_sitenote_note":"","_monsterinsights_sitenote_category":0,"footnotes":""},"categories":[175],"tags":[1421,901,1420,1417,1419,14127],"features":[],"class_list":{"0":"post-67429","1":"page","2":"type-page","3":"status-publish","4":"has-post-thumbnail","6":"category-strumenti-seo-categoria","7":"tag-programma-seo","8":"tag-seo","9":"tag-software-seo","10":"tag-soluzione-seo","11":"tag-strumento-seo","12":"tag-wordlift"},"wppr_data":{"cwp_meta_box_check":"No"},"acf":[],"yoast_head":"<!-- This site is optimized with the Yoast SEO plugin v27.4 - https:\/\/yoast.com\/product\/yoast-seo-wordpress\/ -->\n<title>WordLift: recensione strumenti SEO - Accurate Reviews<\/title>\n<meta name=\"description\" content=\"WordLift: recensione software per SEO che analizza i tuoi contenuti e identifica gli argomenti pi\u00f9 rilevanti per il tuo business.\" \/>\n<meta name=\"robots\" content=\"index, follow, max-snippet:-1, max-image-preview:large, max-video-preview:-1\" \/>\n<link rel=\"canonical\" href=\"https:\/\/www.accuratereviews.com\/it\/strumenti-seo-lista-software\/wordlift-recensione\/\" \/>\n<meta property=\"og:locale\" content=\"it_IT\" \/>\n<meta property=\"og:type\" content=\"article\" \/>\n<meta property=\"og:title\" content=\"WordLift: recensione strumenti SEO - Accurate Reviews\" \/>\n<meta property=\"og:description\" content=\"WordLift: recensione software per SEO che analizza i tuoi contenuti e identifica gli argomenti pi\u00f9 rilevanti per il tuo business.\" \/>\n<meta property=\"og:url\" content=\"https:\/\/www.accuratereviews.com\/it\/strumenti-seo-lista-software\/wordlift-recensione\/\" \/>\n<meta property=\"og:site_name\" content=\"Accurate Reviews\" \/>\n<meta property=\"article:modified_time\" content=\"2023-03-01T08:00:46+00:00\" \/>\n<meta property=\"og:image\" content=\"https:\/\/www.accuratereviews.com\/wp-content\/uploads\/2023\/02\/WordLift2.png\" \/>\n\t<meta property=\"og:image:width\" content=\"224\" \/>\n\t<meta property=\"og:image:height\" content=\"224\" \/>\n\t<meta property=\"og:image:type\" content=\"image\/png\" \/>\n<meta name=\"twitter:card\" content=\"summary_large_image\" \/>\n<meta name=\"twitter:label1\" content=\"Tempo di lettura stimato\" \/>\n\t<meta name=\"twitter:data1\" content=\"3 minuti\" \/>\n<script type=\"application\/ld+json\" class=\"yoast-schema-graph\">{\"@context\":\"https:\\\/\\\/schema.org\",\"@graph\":[{\"@type\":\"WebPage\",\"@id\":\"https:\\\/\\\/www.accuratereviews.com\\\/it\\\/strumenti-seo-lista-software\\\/wordlift-recensione\\\/\",\"url\":\"https:\\\/\\\/www.accuratereviews.com\\\/it\\\/strumenti-seo-lista-software\\\/wordlift-recensione\\\/\",\"name\":\"WordLift: recensione strumenti SEO - Accurate Reviews\",\"isPartOf\":{\"@id\":\"https:\\\/\\\/www.accuratereviews.com\\\/it\\\/#website\"},\"primaryImageOfPage\":{\"@id\":\"https:\\\/\\\/www.accuratereviews.com\\\/it\\\/strumenti-seo-lista-software\\\/wordlift-recensione\\\/#primaryimage\"},\"image\":{\"@id\":\"https:\\\/\\\/www.accuratereviews.com\\\/it\\\/strumenti-seo-lista-software\\\/wordlift-recensione\\\/#primaryimage\"},\"thumbnailUrl\":\"https:\\\/\\\/www.accuratereviews.com\\\/wp-content\\\/uploads\\\/2023\\\/02\\\/WordLift2.png\",\"datePublished\":\"2023-02-24T12:48:32+00:00\",\"dateModified\":\"2023-03-01T08:00:46+00:00\",\"description\":\"WordLift: recensione software per SEO che analizza i tuoi contenuti e identifica gli argomenti pi\u00f9 rilevanti per il tuo business.\",\"breadcrumb\":{\"@id\":\"https:\\\/\\\/www.accuratereviews.com\\\/it\\\/strumenti-seo-lista-software\\\/wordlift-recensione\\\/#breadcrumb\"},\"inLanguage\":\"it-IT\",\"potentialAction\":[{\"@type\":\"ReadAction\",\"target\":[\"https:\\\/\\\/www.accuratereviews.com\\\/it\\\/strumenti-seo-lista-software\\\/wordlift-recensione\\\/\"]}]},{\"@type\":\"ImageObject\",\"inLanguage\":\"it-IT\",\"@id\":\"https:\\\/\\\/www.accuratereviews.com\\\/it\\\/strumenti-seo-lista-software\\\/wordlift-recensione\\\/#primaryimage\",\"url\":\"https:\\\/\\\/www.accuratereviews.com\\\/wp-content\\\/uploads\\\/2023\\\/02\\\/WordLift2.png\",\"contentUrl\":\"https:\\\/\\\/www.accuratereviews.com\\\/wp-content\\\/uploads\\\/2023\\\/02\\\/WordLift2.png\",\"width\":224,\"height\":224},{\"@type\":\"BreadcrumbList\",\"@id\":\"https:\\\/\\\/www.accuratereviews.com\\\/it\\\/strumenti-seo-lista-software\\\/wordlift-recensione\\\/#breadcrumb\",\"itemListElement\":[{\"@type\":\"ListItem\",\"position\":1,\"name\":\"Home\",\"item\":\"https:\\\/\\\/www.accuratereviews.com\\\/it\\\/\"},{\"@type\":\"ListItem\",\"position\":2,\"name\":\"Strumenti SEO\",\"item\":\"https:\\\/\\\/www.accuratereviews.com\\\/it\\\/strumenti-seo-lista-software\\\/\"},{\"@type\":\"ListItem\",\"position\":3,\"name\":\"WordLift\"}]},{\"@type\":\"WebSite\",\"@id\":\"https:\\\/\\\/www.accuratereviews.com\\\/it\\\/#website\",\"url\":\"https:\\\/\\\/www.accuratereviews.com\\\/it\\\/\",\"name\":\"Accurate Reviews\",\"description\":\"\",\"potentialAction\":[{\"@type\":\"SearchAction\",\"target\":{\"@type\":\"EntryPoint\",\"urlTemplate\":\"https:\\\/\\\/www.accuratereviews.com\\\/it\\\/?s={search_term_string}\"},\"query-input\":{\"@type\":\"PropertyValueSpecification\",\"valueRequired\":true,\"valueName\":\"search_term_string\"}}],\"inLanguage\":\"it-IT\"}]}<\/script>\n<!-- \/ Yoast SEO plugin. -->","yoast_head_json":{"title":"WordLift: recensione strumenti SEO - Accurate Reviews","description":"WordLift: recensione software per SEO che analizza i tuoi contenuti e identifica gli argomenti pi\u00f9 rilevanti per il tuo business.","robots":{"index":"index","follow":"follow","max-snippet":"max-snippet:-1","max-image-preview":"max-image-preview:large","max-video-preview":"max-video-preview:-1"},"canonical":"https:\/\/www.accuratereviews.com\/it\/strumenti-seo-lista-software\/wordlift-recensione\/","og_locale":"it_IT","og_type":"article","og_title":"WordLift: recensione strumenti SEO - Accurate Reviews","og_description":"WordLift: recensione software per SEO che analizza i tuoi contenuti e identifica gli argomenti pi\u00f9 rilevanti per il tuo business.","og_url":"https:\/\/www.accuratereviews.com\/it\/strumenti-seo-lista-software\/wordlift-recensione\/","og_site_name":"Accurate Reviews","article_modified_time":"2023-03-01T08:00:46+00:00","og_image":[{"width":224,"height":224,"url":"https:\/\/www.accuratereviews.com\/wp-content\/uploads\/2023\/02\/WordLift2.png","type":"image\/png"}],"twitter_card":"summary_large_image","twitter_misc":{"Tempo di lettura stimato":"3 minuti"},"schema":{"@context":"https:\/\/schema.org","@graph":[{"@type":"WebPage","@id":"https:\/\/www.accuratereviews.com\/it\/strumenti-seo-lista-software\/wordlift-recensione\/","url":"https:\/\/www.accuratereviews.com\/it\/strumenti-seo-lista-software\/wordlift-recensione\/","name":"WordLift: recensione strumenti SEO - Accurate Reviews","isPartOf":{"@id":"https:\/\/www.accuratereviews.com\/it\/#website"},"primaryImageOfPage":{"@id":"https:\/\/www.accuratereviews.com\/it\/strumenti-seo-lista-software\/wordlift-recensione\/#primaryimage"},"image":{"@id":"https:\/\/www.accuratereviews.com\/it\/strumenti-seo-lista-software\/wordlift-recensione\/#primaryimage"},"thumbnailUrl":"https:\/\/www.accuratereviews.com\/wp-content\/uploads\/2023\/02\/WordLift2.png","datePublished":"2023-02-24T12:48:32+00:00","dateModified":"2023-03-01T08:00:46+00:00","description":"WordLift: recensione software per SEO che analizza i tuoi contenuti e identifica gli argomenti pi\u00f9 rilevanti per il tuo business.","breadcrumb":{"@id":"https:\/\/www.accuratereviews.com\/it\/strumenti-seo-lista-software\/wordlift-recensione\/#breadcrumb"},"inLanguage":"it-IT","potentialAction":[{"@type":"ReadAction","target":["https:\/\/www.accuratereviews.com\/it\/strumenti-seo-lista-software\/wordlift-recensione\/"]}]},{"@type":"ImageObject","inLanguage":"it-IT","@id":"https:\/\/www.accuratereviews.com\/it\/strumenti-seo-lista-software\/wordlift-recensione\/#primaryimage","url":"https:\/\/www.accuratereviews.com\/wp-content\/uploads\/2023\/02\/WordLift2.png","contentUrl":"https:\/\/www.accuratereviews.com\/wp-content\/uploads\/2023\/02\/WordLift2.png","width":224,"height":224},{"@type":"BreadcrumbList","@id":"https:\/\/www.accuratereviews.com\/it\/strumenti-seo-lista-software\/wordlift-recensione\/#breadcrumb","itemListElement":[{"@type":"ListItem","position":1,"name":"Home","item":"https:\/\/www.accuratereviews.com\/it\/"},{"@type":"ListItem","position":2,"name":"Strumenti SEO","item":"https:\/\/www.accuratereviews.com\/it\/strumenti-seo-lista-software\/"},{"@type":"ListItem","position":3,"name":"WordLift"}]},{"@type":"WebSite","@id":"https:\/\/www.accuratereviews.com\/it\/#website","url":"https:\/\/www.accuratereviews.com\/it\/","name":"Accurate Reviews","description":"","potentialAction":[{"@type":"SearchAction","target":{"@type":"EntryPoint","urlTemplate":"https:\/\/www.accuratereviews.com\/it\/?s={search_term_string}"},"query-input":{"@type":"PropertyValueSpecification","valueRequired":true,"valueName":"search_term_string"}}],"inLanguage":"it-IT"}]}},"_links":{"self":[{"href":"https:\/\/www.accuratereviews.com\/it\/wp-json\/wp\/v2\/pages\/67429","targetHints":{"allow":["GET"]}}],"collection":[{"href":"https:\/\/www.accuratereviews.com\/it\/wp-json\/wp\/v2\/pages"}],"about":[{"href":"https:\/\/www.accuratereviews.com\/it\/wp-json\/wp\/v2\/types\/page"}],"author":[{"embeddable":true,"href":"https:\/\/www.accuratereviews.com\/it\/wp-json\/wp\/v2\/users\/19"}],"replies":[{"embeddable":true,"href":"https:\/\/www.accuratereviews.com\/it\/wp-json\/wp\/v2\/comments?post=67429"}],"version-history":[{"count":11,"href":"https:\/\/www.accuratereviews.com\/it\/wp-json\/wp\/v2\/pages\/67429\/revisions"}],"predecessor-version":[{"id":67595,"href":"https:\/\/www.accuratereviews.com\/it\/wp-json\/wp\/v2\/pages\/67429\/revisions\/67595"}],"up":[{"embeddable":true,"href":"https:\/\/www.accuratereviews.com\/it\/wp-json\/wp\/v2\/pages\/8849"}],"wp:featuredmedia":[{"embeddable":true,"href":"https:\/\/www.accuratereviews.com\/it\/wp-json\/wp\/v2\/media\/67436"}],"wp:attachment":[{"href":"https:\/\/www.accuratereviews.com\/it\/wp-json\/wp\/v2\/media?parent=67429"}],"wp:term":[{"taxonomy":"category","embeddable":true,"href":"https:\/\/www.accuratereviews.com\/it\/wp-json\/wp\/v2\/categories?post=67429"},{"taxonomy":"post_tag","embeddable":true,"href":"https:\/\/www.accuratereviews.com\/it\/wp-json\/wp\/v2\/tags?post=67429"},{"taxonomy":"features","embeddable":true,"href":"https:\/\/www.accuratereviews.com\/it\/wp-json\/wp\/v2\/features?post=67429"}],"curies":[{"name":"wp","href":"https:\/\/api.w.org\/{rel}","templated":true}]}}