{"id":67441,"date":"2023-02-24T12:45:48","date_gmt":"2023-02-24T12:45:48","guid":{"rendered":"https:\/\/www.accuratereviews.com\/?page_id=67441"},"modified":"2023-02-24T12:45:48","modified_gmt":"2023-02-24T12:45:48","slug":"sellsy-recensione","status":"publish","type":"page","link":"https:\/\/www.accuratereviews.com\/it\/crm-software-migliori-lista\/sellsy-recensione\/","title":{"rendered":"Sellsy"},"content":{"rendered":"<p><strong>Sellsy<\/strong> \u00e8 un <strong>software CRM<\/strong> che punta a far crescere la tua attivit\u00e0, offrendoti strumenti digitali avanzati che gestiscono la parte amministrativa, economica e relazionale. Pipeline, automazione delle vendite, email marketing, pagamenti online, firme elettroniche, gestione degli abbonamenti e altre funzionalit\u00e0, tutte in questa unica suite CRM.<br \/>\nSemplifica la contabilit\u00e0, risparmia tempo e dedicati alle attivit\u00e0 pi\u00f9 importanti affidandoti a <strong>Sellsy<\/strong>, disponibile anche su dispositivi iOS e Android.<\/p>\n<h2>SELLSY &#8211; TUTORIAL<\/h2>\n<div id=\"fluid-wrapper-counter-1\" class=\"g1-fluid-wrapper \" style=\"width:686px;\">\n<div style=\"padding-bottom:56.268221574344%;\"><iframe loading=\"lazy\" title=\"REPLAY \ud83c\udfa5 : (Re)decouvrez Sellsy et toutes ses fonctionnalit\u00e9s avec Caroline\" width=\"686\" height=\"386\" src=\"https:\/\/www.youtube.com\/embed\/b8YuuZpmExM?feature=oembed&amp;wmode=transparent&amp;autohide=1&amp;autoplay=0&amp;disablekb=0&amp;fs=1&amp;loop=0&amp;enablejsapi=1&amp;rel=0&amp;controls=2&amp;showinfo=0&amp;wmode=transparent&amp;autohide=2&amp;autoplay=0&amp;disablekb=0&amp;fs=1&amp;loop=0&amp;enablejsapi=1&amp;rel=0&amp;controls=2&amp;showinfo=1\" frameborder=\"0\" allow=\"accelerometer; autoplay; clipboard-write; encrypted-media; gyroscope; picture-in-picture; web-share\" allowfullscreen><\/iframe><\/div>\n<\/div>\n<h3>SELLSY &#8211; CARATTERISTICHE<\/h3>\n<ul>\n<li><strong>Marketing<\/strong>: invio di campagne email e SMS altamente mirate con segmenti dinamici.<\/li>\n<li><strong>Sincronizzazione email<\/strong>: collegate la vostra casella di posta elettronica e trovate i vostri scambi (e quelli del vostro team) per ogni contatto.<\/li>\n<li><strong>Calendario condiviso<\/strong>: collegate i vostri calendari e lavorate in modo pi\u00f9 efficiente come team.<\/li>\n<li><strong>Gestione dei compiti<\/strong>: create e condividete i compiti all&#8217;interno del vostro team per non dimenticare mai nulla.<\/li>\n<li><strong>Arricchimento dei contatti<\/strong>: migliorate la conoscenza dei vostri clienti con dati arricchiti (e-mail, telefono, foto, link a LinkedIn&#8230;).<\/li>\n<li><strong>Catalogo prodotti<\/strong>: create facilmente il vostro catalogo di prodotti e servizi, nonch\u00e9 i prezzi di vendita.<\/li>\n<li><strong>Gestione avanzata dei privilegi<\/strong>: controllo preciso dei diritti di accesso per i vostri dipendenti o gruppi di dipendenti.<\/li>\n<li><strong>Reporting<\/strong>: una serie coerente di report per analizzare le performance aziendali.<\/li>\n<li><strong>Potente API<\/strong>: accedi facilmente ai tuoi dati e collega Sellsy ai tuoi strumenti preferiti.<\/li>\n<li><strong>Integrazione Zapier<\/strong>: recuperate facilmente i vostri contatti dalla maggior parte delle applicazioni di lead generation presenti sul mercato.<\/li>\n<li><strong>Plugin WordPress<\/strong>: integra facilmente un modulo di contatto Sellsy nel tuo sito WordPress.<\/li>\n<li><strong>Applicazione mobile<\/strong>: portate il vostro CRM con voi ovunque grazie alla nostra applicazione disponibile per iOS e Android.<\/li>\n<li><strong>Estensione Gmail<\/strong>: sfruttate la potenza di Sellsy direttamente nel vostro account Gmail.<\/li>\n<li><strong>Segmenti avanzati<\/strong>: create segmenti dinamici multi-criterio per ottimizzare le vostre campagne di prospezione.<\/li>\n<\/ul>\n<h4>LE RECENSIONI DEGLI UTENTI<\/h4>\n<p><strong>Axel &#8220;Ottimo software di contabilit\u00e0 online\/SaaS&#8221;<\/strong><br \/>\nCommenti: Prima di trovare Sellsy avevamo difficolt\u00e0 ad elaborare preventivi, inviare fatture e tenere traccia di tutta la contabilit\u00e0 del nostro studio.<br \/>\nOra, grazie al sistema integrato e agli addons di Sellsy, possiamo gestire facilmente le nostre finanze e tenere traccia di dove si trovano i soldi in ogni momento.<\/p>\n<p><strong>Thomas &#8220;Semplice e facile da configurare&#8221;.<\/strong><br \/>\nCommento: Facile da usare, veloce e intuitivo.<br \/>\nPro: Molto facile da configurare e rapidamente utilizzabile. Nessuna installazione, vantaggio di un&#8217;applicazione SaaS.<br \/>\nContro: Mancano alcune funzionalit\u00e0 specifiche per la fatturazione e il piano dei conti quando si usano cose meno basilari.<\/p>\n<p><strong>Johann &#8220;Semplice, facile da usare ed efficiente&#8221;.<\/strong><br \/>\nPro: Abbiamo finalmente trovato la soluzione che fa per noi.<br \/>\nContro: Manca l&#8217;importazione delle fatture di vendita da altri software di fatturazione e di acquisto (come ipaidthat)<\/p>\n","protected":false},"excerpt":{"rendered":"<p>Sellsy \u00e8 un software CRM che punta a far crescere la tua attivit\u00e0, offrendoti strumenti digitali avanzati che gestiscono la parte amministrativa, economica e relazionale. Pipeline, automazione delle vendite, email marketing, pagamenti online, firme elettroniche, gestione degli abbonamenti e altre funzionalit\u00e0, tutte in questa unica suite CRM.<\/p>\n","protected":false},"author":17,"featured_media":67442,"parent":5966,"menu_order":0,"comment_status":"open","ping_status":"closed","template":"g1_template_page_review_new.php","meta":{"_acf_changed":false,"cwp_meta_box_check":"No","cwp_rev_product_name":"","cwp_rev_product_image":"","wppr_links":[],"cwp_rev_price":"","wppr_options":[],"wppr_pros":[],"wppr_cons":[],"_monsterinsights_skip_tracking":false,"_monsterinsights_sitenote_active":false,"_monsterinsights_sitenote_note":"","_monsterinsights_sitenote_category":0,"footnotes":""},"categories":[120],"tags":[1835,4080,427,1837],"features":[],"class_list":{"0":"post-67441","1":"page","2":"type-page","3":"status-publish","4":"has-post-thumbnail","6":"category-crm-it","7":"tag-crm-2-it","8":"tag-piattaforma-crm","9":"tag-programma-crm","10":"tag-software-crm-2-it"},"wppr_data":{"cwp_meta_box_check":"No"},"acf":[],"yoast_head":"<!-- This site is optimized with the Yoast SEO plugin v27.4 - https:\/\/yoast.com\/product\/yoast-seo-wordpress\/ -->\n<title>Sellsy: recensione software CRM - Accurate Reviews<\/title>\n<meta name=\"description\" content=\"Sellsy: recensione del software CRM che punta a far crescere la tua attivit\u00e0, offrendoti strumenti digitali avanzati.\" \/>\n<meta name=\"robots\" content=\"index, follow, max-snippet:-1, max-image-preview:large, max-video-preview:-1\" \/>\n<link rel=\"canonical\" href=\"https:\/\/www.accuratereviews.com\/it\/crm-software-migliori-lista\/sellsy-recensione\/\" \/>\n<meta property=\"og:locale\" content=\"it_IT\" \/>\n<meta property=\"og:type\" content=\"article\" \/>\n<meta property=\"og:title\" content=\"Sellsy: recensione software CRM - Accurate Reviews\" \/>\n<meta property=\"og:description\" content=\"Sellsy: recensione del software CRM che punta a far crescere la tua attivit\u00e0, offrendoti strumenti digitali avanzati.\" \/>\n<meta property=\"og:url\" content=\"https:\/\/www.accuratereviews.com\/it\/crm-software-migliori-lista\/sellsy-recensione\/\" \/>\n<meta property=\"og:site_name\" content=\"Accurate Reviews\" \/>\n<meta property=\"og:image\" content=\"https:\/\/www.accuratereviews.com\/wp-content\/uploads\/2023\/02\/sellsy-logo.png.webp\" \/>\n\t<meta property=\"og:image:width\" content=\"500\" \/>\n\t<meta property=\"og:image:height\" content=\"300\" \/>\n\t<meta property=\"og:image:type\" content=\"image\/webp\" \/>\n<meta name=\"twitter:card\" content=\"summary_large_image\" \/>\n<meta name=\"twitter:label1\" content=\"Tempo di lettura stimato\" \/>\n\t<meta name=\"twitter:data1\" content=\"3 minuti\" \/>\n<script type=\"application\/ld+json\" class=\"yoast-schema-graph\">{\"@context\":\"https:\\\/\\\/schema.org\",\"@graph\":[{\"@type\":\"WebPage\",\"@id\":\"https:\\\/\\\/www.accuratereviews.com\\\/it\\\/crm-software-migliori-lista\\\/sellsy-recensione\\\/\",\"url\":\"https:\\\/\\\/www.accuratereviews.com\\\/it\\\/crm-software-migliori-lista\\\/sellsy-recensione\\\/\",\"name\":\"Sellsy: recensione software CRM - Accurate Reviews\",\"isPartOf\":{\"@id\":\"https:\\\/\\\/www.accuratereviews.com\\\/it\\\/#website\"},\"primaryImageOfPage\":{\"@id\":\"https:\\\/\\\/www.accuratereviews.com\\\/it\\\/crm-software-migliori-lista\\\/sellsy-recensione\\\/#primaryimage\"},\"image\":{\"@id\":\"https:\\\/\\\/www.accuratereviews.com\\\/it\\\/crm-software-migliori-lista\\\/sellsy-recensione\\\/#primaryimage\"},\"thumbnailUrl\":\"https:\\\/\\\/www.accuratereviews.com\\\/wp-content\\\/uploads\\\/2023\\\/02\\\/sellsy-logo.png.webp\",\"datePublished\":\"2023-02-24T12:45:48+00:00\",\"description\":\"Sellsy: recensione del software CRM che punta a far crescere la tua attivit\u00e0, offrendoti strumenti digitali avanzati.\",\"breadcrumb\":{\"@id\":\"https:\\\/\\\/www.accuratereviews.com\\\/it\\\/crm-software-migliori-lista\\\/sellsy-recensione\\\/#breadcrumb\"},\"inLanguage\":\"it-IT\",\"potentialAction\":[{\"@type\":\"ReadAction\",\"target\":[\"https:\\\/\\\/www.accuratereviews.com\\\/it\\\/crm-software-migliori-lista\\\/sellsy-recensione\\\/\"]}]},{\"@type\":\"ImageObject\",\"inLanguage\":\"it-IT\",\"@id\":\"https:\\\/\\\/www.accuratereviews.com\\\/it\\\/crm-software-migliori-lista\\\/sellsy-recensione\\\/#primaryimage\",\"url\":\"https:\\\/\\\/www.accuratereviews.com\\\/wp-content\\\/uploads\\\/2023\\\/02\\\/sellsy-logo.png.webp\",\"contentUrl\":\"https:\\\/\\\/www.accuratereviews.com\\\/wp-content\\\/uploads\\\/2023\\\/02\\\/sellsy-logo.png.webp\",\"width\":500,\"height\":300},{\"@type\":\"BreadcrumbList\",\"@id\":\"https:\\\/\\\/www.accuratereviews.com\\\/it\\\/crm-software-migliori-lista\\\/sellsy-recensione\\\/#breadcrumb\",\"itemListElement\":[{\"@type\":\"ListItem\",\"position\":1,\"name\":\"Home\",\"item\":\"https:\\\/\\\/www.accuratereviews.com\\\/it\\\/\"},{\"@type\":\"ListItem\",\"position\":2,\"name\":\"CRM: i software migliori\",\"item\":\"https:\\\/\\\/www.accuratereviews.com\\\/it\\\/crm-software-migliori-lista\\\/\"},{\"@type\":\"ListItem\",\"position\":3,\"name\":\"Sellsy\"}]},{\"@type\":\"WebSite\",\"@id\":\"https:\\\/\\\/www.accuratereviews.com\\\/it\\\/#website\",\"url\":\"https:\\\/\\\/www.accuratereviews.com\\\/it\\\/\",\"name\":\"Accurate Reviews\",\"description\":\"\",\"potentialAction\":[{\"@type\":\"SearchAction\",\"target\":{\"@type\":\"EntryPoint\",\"urlTemplate\":\"https:\\\/\\\/www.accuratereviews.com\\\/it\\\/?s={search_term_string}\"},\"query-input\":{\"@type\":\"PropertyValueSpecification\",\"valueRequired\":true,\"valueName\":\"search_term_string\"}}],\"inLanguage\":\"it-IT\"}]}<\/script>\n<!-- \/ Yoast SEO plugin. -->","yoast_head_json":{"title":"Sellsy: recensione software CRM - Accurate Reviews","description":"Sellsy: recensione del software CRM che punta a far crescere la tua attivit\u00e0, offrendoti strumenti digitali avanzati.","robots":{"index":"index","follow":"follow","max-snippet":"max-snippet:-1","max-image-preview":"max-image-preview:large","max-video-preview":"max-video-preview:-1"},"canonical":"https:\/\/www.accuratereviews.com\/it\/crm-software-migliori-lista\/sellsy-recensione\/","og_locale":"it_IT","og_type":"article","og_title":"Sellsy: recensione software CRM - Accurate Reviews","og_description":"Sellsy: recensione del software CRM che punta a far crescere la tua attivit\u00e0, offrendoti strumenti digitali avanzati.","og_url":"https:\/\/www.accuratereviews.com\/it\/crm-software-migliori-lista\/sellsy-recensione\/","og_site_name":"Accurate Reviews","og_image":[{"width":500,"height":300,"url":"https:\/\/www.accuratereviews.com\/wp-content\/uploads\/2023\/02\/sellsy-logo.png.webp","type":"image\/webp"}],"twitter_card":"summary_large_image","twitter_misc":{"Tempo di lettura stimato":"3 minuti"},"schema":{"@context":"https:\/\/schema.org","@graph":[{"@type":"WebPage","@id":"https:\/\/www.accuratereviews.com\/it\/crm-software-migliori-lista\/sellsy-recensione\/","url":"https:\/\/www.accuratereviews.com\/it\/crm-software-migliori-lista\/sellsy-recensione\/","name":"Sellsy: recensione software CRM - Accurate Reviews","isPartOf":{"@id":"https:\/\/www.accuratereviews.com\/it\/#website"},"primaryImageOfPage":{"@id":"https:\/\/www.accuratereviews.com\/it\/crm-software-migliori-lista\/sellsy-recensione\/#primaryimage"},"image":{"@id":"https:\/\/www.accuratereviews.com\/it\/crm-software-migliori-lista\/sellsy-recensione\/#primaryimage"},"thumbnailUrl":"https:\/\/www.accuratereviews.com\/wp-content\/uploads\/2023\/02\/sellsy-logo.png.webp","datePublished":"2023-02-24T12:45:48+00:00","description":"Sellsy: recensione del software CRM che punta a far crescere la tua attivit\u00e0, offrendoti strumenti digitali avanzati.","breadcrumb":{"@id":"https:\/\/www.accuratereviews.com\/it\/crm-software-migliori-lista\/sellsy-recensione\/#breadcrumb"},"inLanguage":"it-IT","potentialAction":[{"@type":"ReadAction","target":["https:\/\/www.accuratereviews.com\/it\/crm-software-migliori-lista\/sellsy-recensione\/"]}]},{"@type":"ImageObject","inLanguage":"it-IT","@id":"https:\/\/www.accuratereviews.com\/it\/crm-software-migliori-lista\/sellsy-recensione\/#primaryimage","url":"https:\/\/www.accuratereviews.com\/wp-content\/uploads\/2023\/02\/sellsy-logo.png.webp","contentUrl":"https:\/\/www.accuratereviews.com\/wp-content\/uploads\/2023\/02\/sellsy-logo.png.webp","width":500,"height":300},{"@type":"BreadcrumbList","@id":"https:\/\/www.accuratereviews.com\/it\/crm-software-migliori-lista\/sellsy-recensione\/#breadcrumb","itemListElement":[{"@type":"ListItem","position":1,"name":"Home","item":"https:\/\/www.accuratereviews.com\/it\/"},{"@type":"ListItem","position":2,"name":"CRM: i software migliori","item":"https:\/\/www.accuratereviews.com\/it\/crm-software-migliori-lista\/"},{"@type":"ListItem","position":3,"name":"Sellsy"}]},{"@type":"WebSite","@id":"https:\/\/www.accuratereviews.com\/it\/#website","url":"https:\/\/www.accuratereviews.com\/it\/","name":"Accurate Reviews","description":"","potentialAction":[{"@type":"SearchAction","target":{"@type":"EntryPoint","urlTemplate":"https:\/\/www.accuratereviews.com\/it\/?s={search_term_string}"},"query-input":{"@type":"PropertyValueSpecification","valueRequired":true,"valueName":"search_term_string"}}],"inLanguage":"it-IT"}]}},"_links":{"self":[{"href":"https:\/\/www.accuratereviews.com\/it\/wp-json\/wp\/v2\/pages\/67441","targetHints":{"allow":["GET"]}}],"collection":[{"href":"https:\/\/www.accuratereviews.com\/it\/wp-json\/wp\/v2\/pages"}],"about":[{"href":"https:\/\/www.accuratereviews.com\/it\/wp-json\/wp\/v2\/types\/page"}],"author":[{"embeddable":true,"href":"https:\/\/www.accuratereviews.com\/it\/wp-json\/wp\/v2\/users\/17"}],"replies":[{"embeddable":true,"href":"https:\/\/www.accuratereviews.com\/it\/wp-json\/wp\/v2\/comments?post=67441"}],"version-history":[{"count":6,"href":"https:\/\/www.accuratereviews.com\/it\/wp-json\/wp\/v2\/pages\/67441\/revisions"}],"predecessor-version":[{"id":67459,"href":"https:\/\/www.accuratereviews.com\/it\/wp-json\/wp\/v2\/pages\/67441\/revisions\/67459"}],"up":[{"embeddable":true,"href":"https:\/\/www.accuratereviews.com\/it\/wp-json\/wp\/v2\/pages\/5966"}],"wp:featuredmedia":[{"embeddable":true,"href":"https:\/\/www.accuratereviews.com\/it\/wp-json\/wp\/v2\/media\/67442"}],"wp:attachment":[{"href":"https:\/\/www.accuratereviews.com\/it\/wp-json\/wp\/v2\/media?parent=67441"}],"wp:term":[{"taxonomy":"category","embeddable":true,"href":"https:\/\/www.accuratereviews.com\/it\/wp-json\/wp\/v2\/categories?post=67441"},{"taxonomy":"post_tag","embeddable":true,"href":"https:\/\/www.accuratereviews.com\/it\/wp-json\/wp\/v2\/tags?post=67441"},{"taxonomy":"features","embeddable":true,"href":"https:\/\/www.accuratereviews.com\/it\/wp-json\/wp\/v2\/features?post=67441"}],"curies":[{"name":"wp","href":"https:\/\/api.w.org\/{rel}","templated":true}]}}