{"id":67481,"date":"2023-02-27T16:13:03","date_gmt":"2023-02-27T16:13:03","guid":{"rendered":"https:\/\/www.accuratereviews.com\/?page_id=67481"},"modified":"2023-02-27T16:13:03","modified_gmt":"2023-02-27T16:13:03","slug":"keyword-hero-recensione","status":"publish","type":"page","link":"https:\/\/www.accuratereviews.com\/it\/strumenti-seo-lista-software\/keyword-hero-recensione\/","title":{"rendered":"Keyword Hero"},"content":{"rendered":"<p><strong>Keyword Hero<\/strong> \u00e8 una <strong>soluzione SEO<\/strong> che aiuta le aziende a ottenere informazioni sull&#8217;intento del traffico organico, a \u00a0gestire i processi di ottimizzazione del sito, a monitorare i tassi di conversione e altro ancora da una piattaforma unificata. Con la dashboard personalizzata per le parole chiave del marchio, i membri dello staff possono rilevare automaticamente le keywords e monitorare il loro rendimento.<br \/>\nInoltre, i dipendenti possono utilizzare la tecnologia dell&#8217;intelligenza artificiale e gli algoritmi di apprendimento automatico per abbinare statisticamente le frasi di ricerca a pi\u00f9 sessioni.<\/p>\n<h2>KEYWORD HERO &#8211; TUTORIAL<\/h2>\n<div id=\"fluid-wrapper-counter-1\" class=\"g1-fluid-wrapper \" style=\"width:686px;\">\n<div style=\"padding-bottom:56.268221574344%;\"><iframe loading=\"lazy\" title=\"Keyword Hero Review: Reveal Not Provided Keywords in Google Analytics\" width=\"515\" height=\"386\" src=\"https:\/\/www.youtube.com\/embed\/fa96W8mLTeY?feature=oembed&amp;wmode=transparent&amp;autohide=1&amp;autoplay=0&amp;disablekb=0&amp;fs=1&amp;loop=0&amp;enablejsapi=1&amp;rel=0&amp;controls=2&amp;showinfo=0&amp;wmode=transparent&amp;autohide=2&amp;autoplay=0&amp;disablekb=0&amp;fs=1&amp;loop=0&amp;enablejsapi=1&amp;rel=0&amp;controls=2&amp;showinfo=1\" frameborder=\"0\" allow=\"accelerometer; autoplay; clipboard-write; encrypted-media; gyroscope; picture-in-picture; web-share\" allowfullscreen><\/iframe><\/div>\n<\/div>\n<h3>KEYWORD HERO &#8211; CARATTERISTICHE<\/h3>\n<div class=\"QcsUad BDJ8fb BLojaf\">\n<div class=\"XL3Kf\">\n<div class=\"a8FIud X0rvP L6rCcb\">\n<div data-show-delay-ms=\"250\" data-append-to-body=\"false\" data-propagate-tooltip-mouseover-events=\"true\" data-anchor-corner=\"bottom-end\" data-enable-skip-handler=\"false\" data-popup-corner=\"top-end\">\n<div class=\"usGWQd\" aria-live=\"polite\">\n<div class=\"KkbLmb\">\n<ul>\n<li class=\"lRu31\"><span class=\"HwtZe\" lang=\"it\"><span class=\"jCAhz ChMk0b\"><span class=\"ryNqvb\">Mostra quali parole chiave gli utenti hanno utilizzato per arrivare sulla tua pagina, nel tuo account Google Analytics.<\/span><\/span><\/span><\/li>\n<li class=\"lRu31\"><span class=\"HwtZe\" lang=\"it\"><span class=\"jCAhz ChMk0b\"><span class=\"jCAhz\"> <span class=\"ryNqvb\">Comprendere l&#8217;intento del traffico organico \u00e8 una componente chiave sia per l&#8217;ecommerce che per gli editori web di qualsiasi dimensione.<\/span> <\/span><\/span><\/span><\/li>\n<li class=\"lRu31\"><span class=\"HwtZe\" lang=\"it\"><span class=\"jCAhz ChMk0b\"><span class=\"jCAhz\"><span class=\"ryNqvb\">Scopri quanto traffico e quanto conversione ottieni dalle parole chiave target previste<\/span> <span class=\"ryNqvb\">S<\/span><\/span><\/span><\/span><\/li>\n<li class=\"lRu31\"><span class=\"HwtZe\" lang=\"it\"><span class=\"jCAhz ChMk0b\"><span class=\"jCAhz\"><span class=\"ryNqvb\">Ottimizza in modo specifico i contenuti delle tue pagine di destinazione<\/span> <\/span><\/span><\/span><\/li>\n<li class=\"lRu31\"><span class=\"HwtZe\" lang=\"it\"><span class=\"jCAhz ChMk0b\"><span class=\"jCAhz\"><span class=\"ryNqvb\">Attira il traffico, la conversione e le entrate dal canale organico<\/span> <\/span><\/span><\/span><\/li>\n<li class=\"lRu31\"><span class=\"HwtZe\" lang=\"it\"><span class=\"jCAhz ChMk0b\"><span class=\"jCAhz\"><span class=\"ryNqvb\">Distinguere il traffico di ricerca del brand da quello non del brand<\/span><\/span><\/span><\/span><\/li>\n<li class=\"lRu31\"><span class=\"HwtZe\" lang=\"it\"><span class=\"jCAhz ChMk0b\"><span class=\"jCAhz\"><span class=\"ryNqvb\">Visualizza e ottimizza le singole posizioni nelle SERPS di Google<\/span><\/span><\/span><\/span><\/li>\n<li class=\"lRu31\"><span class=\"HwtZe\" lang=\"it\"><span class=\"jCAhz ChMk0b\"><span class=\"jCAhz\"><span class=\"ryNqvb\">Riconoscere il tipo di query informativo o transazionale<\/span>\u00a0<\/span><\/span><\/span><\/li>\n<li class=\"lRu31\"><span class=\"HwtZe\" lang=\"it\"><span class=\"jCAhz ChMk0b\"><span class=\"jCAhz\"><span class=\"ryNqvb\">La soluzione mette insieme nove diverse fonti di dati, inclusi i dati di Google Analytics e Search Console tramite l&#8217;accesso API certificato da Google, per ottenere una solida base di dati per l&#8217;analisi.<\/span><\/span><\/span><\/span><\/li>\n<li class=\"lRu31\"><span class=\"HwtZe\" lang=\"it\"><span class=\"jCAhz ChMk0b\"><span class=\"jCAhz\"><span class=\"ryNqvb\">Massicci algoritmi paralleli di intelligenza artificiale\/apprendimento automatico basati su cloud abbinano statisticamente le frasi di ricerca alle tue sessioni e le raggruppano.<\/span><\/span><\/span><\/span><\/li>\n<\/ul>\n<h4>LE RECENSIONI DEGLI UTENTI<\/h4>\n<p><strong>Arika &#8220;Analisi del traffico di ricerca organica semplificata con Keyword Hero&#8221;<\/strong><br \/>\n<strong>Commenti<\/strong>: Keyword Hero \u00e8 uno strumento online che mira ad aiutare gli utenti ad analizzare i dati sul traffico di ricerca organica del proprio sito Web fornendo loro informazioni accurate e complete sulle parole chiave che indirizzano il traffico al proprio sito Web.<br \/>\n<strong>Pro<\/strong>: Due vantaggi principali: 1. Preciso e affidabile: la funzione di monitoraggio del posizionamento di Keyword Hero fornisce dati accurati e affidabili sul posizionamento nei motori di ricerca delle parole chiave target, consentendoti di monitorare le tue prestazioni SEO nel tempo. Facile da usare: lo strumento \u00e8 intuitivo e fornisce una panoramica chiara e concisa del posizionamento delle parole chiave, facilitando il monitoraggio dei progressi.<br \/>\n<strong>Contro<\/strong>: Uno strumento con caratteristiche davvero uniche ma il prezzo \u00e8 sicuramente pi\u00f9 alto.<\/p>\n<p><strong>Gerko &#8220;Bel prodotto per ottenere maggiori informazioni sulle tue parole chiave di conversione&#8221;<\/strong><br \/>\n<strong>Commenti<\/strong>: Siamo soddisfatti di Keyword Hero. Ci offre una buona visione di quali parole chiave organiche generano effettivamente una conversione. Questi sono dati molto interessanti da raccogliere come marketeer online.<br \/>\n<strong>Pro<\/strong>: Ottieni maggiori informazioni su quali parole chiave generano effettivamente traffico verso un sito Web e quali potrebbero generare una conversione.<br \/>\n<strong>Contro<\/strong>: \u00c8 pi\u00f9 facile accedere alla panoramica tramite l&#8217;interfaccia di Keyword Hero.<\/p>\n<p><strong>Shane &#8220;Ottieni informazioni sulle parole chiave che indirizzano il traffico verso il tuo sito web&#8221;<\/strong><br \/>\n<strong>Pro<\/strong>: Keyword Hero sblocca dettagli granulari sulle parole chiave che indirizzano il traffico al tuo sito. Keyword Hero pu\u00f2 mostrarti quali parole chiave stanno indirizzando il traffico verso il tuo sito web in modo che tu non debba pi\u00f9 tirare a indovinare. Vedendo quali parole chiave indirizzano il traffico al tuo sito, puoi concentrare meglio i tuoi sforzi di marketing sulle aree giuste. Fai scelte pi\u00f9 informate su dove concentrare il tuo tempo e ottenere risultati migliori. Inoltre, \u00e8 molto economico quindi c&#8217;\u00e8 un sacco di valore.<br \/>\n<strong>Contro<\/strong>: Keyword Hero, per quanto ne so, non \u00e8 compatibile con Google Analytics 4. La maggior parte dei miei siti utilizza GA4, pertanto devo eseguire anche Universal Analytics per utilizzare e visualizzare i dati forniti da Keyword Hero.<\/p>\n<\/div>\n<\/div>\n<\/div>\n<\/div>\n<\/div>\n<\/div>\n","protected":false},"excerpt":{"rendered":"<p>Keyword Hero \u00e8 una soluzione SEO che aiuta le aziende a ottenere informazioni sull&#8217;intento del traffico organico, gestire i processi di ottimizzazione del sito, monitorare i tassi di conversione e altro ancora da una piattaforma unificata. <\/p>\n","protected":false},"author":19,"featured_media":67482,"parent":8849,"menu_order":0,"comment_status":"open","ping_status":"closed","template":"g1_template_page_review_new.php","meta":{"_acf_changed":false,"cwp_meta_box_check":"No","cwp_rev_product_name":"","cwp_rev_product_image":"","wppr_links":[],"cwp_rev_price":"","wppr_options":[],"wppr_pros":[],"wppr_cons":[],"_monsterinsights_skip_tracking":false,"_monsterinsights_sitenote_active":false,"_monsterinsights_sitenote_note":"","_monsterinsights_sitenote_category":0,"footnotes":""},"categories":[175],"tags":[14130,1483,1421,901,1420,1417,1419],"features":[],"class_list":{"0":"post-67481","1":"page","2":"type-page","3":"status-publish","4":"has-post-thumbnail","6":"category-strumenti-seo-categoria","7":"tag-keyword-hero","8":"tag-piattaforma-seo","9":"tag-programma-seo","10":"tag-seo","11":"tag-software-seo","12":"tag-soluzione-seo","13":"tag-strumento-seo"},"wppr_data":{"cwp_meta_box_check":"No"},"acf":[],"yoast_head":"<!-- This site is optimized with the Yoast SEO plugin v27.4 - https:\/\/yoast.com\/product\/yoast-seo-wordpress\/ -->\n<title>Keyword Hero: recensione soluzione SEO - Accurate Reviews<\/title>\n<meta name=\"description\" content=\"Keyword Hero: recensione soluzione SEO che aiuta a ottenere informazioni sull&#039;intento del traffico organico da una piattaforma unificata.\" \/>\n<meta name=\"robots\" content=\"index, follow, max-snippet:-1, max-image-preview:large, max-video-preview:-1\" \/>\n<link rel=\"canonical\" href=\"https:\/\/www.accuratereviews.com\/it\/strumenti-seo-lista-software\/keyword-hero-recensione\/\" \/>\n<meta property=\"og:locale\" content=\"it_IT\" \/>\n<meta property=\"og:type\" content=\"article\" \/>\n<meta property=\"og:title\" content=\"Keyword Hero: recensione soluzione SEO - Accurate Reviews\" \/>\n<meta property=\"og:description\" content=\"Keyword Hero: recensione soluzione SEO che aiuta a ottenere informazioni sull&#039;intento del traffico organico da una piattaforma unificata.\" \/>\n<meta property=\"og:url\" content=\"https:\/\/www.accuratereviews.com\/it\/strumenti-seo-lista-software\/keyword-hero-recensione\/\" \/>\n<meta property=\"og:site_name\" content=\"Accurate Reviews\" \/>\n<meta property=\"og:image\" content=\"https:\/\/www.accuratereviews.com\/wp-content\/uploads\/2023\/02\/Keyword-Hero.webp\" \/>\n\t<meta property=\"og:image:width\" content=\"384\" \/>\n\t<meta property=\"og:image:height\" content=\"384\" \/>\n\t<meta property=\"og:image:type\" content=\"image\/webp\" \/>\n<meta name=\"twitter:card\" content=\"summary_large_image\" \/>\n<meta name=\"twitter:label1\" content=\"Tempo di lettura stimato\" \/>\n\t<meta name=\"twitter:data1\" content=\"4 minuti\" \/>\n<script type=\"application\/ld+json\" class=\"yoast-schema-graph\">{\"@context\":\"https:\\\/\\\/schema.org\",\"@graph\":[{\"@type\":\"WebPage\",\"@id\":\"https:\\\/\\\/www.accuratereviews.com\\\/it\\\/strumenti-seo-lista-software\\\/keyword-hero-recensione\\\/\",\"url\":\"https:\\\/\\\/www.accuratereviews.com\\\/it\\\/strumenti-seo-lista-software\\\/keyword-hero-recensione\\\/\",\"name\":\"Keyword Hero: recensione soluzione SEO - Accurate Reviews\",\"isPartOf\":{\"@id\":\"https:\\\/\\\/www.accuratereviews.com\\\/it\\\/#website\"},\"primaryImageOfPage\":{\"@id\":\"https:\\\/\\\/www.accuratereviews.com\\\/it\\\/strumenti-seo-lista-software\\\/keyword-hero-recensione\\\/#primaryimage\"},\"image\":{\"@id\":\"https:\\\/\\\/www.accuratereviews.com\\\/it\\\/strumenti-seo-lista-software\\\/keyword-hero-recensione\\\/#primaryimage\"},\"thumbnailUrl\":\"https:\\\/\\\/www.accuratereviews.com\\\/wp-content\\\/uploads\\\/2023\\\/02\\\/Keyword-Hero.webp\",\"datePublished\":\"2023-02-27T16:13:03+00:00\",\"description\":\"Keyword Hero: recensione soluzione SEO che aiuta a ottenere informazioni sull'intento del traffico organico da una piattaforma unificata.\",\"breadcrumb\":{\"@id\":\"https:\\\/\\\/www.accuratereviews.com\\\/it\\\/strumenti-seo-lista-software\\\/keyword-hero-recensione\\\/#breadcrumb\"},\"inLanguage\":\"it-IT\",\"potentialAction\":[{\"@type\":\"ReadAction\",\"target\":[\"https:\\\/\\\/www.accuratereviews.com\\\/it\\\/strumenti-seo-lista-software\\\/keyword-hero-recensione\\\/\"]}]},{\"@type\":\"ImageObject\",\"inLanguage\":\"it-IT\",\"@id\":\"https:\\\/\\\/www.accuratereviews.com\\\/it\\\/strumenti-seo-lista-software\\\/keyword-hero-recensione\\\/#primaryimage\",\"url\":\"https:\\\/\\\/www.accuratereviews.com\\\/wp-content\\\/uploads\\\/2023\\\/02\\\/Keyword-Hero.webp\",\"contentUrl\":\"https:\\\/\\\/www.accuratereviews.com\\\/wp-content\\\/uploads\\\/2023\\\/02\\\/Keyword-Hero.webp\",\"width\":384,\"height\":384},{\"@type\":\"BreadcrumbList\",\"@id\":\"https:\\\/\\\/www.accuratereviews.com\\\/it\\\/strumenti-seo-lista-software\\\/keyword-hero-recensione\\\/#breadcrumb\",\"itemListElement\":[{\"@type\":\"ListItem\",\"position\":1,\"name\":\"Home\",\"item\":\"https:\\\/\\\/www.accuratereviews.com\\\/it\\\/\"},{\"@type\":\"ListItem\",\"position\":2,\"name\":\"Strumenti SEO\",\"item\":\"https:\\\/\\\/www.accuratereviews.com\\\/it\\\/strumenti-seo-lista-software\\\/\"},{\"@type\":\"ListItem\",\"position\":3,\"name\":\"Keyword Hero\"}]},{\"@type\":\"WebSite\",\"@id\":\"https:\\\/\\\/www.accuratereviews.com\\\/it\\\/#website\",\"url\":\"https:\\\/\\\/www.accuratereviews.com\\\/it\\\/\",\"name\":\"Accurate Reviews\",\"description\":\"\",\"potentialAction\":[{\"@type\":\"SearchAction\",\"target\":{\"@type\":\"EntryPoint\",\"urlTemplate\":\"https:\\\/\\\/www.accuratereviews.com\\\/it\\\/?s={search_term_string}\"},\"query-input\":{\"@type\":\"PropertyValueSpecification\",\"valueRequired\":true,\"valueName\":\"search_term_string\"}}],\"inLanguage\":\"it-IT\"}]}<\/script>\n<!-- \/ Yoast SEO plugin. -->","yoast_head_json":{"title":"Keyword Hero: recensione soluzione SEO - Accurate Reviews","description":"Keyword Hero: recensione soluzione SEO che aiuta a ottenere informazioni sull'intento del traffico organico da una piattaforma unificata.","robots":{"index":"index","follow":"follow","max-snippet":"max-snippet:-1","max-image-preview":"max-image-preview:large","max-video-preview":"max-video-preview:-1"},"canonical":"https:\/\/www.accuratereviews.com\/it\/strumenti-seo-lista-software\/keyword-hero-recensione\/","og_locale":"it_IT","og_type":"article","og_title":"Keyword Hero: recensione soluzione SEO - Accurate Reviews","og_description":"Keyword Hero: recensione soluzione SEO che aiuta a ottenere informazioni sull'intento del traffico organico da una piattaforma unificata.","og_url":"https:\/\/www.accuratereviews.com\/it\/strumenti-seo-lista-software\/keyword-hero-recensione\/","og_site_name":"Accurate Reviews","og_image":[{"width":384,"height":384,"url":"https:\/\/www.accuratereviews.com\/wp-content\/uploads\/2023\/02\/Keyword-Hero.webp","type":"image\/webp"}],"twitter_card":"summary_large_image","twitter_misc":{"Tempo di lettura stimato":"4 minuti"},"schema":{"@context":"https:\/\/schema.org","@graph":[{"@type":"WebPage","@id":"https:\/\/www.accuratereviews.com\/it\/strumenti-seo-lista-software\/keyword-hero-recensione\/","url":"https:\/\/www.accuratereviews.com\/it\/strumenti-seo-lista-software\/keyword-hero-recensione\/","name":"Keyword Hero: recensione soluzione SEO - Accurate Reviews","isPartOf":{"@id":"https:\/\/www.accuratereviews.com\/it\/#website"},"primaryImageOfPage":{"@id":"https:\/\/www.accuratereviews.com\/it\/strumenti-seo-lista-software\/keyword-hero-recensione\/#primaryimage"},"image":{"@id":"https:\/\/www.accuratereviews.com\/it\/strumenti-seo-lista-software\/keyword-hero-recensione\/#primaryimage"},"thumbnailUrl":"https:\/\/www.accuratereviews.com\/wp-content\/uploads\/2023\/02\/Keyword-Hero.webp","datePublished":"2023-02-27T16:13:03+00:00","description":"Keyword Hero: recensione soluzione SEO che aiuta a ottenere informazioni sull'intento del traffico organico da una piattaforma unificata.","breadcrumb":{"@id":"https:\/\/www.accuratereviews.com\/it\/strumenti-seo-lista-software\/keyword-hero-recensione\/#breadcrumb"},"inLanguage":"it-IT","potentialAction":[{"@type":"ReadAction","target":["https:\/\/www.accuratereviews.com\/it\/strumenti-seo-lista-software\/keyword-hero-recensione\/"]}]},{"@type":"ImageObject","inLanguage":"it-IT","@id":"https:\/\/www.accuratereviews.com\/it\/strumenti-seo-lista-software\/keyword-hero-recensione\/#primaryimage","url":"https:\/\/www.accuratereviews.com\/wp-content\/uploads\/2023\/02\/Keyword-Hero.webp","contentUrl":"https:\/\/www.accuratereviews.com\/wp-content\/uploads\/2023\/02\/Keyword-Hero.webp","width":384,"height":384},{"@type":"BreadcrumbList","@id":"https:\/\/www.accuratereviews.com\/it\/strumenti-seo-lista-software\/keyword-hero-recensione\/#breadcrumb","itemListElement":[{"@type":"ListItem","position":1,"name":"Home","item":"https:\/\/www.accuratereviews.com\/it\/"},{"@type":"ListItem","position":2,"name":"Strumenti SEO","item":"https:\/\/www.accuratereviews.com\/it\/strumenti-seo-lista-software\/"},{"@type":"ListItem","position":3,"name":"Keyword Hero"}]},{"@type":"WebSite","@id":"https:\/\/www.accuratereviews.com\/it\/#website","url":"https:\/\/www.accuratereviews.com\/it\/","name":"Accurate Reviews","description":"","potentialAction":[{"@type":"SearchAction","target":{"@type":"EntryPoint","urlTemplate":"https:\/\/www.accuratereviews.com\/it\/?s={search_term_string}"},"query-input":{"@type":"PropertyValueSpecification","valueRequired":true,"valueName":"search_term_string"}}],"inLanguage":"it-IT"}]}},"_links":{"self":[{"href":"https:\/\/www.accuratereviews.com\/it\/wp-json\/wp\/v2\/pages\/67481","targetHints":{"allow":["GET"]}}],"collection":[{"href":"https:\/\/www.accuratereviews.com\/it\/wp-json\/wp\/v2\/pages"}],"about":[{"href":"https:\/\/www.accuratereviews.com\/it\/wp-json\/wp\/v2\/types\/page"}],"author":[{"embeddable":true,"href":"https:\/\/www.accuratereviews.com\/it\/wp-json\/wp\/v2\/users\/19"}],"replies":[{"embeddable":true,"href":"https:\/\/www.accuratereviews.com\/it\/wp-json\/wp\/v2\/comments?post=67481"}],"version-history":[{"count":4,"href":"https:\/\/www.accuratereviews.com\/it\/wp-json\/wp\/v2\/pages\/67481\/revisions"}],"predecessor-version":[{"id":67515,"href":"https:\/\/www.accuratereviews.com\/it\/wp-json\/wp\/v2\/pages\/67481\/revisions\/67515"}],"up":[{"embeddable":true,"href":"https:\/\/www.accuratereviews.com\/it\/wp-json\/wp\/v2\/pages\/8849"}],"wp:featuredmedia":[{"embeddable":true,"href":"https:\/\/www.accuratereviews.com\/it\/wp-json\/wp\/v2\/media\/67482"}],"wp:attachment":[{"href":"https:\/\/www.accuratereviews.com\/it\/wp-json\/wp\/v2\/media?parent=67481"}],"wp:term":[{"taxonomy":"category","embeddable":true,"href":"https:\/\/www.accuratereviews.com\/it\/wp-json\/wp\/v2\/categories?post=67481"},{"taxonomy":"post_tag","embeddable":true,"href":"https:\/\/www.accuratereviews.com\/it\/wp-json\/wp\/v2\/tags?post=67481"},{"taxonomy":"features","embeddable":true,"href":"https:\/\/www.accuratereviews.com\/it\/wp-json\/wp\/v2\/features?post=67481"}],"curies":[{"name":"wp","href":"https:\/\/api.w.org\/{rel}","templated":true}]}}