{"id":67495,"date":"2023-02-27T16:10:02","date_gmt":"2023-02-27T16:10:02","guid":{"rendered":"https:\/\/www.accuratereviews.com\/?page_id=67495"},"modified":"2023-02-27T16:10:02","modified_gmt":"2023-02-27T16:10:02","slug":"isendu-recensione","status":"publish","type":"page","link":"https:\/\/www.accuratereviews.com\/it\/piattaforme-ecommerce-lista\/isendu-recensione\/","title":{"rendered":"Isendu"},"content":{"rendered":"<p><strong>Isendu<\/strong> si rivolge a startup e aziende di qualsiasi dimensione che necessitano una soluzione all-in-one che permetta di gestire al meglio il loro <strong>negozio ecommerce<\/strong>. Si tratta infatti di una piattaforma online multicanale che offre una potente dashboard, dalla quale puoi gestire e monitorare le spedizioni, importare gli ordini, automatizzare la creazione dei documenti di spedizione, aggiornare i clienti con email transazionali e molto altro ancora.<br \/>\nTutte le funzionalit\u00e0 di <strong>Isedu<\/strong> garantiscono maggiore visibilit\u00e0 al tuo ecommerce e un conseguente aumento delle vendite.<\/p>\n<h2>ISENDU &#8211; TUTORIAL<\/h2>\n<div id=\"fluid-wrapper-counter-1\" class=\"g1-fluid-wrapper \" style=\"width:686px;\">\n<div style=\"padding-bottom:56.268221574344%;\"><iframe loading=\"lazy\" title=\"isendu | come funziona\" src=\"https:\/\/player.vimeo.com\/video\/661388611?h=ab905399a1&amp;dnt=1&amp;app_id=122963?title=0&amp;byline=0&amp;portrait=0\" width=\"686\" height=\"386\" frameborder=\"0\" allow=\"autoplay; fullscreen; picture-in-picture\" allowfullscreen><\/iframe><\/div>\n<\/div>\n<h3>ISENDU &#8211; CARATTERISTICHE<\/h3>\n<ul>\n<li>Calcolo del costo di spedizione<\/li>\n<li>Gestione multicanale<\/li>\n<li>Gestione ordini integrata<\/li>\n<li>Comparazione tariffe in tempo reale<\/li>\n<li>Mail transazionali<\/li>\n<li>Tariffe di backup<\/li>\n<li>Regole di automazione<\/li>\n<li>Integrazione servizi di spedizione<\/li>\n<li>Stampa lettera di vettura<\/li>\n<\/ul>\n<h4>LE RECENSIONI DEGLI UTENTI<\/h4>\n<p><strong>Sandra &#8220;Tanta velocit\u00e0 nella generazione delle etichette&#8221;<\/strong><br \/>\nPro: Grazie ad isendu sto risparmiando veramente tanto tempo: ne perdevo tanto a ricontrollare ogni volta i dati dei clienti, adesso invece con l&#8217;importazione automatica non ci sono errori e soprattutto \u00e8 istantaneo. La creazione poi dell&#8217;etichetta \u00e8 velocissima e se c&#8217;\u00e8 qualcosa l&#8217;assistenza \u00e8 sempre pronta.<br \/>\nContro: Cap con zone disagiate andrebbero segnalate.<\/p>\n<p><strong>Michele &#8220;Ottima opzione per qualsiasi ecommerce&#8221;<\/strong><br \/>\nCommenti: Questo software \u00e8 una bomba. Riesco a connettere tutti i miei marketplace e corrieri in un unico posto. Inoltre il team che ci sta dietro e\u2019 fatto di veri pro, super qualificati e sempre disponibili ad accogliere qualunque mia richiesta.<br \/>\nPro: Ad oggi la mia organizzazione non potrebbe affrontare la giornata di lavoro senza Isendu. Spediamo costantemente molti prodotti ogni giorno e senza un semplice sistema semplificato come Isendu non saremmo in grado di spedire in modo efficiente, veloce e senza errori. Mi piace anche molto che ci aiuti a fare dei controlli sugli indirizzi. Se hai un ecommerce, devi avere Isendu!<br \/>\nContro: Preferirei che le tariffe pre negoziate di Isendu fossero Iva esclusa.<\/p>\n<p><strong>Mauro &#8220;ottimo rapporto&#8221;<\/strong><br \/>\nCommenti: Nella vecchia versione non c\u2019era la possibilit\u00e0 di stampare insieme alla lettera di vettura la lettera di reso e abbiamo avuto qualche rallentamento, ma nella nuova versione tutto questo \u00e8 stato risolto e non ci sono pi\u00f9 problemi<br \/>\nPro: Ci troviamo bene con questa piattaforma<br \/>\nContro: Funziona in maniera corretta e ci aiuta molto nel gestire il nostro lavoro.<\/p>\n","protected":false},"excerpt":{"rendered":"<p>Isedu si rivolge a startup e aziende di qualsiasi dimensione che necessitano una soluzione all-in-one che permetta di gestire al meglio il loro negozio ecommerce. Si tratta infatti di una piattaforma online multicanale che offre una potente dashboard, dalla quale puoi gestire e monitorare le spedizioni, importare gli ordini, automatizzare la creazione dei documenti di spedizione, aggiornare i clienti con email transazionali e molto altro ancora.<\/p>\n","protected":false},"author":17,"featured_media":67502,"parent":15684,"menu_order":0,"comment_status":"open","ping_status":"closed","template":"g1_template_page_review_new.php","meta":{"_acf_changed":false,"cwp_meta_box_check":"No","cwp_rev_product_name":"","cwp_rev_product_image":"","wppr_links":[],"cwp_rev_price":"","wppr_options":[],"wppr_pros":[],"wppr_cons":[],"_monsterinsights_skip_tracking":false,"_monsterinsights_sitenote_active":false,"_monsterinsights_sitenote_note":"","_monsterinsights_sitenote_category":0,"footnotes":""},"categories":[853],"tags":[857,4939,894,869,858],"features":[],"class_list":{"0":"post-67495","1":"page","2":"type-page","3":"status-publish","4":"has-post-thumbnail","6":"category-ecommerce","7":"tag-ecommerce","8":"tag-ecommerce-recensione","9":"tag-piattaforme-ecommerce","10":"tag-software-ecommerce","11":"tag-soluzione-di-ecommerce"},"wppr_data":{"cwp_meta_box_check":"No"},"acf":[],"yoast_head":"<!-- This site is optimized with the Yoast SEO plugin v27.4 - https:\/\/yoast.com\/product\/yoast-seo-wordpress\/ -->\n<title>Isendu: software ecommerce recensione - Accurate Reviews<\/title>\n<meta name=\"description\" content=\"Isedu: software ecommerce che si rivolge a startup e aziende di qualsiasi dimensione che necessitano una soluzione all-in-one.\" \/>\n<meta name=\"robots\" content=\"index, follow, max-snippet:-1, max-image-preview:large, max-video-preview:-1\" \/>\n<link rel=\"canonical\" href=\"https:\/\/www.accuratereviews.com\/it\/piattaforme-ecommerce-lista\/isendu-recensione\/\" \/>\n<meta property=\"og:locale\" content=\"it_IT\" \/>\n<meta property=\"og:type\" content=\"article\" \/>\n<meta property=\"og:title\" content=\"Isendu: software ecommerce recensione - Accurate Reviews\" \/>\n<meta property=\"og:description\" content=\"Isedu: software ecommerce che si rivolge a startup e aziende di qualsiasi dimensione che necessitano una soluzione all-in-one.\" \/>\n<meta property=\"og:url\" content=\"https:\/\/www.accuratereviews.com\/it\/piattaforme-ecommerce-lista\/isendu-recensione\/\" \/>\n<meta property=\"og:site_name\" content=\"Accurate Reviews\" \/>\n<meta property=\"og:image\" content=\"https:\/\/www.accuratereviews.com\/wp-content\/uploads\/2023\/02\/Unknown-1.png\" \/>\n\t<meta property=\"og:image:width\" content=\"474\" \/>\n\t<meta property=\"og:image:height\" content=\"200\" \/>\n\t<meta property=\"og:image:type\" content=\"image\/png\" \/>\n<meta name=\"twitter:card\" content=\"summary_large_image\" \/>\n<meta name=\"twitter:label1\" content=\"Tempo di lettura stimato\" \/>\n\t<meta name=\"twitter:data1\" content=\"2 minuti\" \/>\n<script type=\"application\/ld+json\" class=\"yoast-schema-graph\">{\"@context\":\"https:\\\/\\\/schema.org\",\"@graph\":[{\"@type\":\"WebPage\",\"@id\":\"https:\\\/\\\/www.accuratereviews.com\\\/it\\\/piattaforme-ecommerce-lista\\\/isendu-recensione\\\/\",\"url\":\"https:\\\/\\\/www.accuratereviews.com\\\/it\\\/piattaforme-ecommerce-lista\\\/isendu-recensione\\\/\",\"name\":\"Isendu: software ecommerce recensione - Accurate Reviews\",\"isPartOf\":{\"@id\":\"https:\\\/\\\/www.accuratereviews.com\\\/it\\\/#website\"},\"primaryImageOfPage\":{\"@id\":\"https:\\\/\\\/www.accuratereviews.com\\\/it\\\/piattaforme-ecommerce-lista\\\/isendu-recensione\\\/#primaryimage\"},\"image\":{\"@id\":\"https:\\\/\\\/www.accuratereviews.com\\\/it\\\/piattaforme-ecommerce-lista\\\/isendu-recensione\\\/#primaryimage\"},\"thumbnailUrl\":\"https:\\\/\\\/www.accuratereviews.com\\\/wp-content\\\/uploads\\\/2023\\\/02\\\/Unknown-1.png\",\"datePublished\":\"2023-02-27T16:10:02+00:00\",\"description\":\"Isedu: software ecommerce che si rivolge a startup e aziende di qualsiasi dimensione che necessitano una soluzione all-in-one.\",\"breadcrumb\":{\"@id\":\"https:\\\/\\\/www.accuratereviews.com\\\/it\\\/piattaforme-ecommerce-lista\\\/isendu-recensione\\\/#breadcrumb\"},\"inLanguage\":\"it-IT\",\"potentialAction\":[{\"@type\":\"ReadAction\",\"target\":[\"https:\\\/\\\/www.accuratereviews.com\\\/it\\\/piattaforme-ecommerce-lista\\\/isendu-recensione\\\/\"]}]},{\"@type\":\"ImageObject\",\"inLanguage\":\"it-IT\",\"@id\":\"https:\\\/\\\/www.accuratereviews.com\\\/it\\\/piattaforme-ecommerce-lista\\\/isendu-recensione\\\/#primaryimage\",\"url\":\"https:\\\/\\\/www.accuratereviews.com\\\/wp-content\\\/uploads\\\/2023\\\/02\\\/Unknown-1.png\",\"contentUrl\":\"https:\\\/\\\/www.accuratereviews.com\\\/wp-content\\\/uploads\\\/2023\\\/02\\\/Unknown-1.png\",\"width\":474,\"height\":200},{\"@type\":\"BreadcrumbList\",\"@id\":\"https:\\\/\\\/www.accuratereviews.com\\\/it\\\/piattaforme-ecommerce-lista\\\/isendu-recensione\\\/#breadcrumb\",\"itemListElement\":[{\"@type\":\"ListItem\",\"position\":1,\"name\":\"Home\",\"item\":\"https:\\\/\\\/www.accuratereviews.com\\\/it\\\/\"},{\"@type\":\"ListItem\",\"position\":2,\"name\":\"Ecommerce\",\"item\":\"https:\\\/\\\/www.accuratereviews.com\\\/it\\\/piattaforme-ecommerce-lista\\\/\"},{\"@type\":\"ListItem\",\"position\":3,\"name\":\"Isendu\"}]},{\"@type\":\"WebSite\",\"@id\":\"https:\\\/\\\/www.accuratereviews.com\\\/it\\\/#website\",\"url\":\"https:\\\/\\\/www.accuratereviews.com\\\/it\\\/\",\"name\":\"Accurate Reviews\",\"description\":\"\",\"potentialAction\":[{\"@type\":\"SearchAction\",\"target\":{\"@type\":\"EntryPoint\",\"urlTemplate\":\"https:\\\/\\\/www.accuratereviews.com\\\/it\\\/?s={search_term_string}\"},\"query-input\":{\"@type\":\"PropertyValueSpecification\",\"valueRequired\":true,\"valueName\":\"search_term_string\"}}],\"inLanguage\":\"it-IT\"}]}<\/script>\n<!-- \/ Yoast SEO plugin. -->","yoast_head_json":{"title":"Isendu: software ecommerce recensione - Accurate Reviews","description":"Isedu: software ecommerce che si rivolge a startup e aziende di qualsiasi dimensione che necessitano una soluzione all-in-one.","robots":{"index":"index","follow":"follow","max-snippet":"max-snippet:-1","max-image-preview":"max-image-preview:large","max-video-preview":"max-video-preview:-1"},"canonical":"https:\/\/www.accuratereviews.com\/it\/piattaforme-ecommerce-lista\/isendu-recensione\/","og_locale":"it_IT","og_type":"article","og_title":"Isendu: software ecommerce recensione - Accurate Reviews","og_description":"Isedu: software ecommerce che si rivolge a startup e aziende di qualsiasi dimensione che necessitano una soluzione all-in-one.","og_url":"https:\/\/www.accuratereviews.com\/it\/piattaforme-ecommerce-lista\/isendu-recensione\/","og_site_name":"Accurate Reviews","og_image":[{"width":474,"height":200,"url":"https:\/\/www.accuratereviews.com\/wp-content\/uploads\/2023\/02\/Unknown-1.png","type":"image\/png"}],"twitter_card":"summary_large_image","twitter_misc":{"Tempo di lettura stimato":"2 minuti"},"schema":{"@context":"https:\/\/schema.org","@graph":[{"@type":"WebPage","@id":"https:\/\/www.accuratereviews.com\/it\/piattaforme-ecommerce-lista\/isendu-recensione\/","url":"https:\/\/www.accuratereviews.com\/it\/piattaforme-ecommerce-lista\/isendu-recensione\/","name":"Isendu: software ecommerce recensione - Accurate Reviews","isPartOf":{"@id":"https:\/\/www.accuratereviews.com\/it\/#website"},"primaryImageOfPage":{"@id":"https:\/\/www.accuratereviews.com\/it\/piattaforme-ecommerce-lista\/isendu-recensione\/#primaryimage"},"image":{"@id":"https:\/\/www.accuratereviews.com\/it\/piattaforme-ecommerce-lista\/isendu-recensione\/#primaryimage"},"thumbnailUrl":"https:\/\/www.accuratereviews.com\/wp-content\/uploads\/2023\/02\/Unknown-1.png","datePublished":"2023-02-27T16:10:02+00:00","description":"Isedu: software ecommerce che si rivolge a startup e aziende di qualsiasi dimensione che necessitano una soluzione all-in-one.","breadcrumb":{"@id":"https:\/\/www.accuratereviews.com\/it\/piattaforme-ecommerce-lista\/isendu-recensione\/#breadcrumb"},"inLanguage":"it-IT","potentialAction":[{"@type":"ReadAction","target":["https:\/\/www.accuratereviews.com\/it\/piattaforme-ecommerce-lista\/isendu-recensione\/"]}]},{"@type":"ImageObject","inLanguage":"it-IT","@id":"https:\/\/www.accuratereviews.com\/it\/piattaforme-ecommerce-lista\/isendu-recensione\/#primaryimage","url":"https:\/\/www.accuratereviews.com\/wp-content\/uploads\/2023\/02\/Unknown-1.png","contentUrl":"https:\/\/www.accuratereviews.com\/wp-content\/uploads\/2023\/02\/Unknown-1.png","width":474,"height":200},{"@type":"BreadcrumbList","@id":"https:\/\/www.accuratereviews.com\/it\/piattaforme-ecommerce-lista\/isendu-recensione\/#breadcrumb","itemListElement":[{"@type":"ListItem","position":1,"name":"Home","item":"https:\/\/www.accuratereviews.com\/it\/"},{"@type":"ListItem","position":2,"name":"Ecommerce","item":"https:\/\/www.accuratereviews.com\/it\/piattaforme-ecommerce-lista\/"},{"@type":"ListItem","position":3,"name":"Isendu"}]},{"@type":"WebSite","@id":"https:\/\/www.accuratereviews.com\/it\/#website","url":"https:\/\/www.accuratereviews.com\/it\/","name":"Accurate Reviews","description":"","potentialAction":[{"@type":"SearchAction","target":{"@type":"EntryPoint","urlTemplate":"https:\/\/www.accuratereviews.com\/it\/?s={search_term_string}"},"query-input":{"@type":"PropertyValueSpecification","valueRequired":true,"valueName":"search_term_string"}}],"inLanguage":"it-IT"}]}},"_links":{"self":[{"href":"https:\/\/www.accuratereviews.com\/it\/wp-json\/wp\/v2\/pages\/67495","targetHints":{"allow":["GET"]}}],"collection":[{"href":"https:\/\/www.accuratereviews.com\/it\/wp-json\/wp\/v2\/pages"}],"about":[{"href":"https:\/\/www.accuratereviews.com\/it\/wp-json\/wp\/v2\/types\/page"}],"author":[{"embeddable":true,"href":"https:\/\/www.accuratereviews.com\/it\/wp-json\/wp\/v2\/users\/17"}],"replies":[{"embeddable":true,"href":"https:\/\/www.accuratereviews.com\/it\/wp-json\/wp\/v2\/comments?post=67495"}],"version-history":[{"count":4,"href":"https:\/\/www.accuratereviews.com\/it\/wp-json\/wp\/v2\/pages\/67495\/revisions"}],"predecessor-version":[{"id":67510,"href":"https:\/\/www.accuratereviews.com\/it\/wp-json\/wp\/v2\/pages\/67495\/revisions\/67510"}],"up":[{"embeddable":true,"href":"https:\/\/www.accuratereviews.com\/it\/wp-json\/wp\/v2\/pages\/15684"}],"wp:featuredmedia":[{"embeddable":true,"href":"https:\/\/www.accuratereviews.com\/it\/wp-json\/wp\/v2\/media\/67502"}],"wp:attachment":[{"href":"https:\/\/www.accuratereviews.com\/it\/wp-json\/wp\/v2\/media?parent=67495"}],"wp:term":[{"taxonomy":"category","embeddable":true,"href":"https:\/\/www.accuratereviews.com\/it\/wp-json\/wp\/v2\/categories?post=67495"},{"taxonomy":"post_tag","embeddable":true,"href":"https:\/\/www.accuratereviews.com\/it\/wp-json\/wp\/v2\/tags?post=67495"},{"taxonomy":"features","embeddable":true,"href":"https:\/\/www.accuratereviews.com\/it\/wp-json\/wp\/v2\/features?post=67495"}],"curies":[{"name":"wp","href":"https:\/\/api.w.org\/{rel}","templated":true}]}}