{"id":67576,"date":"2023-02-28T11:21:39","date_gmt":"2023-02-28T11:21:39","guid":{"rendered":"https:\/\/www.accuratereviews.com\/?page_id=67576"},"modified":"2023-06-21T15:57:35","modified_gmt":"2023-06-21T15:57:35","slug":"drip-recensione","status":"publish","type":"page","link":"https:\/\/www.accuratereviews.com\/it\/piattaforme-ecommerce-lista\/drip-recensione\/","title":{"rendered":"Drip"},"content":{"rendered":"<p><strong>Drip<\/strong> \u00e8 un software che si occupa dell&#8217;automazione del marketing per la tua <strong>piattaforma ecommerce<\/strong>, utilizzando strategie orientate ai clienti e ai potenziali clienti. Offri loro esperienze di acquisto complete, personalizzabili e memorabili, che creino delle connessioni reali e che garantiscano maggiore fedelt\u00e0 al tuo brand.<br \/>\nCon <strong>Drip<\/strong> puoi creare e inviare sondaggi, email di ringraziamento personalizzate, offerte VIP e molto altro ancora per fidelizzare i tuoi clienti e convertire i lead in modo semplice e veloce.<\/p>\n<h2>DRIP &#8211; TUTORIAL<\/h2>\n<div id=\"fluid-wrapper-counter-1\" class=\"g1-fluid-wrapper \" style=\"width:686px;\">\n<div style=\"padding-bottom:56.268221574344%;\"><iframe loading=\"lazy\" title=\"How To Import Your List\" width=\"686\" height=\"386\" src=\"https:\/\/www.youtube.com\/embed\/19tOrBq0Svo?feature=oembed&amp;wmode=transparent&amp;autohide=1&amp;autoplay=0&amp;disablekb=0&amp;fs=1&amp;loop=0&amp;enablejsapi=1&amp;rel=0&amp;controls=2&amp;showinfo=0&amp;wmode=transparent&amp;autohide=2&amp;autoplay=0&amp;disablekb=0&amp;fs=1&amp;loop=0&amp;enablejsapi=1&amp;rel=0&amp;controls=2&amp;showinfo=1\" frameborder=\"0\" allow=\"accelerometer; autoplay; clipboard-write; encrypted-media; gyroscope; picture-in-picture; web-share\" allowfullscreen><\/iframe><\/div>\n<\/div>\n<h3>DRIP &#8211; CARATTERISTICHE<\/h3>\n<ul>\n<li><strong>Onsite<\/strong>: costruisci le tue liste e converti il traffico web in clienti.<\/li>\n<li><strong>Email Marketing<\/strong>: aumenta le entrate dedicando meno tempo alla progettazione e alla gestione delle email.<\/li>\n<li><strong>Automazione<\/strong>: automizza il tuo marketing con i flussi di lavoro delle migliori pratiche per le email.<\/li>\n<li><strong>Segmentazione e personalizzazione<\/strong>: invia messaggi iper-personalizzati che convertono.<\/li>\n<li><strong>Approfondimenti e orientamento<\/strong>: prendi decisioni migliori con analisi, benchmark, orientamento e altro ancora.<\/li>\n<li><strong>Integrazioni Ecommerce<\/strong>: Shopify, Magento, WooCommerce, BigCommerce e oltre 100 integrazioni.<\/li>\n<\/ul>\n<h4>LE RECENSIONI DEGLI UTENTI<\/h4>\n<p><strong>Chetan &#8220;Drip \u00e8 un ottimo software per l&#8217;email marketing&#8221;<\/strong><br \/>\nCommenti: \u00c8 stata una bella esperienza complessiva con Drip. Il mio team ha utilizzato questo strumento come la migliore fonte delle nostre entrate.<br \/>\nPro: Abbiamo usato Drip per tutto l&#8217;anno scorso, per le nostre promozioni e automazioni via email. \u00c8 un ottimo strumento che ho usato finora.<br \/>\nContro: Non \u00e8 completo al 100% secondo la mia esperienza d&#8217;uso. Mi sono piaciute le sue caratteristiche, ma dovrebbe essere migliore.<\/p>\n<p><strong>Lucas &#8220;ok, ma sembra che non ci siano aggiornamenti o miglioramenti dell&#8217;interfaccia utente nell&#8217;ultimo periodo&#8221;. <\/strong><br \/>\nCommenti: sono stati due anni buoni, lo strumento \u00e8 molto affidabile, ma non vale il prezzo rispetto alla concorrenza. \u00c8 pi\u00f9 lento, difficile da gestire e da creare automazioni.<br \/>\nPro: affidabile, buone segmentazioni e possibilit\u00e0 di elaborazione dei dati.<br \/>\nContro: troppo costoso, l&#8217;interfaccia utente non \u00e8 molto buona, \u00e8 sempre lento.<\/p>\n<p><strong>Stevan &#8220;Un grande balzo in avanti per la mia attivit\u00e0!&#8221;.<\/strong><br \/>\nCommenti: Eccellente. Ho bisogno di dati per sopravvivere e devo sapere cosa guardano i miei clienti. Posso segmentare le cose, vedere quali titoli funzionano meglio e dare ai miei clienti un prodotto migliore.<br \/>\nPro: I numeri non mentono. I dati sono fondamentali e Drip mi fornisce i dati di cui ho bisogno per raggiungere il mio pubblico, soprattutto se si tratta di un&#8217;azienda affermata con una grande lista di email. Pi\u00f9 si \u00e8 grandi, pi\u00f9 le cose sono facili da gestire con Drip.<br \/>\nContro: Ci vuole un po&#8217; di abitudine per creare flussi di lavoro e automazioni, ma non \u00e8 pi\u00f9 difficile da usare di qualsiasi altro prodotto in circolazione.<\/p>\n","protected":false},"excerpt":{"rendered":"<p>Drip \u00e8 un software che si occupa dell&#8217;automazione del marketing per la tua piattaforma ecommerce, utilizzando strategie orientate ai clienti e ai potenziali clienti. Offri loro esperienze di acquisto complete, personalizzabili e memorabili, che creino delle connessioni reali e che garantiscano maggiore fedelt\u00e0 al tuo brand.\u00a0<\/p>\n","protected":false},"author":17,"featured_media":67578,"parent":15684,"menu_order":0,"comment_status":"open","ping_status":"closed","template":"g1_template_page_review_new.php","meta":{"_acf_changed":false,"cwp_meta_box_check":"No","cwp_rev_product_name":"","cwp_rev_product_image":"","wppr_links":[],"cwp_rev_price":"","wppr_options":[],"wppr_pros":[],"wppr_cons":[],"_monsterinsights_skip_tracking":false,"_monsterinsights_sitenote_active":false,"_monsterinsights_sitenote_note":"","_monsterinsights_sitenote_category":0,"footnotes":""},"categories":[120,853,106],"tags":[1835,857,665,5986,862,870,869,930],"features":[],"class_list":{"0":"post-67576","1":"page","2":"type-page","3":"status-publish","4":"has-post-thumbnail","6":"category-crm-it","7":"category-ecommerce","8":"category-email-marketing-it","9":"tag-crm-2-it","10":"tag-ecommerce","11":"tag-email-marketing","12":"tag-gestione-ecommerce","13":"tag-piattaforma-di-ecommerce","14":"tag-programma-ecommerce","15":"tag-software-ecommerce","16":"tag-soluzione-ecommerce"},"wppr_data":{"cwp_meta_box_check":"No"},"acf":[],"yoast_head":"<!-- This site is optimized with the Yoast SEO plugin v27.4 - https:\/\/yoast.com\/product\/yoast-seo-wordpress\/ -->\n<title>Drip: recensione software ecommerce - Accurate Reviews<\/title>\n<meta name=\"description\" content=\"Drip: recensione del software che si occupa dell&#039;automazione del marketing per la tua piattaforma ecommerce.\" \/>\n<meta name=\"robots\" content=\"index, follow, max-snippet:-1, max-image-preview:large, max-video-preview:-1\" \/>\n<link rel=\"canonical\" href=\"https:\/\/www.accuratereviews.com\/it\/piattaforme-ecommerce-lista\/drip-recensione\/\" \/>\n<meta property=\"og:locale\" content=\"it_IT\" \/>\n<meta property=\"og:type\" content=\"article\" \/>\n<meta property=\"og:title\" content=\"Drip: recensione software ecommerce - Accurate Reviews\" \/>\n<meta property=\"og:description\" content=\"Drip: recensione del software che si occupa dell&#039;automazione del marketing per la tua piattaforma ecommerce.\" \/>\n<meta property=\"og:url\" content=\"https:\/\/www.accuratereviews.com\/it\/piattaforme-ecommerce-lista\/drip-recensione\/\" \/>\n<meta property=\"og:site_name\" content=\"Accurate Reviews\" \/>\n<meta property=\"article:modified_time\" content=\"2023-06-21T15:57:35+00:00\" \/>\n<meta property=\"og:image\" content=\"https:\/\/www.accuratereviews.com\/wp-content\/uploads\/2023\/02\/drip.png\" \/>\n\t<meta property=\"og:image:width\" content=\"600\" \/>\n\t<meta property=\"og:image:height\" content=\"315\" \/>\n\t<meta property=\"og:image:type\" content=\"image\/png\" \/>\n<meta name=\"twitter:card\" content=\"summary_large_image\" \/>\n<meta name=\"twitter:label1\" content=\"Tempo di lettura stimato\" \/>\n\t<meta name=\"twitter:data1\" content=\"3 minuti\" \/>\n<script type=\"application\/ld+json\" class=\"yoast-schema-graph\">{\"@context\":\"https:\\\/\\\/schema.org\",\"@graph\":[{\"@type\":\"WebPage\",\"@id\":\"https:\\\/\\\/www.accuratereviews.com\\\/it\\\/piattaforme-ecommerce-lista\\\/drip-recensione\\\/\",\"url\":\"https:\\\/\\\/www.accuratereviews.com\\\/it\\\/piattaforme-ecommerce-lista\\\/drip-recensione\\\/\",\"name\":\"Drip: recensione software ecommerce - Accurate Reviews\",\"isPartOf\":{\"@id\":\"https:\\\/\\\/www.accuratereviews.com\\\/it\\\/#website\"},\"primaryImageOfPage\":{\"@id\":\"https:\\\/\\\/www.accuratereviews.com\\\/it\\\/piattaforme-ecommerce-lista\\\/drip-recensione\\\/#primaryimage\"},\"image\":{\"@id\":\"https:\\\/\\\/www.accuratereviews.com\\\/it\\\/piattaforme-ecommerce-lista\\\/drip-recensione\\\/#primaryimage\"},\"thumbnailUrl\":\"https:\\\/\\\/www.accuratereviews.com\\\/wp-content\\\/uploads\\\/2023\\\/02\\\/drip.png\",\"datePublished\":\"2023-02-28T11:21:39+00:00\",\"dateModified\":\"2023-06-21T15:57:35+00:00\",\"description\":\"Drip: recensione del software che si occupa dell'automazione del marketing per la tua piattaforma ecommerce.\",\"breadcrumb\":{\"@id\":\"https:\\\/\\\/www.accuratereviews.com\\\/it\\\/piattaforme-ecommerce-lista\\\/drip-recensione\\\/#breadcrumb\"},\"inLanguage\":\"it-IT\",\"potentialAction\":[{\"@type\":\"ReadAction\",\"target\":[\"https:\\\/\\\/www.accuratereviews.com\\\/it\\\/piattaforme-ecommerce-lista\\\/drip-recensione\\\/\"]}]},{\"@type\":\"ImageObject\",\"inLanguage\":\"it-IT\",\"@id\":\"https:\\\/\\\/www.accuratereviews.com\\\/it\\\/piattaforme-ecommerce-lista\\\/drip-recensione\\\/#primaryimage\",\"url\":\"https:\\\/\\\/www.accuratereviews.com\\\/wp-content\\\/uploads\\\/2023\\\/02\\\/drip.png\",\"contentUrl\":\"https:\\\/\\\/www.accuratereviews.com\\\/wp-content\\\/uploads\\\/2023\\\/02\\\/drip.png\",\"width\":600,\"height\":315},{\"@type\":\"BreadcrumbList\",\"@id\":\"https:\\\/\\\/www.accuratereviews.com\\\/it\\\/piattaforme-ecommerce-lista\\\/drip-recensione\\\/#breadcrumb\",\"itemListElement\":[{\"@type\":\"ListItem\",\"position\":1,\"name\":\"Home\",\"item\":\"https:\\\/\\\/www.accuratereviews.com\\\/it\\\/\"},{\"@type\":\"ListItem\",\"position\":2,\"name\":\"Ecommerce\",\"item\":\"https:\\\/\\\/www.accuratereviews.com\\\/it\\\/piattaforme-ecommerce-lista\\\/\"},{\"@type\":\"ListItem\",\"position\":3,\"name\":\"Drip\"}]},{\"@type\":\"WebSite\",\"@id\":\"https:\\\/\\\/www.accuratereviews.com\\\/it\\\/#website\",\"url\":\"https:\\\/\\\/www.accuratereviews.com\\\/it\\\/\",\"name\":\"Accurate Reviews\",\"description\":\"\",\"potentialAction\":[{\"@type\":\"SearchAction\",\"target\":{\"@type\":\"EntryPoint\",\"urlTemplate\":\"https:\\\/\\\/www.accuratereviews.com\\\/it\\\/?s={search_term_string}\"},\"query-input\":{\"@type\":\"PropertyValueSpecification\",\"valueRequired\":true,\"valueName\":\"search_term_string\"}}],\"inLanguage\":\"it-IT\"}]}<\/script>\n<!-- \/ Yoast SEO plugin. -->","yoast_head_json":{"title":"Drip: recensione software ecommerce - Accurate Reviews","description":"Drip: recensione del software che si occupa dell'automazione del marketing per la tua piattaforma ecommerce.","robots":{"index":"index","follow":"follow","max-snippet":"max-snippet:-1","max-image-preview":"max-image-preview:large","max-video-preview":"max-video-preview:-1"},"canonical":"https:\/\/www.accuratereviews.com\/it\/piattaforme-ecommerce-lista\/drip-recensione\/","og_locale":"it_IT","og_type":"article","og_title":"Drip: recensione software ecommerce - Accurate Reviews","og_description":"Drip: recensione del software che si occupa dell'automazione del marketing per la tua piattaforma ecommerce.","og_url":"https:\/\/www.accuratereviews.com\/it\/piattaforme-ecommerce-lista\/drip-recensione\/","og_site_name":"Accurate Reviews","article_modified_time":"2023-06-21T15:57:35+00:00","og_image":[{"width":600,"height":315,"url":"https:\/\/www.accuratereviews.com\/wp-content\/uploads\/2023\/02\/drip.png","type":"image\/png"}],"twitter_card":"summary_large_image","twitter_misc":{"Tempo di lettura stimato":"3 minuti"},"schema":{"@context":"https:\/\/schema.org","@graph":[{"@type":"WebPage","@id":"https:\/\/www.accuratereviews.com\/it\/piattaforme-ecommerce-lista\/drip-recensione\/","url":"https:\/\/www.accuratereviews.com\/it\/piattaforme-ecommerce-lista\/drip-recensione\/","name":"Drip: recensione software ecommerce - Accurate Reviews","isPartOf":{"@id":"https:\/\/www.accuratereviews.com\/it\/#website"},"primaryImageOfPage":{"@id":"https:\/\/www.accuratereviews.com\/it\/piattaforme-ecommerce-lista\/drip-recensione\/#primaryimage"},"image":{"@id":"https:\/\/www.accuratereviews.com\/it\/piattaforme-ecommerce-lista\/drip-recensione\/#primaryimage"},"thumbnailUrl":"https:\/\/www.accuratereviews.com\/wp-content\/uploads\/2023\/02\/drip.png","datePublished":"2023-02-28T11:21:39+00:00","dateModified":"2023-06-21T15:57:35+00:00","description":"Drip: recensione del software che si occupa dell'automazione del marketing per la tua piattaforma ecommerce.","breadcrumb":{"@id":"https:\/\/www.accuratereviews.com\/it\/piattaforme-ecommerce-lista\/drip-recensione\/#breadcrumb"},"inLanguage":"it-IT","potentialAction":[{"@type":"ReadAction","target":["https:\/\/www.accuratereviews.com\/it\/piattaforme-ecommerce-lista\/drip-recensione\/"]}]},{"@type":"ImageObject","inLanguage":"it-IT","@id":"https:\/\/www.accuratereviews.com\/it\/piattaforme-ecommerce-lista\/drip-recensione\/#primaryimage","url":"https:\/\/www.accuratereviews.com\/wp-content\/uploads\/2023\/02\/drip.png","contentUrl":"https:\/\/www.accuratereviews.com\/wp-content\/uploads\/2023\/02\/drip.png","width":600,"height":315},{"@type":"BreadcrumbList","@id":"https:\/\/www.accuratereviews.com\/it\/piattaforme-ecommerce-lista\/drip-recensione\/#breadcrumb","itemListElement":[{"@type":"ListItem","position":1,"name":"Home","item":"https:\/\/www.accuratereviews.com\/it\/"},{"@type":"ListItem","position":2,"name":"Ecommerce","item":"https:\/\/www.accuratereviews.com\/it\/piattaforme-ecommerce-lista\/"},{"@type":"ListItem","position":3,"name":"Drip"}]},{"@type":"WebSite","@id":"https:\/\/www.accuratereviews.com\/it\/#website","url":"https:\/\/www.accuratereviews.com\/it\/","name":"Accurate Reviews","description":"","potentialAction":[{"@type":"SearchAction","target":{"@type":"EntryPoint","urlTemplate":"https:\/\/www.accuratereviews.com\/it\/?s={search_term_string}"},"query-input":{"@type":"PropertyValueSpecification","valueRequired":true,"valueName":"search_term_string"}}],"inLanguage":"it-IT"}]}},"_links":{"self":[{"href":"https:\/\/www.accuratereviews.com\/it\/wp-json\/wp\/v2\/pages\/67576","targetHints":{"allow":["GET"]}}],"collection":[{"href":"https:\/\/www.accuratereviews.com\/it\/wp-json\/wp\/v2\/pages"}],"about":[{"href":"https:\/\/www.accuratereviews.com\/it\/wp-json\/wp\/v2\/types\/page"}],"author":[{"embeddable":true,"href":"https:\/\/www.accuratereviews.com\/it\/wp-json\/wp\/v2\/users\/17"}],"replies":[{"embeddable":true,"href":"https:\/\/www.accuratereviews.com\/it\/wp-json\/wp\/v2\/comments?post=67576"}],"version-history":[{"count":7,"href":"https:\/\/www.accuratereviews.com\/it\/wp-json\/wp\/v2\/pages\/67576\/revisions"}],"predecessor-version":[{"id":70259,"href":"https:\/\/www.accuratereviews.com\/it\/wp-json\/wp\/v2\/pages\/67576\/revisions\/70259"}],"up":[{"embeddable":true,"href":"https:\/\/www.accuratereviews.com\/it\/wp-json\/wp\/v2\/pages\/15684"}],"wp:featuredmedia":[{"embeddable":true,"href":"https:\/\/www.accuratereviews.com\/it\/wp-json\/wp\/v2\/media\/67578"}],"wp:attachment":[{"href":"https:\/\/www.accuratereviews.com\/it\/wp-json\/wp\/v2\/media?parent=67576"}],"wp:term":[{"taxonomy":"category","embeddable":true,"href":"https:\/\/www.accuratereviews.com\/it\/wp-json\/wp\/v2\/categories?post=67576"},{"taxonomy":"post_tag","embeddable":true,"href":"https:\/\/www.accuratereviews.com\/it\/wp-json\/wp\/v2\/tags?post=67576"},{"taxonomy":"features","embeddable":true,"href":"https:\/\/www.accuratereviews.com\/it\/wp-json\/wp\/v2\/features?post=67576"}],"curies":[{"name":"wp","href":"https:\/\/api.w.org\/{rel}","templated":true}]}}