{"id":67597,"date":"2023-03-01T14:59:02","date_gmt":"2023-03-01T14:59:02","guid":{"rendered":"https:\/\/www.accuratereviews.com\/?page_id=67597"},"modified":"2023-03-01T14:59:02","modified_gmt":"2023-03-01T14:59:02","slug":"majestic-recensione","status":"publish","type":"page","link":"https:\/\/www.accuratereviews.com\/it\/strumenti-seo-lista-software\/majestic-recensione\/","title":{"rendered":"Majestic"},"content":{"rendered":"<p><strong>Majestic<\/strong> fornisce <strong>link intelligence e metriche di dominio<\/strong> sotto forma di cronologie di backlink, domini di riferimento, testi di ancoraggio, volume di ricerca di parole chiave e proprie metriche di flusso, per fornire\u00a0ai professionisti <strong>SEO <\/strong>e\u00a0del marketing le informazioni per migliorare la creazione di link e le strategie di ottimizzazione dei motori di ricerca (SEO).<br \/>\nGli utenti possono essere avvisati di nuovi collegamenti per pagine o siti che stanno monitorando e di qualsiasi menzione del loro marchio o dominio che non \u00e8 collegata al loro sito, informandoli di potenziali opportunit\u00e0 di collegamento.<\/p>\n<h2>MAJESTIC &#8211; TUTORIAL<\/h2>\n<div id=\"fluid-wrapper-counter-1\" class=\"g1-fluid-wrapper \" style=\"width:686px;\">\n<div style=\"padding-bottom:56.268221574344%;\"><iframe loading=\"lazy\" title=\"Majestic SEO Review - Backlink Research Tool For SEO - Domain Website Buyers &amp; Sellers\" width=\"686\" height=\"386\" src=\"https:\/\/www.youtube.com\/embed\/gDUXniOn4vI?feature=oembed&amp;wmode=transparent&amp;autohide=1&amp;autoplay=0&amp;disablekb=0&amp;fs=1&amp;loop=0&amp;enablejsapi=1&amp;rel=0&amp;controls=2&amp;showinfo=0&amp;wmode=transparent&amp;autohide=2&amp;autoplay=0&amp;disablekb=0&amp;fs=1&amp;loop=0&amp;enablejsapi=1&amp;rel=0&amp;controls=2&amp;showinfo=1\" frameborder=\"0\" allow=\"accelerometer; autoplay; clipboard-write; encrypted-media; gyroscope; picture-in-picture; web-share\" allowfullscreen><\/iframe><\/div>\n<\/div>\n<h3>MAJESTIC &#8211; CARATTERISTICHE<\/h3>\n<ul>\n<li><span class=\"hoverHint popover-marker\" aria-haspopup=\"true\" data-original-title=\"L\u2019Indice recente contiene i dati trovati e scansionati pi\u00f9 di recente. Il nostro Indice recente viene aggiornato frequentemente durante il giorno.\">Indice Recente<\/span><\/li>\n<li><span class=\"hoverHint popover-marker\" aria-haspopup=\"true\" data-original-title=\"Accedi a tutti i dati del nostro strumento pi\u00f9 celebre: Site Explorer consente di scomporre le metriche e i link in ingresso per quasi tutti gli URL pi\u00f9 significativi di Internet.\">Site Explorer<\/span><\/li>\n<li><span class=\"hoverHint popover-marker\" aria-haspopup=\"true\" data-original-title=\"Lo strumento Generatore di Parole Chiave ti aiuta ad approfondire il link context dei siti, permettendoti di selezionare le keyword giuste. Ci\u00f2 \u00e8 utile per raccogliere le idee sui contenuti e per la ricerca dei termini pubblicitari da scegliere come target.\">Generatore di Parole Chiave\u00a0<\/span><\/li>\n<li><span class=\"hoverHint popover-marker\" aria-haspopup=\"true\" data-original-title=\"I Link Graph vengono creati esaminando i principali link dell\u2019indice recente che circondano la ricerca, dopodich\u00e9 viene costruita una mappa che mostra in che modo i siti individuati siano collegati tra di loro.\">Link Graph e\u00a0<\/span><span class=\"hoverHint popover-marker\" aria-haspopup=\"true\" data-original-title=\"Utilizza Link Context per trovare i link vicini a te e ai tuoi concorrenti\">Link Context<\/span><\/li>\n<li><span class=\"hoverHint popover-marker\" aria-haspopup=\"true\" data-original-title=\"Scopri quali siti hanno link in prossimit\u00e0 dei link verso il tuo sito\">Siti correlati<\/span><\/li>\n<li><span class=\"hoverHint popover-marker\" aria-haspopup=\"true\" data-original-title=\"Trust Flow \u00e8 un punteggio ponderato da 0 a 100. Le pagine e i siti con elevato Trust Flow tendono ad avere un grande volume di link con contenuti gestiti da essere umani\">Trust Flow<\/span><\/li>\n<li><span class=\"hoverHint popover-marker\" aria-haspopup=\"true\" data-original-title=\"Majestic ha ora categorizzato il web, in modo che gli utenti possano vedere in quale settore un sito web \u00e8 influente. Topical Trust Flow aiuta gli utenti a trovare gli influencer in categorie specifiche e a determinare facilmente se \u00e8 necessario eliminare un link.\">Topical Trust Flow<\/span><\/li>\n<li><span class=\"hoverHint popover-marker\" aria-haspopup=\"true\" data-original-title=\"Il dominio di riferimento, noto anche come &quot;ref domain&quot;, \u00e8 un sito web dal quale un backlink punta a una pagina o a un link del sito che si sta analizzando.\">Domini di riferimento<\/span><\/li>\n<li><span class=\"hoverHint popover-marker\" aria-haspopup=\"true\" data-original-title=\"Un IP di provenienza \u00e8 l'indirizzo IP che ospita almeno un sito web contenente un link per un dato URL o dominio di destinazione. Molti domini (siti web) possono avere come host un indirizzo IP. Lo strumento di Majestic Verifica siti limitrofi serve a trovare l'indirizzo IP di un dato dominio.\">IP di provenienza<\/span><\/li>\n<li><span class=\"hoverHint popover-marker\" aria-haspopup=\"true\" data-original-title=\"Il conteggio delle sottoreti C \u00e8 utile, poich\u00e9 \u00e8 possibile che la stessa sottorete di classe C sia utilizzata da una o pi\u00f9 organizzazioni associate. Per i siti pi\u00f9 grandi, pu\u00f2 anche essere utile contare le relazioni di collegamento uniche tra le sottoreti C.\">Sottoreti di riferimento<\/span><\/li>\n<li><span class=\"hoverHint popover-marker\" aria-haspopup=\"true\" data-original-title=\"Le campagne consentono di raggruppare i siti web importanti per te, oltre a controllarne i progressi. Con il piano Lite, gli utenti possono utilizzare le campagne con qualsiasi dominio.\">Backlink Campaigns<\/span><\/li>\n<li><span class=\"hoverHint popover-marker\" aria-haspopup=\"true\" data-original-title=\"Il Bulk Backlink Checker permette di analizzare i numeri di backlink per un massimo di 400 URL, utilizzando la funzione incolla URL e fino a 1.000.000 URL dal caricamento di un file (a seconda delle unit\u00e0 di analisi rimanenti).\">Bulk Backlink Checker<\/span><\/li>\n<li><span class=\"hoverHint popover-marker\" aria-haspopup=\"true\" data-original-title=\"Cerca una frase o parola chiave nel nostro indice. Puoi vedere quante volte appare e ottenere il volume delle ricerche per ciascuna parola chiave.\">Verifica Keyword<\/span><\/li>\n<li><span class=\"hoverHint popover-marker\" aria-haspopup=\"true\" data-original-title=\"OpenApps consente agli utenti di accedere ad applicazioni di terze parti che utilizzano i dati di Majestic.\">Usa OpenApps<\/span><\/li>\n<li><span class=\"hoverHint popover-marker\" aria-haspopup=\"true\" data-original-title=\"Verifica la propriet\u00e0 del tuo sito web per accedere a informazioni dettagliate sul tuo dominio.\">Domini verificati<\/span><\/li>\n<li><span class=\"hoverHint popover-marker\" aria-haspopup=\"true\" data-original-title=\"La funzionalit\u00e0 Esportazione diretta consente di scaricare i dati sui backlink da qualsiasi sito.\">Esportazione di dati<\/span><\/li>\n<li><span class=\"hoverHint popover-marker\" aria-haspopup=\"true\" data-original-title=\"I report Majestic consentono di modellare, scaricare, analizzare e filtrare i dati dei siti web nel modo desiderato.\">Report personalizzati<\/span><\/li>\n<li><span class=\"hoverHint popover-marker\" aria-haspopup=\"true\" data-original-title=\"Confronta le statistiche principali di un massimo di 10 domini diversi con lo strumento di comparazione siti.\">Confronta i siti<\/span><\/li>\n<li><span class=\"hoverHint popover-marker\" aria-haspopup=\"true\" data-original-title=\"Cronologia Flow Metric consente di confrontare l\u2019efficacia e la stabilit\u00e0 dei domini tramite le metriche Trust Flow e Citation Flow.\">Cronologia Flow Metric<\/span><\/li>\n<li><span class=\"hoverHint popover-marker\" aria-haspopup=\"true\" data-original-title=\"Immettendo fino a 10 diversi domini o URL, Clique Hunter trover\u00e0 i domini attualmente collegati a pi\u00f9 concorrenti. Un ottimo modo per conseguire rapidamente risultati significativi nel link building.\">Clique Hunter<\/span><\/li>\n<li><span class=\"hoverHint popover-marker\" aria-haspopup=\"true\" data-original-title=\"Storico dei Backlink mostra quanti link a un dato dominio sono stati rilevati in passato dai nostri web crawler. Poich\u00e9 i nostri crawler sono prolifici, i grafici possono essere indicativi della crescita dei backlink associata a un dato dominio.\">Storico dei Backlink<\/span><\/li>\n<li><span class=\"hoverHint popover-marker\" aria-haspopup=\"true\" data-original-title=\"Cerca frasi o parole chiave nel nostro indice. Puoi vedere il titolo della pagina e l\u2019URL dove compaiono, oltre a ricevere il punteggio della ricerca dell\u2019URL.\">Search Explorer<\/span><\/li>\n<li><span class=\"hoverHint popover-marker\" aria-haspopup=\"true\" data-original-title=\"Condividi le informazioni velocemente e facilmente mostrando ad altri utenti le tue campagne.\">Condividi campagne<\/span><\/li>\n<li><span class=\"hoverHint popover-marker\" aria-haspopup=\"true\" data-original-title=\"Ricevi via e-mail un elenco dei nuovi link migliori che abbiamo scoperto ogni settimana, ogni due settimane oppure tramite l\u2019aggiornamento dell\u2019Indice recente.\">Notifiche email<\/span><\/li>\n<li><span class=\"hoverHint popover-marker\" aria-haspopup=\"true\" data-original-title=\"Raffronta i tuoi risultati con quelli della concorrenza e promuovi la tua attivit\u00e0 con uno spazio sul nostro sito dedicato al tuo business.\">Profilo aziendale completo<\/span><\/li>\n<\/ul>\n<h4>LE RECENSIONI DEGLIE UTENTI<\/h4>\n<p><strong>Anil &#8220;Miglior strumento di creazione di link per la SEO&#8221;<\/strong><br \/>\n<strong>Commenti<\/strong>: Ho utilizzato Majestic per il sito Web dei miei clienti per ottenere migliori risultati in prospettiva SEO e comprendere la strategia di mercato per i miei clienti.<br \/>\n<strong>Pro<\/strong>: Majestic \u00e8 uno strumento essenziale per la SEO per comprendere la strategia di marketing, puoi guidare il tuo obiettivo di marketing e impostare i tuoi obiettivi.<br \/>\n<strong>Contro<\/strong>: Majestic ha una dashboard ben progettata, non ha nessuna cattiva funzionalit\u00e0 per SEO e marketer.<\/p>\n<p><strong>Piotr &#8220;Ottimo strumento per la SEO&#8221;<\/strong><br \/>\n<strong>Commenti<\/strong>: L&#8217;offerta e il prezzo sono piuttosto accettabili<br \/>\n<strong>Pro<\/strong>: Questo strumento \u00e8 stato creato per analizzare i backlink dei siti Web e lo sta facendo al 100%. Determinare l&#8217;attualit\u00e0 del sito Web \u00e8 molto utile.<br \/>\n<strong>Contro<\/strong>: Majestic potrebbe avere un database di link pi\u00f9 grande.<\/p>\n<p><strong>Anselme &#8220;recensione Majestic<\/strong><strong>&#8220;<\/strong><br \/>\n<strong>Pro<\/strong>: Majestic aiuta ad adottare un piano per il tuo SEO<br \/>\n<strong>Contro<\/strong>: Nessun problema riscontrato nell&#8217;utilizzo di questo software.<\/p>\n","protected":false},"excerpt":{"rendered":"<p>Majestic fornisce link intelligence e metriche di dominio sotto forma di cronologie di backlink, domini di riferimento, testi di ancoraggio, volume di ricerca di parole chiave e proprie metriche di flusso, per fornire\u00a0ai professionisti SEO e\u00a0del marketing le informazioni per migliorare la creazione di link e le strategie di ottimizzazione dei motori di ricerca (SEO).<\/p>\n","protected":false},"author":19,"featured_media":67599,"parent":8849,"menu_order":0,"comment_status":"open","ping_status":"closed","template":"g1_template_page_review_new.php","meta":{"_acf_changed":false,"cwp_meta_box_check":"Yes","cwp_rev_product_name":"","cwp_rev_product_image":"","wppr_links":[],"cwp_rev_price":"0.00","wppr_options":[{"name":"Usability","value":"0"},{"name":"Speed","value":"0"},{"name":"Features","value":"0"},{"name":"Support","value":"0"},{"name":"Pricing","value":"0"}],"wppr_pros":["","","","",""],"wppr_cons":["","","","",""],"_monsterinsights_skip_tracking":false,"_monsterinsights_sitenote_active":false,"_monsterinsights_sitenote_note":"","_monsterinsights_sitenote_category":0,"footnotes":""},"categories":[175],"tags":[11232,1483,1421,901,1420,1417,885],"features":[],"class_list":{"0":"post-67597","1":"page","2":"type-page","3":"status-publish","4":"has-post-thumbnail","6":"category-strumenti-seo-categoria","7":"tag-majestic","8":"tag-piattaforma-seo","9":"tag-programma-seo","10":"tag-seo","11":"tag-software-seo","12":"tag-soluzione-seo","13":"tag-strumenti-seo"},"wppr_data":{"cwp_meta_box_check":"Yes","_wppr_review_template":"default","cwp_rev_product_image":"","cwp_image_link":"image","wppr_links":[],"cwp_rev_price":"0.00","wppr_pros":["","","","",""],"wppr_cons":["","","","",""],"wppr_rating":"0.00","wppr_options":{"1":{"name":"Usability","value":"0"},"2":{"name":"Speed","value":"0"},"3":{"name":"Features","value":"0"},"4":{"name":"Support","value":"0"},"5":{"name":"Pricing","value":"0"}},"wppr_review_type":"Product","wppr_review_custom_fields":{"additionalProperty":"","additionalType":"","aggregateRating":"","alternateName":"","audience":"","award":"","awards":"","brand":"","color":"","depth":"","description":"","disambiguatingDescription":"","gtin12":"","gtin13":"","gtin14":"","gtin8":"","height":"","identifier":"","image":"","isAccessoryOrSparePartFor":"","isConsumableFor":"","isRelatedTo":"","isSimilarTo":"","itemCondition":"","logo":"","mainEntityOfPage":"","manufacturer":"","material":"","model":"","mpn":"","name":"","offers":"","potentialAction":"","productID":"","productionDate":"","purchaseDate":"","releaseDate":"","review":"","reviews":"","sameAs":"","sku":"","slogan":"","subjectOf":"","url":"","weight":"","width":""}},"acf":[],"yoast_head":"<!-- This site is optimized with the Yoast SEO plugin v27.4 - https:\/\/yoast.com\/product\/yoast-seo-wordpress\/ -->\n<title>Majestic: recensione software SEO - Accurate Reviews<\/title>\n<meta name=\"description\" content=\"Majestic: fornisce link intelligence e metriche di dominio sotto forma di cronologie di backlink, domini di riferimento e testi di ancoraggio.\" \/>\n<meta name=\"robots\" content=\"index, follow, max-snippet:-1, max-image-preview:large, max-video-preview:-1\" \/>\n<link rel=\"canonical\" href=\"https:\/\/www.accuratereviews.com\/it\/strumenti-seo-lista-software\/majestic-recensione\/\" \/>\n<meta property=\"og:locale\" content=\"it_IT\" \/>\n<meta property=\"og:type\" content=\"article\" \/>\n<meta property=\"og:title\" content=\"Majestic: recensione software SEO - Accurate Reviews\" \/>\n<meta property=\"og:description\" content=\"Majestic: fornisce link intelligence e metriche di dominio sotto forma di cronologie di backlink, domini di riferimento e testi di ancoraggio.\" \/>\n<meta property=\"og:url\" content=\"https:\/\/www.accuratereviews.com\/it\/strumenti-seo-lista-software\/majestic-recensione\/\" \/>\n<meta property=\"og:site_name\" content=\"Accurate Reviews\" \/>\n<meta property=\"og:image\" content=\"https:\/\/www.accuratereviews.com\/wp-content\/uploads\/2023\/03\/Majestic.png\" \/>\n\t<meta property=\"og:image:width\" content=\"509\" \/>\n\t<meta property=\"og:image:height\" content=\"322\" \/>\n\t<meta property=\"og:image:type\" content=\"image\/png\" \/>\n<meta name=\"twitter:card\" content=\"summary_large_image\" \/>\n<meta name=\"twitter:label1\" content=\"Tempo di lettura stimato\" \/>\n\t<meta name=\"twitter:data1\" content=\"2 minuti\" \/>\n<script type=\"application\/ld+json\" class=\"yoast-schema-graph\">{\"@context\":\"https:\\\/\\\/schema.org\",\"@graph\":[{\"@type\":\"WebPage\",\"@id\":\"https:\\\/\\\/www.accuratereviews.com\\\/it\\\/strumenti-seo-lista-software\\\/majestic-recensione\\\/\",\"url\":\"https:\\\/\\\/www.accuratereviews.com\\\/it\\\/strumenti-seo-lista-software\\\/majestic-recensione\\\/\",\"name\":\"Majestic: recensione software SEO - Accurate Reviews\",\"isPartOf\":{\"@id\":\"https:\\\/\\\/www.accuratereviews.com\\\/it\\\/#website\"},\"primaryImageOfPage\":{\"@id\":\"https:\\\/\\\/www.accuratereviews.com\\\/it\\\/strumenti-seo-lista-software\\\/majestic-recensione\\\/#primaryimage\"},\"image\":{\"@id\":\"https:\\\/\\\/www.accuratereviews.com\\\/it\\\/strumenti-seo-lista-software\\\/majestic-recensione\\\/#primaryimage\"},\"thumbnailUrl\":\"https:\\\/\\\/www.accuratereviews.com\\\/wp-content\\\/uploads\\\/2023\\\/03\\\/Majestic.png\",\"datePublished\":\"2023-03-01T14:59:02+00:00\",\"description\":\"Majestic: fornisce link intelligence e metriche di dominio sotto forma di cronologie di backlink, domini di riferimento e testi di ancoraggio.\",\"breadcrumb\":{\"@id\":\"https:\\\/\\\/www.accuratereviews.com\\\/it\\\/strumenti-seo-lista-software\\\/majestic-recensione\\\/#breadcrumb\"},\"inLanguage\":\"it-IT\",\"potentialAction\":[{\"@type\":\"ReadAction\",\"target\":[\"https:\\\/\\\/www.accuratereviews.com\\\/it\\\/strumenti-seo-lista-software\\\/majestic-recensione\\\/\"]}]},{\"@type\":\"ImageObject\",\"inLanguage\":\"it-IT\",\"@id\":\"https:\\\/\\\/www.accuratereviews.com\\\/it\\\/strumenti-seo-lista-software\\\/majestic-recensione\\\/#primaryimage\",\"url\":\"https:\\\/\\\/www.accuratereviews.com\\\/wp-content\\\/uploads\\\/2023\\\/03\\\/Majestic.png\",\"contentUrl\":\"https:\\\/\\\/www.accuratereviews.com\\\/wp-content\\\/uploads\\\/2023\\\/03\\\/Majestic.png\",\"width\":509,\"height\":322},{\"@type\":\"BreadcrumbList\",\"@id\":\"https:\\\/\\\/www.accuratereviews.com\\\/it\\\/strumenti-seo-lista-software\\\/majestic-recensione\\\/#breadcrumb\",\"itemListElement\":[{\"@type\":\"ListItem\",\"position\":1,\"name\":\"Home\",\"item\":\"https:\\\/\\\/www.accuratereviews.com\\\/it\\\/\"},{\"@type\":\"ListItem\",\"position\":2,\"name\":\"Strumenti SEO\",\"item\":\"https:\\\/\\\/www.accuratereviews.com\\\/it\\\/strumenti-seo-lista-software\\\/\"},{\"@type\":\"ListItem\",\"position\":3,\"name\":\"Majestic\"}]},{\"@type\":\"WebSite\",\"@id\":\"https:\\\/\\\/www.accuratereviews.com\\\/it\\\/#website\",\"url\":\"https:\\\/\\\/www.accuratereviews.com\\\/it\\\/\",\"name\":\"Accurate Reviews\",\"description\":\"\",\"potentialAction\":[{\"@type\":\"SearchAction\",\"target\":{\"@type\":\"EntryPoint\",\"urlTemplate\":\"https:\\\/\\\/www.accuratereviews.com\\\/it\\\/?s={search_term_string}\"},\"query-input\":{\"@type\":\"PropertyValueSpecification\",\"valueRequired\":true,\"valueName\":\"search_term_string\"}}],\"inLanguage\":\"it-IT\"}]}<\/script>\n<!-- \/ Yoast SEO plugin. -->","yoast_head_json":{"title":"Majestic: recensione software SEO - Accurate Reviews","description":"Majestic: fornisce link intelligence e metriche di dominio sotto forma di cronologie di backlink, domini di riferimento e testi di ancoraggio.","robots":{"index":"index","follow":"follow","max-snippet":"max-snippet:-1","max-image-preview":"max-image-preview:large","max-video-preview":"max-video-preview:-1"},"canonical":"https:\/\/www.accuratereviews.com\/it\/strumenti-seo-lista-software\/majestic-recensione\/","og_locale":"it_IT","og_type":"article","og_title":"Majestic: recensione software SEO - Accurate Reviews","og_description":"Majestic: fornisce link intelligence e metriche di dominio sotto forma di cronologie di backlink, domini di riferimento e testi di ancoraggio.","og_url":"https:\/\/www.accuratereviews.com\/it\/strumenti-seo-lista-software\/majestic-recensione\/","og_site_name":"Accurate Reviews","og_image":[{"width":509,"height":322,"url":"https:\/\/www.accuratereviews.com\/wp-content\/uploads\/2023\/03\/Majestic.png","type":"image\/png"}],"twitter_card":"summary_large_image","twitter_misc":{"Tempo di lettura stimato":"2 minuti"},"schema":{"@context":"https:\/\/schema.org","@graph":[{"@type":"WebPage","@id":"https:\/\/www.accuratereviews.com\/it\/strumenti-seo-lista-software\/majestic-recensione\/","url":"https:\/\/www.accuratereviews.com\/it\/strumenti-seo-lista-software\/majestic-recensione\/","name":"Majestic: recensione software SEO - Accurate Reviews","isPartOf":{"@id":"https:\/\/www.accuratereviews.com\/it\/#website"},"primaryImageOfPage":{"@id":"https:\/\/www.accuratereviews.com\/it\/strumenti-seo-lista-software\/majestic-recensione\/#primaryimage"},"image":{"@id":"https:\/\/www.accuratereviews.com\/it\/strumenti-seo-lista-software\/majestic-recensione\/#primaryimage"},"thumbnailUrl":"https:\/\/www.accuratereviews.com\/wp-content\/uploads\/2023\/03\/Majestic.png","datePublished":"2023-03-01T14:59:02+00:00","description":"Majestic: fornisce link intelligence e metriche di dominio sotto forma di cronologie di backlink, domini di riferimento e testi di ancoraggio.","breadcrumb":{"@id":"https:\/\/www.accuratereviews.com\/it\/strumenti-seo-lista-software\/majestic-recensione\/#breadcrumb"},"inLanguage":"it-IT","potentialAction":[{"@type":"ReadAction","target":["https:\/\/www.accuratereviews.com\/it\/strumenti-seo-lista-software\/majestic-recensione\/"]}]},{"@type":"ImageObject","inLanguage":"it-IT","@id":"https:\/\/www.accuratereviews.com\/it\/strumenti-seo-lista-software\/majestic-recensione\/#primaryimage","url":"https:\/\/www.accuratereviews.com\/wp-content\/uploads\/2023\/03\/Majestic.png","contentUrl":"https:\/\/www.accuratereviews.com\/wp-content\/uploads\/2023\/03\/Majestic.png","width":509,"height":322},{"@type":"BreadcrumbList","@id":"https:\/\/www.accuratereviews.com\/it\/strumenti-seo-lista-software\/majestic-recensione\/#breadcrumb","itemListElement":[{"@type":"ListItem","position":1,"name":"Home","item":"https:\/\/www.accuratereviews.com\/it\/"},{"@type":"ListItem","position":2,"name":"Strumenti SEO","item":"https:\/\/www.accuratereviews.com\/it\/strumenti-seo-lista-software\/"},{"@type":"ListItem","position":3,"name":"Majestic"}]},{"@type":"WebSite","@id":"https:\/\/www.accuratereviews.com\/it\/#website","url":"https:\/\/www.accuratereviews.com\/it\/","name":"Accurate Reviews","description":"","potentialAction":[{"@type":"SearchAction","target":{"@type":"EntryPoint","urlTemplate":"https:\/\/www.accuratereviews.com\/it\/?s={search_term_string}"},"query-input":{"@type":"PropertyValueSpecification","valueRequired":true,"valueName":"search_term_string"}}],"inLanguage":"it-IT"}]}},"_links":{"self":[{"href":"https:\/\/www.accuratereviews.com\/it\/wp-json\/wp\/v2\/pages\/67597","targetHints":{"allow":["GET"]}}],"collection":[{"href":"https:\/\/www.accuratereviews.com\/it\/wp-json\/wp\/v2\/pages"}],"about":[{"href":"https:\/\/www.accuratereviews.com\/it\/wp-json\/wp\/v2\/types\/page"}],"author":[{"embeddable":true,"href":"https:\/\/www.accuratereviews.com\/it\/wp-json\/wp\/v2\/users\/19"}],"replies":[{"embeddable":true,"href":"https:\/\/www.accuratereviews.com\/it\/wp-json\/wp\/v2\/comments?post=67597"}],"version-history":[{"count":10,"href":"https:\/\/www.accuratereviews.com\/it\/wp-json\/wp\/v2\/pages\/67597\/revisions"}],"predecessor-version":[{"id":67635,"href":"https:\/\/www.accuratereviews.com\/it\/wp-json\/wp\/v2\/pages\/67597\/revisions\/67635"}],"up":[{"embeddable":true,"href":"https:\/\/www.accuratereviews.com\/it\/wp-json\/wp\/v2\/pages\/8849"}],"wp:featuredmedia":[{"embeddable":true,"href":"https:\/\/www.accuratereviews.com\/it\/wp-json\/wp\/v2\/media\/67599"}],"wp:attachment":[{"href":"https:\/\/www.accuratereviews.com\/it\/wp-json\/wp\/v2\/media?parent=67597"}],"wp:term":[{"taxonomy":"category","embeddable":true,"href":"https:\/\/www.accuratereviews.com\/it\/wp-json\/wp\/v2\/categories?post=67597"},{"taxonomy":"post_tag","embeddable":true,"href":"https:\/\/www.accuratereviews.com\/it\/wp-json\/wp\/v2\/tags?post=67597"},{"taxonomy":"features","embeddable":true,"href":"https:\/\/www.accuratereviews.com\/it\/wp-json\/wp\/v2\/features?post=67597"}],"curies":[{"name":"wp","href":"https:\/\/api.w.org\/{rel}","templated":true}]}}