{"id":6761,"date":"2016-12-01T11:05:43","date_gmt":"2016-12-01T11:05:43","guid":{"rendered":"http:\/\/www.accuratereviews.com\/?page_id=6761\/"},"modified":"2021-01-26T09:46:43","modified_gmt":"2021-01-26T09:46:43","slug":"nero-backitup","status":"publish","type":"page","link":"https:\/\/www.accuratereviews.com\/it\/backup-i-migliori-software-e-servizi-software-lista\/nero-backitup\/","title":{"rendered":"Nero BackItUp"},"content":{"rendered":"<p><a href=\"http:\/\/www.accuratereviews.com\/wp-content\/uploads\/2015\/10\/Nero-Backitup-online-backup.png\"><img loading=\"lazy\" decoding=\"async\" class=\"alignnone size-full wp-image-1511\" src=\"http:\/\/www.accuratereviews.com\/wp-content\/uploads\/2015\/10\/Nero-Backitup-online-backup.png\" alt=\"Nero Backitup online backup\" width=\"700\" height=\"466\" srcset=\"https:\/\/www.accuratereviews.com\/wp-content\/uploads\/2015\/10\/Nero-Backitup-online-backup.png 700w, https:\/\/www.accuratereviews.com\/wp-content\/uploads\/2015\/10\/Nero-Backitup-online-backup-300x200.png 300w, https:\/\/www.accuratereviews.com\/wp-content\/uploads\/2015\/10\/Nero-Backitup-online-backup-188x125.png 188w, https:\/\/www.accuratereviews.com\/wp-content\/uploads\/2015\/10\/Nero-Backitup-online-backup-50x33.png 50w, https:\/\/www.accuratereviews.com\/wp-content\/uploads\/2015\/10\/Nero-Backitup-online-backup-636x423.png 636w, https:\/\/www.accuratereviews.com\/wp-content\/uploads\/2015\/10\/Nero-Backitup-online-backup-320x213.png 320w, https:\/\/www.accuratereviews.com\/wp-content\/uploads\/2015\/10\/Nero-Backitup-online-backup-239x159.png 239w\" sizes=\"auto, (max-width: 700px) 100vw, 700px\" \/><\/a><\/p>\n<p><strong>Nero BackItUp \u00e8 un servizio nato per il backup sicuro e affidabile dei file<\/strong>. Grazie ai tool offerti dal servizio \u00e8 possibile effettuare il backup dei dati sui PC di famiglia, dei laptop, delle unit\u00e0 USB, ma anche di CD, DVD, Blu-Ray, su NAS e sul cloud. Il backup locale non \u00e8 l\u2019unico mezzo di protezione dei dati: <strong>Nero BackItUp permette la doppia protezione salvandoli anche online<\/strong>.<\/p>\n<p>Grazie allo storage cloud infinito offerto da Nero Backitup non ci saranno mai problemi di spazio. La piattaforma, che lavora tramite un software di backup, permette il salvaggio di dati da un numero illimitato di smartphone e tablet e fino a cinque PC. Un\u2019utile <strong>funzionalit\u00e0 di streaming consente di vedere i video, ascoltare la musica, inviare file o intere cartelle ad amici e colleghi da qualsiasi PC<\/strong>, tablet o smartphone ovunque vi troviate. La condivisione sui social (Facebook e Twitter) di file \u00e8 rapida e semplice.<\/p>\n<p><strong>Con la versione Nero Backitup PRO \u00e8 consentito programmare backup<\/strong> quotidiani, settimanali o mensili, oppure in momenti precisi stabiliti dall\u2019utente. \u00c8 disponibile la funzionalit\u00e0 di backup continuo, grazie alla quale il servizio protegger\u00e0 continuamente ogni nuovo dato o file aggiornato.<\/p>\n<p><strong>\u00c8 disponibile un piano gratuito di 5GB, ma con funzionalit\u00e0 limitate<\/strong>. Possiamo acquistare Nero BackItUp al prezzo di 39.99\u20ac.<\/p>\n","protected":false},"excerpt":{"rendered":"<p>Grazie ai tool offerti da Nero BackItUp \u00e8 possibile effettuare il backup dei dati sui PC di famiglia, dei laptop, delle unit\u00e0 USB, ma anche di CD, DVD, Blu-Ray, su NAS e sul cloud.<\/p>\n","protected":false},"author":16,"featured_media":0,"parent":6671,"menu_order":8,"comment_status":"open","ping_status":"closed","template":"g1_template_page_review_new.php","meta":{"_acf_changed":false,"cwp_meta_box_check":"Yes","cwp_rev_product_name":"","cwp_rev_product_image":"","wppr_links":[],"cwp_rev_price":"","wppr_options":[],"wppr_pros":[],"wppr_cons":[],"_monsterinsights_skip_tracking":false,"_monsterinsights_sitenote_active":false,"_monsterinsights_sitenote_note":"","_monsterinsights_sitenote_category":0,"footnotes":""},"categories":[98,135],"tags":[805,804,773,803],"features":[],"class_list":{"0":"post-6761","1":"page","2":"type-page","3":"status-publish","5":"category-backup","6":"category-online-backup-it","7":"tag-backup-continuo","8":"tag-programma-beckup","9":"tag-programmare-backup","10":"tag-software-beckup"},"wppr_data":{"cwp_meta_box_check":"Yes","cwp_rev_product_name":"","cwp_rev_product_image":"","cwp_image_link":"image","cwp_rev_price":"","wppr_rating":"0.00"},"acf":[],"yoast_head":"<!-- This site is optimized with the Yoast SEO plugin v27.4 - https:\/\/yoast.com\/product\/yoast-seo-wordpress\/ -->\n<title>Nero BackItUp - Accurate Reviews<\/title>\n<meta name=\"description\" content=\"Nero BackItUp \u00e8 un servizio nato per il backup sicuro e affidabile dei file; grazie allo storage cloud infinito non ci saranno mai problemi di spazio.\" \/>\n<meta name=\"robots\" content=\"index, follow, max-snippet:-1, max-image-preview:large, max-video-preview:-1\" \/>\n<link rel=\"canonical\" href=\"https:\/\/www.accuratereviews.com\/it\/backup-i-migliori-software-e-servizi-software-lista\/nero-backitup\/\" \/>\n<meta property=\"og:locale\" content=\"it_IT\" \/>\n<meta property=\"og:type\" content=\"article\" \/>\n<meta property=\"og:title\" content=\"Nero BackItUp - Accurate Reviews\" \/>\n<meta property=\"og:description\" content=\"Nero BackItUp \u00e8 un servizio nato per il backup sicuro e affidabile dei file; grazie allo storage cloud infinito non ci saranno mai problemi di spazio.\" \/>\n<meta property=\"og:url\" content=\"https:\/\/www.accuratereviews.com\/it\/backup-i-migliori-software-e-servizi-software-lista\/nero-backitup\/\" \/>\n<meta property=\"og:site_name\" content=\"Accurate Reviews\" \/>\n<meta property=\"article:modified_time\" content=\"2021-01-26T09:46:43+00:00\" \/>\n<meta property=\"og:image\" content=\"http:\/\/www.accuratereviews.com\/wp-content\/uploads\/2015\/10\/Nero-Backitup-online-backup.png\" \/>\n<meta name=\"twitter:card\" content=\"summary_large_image\" \/>\n<meta name=\"twitter:label1\" content=\"Tempo di lettura stimato\" \/>\n\t<meta name=\"twitter:data1\" content=\"1 minuto\" \/>\n<script type=\"application\/ld+json\" class=\"yoast-schema-graph\">{\"@context\":\"https:\\\/\\\/schema.org\",\"@graph\":[{\"@type\":\"WebPage\",\"@id\":\"https:\\\/\\\/www.accuratereviews.com\\\/it\\\/backup-i-migliori-software-e-servizi-software-lista\\\/nero-backitup\\\/\",\"url\":\"https:\\\/\\\/www.accuratereviews.com\\\/it\\\/backup-i-migliori-software-e-servizi-software-lista\\\/nero-backitup\\\/\",\"name\":\"Nero BackItUp - Accurate Reviews\",\"isPartOf\":{\"@id\":\"https:\\\/\\\/www.accuratereviews.com\\\/it\\\/#website\"},\"primaryImageOfPage\":{\"@id\":\"https:\\\/\\\/www.accuratereviews.com\\\/it\\\/backup-i-migliori-software-e-servizi-software-lista\\\/nero-backitup\\\/#primaryimage\"},\"image\":{\"@id\":\"https:\\\/\\\/www.accuratereviews.com\\\/it\\\/backup-i-migliori-software-e-servizi-software-lista\\\/nero-backitup\\\/#primaryimage\"},\"thumbnailUrl\":\"http:\\\/\\\/www.accuratereviews.com\\\/wp-content\\\/uploads\\\/2015\\\/10\\\/Nero-Backitup-online-backup.png\",\"datePublished\":\"2016-12-01T11:05:43+00:00\",\"dateModified\":\"2021-01-26T09:46:43+00:00\",\"description\":\"Nero BackItUp \u00e8 un servizio nato per il backup sicuro e affidabile dei file; grazie allo storage cloud infinito non ci saranno mai problemi di spazio.\",\"breadcrumb\":{\"@id\":\"https:\\\/\\\/www.accuratereviews.com\\\/it\\\/backup-i-migliori-software-e-servizi-software-lista\\\/nero-backitup\\\/#breadcrumb\"},\"inLanguage\":\"it-IT\",\"potentialAction\":[{\"@type\":\"ReadAction\",\"target\":[\"https:\\\/\\\/www.accuratereviews.com\\\/it\\\/backup-i-migliori-software-e-servizi-software-lista\\\/nero-backitup\\\/\"]}]},{\"@type\":\"ImageObject\",\"inLanguage\":\"it-IT\",\"@id\":\"https:\\\/\\\/www.accuratereviews.com\\\/it\\\/backup-i-migliori-software-e-servizi-software-lista\\\/nero-backitup\\\/#primaryimage\",\"url\":\"http:\\\/\\\/www.accuratereviews.com\\\/wp-content\\\/uploads\\\/2015\\\/10\\\/Nero-Backitup-online-backup.png\",\"contentUrl\":\"http:\\\/\\\/www.accuratereviews.com\\\/wp-content\\\/uploads\\\/2015\\\/10\\\/Nero-Backitup-online-backup.png\"},{\"@type\":\"BreadcrumbList\",\"@id\":\"https:\\\/\\\/www.accuratereviews.com\\\/it\\\/backup-i-migliori-software-e-servizi-software-lista\\\/nero-backitup\\\/#breadcrumb\",\"itemListElement\":[{\"@type\":\"ListItem\",\"position\":1,\"name\":\"Home\",\"item\":\"https:\\\/\\\/www.accuratereviews.com\\\/it\\\/\"},{\"@type\":\"ListItem\",\"position\":2,\"name\":\"Backup: i migliori software e servizi\",\"item\":\"https:\\\/\\\/www.accuratereviews.com\\\/it\\\/backup-i-migliori-software-e-servizi-software-lista\\\/\"},{\"@type\":\"ListItem\",\"position\":3,\"name\":\"Nero BackItUp\"}]},{\"@type\":\"WebSite\",\"@id\":\"https:\\\/\\\/www.accuratereviews.com\\\/it\\\/#website\",\"url\":\"https:\\\/\\\/www.accuratereviews.com\\\/it\\\/\",\"name\":\"Accurate Reviews\",\"description\":\"\",\"potentialAction\":[{\"@type\":\"SearchAction\",\"target\":{\"@type\":\"EntryPoint\",\"urlTemplate\":\"https:\\\/\\\/www.accuratereviews.com\\\/it\\\/?s={search_term_string}\"},\"query-input\":{\"@type\":\"PropertyValueSpecification\",\"valueRequired\":true,\"valueName\":\"search_term_string\"}}],\"inLanguage\":\"it-IT\"}]}<\/script>\n<!-- \/ Yoast SEO plugin. -->","yoast_head_json":{"title":"Nero BackItUp - Accurate Reviews","description":"Nero BackItUp \u00e8 un servizio nato per il backup sicuro e affidabile dei file; grazie allo storage cloud infinito non ci saranno mai problemi di spazio.","robots":{"index":"index","follow":"follow","max-snippet":"max-snippet:-1","max-image-preview":"max-image-preview:large","max-video-preview":"max-video-preview:-1"},"canonical":"https:\/\/www.accuratereviews.com\/it\/backup-i-migliori-software-e-servizi-software-lista\/nero-backitup\/","og_locale":"it_IT","og_type":"article","og_title":"Nero BackItUp - Accurate Reviews","og_description":"Nero BackItUp \u00e8 un servizio nato per il backup sicuro e affidabile dei file; grazie allo storage cloud infinito non ci saranno mai problemi di spazio.","og_url":"https:\/\/www.accuratereviews.com\/it\/backup-i-migliori-software-e-servizi-software-lista\/nero-backitup\/","og_site_name":"Accurate Reviews","article_modified_time":"2021-01-26T09:46:43+00:00","og_image":[{"url":"http:\/\/www.accuratereviews.com\/wp-content\/uploads\/2015\/10\/Nero-Backitup-online-backup.png","type":"","width":"","height":""}],"twitter_card":"summary_large_image","twitter_misc":{"Tempo di lettura stimato":"1 minuto"},"schema":{"@context":"https:\/\/schema.org","@graph":[{"@type":"WebPage","@id":"https:\/\/www.accuratereviews.com\/it\/backup-i-migliori-software-e-servizi-software-lista\/nero-backitup\/","url":"https:\/\/www.accuratereviews.com\/it\/backup-i-migliori-software-e-servizi-software-lista\/nero-backitup\/","name":"Nero BackItUp - Accurate Reviews","isPartOf":{"@id":"https:\/\/www.accuratereviews.com\/it\/#website"},"primaryImageOfPage":{"@id":"https:\/\/www.accuratereviews.com\/it\/backup-i-migliori-software-e-servizi-software-lista\/nero-backitup\/#primaryimage"},"image":{"@id":"https:\/\/www.accuratereviews.com\/it\/backup-i-migliori-software-e-servizi-software-lista\/nero-backitup\/#primaryimage"},"thumbnailUrl":"http:\/\/www.accuratereviews.com\/wp-content\/uploads\/2015\/10\/Nero-Backitup-online-backup.png","datePublished":"2016-12-01T11:05:43+00:00","dateModified":"2021-01-26T09:46:43+00:00","description":"Nero BackItUp \u00e8 un servizio nato per il backup sicuro e affidabile dei file; grazie allo storage cloud infinito non ci saranno mai problemi di spazio.","breadcrumb":{"@id":"https:\/\/www.accuratereviews.com\/it\/backup-i-migliori-software-e-servizi-software-lista\/nero-backitup\/#breadcrumb"},"inLanguage":"it-IT","potentialAction":[{"@type":"ReadAction","target":["https:\/\/www.accuratereviews.com\/it\/backup-i-migliori-software-e-servizi-software-lista\/nero-backitup\/"]}]},{"@type":"ImageObject","inLanguage":"it-IT","@id":"https:\/\/www.accuratereviews.com\/it\/backup-i-migliori-software-e-servizi-software-lista\/nero-backitup\/#primaryimage","url":"http:\/\/www.accuratereviews.com\/wp-content\/uploads\/2015\/10\/Nero-Backitup-online-backup.png","contentUrl":"http:\/\/www.accuratereviews.com\/wp-content\/uploads\/2015\/10\/Nero-Backitup-online-backup.png"},{"@type":"BreadcrumbList","@id":"https:\/\/www.accuratereviews.com\/it\/backup-i-migliori-software-e-servizi-software-lista\/nero-backitup\/#breadcrumb","itemListElement":[{"@type":"ListItem","position":1,"name":"Home","item":"https:\/\/www.accuratereviews.com\/it\/"},{"@type":"ListItem","position":2,"name":"Backup: i migliori software e servizi","item":"https:\/\/www.accuratereviews.com\/it\/backup-i-migliori-software-e-servizi-software-lista\/"},{"@type":"ListItem","position":3,"name":"Nero BackItUp"}]},{"@type":"WebSite","@id":"https:\/\/www.accuratereviews.com\/it\/#website","url":"https:\/\/www.accuratereviews.com\/it\/","name":"Accurate Reviews","description":"","potentialAction":[{"@type":"SearchAction","target":{"@type":"EntryPoint","urlTemplate":"https:\/\/www.accuratereviews.com\/it\/?s={search_term_string}"},"query-input":{"@type":"PropertyValueSpecification","valueRequired":true,"valueName":"search_term_string"}}],"inLanguage":"it-IT"}]}},"_links":{"self":[{"href":"https:\/\/www.accuratereviews.com\/it\/wp-json\/wp\/v2\/pages\/6761","targetHints":{"allow":["GET"]}}],"collection":[{"href":"https:\/\/www.accuratereviews.com\/it\/wp-json\/wp\/v2\/pages"}],"about":[{"href":"https:\/\/www.accuratereviews.com\/it\/wp-json\/wp\/v2\/types\/page"}],"author":[{"embeddable":true,"href":"https:\/\/www.accuratereviews.com\/it\/wp-json\/wp\/v2\/users\/16"}],"replies":[{"embeddable":true,"href":"https:\/\/www.accuratereviews.com\/it\/wp-json\/wp\/v2\/comments?post=6761"}],"version-history":[{"count":5,"href":"https:\/\/www.accuratereviews.com\/it\/wp-json\/wp\/v2\/pages\/6761\/revisions"}],"predecessor-version":[{"id":6766,"href":"https:\/\/www.accuratereviews.com\/it\/wp-json\/wp\/v2\/pages\/6761\/revisions\/6766"}],"up":[{"embeddable":true,"href":"https:\/\/www.accuratereviews.com\/it\/wp-json\/wp\/v2\/pages\/6671"}],"wp:attachment":[{"href":"https:\/\/www.accuratereviews.com\/it\/wp-json\/wp\/v2\/media?parent=6761"}],"wp:term":[{"taxonomy":"category","embeddable":true,"href":"https:\/\/www.accuratereviews.com\/it\/wp-json\/wp\/v2\/categories?post=6761"},{"taxonomy":"post_tag","embeddable":true,"href":"https:\/\/www.accuratereviews.com\/it\/wp-json\/wp\/v2\/tags?post=6761"},{"taxonomy":"features","embeddable":true,"href":"https:\/\/www.accuratereviews.com\/it\/wp-json\/wp\/v2\/features?post=6761"}],"curies":[{"name":"wp","href":"https:\/\/api.w.org\/{rel}","templated":true}]}}