{"id":67694,"date":"2023-03-03T16:46:58","date_gmt":"2023-03-03T16:46:58","guid":{"rendered":"https:\/\/www.accuratereviews.com\/?page_id=67694"},"modified":"2023-03-06T08:33:53","modified_gmt":"2023-03-06T08:33:53","slug":"siteimprove-recensione","status":"publish","type":"page","link":"https:\/\/www.accuratereviews.com\/it\/strumenti-seo-lista-software\/siteimprove-recensione\/","title":{"rendered":"Siteimprove"},"content":{"rendered":"<p><strong>Siteimprove<\/strong> \u00e8 una <strong>piattaforma di monitoraggio dei siti web<\/strong> che aiuta le aziende e le organizzazioni pubbliche a gestire la loro crescente<strong> presenza digitale<\/strong>. Le funzionalit\u00e0 di automazione intelligente eseguono la scansione del sito web per rilevare eventuali errori di ortografia, collegamenti interrotti o <strong>errori SEO<\/strong> e di accessibilit\u00e0. Lo strumento di analisi fornisce agli utenti dati su metriche chiave, mappe comportamentali, percorsi degli utenti, feedback e canalizzazioni di conversione dei visitatori.<br \/>\nLe funzionalit\u00e0 di garanzia della qualit\u00e0 aiutano a garantire che il contenuto sia privo di errori e aggiornato, con eventuali problemi evidenziati direttamente sulla pagina e nel codice sorgente. Le organizzazioni possono essere certe che il loro sito aderisce agli standard Web esterni e alle politiche interne, comprese le panoramiche delle prestazioni dei contenuti con report pianificati.\u00a0Altre funzionalit\u00e0 includono il monitoraggio degli eventi e delle campagne, la segmentazione dinamica, l&#8217;analisi retroattiva e altro ancora.<\/p>\n<h2>SITEIMPROVE &#8211; TUTORIAL<\/h2>\n<div id=\"fluid-wrapper-counter-1\" class=\"g1-fluid-wrapper \" style=\"width:686px;\">\n<div style=\"padding-bottom:56.268221574344%;\"><iframe loading=\"lazy\" title=\"Tech platform demo - Siteimprove | Digital Culture Network\" width=\"686\" height=\"386\" src=\"https:\/\/www.youtube.com\/embed\/0oAgHRU5Pwk?feature=oembed&amp;wmode=transparent&amp;autohide=1&amp;autoplay=0&amp;disablekb=0&amp;fs=1&amp;loop=0&amp;enablejsapi=1&amp;rel=0&amp;controls=2&amp;showinfo=0&amp;wmode=transparent&amp;autohide=2&amp;autoplay=0&amp;disablekb=0&amp;fs=1&amp;loop=0&amp;enablejsapi=1&amp;rel=0&amp;controls=2&amp;showinfo=1\" frameborder=\"0\" allow=\"accelerometer; autoplay; clipboard-write; encrypted-media; gyroscope; picture-in-picture; web-share\" allowfullscreen><\/iframe><\/div>\n<\/div>\n<h3>SITEIMPROVE &#8211; CARATTERISTICHE<\/h3>\n<ul>\n<li>Controlli automatizzati dell&#8217;accessibilit\u00e0 in base ai tuoi obiettivi di conformit\u00e0 alle WCAG<\/li>\n<li>Linee guida e consigli pratici su come risolvere i problemi di accessibilit\u00e0<\/li>\n<li>Rapporti sulla pagina, inclusi i problemi evidenziati che esistono su una singola pagina<\/li>\n<li>Con la categorizzazione dei problemi puoi vedere dove si verificano problemi nel contenuto, livello di conformit\u00e0 e difficolt\u00e0 da risolvere<\/li>\n<li>Monitoraggio della conformit\u00e0 e progresso storico<\/li>\n<li>Oltre 70 controlli SEO<\/li>\n<li>Diagnostica on-page, incluso un punteggio SEO, problemi e raccomandazioni prioritarie<\/li>\n<li>Piani di attivit\u00e0 che ti aiutano a dirigere i tuoi sforzi SEO per raggiungere i tuoi obiettivi specifici<\/li>\n<li>Scoperta di parole chiave, suggerimenti e monitoraggio<\/li>\n<li>Ottimizzazione dei contenuti integrata<\/li>\n<li>Ricerca contenuti duplicati<\/li>\n<li>Analisi del profilo di backlink, motori di ricerca e punteggio di qualit\u00e0<\/li>\n<li>Ottimizzazione della pagina di destinazione<\/li>\n<li>Analisi di bilancio<\/li>\n<li>Una panoramica delle modifiche pi\u00f9 incisive o pi\u00f9 facili da implementare<\/li>\n<li>Metriche chiave per il monitoraggio di obiettivi personalizzati e KPI<\/li>\n<li>Funnel personalizzati per il monitoraggio delle conversioni<\/li>\n<li>Mappe comportamentali, inclusi clic, scorrimento e mappe di calore<\/li>\n<li>Monitoraggio della campagna, incluso un generatore di collegamenti UTM, monitoraggio delle prestazioni e completamento degli obiettivi<\/li>\n<li>Sondaggi utenti sulla pagina<\/li>\n<li>Analisi in tempo reale per istantanee dei visitatori in tempo reale<\/li>\n<li>Monitoraggio dei viaggi degli utenti<\/li>\n<li>Profili dei visitatori per misurare le prestazioni della pagina da pi\u00f9 paesi, velocit\u00e0 di rete e dispositivi<\/li>\n<li>Punteggio Google Lighthouse e grafico dei progressi<\/li>\n<li>Esperienza di caricamento dei visitatori e sequenza temporale delle prestazioni<\/li>\n<li>Mappa della posizione delle risorse per vedere su quali server sono archiviate le tue risorse<\/li>\n<li>Video di riproduzione della sessione per la sequenza di caricamento della pagina<\/li>\n<li>Consigli attuabili e condivisibili per un sito pi\u00f9 veloce<\/li>\n<\/ul>\n<h4>LE RECENSIONI DEGLI UTENTI<\/h4>\n<p><strong>Marie &#8220;Nuovo prodotto&#8221;<\/strong><br \/>\n<strong>Commenti<\/strong>: La mia esperienza complessiva \u00e8 molto favorevole. Mi piace quello che sto imparando e quanto sia facile raccogliere informazioni per migliorare il nostro sito web.<br \/>\n<strong>Pro<\/strong>: Uso questo programma da circa 2 mesi, ma finora ne vale decisamente la pena. Solo il monitoraggio degli errori sulle pagine e come potenziare la SEO \u00e8 utile dal punto di vista dei contenuti. Non vedo l&#8217;ora di saperne di pi\u00f9.<br \/>\n<strong>Contro<\/strong>: Dato che sono cos\u00ec nuovo nell&#8217;usarlo, non riesco a pensare a nulla che mi piaccia di meno in questo momento. Tutto ci\u00f2 che pu\u00f2 aiutare a migliorare la nostra presenza sul web \u00e8 una buona cosa!<\/p>\n<p><strong>Sarah &#8220;Consigliato &#8211; ma richiede tempo per imparare&#8221;<\/strong><br \/>\n<strong>Commenti<\/strong>: Lo consiglio vivamente e suggerisco di dedicare del tempo alla visualizzazione dei moduli\/formazione forniti per ottenere il massimo da questo servizio.<br \/>\n<strong>Pro<\/strong>: Il modo in cui \u00e8 impostato il sito web \u00e8 molto intuitivo. \u00c8 suddiviso in sezioni molto facili da trovare e molti dei dati\/strumenti che fornisce sono estremamente utili.<br \/>\n<strong>Contro<\/strong>: Non necessariamente per il software, ma ho sentito che durante il processo di onboarding il servizio clienti non era dei migliori. \u00c8 stato fantastico quando ci stavamo preparando, ma dopo che abbiamo pagato \/ siamo operativi, ci siamo sentiti un po &#8216;trascurati.<\/p>\n<p><strong>Roxanne &#8220;Strumento molto buono e potente&#8221;<\/strong><br \/>\n<strong>Commenti<\/strong>: Abbiamo molti siti web con un&#8217;enorme quantit\u00e0 di pagine e non siamo stati in grado di tenere traccia delle funzionalit\u00e0 su tutti. Quindi abbiamo avuto molti errori che non erano necessari. Siteimprove ci ha aiutato a trovare quegli errori inutili e a migliorare la nostra valutazione. Anche la funzione SEO \u00e8 stata un ottimo componente aggiuntivo in quanto non ci \u00e8 consentito lavorare direttamente con Google.<br \/>\n<strong>Pro<\/strong>: Che \u00e8 facile da usare e puoi sempre vedere i tuoi progressi cosa ti fa sapere se hai lavorato correttamente e se la tua valutazione migliora gi\u00e0. anche la funzione SEO \u00e8 molto buona.<br \/>\n<strong>Contro<\/strong>: Finora le nostre esperienze sono state molto positive. Quindi niente di negativo da menzionare finora.<\/p>\n","protected":false},"excerpt":{"rendered":"<p>Siteimprove \u00e8 una piattaforma di monitoraggio dei siti web che aiuta le aziende e le organizzazioni pubbliche a gestire la loro crescente presenza digitale. Le funzionalit\u00e0 di automazione intelligente eseguono la scansione del sito web per rilevare eventuali errori di ortografia, collegamenti interrotti o errori SEO e di accessibilit\u00e0.<\/p>\n","protected":false},"author":19,"featured_media":67695,"parent":8849,"menu_order":0,"comment_status":"open","ping_status":"closed","template":"g1_template_page_review_new.php","meta":{"_acf_changed":false,"cwp_meta_box_check":"Yes","cwp_rev_product_name":"","cwp_rev_product_image":"","wppr_links":[],"cwp_rev_price":"0.00","wppr_options":[{"name":"Usability","value":"0"},{"name":"Speed","value":"0"},{"name":"Features","value":"0"},{"name":"Support","value":"0"},{"name":"Pricing","value":"0"}],"wppr_pros":["","","","",""],"wppr_cons":["","","","",""],"_monsterinsights_skip_tracking":false,"_monsterinsights_sitenote_active":false,"_monsterinsights_sitenote_note":"","_monsterinsights_sitenote_category":0,"footnotes":""},"categories":[175],"tags":[1483,1421,901,14149,1420,1417,1419],"features":[],"class_list":{"0":"post-67694","1":"page","2":"type-page","3":"status-publish","4":"has-post-thumbnail","6":"category-strumenti-seo-categoria","7":"tag-piattaforma-seo","8":"tag-programma-seo","9":"tag-seo","10":"tag-siteimprove","11":"tag-software-seo","12":"tag-soluzione-seo","13":"tag-strumento-seo"},"wppr_data":{"cwp_meta_box_check":"Yes","_wppr_review_template":"default","cwp_rev_product_image":"","cwp_image_link":"image","wppr_links":[],"cwp_rev_price":"0.00","wppr_pros":["","","","",""],"wppr_cons":["","","","",""],"wppr_rating":"0.00","wppr_options":{"1":{"name":"Usability","value":"0"},"2":{"name":"Speed","value":"0"},"3":{"name":"Features","value":"0"},"4":{"name":"Support","value":"0"},"5":{"name":"Pricing","value":"0"}},"wppr_review_type":"Product","wppr_review_custom_fields":{"additionalProperty":"","additionalType":"","aggregateRating":"","alternateName":"","audience":"","award":"","awards":"","brand":"","color":"","depth":"","description":"","disambiguatingDescription":"","gtin12":"","gtin13":"","gtin14":"","gtin8":"","height":"","identifier":"","image":"","isAccessoryOrSparePartFor":"","isConsumableFor":"","isRelatedTo":"","isSimilarTo":"","itemCondition":"","logo":"","mainEntityOfPage":"","manufacturer":"","material":"","model":"","mpn":"","name":"","offers":"","potentialAction":"","productID":"","productionDate":"","purchaseDate":"","releaseDate":"","review":"","reviews":"","sameAs":"","sku":"","slogan":"","subjectOf":"","url":"","weight":"","width":""}},"acf":[],"yoast_head":"<!-- This site is optimized with the Yoast SEO plugin v27.4 - https:\/\/yoast.com\/product\/yoast-seo-wordpress\/ -->\n<title>Siteimprove: recensione software SEO - Accurate Reviews<\/title>\n<meta name=\"description\" content=\"Siteimprove: recensione piattaforma di monitoraggio dei siti web che aiuta le aziende a gestire la crescente presenza digitale.\" \/>\n<meta name=\"robots\" content=\"index, follow, max-snippet:-1, max-image-preview:large, max-video-preview:-1\" \/>\n<link rel=\"canonical\" href=\"https:\/\/www.accuratereviews.com\/it\/strumenti-seo-lista-software\/siteimprove-recensione\/\" \/>\n<meta property=\"og:locale\" content=\"it_IT\" \/>\n<meta property=\"og:type\" content=\"article\" \/>\n<meta property=\"og:title\" content=\"Siteimprove: recensione software SEO - Accurate Reviews\" \/>\n<meta property=\"og:description\" content=\"Siteimprove: recensione piattaforma di monitoraggio dei siti web che aiuta le aziende a gestire la crescente presenza digitale.\" \/>\n<meta property=\"og:url\" content=\"https:\/\/www.accuratereviews.com\/it\/strumenti-seo-lista-software\/siteimprove-recensione\/\" \/>\n<meta property=\"og:site_name\" content=\"Accurate Reviews\" \/>\n<meta property=\"article:modified_time\" content=\"2023-03-06T08:33:53+00:00\" \/>\n<meta property=\"og:image\" content=\"https:\/\/www.accuratereviews.com\/wp-content\/uploads\/2023\/03\/Siteimprove.jpeg\" \/>\n\t<meta property=\"og:image:width\" content=\"630\" \/>\n\t<meta property=\"og:image:height\" content=\"375\" \/>\n\t<meta property=\"og:image:type\" content=\"image\/jpeg\" \/>\n<meta name=\"twitter:card\" content=\"summary_large_image\" \/>\n<meta name=\"twitter:label1\" content=\"Tempo di lettura stimato\" \/>\n\t<meta name=\"twitter:data1\" content=\"5 minuti\" \/>\n<script type=\"application\/ld+json\" class=\"yoast-schema-graph\">{\"@context\":\"https:\\\/\\\/schema.org\",\"@graph\":[{\"@type\":\"WebPage\",\"@id\":\"https:\\\/\\\/www.accuratereviews.com\\\/it\\\/strumenti-seo-lista-software\\\/siteimprove-recensione\\\/\",\"url\":\"https:\\\/\\\/www.accuratereviews.com\\\/it\\\/strumenti-seo-lista-software\\\/siteimprove-recensione\\\/\",\"name\":\"Siteimprove: recensione software SEO - Accurate Reviews\",\"isPartOf\":{\"@id\":\"https:\\\/\\\/www.accuratereviews.com\\\/it\\\/#website\"},\"primaryImageOfPage\":{\"@id\":\"https:\\\/\\\/www.accuratereviews.com\\\/it\\\/strumenti-seo-lista-software\\\/siteimprove-recensione\\\/#primaryimage\"},\"image\":{\"@id\":\"https:\\\/\\\/www.accuratereviews.com\\\/it\\\/strumenti-seo-lista-software\\\/siteimprove-recensione\\\/#primaryimage\"},\"thumbnailUrl\":\"https:\\\/\\\/www.accuratereviews.com\\\/wp-content\\\/uploads\\\/2023\\\/03\\\/Siteimprove.jpeg\",\"datePublished\":\"2023-03-03T16:46:58+00:00\",\"dateModified\":\"2023-03-06T08:33:53+00:00\",\"description\":\"Siteimprove: recensione piattaforma di monitoraggio dei siti web che aiuta le aziende a gestire la crescente presenza digitale.\",\"breadcrumb\":{\"@id\":\"https:\\\/\\\/www.accuratereviews.com\\\/it\\\/strumenti-seo-lista-software\\\/siteimprove-recensione\\\/#breadcrumb\"},\"inLanguage\":\"it-IT\",\"potentialAction\":[{\"@type\":\"ReadAction\",\"target\":[\"https:\\\/\\\/www.accuratereviews.com\\\/it\\\/strumenti-seo-lista-software\\\/siteimprove-recensione\\\/\"]}]},{\"@type\":\"ImageObject\",\"inLanguage\":\"it-IT\",\"@id\":\"https:\\\/\\\/www.accuratereviews.com\\\/it\\\/strumenti-seo-lista-software\\\/siteimprove-recensione\\\/#primaryimage\",\"url\":\"https:\\\/\\\/www.accuratereviews.com\\\/wp-content\\\/uploads\\\/2023\\\/03\\\/Siteimprove.jpeg\",\"contentUrl\":\"https:\\\/\\\/www.accuratereviews.com\\\/wp-content\\\/uploads\\\/2023\\\/03\\\/Siteimprove.jpeg\",\"width\":630,\"height\":375},{\"@type\":\"BreadcrumbList\",\"@id\":\"https:\\\/\\\/www.accuratereviews.com\\\/it\\\/strumenti-seo-lista-software\\\/siteimprove-recensione\\\/#breadcrumb\",\"itemListElement\":[{\"@type\":\"ListItem\",\"position\":1,\"name\":\"Home\",\"item\":\"https:\\\/\\\/www.accuratereviews.com\\\/it\\\/\"},{\"@type\":\"ListItem\",\"position\":2,\"name\":\"Strumenti SEO\",\"item\":\"https:\\\/\\\/www.accuratereviews.com\\\/it\\\/strumenti-seo-lista-software\\\/\"},{\"@type\":\"ListItem\",\"position\":3,\"name\":\"Siteimprove\"}]},{\"@type\":\"WebSite\",\"@id\":\"https:\\\/\\\/www.accuratereviews.com\\\/it\\\/#website\",\"url\":\"https:\\\/\\\/www.accuratereviews.com\\\/it\\\/\",\"name\":\"Accurate Reviews\",\"description\":\"\",\"potentialAction\":[{\"@type\":\"SearchAction\",\"target\":{\"@type\":\"EntryPoint\",\"urlTemplate\":\"https:\\\/\\\/www.accuratereviews.com\\\/it\\\/?s={search_term_string}\"},\"query-input\":{\"@type\":\"PropertyValueSpecification\",\"valueRequired\":true,\"valueName\":\"search_term_string\"}}],\"inLanguage\":\"it-IT\"}]}<\/script>\n<!-- \/ Yoast SEO plugin. -->","yoast_head_json":{"title":"Siteimprove: recensione software SEO - Accurate Reviews","description":"Siteimprove: recensione piattaforma di monitoraggio dei siti web che aiuta le aziende a gestire la crescente presenza digitale.","robots":{"index":"index","follow":"follow","max-snippet":"max-snippet:-1","max-image-preview":"max-image-preview:large","max-video-preview":"max-video-preview:-1"},"canonical":"https:\/\/www.accuratereviews.com\/it\/strumenti-seo-lista-software\/siteimprove-recensione\/","og_locale":"it_IT","og_type":"article","og_title":"Siteimprove: recensione software SEO - Accurate Reviews","og_description":"Siteimprove: recensione piattaforma di monitoraggio dei siti web che aiuta le aziende a gestire la crescente presenza digitale.","og_url":"https:\/\/www.accuratereviews.com\/it\/strumenti-seo-lista-software\/siteimprove-recensione\/","og_site_name":"Accurate Reviews","article_modified_time":"2023-03-06T08:33:53+00:00","og_image":[{"width":630,"height":375,"url":"https:\/\/www.accuratereviews.com\/wp-content\/uploads\/2023\/03\/Siteimprove.jpeg","type":"image\/jpeg"}],"twitter_card":"summary_large_image","twitter_misc":{"Tempo di lettura stimato":"5 minuti"},"schema":{"@context":"https:\/\/schema.org","@graph":[{"@type":"WebPage","@id":"https:\/\/www.accuratereviews.com\/it\/strumenti-seo-lista-software\/siteimprove-recensione\/","url":"https:\/\/www.accuratereviews.com\/it\/strumenti-seo-lista-software\/siteimprove-recensione\/","name":"Siteimprove: recensione software SEO - Accurate Reviews","isPartOf":{"@id":"https:\/\/www.accuratereviews.com\/it\/#website"},"primaryImageOfPage":{"@id":"https:\/\/www.accuratereviews.com\/it\/strumenti-seo-lista-software\/siteimprove-recensione\/#primaryimage"},"image":{"@id":"https:\/\/www.accuratereviews.com\/it\/strumenti-seo-lista-software\/siteimprove-recensione\/#primaryimage"},"thumbnailUrl":"https:\/\/www.accuratereviews.com\/wp-content\/uploads\/2023\/03\/Siteimprove.jpeg","datePublished":"2023-03-03T16:46:58+00:00","dateModified":"2023-03-06T08:33:53+00:00","description":"Siteimprove: recensione piattaforma di monitoraggio dei siti web che aiuta le aziende a gestire la crescente presenza digitale.","breadcrumb":{"@id":"https:\/\/www.accuratereviews.com\/it\/strumenti-seo-lista-software\/siteimprove-recensione\/#breadcrumb"},"inLanguage":"it-IT","potentialAction":[{"@type":"ReadAction","target":["https:\/\/www.accuratereviews.com\/it\/strumenti-seo-lista-software\/siteimprove-recensione\/"]}]},{"@type":"ImageObject","inLanguage":"it-IT","@id":"https:\/\/www.accuratereviews.com\/it\/strumenti-seo-lista-software\/siteimprove-recensione\/#primaryimage","url":"https:\/\/www.accuratereviews.com\/wp-content\/uploads\/2023\/03\/Siteimprove.jpeg","contentUrl":"https:\/\/www.accuratereviews.com\/wp-content\/uploads\/2023\/03\/Siteimprove.jpeg","width":630,"height":375},{"@type":"BreadcrumbList","@id":"https:\/\/www.accuratereviews.com\/it\/strumenti-seo-lista-software\/siteimprove-recensione\/#breadcrumb","itemListElement":[{"@type":"ListItem","position":1,"name":"Home","item":"https:\/\/www.accuratereviews.com\/it\/"},{"@type":"ListItem","position":2,"name":"Strumenti SEO","item":"https:\/\/www.accuratereviews.com\/it\/strumenti-seo-lista-software\/"},{"@type":"ListItem","position":3,"name":"Siteimprove"}]},{"@type":"WebSite","@id":"https:\/\/www.accuratereviews.com\/it\/#website","url":"https:\/\/www.accuratereviews.com\/it\/","name":"Accurate Reviews","description":"","potentialAction":[{"@type":"SearchAction","target":{"@type":"EntryPoint","urlTemplate":"https:\/\/www.accuratereviews.com\/it\/?s={search_term_string}"},"query-input":{"@type":"PropertyValueSpecification","valueRequired":true,"valueName":"search_term_string"}}],"inLanguage":"it-IT"}]}},"_links":{"self":[{"href":"https:\/\/www.accuratereviews.com\/it\/wp-json\/wp\/v2\/pages\/67694","targetHints":{"allow":["GET"]}}],"collection":[{"href":"https:\/\/www.accuratereviews.com\/it\/wp-json\/wp\/v2\/pages"}],"about":[{"href":"https:\/\/www.accuratereviews.com\/it\/wp-json\/wp\/v2\/types\/page"}],"author":[{"embeddable":true,"href":"https:\/\/www.accuratereviews.com\/it\/wp-json\/wp\/v2\/users\/19"}],"replies":[{"embeddable":true,"href":"https:\/\/www.accuratereviews.com\/it\/wp-json\/wp\/v2\/comments?post=67694"}],"version-history":[{"count":8,"href":"https:\/\/www.accuratereviews.com\/it\/wp-json\/wp\/v2\/pages\/67694\/revisions"}],"predecessor-version":[{"id":67718,"href":"https:\/\/www.accuratereviews.com\/it\/wp-json\/wp\/v2\/pages\/67694\/revisions\/67718"}],"up":[{"embeddable":true,"href":"https:\/\/www.accuratereviews.com\/it\/wp-json\/wp\/v2\/pages\/8849"}],"wp:featuredmedia":[{"embeddable":true,"href":"https:\/\/www.accuratereviews.com\/it\/wp-json\/wp\/v2\/media\/67695"}],"wp:attachment":[{"href":"https:\/\/www.accuratereviews.com\/it\/wp-json\/wp\/v2\/media?parent=67694"}],"wp:term":[{"taxonomy":"category","embeddable":true,"href":"https:\/\/www.accuratereviews.com\/it\/wp-json\/wp\/v2\/categories?post=67694"},{"taxonomy":"post_tag","embeddable":true,"href":"https:\/\/www.accuratereviews.com\/it\/wp-json\/wp\/v2\/tags?post=67694"},{"taxonomy":"features","embeddable":true,"href":"https:\/\/www.accuratereviews.com\/it\/wp-json\/wp\/v2\/features?post=67694"}],"curies":[{"name":"wp","href":"https:\/\/api.w.org\/{rel}","templated":true}]}}