{"id":67710,"date":"2023-03-06T15:23:41","date_gmt":"2023-03-06T15:23:41","guid":{"rendered":"https:\/\/www.accuratereviews.com\/?page_id=67710"},"modified":"2023-03-06T15:23:41","modified_gmt":"2023-03-06T15:23:41","slug":"seoclarity-recensione","status":"publish","type":"page","link":"https:\/\/www.accuratereviews.com\/it\/strumenti-seo-lista-software\/seoclarity-recensione\/","title":{"rendered":"seoClarity"},"content":{"rendered":"<p><strong>seoClarity<\/strong> \u00e8 una<strong> piattaforma SEO<\/strong> abilitata per l&#8217;intelligenza artificiale (AI), progettata per aiutare le organizzazioni a ottenere informazioni dettagliate su varie metriche di ottimizzazione dei motori di ricerca per migliorare la presenza online e interagire con il pubblico di destinazione.<br \/>\nL&#8217;applicazione consente agli esperti di marketing di gestire il download e l&#8217;estrazione dei dati, confrontare i concorrenti, visualizzare i dati di classificazione e altro ancora. Offre assistenza clienti dedicata e servizi professionali SEO, inclusi audit tecnici e di contenuto, servizi di scrittura di contenuti e altro ancora.<\/p>\n<h2>SEOCLARITY &#8211; TUTORIAL<\/h2>\n<div id=\"fluid-wrapper-counter-1\" class=\"g1-fluid-wrapper \" style=\"width:686px;\">\n<div style=\"padding-bottom:56.268221574344%;\"><iframe loading=\"lazy\" title=\"seoClarity Google Data Studio Connector\" width=\"686\" height=\"386\" src=\"https:\/\/www.youtube.com\/embed\/lS389miWZzA?feature=oembed&amp;wmode=transparent&amp;autohide=1&amp;autoplay=0&amp;disablekb=0&amp;fs=1&amp;loop=0&amp;enablejsapi=1&amp;rel=0&amp;controls=2&amp;showinfo=0&amp;wmode=transparent&amp;autohide=2&amp;autoplay=0&amp;disablekb=0&amp;fs=1&amp;loop=0&amp;enablejsapi=1&amp;rel=0&amp;controls=2&amp;showinfo=1\" frameborder=\"0\" allow=\"accelerometer; autoplay; clipboard-write; encrypted-media; gyroscope; picture-in-picture; web-share\" allowfullscreen><\/iframe><\/div>\n<\/div>\n<h3>SEOCLARITY &#8211; CARATTERISTICHE<\/h3>\n<ul>\n<li><strong>Monitoraggio giornaliero della classifica<\/strong>: classifica del monitoraggio giornaliero, locale, mobile e globale: tutti i paesi, tutti i motori di ricerca per i primi 100 risultati senza costi aggiuntivi per il monitoraggio della concorrenza. Include l&#8217;integrazione delle funzionalit\u00e0 SERP, l&#8217;esportazione dei dati e i primi 100 risultati.<\/li>\n<li><strong>Ricerca per parole chiave<\/strong>: sfrutta il set di dati pi\u00f9 competitivo al mondo con un numero di dati di ranking mobile fino a 10 volte superiore rispetto ad altri strumenti di ricerca con oltre 300 milioni di parole chiave che coprono oltre 3 anni di dati storici in pi\u00f9 di 90 paesi. Include argomenti, ricerca semanticamente correlata e analisi dei gap di contenuto.<\/li>\n<li><strong>Ottimizzazione dei contenuti AI<\/strong>: crea contenuti autorevoli velocemente con approfondimenti sui contenuti basati sull&#8217;intelligenza artificiale. \u00c8 come avere la propria elaborazione del linguaggio naturale per il proprio settore. Analizza i migliori risultati rispetto ai tuoi contenuti per fornire argomenti che devono utilizzare per trasformare e creare contenuti che si esibiscono nella SERP.<\/li>\n<li><strong>Adattati al rapido cambiamento di ritmo nel marketing digitale<\/strong>: resta al passo con gli interessi dei clienti, le tendenze e i cambiamenti degli algoritmi dei motori di ricerca che si evolvono rapidamente.<\/li>\n<li><strong>Immergiti nei dati di classifica pi\u00f9 aggiornati e affidabili:<\/strong> accedi a dati di classificazione affidabili e di qualit\u00e0 forniti quotidianamente su tutta la piattaforma.<\/li>\n<li><strong>Agisci sui tuoi risultati non appena si verificano<\/strong>: reagisci e definisci strategie con metriche accurate sulle prestazioni della visibilit\u00e0 della tua ricerca.<\/li>\n<li><strong>Esegui i test A\/B con sicurezza<\/strong>: con dati settimanali o mensili, ci vuole troppo tempo per reagire e comprendere i test della pagina di destinazione e le ottimizzazioni effettuate. Scopri rapidamente cosa \u00e8 stato implementato e cosa ha funzionato.<\/li>\n<li><strong>Tieni traccia delle classifiche locali in qualsiasi parte del mondo<\/strong>: concentrati su prestazioni di classifica precise e dettagliate in qualsiasi localit\u00e0 in tutto il mondo. I dati di classificazione sono disponibili a livello di stato, citt\u00e0, codice postale con raggio e coordinate GPS.<\/li>\n<li><strong>Analizza l&#8217;intera SERP<\/strong>: ottieni la massima trasparenza su tutte le funzionalit\u00e0 di ricerca di Google per sapere quale tipo di contenuto funziona per ogni intento di parola chiave in base alle funzionalit\u00e0 di ricerca che appaiono all&#8217;interno della SERP.<\/li>\n<li><strong>Costruisci il tuo rapporto perfetto<\/strong>: trascina e rilascia grafici e tabelle in una dashboard SEO perfetta.<\/li>\n<li><strong>Personalizza i dashboard per massimizzare l&#8217;efficienza<\/strong>: semplifica la comunicazione con il tuo team e i dirigenti personalizzando il report per ogni team o tipo di lavoro.<\/li>\n<li><strong>Widget illimitati<\/strong>: tieni traccia dei KPI per monitorare le attivit\u00e0 e il completamento degli obiettivi. Ottieni tutti i dati SEO di cui hai bisogno in un&#8217;unica, splendida vista, sia che tu voglia una prospettiva di 10.000 piedi o un&#8217;istantanea pi\u00f9 granulare delle prestazioni.<\/li>\n<li><strong>Reportistica automatizzata e pianificata<\/strong>: massimizza il tuo tempo e la tua efficienza con un report e pianifica gli aggiornamenti giornalieri, settimanali o mensili.<\/li>\n<\/ul>\n<h4>LE RECENSIONI DEGLI UTENTI<\/h4>\n<p><strong>Scott &#8220;Funziona come funziona un SEO&#8221;<\/strong><br \/>\n<strong>Commenti<\/strong>: Ho selezionato seoClarity come strumento SEO preferito dalle mie ultime tre aziende. La prima volta, diversi membri dello staff lo hanno confrontato in modo indipendente con altri tre strumenti di prim&#8217;ordine e ciascuno di essi ha determinato separatamente che seoClarity funzionava pi\u00f9 come fa un SEO nella sua quotidianit\u00e0. Sono stati anche molto reattivi alle nostre richieste di funzionalit\u00e0.<br \/>\n<strong>Pro<\/strong>: Adoro la nuova corrispondenza intelligente nelle parole chiave di Esplora argomenti. Produce grandi idee che non ho visto in altri strumenti. Ho anche sempre amato lo strumento Bot Clarity. Fornisce ottime informazioni sui robot che visitano il sito. Ci sono pi\u00f9 bot contraffatti di quanto pensassi in precedenza e posso fare chiarezza sul crawl budget di GoogleBot.<br \/>\n<strong>Contro<\/strong>: Vorrei ottenere rapporti di scansione per avere maggiori informazioni. Attualmente fornisce pi\u00f9 di diversi strumenti, ma i rapporti potrebbero essere un po&#8217; pi\u00f9 ricchi. Fortunatamente hanno aggiunto la segnalazione della pagina principale per aiutare a rintracciare le pagine con collegamenti errati e altri problemi che altrimenti sarebbero difficili da trovare.<\/p>\n<p><strong>Oz &#8220;ottimo prodotto e supporto meraviglioso&#8221;<\/strong><br \/>\n<strong>Commenti<\/strong>: Un&#8217;azienda eccellente con un team cortese e professionale sempre pronto ad aiutare a sviluppare e implementare il feedback.<br \/>\n<strong>Pro<\/strong>: Cos\u00ec tante opzioni per misurare e migliorare la salute del sito web e la SEO, Le opzioni sono infinite e l&#8217;interfaccia \u00e8 incredibilmente conveniente<br \/>\n<strong>Contro<\/strong>: Non lo so, ogni problema che abbiamo avuto \u00e8 stato risolto quindi non ho opinioni negative sul prodotto o sull&#8217;azienda.<\/p>\n<p><strong>Meredith &#8220;Eccellente monitoraggio delle prestazioni e dati di ricerca&#8221;<\/strong><br \/>\n<strong>Commenti<\/strong>: La conoscenza e la facilit\u00e0 di comunicazione con il mio gestore del successo dei clienti \u00e8 eccezionale. Mancano cos\u00ec tanti strumenti nel dipartimento delle relazioni con i clienti, ma seoClarity \u00e8 sempre stata una spanna al di sopra.<br \/>\n<strong>Pro<\/strong>: seoClarity fornisce dati completi e approfondimenti di ricerca con interfacce user-friendly. La piattaforma \u00e8 molto personalizzabile per obiettivi e strategie aziendali e le funzionalit\u00e0 del dashboard semplificano la condivisione di report con le parti interessate.<br \/>\n<strong>Contro<\/strong>: Il software potrebbe intimidire gli utenti che non sono abituati a dati cos\u00ec dettagliati e l&#8217;interfaccia utente non \u00e8 &#8220;appariscente&#8221; come altri strumenti. Non necessariamente una truffa per il mio uso, ma potrebbe essere importante per alcuni utenti.<\/p>\n","protected":false},"excerpt":{"rendered":"<p>seoClarity \u00e8 una piattaforma SEO abilitata per l&#8217;intelligenza artificiale (AI) progettata per aiutare le organizzazioni a ottenere informazioni dettagliate su varie metriche di ottimizzazione dei motori di ricerca per migliorare la presenza online e interagire con il pubblico di destinazione.<\/p>\n","protected":false},"author":19,"featured_media":67711,"parent":8849,"menu_order":0,"comment_status":"open","ping_status":"closed","template":"g1_template_page_review_new.php","meta":{"_acf_changed":false,"cwp_meta_box_check":"Yes","cwp_rev_product_name":"","cwp_rev_product_image":"","wppr_links":[],"cwp_rev_price":"0.00","wppr_options":[{"name":"Usability","value":"0"},{"name":"Speed","value":"0"},{"name":"Features","value":"0"},{"name":"Support","value":"0"},{"name":"Pricing","value":"0"}],"wppr_pros":["","","","",""],"wppr_cons":["","","","",""],"_monsterinsights_skip_tracking":false,"_monsterinsights_sitenote_active":false,"_monsterinsights_sitenote_note":"","_monsterinsights_sitenote_category":0,"footnotes":""},"categories":[175],"tags":[1483,1421,901,14150,1420,1417,885],"features":[],"class_list":{"0":"post-67710","1":"page","2":"type-page","3":"status-publish","4":"has-post-thumbnail","6":"category-strumenti-seo-categoria","7":"tag-piattaforma-seo","8":"tag-programma-seo","9":"tag-seo","10":"tag-seoclarity","11":"tag-software-seo","12":"tag-soluzione-seo","13":"tag-strumenti-seo"},"wppr_data":{"cwp_meta_box_check":"Yes","_wppr_review_template":"default","cwp_rev_product_image":"","cwp_image_link":"image","wppr_links":[],"cwp_rev_price":"0.00","wppr_pros":["","","","",""],"wppr_cons":["","","","",""],"wppr_rating":"0.00","wppr_options":{"1":{"name":"Usability","value":"0"},"2":{"name":"Speed","value":"0"},"3":{"name":"Features","value":"0"},"4":{"name":"Support","value":"0"},"5":{"name":"Pricing","value":"0"}},"wppr_review_type":"Product","wppr_review_custom_fields":{"additionalProperty":"","additionalType":"","aggregateRating":"","alternateName":"","audience":"","award":"","awards":"","brand":"","color":"","depth":"","description":"","disambiguatingDescription":"","gtin12":"","gtin13":"","gtin14":"","gtin8":"","height":"","identifier":"","image":"","isAccessoryOrSparePartFor":"","isConsumableFor":"","isRelatedTo":"","isSimilarTo":"","itemCondition":"","logo":"","mainEntityOfPage":"","manufacturer":"","material":"","model":"","mpn":"","name":"","offers":"","potentialAction":"","productID":"","productionDate":"","purchaseDate":"","releaseDate":"","review":"","reviews":"","sameAs":"","sku":"","slogan":"","subjectOf":"","url":"","weight":"","width":""}},"acf":[],"yoast_head":"<!-- This site is optimized with the Yoast SEO plugin v27.4 - https:\/\/yoast.com\/product\/yoast-seo-wordpress\/ -->\n<title>seoClarity: recensione strumenti SEO- Accurate Reviews<\/title>\n<meta name=\"description\" content=\"seoClarity: recensione piattaforma SEO abilitata con intelligenza artificiale progettata per aiutare a ottenere informazioni dettagliate su varie metriche\" \/>\n<meta name=\"robots\" content=\"index, follow, max-snippet:-1, max-image-preview:large, max-video-preview:-1\" \/>\n<link rel=\"canonical\" href=\"https:\/\/www.accuratereviews.com\/it\/strumenti-seo-lista-software\/seoclarity-recensione\/\" \/>\n<meta property=\"og:locale\" content=\"it_IT\" \/>\n<meta property=\"og:type\" content=\"article\" \/>\n<meta property=\"og:title\" content=\"seoClarity: recensione strumenti SEO- Accurate Reviews\" \/>\n<meta property=\"og:description\" content=\"seoClarity: recensione piattaforma SEO abilitata con intelligenza artificiale progettata per aiutare a ottenere informazioni dettagliate su varie metriche\" \/>\n<meta property=\"og:url\" content=\"https:\/\/www.accuratereviews.com\/it\/strumenti-seo-lista-software\/seoclarity-recensione\/\" \/>\n<meta property=\"og:site_name\" content=\"Accurate Reviews\" \/>\n<meta property=\"og:image\" content=\"https:\/\/www.accuratereviews.com\/wp-content\/uploads\/2023\/03\/seoClarity-logo.jpeg\" \/>\n\t<meta property=\"og:image:width\" content=\"359\" \/>\n\t<meta property=\"og:image:height\" content=\"359\" \/>\n\t<meta property=\"og:image:type\" content=\"image\/jpeg\" \/>\n<meta name=\"twitter:card\" content=\"summary_large_image\" \/>\n<meta name=\"twitter:label1\" content=\"Tempo di lettura stimato\" \/>\n\t<meta name=\"twitter:data1\" content=\"5 minuti\" \/>\n<script type=\"application\/ld+json\" class=\"yoast-schema-graph\">{\"@context\":\"https:\\\/\\\/schema.org\",\"@graph\":[{\"@type\":\"WebPage\",\"@id\":\"https:\\\/\\\/www.accuratereviews.com\\\/it\\\/strumenti-seo-lista-software\\\/seoclarity-recensione\\\/\",\"url\":\"https:\\\/\\\/www.accuratereviews.com\\\/it\\\/strumenti-seo-lista-software\\\/seoclarity-recensione\\\/\",\"name\":\"seoClarity: recensione strumenti SEO- Accurate Reviews\",\"isPartOf\":{\"@id\":\"https:\\\/\\\/www.accuratereviews.com\\\/it\\\/#website\"},\"primaryImageOfPage\":{\"@id\":\"https:\\\/\\\/www.accuratereviews.com\\\/it\\\/strumenti-seo-lista-software\\\/seoclarity-recensione\\\/#primaryimage\"},\"image\":{\"@id\":\"https:\\\/\\\/www.accuratereviews.com\\\/it\\\/strumenti-seo-lista-software\\\/seoclarity-recensione\\\/#primaryimage\"},\"thumbnailUrl\":\"https:\\\/\\\/www.accuratereviews.com\\\/wp-content\\\/uploads\\\/2023\\\/03\\\/seoClarity-logo.jpeg\",\"datePublished\":\"2023-03-06T15:23:41+00:00\",\"description\":\"seoClarity: recensione piattaforma SEO abilitata con intelligenza artificiale progettata per aiutare a ottenere informazioni dettagliate su varie metriche\",\"breadcrumb\":{\"@id\":\"https:\\\/\\\/www.accuratereviews.com\\\/it\\\/strumenti-seo-lista-software\\\/seoclarity-recensione\\\/#breadcrumb\"},\"inLanguage\":\"it-IT\",\"potentialAction\":[{\"@type\":\"ReadAction\",\"target\":[\"https:\\\/\\\/www.accuratereviews.com\\\/it\\\/strumenti-seo-lista-software\\\/seoclarity-recensione\\\/\"]}]},{\"@type\":\"ImageObject\",\"inLanguage\":\"it-IT\",\"@id\":\"https:\\\/\\\/www.accuratereviews.com\\\/it\\\/strumenti-seo-lista-software\\\/seoclarity-recensione\\\/#primaryimage\",\"url\":\"https:\\\/\\\/www.accuratereviews.com\\\/wp-content\\\/uploads\\\/2023\\\/03\\\/seoClarity-logo.jpeg\",\"contentUrl\":\"https:\\\/\\\/www.accuratereviews.com\\\/wp-content\\\/uploads\\\/2023\\\/03\\\/seoClarity-logo.jpeg\",\"width\":359,\"height\":359},{\"@type\":\"BreadcrumbList\",\"@id\":\"https:\\\/\\\/www.accuratereviews.com\\\/it\\\/strumenti-seo-lista-software\\\/seoclarity-recensione\\\/#breadcrumb\",\"itemListElement\":[{\"@type\":\"ListItem\",\"position\":1,\"name\":\"Home\",\"item\":\"https:\\\/\\\/www.accuratereviews.com\\\/it\\\/\"},{\"@type\":\"ListItem\",\"position\":2,\"name\":\"Strumenti SEO\",\"item\":\"https:\\\/\\\/www.accuratereviews.com\\\/it\\\/strumenti-seo-lista-software\\\/\"},{\"@type\":\"ListItem\",\"position\":3,\"name\":\"seoClarity\"}]},{\"@type\":\"WebSite\",\"@id\":\"https:\\\/\\\/www.accuratereviews.com\\\/it\\\/#website\",\"url\":\"https:\\\/\\\/www.accuratereviews.com\\\/it\\\/\",\"name\":\"Accurate Reviews\",\"description\":\"\",\"potentialAction\":[{\"@type\":\"SearchAction\",\"target\":{\"@type\":\"EntryPoint\",\"urlTemplate\":\"https:\\\/\\\/www.accuratereviews.com\\\/it\\\/?s={search_term_string}\"},\"query-input\":{\"@type\":\"PropertyValueSpecification\",\"valueRequired\":true,\"valueName\":\"search_term_string\"}}],\"inLanguage\":\"it-IT\"}]}<\/script>\n<!-- \/ Yoast SEO plugin. -->","yoast_head_json":{"title":"seoClarity: recensione strumenti SEO- Accurate Reviews","description":"seoClarity: recensione piattaforma SEO abilitata con intelligenza artificiale progettata per aiutare a ottenere informazioni dettagliate su varie metriche","robots":{"index":"index","follow":"follow","max-snippet":"max-snippet:-1","max-image-preview":"max-image-preview:large","max-video-preview":"max-video-preview:-1"},"canonical":"https:\/\/www.accuratereviews.com\/it\/strumenti-seo-lista-software\/seoclarity-recensione\/","og_locale":"it_IT","og_type":"article","og_title":"seoClarity: recensione strumenti SEO- Accurate Reviews","og_description":"seoClarity: recensione piattaforma SEO abilitata con intelligenza artificiale progettata per aiutare a ottenere informazioni dettagliate su varie metriche","og_url":"https:\/\/www.accuratereviews.com\/it\/strumenti-seo-lista-software\/seoclarity-recensione\/","og_site_name":"Accurate Reviews","og_image":[{"width":359,"height":359,"url":"https:\/\/www.accuratereviews.com\/wp-content\/uploads\/2023\/03\/seoClarity-logo.jpeg","type":"image\/jpeg"}],"twitter_card":"summary_large_image","twitter_misc":{"Tempo di lettura stimato":"5 minuti"},"schema":{"@context":"https:\/\/schema.org","@graph":[{"@type":"WebPage","@id":"https:\/\/www.accuratereviews.com\/it\/strumenti-seo-lista-software\/seoclarity-recensione\/","url":"https:\/\/www.accuratereviews.com\/it\/strumenti-seo-lista-software\/seoclarity-recensione\/","name":"seoClarity: recensione strumenti SEO- Accurate Reviews","isPartOf":{"@id":"https:\/\/www.accuratereviews.com\/it\/#website"},"primaryImageOfPage":{"@id":"https:\/\/www.accuratereviews.com\/it\/strumenti-seo-lista-software\/seoclarity-recensione\/#primaryimage"},"image":{"@id":"https:\/\/www.accuratereviews.com\/it\/strumenti-seo-lista-software\/seoclarity-recensione\/#primaryimage"},"thumbnailUrl":"https:\/\/www.accuratereviews.com\/wp-content\/uploads\/2023\/03\/seoClarity-logo.jpeg","datePublished":"2023-03-06T15:23:41+00:00","description":"seoClarity: recensione piattaforma SEO abilitata con intelligenza artificiale progettata per aiutare a ottenere informazioni dettagliate su varie metriche","breadcrumb":{"@id":"https:\/\/www.accuratereviews.com\/it\/strumenti-seo-lista-software\/seoclarity-recensione\/#breadcrumb"},"inLanguage":"it-IT","potentialAction":[{"@type":"ReadAction","target":["https:\/\/www.accuratereviews.com\/it\/strumenti-seo-lista-software\/seoclarity-recensione\/"]}]},{"@type":"ImageObject","inLanguage":"it-IT","@id":"https:\/\/www.accuratereviews.com\/it\/strumenti-seo-lista-software\/seoclarity-recensione\/#primaryimage","url":"https:\/\/www.accuratereviews.com\/wp-content\/uploads\/2023\/03\/seoClarity-logo.jpeg","contentUrl":"https:\/\/www.accuratereviews.com\/wp-content\/uploads\/2023\/03\/seoClarity-logo.jpeg","width":359,"height":359},{"@type":"BreadcrumbList","@id":"https:\/\/www.accuratereviews.com\/it\/strumenti-seo-lista-software\/seoclarity-recensione\/#breadcrumb","itemListElement":[{"@type":"ListItem","position":1,"name":"Home","item":"https:\/\/www.accuratereviews.com\/it\/"},{"@type":"ListItem","position":2,"name":"Strumenti SEO","item":"https:\/\/www.accuratereviews.com\/it\/strumenti-seo-lista-software\/"},{"@type":"ListItem","position":3,"name":"seoClarity"}]},{"@type":"WebSite","@id":"https:\/\/www.accuratereviews.com\/it\/#website","url":"https:\/\/www.accuratereviews.com\/it\/","name":"Accurate Reviews","description":"","potentialAction":[{"@type":"SearchAction","target":{"@type":"EntryPoint","urlTemplate":"https:\/\/www.accuratereviews.com\/it\/?s={search_term_string}"},"query-input":{"@type":"PropertyValueSpecification","valueRequired":true,"valueName":"search_term_string"}}],"inLanguage":"it-IT"}]}},"_links":{"self":[{"href":"https:\/\/www.accuratereviews.com\/it\/wp-json\/wp\/v2\/pages\/67710","targetHints":{"allow":["GET"]}}],"collection":[{"href":"https:\/\/www.accuratereviews.com\/it\/wp-json\/wp\/v2\/pages"}],"about":[{"href":"https:\/\/www.accuratereviews.com\/it\/wp-json\/wp\/v2\/types\/page"}],"author":[{"embeddable":true,"href":"https:\/\/www.accuratereviews.com\/it\/wp-json\/wp\/v2\/users\/19"}],"replies":[{"embeddable":true,"href":"https:\/\/www.accuratereviews.com\/it\/wp-json\/wp\/v2\/comments?post=67710"}],"version-history":[{"count":10,"href":"https:\/\/www.accuratereviews.com\/it\/wp-json\/wp\/v2\/pages\/67710\/revisions"}],"predecessor-version":[{"id":67740,"href":"https:\/\/www.accuratereviews.com\/it\/wp-json\/wp\/v2\/pages\/67710\/revisions\/67740"}],"up":[{"embeddable":true,"href":"https:\/\/www.accuratereviews.com\/it\/wp-json\/wp\/v2\/pages\/8849"}],"wp:featuredmedia":[{"embeddable":true,"href":"https:\/\/www.accuratereviews.com\/it\/wp-json\/wp\/v2\/media\/67711"}],"wp:attachment":[{"href":"https:\/\/www.accuratereviews.com\/it\/wp-json\/wp\/v2\/media?parent=67710"}],"wp:term":[{"taxonomy":"category","embeddable":true,"href":"https:\/\/www.accuratereviews.com\/it\/wp-json\/wp\/v2\/categories?post=67710"},{"taxonomy":"post_tag","embeddable":true,"href":"https:\/\/www.accuratereviews.com\/it\/wp-json\/wp\/v2\/tags?post=67710"},{"taxonomy":"features","embeddable":true,"href":"https:\/\/www.accuratereviews.com\/it\/wp-json\/wp\/v2\/features?post=67710"}],"curies":[{"name":"wp","href":"https:\/\/api.w.org\/{rel}","templated":true}]}}