{"id":6775,"date":"2016-12-01T13:49:50","date_gmt":"2016-12-01T13:49:50","guid":{"rendered":"http:\/\/www.accuratereviews.com\/?page_id=6775\/"},"modified":"2021-01-26T09:46:32","modified_gmt":"2021-01-26T09:46:32","slug":"time-machine-3","status":"publish","type":"page","link":"https:\/\/www.accuratereviews.com\/it\/time-machine-3\/","title":{"rendered":"Time Machine"},"content":{"rendered":"<div id=\"attachment_3274\" style=\"width: 1570px\" class=\"wp-caption alignnone\"><img loading=\"lazy\" decoding=\"async\" aria-describedby=\"caption-attachment-3274\" class=\"size-full wp-image-3274\" src=\"http:\/\/www.accuratereviews.com\/wp-content\/uploads\/2016\/02\/tm_starfield.png\" alt=\"Time Machine\" width=\"1560\" height=\"978\" srcset=\"https:\/\/www.accuratereviews.com\/wp-content\/uploads\/2016\/02\/tm_starfield.png 1560w, https:\/\/www.accuratereviews.com\/wp-content\/uploads\/2016\/02\/tm_starfield-300x188.png 300w, https:\/\/www.accuratereviews.com\/wp-content\/uploads\/2016\/02\/tm_starfield-768x481.png 768w, https:\/\/www.accuratereviews.com\/wp-content\/uploads\/2016\/02\/tm_starfield-1024x642.png 1024w, https:\/\/www.accuratereviews.com\/wp-content\/uploads\/2016\/02\/tm_starfield-199x125.png 199w, https:\/\/www.accuratereviews.com\/wp-content\/uploads\/2016\/02\/tm_starfield-50x31.png 50w, https:\/\/www.accuratereviews.com\/wp-content\/uploads\/2016\/02\/tm_starfield-968x607.png 968w, https:\/\/www.accuratereviews.com\/wp-content\/uploads\/2016\/02\/tm_starfield-636x399.png 636w, https:\/\/www.accuratereviews.com\/wp-content\/uploads\/2016\/02\/tm_starfield-320x201.png 320w, https:\/\/www.accuratereviews.com\/wp-content\/uploads\/2016\/02\/tm_starfield-239x150.png 239w\" sizes=\"auto, (max-width: 1560px) 100vw, 1560px\" \/><p id=\"caption-attachment-3274\" class=\"wp-caption-text\">Con Time Machine potete navigare nel tempo&#8230; cio\u00e8, navigare nei vostri backup, indietro nel tempo&#8230; cio\u00e8, navigare attraverso diverse versioni e backup dei vostri file!<\/p><\/div>\n<p>Dal 2007 su ogni Mac \u00e8 installato <strong>Time Machine, un sistema di backup incluso nel sistema operativo<\/strong>. \u00c8 estremamente semplice da usare, come quasi qualsiasi cosa di Apple (forse iTunes \u00e8 l\u2019eccezione pi\u00f9 significativa): collegate un hard disk esterno, impostate Time Machine come disco di backup, ed \u00e8 fatta. Dopo un backup iniziale &#8211; che pu\u00f2 essere molto lungo, a seconda del contenuto del vostro disco originale &#8211; <strong>Time Machine far\u00e0 un backup dei vostri file una volta ogni ora<\/strong>.<\/p>\n<p>\u00c8 un <strong>backup di sistema incrementale<\/strong>, perci\u00f2 salver\u00e0 quello che \u00e8 stato modificato dall\u2019ultimo backup. Controller\u00e0 che non ci siano stati cambiamenti e far\u00e0 un backup ogni ora, e dopo la 24esima volta conserver\u00e0 un solo backup per la giornata. (In teoria non dovreste occupare tutto lo spazio del disco di backup in un paio di mesi, ma in realt\u00e0 dipende molto da quanti dati producete.) <strong>Potrete accedere al backup da un\u2019interfaccia speciale che vi lascia navigare attraverso lo storico dei vostri backup<\/strong> e scegliere i file che dovete recuperare.<\/p>\n<p><strong>L\u2019unica configurazione da personalizzare \u00e8 quella che permette di escludere cartelle o file specifici<\/strong> dal successivo backup: se avete una serie di film e serie TV, e non volete che occupino tutto il vostro spazio di archiviazione, potete selezionarli e dire a Time Machine di non salvarli.<\/p>\n","protected":false},"excerpt":{"rendered":"<p>Time Machine \u00e8 un backup di sistema incrementale incluso in macOS: salver\u00e0 solo quello che \u00e8 stato modificato dall\u2019ultimo backup.<\/p>\n","protected":false},"author":16,"featured_media":0,"parent":0,"menu_order":6,"comment_status":"open","ping_status":"closed","template":"g1_template_page_review_new.php","meta":{"_acf_changed":false,"cwp_meta_box_check":"Yes","cwp_rev_product_name":"","cwp_rev_product_image":"","wppr_links":[],"cwp_rev_price":"","wppr_options":[],"wppr_pros":[],"wppr_cons":[],"_monsterinsights_skip_tracking":false,"_monsterinsights_sitenote_active":false,"_monsterinsights_sitenote_note":"","_monsterinsights_sitenote_category":0,"footnotes":""},"categories":[98],"tags":[778,777,776,775],"features":[],"class_list":{"0":"post-6775","1":"page","2":"type-page","3":"status-publish","5":"category-backup","6":"tag-backup-di-sistema-incrementale","7":"tag-backup-incluso-nel-sistema-operativo","8":"tag-programma-per-backup","9":"tag-software-per-backup"},"wppr_data":{"cwp_meta_box_check":"Yes","cwp_rev_product_name":"","cwp_rev_product_image":"","cwp_image_link":"image","cwp_rev_price":"","wppr_rating":"0.00"},"acf":[],"yoast_head":"<!-- This site is optimized with the Yoast SEO plugin v27.4 - https:\/\/yoast.com\/product\/yoast-seo-wordpress\/ -->\n<title>Time Machine best backup software for Mac | Accurate Reviews<\/title>\n<meta name=\"description\" content=\"Time Machine is an incremental backup software included with macOS, very simple to use and with virtually no options to tinker with.\" \/>\n<meta name=\"robots\" content=\"index, follow, max-snippet:-1, max-image-preview:large, max-video-preview:-1\" \/>\n<link rel=\"canonical\" href=\"https:\/\/www.accuratereviews.com\/it\/time-machine-3\/\" \/>\n<meta property=\"og:locale\" content=\"it_IT\" \/>\n<meta property=\"og:type\" content=\"article\" \/>\n<meta property=\"og:title\" content=\"Time Machine best backup software for Mac | Accurate Reviews\" \/>\n<meta property=\"og:description\" content=\"Time Machine is an incremental backup software included with macOS, very simple to use and with virtually no options to tinker with.\" \/>\n<meta property=\"og:url\" content=\"https:\/\/www.accuratereviews.com\/it\/time-machine-3\/\" \/>\n<meta property=\"og:site_name\" content=\"Accurate Reviews\" \/>\n<meta property=\"article:modified_time\" content=\"2021-01-26T09:46:32+00:00\" \/>\n<meta property=\"og:image\" content=\"http:\/\/www.accuratereviews.com\/wp-content\/uploads\/2016\/02\/tm_starfield.png\" \/>\n<meta name=\"twitter:card\" content=\"summary_large_image\" \/>\n<meta name=\"twitter:label1\" content=\"Tempo di lettura stimato\" \/>\n\t<meta name=\"twitter:data1\" content=\"1 minuto\" \/>\n<script type=\"application\/ld+json\" class=\"yoast-schema-graph\">{\"@context\":\"https:\\\/\\\/schema.org\",\"@graph\":[{\"@type\":\"WebPage\",\"@id\":\"https:\\\/\\\/www.accuratereviews.com\\\/it\\\/time-machine-3\\\/\",\"url\":\"https:\\\/\\\/www.accuratereviews.com\\\/it\\\/time-machine-3\\\/\",\"name\":\"Time Machine best backup software for Mac | Accurate Reviews\",\"isPartOf\":{\"@id\":\"https:\\\/\\\/www.accuratereviews.com\\\/it\\\/#website\"},\"primaryImageOfPage\":{\"@id\":\"https:\\\/\\\/www.accuratereviews.com\\\/it\\\/time-machine-3\\\/#primaryimage\"},\"image\":{\"@id\":\"https:\\\/\\\/www.accuratereviews.com\\\/it\\\/time-machine-3\\\/#primaryimage\"},\"thumbnailUrl\":\"http:\\\/\\\/www.accuratereviews.com\\\/wp-content\\\/uploads\\\/2016\\\/02\\\/tm_starfield.png\",\"datePublished\":\"2016-12-01T13:49:50+00:00\",\"dateModified\":\"2021-01-26T09:46:32+00:00\",\"description\":\"Time Machine is an incremental backup software included with macOS, very simple to use and with virtually no options to tinker with.\",\"breadcrumb\":{\"@id\":\"https:\\\/\\\/www.accuratereviews.com\\\/it\\\/time-machine-3\\\/#breadcrumb\"},\"inLanguage\":\"it-IT\",\"potentialAction\":[{\"@type\":\"ReadAction\",\"target\":[\"https:\\\/\\\/www.accuratereviews.com\\\/it\\\/time-machine-3\\\/\"]}]},{\"@type\":\"ImageObject\",\"inLanguage\":\"it-IT\",\"@id\":\"https:\\\/\\\/www.accuratereviews.com\\\/it\\\/time-machine-3\\\/#primaryimage\",\"url\":\"http:\\\/\\\/www.accuratereviews.com\\\/wp-content\\\/uploads\\\/2016\\\/02\\\/tm_starfield.png\",\"contentUrl\":\"http:\\\/\\\/www.accuratereviews.com\\\/wp-content\\\/uploads\\\/2016\\\/02\\\/tm_starfield.png\"},{\"@type\":\"BreadcrumbList\",\"@id\":\"https:\\\/\\\/www.accuratereviews.com\\\/it\\\/time-machine-3\\\/#breadcrumb\",\"itemListElement\":[{\"@type\":\"ListItem\",\"position\":1,\"name\":\"Home\",\"item\":\"https:\\\/\\\/www.accuratereviews.com\\\/it\\\/\"},{\"@type\":\"ListItem\",\"position\":2,\"name\":\"Time Machine\"}]},{\"@type\":\"WebSite\",\"@id\":\"https:\\\/\\\/www.accuratereviews.com\\\/it\\\/#website\",\"url\":\"https:\\\/\\\/www.accuratereviews.com\\\/it\\\/\",\"name\":\"Accurate Reviews\",\"description\":\"\",\"potentialAction\":[{\"@type\":\"SearchAction\",\"target\":{\"@type\":\"EntryPoint\",\"urlTemplate\":\"https:\\\/\\\/www.accuratereviews.com\\\/it\\\/?s={search_term_string}\"},\"query-input\":{\"@type\":\"PropertyValueSpecification\",\"valueRequired\":true,\"valueName\":\"search_term_string\"}}],\"inLanguage\":\"it-IT\"}]}<\/script>\n<!-- \/ Yoast SEO plugin. -->","yoast_head_json":{"title":"Time Machine best backup software for Mac | Accurate Reviews","description":"Time Machine is an incremental backup software included with macOS, very simple to use and with virtually no options to tinker with.","robots":{"index":"index","follow":"follow","max-snippet":"max-snippet:-1","max-image-preview":"max-image-preview:large","max-video-preview":"max-video-preview:-1"},"canonical":"https:\/\/www.accuratereviews.com\/it\/time-machine-3\/","og_locale":"it_IT","og_type":"article","og_title":"Time Machine best backup software for Mac | Accurate Reviews","og_description":"Time Machine is an incremental backup software included with macOS, very simple to use and with virtually no options to tinker with.","og_url":"https:\/\/www.accuratereviews.com\/it\/time-machine-3\/","og_site_name":"Accurate Reviews","article_modified_time":"2021-01-26T09:46:32+00:00","og_image":[{"url":"http:\/\/www.accuratereviews.com\/wp-content\/uploads\/2016\/02\/tm_starfield.png","type":"","width":"","height":""}],"twitter_card":"summary_large_image","twitter_misc":{"Tempo di lettura stimato":"1 minuto"},"schema":{"@context":"https:\/\/schema.org","@graph":[{"@type":"WebPage","@id":"https:\/\/www.accuratereviews.com\/it\/time-machine-3\/","url":"https:\/\/www.accuratereviews.com\/it\/time-machine-3\/","name":"Time Machine best backup software for Mac | Accurate Reviews","isPartOf":{"@id":"https:\/\/www.accuratereviews.com\/it\/#website"},"primaryImageOfPage":{"@id":"https:\/\/www.accuratereviews.com\/it\/time-machine-3\/#primaryimage"},"image":{"@id":"https:\/\/www.accuratereviews.com\/it\/time-machine-3\/#primaryimage"},"thumbnailUrl":"http:\/\/www.accuratereviews.com\/wp-content\/uploads\/2016\/02\/tm_starfield.png","datePublished":"2016-12-01T13:49:50+00:00","dateModified":"2021-01-26T09:46:32+00:00","description":"Time Machine is an incremental backup software included with macOS, very simple to use and with virtually no options to tinker with.","breadcrumb":{"@id":"https:\/\/www.accuratereviews.com\/it\/time-machine-3\/#breadcrumb"},"inLanguage":"it-IT","potentialAction":[{"@type":"ReadAction","target":["https:\/\/www.accuratereviews.com\/it\/time-machine-3\/"]}]},{"@type":"ImageObject","inLanguage":"it-IT","@id":"https:\/\/www.accuratereviews.com\/it\/time-machine-3\/#primaryimage","url":"http:\/\/www.accuratereviews.com\/wp-content\/uploads\/2016\/02\/tm_starfield.png","contentUrl":"http:\/\/www.accuratereviews.com\/wp-content\/uploads\/2016\/02\/tm_starfield.png"},{"@type":"BreadcrumbList","@id":"https:\/\/www.accuratereviews.com\/it\/time-machine-3\/#breadcrumb","itemListElement":[{"@type":"ListItem","position":1,"name":"Home","item":"https:\/\/www.accuratereviews.com\/it\/"},{"@type":"ListItem","position":2,"name":"Time Machine"}]},{"@type":"WebSite","@id":"https:\/\/www.accuratereviews.com\/it\/#website","url":"https:\/\/www.accuratereviews.com\/it\/","name":"Accurate Reviews","description":"","potentialAction":[{"@type":"SearchAction","target":{"@type":"EntryPoint","urlTemplate":"https:\/\/www.accuratereviews.com\/it\/?s={search_term_string}"},"query-input":{"@type":"PropertyValueSpecification","valueRequired":true,"valueName":"search_term_string"}}],"inLanguage":"it-IT"}]}},"_links":{"self":[{"href":"https:\/\/www.accuratereviews.com\/it\/wp-json\/wp\/v2\/pages\/6775","targetHints":{"allow":["GET"]}}],"collection":[{"href":"https:\/\/www.accuratereviews.com\/it\/wp-json\/wp\/v2\/pages"}],"about":[{"href":"https:\/\/www.accuratereviews.com\/it\/wp-json\/wp\/v2\/types\/page"}],"author":[{"embeddable":true,"href":"https:\/\/www.accuratereviews.com\/it\/wp-json\/wp\/v2\/users\/16"}],"replies":[{"embeddable":true,"href":"https:\/\/www.accuratereviews.com\/it\/wp-json\/wp\/v2\/comments?post=6775"}],"version-history":[{"count":3,"href":"https:\/\/www.accuratereviews.com\/it\/wp-json\/wp\/v2\/pages\/6775\/revisions"}],"predecessor-version":[{"id":6778,"href":"https:\/\/www.accuratereviews.com\/it\/wp-json\/wp\/v2\/pages\/6775\/revisions\/6778"}],"wp:attachment":[{"href":"https:\/\/www.accuratereviews.com\/it\/wp-json\/wp\/v2\/media?parent=6775"}],"wp:term":[{"taxonomy":"category","embeddable":true,"href":"https:\/\/www.accuratereviews.com\/it\/wp-json\/wp\/v2\/categories?post=6775"},{"taxonomy":"post_tag","embeddable":true,"href":"https:\/\/www.accuratereviews.com\/it\/wp-json\/wp\/v2\/tags?post=6775"},{"taxonomy":"features","embeddable":true,"href":"https:\/\/www.accuratereviews.com\/it\/wp-json\/wp\/v2\/features?post=6775"}],"curies":[{"name":"wp","href":"https:\/\/api.w.org\/{rel}","templated":true}]}}