{"id":67817,"date":"2023-03-08T16:01:51","date_gmt":"2023-03-08T16:01:51","guid":{"rendered":"https:\/\/www.accuratereviews.com\/?page_id=67817"},"modified":"2023-03-08T16:01:51","modified_gmt":"2023-03-08T16:01:51","slug":"ninja-report-recensione","status":"publish","type":"page","link":"https:\/\/www.accuratereviews.com\/it\/strumenti-seo-lista-software\/ninja-report-recensione\/","title":{"rendered":"Ninja Report"},"content":{"rendered":"<p><strong>Ninja Report<\/strong> \u00e8 una <strong>soluzione SEO<\/strong> che ti permette di eseguire un audit SEO on-page completo su tutto il tuo sito web, trovando eventuali errori che ti impediscono di posizionarti in alto nei motori di ricerca. Lo strumento di controllo SEO del sito eseguir\u00e0 la scansione di tutte le tue pagine e verificher\u00e0 la presenza di errori SEO utilizzando la scansione on-page a 100 punti. <strong>Ninja Reports<\/strong> invia automaticamente rapporti email per le tue applicazioni online preferite. Ottieni straordinari rapporti via email da Facebook, Salesforce, Google Analytics, Adwords, Quckbooks e molti altri.<\/p>\n<h2>NINJA REPORT &#8211; TUTORIAL<\/h2>\n<div id=\"fluid-wrapper-counter-1\" class=\"g1-fluid-wrapper \" style=\"width:686px;\">\n<div style=\"padding-bottom:56.268221574344%;\"><iframe loading=\"lazy\" title=\"Ninja Reports Website Traffic Estimation Tool\" width=\"686\" height=\"386\" src=\"https:\/\/www.youtube.com\/embed\/5XjAhewhjsE?feature=oembed&amp;wmode=transparent&amp;autohide=1&amp;autoplay=0&amp;disablekb=0&amp;fs=1&amp;loop=0&amp;enablejsapi=1&amp;rel=0&amp;controls=2&amp;showinfo=0&amp;wmode=transparent&amp;autohide=2&amp;autoplay=0&amp;disablekb=0&amp;fs=1&amp;loop=0&amp;enablejsapi=1&amp;rel=0&amp;controls=2&amp;showinfo=1\" frameborder=\"0\" allow=\"accelerometer; autoplay; clipboard-write; encrypted-media; gyroscope; picture-in-picture; web-share\" allowfullscreen><\/iframe><\/div>\n<\/div>\n<h3>NINJA REPORT &#8211; CARATTERISTICHE<\/h3>\n<ul>\n<li><strong>Visualizza le classifiche delle parole chiave<\/strong>: con il rapporto sul posizionamento delle parole chiave, puoi visualizzare tutte le parole chiave per cui \u00e8 classificato il tuo sito Web, dove sei classificato, le caratteristiche della serp, la cronologia delle parole chiave e altro ancora.<\/li>\n<li><strong>Controlla la cronologia dei backlink:<\/strong> lo strumento di controllo del backlink eseguir\u00e0 la scansione del tuo URL e ti mostrer\u00e0 tutti i siti Web che si collegano al tuo sito, incluso la potenza del collegamento, la negativit\u00e0 del collegamento e altri dati vitali del backlink.\u00a0Ci\u00f2 ti consentir\u00e0 di rimuovere i backlink tossici in modo che non danneggino il tuo SEO o il tuo marchio.<\/li>\n<li><strong>Collegamenti tossici:<\/strong>\u00a0I backlink tossici possono danneggiare il tuo SEO e diminuire il tuo posizionamento nei motori di ricerca. Quando un sacco di backlink spam puntano al tuo sito web, Google se ne accorge e ti declassa.\u00a0Con questo strumento, puoi tenere d&#8217;occhio la tossicit\u00e0 dei link del tuo profilo di backlink per assicurarti di ricevere link di alta qualit\u00e0 che puntano al tuo sito web.<\/li>\n<li><strong>Potere di collegamento a ritroso<\/strong>: il tuo potere di backlink determina quanto bene il tuo sito web pu\u00f2 posizionarsi nei motori di ricerca. I siti Web affermati e autorevoli sono quelli che si posizionano in prima pagina.<\/li>\n<\/ul>\n<h4>LE RECENSIONI DEGLI UTENTI<\/h4>\n<p><strong>Brandon &#8220;Ottimo prodotto per un facile reporting PPC quotidiano&#8221;<\/strong><br \/>\n<strong>Commenti<\/strong>: Risparmio molto tempo usando questo prodotto. I report giornalieri delle mie campagne PPC nella mia casella di posta sono un sogno che si avvera!<br \/>\n<strong>Pro<\/strong>: Rapporti facili e veloci nella mia casella di posta ogni giorno che delineano il mio ROI e spendo su diversi canali tra cui Google e Facebook<br \/>\n<strong>Contro<\/strong>: Vorrei che ci fossero alcuni canali aggiuntivi per la segnalazione, ma il team di Ninja Reports mi ha informato che ci stanno lavorando e rilasceranno presto gli aggiornamenti. Finora sono stati molto reattivi ai cambiamenti\/aggiornamenti.<\/p>\n<p><strong>Matt &#8220;Dopo che lo provi ti pentirai di non averlo fatto prima&#8230;!!&#8221;<\/strong><br \/>\n<strong>Commenti<\/strong>: Sono contento di averlo ottenuto e voglio davvero esplorare di pi\u00f9 come ottenere il massimo da esso.<br \/>\n<strong>Pro<\/strong>: 1. Fornisce tutte le informazioni necessarie2. Ti tiene al sicuro sulla strada3. Dimostra di avere il controllo e di anticipare il traffico<br \/>\n<strong>Contro<\/strong>: Non molto &#8230;. Se esiste un modo per personalizzare l&#8217;interfaccia utente per un uso funzionale \/ uso specifico sarebbe fantastico. Ma al momento, l&#8217;interfaccia utente \u00e8 abbastanza pulita e ordinata.<\/p>\n<p><strong>Kevin &#8220;Ne vale la pena per report automatici dall&#8217;aspetto eccezionale&#8221;<\/strong><br \/>\n<strong>Commenti<\/strong>: Risparmia tempo. Aggiunge credibilit\u00e0 ai clienti.<br \/>\n<strong>Pro<\/strong>: Facilit\u00e0 d&#8217;uso e configurazione. I report sono molto attraenti e danno credibilit\u00e0 ai nostri clienti. Risparmia molto di pi\u00f9 nel tempo rispetto al piccolo canone mensile.<br \/>\n<strong>Contro<\/strong>: Piccola curva di apprendimento. Una maggiore personalizzazione sarebbe buona, ma per un piccolo canone mensile non puoi aspettarti troppa personalizzazione.<\/p>\n","protected":false},"excerpt":{"rendered":"<p>Ninja Report \u00e8 una soluzione SEO che ti permette di eseguire un audit SEO on-page completo su tutto il tuo sito web, trovando eventuali errori che ti impediscono di posizionarti in alto nei motori di ricerca. Lo strumento di controllo SEO del sito eseguir\u00e0 la scansione di tutte le tue pagine e verificher\u00e0 la presenza di errori SEO utilizzando la scansione on-page a 100 punti.<\/p>\n","protected":false},"author":19,"featured_media":67819,"parent":8849,"menu_order":0,"comment_status":"open","ping_status":"closed","template":"g1_template_page_review_new.php","meta":{"_acf_changed":false,"cwp_meta_box_check":"Yes","cwp_rev_product_name":"","cwp_rev_product_image":"","wppr_links":[],"cwp_rev_price":"0.00","wppr_options":[{"name":"Usability","value":"0"},{"name":"Speed","value":"0"},{"name":"Features","value":"0"},{"name":"Support","value":"0"},{"name":"Pricing","value":"0"}],"wppr_pros":["","","","",""],"wppr_cons":["","","","",""],"_monsterinsights_skip_tracking":false,"_monsterinsights_sitenote_active":false,"_monsterinsights_sitenote_note":"","_monsterinsights_sitenote_category":0,"footnotes":""},"categories":[175],"tags":[14157,1483,1421,901,1420,1417],"features":[],"class_list":{"0":"post-67817","1":"page","2":"type-page","3":"status-publish","4":"has-post-thumbnail","6":"category-strumenti-seo-categoria","7":"tag-ninja-report","8":"tag-piattaforma-seo","9":"tag-programma-seo","10":"tag-seo","11":"tag-software-seo","12":"tag-soluzione-seo"},"wppr_data":{"cwp_meta_box_check":"Yes","_wppr_review_template":"default","cwp_rev_product_image":"","cwp_image_link":"image","wppr_links":[],"cwp_rev_price":"0.00","wppr_pros":["","","","",""],"wppr_cons":["","","","",""],"wppr_rating":"0.00","wppr_options":{"1":{"name":"Usability","value":"0"},"2":{"name":"Speed","value":"0"},"3":{"name":"Features","value":"0"},"4":{"name":"Support","value":"0"},"5":{"name":"Pricing","value":"0"}},"wppr_review_type":"Product","wppr_review_custom_fields":{"additionalProperty":"","additionalType":"","aggregateRating":"","alternateName":"","audience":"","award":"","awards":"","brand":"","color":"","depth":"","description":"","disambiguatingDescription":"","gtin12":"","gtin13":"","gtin14":"","gtin8":"","height":"","identifier":"","image":"","isAccessoryOrSparePartFor":"","isConsumableFor":"","isRelatedTo":"","isSimilarTo":"","itemCondition":"","logo":"","mainEntityOfPage":"","manufacturer":"","material":"","model":"","mpn":"","name":"","offers":"","potentialAction":"","productID":"","productionDate":"","purchaseDate":"","releaseDate":"","review":"","reviews":"","sameAs":"","sku":"","slogan":"","subjectOf":"","url":"","weight":"","width":""}},"acf":[],"yoast_head":"<!-- This site is optimized with the Yoast SEO plugin v27.4 - https:\/\/yoast.com\/product\/yoast-seo-wordpress\/ -->\n<title>Ninja Report: recensione software SEO - Accurate Reviews<\/title>\n<meta name=\"description\" content=\"Ninja Report: recensione soluzione SEO che ti permette di eseguire un audit SEO on-page completo su tutto il tuo sito web\" \/>\n<meta name=\"robots\" content=\"index, follow, max-snippet:-1, max-image-preview:large, max-video-preview:-1\" \/>\n<link rel=\"canonical\" href=\"https:\/\/www.accuratereviews.com\/it\/strumenti-seo-lista-software\/ninja-report-recensione\/\" \/>\n<meta property=\"og:locale\" content=\"it_IT\" \/>\n<meta property=\"og:type\" content=\"article\" \/>\n<meta property=\"og:title\" content=\"Ninja Report: recensione software SEO - Accurate Reviews\" \/>\n<meta property=\"og:description\" content=\"Ninja Report: recensione soluzione SEO che ti permette di eseguire un audit SEO on-page completo su tutto il tuo sito web\" \/>\n<meta property=\"og:url\" content=\"https:\/\/www.accuratereviews.com\/it\/strumenti-seo-lista-software\/ninja-report-recensione\/\" \/>\n<meta property=\"og:site_name\" content=\"Accurate Reviews\" \/>\n<meta property=\"og:image\" content=\"https:\/\/www.accuratereviews.com\/wp-content\/uploads\/2023\/03\/Ninja-Reports-.png\" \/>\n\t<meta property=\"og:image:width\" content=\"225\" \/>\n\t<meta property=\"og:image:height\" content=\"225\" \/>\n\t<meta property=\"og:image:type\" content=\"image\/png\" \/>\n<meta name=\"twitter:card\" content=\"summary_large_image\" \/>\n<meta name=\"twitter:label1\" content=\"Tempo di lettura stimato\" \/>\n\t<meta name=\"twitter:data1\" content=\"3 minuti\" \/>\n<script type=\"application\/ld+json\" class=\"yoast-schema-graph\">{\"@context\":\"https:\\\/\\\/schema.org\",\"@graph\":[{\"@type\":\"WebPage\",\"@id\":\"https:\\\/\\\/www.accuratereviews.com\\\/it\\\/strumenti-seo-lista-software\\\/ninja-report-recensione\\\/\",\"url\":\"https:\\\/\\\/www.accuratereviews.com\\\/it\\\/strumenti-seo-lista-software\\\/ninja-report-recensione\\\/\",\"name\":\"Ninja Report: recensione software SEO - Accurate Reviews\",\"isPartOf\":{\"@id\":\"https:\\\/\\\/www.accuratereviews.com\\\/it\\\/#website\"},\"primaryImageOfPage\":{\"@id\":\"https:\\\/\\\/www.accuratereviews.com\\\/it\\\/strumenti-seo-lista-software\\\/ninja-report-recensione\\\/#primaryimage\"},\"image\":{\"@id\":\"https:\\\/\\\/www.accuratereviews.com\\\/it\\\/strumenti-seo-lista-software\\\/ninja-report-recensione\\\/#primaryimage\"},\"thumbnailUrl\":\"https:\\\/\\\/www.accuratereviews.com\\\/wp-content\\\/uploads\\\/2023\\\/03\\\/Ninja-Reports-.png\",\"datePublished\":\"2023-03-08T16:01:51+00:00\",\"description\":\"Ninja Report: recensione soluzione SEO che ti permette di eseguire un audit SEO on-page completo su tutto il tuo sito web\",\"breadcrumb\":{\"@id\":\"https:\\\/\\\/www.accuratereviews.com\\\/it\\\/strumenti-seo-lista-software\\\/ninja-report-recensione\\\/#breadcrumb\"},\"inLanguage\":\"it-IT\",\"potentialAction\":[{\"@type\":\"ReadAction\",\"target\":[\"https:\\\/\\\/www.accuratereviews.com\\\/it\\\/strumenti-seo-lista-software\\\/ninja-report-recensione\\\/\"]}]},{\"@type\":\"ImageObject\",\"inLanguage\":\"it-IT\",\"@id\":\"https:\\\/\\\/www.accuratereviews.com\\\/it\\\/strumenti-seo-lista-software\\\/ninja-report-recensione\\\/#primaryimage\",\"url\":\"https:\\\/\\\/www.accuratereviews.com\\\/wp-content\\\/uploads\\\/2023\\\/03\\\/Ninja-Reports-.png\",\"contentUrl\":\"https:\\\/\\\/www.accuratereviews.com\\\/wp-content\\\/uploads\\\/2023\\\/03\\\/Ninja-Reports-.png\",\"width\":225,\"height\":225},{\"@type\":\"BreadcrumbList\",\"@id\":\"https:\\\/\\\/www.accuratereviews.com\\\/it\\\/strumenti-seo-lista-software\\\/ninja-report-recensione\\\/#breadcrumb\",\"itemListElement\":[{\"@type\":\"ListItem\",\"position\":1,\"name\":\"Home\",\"item\":\"https:\\\/\\\/www.accuratereviews.com\\\/it\\\/\"},{\"@type\":\"ListItem\",\"position\":2,\"name\":\"Strumenti SEO\",\"item\":\"https:\\\/\\\/www.accuratereviews.com\\\/it\\\/strumenti-seo-lista-software\\\/\"},{\"@type\":\"ListItem\",\"position\":3,\"name\":\"Ninja Report\"}]},{\"@type\":\"WebSite\",\"@id\":\"https:\\\/\\\/www.accuratereviews.com\\\/it\\\/#website\",\"url\":\"https:\\\/\\\/www.accuratereviews.com\\\/it\\\/\",\"name\":\"Accurate Reviews\",\"description\":\"\",\"potentialAction\":[{\"@type\":\"SearchAction\",\"target\":{\"@type\":\"EntryPoint\",\"urlTemplate\":\"https:\\\/\\\/www.accuratereviews.com\\\/it\\\/?s={search_term_string}\"},\"query-input\":{\"@type\":\"PropertyValueSpecification\",\"valueRequired\":true,\"valueName\":\"search_term_string\"}}],\"inLanguage\":\"it-IT\"}]}<\/script>\n<!-- \/ Yoast SEO plugin. -->","yoast_head_json":{"title":"Ninja Report: recensione software SEO - Accurate Reviews","description":"Ninja Report: recensione soluzione SEO che ti permette di eseguire un audit SEO on-page completo su tutto il tuo sito web","robots":{"index":"index","follow":"follow","max-snippet":"max-snippet:-1","max-image-preview":"max-image-preview:large","max-video-preview":"max-video-preview:-1"},"canonical":"https:\/\/www.accuratereviews.com\/it\/strumenti-seo-lista-software\/ninja-report-recensione\/","og_locale":"it_IT","og_type":"article","og_title":"Ninja Report: recensione software SEO - Accurate Reviews","og_description":"Ninja Report: recensione soluzione SEO che ti permette di eseguire un audit SEO on-page completo su tutto il tuo sito web","og_url":"https:\/\/www.accuratereviews.com\/it\/strumenti-seo-lista-software\/ninja-report-recensione\/","og_site_name":"Accurate Reviews","og_image":[{"width":225,"height":225,"url":"https:\/\/www.accuratereviews.com\/wp-content\/uploads\/2023\/03\/Ninja-Reports-.png","type":"image\/png"}],"twitter_card":"summary_large_image","twitter_misc":{"Tempo di lettura stimato":"3 minuti"},"schema":{"@context":"https:\/\/schema.org","@graph":[{"@type":"WebPage","@id":"https:\/\/www.accuratereviews.com\/it\/strumenti-seo-lista-software\/ninja-report-recensione\/","url":"https:\/\/www.accuratereviews.com\/it\/strumenti-seo-lista-software\/ninja-report-recensione\/","name":"Ninja Report: recensione software SEO - Accurate Reviews","isPartOf":{"@id":"https:\/\/www.accuratereviews.com\/it\/#website"},"primaryImageOfPage":{"@id":"https:\/\/www.accuratereviews.com\/it\/strumenti-seo-lista-software\/ninja-report-recensione\/#primaryimage"},"image":{"@id":"https:\/\/www.accuratereviews.com\/it\/strumenti-seo-lista-software\/ninja-report-recensione\/#primaryimage"},"thumbnailUrl":"https:\/\/www.accuratereviews.com\/wp-content\/uploads\/2023\/03\/Ninja-Reports-.png","datePublished":"2023-03-08T16:01:51+00:00","description":"Ninja Report: recensione soluzione SEO che ti permette di eseguire un audit SEO on-page completo su tutto il tuo sito web","breadcrumb":{"@id":"https:\/\/www.accuratereviews.com\/it\/strumenti-seo-lista-software\/ninja-report-recensione\/#breadcrumb"},"inLanguage":"it-IT","potentialAction":[{"@type":"ReadAction","target":["https:\/\/www.accuratereviews.com\/it\/strumenti-seo-lista-software\/ninja-report-recensione\/"]}]},{"@type":"ImageObject","inLanguage":"it-IT","@id":"https:\/\/www.accuratereviews.com\/it\/strumenti-seo-lista-software\/ninja-report-recensione\/#primaryimage","url":"https:\/\/www.accuratereviews.com\/wp-content\/uploads\/2023\/03\/Ninja-Reports-.png","contentUrl":"https:\/\/www.accuratereviews.com\/wp-content\/uploads\/2023\/03\/Ninja-Reports-.png","width":225,"height":225},{"@type":"BreadcrumbList","@id":"https:\/\/www.accuratereviews.com\/it\/strumenti-seo-lista-software\/ninja-report-recensione\/#breadcrumb","itemListElement":[{"@type":"ListItem","position":1,"name":"Home","item":"https:\/\/www.accuratereviews.com\/it\/"},{"@type":"ListItem","position":2,"name":"Strumenti SEO","item":"https:\/\/www.accuratereviews.com\/it\/strumenti-seo-lista-software\/"},{"@type":"ListItem","position":3,"name":"Ninja Report"}]},{"@type":"WebSite","@id":"https:\/\/www.accuratereviews.com\/it\/#website","url":"https:\/\/www.accuratereviews.com\/it\/","name":"Accurate Reviews","description":"","potentialAction":[{"@type":"SearchAction","target":{"@type":"EntryPoint","urlTemplate":"https:\/\/www.accuratereviews.com\/it\/?s={search_term_string}"},"query-input":{"@type":"PropertyValueSpecification","valueRequired":true,"valueName":"search_term_string"}}],"inLanguage":"it-IT"}]}},"_links":{"self":[{"href":"https:\/\/www.accuratereviews.com\/it\/wp-json\/wp\/v2\/pages\/67817","targetHints":{"allow":["GET"]}}],"collection":[{"href":"https:\/\/www.accuratereviews.com\/it\/wp-json\/wp\/v2\/pages"}],"about":[{"href":"https:\/\/www.accuratereviews.com\/it\/wp-json\/wp\/v2\/types\/page"}],"author":[{"embeddable":true,"href":"https:\/\/www.accuratereviews.com\/it\/wp-json\/wp\/v2\/users\/19"}],"replies":[{"embeddable":true,"href":"https:\/\/www.accuratereviews.com\/it\/wp-json\/wp\/v2\/comments?post=67817"}],"version-history":[{"count":6,"href":"https:\/\/www.accuratereviews.com\/it\/wp-json\/wp\/v2\/pages\/67817\/revisions"}],"predecessor-version":[{"id":67839,"href":"https:\/\/www.accuratereviews.com\/it\/wp-json\/wp\/v2\/pages\/67817\/revisions\/67839"}],"up":[{"embeddable":true,"href":"https:\/\/www.accuratereviews.com\/it\/wp-json\/wp\/v2\/pages\/8849"}],"wp:featuredmedia":[{"embeddable":true,"href":"https:\/\/www.accuratereviews.com\/it\/wp-json\/wp\/v2\/media\/67819"}],"wp:attachment":[{"href":"https:\/\/www.accuratereviews.com\/it\/wp-json\/wp\/v2\/media?parent=67817"}],"wp:term":[{"taxonomy":"category","embeddable":true,"href":"https:\/\/www.accuratereviews.com\/it\/wp-json\/wp\/v2\/categories?post=67817"},{"taxonomy":"post_tag","embeddable":true,"href":"https:\/\/www.accuratereviews.com\/it\/wp-json\/wp\/v2\/tags?post=67817"},{"taxonomy":"features","embeddable":true,"href":"https:\/\/www.accuratereviews.com\/it\/wp-json\/wp\/v2\/features?post=67817"}],"curies":[{"name":"wp","href":"https:\/\/api.w.org\/{rel}","templated":true}]}}