{"id":67852,"date":"2023-03-09T11:26:05","date_gmt":"2023-03-09T11:26:05","guid":{"rendered":"https:\/\/www.accuratereviews.com\/?page_id=67852"},"modified":"2023-03-09T11:26:05","modified_gmt":"2023-03-09T11:26:05","slug":"labrador-cms-recensione","status":"publish","type":"page","link":"https:\/\/www.accuratereviews.com\/it\/software-cms\/labrador-cms-recensione\/","title":{"rendered":"Labrador CMS"},"content":{"rendered":"<p><strong>Labrador CMS<\/strong> \u00e8 un <strong>software SaaS (Software as a Service)<\/strong> che si rivolge principalmente a editori e giornalisti digitali per gestire i loro contenuti per il web. Consente di gestire al meglio il proprio blog e di creare e pubblicare pubblicazioni e riviste digitali di grande impatto in modo semplice e veloce. Inoltre puoi personalizzare font, colori e layout per adattarli perfettamente al tuo brand.<br \/>\n<strong>Labrador CMS<\/strong> \u00e8 un servizio di pubblicazione all-in-one, basato su cloud, a cui puoi accedere in qualsiasi momento e da qualsiasi postazione.<\/p>\n<h2>LABRADOR CMS &#8211; TUTORIAL<\/h2>\n<div id=\"fluid-wrapper-counter-1\" class=\"g1-fluid-wrapper \" style=\"width:686px;\">\n<div style=\"padding-bottom:56.268221574344%;\"><iframe loading=\"lazy\" title=\"Labrador CMS Demo\" width=\"686\" height=\"386\" src=\"https:\/\/www.youtube.com\/embed\/sEacR2jmOd8?feature=oembed&amp;wmode=transparent&amp;autohide=1&amp;autoplay=0&amp;disablekb=0&amp;fs=1&amp;loop=0&amp;enablejsapi=1&amp;rel=0&amp;controls=2&amp;showinfo=0&amp;wmode=transparent&amp;autohide=2&amp;autoplay=0&amp;disablekb=0&amp;fs=1&amp;loop=0&amp;enablejsapi=1&amp;rel=0&amp;controls=2&amp;showinfo=1\" frameborder=\"0\" allow=\"accelerometer; autoplay; clipboard-write; encrypted-media; gyroscope; picture-in-picture; web-share\" allowfullscreen><\/iframe><\/div>\n<\/div>\n<h3>LABRADOR CMS &#8211; CARATTERISTICHE<\/h3>\n<ul>\n<li>Hosting gratuito<\/li>\n<li>Assistenza gratuita<\/li>\n<li>Aggiornamenti gratuiti<\/li>\n<li>Garanzia del 99,9% di up time<\/li>\n<li>Dashboard personalizzati<\/li>\n<li>Archiviazione e ricerca di immagini<\/li>\n<li>Archiviazione e caricamento di file<\/li>\n<li>Strumenti amministrativi<\/li>\n<li>Modelli di articoli<\/li>\n<li>Frontespizi manuali<\/li>\n<li>Frontespizi automatici<\/li>\n<li>Teaser in prima pagina<\/li>\n<\/ul>\n<h4>LE RECENSIONI DEGLI UTENTI<\/h4>\n<p><strong>Alf &#8220;Facile ed efficace&#8221;<\/strong><br \/>\nCommenti: \u00c8 una buona opportunit\u00e0 per avere una buona unit\u00e0 di produzione di riviste, che copre gran parte delle nostre esigenze. Mi piace molto il modo semplice di implementare gli AD attraverso Adnuntius e gli abbonati attraverso Infosoft.<br \/>\nPro: Il prodotto \u00e8 abbastanza facile da imparare e da usare. E c&#8217;\u00e8 un grande potenziale per migliorarlo ulteriormente.<br \/>\nContro: Mi piacerebbe avere un pulsante &#8220;diretto&#8221; per la Dashboard, quando si lavora sulle prime pagine.<\/p>\n<p><strong>J\u00f8rgen &#8220;Labrador con kode24.no&#8221;<\/strong><br \/>\nPro: Facilit\u00e0 d&#8217;uso per i giornalisti, buona documentazione.<br \/>\nContro: \u00c8 necessario un po&#8217; di apprendimento per sfruttare al meglio il software.<\/p>\n<p><strong>Nils &#8220;Familiare e facile da usare&#8221;.<\/strong><br \/>\nPro: -intuitivo da usare &#8211; rapido da modificare<br \/>\nContro: -alcuni bug ricorrenti, niente di che ma possono essere fastidiosi quando si va di fretta<\/p>\n","protected":false},"excerpt":{"rendered":"<p>Labrador CMS \u00e8 un software SaaS (Software as a Service) che si rivolge principalmente a editori e giornalisti digitali per gestire i loro contenuti per il web. Consente di gestire al meglio il proprio blog e di creare e pubblicare pubblicazioni e riviste digitali di grande impatto in modo semplice e veloce. Inoltre puoi personalizzare font, colori e layout per adattarli perfettamente al tuo brand.<\/p>\n","protected":false},"author":17,"featured_media":67853,"parent":16175,"menu_order":0,"comment_status":"open","ping_status":"closed","template":"g1_template_page_review_new.php","meta":{"_acf_changed":false,"cwp_meta_box_check":"Yes","cwp_rev_product_name":"","cwp_rev_product_image":"","wppr_links":[],"cwp_rev_price":"0.00","wppr_options":[{"name":"Usability","value":"0"},{"name":"Speed","value":"0"},{"name":"Features","value":"0"},{"name":"Support","value":"0"},{"name":"Pricing","value":"0"}],"wppr_pros":["","","","",""],"wppr_cons":["","","","",""],"_monsterinsights_skip_tracking":false,"_monsterinsights_sitenote_active":false,"_monsterinsights_sitenote_note":"","_monsterinsights_sitenote_category":0,"footnotes":""},"categories":[931],"tags":[14158,946,961,933,942],"features":[],"class_list":{"0":"post-67852","1":"page","2":"type-page","3":"status-publish","4":"has-post-thumbnail","6":"category-cms","7":"tag-app-cms","8":"tag-cms","9":"tag-cms-piattaforma","10":"tag-software-cms","11":"tag-soluzione-cms"},"wppr_data":{"cwp_meta_box_check":"Yes","_wppr_review_template":"default","cwp_rev_product_image":"","cwp_image_link":"image","wppr_links":[],"cwp_rev_price":"0.00","wppr_pros":["","","","",""],"wppr_cons":["","","","",""],"wppr_rating":"0.00","wppr_options":{"1":{"name":"Usability","value":"0"},"2":{"name":"Speed","value":"0"},"3":{"name":"Features","value":"0"},"4":{"name":"Support","value":"0"},"5":{"name":"Pricing","value":"0"}},"wppr_review_type":"Product","wppr_review_custom_fields":{"additionalProperty":"","additionalType":"","aggregateRating":"","alternateName":"","audience":"","award":"","awards":"","brand":"","color":"","depth":"","description":"","disambiguatingDescription":"","gtin12":"","gtin13":"","gtin14":"","gtin8":"","height":"","identifier":"","image":"","isAccessoryOrSparePartFor":"","isConsumableFor":"","isRelatedTo":"","isSimilarTo":"","itemCondition":"","logo":"","mainEntityOfPage":"","manufacturer":"","material":"","model":"","mpn":"","name":"","offers":"","potentialAction":"","productID":"","productionDate":"","purchaseDate":"","releaseDate":"","review":"","reviews":"","sameAs":"","sku":"","slogan":"","subjectOf":"","url":"","weight":"","width":""}},"acf":[],"yoast_head":"<!-- This site is optimized with the Yoast SEO plugin v27.4 - https:\/\/yoast.com\/product\/yoast-seo-wordpress\/ -->\n<title>Labrador CMS: recensione software CMS - Accurate Reviews<\/title>\n<meta name=\"description\" content=\"Labrador CMS: recensione del software SaaS che si rivolge principalmente a editori e giornalisti digitali per gestire i contenuti per il web.\" \/>\n<meta name=\"robots\" content=\"index, follow, max-snippet:-1, max-image-preview:large, max-video-preview:-1\" \/>\n<link rel=\"canonical\" href=\"https:\/\/www.accuratereviews.com\/it\/software-cms\/labrador-cms-recensione\/\" \/>\n<meta property=\"og:locale\" content=\"it_IT\" \/>\n<meta property=\"og:type\" content=\"article\" \/>\n<meta property=\"og:title\" content=\"Labrador CMS: recensione software CMS - Accurate Reviews\" \/>\n<meta property=\"og:description\" content=\"Labrador CMS: recensione del software SaaS che si rivolge principalmente a editori e giornalisti digitali per gestire i contenuti per il web.\" \/>\n<meta property=\"og:url\" content=\"https:\/\/www.accuratereviews.com\/it\/software-cms\/labrador-cms-recensione\/\" \/>\n<meta property=\"og:site_name\" content=\"Accurate Reviews\" \/>\n<meta property=\"og:image\" content=\"https:\/\/www.accuratereviews.com\/wp-content\/uploads\/2023\/03\/1666856376612.jpeg\" \/>\n\t<meta property=\"og:image:width\" content=\"200\" \/>\n\t<meta property=\"og:image:height\" content=\"200\" \/>\n\t<meta property=\"og:image:type\" content=\"image\/jpeg\" \/>\n<meta name=\"twitter:card\" content=\"summary_large_image\" \/>\n<meta name=\"twitter:label1\" content=\"Tempo di lettura stimato\" \/>\n\t<meta name=\"twitter:data1\" content=\"2 minuti\" \/>\n<script type=\"application\/ld+json\" class=\"yoast-schema-graph\">{\"@context\":\"https:\\\/\\\/schema.org\",\"@graph\":[{\"@type\":\"WebPage\",\"@id\":\"https:\\\/\\\/www.accuratereviews.com\\\/it\\\/software-cms\\\/labrador-cms-recensione\\\/\",\"url\":\"https:\\\/\\\/www.accuratereviews.com\\\/it\\\/software-cms\\\/labrador-cms-recensione\\\/\",\"name\":\"Labrador CMS: recensione software CMS - Accurate Reviews\",\"isPartOf\":{\"@id\":\"https:\\\/\\\/www.accuratereviews.com\\\/it\\\/#website\"},\"primaryImageOfPage\":{\"@id\":\"https:\\\/\\\/www.accuratereviews.com\\\/it\\\/software-cms\\\/labrador-cms-recensione\\\/#primaryimage\"},\"image\":{\"@id\":\"https:\\\/\\\/www.accuratereviews.com\\\/it\\\/software-cms\\\/labrador-cms-recensione\\\/#primaryimage\"},\"thumbnailUrl\":\"https:\\\/\\\/www.accuratereviews.com\\\/wp-content\\\/uploads\\\/2023\\\/03\\\/1666856376612.jpeg\",\"datePublished\":\"2023-03-09T11:26:05+00:00\",\"description\":\"Labrador CMS: recensione del software SaaS che si rivolge principalmente a editori e giornalisti digitali per gestire i contenuti per il web.\",\"breadcrumb\":{\"@id\":\"https:\\\/\\\/www.accuratereviews.com\\\/it\\\/software-cms\\\/labrador-cms-recensione\\\/#breadcrumb\"},\"inLanguage\":\"it-IT\",\"potentialAction\":[{\"@type\":\"ReadAction\",\"target\":[\"https:\\\/\\\/www.accuratereviews.com\\\/it\\\/software-cms\\\/labrador-cms-recensione\\\/\"]}]},{\"@type\":\"ImageObject\",\"inLanguage\":\"it-IT\",\"@id\":\"https:\\\/\\\/www.accuratereviews.com\\\/it\\\/software-cms\\\/labrador-cms-recensione\\\/#primaryimage\",\"url\":\"https:\\\/\\\/www.accuratereviews.com\\\/wp-content\\\/uploads\\\/2023\\\/03\\\/1666856376612.jpeg\",\"contentUrl\":\"https:\\\/\\\/www.accuratereviews.com\\\/wp-content\\\/uploads\\\/2023\\\/03\\\/1666856376612.jpeg\",\"width\":200,\"height\":200},{\"@type\":\"BreadcrumbList\",\"@id\":\"https:\\\/\\\/www.accuratereviews.com\\\/it\\\/software-cms\\\/labrador-cms-recensione\\\/#breadcrumb\",\"itemListElement\":[{\"@type\":\"ListItem\",\"position\":1,\"name\":\"Home\",\"item\":\"https:\\\/\\\/www.accuratereviews.com\\\/it\\\/\"},{\"@type\":\"ListItem\",\"position\":2,\"name\":\"Software CMS\",\"item\":\"https:\\\/\\\/www.accuratereviews.com\\\/it\\\/software-cms\\\/\"},{\"@type\":\"ListItem\",\"position\":3,\"name\":\"Labrador CMS\"}]},{\"@type\":\"WebSite\",\"@id\":\"https:\\\/\\\/www.accuratereviews.com\\\/it\\\/#website\",\"url\":\"https:\\\/\\\/www.accuratereviews.com\\\/it\\\/\",\"name\":\"Accurate Reviews\",\"description\":\"\",\"potentialAction\":[{\"@type\":\"SearchAction\",\"target\":{\"@type\":\"EntryPoint\",\"urlTemplate\":\"https:\\\/\\\/www.accuratereviews.com\\\/it\\\/?s={search_term_string}\"},\"query-input\":{\"@type\":\"PropertyValueSpecification\",\"valueRequired\":true,\"valueName\":\"search_term_string\"}}],\"inLanguage\":\"it-IT\"}]}<\/script>\n<!-- \/ Yoast SEO plugin. -->","yoast_head_json":{"title":"Labrador CMS: recensione software CMS - Accurate Reviews","description":"Labrador CMS: recensione del software SaaS che si rivolge principalmente a editori e giornalisti digitali per gestire i contenuti per il web.","robots":{"index":"index","follow":"follow","max-snippet":"max-snippet:-1","max-image-preview":"max-image-preview:large","max-video-preview":"max-video-preview:-1"},"canonical":"https:\/\/www.accuratereviews.com\/it\/software-cms\/labrador-cms-recensione\/","og_locale":"it_IT","og_type":"article","og_title":"Labrador CMS: recensione software CMS - Accurate Reviews","og_description":"Labrador CMS: recensione del software SaaS che si rivolge principalmente a editori e giornalisti digitali per gestire i contenuti per il web.","og_url":"https:\/\/www.accuratereviews.com\/it\/software-cms\/labrador-cms-recensione\/","og_site_name":"Accurate Reviews","og_image":[{"width":200,"height":200,"url":"https:\/\/www.accuratereviews.com\/wp-content\/uploads\/2023\/03\/1666856376612.jpeg","type":"image\/jpeg"}],"twitter_card":"summary_large_image","twitter_misc":{"Tempo di lettura stimato":"2 minuti"},"schema":{"@context":"https:\/\/schema.org","@graph":[{"@type":"WebPage","@id":"https:\/\/www.accuratereviews.com\/it\/software-cms\/labrador-cms-recensione\/","url":"https:\/\/www.accuratereviews.com\/it\/software-cms\/labrador-cms-recensione\/","name":"Labrador CMS: recensione software CMS - Accurate Reviews","isPartOf":{"@id":"https:\/\/www.accuratereviews.com\/it\/#website"},"primaryImageOfPage":{"@id":"https:\/\/www.accuratereviews.com\/it\/software-cms\/labrador-cms-recensione\/#primaryimage"},"image":{"@id":"https:\/\/www.accuratereviews.com\/it\/software-cms\/labrador-cms-recensione\/#primaryimage"},"thumbnailUrl":"https:\/\/www.accuratereviews.com\/wp-content\/uploads\/2023\/03\/1666856376612.jpeg","datePublished":"2023-03-09T11:26:05+00:00","description":"Labrador CMS: recensione del software SaaS che si rivolge principalmente a editori e giornalisti digitali per gestire i contenuti per il web.","breadcrumb":{"@id":"https:\/\/www.accuratereviews.com\/it\/software-cms\/labrador-cms-recensione\/#breadcrumb"},"inLanguage":"it-IT","potentialAction":[{"@type":"ReadAction","target":["https:\/\/www.accuratereviews.com\/it\/software-cms\/labrador-cms-recensione\/"]}]},{"@type":"ImageObject","inLanguage":"it-IT","@id":"https:\/\/www.accuratereviews.com\/it\/software-cms\/labrador-cms-recensione\/#primaryimage","url":"https:\/\/www.accuratereviews.com\/wp-content\/uploads\/2023\/03\/1666856376612.jpeg","contentUrl":"https:\/\/www.accuratereviews.com\/wp-content\/uploads\/2023\/03\/1666856376612.jpeg","width":200,"height":200},{"@type":"BreadcrumbList","@id":"https:\/\/www.accuratereviews.com\/it\/software-cms\/labrador-cms-recensione\/#breadcrumb","itemListElement":[{"@type":"ListItem","position":1,"name":"Home","item":"https:\/\/www.accuratereviews.com\/it\/"},{"@type":"ListItem","position":2,"name":"Software CMS","item":"https:\/\/www.accuratereviews.com\/it\/software-cms\/"},{"@type":"ListItem","position":3,"name":"Labrador CMS"}]},{"@type":"WebSite","@id":"https:\/\/www.accuratereviews.com\/it\/#website","url":"https:\/\/www.accuratereviews.com\/it\/","name":"Accurate Reviews","description":"","potentialAction":[{"@type":"SearchAction","target":{"@type":"EntryPoint","urlTemplate":"https:\/\/www.accuratereviews.com\/it\/?s={search_term_string}"},"query-input":{"@type":"PropertyValueSpecification","valueRequired":true,"valueName":"search_term_string"}}],"inLanguage":"it-IT"}]}},"_links":{"self":[{"href":"https:\/\/www.accuratereviews.com\/it\/wp-json\/wp\/v2\/pages\/67852","targetHints":{"allow":["GET"]}}],"collection":[{"href":"https:\/\/www.accuratereviews.com\/it\/wp-json\/wp\/v2\/pages"}],"about":[{"href":"https:\/\/www.accuratereviews.com\/it\/wp-json\/wp\/v2\/types\/page"}],"author":[{"embeddable":true,"href":"https:\/\/www.accuratereviews.com\/it\/wp-json\/wp\/v2\/users\/17"}],"replies":[{"embeddable":true,"href":"https:\/\/www.accuratereviews.com\/it\/wp-json\/wp\/v2\/comments?post=67852"}],"version-history":[{"count":5,"href":"https:\/\/www.accuratereviews.com\/it\/wp-json\/wp\/v2\/pages\/67852\/revisions"}],"predecessor-version":[{"id":67871,"href":"https:\/\/www.accuratereviews.com\/it\/wp-json\/wp\/v2\/pages\/67852\/revisions\/67871"}],"up":[{"embeddable":true,"href":"https:\/\/www.accuratereviews.com\/it\/wp-json\/wp\/v2\/pages\/16175"}],"wp:featuredmedia":[{"embeddable":true,"href":"https:\/\/www.accuratereviews.com\/it\/wp-json\/wp\/v2\/media\/67853"}],"wp:attachment":[{"href":"https:\/\/www.accuratereviews.com\/it\/wp-json\/wp\/v2\/media?parent=67852"}],"wp:term":[{"taxonomy":"category","embeddable":true,"href":"https:\/\/www.accuratereviews.com\/it\/wp-json\/wp\/v2\/categories?post=67852"},{"taxonomy":"post_tag","embeddable":true,"href":"https:\/\/www.accuratereviews.com\/it\/wp-json\/wp\/v2\/tags?post=67852"},{"taxonomy":"features","embeddable":true,"href":"https:\/\/www.accuratereviews.com\/it\/wp-json\/wp\/v2\/features?post=67852"}],"curies":[{"name":"wp","href":"https:\/\/api.w.org\/{rel}","templated":true}]}}