{"id":67943,"date":"2023-03-14T13:16:36","date_gmt":"2023-03-14T13:16:36","guid":{"rendered":"https:\/\/www.accuratereviews.com\/?page_id=67943"},"modified":"2023-03-16T18:29:55","modified_gmt":"2023-03-16T18:29:55","slug":"smartpricing-recensione","status":"publish","type":"page","link":"https:\/\/www.accuratereviews.com\/it\/gestionali-hotel-lista\/smartpricing-recensione\/","title":{"rendered":"Smartpricing"},"content":{"rendered":"<p><strong>Smartpricing<\/strong> \u00e8 una <strong>soluzione gestionale per hotel<\/strong> per amministrare i prezzi della tua struttura e aumentare il tuo fatturato. Il software monitora i dati di hotel e mercato e valuta le prestazioni della tua struttura oltre 100 volte al giorno, senza che sia necessaria alcuna supervisione. Gli algoritmi intelligenti generano la tariffa pi\u00f9 redditizia in base alla domanda attuale, alla disponibilit\u00e0, alle tendenze e ai dati storici.<br \/>\nI prezzi ottimali per tutti i tipi di camera vengono pubblicati automaticamente sul tuo sito Web e sulle OTA, in tempo reale.<\/p>\n<h2>SMARTPRICING &#8211; TUTORIAL<\/h2>\n<div id=\"fluid-wrapper-counter-1\" class=\"g1-fluid-wrapper \" style=\"width:686px;\">\n<div style=\"padding-bottom:56.268221574344%;\"><iframe loading=\"lazy\" title=\"INVESTOR DAY | SMARTPRICING\" width=\"686\" height=\"386\" src=\"https:\/\/www.youtube.com\/embed\/8KecO8qZWAk?feature=oembed&amp;wmode=transparent&amp;autohide=1&amp;autoplay=0&amp;disablekb=0&amp;fs=1&amp;loop=0&amp;enablejsapi=1&amp;rel=0&amp;controls=2&amp;showinfo=0&amp;wmode=transparent&amp;autohide=2&amp;autoplay=0&amp;disablekb=0&amp;fs=1&amp;loop=0&amp;enablejsapi=1&amp;rel=0&amp;controls=2&amp;showinfo=1\" frameborder=\"0\" allow=\"accelerometer; autoplay; clipboard-write; encrypted-media; gyroscope; picture-in-picture; web-share\" allowfullscreen><\/iframe><\/div>\n<\/div>\n<h3>SMARTPRICING &#8211; CARATTERISTICHE<\/h3>\n<ul>\n<li><strong>Prezzi sempre aggiornati: <\/strong>la soluzione\u00a0ottimizza i prezzi di ogni tipologia di camera in modo dinamico e indipendente senza infrangere le gerarchie di prezzo. Poi li pubblica automaticamente su tutti i tuoi canali di vendita.<\/li>\n<li><strong>Revisione: <\/strong>in qualsiasi momento puoi agire sulle tariffe consigliate andando ad impostare un prezzo minimo, massimo o bloccato oppure ancora un determinato markup che vuoi ottenere dalla vendita delle camere. Questo lo puoi fare tenendo in considerazione le date e le diverse tipologie di camere.<\/li>\n<li><strong>Calendario interattivo<\/strong>: grazie al calendario interattivo puoi visualizzare i prezzi di vendita pubblicati per 365 giorni e conoscere in qualsiasi momento i giustificativi di prezzo ovvero i fattori che concorrono a determinare il prezzo ottimale di vendita delle tue camere secondo la soluzione. Tutto questo direttamente dal calendario.<\/li>\n<li><strong>Analisi: <\/strong>il software analizza le performance della tua struttura oltre 100 volte al giorno.<\/li>\n<li><strong>Gestione<\/strong>: l\u2019algoritmo intelligente lavora al posto tuo e genera la tariffa pi\u00f9 redditizia in base alla richiesta.<\/li>\n<li><strong>Automatizzazione<\/strong>: il programma\u00a0si integra con il tuo gestionale e il tuo channel manager pubblicando in automatico i prezzi sulle piattaforme.<\/li>\n<\/ul>\n<h4>LE RECENSIONI DEGLI UTENTI<\/h4>\n<p><strong>Marco &#8220;Ottimo per aumentare il Fatturato&#8221;<\/strong><br \/>\n<strong>Pro<\/strong>: Semplice, automatizzato, non mi fa perdere tempo grazie agli algoritmi intelligenti che fanno tutto per me. Posso anche mettere minimi e massimi di prezzo<br \/>\n<strong>Contro<\/strong>: Poca visibilit\u00e0 su cosa fa l&#8217;algoritmo, da migliorare<\/p>\n<p><strong>Carlo &#8220;Il futuro \u00e8 adesso&#8221;<\/strong><br \/>\n<strong>Commenti<\/strong>: Ho affidato a loro la gestione dei prezzi della mia struttura ricettiva da ormai due anni. Gi\u00e0 nella prima stagione l&#8217;aumento di fatturato \u00e8 stato notevole. L&#8217;anno scorso, nonostante la crisi covid, c&#8217;\u00e8 stato comunque un aumento di fatturato notevole.<br \/>\n<strong>Pro<\/strong>: Un sistema eccezionale di una semplicit\u00e0 disarmante per noi albergatori. Connettono tutto loro in automatico e fanno realmente aumentare in maniera considerevole il prezzo medio di vendita.<br \/>\n<strong>Contro<\/strong>: Nessun problema, nessun inconveniente, solo cose positive.<\/p>\n<p><strong>Paola &#8220;Prezzi del mio hotel sotto controllo&#8221;<\/strong><br \/>\n<strong>Pro<\/strong>: Ha un&#8217;interfaccia semplice e mi permette di guadagnare di pi\u00f9 vendendo camere che altrimenti non vendo e in alta stagione alzando i prezzi quando \u00e8 opportuno farlo. Un hotel medio piccolo come il nostro non pu\u00f2 permettersi un revenue manager esperto, ma con smartpricing abbiamo trovato la soluzione ideale.<br \/>\n<strong>Contro<\/strong>: Nessun inconveniente. I ragazzi del supporto sono collaborativi e ogni mese inviano una mail di controllo della strategia di vendita, che \u00e8 molto utile.<\/p>\n","protected":false},"excerpt":{"rendered":"<p>Smartpricing \u00e8 una soluzione gestionale per hotel per amministrare i prezzi della tua struttura e aumentare il tuo fatturato. Il software monitora i dati di hotel e mercato e valuta le prestazioni della tua struttura oltre 100 volte al giorno, senza che sia necessaria alcuna supervisione. Gli algoritmi intelligenti generano la tariffa pi\u00f9 redditizia in base alla domanda attuale, alla disponibilit\u00e0, alle tendenze e ai dati storici.<\/p>\n","protected":false},"author":19,"featured_media":67947,"parent":29585,"menu_order":0,"comment_status":"open","ping_status":"closed","template":"g1_template_page_review_new.php","meta":{"_acf_changed":false,"cwp_meta_box_check":"No","cwp_rev_product_name":"","cwp_rev_product_image":"","wppr_links":[],"cwp_rev_price":"","wppr_options":[],"wppr_pros":[],"wppr_cons":[],"_monsterinsights_skip_tracking":false,"_monsterinsights_sitenote_active":false,"_monsterinsights_sitenote_note":"","_monsterinsights_sitenote_category":0,"footnotes":""},"categories":[1720],"tags":[1743,1747,14173,1744,1729],"features":[],"class_list":{"0":"post-67943","1":"page","2":"type-page","3":"status-publish","4":"has-post-thumbnail","6":"category-gestionali-hotel-categoria","7":"tag-piattaforma-gestionale-hotel","8":"tag-programma-gestionale-hotel","9":"tag-smartpricing","10":"tag-software-gestionale-hotel","11":"tag-soluzione-gestionale-hotel"},"wppr_data":{"cwp_meta_box_check":"No"},"acf":[],"yoast_head":"<!-- This site is optimized with the Yoast SEO plugin v27.4 - https:\/\/yoast.com\/product\/yoast-seo-wordpress\/ -->\n<title>Smartpricing: recensione gestionale hotel - Accurate Reviews<\/title>\n<meta name=\"description\" content=\"Smartpricing: recensione soluzione gestionale per hotel per amministrare i prezzi della tua struttura e aumentare il tuo fatturato.\" \/>\n<meta name=\"robots\" content=\"index, follow, max-snippet:-1, max-image-preview:large, max-video-preview:-1\" \/>\n<link rel=\"canonical\" href=\"https:\/\/www.accuratereviews.com\/it\/gestionali-hotel-lista\/smartpricing-recensione\/\" \/>\n<meta property=\"og:locale\" content=\"it_IT\" \/>\n<meta property=\"og:type\" content=\"article\" \/>\n<meta property=\"og:title\" content=\"Smartpricing: recensione gestionale hotel - Accurate Reviews\" \/>\n<meta property=\"og:description\" content=\"Smartpricing: recensione soluzione gestionale per hotel per amministrare i prezzi della tua struttura e aumentare il tuo fatturato.\" \/>\n<meta property=\"og:url\" content=\"https:\/\/www.accuratereviews.com\/it\/gestionali-hotel-lista\/smartpricing-recensione\/\" \/>\n<meta property=\"og:site_name\" content=\"Accurate Reviews\" \/>\n<meta property=\"article:modified_time\" content=\"2023-03-16T18:29:55+00:00\" \/>\n<meta property=\"og:image\" content=\"https:\/\/www.accuratereviews.com\/wp-content\/uploads\/2023\/03\/Smartpricing.png\" \/>\n\t<meta property=\"og:image:width\" content=\"500\" \/>\n\t<meta property=\"og:image:height\" content=\"354\" \/>\n\t<meta property=\"og:image:type\" content=\"image\/png\" \/>\n<meta name=\"twitter:card\" content=\"summary_large_image\" \/>\n<meta name=\"twitter:label1\" content=\"Tempo di lettura stimato\" \/>\n\t<meta name=\"twitter:data1\" content=\"3 minuti\" \/>\n<script type=\"application\/ld+json\" class=\"yoast-schema-graph\">{\"@context\":\"https:\\\/\\\/schema.org\",\"@graph\":[{\"@type\":\"WebPage\",\"@id\":\"https:\\\/\\\/www.accuratereviews.com\\\/it\\\/gestionali-hotel-lista\\\/smartpricing-recensione\\\/\",\"url\":\"https:\\\/\\\/www.accuratereviews.com\\\/it\\\/gestionali-hotel-lista\\\/smartpricing-recensione\\\/\",\"name\":\"Smartpricing: recensione gestionale hotel - Accurate Reviews\",\"isPartOf\":{\"@id\":\"https:\\\/\\\/www.accuratereviews.com\\\/it\\\/#website\"},\"primaryImageOfPage\":{\"@id\":\"https:\\\/\\\/www.accuratereviews.com\\\/it\\\/gestionali-hotel-lista\\\/smartpricing-recensione\\\/#primaryimage\"},\"image\":{\"@id\":\"https:\\\/\\\/www.accuratereviews.com\\\/it\\\/gestionali-hotel-lista\\\/smartpricing-recensione\\\/#primaryimage\"},\"thumbnailUrl\":\"https:\\\/\\\/www.accuratereviews.com\\\/wp-content\\\/uploads\\\/2023\\\/03\\\/Smartpricing.png\",\"datePublished\":\"2023-03-14T13:16:36+00:00\",\"dateModified\":\"2023-03-16T18:29:55+00:00\",\"description\":\"Smartpricing: recensione soluzione gestionale per hotel per amministrare i prezzi della tua struttura e aumentare il tuo fatturato.\",\"breadcrumb\":{\"@id\":\"https:\\\/\\\/www.accuratereviews.com\\\/it\\\/gestionali-hotel-lista\\\/smartpricing-recensione\\\/#breadcrumb\"},\"inLanguage\":\"it-IT\",\"potentialAction\":[{\"@type\":\"ReadAction\",\"target\":[\"https:\\\/\\\/www.accuratereviews.com\\\/it\\\/gestionali-hotel-lista\\\/smartpricing-recensione\\\/\"]}]},{\"@type\":\"ImageObject\",\"inLanguage\":\"it-IT\",\"@id\":\"https:\\\/\\\/www.accuratereviews.com\\\/it\\\/gestionali-hotel-lista\\\/smartpricing-recensione\\\/#primaryimage\",\"url\":\"https:\\\/\\\/www.accuratereviews.com\\\/wp-content\\\/uploads\\\/2023\\\/03\\\/Smartpricing.png\",\"contentUrl\":\"https:\\\/\\\/www.accuratereviews.com\\\/wp-content\\\/uploads\\\/2023\\\/03\\\/Smartpricing.png\",\"width\":500,\"height\":354},{\"@type\":\"BreadcrumbList\",\"@id\":\"https:\\\/\\\/www.accuratereviews.com\\\/it\\\/gestionali-hotel-lista\\\/smartpricing-recensione\\\/#breadcrumb\",\"itemListElement\":[{\"@type\":\"ListItem\",\"position\":1,\"name\":\"Home\",\"item\":\"https:\\\/\\\/www.accuratereviews.com\\\/it\\\/\"},{\"@type\":\"ListItem\",\"position\":2,\"name\":\"Gestionali per hotel\",\"item\":\"https:\\\/\\\/www.accuratereviews.com\\\/it\\\/gestionali-hotel-lista\\\/\"},{\"@type\":\"ListItem\",\"position\":3,\"name\":\"Smartpricing\"}]},{\"@type\":\"WebSite\",\"@id\":\"https:\\\/\\\/www.accuratereviews.com\\\/it\\\/#website\",\"url\":\"https:\\\/\\\/www.accuratereviews.com\\\/it\\\/\",\"name\":\"Accurate Reviews\",\"description\":\"\",\"potentialAction\":[{\"@type\":\"SearchAction\",\"target\":{\"@type\":\"EntryPoint\",\"urlTemplate\":\"https:\\\/\\\/www.accuratereviews.com\\\/it\\\/?s={search_term_string}\"},\"query-input\":{\"@type\":\"PropertyValueSpecification\",\"valueRequired\":true,\"valueName\":\"search_term_string\"}}],\"inLanguage\":\"it-IT\"}]}<\/script>\n<!-- \/ Yoast SEO plugin. -->","yoast_head_json":{"title":"Smartpricing: recensione gestionale hotel - Accurate Reviews","description":"Smartpricing: recensione soluzione gestionale per hotel per amministrare i prezzi della tua struttura e aumentare il tuo fatturato.","robots":{"index":"index","follow":"follow","max-snippet":"max-snippet:-1","max-image-preview":"max-image-preview:large","max-video-preview":"max-video-preview:-1"},"canonical":"https:\/\/www.accuratereviews.com\/it\/gestionali-hotel-lista\/smartpricing-recensione\/","og_locale":"it_IT","og_type":"article","og_title":"Smartpricing: recensione gestionale hotel - Accurate Reviews","og_description":"Smartpricing: recensione soluzione gestionale per hotel per amministrare i prezzi della tua struttura e aumentare il tuo fatturato.","og_url":"https:\/\/www.accuratereviews.com\/it\/gestionali-hotel-lista\/smartpricing-recensione\/","og_site_name":"Accurate Reviews","article_modified_time":"2023-03-16T18:29:55+00:00","og_image":[{"width":500,"height":354,"url":"https:\/\/www.accuratereviews.com\/wp-content\/uploads\/2023\/03\/Smartpricing.png","type":"image\/png"}],"twitter_card":"summary_large_image","twitter_misc":{"Tempo di lettura stimato":"3 minuti"},"schema":{"@context":"https:\/\/schema.org","@graph":[{"@type":"WebPage","@id":"https:\/\/www.accuratereviews.com\/it\/gestionali-hotel-lista\/smartpricing-recensione\/","url":"https:\/\/www.accuratereviews.com\/it\/gestionali-hotel-lista\/smartpricing-recensione\/","name":"Smartpricing: recensione gestionale hotel - Accurate Reviews","isPartOf":{"@id":"https:\/\/www.accuratereviews.com\/it\/#website"},"primaryImageOfPage":{"@id":"https:\/\/www.accuratereviews.com\/it\/gestionali-hotel-lista\/smartpricing-recensione\/#primaryimage"},"image":{"@id":"https:\/\/www.accuratereviews.com\/it\/gestionali-hotel-lista\/smartpricing-recensione\/#primaryimage"},"thumbnailUrl":"https:\/\/www.accuratereviews.com\/wp-content\/uploads\/2023\/03\/Smartpricing.png","datePublished":"2023-03-14T13:16:36+00:00","dateModified":"2023-03-16T18:29:55+00:00","description":"Smartpricing: recensione soluzione gestionale per hotel per amministrare i prezzi della tua struttura e aumentare il tuo fatturato.","breadcrumb":{"@id":"https:\/\/www.accuratereviews.com\/it\/gestionali-hotel-lista\/smartpricing-recensione\/#breadcrumb"},"inLanguage":"it-IT","potentialAction":[{"@type":"ReadAction","target":["https:\/\/www.accuratereviews.com\/it\/gestionali-hotel-lista\/smartpricing-recensione\/"]}]},{"@type":"ImageObject","inLanguage":"it-IT","@id":"https:\/\/www.accuratereviews.com\/it\/gestionali-hotel-lista\/smartpricing-recensione\/#primaryimage","url":"https:\/\/www.accuratereviews.com\/wp-content\/uploads\/2023\/03\/Smartpricing.png","contentUrl":"https:\/\/www.accuratereviews.com\/wp-content\/uploads\/2023\/03\/Smartpricing.png","width":500,"height":354},{"@type":"BreadcrumbList","@id":"https:\/\/www.accuratereviews.com\/it\/gestionali-hotel-lista\/smartpricing-recensione\/#breadcrumb","itemListElement":[{"@type":"ListItem","position":1,"name":"Home","item":"https:\/\/www.accuratereviews.com\/it\/"},{"@type":"ListItem","position":2,"name":"Gestionali per hotel","item":"https:\/\/www.accuratereviews.com\/it\/gestionali-hotel-lista\/"},{"@type":"ListItem","position":3,"name":"Smartpricing"}]},{"@type":"WebSite","@id":"https:\/\/www.accuratereviews.com\/it\/#website","url":"https:\/\/www.accuratereviews.com\/it\/","name":"Accurate Reviews","description":"","potentialAction":[{"@type":"SearchAction","target":{"@type":"EntryPoint","urlTemplate":"https:\/\/www.accuratereviews.com\/it\/?s={search_term_string}"},"query-input":{"@type":"PropertyValueSpecification","valueRequired":true,"valueName":"search_term_string"}}],"inLanguage":"it-IT"}]}},"_links":{"self":[{"href":"https:\/\/www.accuratereviews.com\/it\/wp-json\/wp\/v2\/pages\/67943","targetHints":{"allow":["GET"]}}],"collection":[{"href":"https:\/\/www.accuratereviews.com\/it\/wp-json\/wp\/v2\/pages"}],"about":[{"href":"https:\/\/www.accuratereviews.com\/it\/wp-json\/wp\/v2\/types\/page"}],"author":[{"embeddable":true,"href":"https:\/\/www.accuratereviews.com\/it\/wp-json\/wp\/v2\/users\/19"}],"replies":[{"embeddable":true,"href":"https:\/\/www.accuratereviews.com\/it\/wp-json\/wp\/v2\/comments?post=67943"}],"version-history":[{"count":10,"href":"https:\/\/www.accuratereviews.com\/it\/wp-json\/wp\/v2\/pages\/67943\/revisions"}],"predecessor-version":[{"id":68046,"href":"https:\/\/www.accuratereviews.com\/it\/wp-json\/wp\/v2\/pages\/67943\/revisions\/68046"}],"up":[{"embeddable":true,"href":"https:\/\/www.accuratereviews.com\/it\/wp-json\/wp\/v2\/pages\/29585"}],"wp:featuredmedia":[{"embeddable":true,"href":"https:\/\/www.accuratereviews.com\/it\/wp-json\/wp\/v2\/media\/67947"}],"wp:attachment":[{"href":"https:\/\/www.accuratereviews.com\/it\/wp-json\/wp\/v2\/media?parent=67943"}],"wp:term":[{"taxonomy":"category","embeddable":true,"href":"https:\/\/www.accuratereviews.com\/it\/wp-json\/wp\/v2\/categories?post=67943"},{"taxonomy":"post_tag","embeddable":true,"href":"https:\/\/www.accuratereviews.com\/it\/wp-json\/wp\/v2\/tags?post=67943"},{"taxonomy":"features","embeddable":true,"href":"https:\/\/www.accuratereviews.com\/it\/wp-json\/wp\/v2\/features?post=67943"}],"curies":[{"name":"wp","href":"https:\/\/api.w.org\/{rel}","templated":true}]}}