{"id":6797,"date":"2016-12-02T13:10:58","date_gmt":"2016-12-02T13:10:58","guid":{"rendered":"http:\/\/www.accuratereviews.com\/?page_id=6797\/"},"modified":"2016-12-02T13:54:30","modified_gmt":"2016-12-02T13:54:30","slug":"surething-disc-labeler","status":"publish","type":"page","link":"https:\/\/www.accuratereviews.com\/it\/etichette-migliori-software-lista\/surething-disc-labeler\/","title":{"rendered":"SureThing Disc Labeler"},"content":{"rendered":"<p><a href=\"http:\/\/www.accuratereviews.com\/wp-content\/uploads\/2016\/04\/SureThing.jpg\" rel=\"attachment wp-att-4087\"><img loading=\"lazy\" decoding=\"async\" class=\"aligncenter size-full wp-image-4087\" src=\"http:\/\/www.accuratereviews.com\/wp-content\/uploads\/2016\/04\/SureThing.jpg\" alt=\"SureThing\" width=\"460\" height=\"345\" srcset=\"https:\/\/www.accuratereviews.com\/wp-content\/uploads\/2016\/04\/SureThing.jpg 460w, https:\/\/www.accuratereviews.com\/wp-content\/uploads\/2016\/04\/SureThing-300x225.jpg 300w, https:\/\/www.accuratereviews.com\/wp-content\/uploads\/2016\/04\/SureThing-167x125.jpg 167w, https:\/\/www.accuratereviews.com\/wp-content\/uploads\/2016\/04\/SureThing-50x38.jpg 50w, https:\/\/www.accuratereviews.com\/wp-content\/uploads\/2016\/04\/SureThing-320x240.jpg 320w, https:\/\/www.accuratereviews.com\/wp-content\/uploads\/2016\/04\/SureThing-239x179.jpg 239w\" sizes=\"auto, (max-width: 460px) 100vw, 460px\" \/><\/a><\/p>\n<p><strong>SureThing Disc Labeler \u00e8 una soluzione per creare etichette per CD, DVD, mini CD, Blu-Ray<\/strong>, biglietti da visita su CD e persino su vinili; in pi\u00f9 potete creare tracklist per i vostri CD e usare Design Cloud, una risorsa online senza limiti che vi d\u00e0 accesso a idde di grafica e clip art. <strong>Potete modificare o rimpicciolire le vostre etichette<\/strong>, aggiungendo un\u2019immagine di sfondo o importando una foto senza distorsioni grazie alle grafiche vettoriali. Ci sono anche funzionalit\u00e0 basilari di photo editing.<\/p>\n<p>Si pu\u00f2 personalizzare anche il colore, il font e la dimensione del testo. Non sapete come creare un\u2019etichetta? Non vi preoccupate: <strong>SureThing vi offre 5000 template per carta e desgin gi\u00e0 pronti tra cui scegliere<\/strong>. Se vi serve una grafica personalizzata, potete chiederla direttamente a SureThing attraverso la Design Cloud. Le etichette possono essere esportate in JPEG o PNG.<\/p>\n<p><strong>Il gestore di tracklist funziona con Windows Media Player, RealPlayer, iTunes, Winamp<\/strong> e molti degli altri lettori di musica e permette di importare nomi degli artisti e titoli delle canzoni dal vostro disco fisso direttamente sull\u2019etichetta del CD. <strong>L\u2019importo non \u00e8 cos\u00ec facile come sembra<\/strong>, ma potete modificare velocemente i dati della playlist aggiungendo o rimuovendo le informazioni che volete.<\/p>\n<p><strong>SureThing supporta qualsiasi marca di etichette<\/strong>, e potete rendere riconoscibile un\u2019etichetta per le dimensioni o il tipo. \u00c8 a disposizione degli utenti una knowledge base, con tutorial. Il supporto clienti \u00e8 disponibile attraverso Design Cloud, email o telefono.<\/p>\n<p><strong>Il costo di SureThing \u00e8 ragionevole<\/strong>: potete comprare l\u2019edizione base per 19.95$ o spendere 34.95 per l\u2019edizione Deluxe. Potete anche usare la versione di prova.<\/p>\n","protected":false},"excerpt":{"rendered":"<p>SureThing Disc Labeler \u00e8 una soluzione per creare etichette per CD, DVD, mini CD, Blu-Ray, biglietti da visita su CD e persino su vinili; in pi\u00f9 potete creare tracklist per i vostri CD e usare Design Cloud, una risorsa online senza limiti che vi d\u00e0 accesso a idde di grafica e clip art.<\/p>\n","protected":false},"author":16,"featured_media":0,"parent":5597,"menu_order":6,"comment_status":"open","ping_status":"closed","template":"g1_template_page_review_new.php","meta":{"_acf_changed":false,"cwp_meta_box_check":"Yes","cwp_rev_product_name":"","cwp_rev_product_image":"","wppr_links":[],"cwp_rev_price":"","wppr_options":[],"wppr_pros":[],"wppr_cons":[],"_monsterinsights_skip_tracking":false,"_monsterinsights_sitenote_active":false,"_monsterinsights_sitenote_note":"","_monsterinsights_sitenote_category":0,"footnotes":""},"categories":[105],"tags":[],"features":[],"class_list":{"0":"post-6797","1":"page","2":"type-page","3":"status-publish","5":"category-software-per-etichette"},"wppr_data":{"cwp_meta_box_check":"Yes","cwp_rev_product_name":"","cwp_rev_product_image":"","cwp_image_link":"image","cwp_rev_price":"","wppr_rating":"0.00"},"acf":[],"yoast_head":"<!-- This site is optimized with the Yoast SEO plugin v27.4 - https:\/\/yoast.com\/product\/yoast-seo-wordpress\/ -->\n<title>SureThing recensione software per etichette | Accurate Reviews<\/title>\n<meta name=\"description\" content=\"SureThing Disc Labeler \u00e8 una soluzione per creare etichette per CD, DVD, mini CD, Blu-Ray, biglietti da visita su CD e persino su vinili.\" \/>\n<meta name=\"robots\" content=\"index, follow, max-snippet:-1, max-image-preview:large, max-video-preview:-1\" \/>\n<link rel=\"canonical\" href=\"https:\/\/www.accuratereviews.com\/it\/etichette-migliori-software-lista\/surething-disc-labeler\/\" \/>\n<meta property=\"og:locale\" content=\"it_IT\" \/>\n<meta property=\"og:type\" content=\"article\" \/>\n<meta property=\"og:title\" content=\"SureThing recensione software per etichette | Accurate Reviews\" \/>\n<meta property=\"og:description\" content=\"SureThing Disc Labeler \u00e8 una soluzione per creare etichette per CD, DVD, mini CD, Blu-Ray, biglietti da visita su CD e persino su vinili.\" \/>\n<meta property=\"og:url\" content=\"https:\/\/www.accuratereviews.com\/it\/etichette-migliori-software-lista\/surething-disc-labeler\/\" \/>\n<meta property=\"og:site_name\" content=\"Accurate Reviews\" \/>\n<meta property=\"article:modified_time\" content=\"2016-12-02T13:54:30+00:00\" \/>\n<meta property=\"og:image\" content=\"http:\/\/www.accuratereviews.com\/wp-content\/uploads\/2016\/04\/SureThing.jpg\" \/>\n<meta name=\"twitter:card\" content=\"summary_large_image\" \/>\n<meta name=\"twitter:label1\" content=\"Tempo di lettura stimato\" \/>\n\t<meta name=\"twitter:data1\" content=\"1 minuto\" \/>\n<script type=\"application\/ld+json\" class=\"yoast-schema-graph\">{\"@context\":\"https:\\\/\\\/schema.org\",\"@graph\":[{\"@type\":\"WebPage\",\"@id\":\"https:\\\/\\\/www.accuratereviews.com\\\/it\\\/etichette-migliori-software-lista\\\/surething-disc-labeler\\\/\",\"url\":\"https:\\\/\\\/www.accuratereviews.com\\\/it\\\/etichette-migliori-software-lista\\\/surething-disc-labeler\\\/\",\"name\":\"SureThing recensione software per etichette | Accurate Reviews\",\"isPartOf\":{\"@id\":\"https:\\\/\\\/www.accuratereviews.com\\\/it\\\/#website\"},\"primaryImageOfPage\":{\"@id\":\"https:\\\/\\\/www.accuratereviews.com\\\/it\\\/etichette-migliori-software-lista\\\/surething-disc-labeler\\\/#primaryimage\"},\"image\":{\"@id\":\"https:\\\/\\\/www.accuratereviews.com\\\/it\\\/etichette-migliori-software-lista\\\/surething-disc-labeler\\\/#primaryimage\"},\"thumbnailUrl\":\"http:\\\/\\\/www.accuratereviews.com\\\/wp-content\\\/uploads\\\/2016\\\/04\\\/SureThing.jpg\",\"datePublished\":\"2016-12-02T13:10:58+00:00\",\"dateModified\":\"2016-12-02T13:54:30+00:00\",\"description\":\"SureThing Disc Labeler \u00e8 una soluzione per creare etichette per CD, DVD, mini CD, Blu-Ray, biglietti da visita su CD e persino su vinili.\",\"breadcrumb\":{\"@id\":\"https:\\\/\\\/www.accuratereviews.com\\\/it\\\/etichette-migliori-software-lista\\\/surething-disc-labeler\\\/#breadcrumb\"},\"inLanguage\":\"it-IT\",\"potentialAction\":[{\"@type\":\"ReadAction\",\"target\":[\"https:\\\/\\\/www.accuratereviews.com\\\/it\\\/etichette-migliori-software-lista\\\/surething-disc-labeler\\\/\"]}]},{\"@type\":\"ImageObject\",\"inLanguage\":\"it-IT\",\"@id\":\"https:\\\/\\\/www.accuratereviews.com\\\/it\\\/etichette-migliori-software-lista\\\/surething-disc-labeler\\\/#primaryimage\",\"url\":\"http:\\\/\\\/www.accuratereviews.com\\\/wp-content\\\/uploads\\\/2016\\\/04\\\/SureThing.jpg\",\"contentUrl\":\"http:\\\/\\\/www.accuratereviews.com\\\/wp-content\\\/uploads\\\/2016\\\/04\\\/SureThing.jpg\"},{\"@type\":\"BreadcrumbList\",\"@id\":\"https:\\\/\\\/www.accuratereviews.com\\\/it\\\/etichette-migliori-software-lista\\\/surething-disc-labeler\\\/#breadcrumb\",\"itemListElement\":[{\"@type\":\"ListItem\",\"position\":1,\"name\":\"Home\",\"item\":\"https:\\\/\\\/www.accuratereviews.com\\\/it\\\/\"},{\"@type\":\"ListItem\",\"position\":2,\"name\":\"Etichette: i software migliori\",\"item\":\"https:\\\/\\\/www.accuratereviews.com\\\/it\\\/etichette-migliori-software-lista\\\/\"},{\"@type\":\"ListItem\",\"position\":3,\"name\":\"SureThing Disc Labeler\"}]},{\"@type\":\"WebSite\",\"@id\":\"https:\\\/\\\/www.accuratereviews.com\\\/it\\\/#website\",\"url\":\"https:\\\/\\\/www.accuratereviews.com\\\/it\\\/\",\"name\":\"Accurate Reviews\",\"description\":\"\",\"potentialAction\":[{\"@type\":\"SearchAction\",\"target\":{\"@type\":\"EntryPoint\",\"urlTemplate\":\"https:\\\/\\\/www.accuratereviews.com\\\/it\\\/?s={search_term_string}\"},\"query-input\":{\"@type\":\"PropertyValueSpecification\",\"valueRequired\":true,\"valueName\":\"search_term_string\"}}],\"inLanguage\":\"it-IT\"}]}<\/script>\n<!-- \/ Yoast SEO plugin. -->","yoast_head_json":{"title":"SureThing recensione software per etichette | Accurate Reviews","description":"SureThing Disc Labeler \u00e8 una soluzione per creare etichette per CD, DVD, mini CD, Blu-Ray, biglietti da visita su CD e persino su vinili.","robots":{"index":"index","follow":"follow","max-snippet":"max-snippet:-1","max-image-preview":"max-image-preview:large","max-video-preview":"max-video-preview:-1"},"canonical":"https:\/\/www.accuratereviews.com\/it\/etichette-migliori-software-lista\/surething-disc-labeler\/","og_locale":"it_IT","og_type":"article","og_title":"SureThing recensione software per etichette | Accurate Reviews","og_description":"SureThing Disc Labeler \u00e8 una soluzione per creare etichette per CD, DVD, mini CD, Blu-Ray, biglietti da visita su CD e persino su vinili.","og_url":"https:\/\/www.accuratereviews.com\/it\/etichette-migliori-software-lista\/surething-disc-labeler\/","og_site_name":"Accurate Reviews","article_modified_time":"2016-12-02T13:54:30+00:00","og_image":[{"url":"http:\/\/www.accuratereviews.com\/wp-content\/uploads\/2016\/04\/SureThing.jpg","type":"","width":"","height":""}],"twitter_card":"summary_large_image","twitter_misc":{"Tempo di lettura stimato":"1 minuto"},"schema":{"@context":"https:\/\/schema.org","@graph":[{"@type":"WebPage","@id":"https:\/\/www.accuratereviews.com\/it\/etichette-migliori-software-lista\/surething-disc-labeler\/","url":"https:\/\/www.accuratereviews.com\/it\/etichette-migliori-software-lista\/surething-disc-labeler\/","name":"SureThing recensione software per etichette | Accurate Reviews","isPartOf":{"@id":"https:\/\/www.accuratereviews.com\/it\/#website"},"primaryImageOfPage":{"@id":"https:\/\/www.accuratereviews.com\/it\/etichette-migliori-software-lista\/surething-disc-labeler\/#primaryimage"},"image":{"@id":"https:\/\/www.accuratereviews.com\/it\/etichette-migliori-software-lista\/surething-disc-labeler\/#primaryimage"},"thumbnailUrl":"http:\/\/www.accuratereviews.com\/wp-content\/uploads\/2016\/04\/SureThing.jpg","datePublished":"2016-12-02T13:10:58+00:00","dateModified":"2016-12-02T13:54:30+00:00","description":"SureThing Disc Labeler \u00e8 una soluzione per creare etichette per CD, DVD, mini CD, Blu-Ray, biglietti da visita su CD e persino su vinili.","breadcrumb":{"@id":"https:\/\/www.accuratereviews.com\/it\/etichette-migliori-software-lista\/surething-disc-labeler\/#breadcrumb"},"inLanguage":"it-IT","potentialAction":[{"@type":"ReadAction","target":["https:\/\/www.accuratereviews.com\/it\/etichette-migliori-software-lista\/surething-disc-labeler\/"]}]},{"@type":"ImageObject","inLanguage":"it-IT","@id":"https:\/\/www.accuratereviews.com\/it\/etichette-migliori-software-lista\/surething-disc-labeler\/#primaryimage","url":"http:\/\/www.accuratereviews.com\/wp-content\/uploads\/2016\/04\/SureThing.jpg","contentUrl":"http:\/\/www.accuratereviews.com\/wp-content\/uploads\/2016\/04\/SureThing.jpg"},{"@type":"BreadcrumbList","@id":"https:\/\/www.accuratereviews.com\/it\/etichette-migliori-software-lista\/surething-disc-labeler\/#breadcrumb","itemListElement":[{"@type":"ListItem","position":1,"name":"Home","item":"https:\/\/www.accuratereviews.com\/it\/"},{"@type":"ListItem","position":2,"name":"Etichette: i software migliori","item":"https:\/\/www.accuratereviews.com\/it\/etichette-migliori-software-lista\/"},{"@type":"ListItem","position":3,"name":"SureThing Disc Labeler"}]},{"@type":"WebSite","@id":"https:\/\/www.accuratereviews.com\/it\/#website","url":"https:\/\/www.accuratereviews.com\/it\/","name":"Accurate Reviews","description":"","potentialAction":[{"@type":"SearchAction","target":{"@type":"EntryPoint","urlTemplate":"https:\/\/www.accuratereviews.com\/it\/?s={search_term_string}"},"query-input":{"@type":"PropertyValueSpecification","valueRequired":true,"valueName":"search_term_string"}}],"inLanguage":"it-IT"}]}},"_links":{"self":[{"href":"https:\/\/www.accuratereviews.com\/it\/wp-json\/wp\/v2\/pages\/6797","targetHints":{"allow":["GET"]}}],"collection":[{"href":"https:\/\/www.accuratereviews.com\/it\/wp-json\/wp\/v2\/pages"}],"about":[{"href":"https:\/\/www.accuratereviews.com\/it\/wp-json\/wp\/v2\/types\/page"}],"author":[{"embeddable":true,"href":"https:\/\/www.accuratereviews.com\/it\/wp-json\/wp\/v2\/users\/16"}],"replies":[{"embeddable":true,"href":"https:\/\/www.accuratereviews.com\/it\/wp-json\/wp\/v2\/comments?post=6797"}],"version-history":[{"count":5,"href":"https:\/\/www.accuratereviews.com\/it\/wp-json\/wp\/v2\/pages\/6797\/revisions"}],"predecessor-version":[{"id":6802,"href":"https:\/\/www.accuratereviews.com\/it\/wp-json\/wp\/v2\/pages\/6797\/revisions\/6802"}],"up":[{"embeddable":true,"href":"https:\/\/www.accuratereviews.com\/it\/wp-json\/wp\/v2\/pages\/5597"}],"wp:attachment":[{"href":"https:\/\/www.accuratereviews.com\/it\/wp-json\/wp\/v2\/media?parent=6797"}],"wp:term":[{"taxonomy":"category","embeddable":true,"href":"https:\/\/www.accuratereviews.com\/it\/wp-json\/wp\/v2\/categories?post=6797"},{"taxonomy":"post_tag","embeddable":true,"href":"https:\/\/www.accuratereviews.com\/it\/wp-json\/wp\/v2\/tags?post=6797"},{"taxonomy":"features","embeddable":true,"href":"https:\/\/www.accuratereviews.com\/it\/wp-json\/wp\/v2\/features?post=6797"}],"curies":[{"name":"wp","href":"https:\/\/api.w.org\/{rel}","templated":true}]}}