{"id":6803,"date":"2016-12-05T08:36:12","date_gmt":"2016-12-05T08:36:12","guid":{"rendered":"http:\/\/www.accuratereviews.com\/?page_id=6803\/"},"modified":"2016-12-06T10:00:01","modified_gmt":"2016-12-06T10:00:01","slug":"sendinblue","status":"publish","type":"page","link":"https:\/\/www.accuratereviews.com\/it\/newsletter-migliori-software-lista\/sendinblue\/","title":{"rendered":"SendinBlue"},"content":{"rendered":"<p><a href=\"http:\/\/www.accuratereviews.com\/wp-content\/uploads\/2016\/12\/Schermata-2016-12-05-alle-10.36.40.png\"><img loading=\"lazy\" decoding=\"async\" class=\"aligncenter size-large wp-image-6809\" src=\"http:\/\/www.accuratereviews.com\/wp-content\/uploads\/2016\/12\/Schermata-2016-12-05-alle-10.36.40-1024x608.png\" alt=\"SendinBlue\" width=\"686\" height=\"407\" srcset=\"https:\/\/www.accuratereviews.com\/wp-content\/uploads\/2016\/12\/Schermata-2016-12-05-alle-10.36.40-1024x608.png 1024w, https:\/\/www.accuratereviews.com\/wp-content\/uploads\/2016\/12\/Schermata-2016-12-05-alle-10.36.40-300x178.png 300w, https:\/\/www.accuratereviews.com\/wp-content\/uploads\/2016\/12\/Schermata-2016-12-05-alle-10.36.40-768x456.png 768w, https:\/\/www.accuratereviews.com\/wp-content\/uploads\/2016\/12\/Schermata-2016-12-05-alle-10.36.40-211x125.png 211w, https:\/\/www.accuratereviews.com\/wp-content\/uploads\/2016\/12\/Schermata-2016-12-05-alle-10.36.40-50x30.png 50w, https:\/\/www.accuratereviews.com\/wp-content\/uploads\/2016\/12\/Schermata-2016-12-05-alle-10.36.40-968x575.png 968w, https:\/\/www.accuratereviews.com\/wp-content\/uploads\/2016\/12\/Schermata-2016-12-05-alle-10.36.40-636x378.png 636w, https:\/\/www.accuratereviews.com\/wp-content\/uploads\/2016\/12\/Schermata-2016-12-05-alle-10.36.40-320x190.png 320w, https:\/\/www.accuratereviews.com\/wp-content\/uploads\/2016\/12\/Schermata-2016-12-05-alle-10.36.40-239x142.png 239w, https:\/\/www.accuratereviews.com\/wp-content\/uploads\/2016\/12\/Schermata-2016-12-05-alle-10.36.40.png 1487w\" sizes=\"auto, (max-width: 686px) 100vw, 686px\" \/><\/a><\/p>\n<p><strong>SendinBlue \u00e8 un popolare <a href=\"https:\/\/www.accuratereviews.com\/it\/newsletter-migliori-software-guida\/\" target=\"_blank\">servizio di email marketing<\/a><\/strong>, uno dei pi\u00f9 popolari attualmente, e costituisce un\u2019<strong>economica alternativa a Mailchimp<\/strong> per tutte le attivit\u00e0 di marketing e e-commerce. Ci\u00f2 che rende questo servizio un&#8217;opzione interessante \u00e8 la possibilit\u00e0 di declinarne le numerose funzioni su particolari esigenze esigenze: <strong>email marketing, email transazionali e messaggi di testo<\/strong>.<\/p>\n<p>C&#8217;\u00e8 da dire che SendinBlue non offre tutte le funzionalit\u00e0 offerte da alcuni dei maggiori concorrenti, ma include tutti gli strumenti necessari a inviare un&#8217;email dall&#8217;aspetto professionale e credibile. L&#8217;interfaccia utente non \u00e8 caratterizzata da un design sfavillante come ci si potrebbe aspettare, ma non richiede alcuna competenza tecnica; un team di esperti e dei <strong>tutorial dettagliati<\/strong> vi guideranno passo passo nel caso in cui siate alle prime armi.<\/p>\n<div id=\"fluid-wrapper-counter-1\" class=\"g1-fluid-wrapper \" style=\"width:686px;\"><div style=\"padding-bottom:56.268221574344%;\"><iframe loading=\"lazy\" width=\"686\" height=\"386\" src=\"https:\/\/www.youtube.com\/embed\/vmC5zhV3J_8?start=2&#038;feature=oembed&amp;wmode=transparent&amp;autohide=1&amp;autoplay=0&amp;disablekb=0&amp;fs=1&amp;loop=0&amp;enablejsapi=1&amp;rel=0&amp;controls=2&amp;showinfo=0&amp;wmode=transparent&amp;autohide=2&amp;autoplay=0&amp;disablekb=0&amp;fs=1&amp;loop=0&amp;enablejsapi=1&amp;rel=0&amp;controls=2&amp;showinfo=1\" frameborder=\"0\" allowfullscreen><\/iframe><\/div><\/div>\n<p>Con SendinBlue \u00e8 anche possibile <strong>creare e inviare email transazionali<\/strong>, ma in questo caso \u00e8 richiesta qualche competenza tecnica (il minimo indispensabile, per dire la verit\u00e0): \u00e8 necessario collegare il proprio sito web al servizio SMTP di SendinBlue e alle sue API. Nessuna paura: basta copiare e incollare nel codice sorgente del sito web uno script di SendinBlue. Se la vostra campagna marketing pu\u00f2 trarre vantaggio dall&#8217;<strong>invio di SMS promozionali<\/strong>, SendinBlue ve ne offre gli strumenti. Per l&#8217;utilizzo dei messaggi di testo \u00e8 necessario pagare un supplemento.<\/p>\n<p>Grazie all&#8217;immediatezza dell&#8217;interfaccia, <strong>importare o costruire una lista di contatti in SendinBlue \u00e8 semplice<\/strong>. Questo servizio si integra senza difficolt\u00e0 con molte piattaforme di ecommerce, CMS e utili applicazioni. Per una campagna di successo \u00e8 necessaria un&#8217;analisi in tempo reale dei risultati ottenuti: <strong>SendinBlue include strumenti di analisi<\/strong> sia sul successo delle email che degli SMS. \u00c8 possibile tenere traccia, in modo dettagliato, di come il consumatore reagisce ai messaggi. \u00c8 molto semplice anche condividere le campagne sui social.<\/p>\n<p>Il team di supporto clienti SendinBlue \u00e8 disponibile per telefono, email o online. <strong>SendinBlue \u00e8 particolarmente conveniente<\/strong> e offre prezzi in base al numero di email e SMS inviati. Esiste un piano gratuito che permette di inviare fino a 9.000 email al mese, con contatti illimitati. Seguono altri tre piani di prezzo sempre basati sul numero di invii per mese:<\/p>\n<ul>\n<li>5.49\u20ac al mese per 40.000 email\/mese;<\/li>\n<li>29\u20ac al mese per 60.000 email\/mese;<\/li>\n<li>49\u20ac al mese per 120.000 email\/mese.<\/li>\n<\/ul>\n<p>Per volumi superiori \u00e8 possibile richiedere una tariffa personalizzata.<\/p>\n<p>SendinBlue ha interfaccia in lingua italiana.<\/p>\n","protected":false},"excerpt":{"rendered":"<p>SendinBlue \u00e8 un popolare servizio di email marketing, uno dei pi\u00f9 popolari attualmente, e costituisce un\u2019economica alternativa a Mailchimp per tutte le attivit\u00e0 di marketing e e-commerce. <\/p>\n","protected":false},"author":16,"featured_media":15911,"parent":5555,"menu_order":33,"comment_status":"open","ping_status":"closed","template":"g1_template_page_review_new.php","meta":{"_acf_changed":false,"cwp_meta_box_check":"Yes","cwp_rev_product_name":"","cwp_rev_product_image":"","wppr_links":[],"cwp_rev_price":"","wppr_options":[],"wppr_pros":[],"wppr_cons":[],"_monsterinsights_skip_tracking":false,"_monsterinsights_sitenote_active":false,"_monsterinsights_sitenote_note":"","_monsterinsights_sitenote_category":0,"footnotes":""},"categories":[106,108],"tags":[],"features":[],"class_list":{"0":"post-6803","1":"page","2":"type-page","3":"status-publish","4":"has-post-thumbnail","6":"category-email-marketing-it","7":"category-newsletter"},"wppr_data":{"cwp_meta_box_check":"Yes","cwp_rev_product_name":"","cwp_rev_product_image":"","cwp_image_link":"image","cwp_rev_price":"","wppr_rating":"0.00"},"acf":[],"yoast_head":"<!-- This site is optimized with the Yoast SEO plugin v27.4 - https:\/\/yoast.com\/product\/yoast-seo-wordpress\/ -->\n<title>SendinBlue, la recensione del servizio di email marketing<\/title>\n<meta name=\"description\" content=\"SendinBlue \u00e8 una delle alternative pi\u00f9 popolari ed economiche al colosso MailChimp, anche se un po&#039; carente dal punto di vista dei template.\" \/>\n<meta name=\"robots\" content=\"index, follow, max-snippet:-1, max-image-preview:large, max-video-preview:-1\" \/>\n<link rel=\"canonical\" href=\"https:\/\/www.accuratereviews.com\/it\/newsletter-migliori-software-lista\/sendinblue\/\" \/>\n<meta property=\"og:locale\" content=\"it_IT\" \/>\n<meta property=\"og:type\" content=\"article\" \/>\n<meta property=\"og:title\" content=\"SendinBlue, la recensione del servizio di email marketing\" \/>\n<meta property=\"og:description\" content=\"SendinBlue \u00e8 una delle alternative pi\u00f9 popolari ed economiche al colosso MailChimp, anche se un po&#039; carente dal punto di vista dei template.\" \/>\n<meta property=\"og:url\" content=\"https:\/\/www.accuratereviews.com\/it\/newsletter-migliori-software-lista\/sendinblue\/\" \/>\n<meta property=\"og:site_name\" content=\"Accurate Reviews\" \/>\n<meta property=\"article:modified_time\" content=\"2016-12-06T10:00:01+00:00\" \/>\n<meta property=\"og:image\" content=\"https:\/\/www.accuratereviews.com\/wp-content\/uploads\/2015\/09\/sendinblue.png\" \/>\n\t<meta property=\"og:image:width\" content=\"4620\" \/>\n\t<meta property=\"og:image:height\" content=\"1061\" \/>\n\t<meta property=\"og:image:type\" content=\"image\/png\" \/>\n<meta name=\"twitter:card\" content=\"summary_large_image\" \/>\n<meta name=\"twitter:label1\" content=\"Tempo di lettura stimato\" \/>\n\t<meta name=\"twitter:data1\" content=\"2 minuti\" \/>\n<script type=\"application\/ld+json\" class=\"yoast-schema-graph\">{\"@context\":\"https:\\\/\\\/schema.org\",\"@graph\":[{\"@type\":\"WebPage\",\"@id\":\"https:\\\/\\\/www.accuratereviews.com\\\/it\\\/newsletter-migliori-software-lista\\\/sendinblue\\\/\",\"url\":\"https:\\\/\\\/www.accuratereviews.com\\\/it\\\/newsletter-migliori-software-lista\\\/sendinblue\\\/\",\"name\":\"SendinBlue, la recensione del servizio di email marketing\",\"isPartOf\":{\"@id\":\"https:\\\/\\\/www.accuratereviews.com\\\/it\\\/#website\"},\"primaryImageOfPage\":{\"@id\":\"https:\\\/\\\/www.accuratereviews.com\\\/it\\\/newsletter-migliori-software-lista\\\/sendinblue\\\/#primaryimage\"},\"image\":{\"@id\":\"https:\\\/\\\/www.accuratereviews.com\\\/it\\\/newsletter-migliori-software-lista\\\/sendinblue\\\/#primaryimage\"},\"thumbnailUrl\":\"https:\\\/\\\/www.accuratereviews.com\\\/wp-content\\\/uploads\\\/2015\\\/09\\\/sendinblue.png\",\"datePublished\":\"2016-12-05T08:36:12+00:00\",\"dateModified\":\"2016-12-06T10:00:01+00:00\",\"description\":\"SendinBlue \u00e8 una delle alternative pi\u00f9 popolari ed economiche al colosso MailChimp, anche se un po' carente dal punto di vista dei template.\",\"breadcrumb\":{\"@id\":\"https:\\\/\\\/www.accuratereviews.com\\\/it\\\/newsletter-migliori-software-lista\\\/sendinblue\\\/#breadcrumb\"},\"inLanguage\":\"it-IT\",\"potentialAction\":[{\"@type\":\"ReadAction\",\"target\":[\"https:\\\/\\\/www.accuratereviews.com\\\/it\\\/newsletter-migliori-software-lista\\\/sendinblue\\\/\"]}]},{\"@type\":\"ImageObject\",\"inLanguage\":\"it-IT\",\"@id\":\"https:\\\/\\\/www.accuratereviews.com\\\/it\\\/newsletter-migliori-software-lista\\\/sendinblue\\\/#primaryimage\",\"url\":\"https:\\\/\\\/www.accuratereviews.com\\\/wp-content\\\/uploads\\\/2015\\\/09\\\/sendinblue.png\",\"contentUrl\":\"https:\\\/\\\/www.accuratereviews.com\\\/wp-content\\\/uploads\\\/2015\\\/09\\\/sendinblue.png\",\"width\":4620,\"height\":1061},{\"@type\":\"BreadcrumbList\",\"@id\":\"https:\\\/\\\/www.accuratereviews.com\\\/it\\\/newsletter-migliori-software-lista\\\/sendinblue\\\/#breadcrumb\",\"itemListElement\":[{\"@type\":\"ListItem\",\"position\":1,\"name\":\"Home\",\"item\":\"https:\\\/\\\/www.accuratereviews.com\\\/it\\\/\"},{\"@type\":\"ListItem\",\"position\":2,\"name\":\"Newsletter: i migliori software\",\"item\":\"https:\\\/\\\/www.accuratereviews.com\\\/it\\\/newsletter-migliori-software-lista\\\/\"},{\"@type\":\"ListItem\",\"position\":3,\"name\":\"SendinBlue\"}]},{\"@type\":\"WebSite\",\"@id\":\"https:\\\/\\\/www.accuratereviews.com\\\/it\\\/#website\",\"url\":\"https:\\\/\\\/www.accuratereviews.com\\\/it\\\/\",\"name\":\"Accurate Reviews\",\"description\":\"\",\"potentialAction\":[{\"@type\":\"SearchAction\",\"target\":{\"@type\":\"EntryPoint\",\"urlTemplate\":\"https:\\\/\\\/www.accuratereviews.com\\\/it\\\/?s={search_term_string}\"},\"query-input\":{\"@type\":\"PropertyValueSpecification\",\"valueRequired\":true,\"valueName\":\"search_term_string\"}}],\"inLanguage\":\"it-IT\"}]}<\/script>\n<!-- \/ Yoast SEO plugin. -->","yoast_head_json":{"title":"SendinBlue, la recensione del servizio di email marketing","description":"SendinBlue \u00e8 una delle alternative pi\u00f9 popolari ed economiche al colosso MailChimp, anche se un po' carente dal punto di vista dei template.","robots":{"index":"index","follow":"follow","max-snippet":"max-snippet:-1","max-image-preview":"max-image-preview:large","max-video-preview":"max-video-preview:-1"},"canonical":"https:\/\/www.accuratereviews.com\/it\/newsletter-migliori-software-lista\/sendinblue\/","og_locale":"it_IT","og_type":"article","og_title":"SendinBlue, la recensione del servizio di email marketing","og_description":"SendinBlue \u00e8 una delle alternative pi\u00f9 popolari ed economiche al colosso MailChimp, anche se un po' carente dal punto di vista dei template.","og_url":"https:\/\/www.accuratereviews.com\/it\/newsletter-migliori-software-lista\/sendinblue\/","og_site_name":"Accurate Reviews","article_modified_time":"2016-12-06T10:00:01+00:00","og_image":[{"width":4620,"height":1061,"url":"https:\/\/www.accuratereviews.com\/wp-content\/uploads\/2015\/09\/sendinblue.png","type":"image\/png"}],"twitter_card":"summary_large_image","twitter_misc":{"Tempo di lettura stimato":"2 minuti"},"schema":{"@context":"https:\/\/schema.org","@graph":[{"@type":"WebPage","@id":"https:\/\/www.accuratereviews.com\/it\/newsletter-migliori-software-lista\/sendinblue\/","url":"https:\/\/www.accuratereviews.com\/it\/newsletter-migliori-software-lista\/sendinblue\/","name":"SendinBlue, la recensione del servizio di email marketing","isPartOf":{"@id":"https:\/\/www.accuratereviews.com\/it\/#website"},"primaryImageOfPage":{"@id":"https:\/\/www.accuratereviews.com\/it\/newsletter-migliori-software-lista\/sendinblue\/#primaryimage"},"image":{"@id":"https:\/\/www.accuratereviews.com\/it\/newsletter-migliori-software-lista\/sendinblue\/#primaryimage"},"thumbnailUrl":"https:\/\/www.accuratereviews.com\/wp-content\/uploads\/2015\/09\/sendinblue.png","datePublished":"2016-12-05T08:36:12+00:00","dateModified":"2016-12-06T10:00:01+00:00","description":"SendinBlue \u00e8 una delle alternative pi\u00f9 popolari ed economiche al colosso MailChimp, anche se un po' carente dal punto di vista dei template.","breadcrumb":{"@id":"https:\/\/www.accuratereviews.com\/it\/newsletter-migliori-software-lista\/sendinblue\/#breadcrumb"},"inLanguage":"it-IT","potentialAction":[{"@type":"ReadAction","target":["https:\/\/www.accuratereviews.com\/it\/newsletter-migliori-software-lista\/sendinblue\/"]}]},{"@type":"ImageObject","inLanguage":"it-IT","@id":"https:\/\/www.accuratereviews.com\/it\/newsletter-migliori-software-lista\/sendinblue\/#primaryimage","url":"https:\/\/www.accuratereviews.com\/wp-content\/uploads\/2015\/09\/sendinblue.png","contentUrl":"https:\/\/www.accuratereviews.com\/wp-content\/uploads\/2015\/09\/sendinblue.png","width":4620,"height":1061},{"@type":"BreadcrumbList","@id":"https:\/\/www.accuratereviews.com\/it\/newsletter-migliori-software-lista\/sendinblue\/#breadcrumb","itemListElement":[{"@type":"ListItem","position":1,"name":"Home","item":"https:\/\/www.accuratereviews.com\/it\/"},{"@type":"ListItem","position":2,"name":"Newsletter: i migliori software","item":"https:\/\/www.accuratereviews.com\/it\/newsletter-migliori-software-lista\/"},{"@type":"ListItem","position":3,"name":"SendinBlue"}]},{"@type":"WebSite","@id":"https:\/\/www.accuratereviews.com\/it\/#website","url":"https:\/\/www.accuratereviews.com\/it\/","name":"Accurate Reviews","description":"","potentialAction":[{"@type":"SearchAction","target":{"@type":"EntryPoint","urlTemplate":"https:\/\/www.accuratereviews.com\/it\/?s={search_term_string}"},"query-input":{"@type":"PropertyValueSpecification","valueRequired":true,"valueName":"search_term_string"}}],"inLanguage":"it-IT"}]}},"_links":{"self":[{"href":"https:\/\/www.accuratereviews.com\/it\/wp-json\/wp\/v2\/pages\/6803","targetHints":{"allow":["GET"]}}],"collection":[{"href":"https:\/\/www.accuratereviews.com\/it\/wp-json\/wp\/v2\/pages"}],"about":[{"href":"https:\/\/www.accuratereviews.com\/it\/wp-json\/wp\/v2\/types\/page"}],"author":[{"embeddable":true,"href":"https:\/\/www.accuratereviews.com\/it\/wp-json\/wp\/v2\/users\/16"}],"replies":[{"embeddable":true,"href":"https:\/\/www.accuratereviews.com\/it\/wp-json\/wp\/v2\/comments?post=6803"}],"version-history":[{"count":8,"href":"https:\/\/www.accuratereviews.com\/it\/wp-json\/wp\/v2\/pages\/6803\/revisions"}],"predecessor-version":[{"id":6813,"href":"https:\/\/www.accuratereviews.com\/it\/wp-json\/wp\/v2\/pages\/6803\/revisions\/6813"}],"up":[{"embeddable":true,"href":"https:\/\/www.accuratereviews.com\/it\/wp-json\/wp\/v2\/pages\/5555"}],"wp:featuredmedia":[{"embeddable":true,"href":"https:\/\/www.accuratereviews.com\/it\/wp-json\/wp\/v2\/media\/15911"}],"wp:attachment":[{"href":"https:\/\/www.accuratereviews.com\/it\/wp-json\/wp\/v2\/media?parent=6803"}],"wp:term":[{"taxonomy":"category","embeddable":true,"href":"https:\/\/www.accuratereviews.com\/it\/wp-json\/wp\/v2\/categories?post=6803"},{"taxonomy":"post_tag","embeddable":true,"href":"https:\/\/www.accuratereviews.com\/it\/wp-json\/wp\/v2\/tags?post=6803"},{"taxonomy":"features","embeddable":true,"href":"https:\/\/www.accuratereviews.com\/it\/wp-json\/wp\/v2\/features?post=6803"}],"curies":[{"name":"wp","href":"https:\/\/api.w.org\/{rel}","templated":true}]}}