{"id":68061,"date":"2023-03-17T11:27:53","date_gmt":"2023-03-17T11:27:53","guid":{"rendered":"https:\/\/www.accuratereviews.com\/?page_id=68061"},"modified":"2023-03-19T16:57:04","modified_gmt":"2023-03-19T16:57:04","slug":"xwiki-recensione","status":"publish","type":"page","link":"https:\/\/www.accuratereviews.com\/it\/software-cms\/xwiki-recensione\/","title":{"rendered":"XWiki"},"content":{"rendered":"<p id=\"product_37504\" class=\"h5 fw-bold mb-2\"><strong>XWiki<\/strong> \u00e8 una <strong>piattaforma CMS<\/strong> che supporta aziende di tutte le dimensioni e che operano in qualsiasi settore, nell&#8217;organizzazione dei contenuti digitali. Essendo <strong>open source<\/strong>, risulta anche estremamente personalizzabile poich\u00e9 il codice \u00e8 aperto a chiunque voglia apportarci modifiche. Offre numerose funzionalit\u00e0 e shortcuts per consentire una facile navigazione.<br \/>\n<strong>XWiki<\/strong> \u00e8 un editor WYSIWYG robusto con una potente sintassi wiki, ottimo anche per creare applicazioni web collaborative.<\/p>\n<h2>XWIKI &#8211; TUTORIAL<\/h2>\n<div id=\"fluid-wrapper-counter-1\" class=\"g1-fluid-wrapper \" style=\"width:686px;\">\n<div style=\"padding-bottom:56.268221574344%;\"><iframe loading=\"lazy\" title=\"XWiki -  AppWithinMinutes Video Tutorial\" width=\"686\" height=\"386\" src=\"https:\/\/www.youtube.com\/embed\/Pv4jPCaU99g?feature=oembed&amp;wmode=transparent&amp;autohide=1&amp;autoplay=0&amp;disablekb=0&amp;fs=1&amp;loop=0&amp;enablejsapi=1&amp;rel=0&amp;controls=2&amp;showinfo=0&amp;wmode=transparent&amp;autohide=2&amp;autoplay=0&amp;disablekb=0&amp;fs=1&amp;loop=0&amp;enablejsapi=1&amp;rel=0&amp;controls=2&amp;showinfo=1\" frameborder=\"0\" allow=\"accelerometer; autoplay; clipboard-write; encrypted-media; gyroscope; picture-in-picture; web-share\" allowfullscreen><\/iframe><\/div>\n<\/div>\n<h3>XWIKI &#8211; CARATTERISTICHE<\/h3>\n<ul>\n<li><strong>Modifica delle pagine<\/strong>: utilizza la semplice sintassi wiki per formattare il testo, creare tabelle, creare collegamenti, visualizzare immagini, ecc. In alternativa, utilizza un potente editor WYSIWYG per modificare il contenuto delle pagine.<\/li>\n<li><strong>Navigazione<\/strong>: naviga facilmente tra le pagine wiki (ricerca, indice delle pagine, breadcrumb, URL, salto alla pagina, ecc).<\/li>\n<li><strong>Organizzazione dei contenuti<\/strong>: organizza le pagine raggruppandole per dominio.<\/li>\n<li><strong>Programmazione<\/strong>: utilizza le API di programmazione di XWiki direttamente nelle pagine (Velocity o Groovy) per eseguire formattazioni avanzate, layout o altro.<\/li>\n<li><strong>API remote RESTful<\/strong>: utilizza le API remote RESTful di XWiki per integrare facilmente XWiki con la propria applicazione.<\/li>\n<li><strong>Shortcuts da tastiera<\/strong>: aiutano a risparmiare tempo, poich\u00e9 non \u00e8 necessario staccare le mani dalla tastiera per usare il mouse.<\/li>\n<li><strong>Ricerca<\/strong>: consente di effettuare ricerche nell&#8217;intero wiki utilizzando i caratteri jolly, di effettuare ricerche per spazio, di ottenere i feed RSS dei risultati delle ricerche e altro ancora.<\/li>\n<li><strong>Link Checker<\/strong>: visualizza lo stato dei link esterni trovati nel wiki.<\/li>\n<li><strong>Convalida degli allegati<\/strong>: consente di definire restrizioni sugli allegati e di convalidarle al momento del loro caricamento.<\/li>\n<li><strong>App in pochi minuti<\/strong>: crea applicazioni web collaborative in pochi minuti, basate sul potente sistema di gestione dei dati strutturati di XWiki.<\/li>\n<\/ul>\n<h4>LE RECENSIONI DEGLI UTENTI<\/h4>\n<p><strong>Alice &#8220;Una buona alternativa gratuita ad altri Wiki&#8221;<\/strong><br \/>\nCommenti: Il prodotto \u00e8 facile da implementare e la migrazione da un&#8217;altra piattaforma \u00e8 stata completata in meno di un giorno. Un buon compromesso!<br \/>\nPro: Facile da distribuire grazie alle immagini docker precostituite e online si possono trovare strumenti per la migrazione da altre piattaforme.<br \/>\nContro: L&#8217;editing del testo non \u00e8 un processo fluido come quello di altre piattaforme.<\/p>\n<p><strong>Angelo &#8220;Wiki bello ed elegante per la tua\u00a0organizzazione&#8221;<\/strong><br \/>\nPro: Abbiamo usato xwiki per un progetto privato e ci \u00e8 piaciuto molto. Ha un&#8217;interfaccia elegante e offre tutto ci\u00f2 che si pu\u00f2 chiedere a un sistema wiki.<br \/>\nContro: Abbiamo avuto un problema con le lettere arabe. Ma alla fine il supporto \u00e8 stato molto utile e tutto \u00e8 stato risolto!<\/p>\n<p><strong>Celine &#8220;XWiki rende possibili le cose che hai in testa&#8221;<\/strong><br \/>\nCommenti: Molto versatile e potente, ma per favore diventa pi\u00f9 facile da usare. Fortunatamente il supporto \u00e8 estremamente efficiente<\/p>\n","protected":false},"excerpt":{"rendered":"<p>XWiki \u00e8 una piattaforma CMS che supporta aziende di tutte le dimensioni e che operano in qualsiasi settore, nell&#8217;organizzazione dei contenuti digitali. Essendo open source, risulta anche estremamente personalizzabile poich\u00e9 il codice \u00e8 aperto a chiunque voglia apportarci modifiche. Offre numerose funzionalit\u00e0 e shortcuts per consentire una facile navigazione.<\/p>\n","protected":false},"author":17,"featured_media":68062,"parent":16175,"menu_order":0,"comment_status":"open","ping_status":"closed","template":"g1_template_page_review_new.php","meta":{"_acf_changed":false,"cwp_meta_box_check":"No","cwp_rev_product_name":"","cwp_rev_product_image":"","wppr_links":[],"cwp_rev_price":"","wppr_options":[],"wppr_pros":[],"wppr_cons":[],"_monsterinsights_skip_tracking":false,"_monsterinsights_sitenote_active":false,"_monsterinsights_sitenote_note":"","_monsterinsights_sitenote_category":0,"footnotes":""},"categories":[931],"tags":[14158,944,951,933,942],"features":[],"class_list":{"0":"post-68061","1":"page","2":"type-page","3":"status-publish","4":"has-post-thumbnail","6":"category-cms","7":"tag-app-cms","8":"tag-piattaforma-cms","9":"tag-programmi-cms","10":"tag-software-cms","11":"tag-soluzione-cms"},"wppr_data":{"cwp_meta_box_check":"No"},"acf":[],"yoast_head":"<!-- This site is optimized with the Yoast SEO plugin v27.4 - https:\/\/yoast.com\/product\/yoast-seo-wordpress\/ -->\n<title>XWiki: recensione piattaforma CMS - Accurate Reviews<\/title>\n<meta name=\"description\" content=\"XWiki: recensione della piattaforma CMS che supporta aziende di tutte le dimensioni e che operano in qualsiasi settore.\" \/>\n<meta name=\"robots\" content=\"index, follow, max-snippet:-1, max-image-preview:large, max-video-preview:-1\" \/>\n<link rel=\"canonical\" href=\"https:\/\/www.accuratereviews.com\/it\/software-cms\/xwiki-recensione\/\" \/>\n<meta property=\"og:locale\" content=\"it_IT\" \/>\n<meta property=\"og:type\" content=\"article\" \/>\n<meta property=\"og:title\" content=\"XWiki: recensione piattaforma CMS - Accurate Reviews\" \/>\n<meta property=\"og:description\" content=\"XWiki: recensione della piattaforma CMS che supporta aziende di tutte le dimensioni e che operano in qualsiasi settore.\" \/>\n<meta property=\"og:url\" content=\"https:\/\/www.accuratereviews.com\/it\/software-cms\/xwiki-recensione\/\" \/>\n<meta property=\"og:site_name\" content=\"Accurate Reviews\" \/>\n<meta property=\"article:modified_time\" content=\"2023-03-19T16:57:04+00:00\" \/>\n<meta property=\"og:image\" content=\"https:\/\/www.accuratereviews.com\/wp-content\/uploads\/2023\/03\/1280px-Logo-xwikiorange.svg_.png\" \/>\n\t<meta property=\"og:image:width\" content=\"1280\" \/>\n\t<meta property=\"og:image:height\" content=\"450\" \/>\n\t<meta property=\"og:image:type\" content=\"image\/png\" \/>\n<meta name=\"twitter:card\" content=\"summary_large_image\" \/>\n<meta name=\"twitter:label1\" content=\"Tempo di lettura stimato\" \/>\n\t<meta name=\"twitter:data1\" content=\"3 minuti\" \/>\n<script type=\"application\/ld+json\" class=\"yoast-schema-graph\">{\"@context\":\"https:\\\/\\\/schema.org\",\"@graph\":[{\"@type\":\"WebPage\",\"@id\":\"https:\\\/\\\/www.accuratereviews.com\\\/it\\\/software-cms\\\/xwiki-recensione\\\/\",\"url\":\"https:\\\/\\\/www.accuratereviews.com\\\/it\\\/software-cms\\\/xwiki-recensione\\\/\",\"name\":\"XWiki: recensione piattaforma CMS - Accurate Reviews\",\"isPartOf\":{\"@id\":\"https:\\\/\\\/www.accuratereviews.com\\\/it\\\/#website\"},\"primaryImageOfPage\":{\"@id\":\"https:\\\/\\\/www.accuratereviews.com\\\/it\\\/software-cms\\\/xwiki-recensione\\\/#primaryimage\"},\"image\":{\"@id\":\"https:\\\/\\\/www.accuratereviews.com\\\/it\\\/software-cms\\\/xwiki-recensione\\\/#primaryimage\"},\"thumbnailUrl\":\"https:\\\/\\\/www.accuratereviews.com\\\/wp-content\\\/uploads\\\/2023\\\/03\\\/1280px-Logo-xwikiorange.svg_.png\",\"datePublished\":\"2023-03-17T11:27:53+00:00\",\"dateModified\":\"2023-03-19T16:57:04+00:00\",\"description\":\"XWiki: recensione della piattaforma CMS che supporta aziende di tutte le dimensioni e che operano in qualsiasi settore.\",\"breadcrumb\":{\"@id\":\"https:\\\/\\\/www.accuratereviews.com\\\/it\\\/software-cms\\\/xwiki-recensione\\\/#breadcrumb\"},\"inLanguage\":\"it-IT\",\"potentialAction\":[{\"@type\":\"ReadAction\",\"target\":[\"https:\\\/\\\/www.accuratereviews.com\\\/it\\\/software-cms\\\/xwiki-recensione\\\/\"]}]},{\"@type\":\"ImageObject\",\"inLanguage\":\"it-IT\",\"@id\":\"https:\\\/\\\/www.accuratereviews.com\\\/it\\\/software-cms\\\/xwiki-recensione\\\/#primaryimage\",\"url\":\"https:\\\/\\\/www.accuratereviews.com\\\/wp-content\\\/uploads\\\/2023\\\/03\\\/1280px-Logo-xwikiorange.svg_.png\",\"contentUrl\":\"https:\\\/\\\/www.accuratereviews.com\\\/wp-content\\\/uploads\\\/2023\\\/03\\\/1280px-Logo-xwikiorange.svg_.png\",\"width\":1280,\"height\":450},{\"@type\":\"BreadcrumbList\",\"@id\":\"https:\\\/\\\/www.accuratereviews.com\\\/it\\\/software-cms\\\/xwiki-recensione\\\/#breadcrumb\",\"itemListElement\":[{\"@type\":\"ListItem\",\"position\":1,\"name\":\"Home\",\"item\":\"https:\\\/\\\/www.accuratereviews.com\\\/it\\\/\"},{\"@type\":\"ListItem\",\"position\":2,\"name\":\"Software CMS\",\"item\":\"https:\\\/\\\/www.accuratereviews.com\\\/it\\\/software-cms\\\/\"},{\"@type\":\"ListItem\",\"position\":3,\"name\":\"XWiki\"}]},{\"@type\":\"WebSite\",\"@id\":\"https:\\\/\\\/www.accuratereviews.com\\\/it\\\/#website\",\"url\":\"https:\\\/\\\/www.accuratereviews.com\\\/it\\\/\",\"name\":\"Accurate Reviews\",\"description\":\"\",\"potentialAction\":[{\"@type\":\"SearchAction\",\"target\":{\"@type\":\"EntryPoint\",\"urlTemplate\":\"https:\\\/\\\/www.accuratereviews.com\\\/it\\\/?s={search_term_string}\"},\"query-input\":{\"@type\":\"PropertyValueSpecification\",\"valueRequired\":true,\"valueName\":\"search_term_string\"}}],\"inLanguage\":\"it-IT\"}]}<\/script>\n<!-- \/ Yoast SEO plugin. -->","yoast_head_json":{"title":"XWiki: recensione piattaforma CMS - Accurate Reviews","description":"XWiki: recensione della piattaforma CMS che supporta aziende di tutte le dimensioni e che operano in qualsiasi settore.","robots":{"index":"index","follow":"follow","max-snippet":"max-snippet:-1","max-image-preview":"max-image-preview:large","max-video-preview":"max-video-preview:-1"},"canonical":"https:\/\/www.accuratereviews.com\/it\/software-cms\/xwiki-recensione\/","og_locale":"it_IT","og_type":"article","og_title":"XWiki: recensione piattaforma CMS - Accurate Reviews","og_description":"XWiki: recensione della piattaforma CMS che supporta aziende di tutte le dimensioni e che operano in qualsiasi settore.","og_url":"https:\/\/www.accuratereviews.com\/it\/software-cms\/xwiki-recensione\/","og_site_name":"Accurate Reviews","article_modified_time":"2023-03-19T16:57:04+00:00","og_image":[{"width":1280,"height":450,"url":"https:\/\/www.accuratereviews.com\/wp-content\/uploads\/2023\/03\/1280px-Logo-xwikiorange.svg_.png","type":"image\/png"}],"twitter_card":"summary_large_image","twitter_misc":{"Tempo di lettura stimato":"3 minuti"},"schema":{"@context":"https:\/\/schema.org","@graph":[{"@type":"WebPage","@id":"https:\/\/www.accuratereviews.com\/it\/software-cms\/xwiki-recensione\/","url":"https:\/\/www.accuratereviews.com\/it\/software-cms\/xwiki-recensione\/","name":"XWiki: recensione piattaforma CMS - Accurate Reviews","isPartOf":{"@id":"https:\/\/www.accuratereviews.com\/it\/#website"},"primaryImageOfPage":{"@id":"https:\/\/www.accuratereviews.com\/it\/software-cms\/xwiki-recensione\/#primaryimage"},"image":{"@id":"https:\/\/www.accuratereviews.com\/it\/software-cms\/xwiki-recensione\/#primaryimage"},"thumbnailUrl":"https:\/\/www.accuratereviews.com\/wp-content\/uploads\/2023\/03\/1280px-Logo-xwikiorange.svg_.png","datePublished":"2023-03-17T11:27:53+00:00","dateModified":"2023-03-19T16:57:04+00:00","description":"XWiki: recensione della piattaforma CMS che supporta aziende di tutte le dimensioni e che operano in qualsiasi settore.","breadcrumb":{"@id":"https:\/\/www.accuratereviews.com\/it\/software-cms\/xwiki-recensione\/#breadcrumb"},"inLanguage":"it-IT","potentialAction":[{"@type":"ReadAction","target":["https:\/\/www.accuratereviews.com\/it\/software-cms\/xwiki-recensione\/"]}]},{"@type":"ImageObject","inLanguage":"it-IT","@id":"https:\/\/www.accuratereviews.com\/it\/software-cms\/xwiki-recensione\/#primaryimage","url":"https:\/\/www.accuratereviews.com\/wp-content\/uploads\/2023\/03\/1280px-Logo-xwikiorange.svg_.png","contentUrl":"https:\/\/www.accuratereviews.com\/wp-content\/uploads\/2023\/03\/1280px-Logo-xwikiorange.svg_.png","width":1280,"height":450},{"@type":"BreadcrumbList","@id":"https:\/\/www.accuratereviews.com\/it\/software-cms\/xwiki-recensione\/#breadcrumb","itemListElement":[{"@type":"ListItem","position":1,"name":"Home","item":"https:\/\/www.accuratereviews.com\/it\/"},{"@type":"ListItem","position":2,"name":"Software CMS","item":"https:\/\/www.accuratereviews.com\/it\/software-cms\/"},{"@type":"ListItem","position":3,"name":"XWiki"}]},{"@type":"WebSite","@id":"https:\/\/www.accuratereviews.com\/it\/#website","url":"https:\/\/www.accuratereviews.com\/it\/","name":"Accurate Reviews","description":"","potentialAction":[{"@type":"SearchAction","target":{"@type":"EntryPoint","urlTemplate":"https:\/\/www.accuratereviews.com\/it\/?s={search_term_string}"},"query-input":{"@type":"PropertyValueSpecification","valueRequired":true,"valueName":"search_term_string"}}],"inLanguage":"it-IT"}]}},"_links":{"self":[{"href":"https:\/\/www.accuratereviews.com\/it\/wp-json\/wp\/v2\/pages\/68061","targetHints":{"allow":["GET"]}}],"collection":[{"href":"https:\/\/www.accuratereviews.com\/it\/wp-json\/wp\/v2\/pages"}],"about":[{"href":"https:\/\/www.accuratereviews.com\/it\/wp-json\/wp\/v2\/types\/page"}],"author":[{"embeddable":true,"href":"https:\/\/www.accuratereviews.com\/it\/wp-json\/wp\/v2\/users\/17"}],"replies":[{"embeddable":true,"href":"https:\/\/www.accuratereviews.com\/it\/wp-json\/wp\/v2\/comments?post=68061"}],"version-history":[{"count":4,"href":"https:\/\/www.accuratereviews.com\/it\/wp-json\/wp\/v2\/pages\/68061\/revisions"}],"predecessor-version":[{"id":68086,"href":"https:\/\/www.accuratereviews.com\/it\/wp-json\/wp\/v2\/pages\/68061\/revisions\/68086"}],"up":[{"embeddable":true,"href":"https:\/\/www.accuratereviews.com\/it\/wp-json\/wp\/v2\/pages\/16175"}],"wp:featuredmedia":[{"embeddable":true,"href":"https:\/\/www.accuratereviews.com\/it\/wp-json\/wp\/v2\/media\/68062"}],"wp:attachment":[{"href":"https:\/\/www.accuratereviews.com\/it\/wp-json\/wp\/v2\/media?parent=68061"}],"wp:term":[{"taxonomy":"category","embeddable":true,"href":"https:\/\/www.accuratereviews.com\/it\/wp-json\/wp\/v2\/categories?post=68061"},{"taxonomy":"post_tag","embeddable":true,"href":"https:\/\/www.accuratereviews.com\/it\/wp-json\/wp\/v2\/tags?post=68061"},{"taxonomy":"features","embeddable":true,"href":"https:\/\/www.accuratereviews.com\/it\/wp-json\/wp\/v2\/features?post=68061"}],"curies":[{"name":"wp","href":"https:\/\/api.w.org\/{rel}","templated":true}]}}