{"id":68132,"date":"2023-03-21T13:54:26","date_gmt":"2023-03-21T13:54:26","guid":{"rendered":"https:\/\/www.accuratereviews.com\/?page_id=68132"},"modified":"2023-03-23T06:04:12","modified_gmt":"2023-03-23T06:04:12","slug":"dialogscms-recensione","status":"publish","type":"page","link":"https:\/\/www.accuratereviews.com\/it\/software-cms\/dialogscms-recensione\/","title":{"rendered":"DialogsCMS"},"content":{"rendered":"<p><strong>DialogsCMS<\/strong> \u00e8 un <strong>software CMS<\/strong> intuitivo e semplice da usare che permette di costruire siti web e di gestire i contenuti in totale sicurezza. Si tratta di una piattaforma altamente personalizzabile attraverso la quale puoi creare, modificare, pubblicare e promuovere nuovi contenuti, scegliendo tra un&#8217;ampia serie di\u00a0modelli di design.<br \/>\nEsprimi la tua creativit\u00e0 con <strong>DialogsCMS<\/strong> creando contenuti dinamici e sfrutta l&#8217;automazione dei processi aziendali e l&#8217;integrazione dei dati per far crescere il tuo business.<\/p>\n<p><a href=\"https:\/\/www.accuratereviews.com\/wp-content\/uploads\/2023\/03\/Solutions-Pages-Billboards-CMS.jpg\"><img loading=\"lazy\" decoding=\"async\" class=\"alignnone size-full wp-image-68145\" src=\"https:\/\/www.accuratereviews.com\/wp-content\/uploads\/2023\/03\/Solutions-Pages-Billboards-CMS.jpg\" alt=\"\" width=\"2280\" height=\"650\" srcset=\"https:\/\/www.accuratereviews.com\/wp-content\/uploads\/2023\/03\/Solutions-Pages-Billboards-CMS.jpg 2280w, https:\/\/www.accuratereviews.com\/wp-content\/uploads\/2023\/03\/Solutions-Pages-Billboards-CMS-300x86.jpg 300w, https:\/\/www.accuratereviews.com\/wp-content\/uploads\/2023\/03\/Solutions-Pages-Billboards-CMS-1024x292.jpg 1024w, https:\/\/www.accuratereviews.com\/wp-content\/uploads\/2023\/03\/Solutions-Pages-Billboards-CMS-768x219.jpg 768w, https:\/\/www.accuratereviews.com\/wp-content\/uploads\/2023\/03\/Solutions-Pages-Billboards-CMS-1536x438.jpg 1536w, https:\/\/www.accuratereviews.com\/wp-content\/uploads\/2023\/03\/Solutions-Pages-Billboards-CMS-2048x584.jpg 2048w, https:\/\/www.accuratereviews.com\/wp-content\/uploads\/2023\/03\/Solutions-Pages-Billboards-CMS-50x14.jpg 50w, https:\/\/www.accuratereviews.com\/wp-content\/uploads\/2023\/03\/Solutions-Pages-Billboards-CMS-260x74.jpg 260w, https:\/\/www.accuratereviews.com\/wp-content\/uploads\/2023\/03\/Solutions-Pages-Billboards-CMS-968x276.jpg 968w, https:\/\/www.accuratereviews.com\/wp-content\/uploads\/2023\/03\/Solutions-Pages-Billboards-CMS-636x181.jpg 636w, https:\/\/www.accuratereviews.com\/wp-content\/uploads\/2023\/03\/Solutions-Pages-Billboards-CMS-320x91.jpg 320w, https:\/\/www.accuratereviews.com\/wp-content\/uploads\/2023\/03\/Solutions-Pages-Billboards-CMS-239x68.jpg 239w\" sizes=\"auto, (max-width: 2280px) 100vw, 2280px\" \/><\/a><\/p>\n<h3>DIALOGSCMS &#8211; CARATTERISTICHE<\/h3>\n<ul>\n<li><strong>Gestione dei contenuti<\/strong>: controlla il tuo messaggio sul web, sui dispositivi mobili e sui social media. \u00c8 facile da usare e completamente allineato alle tue esigenze aziendali.<\/li>\n<li><strong>Web Design<\/strong>: costruisci la tua attivit\u00e0 attorno a un sito web che supporti gli obiettivi di marketing, sia reattivo per i dispositivi mobili e si colleghi ai processi aziendali.<\/li>\n<li><strong>Mobile-Friendly<\/strong>: sfrutta l&#8217;esplosione dell&#8217;accesso mobile attraverso un sito web reattivo che condivide i dati con un&#8217;applicazione mobile alimentata da Dialogs o sviluppata da terzi.<\/li>\n<li><strong>eCommerce<\/strong>: per avere successo con il tuo business online, utilizza un ecommerce sicuro e conforme, facile da mantenere, configurato in base alle tue esigenze specifiche e che rappresenti accuratamente il tuo marchio.<\/li>\n<li><strong>Portali<\/strong>: rende pi\u00f9 facile per i tuoi clienti e dipendenti trovare le informazioni di cui hanno bisogno. I controlli di accesso basati sui gruppi, facili da usare, ti permettono di decidere cosa \u00e8 pubblico o privato.<\/li>\n<li><strong>Inventario e approvvigionamento<\/strong>: rimani sempre aggiornato su dove si trova il tuo prodotto: in uno scaffale o in viaggio verso un cliente. Gestisci facilmente i costi di spedizione, i pacchetti di prodotti, i biglietti di ritiro, le liste di imballaggio e le etichette di spedizione.<\/li>\n<li><strong>Gestione dell&#8217;apprendimento<\/strong>: gestisci facilmente la distribuzione dei contenuti dei corsi e delle lezioni ai discenti interni ed esterni &#8211; integrandosi con l&#8217;ecommerce per ottenere un sito web LMS chiavi in mano.<\/li>\n<li><strong>Framework di sviluppo<\/strong>: sfrutta la piattaforma di sviluppo stabile, flessibile e sicura per applicazioni web efficienti e backend di applicazioni mobili.<\/li>\n<li><strong>Hosting<\/strong>: ospita il tuo sito web o backend mobile in un data center Dialogs per garantire la massima sicurezza, conformit\u00e0, prestazioni e tranquillit\u00e0.<\/li>\n<\/ul>\n<h4>LE RECENSIONI DEGLI UTENTI<\/h4>\n<p><strong>Giacomo &#8220;Ottimo prodotto&#8221;<\/strong><br \/>\nCommenti: Abbiamo apprezzato molto la nostra esperienza di lavoro con Dialogs CMS. \u00c8 facile e intuitivo e rende il nostro lavoro pi\u00f9 semplice ed efficiente. Raccomandiamo vivamente il team e le risorse di Dialogs.<\/p>\n<p><strong>Chris &#8220;Il CMS definitivo per potenza, flessibilit\u00e0 e sicurezza&#8221;.<\/strong><br \/>\nCommenti: Progettiamo siti web di alto livello per aziende di ogni tipo e amiamo costruirli con DialogsCMS. Abbiamo provato altri CMS, ma Dialogs rimane il nostro preferito, di gran lunga. \u00c8 potente, personalizzabile e ultra-sicuro. E l&#8217;assistenza clienti \u00e8 impeccabile. I nostri sviluppatori lo adorano, cos\u00ec come i nostri clienti.<\/p>\n<p><strong>Allan &#8220;Progettazione e aggiornamento del sito web dell&#8217;azienda&#8221;<\/strong><br \/>\nCommenti: Dialogs ha creato il nostro sito web e ci aiuta a tenerlo aggiornato. Grazie per l&#8217;ottimo lavoro!<\/p>\n","protected":false},"excerpt":{"rendered":"<p>DialogsCMS \u00e8 un software CMS intuitivo e semplice da usare che permette di costruire siti web e di gestire i contenuti in totale sicurezza. Si tratta di una piattaforma altamente personalizzabile attraverso la quale puoi creare, modificare, pubblicare e promuovere nuovi contenuti, scegliendo tra un&#8217;ampia serie di\u00a0modelli di design.<\/p>\n","protected":false},"author":17,"featured_media":68133,"parent":16175,"menu_order":0,"comment_status":"open","ping_status":"closed","template":"g1_template_page_review_new.php","meta":{"_acf_changed":false,"cwp_meta_box_check":"No","cwp_rev_product_name":"","cwp_rev_product_image":"","wppr_links":[],"cwp_rev_price":"","wppr_options":[],"wppr_pros":[],"wppr_cons":[],"_monsterinsights_skip_tracking":false,"_monsterinsights_sitenote_active":false,"_monsterinsights_sitenote_note":"","_monsterinsights_sitenote_category":0,"footnotes":""},"categories":[931],"tags":[14158,946,961,950,933,942],"features":[],"class_list":{"0":"post-68132","1":"page","2":"type-page","3":"status-publish","4":"has-post-thumbnail","6":"category-cms","7":"tag-app-cms","8":"tag-cms","9":"tag-cms-piattaforma","10":"tag-cms-software","11":"tag-software-cms","12":"tag-soluzione-cms"},"wppr_data":{"cwp_meta_box_check":"No"},"acf":[],"yoast_head":"<!-- This site is optimized with the Yoast SEO plugin v27.4 - https:\/\/yoast.com\/product\/yoast-seo-wordpress\/ -->\n<title>DialogsCMS: recensione software CMS - Accurate Reviews<\/title>\n<meta name=\"description\" content=\"DialogsCMS: software CMS intuitivo e semplice da usare che permette di costruire siti web e di gestire i contenuti in totale sicurezza.\" \/>\n<meta name=\"robots\" content=\"index, follow, max-snippet:-1, max-image-preview:large, max-video-preview:-1\" \/>\n<link rel=\"canonical\" href=\"https:\/\/www.accuratereviews.com\/it\/software-cms\/dialogscms-recensione\/\" \/>\n<meta property=\"og:locale\" content=\"it_IT\" \/>\n<meta property=\"og:type\" content=\"article\" \/>\n<meta property=\"og:title\" content=\"DialogsCMS: recensione software CMS - Accurate Reviews\" \/>\n<meta property=\"og:description\" content=\"DialogsCMS: software CMS intuitivo e semplice da usare che permette di costruire siti web e di gestire i contenuti in totale sicurezza.\" \/>\n<meta property=\"og:url\" content=\"https:\/\/www.accuratereviews.com\/it\/software-cms\/dialogscms-recensione\/\" \/>\n<meta property=\"og:site_name\" content=\"Accurate Reviews\" \/>\n<meta property=\"article:modified_time\" content=\"2023-03-23T06:04:12+00:00\" \/>\n<meta property=\"og:image\" content=\"https:\/\/www.accuratereviews.com\/wp-content\/uploads\/2023\/03\/DialogsCMS-Logo210.png\" \/>\n\t<meta property=\"og:image:width\" content=\"457\" \/>\n\t<meta property=\"og:image:height\" content=\"200\" \/>\n\t<meta property=\"og:image:type\" content=\"image\/png\" \/>\n<meta name=\"twitter:card\" content=\"summary_large_image\" \/>\n<meta name=\"twitter:label1\" content=\"Tempo di lettura stimato\" \/>\n\t<meta name=\"twitter:data1\" content=\"3 minuti\" \/>\n<script type=\"application\/ld+json\" class=\"yoast-schema-graph\">{\"@context\":\"https:\\\/\\\/schema.org\",\"@graph\":[{\"@type\":\"WebPage\",\"@id\":\"https:\\\/\\\/www.accuratereviews.com\\\/it\\\/software-cms\\\/dialogscms-recensione\\\/\",\"url\":\"https:\\\/\\\/www.accuratereviews.com\\\/it\\\/software-cms\\\/dialogscms-recensione\\\/\",\"name\":\"DialogsCMS: recensione software CMS - Accurate Reviews\",\"isPartOf\":{\"@id\":\"https:\\\/\\\/www.accuratereviews.com\\\/it\\\/#website\"},\"primaryImageOfPage\":{\"@id\":\"https:\\\/\\\/www.accuratereviews.com\\\/it\\\/software-cms\\\/dialogscms-recensione\\\/#primaryimage\"},\"image\":{\"@id\":\"https:\\\/\\\/www.accuratereviews.com\\\/it\\\/software-cms\\\/dialogscms-recensione\\\/#primaryimage\"},\"thumbnailUrl\":\"https:\\\/\\\/www.accuratereviews.com\\\/wp-content\\\/uploads\\\/2023\\\/03\\\/DialogsCMS-Logo210.png\",\"datePublished\":\"2023-03-21T13:54:26+00:00\",\"dateModified\":\"2023-03-23T06:04:12+00:00\",\"description\":\"DialogsCMS: software CMS intuitivo e semplice da usare che permette di costruire siti web e di gestire i contenuti in totale sicurezza.\",\"breadcrumb\":{\"@id\":\"https:\\\/\\\/www.accuratereviews.com\\\/it\\\/software-cms\\\/dialogscms-recensione\\\/#breadcrumb\"},\"inLanguage\":\"it-IT\",\"potentialAction\":[{\"@type\":\"ReadAction\",\"target\":[\"https:\\\/\\\/www.accuratereviews.com\\\/it\\\/software-cms\\\/dialogscms-recensione\\\/\"]}]},{\"@type\":\"ImageObject\",\"inLanguage\":\"it-IT\",\"@id\":\"https:\\\/\\\/www.accuratereviews.com\\\/it\\\/software-cms\\\/dialogscms-recensione\\\/#primaryimage\",\"url\":\"https:\\\/\\\/www.accuratereviews.com\\\/wp-content\\\/uploads\\\/2023\\\/03\\\/DialogsCMS-Logo210.png\",\"contentUrl\":\"https:\\\/\\\/www.accuratereviews.com\\\/wp-content\\\/uploads\\\/2023\\\/03\\\/DialogsCMS-Logo210.png\",\"width\":457,\"height\":200},{\"@type\":\"BreadcrumbList\",\"@id\":\"https:\\\/\\\/www.accuratereviews.com\\\/it\\\/software-cms\\\/dialogscms-recensione\\\/#breadcrumb\",\"itemListElement\":[{\"@type\":\"ListItem\",\"position\":1,\"name\":\"Home\",\"item\":\"https:\\\/\\\/www.accuratereviews.com\\\/it\\\/\"},{\"@type\":\"ListItem\",\"position\":2,\"name\":\"Software CMS\",\"item\":\"https:\\\/\\\/www.accuratereviews.com\\\/it\\\/software-cms\\\/\"},{\"@type\":\"ListItem\",\"position\":3,\"name\":\"DialogsCMS\"}]},{\"@type\":\"WebSite\",\"@id\":\"https:\\\/\\\/www.accuratereviews.com\\\/it\\\/#website\",\"url\":\"https:\\\/\\\/www.accuratereviews.com\\\/it\\\/\",\"name\":\"Accurate Reviews\",\"description\":\"\",\"potentialAction\":[{\"@type\":\"SearchAction\",\"target\":{\"@type\":\"EntryPoint\",\"urlTemplate\":\"https:\\\/\\\/www.accuratereviews.com\\\/it\\\/?s={search_term_string}\"},\"query-input\":{\"@type\":\"PropertyValueSpecification\",\"valueRequired\":true,\"valueName\":\"search_term_string\"}}],\"inLanguage\":\"it-IT\"}]}<\/script>\n<!-- \/ Yoast SEO plugin. -->","yoast_head_json":{"title":"DialogsCMS: recensione software CMS - Accurate Reviews","description":"DialogsCMS: software CMS intuitivo e semplice da usare che permette di costruire siti web e di gestire i contenuti in totale sicurezza.","robots":{"index":"index","follow":"follow","max-snippet":"max-snippet:-1","max-image-preview":"max-image-preview:large","max-video-preview":"max-video-preview:-1"},"canonical":"https:\/\/www.accuratereviews.com\/it\/software-cms\/dialogscms-recensione\/","og_locale":"it_IT","og_type":"article","og_title":"DialogsCMS: recensione software CMS - Accurate Reviews","og_description":"DialogsCMS: software CMS intuitivo e semplice da usare che permette di costruire siti web e di gestire i contenuti in totale sicurezza.","og_url":"https:\/\/www.accuratereviews.com\/it\/software-cms\/dialogscms-recensione\/","og_site_name":"Accurate Reviews","article_modified_time":"2023-03-23T06:04:12+00:00","og_image":[{"width":457,"height":200,"url":"https:\/\/www.accuratereviews.com\/wp-content\/uploads\/2023\/03\/DialogsCMS-Logo210.png","type":"image\/png"}],"twitter_card":"summary_large_image","twitter_misc":{"Tempo di lettura stimato":"3 minuti"},"schema":{"@context":"https:\/\/schema.org","@graph":[{"@type":"WebPage","@id":"https:\/\/www.accuratereviews.com\/it\/software-cms\/dialogscms-recensione\/","url":"https:\/\/www.accuratereviews.com\/it\/software-cms\/dialogscms-recensione\/","name":"DialogsCMS: recensione software CMS - Accurate Reviews","isPartOf":{"@id":"https:\/\/www.accuratereviews.com\/it\/#website"},"primaryImageOfPage":{"@id":"https:\/\/www.accuratereviews.com\/it\/software-cms\/dialogscms-recensione\/#primaryimage"},"image":{"@id":"https:\/\/www.accuratereviews.com\/it\/software-cms\/dialogscms-recensione\/#primaryimage"},"thumbnailUrl":"https:\/\/www.accuratereviews.com\/wp-content\/uploads\/2023\/03\/DialogsCMS-Logo210.png","datePublished":"2023-03-21T13:54:26+00:00","dateModified":"2023-03-23T06:04:12+00:00","description":"DialogsCMS: software CMS intuitivo e semplice da usare che permette di costruire siti web e di gestire i contenuti in totale sicurezza.","breadcrumb":{"@id":"https:\/\/www.accuratereviews.com\/it\/software-cms\/dialogscms-recensione\/#breadcrumb"},"inLanguage":"it-IT","potentialAction":[{"@type":"ReadAction","target":["https:\/\/www.accuratereviews.com\/it\/software-cms\/dialogscms-recensione\/"]}]},{"@type":"ImageObject","inLanguage":"it-IT","@id":"https:\/\/www.accuratereviews.com\/it\/software-cms\/dialogscms-recensione\/#primaryimage","url":"https:\/\/www.accuratereviews.com\/wp-content\/uploads\/2023\/03\/DialogsCMS-Logo210.png","contentUrl":"https:\/\/www.accuratereviews.com\/wp-content\/uploads\/2023\/03\/DialogsCMS-Logo210.png","width":457,"height":200},{"@type":"BreadcrumbList","@id":"https:\/\/www.accuratereviews.com\/it\/software-cms\/dialogscms-recensione\/#breadcrumb","itemListElement":[{"@type":"ListItem","position":1,"name":"Home","item":"https:\/\/www.accuratereviews.com\/it\/"},{"@type":"ListItem","position":2,"name":"Software CMS","item":"https:\/\/www.accuratereviews.com\/it\/software-cms\/"},{"@type":"ListItem","position":3,"name":"DialogsCMS"}]},{"@type":"WebSite","@id":"https:\/\/www.accuratereviews.com\/it\/#website","url":"https:\/\/www.accuratereviews.com\/it\/","name":"Accurate Reviews","description":"","potentialAction":[{"@type":"SearchAction","target":{"@type":"EntryPoint","urlTemplate":"https:\/\/www.accuratereviews.com\/it\/?s={search_term_string}"},"query-input":{"@type":"PropertyValueSpecification","valueRequired":true,"valueName":"search_term_string"}}],"inLanguage":"it-IT"}]}},"_links":{"self":[{"href":"https:\/\/www.accuratereviews.com\/it\/wp-json\/wp\/v2\/pages\/68132","targetHints":{"allow":["GET"]}}],"collection":[{"href":"https:\/\/www.accuratereviews.com\/it\/wp-json\/wp\/v2\/pages"}],"about":[{"href":"https:\/\/www.accuratereviews.com\/it\/wp-json\/wp\/v2\/types\/page"}],"author":[{"embeddable":true,"href":"https:\/\/www.accuratereviews.com\/it\/wp-json\/wp\/v2\/users\/17"}],"replies":[{"embeddable":true,"href":"https:\/\/www.accuratereviews.com\/it\/wp-json\/wp\/v2\/comments?post=68132"}],"version-history":[{"count":4,"href":"https:\/\/www.accuratereviews.com\/it\/wp-json\/wp\/v2\/pages\/68132\/revisions"}],"predecessor-version":[{"id":68199,"href":"https:\/\/www.accuratereviews.com\/it\/wp-json\/wp\/v2\/pages\/68132\/revisions\/68199"}],"up":[{"embeddable":true,"href":"https:\/\/www.accuratereviews.com\/it\/wp-json\/wp\/v2\/pages\/16175"}],"wp:featuredmedia":[{"embeddable":true,"href":"https:\/\/www.accuratereviews.com\/it\/wp-json\/wp\/v2\/media\/68133"}],"wp:attachment":[{"href":"https:\/\/www.accuratereviews.com\/it\/wp-json\/wp\/v2\/media?parent=68132"}],"wp:term":[{"taxonomy":"category","embeddable":true,"href":"https:\/\/www.accuratereviews.com\/it\/wp-json\/wp\/v2\/categories?post=68132"},{"taxonomy":"post_tag","embeddable":true,"href":"https:\/\/www.accuratereviews.com\/it\/wp-json\/wp\/v2\/tags?post=68132"},{"taxonomy":"features","embeddable":true,"href":"https:\/\/www.accuratereviews.com\/it\/wp-json\/wp\/v2\/features?post=68132"}],"curies":[{"name":"wp","href":"https:\/\/api.w.org\/{rel}","templated":true}]}}