{"id":6814,"date":"2016-12-05T13:10:25","date_gmt":"2016-12-05T13:10:25","guid":{"rendered":"http:\/\/www.accuratereviews.com\/?page_id=6814\/"},"modified":"2016-12-09T09:59:48","modified_gmt":"2016-12-09T09:59:48","slug":"mailchimp","status":"publish","type":"page","link":"https:\/\/www.accuratereviews.com\/it\/newsletter-migliori-software-lista\/mailchimp\/","title":{"rendered":"MailChimp"},"content":{"rendered":"<div id=\"attachment_267\" style=\"width: 3370px\" class=\"wp-caption alignnone\"><a href=\"http:\/\/www.accuratereviews.com\/wp-content\/uploads\/2015\/06\/MC_Dashboard.png\"><img loading=\"lazy\" decoding=\"async\" aria-describedby=\"caption-attachment-267\" class=\"size-full wp-image-267\" src=\"http:\/\/www.accuratereviews.com\/wp-content\/uploads\/2015\/06\/MC_Dashboard.png\" alt=\"MailChimp is solidly built around its dashboard.\" width=\"3360\" height=\"2100\" srcset=\"https:\/\/www.accuratereviews.com\/wp-content\/uploads\/2015\/06\/MC_Dashboard.png 3360w, https:\/\/www.accuratereviews.com\/wp-content\/uploads\/2015\/06\/MC_Dashboard-300x188.png 300w, https:\/\/www.accuratereviews.com\/wp-content\/uploads\/2015\/06\/MC_Dashboard-1024x640.png 1024w, https:\/\/www.accuratereviews.com\/wp-content\/uploads\/2015\/06\/MC_Dashboard-968x605.png 968w, https:\/\/www.accuratereviews.com\/wp-content\/uploads\/2015\/06\/MC_Dashboard-636x398.png 636w, https:\/\/www.accuratereviews.com\/wp-content\/uploads\/2015\/06\/MC_Dashboard-320x200.png 320w, https:\/\/www.accuratereviews.com\/wp-content\/uploads\/2015\/06\/MC_Dashboard-239x149.png 239w\" sizes=\"auto, (max-width: 3360px) 100vw, 3360px\" \/><\/a><p id=\"caption-attachment-267\" class=\"wp-caption-text\">MailChimp punta tutto su una dashboard solida ma intuitiva.<\/p><\/div>\n<p>Particolarmente adatto per startupper, giovani imprenditori e marketer alle prime armi, <strong>MailChimp \u00e8 uno dei pi\u00f9 famosi <a href=\"https:\/\/www.accuratereviews.com\/it\/newsletter-migliori-software-guida\/\" target=\"_blank\">servizi di email marketing<\/a><\/strong> disponibili sul mercato. Nonostante quello dell&#8217;email marketing stia diventando un settore molto affollato, i fondatori di MailChimp sono stati i pionieri e hanno creato una soluzione tra le pi\u00f9 imitate, sia nel bene che nel male. <\/p>\n<h2>Usabilit\u00e0<\/h2>\n<p><strong>MailChimp \u00e8 rinomato per la semplicit\u00e0 e chiarezza della sua interfaccia<\/strong>, pensata per facilitare qualsiasi tipo di utente. La <strong>creazione di una campagna marketing<\/strong> pu\u00f2 essere estremamente complessa e MailChimp lo sa bene. Ad alcuni utenti pu\u00f2 sembrare che l\u2019aiuto costante di MailChimp risulti sopra le righe, ma a noi \u00e8 piaciuto molto l\u2019approccio. Apprezziamo le aziende innovative, votate al cliente, e troviamo molto carino l\u2019<strong>approccio scanzonato di MailChimp all\u2019email marketing<\/strong>.<\/p>\n<p>Sul sito troviamo informazioni chiare, appositamente studiate per dipanare dubbi e incertezze dell\u2019utente: se dobbiamo dare il via a una campagna, troveremo che tutti i passaggi vengono accuratamente pianificati per richiedere il minor numero possibile di click. Anche un utente alle prime armi \u00e8 messo in condizione di capire cosa sta facendo, passaggio per passaggio. Ogni pagina offre spiegazioni chiare e semplici che non lasciano dubbi sulle varie operazioni da compiere: la creazione di un account, l&#8217;avviamento di una campagna di email marketing, la lettura dei dati di un report approfondito.<\/p>\n<h2>Funzioni<\/h2>\n<p>Le <strong>funzionalit\u00e0 core di MailChimp<\/strong> sono certamente tra le migliori sul mercato. Troviamo infatti un <strong>ottimo editor grafico per la creazione della newsletter<\/strong> con inclusa l\u2019anteprima di come verr\u00e0 visualizzata su diversi display. Sar\u00e0 possibile collegare il proprio profilo Twitter o Facebook per condividere la newsletter direttamente sui social network. Le <strong>integrazioni con altri servizi e piattaforme<\/strong> sono innumerevoli e includono Google Apps, Shopify, Yelp e molti altri ancora. <\/p>\n<p>La <strong>gestione delle liste \u00e8 uno dei punti di forza di MailChimp<\/strong>. \u00c8 possibile <strong>segmentare la lista contatti<\/strong> in vari modi, anche durante la creazione della newsletter. MailChimp vi avvantaggia anche se lavorate da mobile: \u00e8 possibile accedere al proprio account dall\u2019app mobile, creare la newsletter direttamente e inviarla ai contatti direttamente da telefono. Ovunque siate potete controllare l\u2019andamento della campagna anche da mobile. La <strong>sezione Analytics su MailChimp<\/strong> permette di consultare report completi e dettagliati, cos\u00ec da comprendere meglio il comportamento dei clienti. <\/p>\n<p>Per le <strong>email transazionali<\/strong> \u00e8 stato introdotto anche un servizio specifico, prima svolto da Mandrill, ma poi inglobato in MailChimp nel corso del 2016. L\u2019invio di SMS \u00e8 possibile. <\/p>\n<div id=\"attachment_268\" style=\"width: 7010px\" class=\"wp-caption alignnone\"><img loading=\"lazy\" decoding=\"async\" aria-describedby=\"caption-attachment-268\" class=\"size-full wp-image-268\" src=\"http:\/\/www.accuratereviews.com\/wp-content\/uploads\/2015\/06\/MC_Reports.png\" alt=\"Reports are pretty thorough.\" width=\"7000\" height=\"4375\" srcset=\"https:\/\/www.accuratereviews.com\/wp-content\/uploads\/2015\/06\/MC_Reports.png 7000w, https:\/\/www.accuratereviews.com\/wp-content\/uploads\/2015\/06\/MC_Reports-300x188.png 300w, https:\/\/www.accuratereviews.com\/wp-content\/uploads\/2015\/06\/MC_Reports-1024x640.png 1024w, https:\/\/www.accuratereviews.com\/wp-content\/uploads\/2015\/06\/MC_Reports-968x605.png 968w, https:\/\/www.accuratereviews.com\/wp-content\/uploads\/2015\/06\/MC_Reports-636x398.png 636w, https:\/\/www.accuratereviews.com\/wp-content\/uploads\/2015\/06\/MC_Reports-320x200.png 320w, https:\/\/www.accuratereviews.com\/wp-content\/uploads\/2015\/06\/MC_Reports-239x149.png 239w\" sizes=\"auto, (max-width: 7000px) 100vw, 7000px\" \/><p id=\"caption-attachment-268\" class=\"wp-caption-text\">I report sono molto dettagliati.<\/p><\/div>\n<h2>Supporto<\/h2>\n<p>MailChimp, come molti altri servizi che abbiamo testato, cerca di anticipare qualsiasi domanda e dubbio dell\u2019utente offrendo una sezione completa di informazioni e guide. <strong>Il piano gratuito non include supporto<\/strong>, quindi non permette di inviare ticket o ottenere aiuto diretto, ma la maggior parte dei dubbi possono essere fugati proprio grazie al materiale informativo fornito. <\/p>\n<p>Troviamo informazioni che spaziano dai requisiti minimi di sistema, che pu\u00f2 sembrare apparentemente inutile grazie ai browser moderni, a istruzioni molto pi\u00f9 approfondite sulla deliverability. Non mancano tutorial video e guide how-to guide. <\/p>\n<h2>Prezzo<\/h2>\n<p><strong>MailChimp offre un piano gratuito per sempre<\/strong>, limitato per\u00f2 a 2.000 contatti e 12.000 email al mese e non offre accesso al supporto (n\u00e9 ticket n\u00e9 telefonico). Se vi serve qualcosa in pi\u00f9, il budget previsto per gli altri piani \u00e8 comunque contenuto e molto sensato. Chi cerca funzionalit\u00e0 speciali come la risposta automatica deve necessariamente optare per un account a pagamento, anche se ad uno sguardo pi\u00f9 attento molte delle feature a pagamento non sono poi cos\u00ec &#8220;speciali\u201d: molti concorrenti di MailChimp offrono funzionalit\u00e0 simili a costi molto inferiori.<\/p>\n","protected":false},"excerpt":{"rendered":"<p>Particolarmente adatto per startupper, giovani imprenditori e marketer alle prime armi, MailChimp \u00e8 uno dei pi\u00f9 famosi servizi di email marketing disponibili sul mercato. <\/p>\n","protected":false},"author":16,"featured_media":103256,"parent":5555,"menu_order":39,"comment_status":"open","ping_status":"closed","template":"g1_template_page_review_new.php","meta":{"_acf_changed":false,"cwp_meta_box_check":"Yes","cwp_rev_product_name":"MailChimp","cwp_rev_product_image":"http:\/\/www.accuratereviews.com\/wp-content\/uploads\/2015\/06\/MailChimp_Logo_NoBackground_Dark.png","wppr_links":[],"cwp_rev_price":"","wppr_options":[],"wppr_pros":[],"wppr_cons":[],"_monsterinsights_skip_tracking":false,"_monsterinsights_sitenote_active":false,"_monsterinsights_sitenote_note":"","_monsterinsights_sitenote_category":0,"footnotes":""},"categories":[106,108],"tags":[],"features":[],"class_list":{"0":"post-6814","1":"page","2":"type-page","3":"status-publish","4":"has-post-thumbnail","6":"category-email-marketing-it","7":"category-newsletter"},"wppr_data":{"cwp_meta_box_check":"Yes","cwp_rev_product_name":"MailChimp","cwp_rev_product_image":"http:\/\/www.accuratereviews.com\/wp-content\/uploads\/2015\/06\/MailChimp_Logo_NoBackground_Dark.png","cwp_image_link":"image","cwp_rev_price":"","wppr_rating":"0.00"},"acf":[],"yoast_head":"<!-- This site is optimized with the Yoast SEO plugin v27.4 - https:\/\/yoast.com\/product\/yoast-seo-wordpress\/ -->\n<title>Recensione di MailChimp, uno dei migliori servizi per l&#039;email marketing<\/title>\n<meta name=\"description\" content=\"MailChimp \u00e8 uno dei re indiscussi dell&#039;email marketing. Pi\u00f9 noto tra i noti, ha dovuto il suo successo ad un approccio divertente, ma attento al cliente.\" \/>\n<meta name=\"robots\" content=\"index, follow, max-snippet:-1, max-image-preview:large, max-video-preview:-1\" \/>\n<link rel=\"canonical\" href=\"https:\/\/www.accuratereviews.com\/it\/newsletter-migliori-software-lista\/mailchimp\/\" \/>\n<meta property=\"og:locale\" content=\"it_IT\" \/>\n<meta property=\"og:type\" content=\"article\" \/>\n<meta property=\"og:title\" content=\"MailChimp - Accurate Reviews\" \/>\n<meta property=\"og:description\" content=\"MailChimp \u00e8 uno dei re indiscussi dell&#039;email marketing. Pi\u00f9 noto tra i noti, ha dovuto il suo successo ad un approccio divertente, ma attento al cliente.\" \/>\n<meta property=\"og:url\" content=\"https:\/\/www.accuratereviews.com\/it\/newsletter-migliori-software-lista\/mailchimp\/\" \/>\n<meta property=\"og:site_name\" content=\"Accurate Reviews\" \/>\n<meta property=\"article:modified_time\" content=\"2016-12-09T09:59:48+00:00\" \/>\n<meta property=\"og:image\" content=\"https:\/\/www.accuratereviews.com\/wp-content\/uploads\/2015\/05\/freddie-opengraph.png\" \/>\n\t<meta property=\"og:image:width\" content=\"210\" \/>\n\t<meta property=\"og:image:height\" content=\"210\" \/>\n\t<meta property=\"og:image:type\" content=\"image\/png\" \/>\n<meta name=\"twitter:card\" content=\"summary_large_image\" \/>\n<meta name=\"twitter:title\" content=\"MailChimp - Accurate Reviews\" \/>\n<meta name=\"twitter:label1\" content=\"Tempo di lettura stimato\" \/>\n\t<meta name=\"twitter:data1\" content=\"3 minuti\" \/>\n<script type=\"application\/ld+json\" class=\"yoast-schema-graph\">{\"@context\":\"https:\\\/\\\/schema.org\",\"@graph\":[{\"@type\":\"WebPage\",\"@id\":\"https:\\\/\\\/www.accuratereviews.com\\\/it\\\/newsletter-migliori-software-lista\\\/mailchimp\\\/\",\"url\":\"https:\\\/\\\/www.accuratereviews.com\\\/it\\\/newsletter-migliori-software-lista\\\/mailchimp\\\/\",\"name\":\"Recensione di MailChimp, uno dei migliori servizi per l'email marketing\",\"isPartOf\":{\"@id\":\"https:\\\/\\\/www.accuratereviews.com\\\/it\\\/#website\"},\"primaryImageOfPage\":{\"@id\":\"https:\\\/\\\/www.accuratereviews.com\\\/it\\\/newsletter-migliori-software-lista\\\/mailchimp\\\/#primaryimage\"},\"image\":{\"@id\":\"https:\\\/\\\/www.accuratereviews.com\\\/it\\\/newsletter-migliori-software-lista\\\/mailchimp\\\/#primaryimage\"},\"thumbnailUrl\":\"https:\\\/\\\/www.accuratereviews.com\\\/wp-content\\\/uploads\\\/2015\\\/05\\\/freddie-opengraph.png\",\"datePublished\":\"2016-12-05T13:10:25+00:00\",\"dateModified\":\"2016-12-09T09:59:48+00:00\",\"description\":\"MailChimp \u00e8 uno dei re indiscussi dell'email marketing. Pi\u00f9 noto tra i noti, ha dovuto il suo successo ad un approccio divertente, ma attento al cliente.\",\"breadcrumb\":{\"@id\":\"https:\\\/\\\/www.accuratereviews.com\\\/it\\\/newsletter-migliori-software-lista\\\/mailchimp\\\/#breadcrumb\"},\"inLanguage\":\"it-IT\",\"potentialAction\":[{\"@type\":\"ReadAction\",\"target\":[\"https:\\\/\\\/www.accuratereviews.com\\\/it\\\/newsletter-migliori-software-lista\\\/mailchimp\\\/\"]}]},{\"@type\":\"ImageObject\",\"inLanguage\":\"it-IT\",\"@id\":\"https:\\\/\\\/www.accuratereviews.com\\\/it\\\/newsletter-migliori-software-lista\\\/mailchimp\\\/#primaryimage\",\"url\":\"https:\\\/\\\/www.accuratereviews.com\\\/wp-content\\\/uploads\\\/2015\\\/05\\\/freddie-opengraph.png\",\"contentUrl\":\"https:\\\/\\\/www.accuratereviews.com\\\/wp-content\\\/uploads\\\/2015\\\/05\\\/freddie-opengraph.png\",\"width\":210,\"height\":210,\"caption\":\"mailchimp\"},{\"@type\":\"BreadcrumbList\",\"@id\":\"https:\\\/\\\/www.accuratereviews.com\\\/it\\\/newsletter-migliori-software-lista\\\/mailchimp\\\/#breadcrumb\",\"itemListElement\":[{\"@type\":\"ListItem\",\"position\":1,\"name\":\"Home\",\"item\":\"https:\\\/\\\/www.accuratereviews.com\\\/it\\\/\"},{\"@type\":\"ListItem\",\"position\":2,\"name\":\"Newsletter: i migliori software\",\"item\":\"https:\\\/\\\/www.accuratereviews.com\\\/it\\\/newsletter-migliori-software-lista\\\/\"},{\"@type\":\"ListItem\",\"position\":3,\"name\":\"MailChimp\"}]},{\"@type\":\"WebSite\",\"@id\":\"https:\\\/\\\/www.accuratereviews.com\\\/it\\\/#website\",\"url\":\"https:\\\/\\\/www.accuratereviews.com\\\/it\\\/\",\"name\":\"Accurate Reviews\",\"description\":\"\",\"potentialAction\":[{\"@type\":\"SearchAction\",\"target\":{\"@type\":\"EntryPoint\",\"urlTemplate\":\"https:\\\/\\\/www.accuratereviews.com\\\/it\\\/?s={search_term_string}\"},\"query-input\":{\"@type\":\"PropertyValueSpecification\",\"valueRequired\":true,\"valueName\":\"search_term_string\"}}],\"inLanguage\":\"it-IT\"}]}<\/script>\n<!-- \/ Yoast SEO plugin. -->","yoast_head_json":{"title":"Recensione di MailChimp, uno dei migliori servizi per l'email marketing","description":"MailChimp \u00e8 uno dei re indiscussi dell'email marketing. Pi\u00f9 noto tra i noti, ha dovuto il suo successo ad un approccio divertente, ma attento al cliente.","robots":{"index":"index","follow":"follow","max-snippet":"max-snippet:-1","max-image-preview":"max-image-preview:large","max-video-preview":"max-video-preview:-1"},"canonical":"https:\/\/www.accuratereviews.com\/it\/newsletter-migliori-software-lista\/mailchimp\/","og_locale":"it_IT","og_type":"article","og_title":"MailChimp - Accurate Reviews","og_description":"MailChimp \u00e8 uno dei re indiscussi dell'email marketing. Pi\u00f9 noto tra i noti, ha dovuto il suo successo ad un approccio divertente, ma attento al cliente.","og_url":"https:\/\/www.accuratereviews.com\/it\/newsletter-migliori-software-lista\/mailchimp\/","og_site_name":"Accurate Reviews","article_modified_time":"2016-12-09T09:59:48+00:00","og_image":[{"width":210,"height":210,"url":"https:\/\/www.accuratereviews.com\/wp-content\/uploads\/2015\/05\/freddie-opengraph.png","type":"image\/png"}],"twitter_card":"summary_large_image","twitter_title":"MailChimp - Accurate Reviews","twitter_misc":{"Tempo di lettura stimato":"3 minuti"},"schema":{"@context":"https:\/\/schema.org","@graph":[{"@type":"WebPage","@id":"https:\/\/www.accuratereviews.com\/it\/newsletter-migliori-software-lista\/mailchimp\/","url":"https:\/\/www.accuratereviews.com\/it\/newsletter-migliori-software-lista\/mailchimp\/","name":"Recensione di MailChimp, uno dei migliori servizi per l'email marketing","isPartOf":{"@id":"https:\/\/www.accuratereviews.com\/it\/#website"},"primaryImageOfPage":{"@id":"https:\/\/www.accuratereviews.com\/it\/newsletter-migliori-software-lista\/mailchimp\/#primaryimage"},"image":{"@id":"https:\/\/www.accuratereviews.com\/it\/newsletter-migliori-software-lista\/mailchimp\/#primaryimage"},"thumbnailUrl":"https:\/\/www.accuratereviews.com\/wp-content\/uploads\/2015\/05\/freddie-opengraph.png","datePublished":"2016-12-05T13:10:25+00:00","dateModified":"2016-12-09T09:59:48+00:00","description":"MailChimp \u00e8 uno dei re indiscussi dell'email marketing. Pi\u00f9 noto tra i noti, ha dovuto il suo successo ad un approccio divertente, ma attento al cliente.","breadcrumb":{"@id":"https:\/\/www.accuratereviews.com\/it\/newsletter-migliori-software-lista\/mailchimp\/#breadcrumb"},"inLanguage":"it-IT","potentialAction":[{"@type":"ReadAction","target":["https:\/\/www.accuratereviews.com\/it\/newsletter-migliori-software-lista\/mailchimp\/"]}]},{"@type":"ImageObject","inLanguage":"it-IT","@id":"https:\/\/www.accuratereviews.com\/it\/newsletter-migliori-software-lista\/mailchimp\/#primaryimage","url":"https:\/\/www.accuratereviews.com\/wp-content\/uploads\/2015\/05\/freddie-opengraph.png","contentUrl":"https:\/\/www.accuratereviews.com\/wp-content\/uploads\/2015\/05\/freddie-opengraph.png","width":210,"height":210,"caption":"mailchimp"},{"@type":"BreadcrumbList","@id":"https:\/\/www.accuratereviews.com\/it\/newsletter-migliori-software-lista\/mailchimp\/#breadcrumb","itemListElement":[{"@type":"ListItem","position":1,"name":"Home","item":"https:\/\/www.accuratereviews.com\/it\/"},{"@type":"ListItem","position":2,"name":"Newsletter: i migliori software","item":"https:\/\/www.accuratereviews.com\/it\/newsletter-migliori-software-lista\/"},{"@type":"ListItem","position":3,"name":"MailChimp"}]},{"@type":"WebSite","@id":"https:\/\/www.accuratereviews.com\/it\/#website","url":"https:\/\/www.accuratereviews.com\/it\/","name":"Accurate Reviews","description":"","potentialAction":[{"@type":"SearchAction","target":{"@type":"EntryPoint","urlTemplate":"https:\/\/www.accuratereviews.com\/it\/?s={search_term_string}"},"query-input":{"@type":"PropertyValueSpecification","valueRequired":true,"valueName":"search_term_string"}}],"inLanguage":"it-IT"}]}},"_links":{"self":[{"href":"https:\/\/www.accuratereviews.com\/it\/wp-json\/wp\/v2\/pages\/6814","targetHints":{"allow":["GET"]}}],"collection":[{"href":"https:\/\/www.accuratereviews.com\/it\/wp-json\/wp\/v2\/pages"}],"about":[{"href":"https:\/\/www.accuratereviews.com\/it\/wp-json\/wp\/v2\/types\/page"}],"author":[{"embeddable":true,"href":"https:\/\/www.accuratereviews.com\/it\/wp-json\/wp\/v2\/users\/16"}],"replies":[{"embeddable":true,"href":"https:\/\/www.accuratereviews.com\/it\/wp-json\/wp\/v2\/comments?post=6814"}],"version-history":[{"count":8,"href":"https:\/\/www.accuratereviews.com\/it\/wp-json\/wp\/v2\/pages\/6814\/revisions"}],"predecessor-version":[{"id":6879,"href":"https:\/\/www.accuratereviews.com\/it\/wp-json\/wp\/v2\/pages\/6814\/revisions\/6879"}],"up":[{"embeddable":true,"href":"https:\/\/www.accuratereviews.com\/it\/wp-json\/wp\/v2\/pages\/5555"}],"wp:featuredmedia":[{"embeddable":true,"href":"https:\/\/www.accuratereviews.com\/it\/wp-json\/wp\/v2\/media\/103256"}],"wp:attachment":[{"href":"https:\/\/www.accuratereviews.com\/it\/wp-json\/wp\/v2\/media?parent=6814"}],"wp:term":[{"taxonomy":"category","embeddable":true,"href":"https:\/\/www.accuratereviews.com\/it\/wp-json\/wp\/v2\/categories?post=6814"},{"taxonomy":"post_tag","embeddable":true,"href":"https:\/\/www.accuratereviews.com\/it\/wp-json\/wp\/v2\/tags?post=6814"},{"taxonomy":"features","embeddable":true,"href":"https:\/\/www.accuratereviews.com\/it\/wp-json\/wp\/v2\/features?post=6814"}],"curies":[{"name":"wp","href":"https:\/\/api.w.org\/{rel}","templated":true}]}}