{"id":68170,"date":"2023-03-22T16:01:42","date_gmt":"2023-03-22T16:01:42","guid":{"rendered":"https:\/\/www.accuratereviews.com\/?page_id=68170"},"modified":"2023-03-22T16:01:42","modified_gmt":"2023-03-22T16:01:42","slug":"zephyr-recensione","status":"publish","type":"page","link":"https:\/\/www.accuratereviews.com\/it\/software-cms\/zephyr-recensione\/","title":{"rendered":"Zephyr"},"content":{"rendered":"<p id=\"product_56443\" class=\"h5 fw-bold mb-2\"><strong>Zephyr<\/strong>\u00a0\u00e8 un <strong>software CMS<\/strong> che ti permette di creare un sito web elegante e strutturato in pochi passi e in poco tempo. Scegli tra i numerosi temi che offre e lancia online il tuo sito in 3 o 4 settimane: basato cloud, flessibile, scalabile e facile da gestire. Inoltre <strong>Zephyr<\/strong> utilizza le migliori tecniche SEO, dell&#8217;ottimizzazione dei motori di ricerca, funzionali per dare maggiore visibilit\u00e0 ai tuoi contenuti e attirare un maggior numero di potenziali clienti.<\/p>\n<h2>ZEPHYR &#8211; TUTORIAL<\/h2>\n<div id=\"fluid-wrapper-counter-1\" class=\"g1-fluid-wrapper \" style=\"width:686px;\">\n<div style=\"padding-bottom:56.268221574344%;\"><iframe loading=\"lazy\" title=\"How to Create a Page in Zephyr CMS\" src=\"https:\/\/player.vimeo.com\/video\/281807367?h=24cc419760&amp;dnt=1&amp;app_id=122963?title=0&amp;byline=0&amp;portrait=0\" width=\"686\" height=\"319\" frameborder=\"0\" allow=\"autoplay; fullscreen; picture-in-picture\" allowfullscreen><\/iframe><\/div>\n<\/div>\n<h3>ZEPHYR &#8211; CARATTERISTICHE<\/h3>\n<ul>\n<li>Creazione sito web<\/li>\n<li>Numerosi temi<\/li>\n<li>Flessibile ed espandibile<\/li>\n<li>Facile da gestire<\/li>\n<li>Sicuro e ospitato nel cloud<\/li>\n<li>Processo rapido ed efficace<\/li>\n<li>Lancio online in 3 o 4 settimane<\/li>\n<li>Consulenza e supporto costante<\/li>\n<\/ul>\n<h4>LE RECENSIONI DEGLI UTENTI<\/h4>\n<p><strong>Kenneth &#8220;Un software buono e funzionale&#8221;<\/strong><br \/>\nCommenti: Zephyr \u00e8 un buon sistema dietro il mio sito web e nel complesso lo consiglio.<br \/>\nPro: Zephyr \u00e8 conveniente e facile da usare. Fa tutto ci\u00f2 che la maggior parte delle persone vorrebbe che facesse.<br \/>\nContro: Ci sono alcuni attributi ancora in lavorazione che vorrei vedere da Zephyr.<\/p>\n<p><strong>Lauren &#8220;Recensione di Zephyr&#8221;<\/strong><br \/>\nCommenti: Nel complesso, mi piace usare Zephyr. Se la funzione link fosse migliorata, renderebbe i post ancora pi\u00f9 veloci e semplici.<br \/>\nPro: Facilit\u00e0 d&#8217;uso per postare. Funzioni intuitive. Facilit\u00e0 di modifica del testo.<br \/>\nContro: Non mi \u00e8 piaciuto il fatto di dover ricollegare il testo con un link ipertestuale. Vorrei che copiasse i link quando si copia e incolla il testo nella casella di testo.<\/p>\n<p><strong>Patty &#8220;Zephyr mi ha reso la vita pi\u00f9 facile :)&#8221;<\/strong><br \/>\nCommenti: Nella nostra attivit\u00e0, le informazioni aggiornate sono fondamentali&#8230; con il prodotto Zephyr siamo in grado di farlo con il minimo sforzo e tempo.<br \/>\nPro: La facilit\u00e0 di aggiornamento del nostro sito web, il caricamento illimitato di asset e la flessibilit\u00e0 dei contenuti. \u00c8 fantastico il fatto che salvi tutto e che io sia in grado di richiamare i vecchi articoli&#8230; ottimo prodotto.<br \/>\nContro: L&#8217;unica cosa che vorrei fosse pi\u00f9 semplice \u00e8 che a volte il browser che sto usando interferisce con la funzionalit\u00e0, ma questo potrebbe essere un problema mio e devo indagare meglio.<\/p>\n","protected":false},"excerpt":{"rendered":"<p>Zephyr\u00a0\u00e8 un software CMS che ti permette di creare un sito web elegante e strutturato in pochi passi e in poco tempo. Scegli tra i numerosi temi che offre e lancia online il tuo sito in 3 o 4 settimane: basato cloud, flessibile, scalabile e facile da gestire.<\/p>\n","protected":false},"author":17,"featured_media":68171,"parent":16175,"menu_order":0,"comment_status":"open","ping_status":"closed","template":"g1_template_page_review_new.php","meta":{"_acf_changed":false,"cwp_meta_box_check":"No","cwp_rev_product_name":"","cwp_rev_product_image":"","wppr_links":[],"cwp_rev_price":"","wppr_options":[],"wppr_pros":[],"wppr_cons":[],"_monsterinsights_skip_tracking":false,"_monsterinsights_sitenote_active":false,"_monsterinsights_sitenote_note":"","_monsterinsights_sitenote_category":0,"footnotes":""},"categories":[931],"tags":[14158,961,950,951,942],"features":[],"class_list":{"0":"post-68170","1":"page","2":"type-page","3":"status-publish","4":"has-post-thumbnail","6":"category-cms","7":"tag-app-cms","8":"tag-cms-piattaforma","9":"tag-cms-software","10":"tag-programmi-cms","11":"tag-soluzione-cms"},"wppr_data":{"cwp_meta_box_check":"No"},"acf":[],"yoast_head":"<!-- This site is optimized with the Yoast SEO plugin v27.4 - https:\/\/yoast.com\/product\/yoast-seo-wordpress\/ -->\n<title>Zephyr: recensione software CMS - Accurate Reviews<\/title>\n<meta name=\"description\" content=\"Zephyr: recensione del software CMS che ti permette di creare un sito web elegante e strutturato in pochi passi e in poco tempo.\" \/>\n<meta name=\"robots\" content=\"index, follow, max-snippet:-1, max-image-preview:large, max-video-preview:-1\" \/>\n<link rel=\"canonical\" href=\"https:\/\/www.accuratereviews.com\/it\/software-cms\/zephyr-recensione\/\" \/>\n<meta property=\"og:locale\" content=\"it_IT\" \/>\n<meta property=\"og:type\" content=\"article\" \/>\n<meta property=\"og:title\" content=\"Zephyr: recensione software CMS - Accurate Reviews\" \/>\n<meta property=\"og:description\" content=\"Zephyr: recensione del software CMS che ti permette di creare un sito web elegante e strutturato in pochi passi e in poco tempo.\" \/>\n<meta property=\"og:url\" content=\"https:\/\/www.accuratereviews.com\/it\/software-cms\/zephyr-recensione\/\" \/>\n<meta property=\"og:site_name\" content=\"Accurate Reviews\" \/>\n<meta property=\"og:image\" content=\"https:\/\/www.accuratereviews.com\/wp-content\/uploads\/2023\/03\/zephyr-logo.png\" \/>\n\t<meta property=\"og:image:width\" content=\"347\" \/>\n\t<meta property=\"og:image:height\" content=\"304\" \/>\n\t<meta property=\"og:image:type\" content=\"image\/png\" \/>\n<meta name=\"twitter:card\" content=\"summary_large_image\" \/>\n<meta name=\"twitter:label1\" content=\"Tempo di lettura stimato\" \/>\n\t<meta name=\"twitter:data1\" content=\"2 minuti\" \/>\n<script type=\"application\/ld+json\" class=\"yoast-schema-graph\">{\"@context\":\"https:\\\/\\\/schema.org\",\"@graph\":[{\"@type\":\"WebPage\",\"@id\":\"https:\\\/\\\/www.accuratereviews.com\\\/it\\\/software-cms\\\/zephyr-recensione\\\/\",\"url\":\"https:\\\/\\\/www.accuratereviews.com\\\/it\\\/software-cms\\\/zephyr-recensione\\\/\",\"name\":\"Zephyr: recensione software CMS - Accurate Reviews\",\"isPartOf\":{\"@id\":\"https:\\\/\\\/www.accuratereviews.com\\\/it\\\/#website\"},\"primaryImageOfPage\":{\"@id\":\"https:\\\/\\\/www.accuratereviews.com\\\/it\\\/software-cms\\\/zephyr-recensione\\\/#primaryimage\"},\"image\":{\"@id\":\"https:\\\/\\\/www.accuratereviews.com\\\/it\\\/software-cms\\\/zephyr-recensione\\\/#primaryimage\"},\"thumbnailUrl\":\"https:\\\/\\\/www.accuratereviews.com\\\/wp-content\\\/uploads\\\/2023\\\/03\\\/zephyr-logo.png\",\"datePublished\":\"2023-03-22T16:01:42+00:00\",\"description\":\"Zephyr: recensione del software CMS che ti permette di creare un sito web elegante e strutturato in pochi passi e in poco tempo.\",\"breadcrumb\":{\"@id\":\"https:\\\/\\\/www.accuratereviews.com\\\/it\\\/software-cms\\\/zephyr-recensione\\\/#breadcrumb\"},\"inLanguage\":\"it-IT\",\"potentialAction\":[{\"@type\":\"ReadAction\",\"target\":[\"https:\\\/\\\/www.accuratereviews.com\\\/it\\\/software-cms\\\/zephyr-recensione\\\/\"]}]},{\"@type\":\"ImageObject\",\"inLanguage\":\"it-IT\",\"@id\":\"https:\\\/\\\/www.accuratereviews.com\\\/it\\\/software-cms\\\/zephyr-recensione\\\/#primaryimage\",\"url\":\"https:\\\/\\\/www.accuratereviews.com\\\/wp-content\\\/uploads\\\/2023\\\/03\\\/zephyr-logo.png\",\"contentUrl\":\"https:\\\/\\\/www.accuratereviews.com\\\/wp-content\\\/uploads\\\/2023\\\/03\\\/zephyr-logo.png\",\"width\":347,\"height\":304},{\"@type\":\"BreadcrumbList\",\"@id\":\"https:\\\/\\\/www.accuratereviews.com\\\/it\\\/software-cms\\\/zephyr-recensione\\\/#breadcrumb\",\"itemListElement\":[{\"@type\":\"ListItem\",\"position\":1,\"name\":\"Home\",\"item\":\"https:\\\/\\\/www.accuratereviews.com\\\/it\\\/\"},{\"@type\":\"ListItem\",\"position\":2,\"name\":\"Software CMS\",\"item\":\"https:\\\/\\\/www.accuratereviews.com\\\/it\\\/software-cms\\\/\"},{\"@type\":\"ListItem\",\"position\":3,\"name\":\"Zephyr\"}]},{\"@type\":\"WebSite\",\"@id\":\"https:\\\/\\\/www.accuratereviews.com\\\/it\\\/#website\",\"url\":\"https:\\\/\\\/www.accuratereviews.com\\\/it\\\/\",\"name\":\"Accurate Reviews\",\"description\":\"\",\"potentialAction\":[{\"@type\":\"SearchAction\",\"target\":{\"@type\":\"EntryPoint\",\"urlTemplate\":\"https:\\\/\\\/www.accuratereviews.com\\\/it\\\/?s={search_term_string}\"},\"query-input\":{\"@type\":\"PropertyValueSpecification\",\"valueRequired\":true,\"valueName\":\"search_term_string\"}}],\"inLanguage\":\"it-IT\"}]}<\/script>\n<!-- \/ Yoast SEO plugin. -->","yoast_head_json":{"title":"Zephyr: recensione software CMS - Accurate Reviews","description":"Zephyr: recensione del software CMS che ti permette di creare un sito web elegante e strutturato in pochi passi e in poco tempo.","robots":{"index":"index","follow":"follow","max-snippet":"max-snippet:-1","max-image-preview":"max-image-preview:large","max-video-preview":"max-video-preview:-1"},"canonical":"https:\/\/www.accuratereviews.com\/it\/software-cms\/zephyr-recensione\/","og_locale":"it_IT","og_type":"article","og_title":"Zephyr: recensione software CMS - Accurate Reviews","og_description":"Zephyr: recensione del software CMS che ti permette di creare un sito web elegante e strutturato in pochi passi e in poco tempo.","og_url":"https:\/\/www.accuratereviews.com\/it\/software-cms\/zephyr-recensione\/","og_site_name":"Accurate Reviews","og_image":[{"width":347,"height":304,"url":"https:\/\/www.accuratereviews.com\/wp-content\/uploads\/2023\/03\/zephyr-logo.png","type":"image\/png"}],"twitter_card":"summary_large_image","twitter_misc":{"Tempo di lettura stimato":"2 minuti"},"schema":{"@context":"https:\/\/schema.org","@graph":[{"@type":"WebPage","@id":"https:\/\/www.accuratereviews.com\/it\/software-cms\/zephyr-recensione\/","url":"https:\/\/www.accuratereviews.com\/it\/software-cms\/zephyr-recensione\/","name":"Zephyr: recensione software CMS - Accurate Reviews","isPartOf":{"@id":"https:\/\/www.accuratereviews.com\/it\/#website"},"primaryImageOfPage":{"@id":"https:\/\/www.accuratereviews.com\/it\/software-cms\/zephyr-recensione\/#primaryimage"},"image":{"@id":"https:\/\/www.accuratereviews.com\/it\/software-cms\/zephyr-recensione\/#primaryimage"},"thumbnailUrl":"https:\/\/www.accuratereviews.com\/wp-content\/uploads\/2023\/03\/zephyr-logo.png","datePublished":"2023-03-22T16:01:42+00:00","description":"Zephyr: recensione del software CMS che ti permette di creare un sito web elegante e strutturato in pochi passi e in poco tempo.","breadcrumb":{"@id":"https:\/\/www.accuratereviews.com\/it\/software-cms\/zephyr-recensione\/#breadcrumb"},"inLanguage":"it-IT","potentialAction":[{"@type":"ReadAction","target":["https:\/\/www.accuratereviews.com\/it\/software-cms\/zephyr-recensione\/"]}]},{"@type":"ImageObject","inLanguage":"it-IT","@id":"https:\/\/www.accuratereviews.com\/it\/software-cms\/zephyr-recensione\/#primaryimage","url":"https:\/\/www.accuratereviews.com\/wp-content\/uploads\/2023\/03\/zephyr-logo.png","contentUrl":"https:\/\/www.accuratereviews.com\/wp-content\/uploads\/2023\/03\/zephyr-logo.png","width":347,"height":304},{"@type":"BreadcrumbList","@id":"https:\/\/www.accuratereviews.com\/it\/software-cms\/zephyr-recensione\/#breadcrumb","itemListElement":[{"@type":"ListItem","position":1,"name":"Home","item":"https:\/\/www.accuratereviews.com\/it\/"},{"@type":"ListItem","position":2,"name":"Software CMS","item":"https:\/\/www.accuratereviews.com\/it\/software-cms\/"},{"@type":"ListItem","position":3,"name":"Zephyr"}]},{"@type":"WebSite","@id":"https:\/\/www.accuratereviews.com\/it\/#website","url":"https:\/\/www.accuratereviews.com\/it\/","name":"Accurate Reviews","description":"","potentialAction":[{"@type":"SearchAction","target":{"@type":"EntryPoint","urlTemplate":"https:\/\/www.accuratereviews.com\/it\/?s={search_term_string}"},"query-input":{"@type":"PropertyValueSpecification","valueRequired":true,"valueName":"search_term_string"}}],"inLanguage":"it-IT"}]}},"_links":{"self":[{"href":"https:\/\/www.accuratereviews.com\/it\/wp-json\/wp\/v2\/pages\/68170","targetHints":{"allow":["GET"]}}],"collection":[{"href":"https:\/\/www.accuratereviews.com\/it\/wp-json\/wp\/v2\/pages"}],"about":[{"href":"https:\/\/www.accuratereviews.com\/it\/wp-json\/wp\/v2\/types\/page"}],"author":[{"embeddable":true,"href":"https:\/\/www.accuratereviews.com\/it\/wp-json\/wp\/v2\/users\/17"}],"replies":[{"embeddable":true,"href":"https:\/\/www.accuratereviews.com\/it\/wp-json\/wp\/v2\/comments?post=68170"}],"version-history":[{"count":6,"href":"https:\/\/www.accuratereviews.com\/it\/wp-json\/wp\/v2\/pages\/68170\/revisions"}],"predecessor-version":[{"id":68195,"href":"https:\/\/www.accuratereviews.com\/it\/wp-json\/wp\/v2\/pages\/68170\/revisions\/68195"}],"up":[{"embeddable":true,"href":"https:\/\/www.accuratereviews.com\/it\/wp-json\/wp\/v2\/pages\/16175"}],"wp:featuredmedia":[{"embeddable":true,"href":"https:\/\/www.accuratereviews.com\/it\/wp-json\/wp\/v2\/media\/68171"}],"wp:attachment":[{"href":"https:\/\/www.accuratereviews.com\/it\/wp-json\/wp\/v2\/media?parent=68170"}],"wp:term":[{"taxonomy":"category","embeddable":true,"href":"https:\/\/www.accuratereviews.com\/it\/wp-json\/wp\/v2\/categories?post=68170"},{"taxonomy":"post_tag","embeddable":true,"href":"https:\/\/www.accuratereviews.com\/it\/wp-json\/wp\/v2\/tags?post=68170"},{"taxonomy":"features","embeddable":true,"href":"https:\/\/www.accuratereviews.com\/it\/wp-json\/wp\/v2\/features?post=68170"}],"curies":[{"name":"wp","href":"https:\/\/api.w.org\/{rel}","templated":true}]}}