{"id":68212,"date":"2023-03-23T18:36:15","date_gmt":"2023-03-23T18:36:15","guid":{"rendered":"https:\/\/www.accuratereviews.com\/?page_id=68212"},"modified":"2023-03-23T18:36:15","modified_gmt":"2023-03-23T18:36:15","slug":"resly-recensione","status":"publish","type":"page","link":"https:\/\/www.accuratereviews.com\/it\/gestionali-hotel-lista\/resly-recensione\/","title":{"rendered":"Resly"},"content":{"rendered":"<p><strong>Resly<\/strong> \u00e8 un<strong> sistema di gestione della propriet\u00e0<\/strong> progettato per aiutare gli hotel e i resort a gestire la conformit\u00e0, la pianificazione delle attivit\u00e0, le comunicazioni con gli ospiti, l&#8217;elaborazione dei pagamenti e altri processi su una piattaforma unificata. Gli amministratori possono utilizzare registri di controllo e report personalizzati per valutare gli account e garantire la conformit\u00e0 a vari standard normativi.<br \/>\nIl programma\u00a0consente alle organizzazioni di archiviare in modo sicuro i dati all&#8217;interno di un repository basato su <strong>cloud<\/strong> per mitigare i rischi legati a virus, malware e furto di dati. Gli hotel possono programmare e inviare email o messaggi sms personalizzati agli ospiti e utilizzare <strong>Resly Direct<\/strong> per gestire le prenotazioni. I resort possono automatizzare i pagamenti, semplificare i processi di riconciliazione bancaria e accedere a estratti conto, report e altre informazioni da una unica piattaforma.<\/p>\n<h2>RESLY &#8211; TUTORIAL<\/h2>\n<div id=\"fluid-wrapper-counter-1\" class=\"g1-fluid-wrapper \" style=\"width:686px;\">\n<div style=\"padding-bottom:56.268221574344%;\"><iframe loading=\"lazy\" title=\"Noosa Blue Resort\" src=\"https:\/\/player.vimeo.com\/video\/695304476?h=916e662271&amp;dnt=1&amp;app_id=122963?title=0&amp;byline=0&amp;portrait=0\" width=\"686\" height=\"386\" frameborder=\"0\" allow=\"autoplay; fullscreen; picture-in-picture\" allowfullscreen><\/iframe><\/div>\n<\/div>\n<h3>RESLY &#8211; CARATTERISTICHE<\/h3>\n<ul>\n<li><strong>Archiviazione cloud sicura<\/strong>: accedi ai tuoi report e rendiconti sempre e ovunque, utilizzando il cloud storage sicuro. Non \u00e8 necessario eseguire il backup del computer.<\/li>\n<li><strong>Sicurezza nel cloud<\/strong>: poich\u00e9 i tuoi dati sono archiviati in modo sicuro nel cloud, mitiga il rischio di violazioni della sicurezza dovute a furto di hardware, malware e virus.<\/li>\n<li><strong>Veloce e semplice<\/strong>: l&#8217;interfaccia ordinata \u00e8 stata progettata per ridurre la confusione, coinvolgere gli utenti e aumentare la produttivit\u00e0. Tutto ci\u00f2 di cui hai bisogno in pochi clic.<\/li>\n<li><strong>Invia sms illimitati<\/strong>: pianifica e invia email personalizzate. Messaggi sms con marchio illimitati agli ospiti inclusi senza costi aggiuntivi.<\/li>\n<li><strong>Prenotazioni dirette<\/strong>: il motore di prenotazione diretta offre a ogni hotel l&#8217;accesso a un motore di prenotazione diretta di livello mondiale, ricco di contenuti e funzionalit\u00e0.<\/li>\n<li><strong>Gestione del canale:<\/strong> integrazione perfetta con oltre 100 dei principali canali di prenotazione del mondo, automatizza lo scambio di tariffe, disponibilit\u00e0 e prenotazioni tra te e i tuoi canali di prenotazione.<\/li>\n<li><strong>Check-in online<\/strong>: offri ai tuoi ospiti la possibilit\u00e0 di inviare documenti e fare il check-in da remoto. Cattura i dettagli, l&#8217;ID e dichiarazioni dei tuoi ospiti.<\/li>\n<\/ul>\n<h4>LE RECENSIONI DEGLI UTENTI<\/h4>\n<p><strong>Shirley &#8220;Resly \u00e8 il migliore&#8221;<\/strong><br \/>\n<strong>Pro<\/strong>: Sempre aggiornato con nuove ed entusiasmanti funzionalit\u00e0. Molto facile da usare e il supporto \u00e8 incredibile. L&#8217;aiuto \u00e8 solo una chiamata. Molto rapido e professionale in ogni momento.<br \/>\n<strong>Contro<\/strong>: Non che io sappia. Questo software copre sicuramente tutte le mie esigenze con facilit\u00e0.<\/p>\n<p><strong>Nick &#8220;Semplicemente la migliore piattaforma di contabilit\u00e0 fiduciaria disponibile. Nessuna eccezione.&#8221;<\/strong><br \/>\n<strong>Pro<\/strong>: Se potessi dare al supporto Resly 6 stelle lo farei: sono reattivi e molto ricettivi alle richieste di funzionalit\u00e0. La gestione di tariffe e restrizioni \u00e8 semplice da usare e progettata in modo efficace: utilizziamo pi\u00f9 PMS all&#8217;interno del nostro gruppo (compresi i fornitori premium), Resly \u00e8 di gran lunga il migliore in tutto questo spazio&#8230;<br \/>\n<strong>Contro<\/strong>: La gestione delle prenotazioni \u00e8 un po&#8217; basilare rispetto ad altri sistemi, ma si adatta bene al nostro modello di business (affitto vacanze)<\/p>\n<p><strong>Marion &#8220;Il miglior programma di sempre!&#8221;<\/strong><br \/>\n<strong>Commenti<\/strong>: Un&#8217;acquisizione cos\u00ec facile, un supporto straordinario, un team adorabile con cui lavorare, lo consiglio vivamente a tutti<br \/>\n<strong>Pro<\/strong>: Questo prodotto \u00e8 cos\u00ec facile da usare, intuitivo e semplice. Adoro il supporto che riceviamo e gli aggiornamenti costanti. Squadra fantastica. Ha reso la mia vita molto pi\u00f9 facile.<br \/>\n<strong>Contro<\/strong>: Che il calendario torni completo quando ci si lavora.<\/p>\n","protected":false},"excerpt":{"rendered":"<p>Resly \u00e8 un sistema di gestione della propriet\u00e0 progettato per aiutare gli hotel e i resort a gestire la conformit\u00e0, la pianificazione delle attivit\u00e0, le comunicazioni con gli ospiti, l&#8217;elaborazione dei pagamenti e altri processi su una piattaforma unificata.<\/p>\n","protected":false},"author":19,"featured_media":68217,"parent":29585,"menu_order":0,"comment_status":"open","ping_status":"closed","template":"g1_template_page_review_new.php","meta":{"_acf_changed":false,"cwp_meta_box_check":"Yes","cwp_rev_product_name":"","cwp_rev_product_image":"","wppr_links":[],"cwp_rev_price":"0.00","wppr_options":[{"name":"Usability","value":"0"},{"name":"Speed","value":"0"},{"name":"Features","value":"0"},{"name":"Support","value":"0"},{"name":"Pricing","value":"0"}],"wppr_pros":["","","","",""],"wppr_cons":["","","","",""],"_monsterinsights_skip_tracking":false,"_monsterinsights_sitenote_active":false,"_monsterinsights_sitenote_note":"","_monsterinsights_sitenote_category":0,"footnotes":""},"categories":[1720],"tags":[1721,1743,1747,1744,1729],"features":[],"class_list":{"0":"post-68212","1":"page","2":"type-page","3":"status-publish","4":"has-post-thumbnail","6":"category-gestionali-hotel-categoria","7":"tag-gestionale-hotel","8":"tag-piattaforma-gestionale-hotel","9":"tag-programma-gestionale-hotel","10":"tag-software-gestionale-hotel","11":"tag-soluzione-gestionale-hotel"},"wppr_data":{"cwp_meta_box_check":"Yes","_wppr_review_template":"default","cwp_rev_product_image":"","cwp_image_link":"image","wppr_links":[],"cwp_rev_price":"0.00","wppr_pros":["","","","",""],"wppr_cons":["","","","",""],"wppr_rating":"0.00","wppr_options":{"1":{"name":"Usability","value":"0"},"2":{"name":"Speed","value":"0"},"3":{"name":"Features","value":"0"},"4":{"name":"Support","value":"0"},"5":{"name":"Pricing","value":"0"}},"wppr_review_type":"Product","wppr_review_custom_fields":{"additionalProperty":"","additionalType":"","aggregateRating":"","alternateName":"","audience":"","award":"","awards":"","brand":"","color":"","depth":"","description":"","disambiguatingDescription":"","gtin12":"","gtin13":"","gtin14":"","gtin8":"","height":"","identifier":"","image":"","isAccessoryOrSparePartFor":"","isConsumableFor":"","isRelatedTo":"","isSimilarTo":"","itemCondition":"","logo":"","mainEntityOfPage":"","manufacturer":"","material":"","model":"","mpn":"","name":"","offers":"","potentialAction":"","productID":"","productionDate":"","purchaseDate":"","releaseDate":"","review":"","reviews":"","sameAs":"","sku":"","slogan":"","subjectOf":"","url":"","weight":"","width":""}},"acf":[],"yoast_head":"<!-- This site is optimized with the Yoast SEO plugin v27.4 - https:\/\/yoast.com\/product\/yoast-seo-wordpress\/ -->\n<title>Resly: recensione software gestione hotel - Accurate Reviews<\/title>\n<meta name=\"description\" content=\"Resly: recensione software gestionale hotel che facilita l&#039;integrazione con vari sistemi di terze parti e canali di prenotazione.\" \/>\n<meta name=\"robots\" content=\"index, follow, max-snippet:-1, max-image-preview:large, max-video-preview:-1\" \/>\n<link rel=\"canonical\" href=\"https:\/\/www.accuratereviews.com\/it\/gestionali-hotel-lista\/resly-recensione\/\" \/>\n<meta property=\"og:locale\" content=\"it_IT\" \/>\n<meta property=\"og:type\" content=\"article\" \/>\n<meta property=\"og:title\" content=\"Resly: recensione software gestione hotel - Accurate Reviews\" \/>\n<meta property=\"og:description\" content=\"Resly: recensione software gestionale hotel che facilita l&#039;integrazione con vari sistemi di terze parti e canali di prenotazione.\" \/>\n<meta property=\"og:url\" content=\"https:\/\/www.accuratereviews.com\/it\/gestionali-hotel-lista\/resly-recensione\/\" \/>\n<meta property=\"og:site_name\" content=\"Accurate Reviews\" \/>\n<meta property=\"og:image\" content=\"https:\/\/www.accuratereviews.com\/wp-content\/uploads\/2023\/03\/resly2.png\" \/>\n\t<meta property=\"og:image:width\" content=\"500\" \/>\n\t<meta property=\"og:image:height\" content=\"250\" \/>\n\t<meta property=\"og:image:type\" content=\"image\/png\" \/>\n<meta name=\"twitter:card\" content=\"summary_large_image\" \/>\n<meta name=\"twitter:label1\" content=\"Tempo di lettura stimato\" \/>\n\t<meta name=\"twitter:data1\" content=\"3 minuti\" \/>\n<script type=\"application\/ld+json\" class=\"yoast-schema-graph\">{\"@context\":\"https:\\\/\\\/schema.org\",\"@graph\":[{\"@type\":\"WebPage\",\"@id\":\"https:\\\/\\\/www.accuratereviews.com\\\/it\\\/gestionali-hotel-lista\\\/resly-recensione\\\/\",\"url\":\"https:\\\/\\\/www.accuratereviews.com\\\/it\\\/gestionali-hotel-lista\\\/resly-recensione\\\/\",\"name\":\"Resly: recensione software gestione hotel - Accurate Reviews\",\"isPartOf\":{\"@id\":\"https:\\\/\\\/www.accuratereviews.com\\\/it\\\/#website\"},\"primaryImageOfPage\":{\"@id\":\"https:\\\/\\\/www.accuratereviews.com\\\/it\\\/gestionali-hotel-lista\\\/resly-recensione\\\/#primaryimage\"},\"image\":{\"@id\":\"https:\\\/\\\/www.accuratereviews.com\\\/it\\\/gestionali-hotel-lista\\\/resly-recensione\\\/#primaryimage\"},\"thumbnailUrl\":\"https:\\\/\\\/www.accuratereviews.com\\\/wp-content\\\/uploads\\\/2023\\\/03\\\/resly2.png\",\"datePublished\":\"2023-03-23T18:36:15+00:00\",\"description\":\"Resly: recensione software gestionale hotel che facilita l'integrazione con vari sistemi di terze parti e canali di prenotazione.\",\"breadcrumb\":{\"@id\":\"https:\\\/\\\/www.accuratereviews.com\\\/it\\\/gestionali-hotel-lista\\\/resly-recensione\\\/#breadcrumb\"},\"inLanguage\":\"it-IT\",\"potentialAction\":[{\"@type\":\"ReadAction\",\"target\":[\"https:\\\/\\\/www.accuratereviews.com\\\/it\\\/gestionali-hotel-lista\\\/resly-recensione\\\/\"]}]},{\"@type\":\"ImageObject\",\"inLanguage\":\"it-IT\",\"@id\":\"https:\\\/\\\/www.accuratereviews.com\\\/it\\\/gestionali-hotel-lista\\\/resly-recensione\\\/#primaryimage\",\"url\":\"https:\\\/\\\/www.accuratereviews.com\\\/wp-content\\\/uploads\\\/2023\\\/03\\\/resly2.png\",\"contentUrl\":\"https:\\\/\\\/www.accuratereviews.com\\\/wp-content\\\/uploads\\\/2023\\\/03\\\/resly2.png\",\"width\":500,\"height\":250},{\"@type\":\"BreadcrumbList\",\"@id\":\"https:\\\/\\\/www.accuratereviews.com\\\/it\\\/gestionali-hotel-lista\\\/resly-recensione\\\/#breadcrumb\",\"itemListElement\":[{\"@type\":\"ListItem\",\"position\":1,\"name\":\"Home\",\"item\":\"https:\\\/\\\/www.accuratereviews.com\\\/it\\\/\"},{\"@type\":\"ListItem\",\"position\":2,\"name\":\"Gestionali per hotel\",\"item\":\"https:\\\/\\\/www.accuratereviews.com\\\/it\\\/gestionali-hotel-lista\\\/\"},{\"@type\":\"ListItem\",\"position\":3,\"name\":\"Resly\"}]},{\"@type\":\"WebSite\",\"@id\":\"https:\\\/\\\/www.accuratereviews.com\\\/it\\\/#website\",\"url\":\"https:\\\/\\\/www.accuratereviews.com\\\/it\\\/\",\"name\":\"Accurate Reviews\",\"description\":\"\",\"potentialAction\":[{\"@type\":\"SearchAction\",\"target\":{\"@type\":\"EntryPoint\",\"urlTemplate\":\"https:\\\/\\\/www.accuratereviews.com\\\/it\\\/?s={search_term_string}\"},\"query-input\":{\"@type\":\"PropertyValueSpecification\",\"valueRequired\":true,\"valueName\":\"search_term_string\"}}],\"inLanguage\":\"it-IT\"}]}<\/script>\n<!-- \/ Yoast SEO plugin. -->","yoast_head_json":{"title":"Resly: recensione software gestione hotel - Accurate Reviews","description":"Resly: recensione software gestionale hotel che facilita l'integrazione con vari sistemi di terze parti e canali di prenotazione.","robots":{"index":"index","follow":"follow","max-snippet":"max-snippet:-1","max-image-preview":"max-image-preview:large","max-video-preview":"max-video-preview:-1"},"canonical":"https:\/\/www.accuratereviews.com\/it\/gestionali-hotel-lista\/resly-recensione\/","og_locale":"it_IT","og_type":"article","og_title":"Resly: recensione software gestione hotel - Accurate Reviews","og_description":"Resly: recensione software gestionale hotel che facilita l'integrazione con vari sistemi di terze parti e canali di prenotazione.","og_url":"https:\/\/www.accuratereviews.com\/it\/gestionali-hotel-lista\/resly-recensione\/","og_site_name":"Accurate Reviews","og_image":[{"width":500,"height":250,"url":"https:\/\/www.accuratereviews.com\/wp-content\/uploads\/2023\/03\/resly2.png","type":"image\/png"}],"twitter_card":"summary_large_image","twitter_misc":{"Tempo di lettura stimato":"3 minuti"},"schema":{"@context":"https:\/\/schema.org","@graph":[{"@type":"WebPage","@id":"https:\/\/www.accuratereviews.com\/it\/gestionali-hotel-lista\/resly-recensione\/","url":"https:\/\/www.accuratereviews.com\/it\/gestionali-hotel-lista\/resly-recensione\/","name":"Resly: recensione software gestione hotel - Accurate Reviews","isPartOf":{"@id":"https:\/\/www.accuratereviews.com\/it\/#website"},"primaryImageOfPage":{"@id":"https:\/\/www.accuratereviews.com\/it\/gestionali-hotel-lista\/resly-recensione\/#primaryimage"},"image":{"@id":"https:\/\/www.accuratereviews.com\/it\/gestionali-hotel-lista\/resly-recensione\/#primaryimage"},"thumbnailUrl":"https:\/\/www.accuratereviews.com\/wp-content\/uploads\/2023\/03\/resly2.png","datePublished":"2023-03-23T18:36:15+00:00","description":"Resly: recensione software gestionale hotel che facilita l'integrazione con vari sistemi di terze parti e canali di prenotazione.","breadcrumb":{"@id":"https:\/\/www.accuratereviews.com\/it\/gestionali-hotel-lista\/resly-recensione\/#breadcrumb"},"inLanguage":"it-IT","potentialAction":[{"@type":"ReadAction","target":["https:\/\/www.accuratereviews.com\/it\/gestionali-hotel-lista\/resly-recensione\/"]}]},{"@type":"ImageObject","inLanguage":"it-IT","@id":"https:\/\/www.accuratereviews.com\/it\/gestionali-hotel-lista\/resly-recensione\/#primaryimage","url":"https:\/\/www.accuratereviews.com\/wp-content\/uploads\/2023\/03\/resly2.png","contentUrl":"https:\/\/www.accuratereviews.com\/wp-content\/uploads\/2023\/03\/resly2.png","width":500,"height":250},{"@type":"BreadcrumbList","@id":"https:\/\/www.accuratereviews.com\/it\/gestionali-hotel-lista\/resly-recensione\/#breadcrumb","itemListElement":[{"@type":"ListItem","position":1,"name":"Home","item":"https:\/\/www.accuratereviews.com\/it\/"},{"@type":"ListItem","position":2,"name":"Gestionali per hotel","item":"https:\/\/www.accuratereviews.com\/it\/gestionali-hotel-lista\/"},{"@type":"ListItem","position":3,"name":"Resly"}]},{"@type":"WebSite","@id":"https:\/\/www.accuratereviews.com\/it\/#website","url":"https:\/\/www.accuratereviews.com\/it\/","name":"Accurate Reviews","description":"","potentialAction":[{"@type":"SearchAction","target":{"@type":"EntryPoint","urlTemplate":"https:\/\/www.accuratereviews.com\/it\/?s={search_term_string}"},"query-input":{"@type":"PropertyValueSpecification","valueRequired":true,"valueName":"search_term_string"}}],"inLanguage":"it-IT"}]}},"_links":{"self":[{"href":"https:\/\/www.accuratereviews.com\/it\/wp-json\/wp\/v2\/pages\/68212","targetHints":{"allow":["GET"]}}],"collection":[{"href":"https:\/\/www.accuratereviews.com\/it\/wp-json\/wp\/v2\/pages"}],"about":[{"href":"https:\/\/www.accuratereviews.com\/it\/wp-json\/wp\/v2\/types\/page"}],"author":[{"embeddable":true,"href":"https:\/\/www.accuratereviews.com\/it\/wp-json\/wp\/v2\/users\/19"}],"replies":[{"embeddable":true,"href":"https:\/\/www.accuratereviews.com\/it\/wp-json\/wp\/v2\/comments?post=68212"}],"version-history":[{"count":10,"href":"https:\/\/www.accuratereviews.com\/it\/wp-json\/wp\/v2\/pages\/68212\/revisions"}],"predecessor-version":[{"id":68227,"href":"https:\/\/www.accuratereviews.com\/it\/wp-json\/wp\/v2\/pages\/68212\/revisions\/68227"}],"up":[{"embeddable":true,"href":"https:\/\/www.accuratereviews.com\/it\/wp-json\/wp\/v2\/pages\/29585"}],"wp:featuredmedia":[{"embeddable":true,"href":"https:\/\/www.accuratereviews.com\/it\/wp-json\/wp\/v2\/media\/68217"}],"wp:attachment":[{"href":"https:\/\/www.accuratereviews.com\/it\/wp-json\/wp\/v2\/media?parent=68212"}],"wp:term":[{"taxonomy":"category","embeddable":true,"href":"https:\/\/www.accuratereviews.com\/it\/wp-json\/wp\/v2\/categories?post=68212"},{"taxonomy":"post_tag","embeddable":true,"href":"https:\/\/www.accuratereviews.com\/it\/wp-json\/wp\/v2\/tags?post=68212"},{"taxonomy":"features","embeddable":true,"href":"https:\/\/www.accuratereviews.com\/it\/wp-json\/wp\/v2\/features?post=68212"}],"curies":[{"name":"wp","href":"https:\/\/api.w.org\/{rel}","templated":true}]}}