{"id":68270,"date":"2023-03-27T15:33:13","date_gmt":"2023-03-27T15:33:13","guid":{"rendered":"https:\/\/www.accuratereviews.com\/?page_id=68270"},"modified":"2023-03-27T15:33:13","modified_gmt":"2023-03-27T15:33:13","slug":"mition-recensione","status":"publish","type":"page","link":"https:\/\/www.accuratereviews.com\/it\/gestionale-per-associazioni\/mition-recensione\/","title":{"rendered":"Mition"},"content":{"rendered":"<p><strong>Mition<\/strong> \u00e8 un<strong> software di gestione delle associazioni<\/strong>, basato su <strong>cloud<\/strong>, progettato per aiutare le organizzazioni di tutte le dimensioni a gestire le iscrizioni, il personale volontario, la formazione, la comunicazione e altro tramite un portale unificato. La piattaforma offre funzionalit\u00e0 di white label, che consentono alle aziende di personalizzare l&#8217;interfaccia e le email utilizzando loghi, colori, temi e altri elementi personalizzati. Consente agli amministratori di definire regole per il rinnovo automatico e la modifica degli abbonamenti, creare email di benvenuto, impostare periodi di pagamento e automatizzare la riscossione dei pagamenti utilizzando l&#8217;applicazione Stripe.<br \/>\nOffre varie funzionalit\u00e0 come: siti web personalizzati, forum di discussione, dashboard, report di business intelligence, gestione di fatture e pagamenti, accesso API, archiviazione sicura dei dati, integrazione con i social media e altro ancora. Permette di \u00a0conservare registri storici di fornitori e dipendenti e creare ruoli, abbonamenti o programmi per i membri di diversi reparti.<\/p>\n<p><a href=\"https:\/\/www.accuratereviews.com\/wp-content\/uploads\/2023\/03\/Mition.png\"><img loading=\"lazy\" decoding=\"async\" class=\"aligncenter wp-image-68279 size-full\" src=\"https:\/\/www.accuratereviews.com\/wp-content\/uploads\/2023\/03\/Mition.png\" alt=\"\" width=\"821\" height=\"613\" srcset=\"https:\/\/www.accuratereviews.com\/wp-content\/uploads\/2023\/03\/Mition.png 821w, https:\/\/www.accuratereviews.com\/wp-content\/uploads\/2023\/03\/Mition-300x224.png 300w, https:\/\/www.accuratereviews.com\/wp-content\/uploads\/2023\/03\/Mition-768x573.png 768w, https:\/\/www.accuratereviews.com\/wp-content\/uploads\/2023\/03\/Mition-50x37.png 50w, https:\/\/www.accuratereviews.com\/wp-content\/uploads\/2023\/03\/Mition-167x125.png 167w, https:\/\/www.accuratereviews.com\/wp-content\/uploads\/2023\/03\/Mition-636x475.png 636w, https:\/\/www.accuratereviews.com\/wp-content\/uploads\/2023\/03\/Mition-320x239.png 320w, https:\/\/www.accuratereviews.com\/wp-content\/uploads\/2023\/03\/Mition-239x178.png 239w\" sizes=\"auto, (max-width: 821px) 100vw, 821px\" \/><\/a><\/p>\n<h2>MITION &#8211; CARATTERISTICHE<\/h2>\n<ul>\n<li><strong>Eventi<\/strong>: crea eventi e gestisci i partecipanti, elenca i prossimi eventi sul tuo sito web. La soluzione crea bellissime pagine di destinazione per i tuoi eventi per te oppure puoi crearne di tue.<\/li>\n<li><strong>Consiglio di progetto<\/strong>: una bacheca di progetto in stile Kanban integrata, trasforma qualsiasi categoria di Service Desk in una bacheca Kanban e aggiungi colonne e tieni traccia del tuo progetto.<\/li>\n<li><strong>Abbonamenti:<\/strong> raccogli tariffe mensili\/annuali o personalizzate tramite abbonamenti. Automatizza il processo di sottoscrizione e riduci al minimo i passaggi manuali per coinvolgere gli utenti. Utilizza flussi di lavoro e campi personalizzati per acquisire le esigenze specifiche della tua organizzazione.<\/li>\n<li><strong>Sito web:<\/strong> costruisci un sito Web moderno, aziendale e sempre disponibile. Crea fantastiche pagine di destinazione di una pagina e qualsiasi altra cosa tu voglia aggiungere. Proteggi le pagine utilizzando i ruoli che crei e assegni ai membri.<\/li>\n<li><strong>Pagine di discussione<\/strong>: aggiungi un&#8217;area di discussione per i tuoi membri a qualsiasi pagina web di contenuto. Ci\u00f2 consente ai tuoi membri di fornire commenti e rispondere ad altri commenti.<\/li>\n<li><strong>Marketing<\/strong>: invia messaggi email individuali o in blocco, email di tipo stampa unione utilizzando i dati dei membri. Utilizza la funzione di modello per creare e inviare messaggi personalizzati gi\u00e0 pronti ai tuoi membri. Email di sollecito automatico per eventi, abbonamenti e fatture<\/li>\n<li><strong>Servizio reception<\/strong>: consenti ai tuoi membri di raccogliere ticket di servizio (per qualsiasi servizio fornito dalla tua organizzazione), assegnare automaticamente ai membri dello staff, inviare messaggi di testo per ticket urgenti. Questo strumento per il flusso di lavoro aiuta a garantire che tutti i requisiti dei membri non vadano persi e abbiano la priorit\u00e0.<\/li>\n<li><strong>Forme<\/strong>: crea moduli\/sondaggi personalizzati per ospiti e membri, pubblicali sul tuo sito web dove puoi controllare chi pu\u00f2 completarli.<\/li>\n<\/ul>\n<h3>LE RECENSIONI DEGLI UTENTI<\/h3>\n<p><strong>Neal &#8220;Salto quantico in avanti&#8221;<\/strong><br \/>\n<strong>Commenti<\/strong>: Fantastico. Non potrebbe essere migliore<br \/>\n<strong>Pro<\/strong>: Una volta presa la decisione di trasferirci, il team di Mition ha fornito un eccellente supporto per la transizione e ci ha aiutato nel processo di formazione.<br \/>\n<strong>Contro<\/strong>: Davvero niente. \u00c8 grande. Il supporto che \u00e8 stato offerto ci ha permesso di superare ogni preoccupazione<\/p>\n<p><strong>Margaret &#8220;Sostituiti i sistemi di abbonamento disconnessi con una semplice soluzione&#8221;<\/strong><br \/>\n<strong>Commenti<\/strong>: Implementazione molto fluida con comunicazione eccellente. Sapevamo esattamente cosa fornire per garantire che tutti i nostri dati di iscrizione venissero migrati al nuovo sistema senza problemi. Questa azienda ha lavorato con noi per implementare le nostre richieste di modifica in modo rapido ed efficiente e ha accettato molti dei nostri suggerimenti per miglioramenti.<br \/>\n<strong>Pro<\/strong>: Mition aveva tutte le funzionalit\u00e0 integrate in un unico sistema per sostituire i nostri sistemi separati obsoleti (sito Web, database dei membri, capacit\u00e0 di e-mail di massa, libreria di documenti condivisa e fogli di calcolo per il monitoraggio degli eventi e delle richieste dei membri).<br \/>\n<strong>Contro<\/strong>: Non c&#8217;\u00e8 molto che non mi piaccia di Mition. Come con la maggior parte dei nuovi sistemi, i nuovi utenti possono trovare la navigazione \u00a0impegnativa, ma \u00e8 disponibile molta documentazione per spiegare le funzionalit\u00e0.<\/p>\n<p><strong>Joty&#8221;Mition.com.au&#8221;<\/strong><br \/>\n<strong>Commenti<\/strong>: L&#8217;esperienza complessiva \u00e8 stata sorprendente.<br \/>\n<strong>Pro<\/strong>: Abbiamo installato molto rapidamente un sito mition per il nostro progetto. \u00c8 stato molto facile da usare e personalizzare il marchio. Gli strumenti di gestione delle iscrizioni che ha sono fantastici e il sito web e le raccolte di documenti ci hanno fornito tutti gli strumenti per raggiungere i nostri obiettivi e requisiti principali in pochi giorni. L&#8217;editor del sito Web \u00e8 flessibile e ha alcuni ottimi componenti ed \u00e8 semplice da usare.<br \/>\n<strong>Contro<\/strong>: Ha cos\u00ec tante funzionalit\u00e0 incluse anche nel pacchetto base, non abbiamo avuto il tempo di esplorare tutto ci\u00f2 che offre, non vediamo l&#8217;ora di saperne di pi\u00f9 sui programmi e altre funzionalit\u00e0 in futuro da poter utilizzare.<\/p>\n","protected":false},"excerpt":{"rendered":"<p>Mition \u00e8 un software di gestione delle associazioni basato su cloud progettato per aiutare le organizzazioni di tutte le dimensioni a gestire le iscrizioni, il personale volontario, la formazione, la comunicazione e altro tramite un portale unificato. La piattaforma offre funzionalit\u00e0 di white label, che consentono alle aziende di personalizzare l&#8217;interfaccia e le email utilizzando loghi, colori, temi e altri elementi personalizzati.<\/p>\n","protected":false},"author":19,"featured_media":68271,"parent":35837,"menu_order":0,"comment_status":"open","ping_status":"closed","template":"g1_template_page_review_new.php","meta":{"_acf_changed":false,"cwp_meta_box_check":"Yes","cwp_rev_product_name":"","cwp_rev_product_image":"","wppr_links":[],"cwp_rev_price":"0.00","wppr_options":[{"name":"Usability","value":"0"},{"name":"Speed","value":"0"},{"name":"Features","value":"0"},{"name":"Support","value":"0"},{"name":"Pricing","value":"0"}],"wppr_pros":["","","","",""],"wppr_cons":["","","","",""],"_monsterinsights_skip_tracking":false,"_monsterinsights_sitenote_active":false,"_monsterinsights_sitenote_note":"","_monsterinsights_sitenote_category":0,"footnotes":""},"categories":[1943],"tags":[4940,14192,2008,1949,1947,1948],"features":[],"class_list":{"0":"post-68270","1":"page","2":"type-page","3":"status-publish","4":"has-post-thumbnail","6":"category-gestionale-per-associazioni-categoria","7":"tag-gestionale-associazioni","8":"tag-mition","9":"tag-piattaforma-gestionale-associazioni","10":"tag-programma-gestionale-associazioni","11":"tag-software-gestionale-associazioni","12":"tag-soluzione-gestionale-associazioni"},"wppr_data":{"cwp_meta_box_check":"Yes","_wppr_review_template":"default","cwp_rev_product_image":"","cwp_image_link":"image","wppr_links":[],"cwp_rev_price":"0.00","wppr_pros":["","","","",""],"wppr_cons":["","","","",""],"wppr_rating":"0.00","wppr_options":{"1":{"name":"Usability","value":"0"},"2":{"name":"Speed","value":"0"},"3":{"name":"Features","value":"0"},"4":{"name":"Support","value":"0"},"5":{"name":"Pricing","value":"0"}},"wppr_review_type":"Product","wppr_review_custom_fields":{"additionalProperty":"","additionalType":"","aggregateRating":"","alternateName":"","audience":"","award":"","awards":"","brand":"","color":"","depth":"","description":"","disambiguatingDescription":"","gtin12":"","gtin13":"","gtin14":"","gtin8":"","height":"","identifier":"","image":"","isAccessoryOrSparePartFor":"","isConsumableFor":"","isRelatedTo":"","isSimilarTo":"","itemCondition":"","logo":"","mainEntityOfPage":"","manufacturer":"","material":"","model":"","mpn":"","name":"","offers":"","potentialAction":"","productID":"","productionDate":"","purchaseDate":"","releaseDate":"","review":"","reviews":"","sameAs":"","sku":"","slogan":"","subjectOf":"","url":"","weight":"","width":""}},"acf":[],"yoast_head":"<!-- This site is optimized with the Yoast SEO plugin v27.4 - https:\/\/yoast.com\/product\/yoast-seo-wordpress\/ -->\n<title>Mition: recensione gestionale associazioni - Accurate Reviews<\/title>\n<meta name=\"description\" content=\"Mition: recensione software di gestione delle associazioni che supporta con le iscrizioni, il personale volontario e la formazione.\" \/>\n<meta name=\"robots\" content=\"index, follow, max-snippet:-1, max-image-preview:large, max-video-preview:-1\" \/>\n<link rel=\"canonical\" href=\"https:\/\/www.accuratereviews.com\/it\/gestionale-per-associazioni\/mition-recensione\/\" \/>\n<meta property=\"og:locale\" content=\"it_IT\" \/>\n<meta property=\"og:type\" content=\"article\" \/>\n<meta property=\"og:title\" content=\"Mition: recensione gestionale associazioni - Accurate Reviews\" \/>\n<meta property=\"og:description\" content=\"Mition: recensione software di gestione delle associazioni che supporta con le iscrizioni, il personale volontario e la formazione.\" \/>\n<meta property=\"og:url\" content=\"https:\/\/www.accuratereviews.com\/it\/gestionale-per-associazioni\/mition-recensione\/\" \/>\n<meta property=\"og:site_name\" content=\"Accurate Reviews\" \/>\n<meta property=\"og:image\" content=\"https:\/\/www.accuratereviews.com\/wp-content\/uploads\/2023\/03\/Screenshot-2023-03-27-alle-09.30.59.png\" \/>\n\t<meta property=\"og:image:width\" content=\"1362\" \/>\n\t<meta property=\"og:image:height\" content=\"418\" \/>\n\t<meta property=\"og:image:type\" content=\"image\/png\" \/>\n<meta name=\"twitter:card\" content=\"summary_large_image\" \/>\n<meta name=\"twitter:label1\" content=\"Tempo di lettura stimato\" \/>\n\t<meta name=\"twitter:data1\" content=\"5 minuti\" \/>\n<script type=\"application\/ld+json\" class=\"yoast-schema-graph\">{\"@context\":\"https:\\\/\\\/schema.org\",\"@graph\":[{\"@type\":\"WebPage\",\"@id\":\"https:\\\/\\\/www.accuratereviews.com\\\/it\\\/gestionale-per-associazioni\\\/mition-recensione\\\/\",\"url\":\"https:\\\/\\\/www.accuratereviews.com\\\/it\\\/gestionale-per-associazioni\\\/mition-recensione\\\/\",\"name\":\"Mition: recensione gestionale associazioni - Accurate Reviews\",\"isPartOf\":{\"@id\":\"https:\\\/\\\/www.accuratereviews.com\\\/it\\\/#website\"},\"primaryImageOfPage\":{\"@id\":\"https:\\\/\\\/www.accuratereviews.com\\\/it\\\/gestionale-per-associazioni\\\/mition-recensione\\\/#primaryimage\"},\"image\":{\"@id\":\"https:\\\/\\\/www.accuratereviews.com\\\/it\\\/gestionale-per-associazioni\\\/mition-recensione\\\/#primaryimage\"},\"thumbnailUrl\":\"https:\\\/\\\/www.accuratereviews.com\\\/wp-content\\\/uploads\\\/2023\\\/03\\\/Screenshot-2023-03-27-alle-09.30.59.png\",\"datePublished\":\"2023-03-27T15:33:13+00:00\",\"description\":\"Mition: recensione software di gestione delle associazioni che supporta con le iscrizioni, il personale volontario e la formazione.\",\"breadcrumb\":{\"@id\":\"https:\\\/\\\/www.accuratereviews.com\\\/it\\\/gestionale-per-associazioni\\\/mition-recensione\\\/#breadcrumb\"},\"inLanguage\":\"it-IT\",\"potentialAction\":[{\"@type\":\"ReadAction\",\"target\":[\"https:\\\/\\\/www.accuratereviews.com\\\/it\\\/gestionale-per-associazioni\\\/mition-recensione\\\/\"]}]},{\"@type\":\"ImageObject\",\"inLanguage\":\"it-IT\",\"@id\":\"https:\\\/\\\/www.accuratereviews.com\\\/it\\\/gestionale-per-associazioni\\\/mition-recensione\\\/#primaryimage\",\"url\":\"https:\\\/\\\/www.accuratereviews.com\\\/wp-content\\\/uploads\\\/2023\\\/03\\\/Screenshot-2023-03-27-alle-09.30.59.png\",\"contentUrl\":\"https:\\\/\\\/www.accuratereviews.com\\\/wp-content\\\/uploads\\\/2023\\\/03\\\/Screenshot-2023-03-27-alle-09.30.59.png\",\"width\":1362,\"height\":418},{\"@type\":\"BreadcrumbList\",\"@id\":\"https:\\\/\\\/www.accuratereviews.com\\\/it\\\/gestionale-per-associazioni\\\/mition-recensione\\\/#breadcrumb\",\"itemListElement\":[{\"@type\":\"ListItem\",\"position\":1,\"name\":\"Home\",\"item\":\"https:\\\/\\\/www.accuratereviews.com\\\/it\\\/\"},{\"@type\":\"ListItem\",\"position\":2,\"name\":\"Gestionale per associazioni\",\"item\":\"https:\\\/\\\/www.accuratereviews.com\\\/it\\\/gestionale-per-associazioni\\\/\"},{\"@type\":\"ListItem\",\"position\":3,\"name\":\"Mition\"}]},{\"@type\":\"WebSite\",\"@id\":\"https:\\\/\\\/www.accuratereviews.com\\\/it\\\/#website\",\"url\":\"https:\\\/\\\/www.accuratereviews.com\\\/it\\\/\",\"name\":\"Accurate Reviews\",\"description\":\"\",\"potentialAction\":[{\"@type\":\"SearchAction\",\"target\":{\"@type\":\"EntryPoint\",\"urlTemplate\":\"https:\\\/\\\/www.accuratereviews.com\\\/it\\\/?s={search_term_string}\"},\"query-input\":{\"@type\":\"PropertyValueSpecification\",\"valueRequired\":true,\"valueName\":\"search_term_string\"}}],\"inLanguage\":\"it-IT\"}]}<\/script>\n<!-- \/ Yoast SEO plugin. -->","yoast_head_json":{"title":"Mition: recensione gestionale associazioni - Accurate Reviews","description":"Mition: recensione software di gestione delle associazioni che supporta con le iscrizioni, il personale volontario e la formazione.","robots":{"index":"index","follow":"follow","max-snippet":"max-snippet:-1","max-image-preview":"max-image-preview:large","max-video-preview":"max-video-preview:-1"},"canonical":"https:\/\/www.accuratereviews.com\/it\/gestionale-per-associazioni\/mition-recensione\/","og_locale":"it_IT","og_type":"article","og_title":"Mition: recensione gestionale associazioni - Accurate Reviews","og_description":"Mition: recensione software di gestione delle associazioni che supporta con le iscrizioni, il personale volontario e la formazione.","og_url":"https:\/\/www.accuratereviews.com\/it\/gestionale-per-associazioni\/mition-recensione\/","og_site_name":"Accurate Reviews","og_image":[{"width":1362,"height":418,"url":"https:\/\/www.accuratereviews.com\/wp-content\/uploads\/2023\/03\/Screenshot-2023-03-27-alle-09.30.59.png","type":"image\/png"}],"twitter_card":"summary_large_image","twitter_misc":{"Tempo di lettura stimato":"5 minuti"},"schema":{"@context":"https:\/\/schema.org","@graph":[{"@type":"WebPage","@id":"https:\/\/www.accuratereviews.com\/it\/gestionale-per-associazioni\/mition-recensione\/","url":"https:\/\/www.accuratereviews.com\/it\/gestionale-per-associazioni\/mition-recensione\/","name":"Mition: recensione gestionale associazioni - Accurate Reviews","isPartOf":{"@id":"https:\/\/www.accuratereviews.com\/it\/#website"},"primaryImageOfPage":{"@id":"https:\/\/www.accuratereviews.com\/it\/gestionale-per-associazioni\/mition-recensione\/#primaryimage"},"image":{"@id":"https:\/\/www.accuratereviews.com\/it\/gestionale-per-associazioni\/mition-recensione\/#primaryimage"},"thumbnailUrl":"https:\/\/www.accuratereviews.com\/wp-content\/uploads\/2023\/03\/Screenshot-2023-03-27-alle-09.30.59.png","datePublished":"2023-03-27T15:33:13+00:00","description":"Mition: recensione software di gestione delle associazioni che supporta con le iscrizioni, il personale volontario e la formazione.","breadcrumb":{"@id":"https:\/\/www.accuratereviews.com\/it\/gestionale-per-associazioni\/mition-recensione\/#breadcrumb"},"inLanguage":"it-IT","potentialAction":[{"@type":"ReadAction","target":["https:\/\/www.accuratereviews.com\/it\/gestionale-per-associazioni\/mition-recensione\/"]}]},{"@type":"ImageObject","inLanguage":"it-IT","@id":"https:\/\/www.accuratereviews.com\/it\/gestionale-per-associazioni\/mition-recensione\/#primaryimage","url":"https:\/\/www.accuratereviews.com\/wp-content\/uploads\/2023\/03\/Screenshot-2023-03-27-alle-09.30.59.png","contentUrl":"https:\/\/www.accuratereviews.com\/wp-content\/uploads\/2023\/03\/Screenshot-2023-03-27-alle-09.30.59.png","width":1362,"height":418},{"@type":"BreadcrumbList","@id":"https:\/\/www.accuratereviews.com\/it\/gestionale-per-associazioni\/mition-recensione\/#breadcrumb","itemListElement":[{"@type":"ListItem","position":1,"name":"Home","item":"https:\/\/www.accuratereviews.com\/it\/"},{"@type":"ListItem","position":2,"name":"Gestionale per associazioni","item":"https:\/\/www.accuratereviews.com\/it\/gestionale-per-associazioni\/"},{"@type":"ListItem","position":3,"name":"Mition"}]},{"@type":"WebSite","@id":"https:\/\/www.accuratereviews.com\/it\/#website","url":"https:\/\/www.accuratereviews.com\/it\/","name":"Accurate Reviews","description":"","potentialAction":[{"@type":"SearchAction","target":{"@type":"EntryPoint","urlTemplate":"https:\/\/www.accuratereviews.com\/it\/?s={search_term_string}"},"query-input":{"@type":"PropertyValueSpecification","valueRequired":true,"valueName":"search_term_string"}}],"inLanguage":"it-IT"}]}},"_links":{"self":[{"href":"https:\/\/www.accuratereviews.com\/it\/wp-json\/wp\/v2\/pages\/68270","targetHints":{"allow":["GET"]}}],"collection":[{"href":"https:\/\/www.accuratereviews.com\/it\/wp-json\/wp\/v2\/pages"}],"about":[{"href":"https:\/\/www.accuratereviews.com\/it\/wp-json\/wp\/v2\/types\/page"}],"author":[{"embeddable":true,"href":"https:\/\/www.accuratereviews.com\/it\/wp-json\/wp\/v2\/users\/19"}],"replies":[{"embeddable":true,"href":"https:\/\/www.accuratereviews.com\/it\/wp-json\/wp\/v2\/comments?post=68270"}],"version-history":[{"count":10,"href":"https:\/\/www.accuratereviews.com\/it\/wp-json\/wp\/v2\/pages\/68270\/revisions"}],"predecessor-version":[{"id":68302,"href":"https:\/\/www.accuratereviews.com\/it\/wp-json\/wp\/v2\/pages\/68270\/revisions\/68302"}],"up":[{"embeddable":true,"href":"https:\/\/www.accuratereviews.com\/it\/wp-json\/wp\/v2\/pages\/35837"}],"wp:featuredmedia":[{"embeddable":true,"href":"https:\/\/www.accuratereviews.com\/it\/wp-json\/wp\/v2\/media\/68271"}],"wp:attachment":[{"href":"https:\/\/www.accuratereviews.com\/it\/wp-json\/wp\/v2\/media?parent=68270"}],"wp:term":[{"taxonomy":"category","embeddable":true,"href":"https:\/\/www.accuratereviews.com\/it\/wp-json\/wp\/v2\/categories?post=68270"},{"taxonomy":"post_tag","embeddable":true,"href":"https:\/\/www.accuratereviews.com\/it\/wp-json\/wp\/v2\/tags?post=68270"},{"taxonomy":"features","embeddable":true,"href":"https:\/\/www.accuratereviews.com\/it\/wp-json\/wp\/v2\/features?post=68270"}],"curies":[{"name":"wp","href":"https:\/\/api.w.org\/{rel}","templated":true}]}}