{"id":68313,"date":"2023-03-28T10:52:33","date_gmt":"2023-03-28T10:52:33","guid":{"rendered":"https:\/\/www.accuratereviews.com\/?page_id=68313"},"modified":"2023-03-28T10:52:33","modified_gmt":"2023-03-28T10:52:33","slug":"clientcircle-recensione","status":"publish","type":"page","link":"https:\/\/www.accuratereviews.com\/it\/software-gestione-recensioni\/clientcircle-recensione\/","title":{"rendered":"ClientCircle"},"content":{"rendered":"<p><strong>ClientCircle<\/strong> \u00e8 un <strong>software che gestisce al meglio le recensioni<\/strong> dei clienti, principalmente utilizzato da compagnie assicurative che puntano a una forte crescita aziendale. Si tratta di un potente <strong>CRM<\/strong> che ti permette di costruire relazioni durature nel tempo e di offrire ai tuoi clienti e potenziali clienti un percorso personalizzato e su misura, pensato unicamente per loro.<br \/>\nUna volta acquisiti i clienti, <strong>ClientCircle<\/strong> ti supporter\u00e0 anche nel mantenere il loro livello di soddisfazione sempre alto, garantendo quindi anche la condivisione della loro esperienza con familiari, amici e colleghi. Questo naturalmente incrementer\u00e0 le richieste e le eventuali vendite.<\/p>\n<h2>CLIENTCIRCLE &#8211; TUTORIAL<\/h2>\n<div id=\"fluid-wrapper-counter-1\" class=\"g1-fluid-wrapper \" style=\"width:686px;\">\n<div style=\"padding-bottom:56.268221574344%;\"><iframe loading=\"lazy\" title=\"Getting started with ClientCircle\" width=\"686\" height=\"386\" src=\"https:\/\/www.youtube.com\/embed\/X5qoq1mHNzg?feature=oembed&amp;wmode=transparent&amp;autohide=1&amp;autoplay=0&amp;disablekb=0&amp;fs=1&amp;loop=0&amp;enablejsapi=1&amp;rel=0&amp;controls=2&amp;showinfo=0&amp;wmode=transparent&amp;autohide=2&amp;autoplay=0&amp;disablekb=0&amp;fs=1&amp;loop=0&amp;enablejsapi=1&amp;rel=0&amp;controls=2&amp;showinfo=1\" frameborder=\"0\" allow=\"accelerometer; autoplay; clipboard-write; encrypted-media; gyroscope; picture-in-picture; web-share\" allowfullscreen><\/iframe><\/div>\n<\/div>\n<h3>CLIENTCIRCLE &#8211; CARATTERISTICHE<\/h3>\n<ul>\n<li><strong>Pi\u00f9 di un CRM<\/strong>: crea percorsi coerenti per clienti e prospect ogni volta, automaticamente.<\/li>\n<li><strong>Reputazione<\/strong>: distinguiti dai tuoi concorrenti e ottieni pi\u00f9 affari.<\/li>\n<li><strong>Fidelizzazione<\/strong>: scopri cosa pensano i tuoi clienti di te e costruisci relazioni durature.<\/li>\n<li><strong>Raccomandazioni<\/strong>: aiuta i tuoi clienti pi\u00f9 felici a parlare di te ad amici, parenti e colleghi.<\/li>\n<li><strong>Campagn<\/strong>e: automatizza qualsiasi campagna per qualsiasi pubblico. Sono inclusi modelli per le assicurazioni.<\/li>\n<li><strong>Conversazioni<\/strong>: gestisci le comunicazioni, gli sms, la chat web e la messaggistica di terzi in un unico posto.<\/li>\n<li><strong>Sistema di analisi<\/strong>: tieni traccia di tutti i messaggi, dei feedback, delle entrate e di altri dati in un&#8217;unica dashboard.<\/li>\n<li><strong>Integrazioni<\/strong>: collega il tuo sistema di gestione, senza bisogno di competenze tecniche.<\/li>\n<li><strong>Servizio e assistenza<\/strong>: quando ne hai bisogno, puoi contare sull&#8217;aiuto di una persona in carne e ossa. ContentCirle aiuta a far crescere il tuo business.<\/li>\n<li><strong>Enterprise<\/strong>: cerchi qualcosa di unico? Ottieni una soluzione personalizzata per la tua organizzazione.<\/li>\n<\/ul>\n<h4>LE RECENSIONI DEGLI UTENTI<\/h4>\n<p><strong>Jermaine &#8220;Il servizio clienti \u00e8 eccellente! Il sistema \u00e8 facile da navigare e molto efficace&#8221;.<\/strong><br \/>\nPro: Il servizio clienti \u00e8 eccellente! Il sistema \u00e8 facile da navigare e molto efficace. Un grande applauso al team informatico e agli account manager. Se si presenta loro un problema, non si fermeranno finch\u00e9 non avranno trovato una soluzione facile da usare. Tutti sono cos\u00ec gentili e amichevoli da lavorare.<br \/>\nContro: Alcune impostazioni sono automatiche al punto da risultare frustranti. Sarebbe meglio permettere all&#8217;utente di avere un maggiore controllo sulle impostazioni. Inoltre, \u00e8 meglio chiamarli direttamente o usare la loro guida in caso di bisogno di assistenza. E all&#8217;inizio avrete bisogno di molta assistenza. La chat online \u00e8 lenta a rispondere. Ci sono volute oltre 12 ore per ottenere una risposta a una domanda in chat. Ci sono voluti meno di 10 minuti per ottenere una risposta ogni volta che li ho chiamati direttamente.<\/p>\n<p><strong>Salar &#8220;Strumento di marketing e fidelizzazione facile e completo&#8221;.<\/strong><br \/>\nCommenti: La sensazione di soddisfazione che finalmente abbiamo da quando abbiamo un sistema per il nostro Marketing e la Retention<br \/>\nPro: Le ampie risposte e le caratteristiche dei nostri problemi di marketing. Quasi un one stop shop<br \/>\nContro: Importare i dati da ezlynx e impostare le campagne.<\/p>\n<p><strong>Clark &#8220;Ho appena iniziato, ma lo adoro&#8221;.<\/strong><br \/>\nPro: Keegan ha fatto un ottimo lavoro per farci iniziare e le testimonianze stanno gi\u00e0 iniziando ad arrivare. Siamo entusiasti di ci\u00f2 che ci riserva il futuro con questo meraviglioso strumento e le testimonianze hanno gi\u00e0 avuto un effetto positivo sul nostro morale, e le informazioni su chi non \u00e8 altrettanto soddisfatto stanno migliorando i nostri livelli di servizio e potenzialmente la nostra fidelizzazione&#8221;.<br \/>\nContro: Dover eseguire fisicamente un rapporto per aggiornare le informazioni dal nostro sistema di gestione.<\/p>\n","protected":false},"excerpt":{"rendered":"<p>ClientCircle \u00e8 un software che gestisce al meglio le recensioni dei clienti, principalmente utilizzato da compagnie assicurative che puntano a una forte crescita aziendale. Si tratta di un potente CRM che ti permette di costruire relazioni durature nel tempo e di offrire ai tuoi clienti e potenziali clienti un percorso personalizzato e su misura, pensato unicamente per loro.<\/p>\n","protected":false},"author":17,"featured_media":68314,"parent":60645,"menu_order":0,"comment_status":"open","ping_status":"closed","template":"g1_template_page_review_new.php","meta":{"_acf_changed":false,"cwp_meta_box_check":"No","cwp_rev_product_name":"","cwp_rev_product_image":"","wppr_links":[],"cwp_rev_price":"","wppr_options":[],"wppr_pros":[],"wppr_cons":[],"_monsterinsights_skip_tracking":false,"_monsterinsights_sitenote_active":false,"_monsterinsights_sitenote_note":"","_monsterinsights_sitenote_category":0,"footnotes":""},"categories":[13158],"tags":[13178,13163,13248,13249,13246],"features":[],"class_list":{"0":"post-68313","1":"page","2":"type-page","3":"status-publish","4":"has-post-thumbnail","6":"category-software-per-la-gestione-delle-recensioni","7":"tag-app-gestione-recensioni","8":"tag-gestione-delle-recensioni","9":"tag-piattaforma-di-gestione-recensioni","10":"tag-programma-di-gestione-recensioni","11":"tag-software-di-gestione-recensioni"},"wppr_data":{"cwp_meta_box_check":"No"},"acf":[],"yoast_head":"<!-- This site is optimized with the Yoast SEO plugin v27.4 - https:\/\/yoast.com\/product\/yoast-seo-wordpress\/ -->\n<title>ClientCircle: software gestione recensioni - Accurate Reviews<\/title>\n<meta name=\"description\" content=\"ClientCircle: software che gestisce al meglio le recensioni dei clienti, principalmente utilizzato da compagnie assicurative.\" \/>\n<meta name=\"robots\" content=\"index, follow, max-snippet:-1, max-image-preview:large, max-video-preview:-1\" \/>\n<link rel=\"canonical\" href=\"https:\/\/www.accuratereviews.com\/it\/software-gestione-recensioni\/clientcircle-recensione\/\" \/>\n<meta property=\"og:locale\" content=\"it_IT\" \/>\n<meta property=\"og:type\" content=\"article\" \/>\n<meta property=\"og:title\" content=\"ClientCircle: software gestione recensioni - Accurate Reviews\" \/>\n<meta property=\"og:description\" content=\"ClientCircle: software che gestisce al meglio le recensioni dei clienti, principalmente utilizzato da compagnie assicurative.\" \/>\n<meta property=\"og:url\" content=\"https:\/\/www.accuratereviews.com\/it\/software-gestione-recensioni\/clientcircle-recensione\/\" \/>\n<meta property=\"og:site_name\" content=\"Accurate Reviews\" \/>\n<meta property=\"og:image\" content=\"https:\/\/www.accuratereviews.com\/wp-content\/uploads\/2023\/03\/d4b86bbc-b3b3-423a-993d-4ce96e03df9c.png.webp\" \/>\n\t<meta property=\"og:image:width\" content=\"1980\" \/>\n\t<meta property=\"og:image:height\" content=\"521\" \/>\n\t<meta property=\"og:image:type\" content=\"image\/webp\" \/>\n<meta name=\"twitter:card\" content=\"summary_large_image\" \/>\n<meta name=\"twitter:label1\" content=\"Tempo di lettura stimato\" \/>\n\t<meta name=\"twitter:data1\" content=\"3 minuti\" \/>\n<script type=\"application\/ld+json\" class=\"yoast-schema-graph\">{\"@context\":\"https:\\\/\\\/schema.org\",\"@graph\":[{\"@type\":\"WebPage\",\"@id\":\"https:\\\/\\\/www.accuratereviews.com\\\/it\\\/software-gestione-recensioni\\\/clientcircle-recensione\\\/\",\"url\":\"https:\\\/\\\/www.accuratereviews.com\\\/it\\\/software-gestione-recensioni\\\/clientcircle-recensione\\\/\",\"name\":\"ClientCircle: software gestione recensioni - Accurate Reviews\",\"isPartOf\":{\"@id\":\"https:\\\/\\\/www.accuratereviews.com\\\/it\\\/#website\"},\"primaryImageOfPage\":{\"@id\":\"https:\\\/\\\/www.accuratereviews.com\\\/it\\\/software-gestione-recensioni\\\/clientcircle-recensione\\\/#primaryimage\"},\"image\":{\"@id\":\"https:\\\/\\\/www.accuratereviews.com\\\/it\\\/software-gestione-recensioni\\\/clientcircle-recensione\\\/#primaryimage\"},\"thumbnailUrl\":\"https:\\\/\\\/www.accuratereviews.com\\\/wp-content\\\/uploads\\\/2023\\\/03\\\/d4b86bbc-b3b3-423a-993d-4ce96e03df9c.png.webp\",\"datePublished\":\"2023-03-28T10:52:33+00:00\",\"description\":\"ClientCircle: software che gestisce al meglio le recensioni dei clienti, principalmente utilizzato da compagnie assicurative.\",\"breadcrumb\":{\"@id\":\"https:\\\/\\\/www.accuratereviews.com\\\/it\\\/software-gestione-recensioni\\\/clientcircle-recensione\\\/#breadcrumb\"},\"inLanguage\":\"it-IT\",\"potentialAction\":[{\"@type\":\"ReadAction\",\"target\":[\"https:\\\/\\\/www.accuratereviews.com\\\/it\\\/software-gestione-recensioni\\\/clientcircle-recensione\\\/\"]}]},{\"@type\":\"ImageObject\",\"inLanguage\":\"it-IT\",\"@id\":\"https:\\\/\\\/www.accuratereviews.com\\\/it\\\/software-gestione-recensioni\\\/clientcircle-recensione\\\/#primaryimage\",\"url\":\"https:\\\/\\\/www.accuratereviews.com\\\/wp-content\\\/uploads\\\/2023\\\/03\\\/d4b86bbc-b3b3-423a-993d-4ce96e03df9c.png.webp\",\"contentUrl\":\"https:\\\/\\\/www.accuratereviews.com\\\/wp-content\\\/uploads\\\/2023\\\/03\\\/d4b86bbc-b3b3-423a-993d-4ce96e03df9c.png.webp\",\"width\":1980,\"height\":521},{\"@type\":\"BreadcrumbList\",\"@id\":\"https:\\\/\\\/www.accuratereviews.com\\\/it\\\/software-gestione-recensioni\\\/clientcircle-recensione\\\/#breadcrumb\",\"itemListElement\":[{\"@type\":\"ListItem\",\"position\":1,\"name\":\"Home\",\"item\":\"https:\\\/\\\/www.accuratereviews.com\\\/it\\\/\"},{\"@type\":\"ListItem\",\"position\":2,\"name\":\"Software per la gestione delle recensioni\",\"item\":\"https:\\\/\\\/www.accuratereviews.com\\\/it\\\/software-gestione-recensioni\\\/\"},{\"@type\":\"ListItem\",\"position\":3,\"name\":\"ClientCircle\"}]},{\"@type\":\"WebSite\",\"@id\":\"https:\\\/\\\/www.accuratereviews.com\\\/it\\\/#website\",\"url\":\"https:\\\/\\\/www.accuratereviews.com\\\/it\\\/\",\"name\":\"Accurate Reviews\",\"description\":\"\",\"potentialAction\":[{\"@type\":\"SearchAction\",\"target\":{\"@type\":\"EntryPoint\",\"urlTemplate\":\"https:\\\/\\\/www.accuratereviews.com\\\/it\\\/?s={search_term_string}\"},\"query-input\":{\"@type\":\"PropertyValueSpecification\",\"valueRequired\":true,\"valueName\":\"search_term_string\"}}],\"inLanguage\":\"it-IT\"}]}<\/script>\n<!-- \/ Yoast SEO plugin. -->","yoast_head_json":{"title":"ClientCircle: software gestione recensioni - Accurate Reviews","description":"ClientCircle: software che gestisce al meglio le recensioni dei clienti, principalmente utilizzato da compagnie assicurative.","robots":{"index":"index","follow":"follow","max-snippet":"max-snippet:-1","max-image-preview":"max-image-preview:large","max-video-preview":"max-video-preview:-1"},"canonical":"https:\/\/www.accuratereviews.com\/it\/software-gestione-recensioni\/clientcircle-recensione\/","og_locale":"it_IT","og_type":"article","og_title":"ClientCircle: software gestione recensioni - Accurate Reviews","og_description":"ClientCircle: software che gestisce al meglio le recensioni dei clienti, principalmente utilizzato da compagnie assicurative.","og_url":"https:\/\/www.accuratereviews.com\/it\/software-gestione-recensioni\/clientcircle-recensione\/","og_site_name":"Accurate Reviews","og_image":[{"width":1980,"height":521,"url":"https:\/\/www.accuratereviews.com\/wp-content\/uploads\/2023\/03\/d4b86bbc-b3b3-423a-993d-4ce96e03df9c.png.webp","type":"image\/webp"}],"twitter_card":"summary_large_image","twitter_misc":{"Tempo di lettura stimato":"3 minuti"},"schema":{"@context":"https:\/\/schema.org","@graph":[{"@type":"WebPage","@id":"https:\/\/www.accuratereviews.com\/it\/software-gestione-recensioni\/clientcircle-recensione\/","url":"https:\/\/www.accuratereviews.com\/it\/software-gestione-recensioni\/clientcircle-recensione\/","name":"ClientCircle: software gestione recensioni - Accurate Reviews","isPartOf":{"@id":"https:\/\/www.accuratereviews.com\/it\/#website"},"primaryImageOfPage":{"@id":"https:\/\/www.accuratereviews.com\/it\/software-gestione-recensioni\/clientcircle-recensione\/#primaryimage"},"image":{"@id":"https:\/\/www.accuratereviews.com\/it\/software-gestione-recensioni\/clientcircle-recensione\/#primaryimage"},"thumbnailUrl":"https:\/\/www.accuratereviews.com\/wp-content\/uploads\/2023\/03\/d4b86bbc-b3b3-423a-993d-4ce96e03df9c.png.webp","datePublished":"2023-03-28T10:52:33+00:00","description":"ClientCircle: software che gestisce al meglio le recensioni dei clienti, principalmente utilizzato da compagnie assicurative.","breadcrumb":{"@id":"https:\/\/www.accuratereviews.com\/it\/software-gestione-recensioni\/clientcircle-recensione\/#breadcrumb"},"inLanguage":"it-IT","potentialAction":[{"@type":"ReadAction","target":["https:\/\/www.accuratereviews.com\/it\/software-gestione-recensioni\/clientcircle-recensione\/"]}]},{"@type":"ImageObject","inLanguage":"it-IT","@id":"https:\/\/www.accuratereviews.com\/it\/software-gestione-recensioni\/clientcircle-recensione\/#primaryimage","url":"https:\/\/www.accuratereviews.com\/wp-content\/uploads\/2023\/03\/d4b86bbc-b3b3-423a-993d-4ce96e03df9c.png.webp","contentUrl":"https:\/\/www.accuratereviews.com\/wp-content\/uploads\/2023\/03\/d4b86bbc-b3b3-423a-993d-4ce96e03df9c.png.webp","width":1980,"height":521},{"@type":"BreadcrumbList","@id":"https:\/\/www.accuratereviews.com\/it\/software-gestione-recensioni\/clientcircle-recensione\/#breadcrumb","itemListElement":[{"@type":"ListItem","position":1,"name":"Home","item":"https:\/\/www.accuratereviews.com\/it\/"},{"@type":"ListItem","position":2,"name":"Software per la gestione delle recensioni","item":"https:\/\/www.accuratereviews.com\/it\/software-gestione-recensioni\/"},{"@type":"ListItem","position":3,"name":"ClientCircle"}]},{"@type":"WebSite","@id":"https:\/\/www.accuratereviews.com\/it\/#website","url":"https:\/\/www.accuratereviews.com\/it\/","name":"Accurate Reviews","description":"","potentialAction":[{"@type":"SearchAction","target":{"@type":"EntryPoint","urlTemplate":"https:\/\/www.accuratereviews.com\/it\/?s={search_term_string}"},"query-input":{"@type":"PropertyValueSpecification","valueRequired":true,"valueName":"search_term_string"}}],"inLanguage":"it-IT"}]}},"_links":{"self":[{"href":"https:\/\/www.accuratereviews.com\/it\/wp-json\/wp\/v2\/pages\/68313","targetHints":{"allow":["GET"]}}],"collection":[{"href":"https:\/\/www.accuratereviews.com\/it\/wp-json\/wp\/v2\/pages"}],"about":[{"href":"https:\/\/www.accuratereviews.com\/it\/wp-json\/wp\/v2\/types\/page"}],"author":[{"embeddable":true,"href":"https:\/\/www.accuratereviews.com\/it\/wp-json\/wp\/v2\/users\/17"}],"replies":[{"embeddable":true,"href":"https:\/\/www.accuratereviews.com\/it\/wp-json\/wp\/v2\/comments?post=68313"}],"version-history":[{"count":2,"href":"https:\/\/www.accuratereviews.com\/it\/wp-json\/wp\/v2\/pages\/68313\/revisions"}],"predecessor-version":[{"id":68322,"href":"https:\/\/www.accuratereviews.com\/it\/wp-json\/wp\/v2\/pages\/68313\/revisions\/68322"}],"up":[{"embeddable":true,"href":"https:\/\/www.accuratereviews.com\/it\/wp-json\/wp\/v2\/pages\/60645"}],"wp:featuredmedia":[{"embeddable":true,"href":"https:\/\/www.accuratereviews.com\/it\/wp-json\/wp\/v2\/media\/68314"}],"wp:attachment":[{"href":"https:\/\/www.accuratereviews.com\/it\/wp-json\/wp\/v2\/media?parent=68313"}],"wp:term":[{"taxonomy":"category","embeddable":true,"href":"https:\/\/www.accuratereviews.com\/it\/wp-json\/wp\/v2\/categories?post=68313"},{"taxonomy":"post_tag","embeddable":true,"href":"https:\/\/www.accuratereviews.com\/it\/wp-json\/wp\/v2\/tags?post=68313"},{"taxonomy":"features","embeddable":true,"href":"https:\/\/www.accuratereviews.com\/it\/wp-json\/wp\/v2\/features?post=68313"}],"curies":[{"name":"wp","href":"https:\/\/api.w.org\/{rel}","templated":true}]}}