{"id":68323,"date":"2023-03-28T17:29:18","date_gmt":"2023-03-28T17:29:18","guid":{"rendered":"https:\/\/www.accuratereviews.com\/?page_id=68323"},"modified":"2023-03-28T17:33:18","modified_gmt":"2023-03-28T17:33:18","slug":"clearvantage-recensione","status":"publish","type":"page","link":"https:\/\/www.accuratereviews.com\/it\/gestionale-per-associazioni\/clearvantage-recensione\/","title":{"rendered":"ClearVantage"},"content":{"rendered":"<p><strong>ClearVantage<\/strong> \u00e8 un <strong>software di gestione delle associazioni<\/strong> progettato per aiutare le organizzazioni a gestire abbonamenti, eventi, dati finanziari, pagamenti, sondaggi, comitati, vendite di prodotti, processi di email marketing e altro ancora all&#8217;interno di una piattaforma unificata.\u00a0Aiuta a configurare le autorizzazioni di accesso basate sui ruoli, creare forum online, tenere traccia dei contributi e impostare tipi di prezzo personalizzati per i membri del Chapter.<br \/>\nLa piattaforma conforme PCI permette ai membri del team di accedere in modo sicuro al database, migliorare le esperienze dei partecipanti tramite percorsi, sessioni e accrediti mirati e gestire eventi online o di persona in base alle esigenze. Le organizzazioni possono anche inviare email personalizzate e suggerire eventi o prodotti in base agli interessi di membri, potenziali clienti e gruppi. Il sistema facilita anche l&#8217;integrazione con diverse piattaforme di contabilit\u00e0 di terze parti.<\/p>\n<h2>CLEARVANTAGE &#8211; TUTORIAL<\/h2>\n<div id=\"fluid-wrapper-counter-1\" class=\"g1-fluid-wrapper \" style=\"width:686px;\">\n<div style=\"padding-bottom:56.268221574344%;\"><iframe loading=\"lazy\" title=\"ClearVantage Elements Overview\" width=\"686\" height=\"386\" src=\"https:\/\/www.youtube.com\/embed\/h1ZWiL8lX2s?feature=oembed&amp;wmode=transparent&amp;autohide=1&amp;autoplay=0&amp;disablekb=0&amp;fs=1&amp;loop=0&amp;enablejsapi=1&amp;rel=0&amp;controls=2&amp;showinfo=0&amp;wmode=transparent&amp;autohide=2&amp;autoplay=0&amp;disablekb=0&amp;fs=1&amp;loop=0&amp;enablejsapi=1&amp;rel=0&amp;controls=2&amp;showinfo=1\" frameborder=\"0\" allow=\"accelerometer; autoplay; clipboard-write; encrypted-media; gyroscope; picture-in-picture; web-share\" allowfullscreen><\/iframe><\/div>\n<\/div>\n<h3>CLEARVANTAGE &#8211; CARATTERISTICHE<\/h3>\n<ul>\n<li><strong>Disponibile su qualsiasi dispositivo<\/strong>: la soluzione\u00a0\u00e8 disponibile su tutti i dispositivi con una connessione Internet. Offre opzioni mobili e basate su browser per soddisfare le esigenze specifiche delle tue associazioni.<\/li>\n<li><strong>Funzioni complete<\/strong>:\u00a0\u00a0funzionalit\u00e0 semplificate e integrate per gestire ogni aspetto della tua associazione. Moduli integrati per qualsiasi cosa, dal coinvolgimento dei membri alla vendita di prodotti, all&#8217;email marketing e altro ancora.<\/li>\n<li><strong>Adesione<\/strong>: il programma\u00a0ha tutto ci\u00f2 di cui hai bisogno per favorire il coinvolgimento dei membri, automatizzare quote e rinnovi e amministrare tutti gli aspetti dell&#8217;iscrizione. Il portale del servizio per i membri online fa risparmiare tempo al tuo personale fornendo ai tuoi membri una gamma di funzionalit\u00e0 self-service. I membri possono registrarsi per eventi, acquistare prodotti, stampare fatture e molto altro.<\/li>\n<li><strong>Eventi<\/strong>:\u00a0fornisce tutto ci\u00f2 di cui hai bisogno per rendere il tuo prossimo evento un successo. Arricchisci e personalizza l&#8217;esperienza dei partecipanti con tracce, sessioni e accreditamenti mirati. Il modulo di gestione degli eventi \u00e8 in grado di gestire eventi di tutte le dimensioni e complessit\u00e0, sia online che di persona.<\/li>\n<li><strong>Gestione finanziaria<\/strong>: la soluzione\u00a0porta chiarezza alle tue finanze fungendo da sistema di contabilit\u00e0 clienti. Gestisce le informazioni di fatturazione e pagamento per tutte le transazioni, elabora i pagamenti e crea fatture disponibili per i membri online. L&#8217;ampia raccolta di dati e rapporti ti offre una visione senza precedenti dei tuoi dati finanziari.<\/li>\n<li><strong>Coinvolgimento dei membri<\/strong>: offri ai tuoi membri nuovi modi per coinvolgerli, trattenerli pi\u00f9 a lungo e ottenere approfondimenti per rafforzare la tua comunit\u00e0 con funzionalit\u00e0 di email marketing e monitoraggio, sondaggi sui membri, funzionalit\u00e0 del forum e altro ancora.<\/li>\n<\/ul>\n<h4>LE RECENSIONI DEGLI UTENTI<\/h4>\n<p><strong>Maria &#8220;PDAC&#8221;<\/strong><br \/>\n<strong>Commenti<\/strong>: Sono molto soddisfatto del prodotto e del servizio clienti. Ospitiamo una grande convention annuale e le nostre esigenze sono uniche e complesse in molti modi. Il team di Euclid ha dimostrato di essere all&#8217;altezza della sfida.<br \/>\n<strong>Pro<\/strong>: Il modulo di appartenenza \u00e8 abbastanza robusto da accogliere i nostri complessi tipi di appartenenza, le regole aziendali contorte e le eccezioni. Flessibilit\u00e0 di configurare funzionalit\u00e0 non previste durante l&#8217;implementazione iniziale che sono diventate un must in una fase successiva, ad es. regole diverse per il calcolo delle tasse per le iscrizioni agli eventi. Il Mobile Team e l&#8217;Express Check-in hanno avuto un impatto positivo significativo e hanno aggiunto efficienza ed esperienza utente positiva al check-in in loco. Il check-in express\/touchless sar\u00e0 un must nel mondo degli eventi post pandemia.<br \/>\n<strong>Contro<\/strong>: C&#8217;\u00e8 qualche margine di miglioramento in CV Echion<\/p>\n<p><strong>Barry &#8220;Recensione CBA\/CV&#8221;<\/strong><br \/>\n<strong>Commenti<\/strong>: Ho fatto riferimento a Clear Vantage come al coltellino svizzero dei sistemi di gestione delle associazioni a causa del numero di strumenti con cui deve lavorare. Non tutti gli strumenti sono perfetti per ogni attivit\u00e0, ma di solito svolgono il lavoro e possono sempre essere affilati. Sento che abbiamo raggiunto un buon equilibrio tra miglioramento dei processi e gestione del sistema in CV.<br \/>\n<strong>Pro<\/strong>: L&#8217;integrazione con il nostro sito Web, il portale dei membri online e la registrazione agli eventi sono stati un grande vantaggio. Anche CV online, sondaggi ed email sono ottimi strumenti e ci hanno permesso di allontanarci da Constant Contact.<br \/>\n<strong>Contro<\/strong>: Ci piacerebbe davvero vedere un modulo LRS in CV Online e un maggiore sviluppo verso l&#8217;app online per la finanza e la rendicontazione. Inoltre, l&#8217;accesso limitato alle regole aziendali e alla logica personalizzata limita l&#8217;ulteriore sviluppo.<\/p>\n<p><strong>Matthew &#8220;Simpatici aggiornamenti&#8221;<\/strong><br \/>\n<strong>Commenti<\/strong>: La nostra implementazione \u00e8 stata un po&#8217; approssimativa, ma siamo rimasti fedeli a Clear Vantage e hanno avuto diversi aggiornamenti come la gestione degli eventi e l&#8217;accesso al cloud che sono stati di grande aiuto.<br \/>\n<strong>Pro<\/strong>: Ho trovato l&#8217;aggiornamento al cloud utile soprattutto da quando lavoriamo da casa. La possibilit\u00e0 di accedere al nostro database di appartenenza dal cloud tramite qualsiasi computer \u00e8 utile.<br \/>\n<strong>Contro<\/strong>: Il software potrebbe essere pi\u00f9 personalizzabile. Sembra che sia standard e talvolta \u00e8 difficile personalizzarlo in base alle circostanze individuali.<\/p>\n","protected":false},"excerpt":{"rendered":"<p>ClearVantage \u00e8 un software di gestione delle associazioni progettato per aiutare le organizzazioni a gestire abbonamenti, eventi, dati finanziari, pagamenti, sondaggi, comitati, vendite di prodotti, processi di email marketing e altro ancora all&#8217;interno di una piattaforma unificata.\u00a0Aiuta a configurare le autorizzazioni di accesso basate sui ruoli, creare forum online, tenere traccia dei contributi e impostare tipi di prezzo personalizzati per i membri del Chapter.<\/p>\n","protected":false},"author":19,"featured_media":68326,"parent":35837,"menu_order":0,"comment_status":"open","ping_status":"closed","template":"g1_template_page_review_new.php","meta":{"_acf_changed":false,"cwp_meta_box_check":"Yes","cwp_rev_product_name":"","cwp_rev_product_image":"","wppr_links":[],"cwp_rev_price":"0.00","wppr_options":[{"name":"Usability","value":"0"},{"name":"Speed","value":"0"},{"name":"Features","value":"0"},{"name":"Support","value":"0"},{"name":"Pricing","value":"0"}],"wppr_pros":["","","","",""],"wppr_cons":["","","","",""],"_monsterinsights_skip_tracking":false,"_monsterinsights_sitenote_active":false,"_monsterinsights_sitenote_note":"","_monsterinsights_sitenote_category":0,"footnotes":""},"categories":[1943],"tags":[14195,4940,2008,1949,1947,1948],"features":[],"class_list":{"0":"post-68323","1":"page","2":"type-page","3":"status-publish","4":"has-post-thumbnail","6":"category-gestionale-per-associazioni-categoria","7":"tag-clearvantage","8":"tag-gestionale-associazioni","9":"tag-piattaforma-gestionale-associazioni","10":"tag-programma-gestionale-associazioni","11":"tag-software-gestionale-associazioni","12":"tag-soluzione-gestionale-associazioni"},"wppr_data":{"cwp_meta_box_check":"Yes","_wppr_review_template":"default","cwp_rev_product_image":"","cwp_image_link":"image","wppr_links":[],"cwp_rev_price":"0.00","wppr_pros":["","","","",""],"wppr_cons":["","","","",""],"wppr_rating":"0.00","wppr_options":{"1":{"name":"Usability","value":"0"},"2":{"name":"Speed","value":"0"},"3":{"name":"Features","value":"0"},"4":{"name":"Support","value":"0"},"5":{"name":"Pricing","value":"0"}},"wppr_review_type":"Product","wppr_review_custom_fields":{"additionalProperty":"","additionalType":"","aggregateRating":"","alternateName":"","audience":"","award":"","awards":"","brand":"","color":"","depth":"","description":"","disambiguatingDescription":"","gtin12":"","gtin13":"","gtin14":"","gtin8":"","height":"","identifier":"","image":"","isAccessoryOrSparePartFor":"","isConsumableFor":"","isRelatedTo":"","isSimilarTo":"","itemCondition":"","logo":"","mainEntityOfPage":"","manufacturer":"","material":"","model":"","mpn":"","name":"","offers":"","potentialAction":"","productID":"","productionDate":"","purchaseDate":"","releaseDate":"","review":"","reviews":"","sameAs":"","sku":"","slogan":"","subjectOf":"","url":"","weight":"","width":""}},"acf":[],"yoast_head":"<!-- This site is optimized with the Yoast SEO plugin v27.4 - https:\/\/yoast.com\/product\/yoast-seo-wordpress\/ -->\n<title>ClearVantage: recensione software gestionale associazioni - AR<\/title>\n<meta name=\"description\" content=\"ClearVantage: recensione software di gestione delle associazioni progettato per gestire abbonamenti, eventi, dati finanziari e molto altro.\" \/>\n<meta name=\"robots\" content=\"index, follow, max-snippet:-1, max-image-preview:large, max-video-preview:-1\" \/>\n<link rel=\"canonical\" href=\"https:\/\/www.accuratereviews.com\/it\/gestionale-per-associazioni\/clearvantage-recensione\/\" \/>\n<meta property=\"og:locale\" content=\"it_IT\" \/>\n<meta property=\"og:type\" content=\"article\" \/>\n<meta property=\"og:title\" content=\"ClearVantage: recensione software gestionale associazioni - AR\" \/>\n<meta property=\"og:description\" content=\"ClearVantage: recensione software di gestione delle associazioni progettato per gestire abbonamenti, eventi, dati finanziari e molto altro.\" \/>\n<meta property=\"og:url\" content=\"https:\/\/www.accuratereviews.com\/it\/gestionale-per-associazioni\/clearvantage-recensione\/\" \/>\n<meta property=\"og:site_name\" content=\"Accurate Reviews\" \/>\n<meta property=\"article:modified_time\" content=\"2023-03-28T17:33:18+00:00\" \/>\n<meta property=\"og:image\" content=\"https:\/\/www.accuratereviews.com\/wp-content\/uploads\/2023\/03\/clearvantage.png\" \/>\n\t<meta property=\"og:image:width\" content=\"364\" \/>\n\t<meta property=\"og:image:height\" content=\"364\" \/>\n\t<meta property=\"og:image:type\" content=\"image\/png\" \/>\n<meta name=\"twitter:card\" content=\"summary_large_image\" \/>\n<meta name=\"twitter:label1\" content=\"Tempo di lettura stimato\" \/>\n\t<meta name=\"twitter:data1\" content=\"5 minuti\" \/>\n<script type=\"application\/ld+json\" class=\"yoast-schema-graph\">{\"@context\":\"https:\\\/\\\/schema.org\",\"@graph\":[{\"@type\":\"WebPage\",\"@id\":\"https:\\\/\\\/www.accuratereviews.com\\\/it\\\/gestionale-per-associazioni\\\/clearvantage-recensione\\\/\",\"url\":\"https:\\\/\\\/www.accuratereviews.com\\\/it\\\/gestionale-per-associazioni\\\/clearvantage-recensione\\\/\",\"name\":\"ClearVantage: recensione software gestionale associazioni - AR\",\"isPartOf\":{\"@id\":\"https:\\\/\\\/www.accuratereviews.com\\\/it\\\/#website\"},\"primaryImageOfPage\":{\"@id\":\"https:\\\/\\\/www.accuratereviews.com\\\/it\\\/gestionale-per-associazioni\\\/clearvantage-recensione\\\/#primaryimage\"},\"image\":{\"@id\":\"https:\\\/\\\/www.accuratereviews.com\\\/it\\\/gestionale-per-associazioni\\\/clearvantage-recensione\\\/#primaryimage\"},\"thumbnailUrl\":\"https:\\\/\\\/www.accuratereviews.com\\\/wp-content\\\/uploads\\\/2023\\\/03\\\/clearvantage.png\",\"datePublished\":\"2023-03-28T17:29:18+00:00\",\"dateModified\":\"2023-03-28T17:33:18+00:00\",\"description\":\"ClearVantage: recensione software di gestione delle associazioni progettato per gestire abbonamenti, eventi, dati finanziari e molto altro.\",\"breadcrumb\":{\"@id\":\"https:\\\/\\\/www.accuratereviews.com\\\/it\\\/gestionale-per-associazioni\\\/clearvantage-recensione\\\/#breadcrumb\"},\"inLanguage\":\"it-IT\",\"potentialAction\":[{\"@type\":\"ReadAction\",\"target\":[\"https:\\\/\\\/www.accuratereviews.com\\\/it\\\/gestionale-per-associazioni\\\/clearvantage-recensione\\\/\"]}]},{\"@type\":\"ImageObject\",\"inLanguage\":\"it-IT\",\"@id\":\"https:\\\/\\\/www.accuratereviews.com\\\/it\\\/gestionale-per-associazioni\\\/clearvantage-recensione\\\/#primaryimage\",\"url\":\"https:\\\/\\\/www.accuratereviews.com\\\/wp-content\\\/uploads\\\/2023\\\/03\\\/clearvantage.png\",\"contentUrl\":\"https:\\\/\\\/www.accuratereviews.com\\\/wp-content\\\/uploads\\\/2023\\\/03\\\/clearvantage.png\",\"width\":364,\"height\":364},{\"@type\":\"BreadcrumbList\",\"@id\":\"https:\\\/\\\/www.accuratereviews.com\\\/it\\\/gestionale-per-associazioni\\\/clearvantage-recensione\\\/#breadcrumb\",\"itemListElement\":[{\"@type\":\"ListItem\",\"position\":1,\"name\":\"Home\",\"item\":\"https:\\\/\\\/www.accuratereviews.com\\\/it\\\/\"},{\"@type\":\"ListItem\",\"position\":2,\"name\":\"Gestionale per associazioni\",\"item\":\"https:\\\/\\\/www.accuratereviews.com\\\/it\\\/gestionale-per-associazioni\\\/\"},{\"@type\":\"ListItem\",\"position\":3,\"name\":\"ClearVantage\"}]},{\"@type\":\"WebSite\",\"@id\":\"https:\\\/\\\/www.accuratereviews.com\\\/it\\\/#website\",\"url\":\"https:\\\/\\\/www.accuratereviews.com\\\/it\\\/\",\"name\":\"Accurate Reviews\",\"description\":\"\",\"potentialAction\":[{\"@type\":\"SearchAction\",\"target\":{\"@type\":\"EntryPoint\",\"urlTemplate\":\"https:\\\/\\\/www.accuratereviews.com\\\/it\\\/?s={search_term_string}\"},\"query-input\":{\"@type\":\"PropertyValueSpecification\",\"valueRequired\":true,\"valueName\":\"search_term_string\"}}],\"inLanguage\":\"it-IT\"}]}<\/script>\n<!-- \/ Yoast SEO plugin. -->","yoast_head_json":{"title":"ClearVantage: recensione software gestionale associazioni - AR","description":"ClearVantage: recensione software di gestione delle associazioni progettato per gestire abbonamenti, eventi, dati finanziari e molto altro.","robots":{"index":"index","follow":"follow","max-snippet":"max-snippet:-1","max-image-preview":"max-image-preview:large","max-video-preview":"max-video-preview:-1"},"canonical":"https:\/\/www.accuratereviews.com\/it\/gestionale-per-associazioni\/clearvantage-recensione\/","og_locale":"it_IT","og_type":"article","og_title":"ClearVantage: recensione software gestionale associazioni - AR","og_description":"ClearVantage: recensione software di gestione delle associazioni progettato per gestire abbonamenti, eventi, dati finanziari e molto altro.","og_url":"https:\/\/www.accuratereviews.com\/it\/gestionale-per-associazioni\/clearvantage-recensione\/","og_site_name":"Accurate Reviews","article_modified_time":"2023-03-28T17:33:18+00:00","og_image":[{"width":364,"height":364,"url":"https:\/\/www.accuratereviews.com\/wp-content\/uploads\/2023\/03\/clearvantage.png","type":"image\/png"}],"twitter_card":"summary_large_image","twitter_misc":{"Tempo di lettura stimato":"5 minuti"},"schema":{"@context":"https:\/\/schema.org","@graph":[{"@type":"WebPage","@id":"https:\/\/www.accuratereviews.com\/it\/gestionale-per-associazioni\/clearvantage-recensione\/","url":"https:\/\/www.accuratereviews.com\/it\/gestionale-per-associazioni\/clearvantage-recensione\/","name":"ClearVantage: recensione software gestionale associazioni - AR","isPartOf":{"@id":"https:\/\/www.accuratereviews.com\/it\/#website"},"primaryImageOfPage":{"@id":"https:\/\/www.accuratereviews.com\/it\/gestionale-per-associazioni\/clearvantage-recensione\/#primaryimage"},"image":{"@id":"https:\/\/www.accuratereviews.com\/it\/gestionale-per-associazioni\/clearvantage-recensione\/#primaryimage"},"thumbnailUrl":"https:\/\/www.accuratereviews.com\/wp-content\/uploads\/2023\/03\/clearvantage.png","datePublished":"2023-03-28T17:29:18+00:00","dateModified":"2023-03-28T17:33:18+00:00","description":"ClearVantage: recensione software di gestione delle associazioni progettato per gestire abbonamenti, eventi, dati finanziari e molto altro.","breadcrumb":{"@id":"https:\/\/www.accuratereviews.com\/it\/gestionale-per-associazioni\/clearvantage-recensione\/#breadcrumb"},"inLanguage":"it-IT","potentialAction":[{"@type":"ReadAction","target":["https:\/\/www.accuratereviews.com\/it\/gestionale-per-associazioni\/clearvantage-recensione\/"]}]},{"@type":"ImageObject","inLanguage":"it-IT","@id":"https:\/\/www.accuratereviews.com\/it\/gestionale-per-associazioni\/clearvantage-recensione\/#primaryimage","url":"https:\/\/www.accuratereviews.com\/wp-content\/uploads\/2023\/03\/clearvantage.png","contentUrl":"https:\/\/www.accuratereviews.com\/wp-content\/uploads\/2023\/03\/clearvantage.png","width":364,"height":364},{"@type":"BreadcrumbList","@id":"https:\/\/www.accuratereviews.com\/it\/gestionale-per-associazioni\/clearvantage-recensione\/#breadcrumb","itemListElement":[{"@type":"ListItem","position":1,"name":"Home","item":"https:\/\/www.accuratereviews.com\/it\/"},{"@type":"ListItem","position":2,"name":"Gestionale per associazioni","item":"https:\/\/www.accuratereviews.com\/it\/gestionale-per-associazioni\/"},{"@type":"ListItem","position":3,"name":"ClearVantage"}]},{"@type":"WebSite","@id":"https:\/\/www.accuratereviews.com\/it\/#website","url":"https:\/\/www.accuratereviews.com\/it\/","name":"Accurate Reviews","description":"","potentialAction":[{"@type":"SearchAction","target":{"@type":"EntryPoint","urlTemplate":"https:\/\/www.accuratereviews.com\/it\/?s={search_term_string}"},"query-input":{"@type":"PropertyValueSpecification","valueRequired":true,"valueName":"search_term_string"}}],"inLanguage":"it-IT"}]}},"_links":{"self":[{"href":"https:\/\/www.accuratereviews.com\/it\/wp-json\/wp\/v2\/pages\/68323","targetHints":{"allow":["GET"]}}],"collection":[{"href":"https:\/\/www.accuratereviews.com\/it\/wp-json\/wp\/v2\/pages"}],"about":[{"href":"https:\/\/www.accuratereviews.com\/it\/wp-json\/wp\/v2\/types\/page"}],"author":[{"embeddable":true,"href":"https:\/\/www.accuratereviews.com\/it\/wp-json\/wp\/v2\/users\/19"}],"replies":[{"embeddable":true,"href":"https:\/\/www.accuratereviews.com\/it\/wp-json\/wp\/v2\/comments?post=68323"}],"version-history":[{"count":12,"href":"https:\/\/www.accuratereviews.com\/it\/wp-json\/wp\/v2\/pages\/68323\/revisions"}],"predecessor-version":[{"id":68341,"href":"https:\/\/www.accuratereviews.com\/it\/wp-json\/wp\/v2\/pages\/68323\/revisions\/68341"}],"up":[{"embeddable":true,"href":"https:\/\/www.accuratereviews.com\/it\/wp-json\/wp\/v2\/pages\/35837"}],"wp:featuredmedia":[{"embeddable":true,"href":"https:\/\/www.accuratereviews.com\/it\/wp-json\/wp\/v2\/media\/68326"}],"wp:attachment":[{"href":"https:\/\/www.accuratereviews.com\/it\/wp-json\/wp\/v2\/media?parent=68323"}],"wp:term":[{"taxonomy":"category","embeddable":true,"href":"https:\/\/www.accuratereviews.com\/it\/wp-json\/wp\/v2\/categories?post=68323"},{"taxonomy":"post_tag","embeddable":true,"href":"https:\/\/www.accuratereviews.com\/it\/wp-json\/wp\/v2\/tags?post=68323"},{"taxonomy":"features","embeddable":true,"href":"https:\/\/www.accuratereviews.com\/it\/wp-json\/wp\/v2\/features?post=68323"}],"curies":[{"name":"wp","href":"https:\/\/api.w.org\/{rel}","templated":true}]}}