{"id":68357,"date":"2023-03-29T14:01:30","date_gmt":"2023-03-29T14:01:30","guid":{"rendered":"https:\/\/www.accuratereviews.com\/?page_id=68357"},"modified":"2023-03-29T14:01:30","modified_gmt":"2023-03-29T14:01:30","slug":"groop-recensione","status":"publish","type":"page","link":"https:\/\/www.accuratereviews.com\/it\/gestionale-per-associazioni\/groop-recensione\/","title":{"rendered":"Groop"},"content":{"rendered":"<p>Il sistema di gestione in stile CRM di <strong>Groop<\/strong>\u00a0elimina la necessit\u00e0 di documenti cartacei e fogli di calcolo per registrare le attivit\u00e0 amministrative quotidiane. La piattaforma aiuta con l&#8217;inserimento e l&#8217;analisi dei dati e presenta strumenti di ricerca per ordinare e filtrare i record. I report possono essere generati secondo necessit\u00e0. Questo sistema gestisce inoltre individui e gruppi per facilitare le reti organizzative. La comunicazione interna avviene tramite videoconferenze online e funzioni di chat. La piattaforma consente la condivisione sicura dei documenti e la governance dei materiali.<br \/>\nQuesto <strong>software di gestione delle associazioni<\/strong> offre anche strumenti di coinvolgimento della comunit\u00e0, comprese funzionalit\u00e0 di comunicazione per l&#8217;interazione con terze parti. \u00c8 utile per organizzare eventi pubblici o conferenze private. Il feedback dei partecipanti viene raccolto per l&#8217;analisi dei dati e un&#8217;ulteriore valutazione.<\/p>\n<h2>GROOP &#8211; TUTORIAL<\/h2>\n<div id=\"fluid-wrapper-counter-1\" class=\"g1-fluid-wrapper \" style=\"width:686px;\">\n<div style=\"padding-bottom:56.268221574344%;\"><iframe loading=\"lazy\" title=\"Watch Groop Now\" width=\"686\" height=\"386\" src=\"https:\/\/www.youtube.com\/embed\/DhQ_pRJFNu8?feature=oembed&amp;wmode=transparent&amp;autohide=1&amp;autoplay=0&amp;disablekb=0&amp;fs=1&amp;loop=0&amp;enablejsapi=1&amp;rel=0&amp;controls=2&amp;showinfo=0&amp;wmode=transparent&amp;autohide=2&amp;autoplay=0&amp;disablekb=0&amp;fs=1&amp;loop=0&amp;enablejsapi=1&amp;rel=0&amp;controls=2&amp;showinfo=1\" frameborder=\"0\" allow=\"accelerometer; autoplay; clipboard-write; encrypted-media; gyroscope; picture-in-picture; web-share\" allowfullscreen><\/iframe><\/div>\n<\/div>\n<h3>GROOP &#8211; CARATTERISTICHE<\/h3>\n<ul>\n<li><strong>Organizzare<\/strong>: registra, trova, filtra e ordina in base a qualsiasi dato registrato<\/li>\n<li><strong>Personalizzare<\/strong>: fai lavorare la soluzione per te: aggiungi campi specifici per registrare i dati che contano in un formato coerente<\/li>\n<li><strong>Rapporti:<\/strong> esporta ci\u00f2 di cui hai bisogno, quando ne hai bisogno: scarica tutti i dati o utilizza i filtri avanzati per analizzare l&#8217;impatto sul pubblico<\/li>\n<li><strong>Ingaggiare<\/strong>: mantieni i tuoi dipendenti informati e connessi<\/li>\n<li><strong>Condividere<\/strong>: condividi informazioni interne e documenti di supporto attraverso la tua rete, in modo sicuro e protetto<\/li>\n<li><strong>Pianificazione<\/strong>:\u00a0invita, coinvolgi, comunica con videochiamate e chat in tempo reale e registra tutto in un unico posto<\/li>\n<li><strong>Valutazioni<\/strong>: segnala il tuo evento, chi \u00e8 venuto, cosa ne ha ricavato e il suo feedback<\/li>\n<li><strong>Distribuire:<\/strong> condividi documentazione importante, accedi alla libreria di guide e modelli di qualit\u00e0 garantita<\/li>\n<li><strong>API:<\/strong>\u00a0\u00a0piattaforma scalabile che consente metodi di comunicazione sicuri e chiaramente definiti tra i vari componenti<\/li>\n<\/ul>\n<h4>LE RECENSIONI DEGLI UTENTI<\/h4>\n<p><strong>Ahmad reza &#8220;Grande supporto&#8221;<\/strong><br \/>\n<strong>Pro<\/strong>: Il team di supporto \u00e8 stato fantastico, \u00e8 sempre disponibile e utile.<br \/>\n<strong>Contro<\/strong>: dotato di poche funzioni per la comunicazione e la pubblicit\u00e0<\/p>\n<p><strong>Esther &#8220;Un prodotto che fa risparmiare tempo ad un ottimo prezzo&#8221;<\/strong><br \/>\n<strong>Commenti<\/strong>: Ho la capacit\u00e0 di comunicare con i nostri volontari, invitare a corsi di formazione, seminari. Informazioni E&amp;D con un semplice clic. sapere chi fa volontariato dove . le possibilit\u00e0 sono infinite, non vedo l&#8217;ora di vedere l&#8217;app<br \/>\n<strong>Pro<\/strong>: \u00e8 cos\u00ec facile da usare, i rapporti vengono completati in pochi secondi. Fa ci\u00f2 di cui abbiamo bisogno senza che sia troppo complicato. questo \u00e8 un vantaggio in quanto le persone lo useranno perch\u00e9 \u00e8 cos\u00ec semplice<br \/>\n<strong>Contro<\/strong>: niente finora, se ho avuto una domanda \u00e8 stata risolta<\/p>\n<p><strong>Annalisa&#8221;Feedback di gruppo&#8221;<\/strong><br \/>\n<strong>Pro<\/strong>: Facilit\u00e0 di esecuzione dei report Rappresentante di grande supporto nell&#8217;esecuzione di rapporti su misura come richiesto<br \/>\n<strong>Contro<\/strong>: Difficoltoso inserire i dati, la funzionalit\u00e0 per l&#8217;esecuzione dei rapporti dei portavoce non esiste, anche se \u00e8 stato detto che sarebbe stato operativo all&#8217;inizio dell&#8217;estate 2019<\/p>\n","protected":false},"excerpt":{"rendered":"<p>Il sistema di gestione in stile CRM di Groop\u00a0elimina la necessit\u00e0 di documenti cartacei e fogli di calcolo per registrare le attivit\u00e0 amministrative quotidiane. La piattaforma aiuta con l&#8217;inserimento e l&#8217;analisi dei dati e presenta strumenti di ricerca per ordinare e filtrare i record. I report possono essere generati secondo necessit\u00e0.<\/p>\n","protected":false},"author":19,"featured_media":68364,"parent":35837,"menu_order":0,"comment_status":"open","ping_status":"closed","template":"g1_template_page_review_new.php","meta":{"_acf_changed":false,"cwp_meta_box_check":"Yes","cwp_rev_product_name":"","cwp_rev_product_image":"","wppr_links":[],"cwp_rev_price":"0.00","wppr_options":[{"name":"Usability","value":"0"},{"name":"Speed","value":"0"},{"name":"Features","value":"0"},{"name":"Support","value":"0"},{"name":"Pricing","value":"0"}],"wppr_pros":["","","","",""],"wppr_cons":["","","","",""],"_monsterinsights_skip_tracking":false,"_monsterinsights_sitenote_active":false,"_monsterinsights_sitenote_note":"","_monsterinsights_sitenote_category":0,"footnotes":""},"categories":[1943],"tags":[4940,14197,2008,1949,1947,1948],"features":[],"class_list":{"0":"post-68357","1":"page","2":"type-page","3":"status-publish","4":"has-post-thumbnail","6":"category-gestionale-per-associazioni-categoria","7":"tag-gestionale-associazioni","8":"tag-groop","9":"tag-piattaforma-gestionale-associazioni","10":"tag-programma-gestionale-associazioni","11":"tag-software-gestionale-associazioni","12":"tag-soluzione-gestionale-associazioni"},"wppr_data":{"cwp_meta_box_check":"Yes","_wppr_review_template":"default","cwp_rev_product_image":"","cwp_image_link":"image","wppr_links":[],"cwp_rev_price":"0.00","wppr_pros":["","","","",""],"wppr_cons":["","","","",""],"wppr_rating":"0.00","wppr_options":{"1":{"name":"Usability","value":"0"},"2":{"name":"Speed","value":"0"},"3":{"name":"Features","value":"0"},"4":{"name":"Support","value":"0"},"5":{"name":"Pricing","value":"0"}},"wppr_review_type":"Product","wppr_review_custom_fields":{"additionalProperty":"","additionalType":"","aggregateRating":"","alternateName":"","audience":"","award":"","awards":"","brand":"","color":"","depth":"","description":"","disambiguatingDescription":"","gtin12":"","gtin13":"","gtin14":"","gtin8":"","height":"","identifier":"","image":"","isAccessoryOrSparePartFor":"","isConsumableFor":"","isRelatedTo":"","isSimilarTo":"","itemCondition":"","logo":"","mainEntityOfPage":"","manufacturer":"","material":"","model":"","mpn":"","name":"","offers":"","potentialAction":"","productID":"","productionDate":"","purchaseDate":"","releaseDate":"","review":"","reviews":"","sameAs":"","sku":"","slogan":"","subjectOf":"","url":"","weight":"","width":""}},"acf":[],"yoast_head":"<!-- This site is optimized with the Yoast SEO plugin v27.4 - https:\/\/yoast.com\/product\/yoast-seo-wordpress\/ -->\n<title>Groop: recensione gestionale associazioni - Accurate Reviews<\/title>\n<meta name=\"description\" content=\"Groop: recensione soluzione di gestione delle associazioni che supporta pagamenti e donazioni online sicuri anche tramite app mobili.\" \/>\n<meta name=\"robots\" content=\"index, follow, max-snippet:-1, max-image-preview:large, max-video-preview:-1\" \/>\n<link rel=\"canonical\" href=\"https:\/\/www.accuratereviews.com\/it\/gestionale-per-associazioni\/groop-recensione\/\" \/>\n<meta property=\"og:locale\" content=\"it_IT\" \/>\n<meta property=\"og:type\" content=\"article\" \/>\n<meta property=\"og:title\" content=\"Groop: recensione gestionale associazioni - Accurate Reviews\" \/>\n<meta property=\"og:description\" content=\"Groop: recensione soluzione di gestione delle associazioni che supporta pagamenti e donazioni online sicuri anche tramite app mobili.\" \/>\n<meta property=\"og:url\" content=\"https:\/\/www.accuratereviews.com\/it\/gestionale-per-associazioni\/groop-recensione\/\" \/>\n<meta property=\"og:site_name\" content=\"Accurate Reviews\" \/>\n<meta property=\"og:image\" content=\"https:\/\/www.accuratereviews.com\/wp-content\/uploads\/2023\/03\/Groop.png\" \/>\n\t<meta property=\"og:image:width\" content=\"2689\" \/>\n\t<meta property=\"og:image:height\" content=\"600\" \/>\n\t<meta property=\"og:image:type\" content=\"image\/png\" \/>\n<meta name=\"twitter:card\" content=\"summary_large_image\" \/>\n<meta name=\"twitter:label1\" content=\"Tempo di lettura stimato\" \/>\n\t<meta name=\"twitter:data1\" content=\"3 minuti\" \/>\n<script type=\"application\/ld+json\" class=\"yoast-schema-graph\">{\"@context\":\"https:\\\/\\\/schema.org\",\"@graph\":[{\"@type\":\"WebPage\",\"@id\":\"https:\\\/\\\/www.accuratereviews.com\\\/it\\\/gestionale-per-associazioni\\\/groop-recensione\\\/\",\"url\":\"https:\\\/\\\/www.accuratereviews.com\\\/it\\\/gestionale-per-associazioni\\\/groop-recensione\\\/\",\"name\":\"Groop: recensione gestionale associazioni - Accurate Reviews\",\"isPartOf\":{\"@id\":\"https:\\\/\\\/www.accuratereviews.com\\\/it\\\/#website\"},\"primaryImageOfPage\":{\"@id\":\"https:\\\/\\\/www.accuratereviews.com\\\/it\\\/gestionale-per-associazioni\\\/groop-recensione\\\/#primaryimage\"},\"image\":{\"@id\":\"https:\\\/\\\/www.accuratereviews.com\\\/it\\\/gestionale-per-associazioni\\\/groop-recensione\\\/#primaryimage\"},\"thumbnailUrl\":\"https:\\\/\\\/www.accuratereviews.com\\\/wp-content\\\/uploads\\\/2023\\\/03\\\/Groop.png\",\"datePublished\":\"2023-03-29T14:01:30+00:00\",\"description\":\"Groop: recensione soluzione di gestione delle associazioni che supporta pagamenti e donazioni online sicuri anche tramite app mobili.\",\"breadcrumb\":{\"@id\":\"https:\\\/\\\/www.accuratereviews.com\\\/it\\\/gestionale-per-associazioni\\\/groop-recensione\\\/#breadcrumb\"},\"inLanguage\":\"it-IT\",\"potentialAction\":[{\"@type\":\"ReadAction\",\"target\":[\"https:\\\/\\\/www.accuratereviews.com\\\/it\\\/gestionale-per-associazioni\\\/groop-recensione\\\/\"]}]},{\"@type\":\"ImageObject\",\"inLanguage\":\"it-IT\",\"@id\":\"https:\\\/\\\/www.accuratereviews.com\\\/it\\\/gestionale-per-associazioni\\\/groop-recensione\\\/#primaryimage\",\"url\":\"https:\\\/\\\/www.accuratereviews.com\\\/wp-content\\\/uploads\\\/2023\\\/03\\\/Groop.png\",\"contentUrl\":\"https:\\\/\\\/www.accuratereviews.com\\\/wp-content\\\/uploads\\\/2023\\\/03\\\/Groop.png\",\"width\":2689,\"height\":600},{\"@type\":\"BreadcrumbList\",\"@id\":\"https:\\\/\\\/www.accuratereviews.com\\\/it\\\/gestionale-per-associazioni\\\/groop-recensione\\\/#breadcrumb\",\"itemListElement\":[{\"@type\":\"ListItem\",\"position\":1,\"name\":\"Home\",\"item\":\"https:\\\/\\\/www.accuratereviews.com\\\/it\\\/\"},{\"@type\":\"ListItem\",\"position\":2,\"name\":\"Gestionale per associazioni\",\"item\":\"https:\\\/\\\/www.accuratereviews.com\\\/it\\\/gestionale-per-associazioni\\\/\"},{\"@type\":\"ListItem\",\"position\":3,\"name\":\"Groop\"}]},{\"@type\":\"WebSite\",\"@id\":\"https:\\\/\\\/www.accuratereviews.com\\\/it\\\/#website\",\"url\":\"https:\\\/\\\/www.accuratereviews.com\\\/it\\\/\",\"name\":\"Accurate Reviews\",\"description\":\"\",\"potentialAction\":[{\"@type\":\"SearchAction\",\"target\":{\"@type\":\"EntryPoint\",\"urlTemplate\":\"https:\\\/\\\/www.accuratereviews.com\\\/it\\\/?s={search_term_string}\"},\"query-input\":{\"@type\":\"PropertyValueSpecification\",\"valueRequired\":true,\"valueName\":\"search_term_string\"}}],\"inLanguage\":\"it-IT\"}]}<\/script>\n<!-- \/ Yoast SEO plugin. -->","yoast_head_json":{"title":"Groop: recensione gestionale associazioni - Accurate Reviews","description":"Groop: recensione soluzione di gestione delle associazioni che supporta pagamenti e donazioni online sicuri anche tramite app mobili.","robots":{"index":"index","follow":"follow","max-snippet":"max-snippet:-1","max-image-preview":"max-image-preview:large","max-video-preview":"max-video-preview:-1"},"canonical":"https:\/\/www.accuratereviews.com\/it\/gestionale-per-associazioni\/groop-recensione\/","og_locale":"it_IT","og_type":"article","og_title":"Groop: recensione gestionale associazioni - Accurate Reviews","og_description":"Groop: recensione soluzione di gestione delle associazioni che supporta pagamenti e donazioni online sicuri anche tramite app mobili.","og_url":"https:\/\/www.accuratereviews.com\/it\/gestionale-per-associazioni\/groop-recensione\/","og_site_name":"Accurate Reviews","og_image":[{"width":2689,"height":600,"url":"https:\/\/www.accuratereviews.com\/wp-content\/uploads\/2023\/03\/Groop.png","type":"image\/png"}],"twitter_card":"summary_large_image","twitter_misc":{"Tempo di lettura stimato":"3 minuti"},"schema":{"@context":"https:\/\/schema.org","@graph":[{"@type":"WebPage","@id":"https:\/\/www.accuratereviews.com\/it\/gestionale-per-associazioni\/groop-recensione\/","url":"https:\/\/www.accuratereviews.com\/it\/gestionale-per-associazioni\/groop-recensione\/","name":"Groop: recensione gestionale associazioni - Accurate Reviews","isPartOf":{"@id":"https:\/\/www.accuratereviews.com\/it\/#website"},"primaryImageOfPage":{"@id":"https:\/\/www.accuratereviews.com\/it\/gestionale-per-associazioni\/groop-recensione\/#primaryimage"},"image":{"@id":"https:\/\/www.accuratereviews.com\/it\/gestionale-per-associazioni\/groop-recensione\/#primaryimage"},"thumbnailUrl":"https:\/\/www.accuratereviews.com\/wp-content\/uploads\/2023\/03\/Groop.png","datePublished":"2023-03-29T14:01:30+00:00","description":"Groop: recensione soluzione di gestione delle associazioni che supporta pagamenti e donazioni online sicuri anche tramite app mobili.","breadcrumb":{"@id":"https:\/\/www.accuratereviews.com\/it\/gestionale-per-associazioni\/groop-recensione\/#breadcrumb"},"inLanguage":"it-IT","potentialAction":[{"@type":"ReadAction","target":["https:\/\/www.accuratereviews.com\/it\/gestionale-per-associazioni\/groop-recensione\/"]}]},{"@type":"ImageObject","inLanguage":"it-IT","@id":"https:\/\/www.accuratereviews.com\/it\/gestionale-per-associazioni\/groop-recensione\/#primaryimage","url":"https:\/\/www.accuratereviews.com\/wp-content\/uploads\/2023\/03\/Groop.png","contentUrl":"https:\/\/www.accuratereviews.com\/wp-content\/uploads\/2023\/03\/Groop.png","width":2689,"height":600},{"@type":"BreadcrumbList","@id":"https:\/\/www.accuratereviews.com\/it\/gestionale-per-associazioni\/groop-recensione\/#breadcrumb","itemListElement":[{"@type":"ListItem","position":1,"name":"Home","item":"https:\/\/www.accuratereviews.com\/it\/"},{"@type":"ListItem","position":2,"name":"Gestionale per associazioni","item":"https:\/\/www.accuratereviews.com\/it\/gestionale-per-associazioni\/"},{"@type":"ListItem","position":3,"name":"Groop"}]},{"@type":"WebSite","@id":"https:\/\/www.accuratereviews.com\/it\/#website","url":"https:\/\/www.accuratereviews.com\/it\/","name":"Accurate Reviews","description":"","potentialAction":[{"@type":"SearchAction","target":{"@type":"EntryPoint","urlTemplate":"https:\/\/www.accuratereviews.com\/it\/?s={search_term_string}"},"query-input":{"@type":"PropertyValueSpecification","valueRequired":true,"valueName":"search_term_string"}}],"inLanguage":"it-IT"}]}},"_links":{"self":[{"href":"https:\/\/www.accuratereviews.com\/it\/wp-json\/wp\/v2\/pages\/68357","targetHints":{"allow":["GET"]}}],"collection":[{"href":"https:\/\/www.accuratereviews.com\/it\/wp-json\/wp\/v2\/pages"}],"about":[{"href":"https:\/\/www.accuratereviews.com\/it\/wp-json\/wp\/v2\/types\/page"}],"author":[{"embeddable":true,"href":"https:\/\/www.accuratereviews.com\/it\/wp-json\/wp\/v2\/users\/19"}],"replies":[{"embeddable":true,"href":"https:\/\/www.accuratereviews.com\/it\/wp-json\/wp\/v2\/comments?post=68357"}],"version-history":[{"count":8,"href":"https:\/\/www.accuratereviews.com\/it\/wp-json\/wp\/v2\/pages\/68357\/revisions"}],"predecessor-version":[{"id":68380,"href":"https:\/\/www.accuratereviews.com\/it\/wp-json\/wp\/v2\/pages\/68357\/revisions\/68380"}],"up":[{"embeddable":true,"href":"https:\/\/www.accuratereviews.com\/it\/wp-json\/wp\/v2\/pages\/35837"}],"wp:featuredmedia":[{"embeddable":true,"href":"https:\/\/www.accuratereviews.com\/it\/wp-json\/wp\/v2\/media\/68364"}],"wp:attachment":[{"href":"https:\/\/www.accuratereviews.com\/it\/wp-json\/wp\/v2\/media?parent=68357"}],"wp:term":[{"taxonomy":"category","embeddable":true,"href":"https:\/\/www.accuratereviews.com\/it\/wp-json\/wp\/v2\/categories?post=68357"},{"taxonomy":"post_tag","embeddable":true,"href":"https:\/\/www.accuratereviews.com\/it\/wp-json\/wp\/v2\/tags?post=68357"},{"taxonomy":"features","embeddable":true,"href":"https:\/\/www.accuratereviews.com\/it\/wp-json\/wp\/v2\/features?post=68357"}],"curies":[{"name":"wp","href":"https:\/\/api.w.org\/{rel}","templated":true}]}}