{"id":68396,"date":"2023-03-30T15:27:30","date_gmt":"2023-03-30T15:27:30","guid":{"rendered":"https:\/\/www.accuratereviews.com\/?page_id=68396"},"modified":"2023-03-30T15:27:30","modified_gmt":"2023-03-30T15:27:30","slug":"opinew-recensione","status":"publish","type":"page","link":"https:\/\/www.accuratereviews.com\/it\/software-gestione-recensioni\/opinew-recensione\/","title":{"rendered":"Opinew"},"content":{"rendered":"<p><strong>Opinew<\/strong> \u00e8 un plugin del <strong>negozio Shopify<\/strong> che permette di raccogliere tutte le recensioni in modo automatico, includendo anche foto e video. Offre numerose funzionalit\u00e0 e widget per le recensioni dei prodotti, strumenti di dropshipping, chat dal vivo disponibile 7 giorni su 7 e video tutorial di onboarding, ottimi per familiarizzare con questo software.<br \/>\nCon <strong>Opinew<\/strong> riuscirai a rendere pi\u00f9 redditizia la tua attivit\u00e0 e a fidelizzare maggiormente clienti e potenziali clienti, aumentando le vendite e le conversioni.<\/p>\n<h2>OPINEW &#8211; TUTORIAL<\/h2>\n<div id=\"fluid-wrapper-counter-1\" class=\"g1-fluid-wrapper \" style=\"width:686px;\">\n<div style=\"padding-bottom:56.268221574344%;\"><iframe loading=\"lazy\" title=\"How to install Opinew&#039;s product review widget on your Shopify store?\" width=\"686\" height=\"386\" src=\"https:\/\/www.youtube.com\/embed\/I0k1-2w95aE?feature=oembed&amp;wmode=transparent&amp;autohide=1&amp;autoplay=0&amp;disablekb=0&amp;fs=1&amp;loop=0&amp;enablejsapi=1&amp;rel=0&amp;controls=2&amp;showinfo=0&amp;wmode=transparent&amp;autohide=2&amp;autoplay=0&amp;disablekb=0&amp;fs=1&amp;loop=0&amp;enablejsapi=1&amp;rel=0&amp;controls=2&amp;showinfo=1\" frameborder=\"0\" allow=\"accelerometer; autoplay; clipboard-write; encrypted-media; gyroscope; picture-in-picture; web-share\" allowfullscreen><\/iframe><\/div>\n<\/div>\n<h3>OPINEW &#8211; CARATTERISTICHE<\/h3>\n<ul>\n<li><strong>Richiesta automatica di recensioni<\/strong>: ottieni recensioni verificate con il pilota automatico.<\/li>\n<li><strong>Importazione di recensioni<\/strong>: importa recensioni da Amazon, AliExpress ed eBay.<\/li>\n<li><strong>Assistente AI per le recensioni<\/strong>: promuove automaticamente le recensioni con le migliori conversioni su larga scala.<\/li>\n<li><strong>Migrazione da altre piattaforme<\/strong>: conserva le recensioni dal tuo precedente sistema di recensioni.<\/li>\n<li><strong>SEO e velocit\u00e0 della pagina<\/strong>: contenuti ottimizzati per favorire le conversioni<\/li>\n<li><strong>Widget per la visualizzazione delle recensioni<\/strong>: widget per le recensioni che possono essere adattati al tuo tema<\/li>\n<li><strong>Recensioni UGC<\/strong>: influenza gli acquisti con bellissime recensioni ricche di foto e video.<\/li>\n<\/ul>\n<h4>LE RECENSIONI DEGLI UTENTI<\/h4>\n<p><strong>Tahmi &#8220;Ottimo prodotto per un buon prezzo&#8221;<\/strong><br \/>\nPro: Una delle cose che mi piacciono di pi\u00f9 di Opinew \u00e8 la possibilit\u00e0 di inserire recensioni per i miei articoli che si trovano su altre piattaforme. \u00c8 davvero facile spostare i clienti da un marketplace al mio sito web quando sono in grado di mostrare la prova sociale. Opinew facilita anche l&#8217;ottenimento di recensioni dalle vendite sul mio sito web, offrendo opzioni di e-mail personalizzate da inviare ai clienti per chiedere recensioni e offrendo la possibilit\u00e0 di offrire ai clienti sconti su acquisti futuri quando lasciano una recensione. Il loro supporto \u00e8 di prim&#8217;ordine, non solo mi hanno aiutato a configurare correttamente i miei modelli Shopify la prima volta, ma mi hanno anche aiutato quando gli aggiornamenti successivi del modello necessitano di modifiche.<br \/>\nContro: L&#8217;unica cosa che vorrei che Opinew facesse meglio sarebbe rendere pi\u00f9 facile la condivisione delle recensioni positive sui social media, come fanno altri software di recensioni. Ma ho dei modelli per i post sui social media realizzati con Canva, quindi non \u00e8 cos\u00ec difficile incollare le recensioni positive e farne dei post.<\/p>\n<p><strong>Oscar &#8220;Molto pi\u00f9 di quanto ci aspettassimo!&#8221;<\/strong><br \/>\nCommenti: Siamo una piccola agenzia di sviluppo software e abbiamo dovuto creare negozi Shopify per molti clienti. Con tutte le limitazioni che Shopify ha come piattaforma, gli strumenti di Opinew sono stati molto utili per assicurarci che gli stili siano come dovrebbero essere e che i prodotti\/negozi siano affidabili.<br \/>\nLe funzionalit\u00e0 sono tantissime, ma al momento ricordo una volta in cui le recensioni e i coupon stampati sono stati molto utili per un cliente che doveva spedire i prodotti ma voleva anche ottenere un feedback.<br \/>\nUn&#8217;altra cosa: Opinew \u00e8 una grande spinta per il SEO.<br \/>\nPro: Innanzitutto, la facilit\u00e0 di personalizzazione in base allo stile del tema, chiunque pu\u00f2 farlo. Inoltre, il modo in cui importa le recensioni di un prodotto da diversi fornitori (Amazon, E-bayd, AlliExpress) e il modo in cui queste recensioni conferiscono al sito un aspetto generale pi\u00f9 affidabile. Ci piace.<br \/>\nContro: Mi piacerebbe vedere diversi tipi di widget, come la visualizzazione delle recensioni pi\u00f9 recenti, ma, ad essere onesti, siamo soddisfatti di quelli che hanno.<\/p>\n<p><strong>Mary &#8220;Strumento di gestione delle recensioni tutto in uno per i negozi Shopify. Importa le recensioni da Amazon, eBay e AliExpress&#8221;<\/strong><br \/>\nCommenti: Posso testimoniare l&#8217;efficacia di Opinew. La loro capacit\u00e0 di importare le recensioni dei clienti da Amazon a un negozio Shopify ha cambiato le carte in tavola. L&#8217;interfaccia \u00e8 facile da usare e rende la gestione dei feedback e delle recensioni dei clienti un gioco da ragazzi. Inoltre, le funzionalit\u00e0 aggiunte (come i flussi di e-mail e SMS) hanno semplificato il nostro processo di raccolta dei feedback dei clienti. Consiglio vivamente Opinew a tutte le aziende che vogliono scalare la propria attivit\u00e0 sulla piattaforma Shopify e garantire la soddisfazione dei clienti.<br \/>\nPro: La capacit\u00e0 di importare le recensioni dei clienti da Amazon a Shopify. Prezzi, usabilit\u00e0 e altro ancora.<br \/>\nContro: Il software Opinew \u00e8 facile da usare e non ho avuto problemi.<\/p>\n","protected":false},"excerpt":{"rendered":"<p>Opinew \u00e8 un plugin del negozio Shopify che permette di raccogliere tutte le recensioni in modo automatico, includendo anche foto e video. Offre numerose funzionalit\u00e0 e widget per le recensioni dei prodotti, strumenti di dropshipping, chat dal vivo disponibile 7 giorni su 7 e video tutorial di onboarding, ottimi per familiarizzare con questo software.<\/p>\n","protected":false},"author":17,"featured_media":68402,"parent":60645,"menu_order":0,"comment_status":"open","ping_status":"closed","template":"g1_template_page_review_new.php","meta":{"_acf_changed":false,"cwp_meta_box_check":"No","cwp_rev_product_name":"","cwp_rev_product_image":"","wppr_links":[],"cwp_rev_price":"","wppr_options":[],"wppr_pros":[],"wppr_cons":[],"_monsterinsights_skip_tracking":false,"_monsterinsights_sitenote_active":false,"_monsterinsights_sitenote_note":"","_monsterinsights_sitenote_category":0,"footnotes":""},"categories":[13158],"tags":[13178,13163,13248,13249,13246],"features":[],"class_list":{"0":"post-68396","1":"page","2":"type-page","3":"status-publish","4":"has-post-thumbnail","6":"category-software-per-la-gestione-delle-recensioni","7":"tag-app-gestione-recensioni","8":"tag-gestione-delle-recensioni","9":"tag-piattaforma-di-gestione-recensioni","10":"tag-programma-di-gestione-recensioni","11":"tag-software-di-gestione-recensioni"},"wppr_data":{"cwp_meta_box_check":"No"},"acf":[],"yoast_head":"<!-- This site is optimized with the Yoast SEO plugin v27.4 - https:\/\/yoast.com\/product\/yoast-seo-wordpress\/ -->\n<title>Opinew: software gestione recensioni - Accurate Reviews<\/title>\n<meta name=\"description\" content=\"Opinew \u00e8 un plugin del negozio Shopify che permette di raccogliere tutte le recensioni in modo automatico, includendo anche foto e video.\" \/>\n<meta name=\"robots\" content=\"index, follow, max-snippet:-1, max-image-preview:large, max-video-preview:-1\" \/>\n<link rel=\"canonical\" href=\"https:\/\/www.accuratereviews.com\/it\/software-gestione-recensioni\/opinew-recensione\/\" \/>\n<meta property=\"og:locale\" content=\"it_IT\" \/>\n<meta property=\"og:type\" content=\"article\" \/>\n<meta property=\"og:title\" content=\"Opinew: software gestione recensioni - Accurate Reviews\" \/>\n<meta property=\"og:description\" content=\"Opinew \u00e8 un plugin del negozio Shopify che permette di raccogliere tutte le recensioni in modo automatico, includendo anche foto e video.\" \/>\n<meta property=\"og:url\" content=\"https:\/\/www.accuratereviews.com\/it\/software-gestione-recensioni\/opinew-recensione\/\" \/>\n<meta property=\"og:site_name\" content=\"Accurate Reviews\" \/>\n<meta property=\"og:image\" content=\"https:\/\/www.accuratereviews.com\/wp-content\/uploads\/2023\/03\/Screenshot-2023-03-30-alle-10.06.10.png\" \/>\n\t<meta property=\"og:image:width\" content=\"838\" \/>\n\t<meta property=\"og:image:height\" content=\"490\" \/>\n\t<meta property=\"og:image:type\" content=\"image\/png\" \/>\n<meta name=\"twitter:card\" content=\"summary_large_image\" \/>\n<meta name=\"twitter:label1\" content=\"Tempo di lettura stimato\" \/>\n\t<meta name=\"twitter:data1\" content=\"4 minuti\" \/>\n<script type=\"application\/ld+json\" class=\"yoast-schema-graph\">{\"@context\":\"https:\\\/\\\/schema.org\",\"@graph\":[{\"@type\":\"WebPage\",\"@id\":\"https:\\\/\\\/www.accuratereviews.com\\\/it\\\/software-gestione-recensioni\\\/opinew-recensione\\\/\",\"url\":\"https:\\\/\\\/www.accuratereviews.com\\\/it\\\/software-gestione-recensioni\\\/opinew-recensione\\\/\",\"name\":\"Opinew: software gestione recensioni - Accurate Reviews\",\"isPartOf\":{\"@id\":\"https:\\\/\\\/www.accuratereviews.com\\\/it\\\/#website\"},\"primaryImageOfPage\":{\"@id\":\"https:\\\/\\\/www.accuratereviews.com\\\/it\\\/software-gestione-recensioni\\\/opinew-recensione\\\/#primaryimage\"},\"image\":{\"@id\":\"https:\\\/\\\/www.accuratereviews.com\\\/it\\\/software-gestione-recensioni\\\/opinew-recensione\\\/#primaryimage\"},\"thumbnailUrl\":\"https:\\\/\\\/www.accuratereviews.com\\\/wp-content\\\/uploads\\\/2023\\\/03\\\/Screenshot-2023-03-30-alle-10.06.10.png\",\"datePublished\":\"2023-03-30T15:27:30+00:00\",\"description\":\"Opinew \u00e8 un plugin del negozio Shopify che permette di raccogliere tutte le recensioni in modo automatico, includendo anche foto e video.\",\"breadcrumb\":{\"@id\":\"https:\\\/\\\/www.accuratereviews.com\\\/it\\\/software-gestione-recensioni\\\/opinew-recensione\\\/#breadcrumb\"},\"inLanguage\":\"it-IT\",\"potentialAction\":[{\"@type\":\"ReadAction\",\"target\":[\"https:\\\/\\\/www.accuratereviews.com\\\/it\\\/software-gestione-recensioni\\\/opinew-recensione\\\/\"]}]},{\"@type\":\"ImageObject\",\"inLanguage\":\"it-IT\",\"@id\":\"https:\\\/\\\/www.accuratereviews.com\\\/it\\\/software-gestione-recensioni\\\/opinew-recensione\\\/#primaryimage\",\"url\":\"https:\\\/\\\/www.accuratereviews.com\\\/wp-content\\\/uploads\\\/2023\\\/03\\\/Screenshot-2023-03-30-alle-10.06.10.png\",\"contentUrl\":\"https:\\\/\\\/www.accuratereviews.com\\\/wp-content\\\/uploads\\\/2023\\\/03\\\/Screenshot-2023-03-30-alle-10.06.10.png\",\"width\":838,\"height\":490},{\"@type\":\"BreadcrumbList\",\"@id\":\"https:\\\/\\\/www.accuratereviews.com\\\/it\\\/software-gestione-recensioni\\\/opinew-recensione\\\/#breadcrumb\",\"itemListElement\":[{\"@type\":\"ListItem\",\"position\":1,\"name\":\"Home\",\"item\":\"https:\\\/\\\/www.accuratereviews.com\\\/it\\\/\"},{\"@type\":\"ListItem\",\"position\":2,\"name\":\"Software per la gestione delle recensioni\",\"item\":\"https:\\\/\\\/www.accuratereviews.com\\\/it\\\/software-gestione-recensioni\\\/\"},{\"@type\":\"ListItem\",\"position\":3,\"name\":\"Opinew\"}]},{\"@type\":\"WebSite\",\"@id\":\"https:\\\/\\\/www.accuratereviews.com\\\/it\\\/#website\",\"url\":\"https:\\\/\\\/www.accuratereviews.com\\\/it\\\/\",\"name\":\"Accurate Reviews\",\"description\":\"\",\"potentialAction\":[{\"@type\":\"SearchAction\",\"target\":{\"@type\":\"EntryPoint\",\"urlTemplate\":\"https:\\\/\\\/www.accuratereviews.com\\\/it\\\/?s={search_term_string}\"},\"query-input\":{\"@type\":\"PropertyValueSpecification\",\"valueRequired\":true,\"valueName\":\"search_term_string\"}}],\"inLanguage\":\"it-IT\"}]}<\/script>\n<!-- \/ Yoast SEO plugin. -->","yoast_head_json":{"title":"Opinew: software gestione recensioni - Accurate Reviews","description":"Opinew \u00e8 un plugin del negozio Shopify che permette di raccogliere tutte le recensioni in modo automatico, includendo anche foto e video.","robots":{"index":"index","follow":"follow","max-snippet":"max-snippet:-1","max-image-preview":"max-image-preview:large","max-video-preview":"max-video-preview:-1"},"canonical":"https:\/\/www.accuratereviews.com\/it\/software-gestione-recensioni\/opinew-recensione\/","og_locale":"it_IT","og_type":"article","og_title":"Opinew: software gestione recensioni - Accurate Reviews","og_description":"Opinew \u00e8 un plugin del negozio Shopify che permette di raccogliere tutte le recensioni in modo automatico, includendo anche foto e video.","og_url":"https:\/\/www.accuratereviews.com\/it\/software-gestione-recensioni\/opinew-recensione\/","og_site_name":"Accurate Reviews","og_image":[{"width":838,"height":490,"url":"https:\/\/www.accuratereviews.com\/wp-content\/uploads\/2023\/03\/Screenshot-2023-03-30-alle-10.06.10.png","type":"image\/png"}],"twitter_card":"summary_large_image","twitter_misc":{"Tempo di lettura stimato":"4 minuti"},"schema":{"@context":"https:\/\/schema.org","@graph":[{"@type":"WebPage","@id":"https:\/\/www.accuratereviews.com\/it\/software-gestione-recensioni\/opinew-recensione\/","url":"https:\/\/www.accuratereviews.com\/it\/software-gestione-recensioni\/opinew-recensione\/","name":"Opinew: software gestione recensioni - Accurate Reviews","isPartOf":{"@id":"https:\/\/www.accuratereviews.com\/it\/#website"},"primaryImageOfPage":{"@id":"https:\/\/www.accuratereviews.com\/it\/software-gestione-recensioni\/opinew-recensione\/#primaryimage"},"image":{"@id":"https:\/\/www.accuratereviews.com\/it\/software-gestione-recensioni\/opinew-recensione\/#primaryimage"},"thumbnailUrl":"https:\/\/www.accuratereviews.com\/wp-content\/uploads\/2023\/03\/Screenshot-2023-03-30-alle-10.06.10.png","datePublished":"2023-03-30T15:27:30+00:00","description":"Opinew \u00e8 un plugin del negozio Shopify che permette di raccogliere tutte le recensioni in modo automatico, includendo anche foto e video.","breadcrumb":{"@id":"https:\/\/www.accuratereviews.com\/it\/software-gestione-recensioni\/opinew-recensione\/#breadcrumb"},"inLanguage":"it-IT","potentialAction":[{"@type":"ReadAction","target":["https:\/\/www.accuratereviews.com\/it\/software-gestione-recensioni\/opinew-recensione\/"]}]},{"@type":"ImageObject","inLanguage":"it-IT","@id":"https:\/\/www.accuratereviews.com\/it\/software-gestione-recensioni\/opinew-recensione\/#primaryimage","url":"https:\/\/www.accuratereviews.com\/wp-content\/uploads\/2023\/03\/Screenshot-2023-03-30-alle-10.06.10.png","contentUrl":"https:\/\/www.accuratereviews.com\/wp-content\/uploads\/2023\/03\/Screenshot-2023-03-30-alle-10.06.10.png","width":838,"height":490},{"@type":"BreadcrumbList","@id":"https:\/\/www.accuratereviews.com\/it\/software-gestione-recensioni\/opinew-recensione\/#breadcrumb","itemListElement":[{"@type":"ListItem","position":1,"name":"Home","item":"https:\/\/www.accuratereviews.com\/it\/"},{"@type":"ListItem","position":2,"name":"Software per la gestione delle recensioni","item":"https:\/\/www.accuratereviews.com\/it\/software-gestione-recensioni\/"},{"@type":"ListItem","position":3,"name":"Opinew"}]},{"@type":"WebSite","@id":"https:\/\/www.accuratereviews.com\/it\/#website","url":"https:\/\/www.accuratereviews.com\/it\/","name":"Accurate Reviews","description":"","potentialAction":[{"@type":"SearchAction","target":{"@type":"EntryPoint","urlTemplate":"https:\/\/www.accuratereviews.com\/it\/?s={search_term_string}"},"query-input":{"@type":"PropertyValueSpecification","valueRequired":true,"valueName":"search_term_string"}}],"inLanguage":"it-IT"}]}},"_links":{"self":[{"href":"https:\/\/www.accuratereviews.com\/it\/wp-json\/wp\/v2\/pages\/68396","targetHints":{"allow":["GET"]}}],"collection":[{"href":"https:\/\/www.accuratereviews.com\/it\/wp-json\/wp\/v2\/pages"}],"about":[{"href":"https:\/\/www.accuratereviews.com\/it\/wp-json\/wp\/v2\/types\/page"}],"author":[{"embeddable":true,"href":"https:\/\/www.accuratereviews.com\/it\/wp-json\/wp\/v2\/users\/17"}],"replies":[{"embeddable":true,"href":"https:\/\/www.accuratereviews.com\/it\/wp-json\/wp\/v2\/comments?post=68396"}],"version-history":[{"count":3,"href":"https:\/\/www.accuratereviews.com\/it\/wp-json\/wp\/v2\/pages\/68396\/revisions"}],"predecessor-version":[{"id":68413,"href":"https:\/\/www.accuratereviews.com\/it\/wp-json\/wp\/v2\/pages\/68396\/revisions\/68413"}],"up":[{"embeddable":true,"href":"https:\/\/www.accuratereviews.com\/it\/wp-json\/wp\/v2\/pages\/60645"}],"wp:featuredmedia":[{"embeddable":true,"href":"https:\/\/www.accuratereviews.com\/it\/wp-json\/wp\/v2\/media\/68402"}],"wp:attachment":[{"href":"https:\/\/www.accuratereviews.com\/it\/wp-json\/wp\/v2\/media?parent=68396"}],"wp:term":[{"taxonomy":"category","embeddable":true,"href":"https:\/\/www.accuratereviews.com\/it\/wp-json\/wp\/v2\/categories?post=68396"},{"taxonomy":"post_tag","embeddable":true,"href":"https:\/\/www.accuratereviews.com\/it\/wp-json\/wp\/v2\/tags?post=68396"},{"taxonomy":"features","embeddable":true,"href":"https:\/\/www.accuratereviews.com\/it\/wp-json\/wp\/v2\/features?post=68396"}],"curies":[{"name":"wp","href":"https:\/\/api.w.org\/{rel}","templated":true}]}}