{"id":68416,"date":"2023-03-30T15:31:51","date_gmt":"2023-03-30T15:31:51","guid":{"rendered":"https:\/\/www.accuratereviews.com\/?page_id=68416"},"modified":"2023-03-31T13:36:01","modified_gmt":"2023-03-31T13:36:01","slug":"open-social-recensione","status":"publish","type":"page","link":"https:\/\/www.accuratereviews.com\/it\/gestionale-per-associazioni\/open-social-recensione\/","title":{"rendered":"Open Social"},"content":{"rendered":"<p><strong>Open Social<\/strong> \u00e8 un <strong>software di coinvolgimento<\/strong> della comunit\u00e0 basato su <strong>cloud<\/strong>, progettato per aiutare le organizzazioni a creare, implementare e gestire spazi online per semplificare le operazioni di comunicazione, collaborazione e coinvolgimento. Offre funzionalit\u00e0 di white label, che consentono alle aziende di personalizzare la piattaforma con colori, immagini, tassonomie, menu di intestazione e pi\u00e8 di pagina e altri elementi.<br \/>\nPermette\u00a0agli amministratori di progettare ed eseguire pagine di destinazione personalizzate per promuovere gruppi, eventi o discussioni e informare i membri sulle attivit\u00e0 della comunit\u00e0, notizie o annunci tramite email. Offre una serie di funzionalit\u00e0 come menzioni, crittografia delle email, gestione dei contenuti, traduzione multilingue, messaggistica privata, notifiche push, condivisione sui social, filtraggio della geolocalizzazione e altro ancora.\u00a0La funzionalit\u00e0 di gestione dei contenuti integrata consente agli utenti di monitorare i commenti, evidenziare i post e ricevere notifiche sui contenuti inappropriati.<\/p>\n<h2>OPEN SOCIAL &#8211; TUTORIAL<\/h2>\n<div id=\"fluid-wrapper-counter-1\" class=\"g1-fluid-wrapper \" style=\"width:686px;\">\n<div style=\"padding-bottom:56.268221574344%;\"><iframe loading=\"lazy\" title=\"Welcome to Open Social - Online Community Engagement Platform - Demo Video\" width=\"686\" height=\"386\" src=\"https:\/\/www.youtube.com\/embed\/ojafuCcUZzU?feature=oembed&amp;wmode=transparent&amp;autohide=1&amp;autoplay=0&amp;disablekb=0&amp;fs=1&amp;loop=0&amp;enablejsapi=1&amp;rel=0&amp;controls=2&amp;showinfo=0&amp;wmode=transparent&amp;autohide=2&amp;autoplay=0&amp;disablekb=0&amp;fs=1&amp;loop=0&amp;enablejsapi=1&amp;rel=0&amp;controls=2&amp;showinfo=1\" frameborder=\"0\" allow=\"accelerometer; autoplay; clipboard-write; encrypted-media; gyroscope; picture-in-picture; web-share\" allowfullscreen><\/iframe><\/div>\n<\/div>\n<h3>OPEN SOCIAL &#8211; CARATTERISTICHE<\/h3>\n<ul>\n<li>Integrazione con i social network, condivisione di contenuti pubblici<\/li>\n<li>Analisi dell&#8217;engagement per comprendere lo stato di salute della tua comunit\u00e0<\/li>\n<li>Iscrizioni self-service<\/li>\n<li>Gamification per vedere gli utenti pi\u00f9 coinvolti<\/li>\n<li>Ruoli utente per personalizzare i contenuti in base agli interessi<\/li>\n<li>Funzione di ideazione: sfrutta i tuoi membri e crea idee di crowdsourcing per argomenti importanti<\/li>\n<li>Crea e gestisci eventi (online, offline) per favorire il coinvolgimento<\/li>\n<li>Dashboard pubbliche per condividere contenuti con i non membri<\/li>\n<li>Crea gruppi di lavoro basati su posizione, argomento o per membri specifici affinch\u00e9 possano coinvolgere e collaborare<\/li>\n<li>Configurazione generale<\/li>\n<li>Multilingua<\/li>\n<li>Protezione da spam<\/li>\n<li>Moderazione dei contenuti<\/li>\n<li>Integrazioni: Microsoft 365, Salesforce, Mailchimp, Zoom e molti altri<\/li>\n<\/ul>\n<h4>LE RECENSIONI DEGLI UTENTI<\/h4>\n<p><strong>David &#8220;Ottimo strumento per lo sviluppo della comunit\u00e0&#8221;<\/strong><br \/>\n<strong>Commenti<\/strong>: Molto positivo. Ottima compagnia con cui collaborare. Estremamente reattivo e di supporto.<br \/>\n<strong>Pro<\/strong>: Avevamo bisogno di creare un social network regionale per un&#8217;iniziativa per le citt\u00e0 intelligenti e Open Social \u00e8 stato incredibilmente facile da implementare e configurare. Abbiamo avuto un grande miglioramento nella nostra comunit\u00e0 e tutti lo trovano molto facile da usare.<br \/>\n<strong>Contro<\/strong>: Sei limitato nel design (ad es. Caratteri), sebbene le estensioni come i dashboard siano davvero utili.<\/p>\n<p><strong>Robiul Islam &#8220;\u00c8 un&#8217;ottima applicazione top Drupal CMS&#8221;<\/strong><br \/>\n<strong>Commenti<\/strong>: Sono molto soddisfatto di questa applicazione.<br \/>\n<strong>Pro<\/strong>: Fornisce funzionalit\u00e0 molto ottimistiche e utili come Facebook e altre piattaforme di social media.<br \/>\n<strong>Contro<\/strong>: Collaborazione tra persone e condivisione di informazioni tra loro.<\/p>\n<p><strong>Sugen &#8220;Recensione di OpenSocial&#8221;<\/strong><br \/>\n<strong>Commenti<\/strong>: Esperienza davvero piacevole. Mi ha aiutato a lanciarmi molto velocemente.<br \/>\n<strong>Pro<\/strong>: Apre Source, molto ben caratterizzato e facile da configurare e utilizzare utilizzando Platform.sh. Il supporto del team di OpenSocial \u00e8 molto buono, sono sempre disponibili ad assistere.<br \/>\n<strong>Contro<\/strong>: Non molto, anche se c&#8217;\u00e8 una curva di apprendimento soprattutto sul lato Drupal. Una volta messo a punto \u00e8 davvero buono.<\/p>\n","protected":false},"excerpt":{"rendered":"<p>Open Social \u00e8 un software di coinvolgimento della comunit\u00e0 basato su cloud progettato per aiutare le organizzazioni a creare, implementare e gestire spazi online per semplificare le operazioni di comunicazione, collaborazione e coinvolgimento. Offre funzionalit\u00e0 di white label, che consentono alle aziende di personalizzare la piattaforma con colori, immagini, tassonomie, menu di intestazione e pi\u00e8 di pagina e altri elementi.<\/p>\n","protected":false},"author":19,"featured_media":68418,"parent":35837,"menu_order":0,"comment_status":"open","ping_status":"closed","template":"g1_template_page_review_new.php","meta":{"_acf_changed":false,"cwp_meta_box_check":"No","cwp_rev_product_name":"","cwp_rev_product_image":"","wppr_links":[],"cwp_rev_price":"","wppr_options":[],"wppr_pros":[],"wppr_cons":[],"_monsterinsights_skip_tracking":false,"_monsterinsights_sitenote_active":false,"_monsterinsights_sitenote_note":"","_monsterinsights_sitenote_category":0,"footnotes":""},"categories":[1943],"tags":[14201,14200,2008,1949,1947,1948],"features":[],"class_list":{"0":"post-68416","1":"page","2":"type-page","3":"status-publish","4":"has-post-thumbnail","6":"category-gestionale-per-associazioni-categoria","7":"tag-gestione-associazioni","8":"tag-open-social","9":"tag-piattaforma-gestionale-associazioni","10":"tag-programma-gestionale-associazioni","11":"tag-software-gestionale-associazioni","12":"tag-soluzione-gestionale-associazioni"},"wppr_data":{"cwp_meta_box_check":"No"},"acf":[],"yoast_head":"<!-- This site is optimized with the Yoast SEO plugin v27.4 - https:\/\/yoast.com\/product\/yoast-seo-wordpress\/ -->\n<title>Open Social: recensione gestionale associazioni Accurate Reviews<\/title>\n<meta name=\"description\" content=\"Open Social: recensione software di coinvolgimento basato su cloud per aiutare organizzazioni a creare, implementare e gestire spazi online.\" \/>\n<meta name=\"robots\" content=\"index, follow, max-snippet:-1, max-image-preview:large, max-video-preview:-1\" \/>\n<link rel=\"canonical\" href=\"https:\/\/www.accuratereviews.com\/it\/gestionale-per-associazioni\/open-social-recensione\/\" \/>\n<meta property=\"og:locale\" content=\"it_IT\" \/>\n<meta property=\"og:type\" content=\"article\" \/>\n<meta property=\"og:title\" content=\"Open Social: recensione gestionale associazioni Accurate Reviews\" \/>\n<meta property=\"og:description\" content=\"Open Social: recensione software di coinvolgimento basato su cloud per aiutare organizzazioni a creare, implementare e gestire spazi online.\" \/>\n<meta property=\"og:url\" content=\"https:\/\/www.accuratereviews.com\/it\/gestionale-per-associazioni\/open-social-recensione\/\" \/>\n<meta property=\"og:site_name\" content=\"Accurate Reviews\" \/>\n<meta property=\"article:modified_time\" content=\"2023-03-31T13:36:01+00:00\" \/>\n<meta property=\"og:image\" content=\"https:\/\/www.accuratereviews.com\/wp-content\/uploads\/2023\/03\/open-social.webp\" \/>\n\t<meta property=\"og:image:width\" content=\"600\" \/>\n\t<meta property=\"og:image:height\" content=\"450\" \/>\n\t<meta property=\"og:image:type\" content=\"image\/webp\" \/>\n<meta name=\"twitter:card\" content=\"summary_large_image\" \/>\n<meta name=\"twitter:label1\" content=\"Tempo di lettura stimato\" \/>\n\t<meta name=\"twitter:data1\" content=\"3 minuti\" \/>\n<script type=\"application\/ld+json\" class=\"yoast-schema-graph\">{\"@context\":\"https:\\\/\\\/schema.org\",\"@graph\":[{\"@type\":\"WebPage\",\"@id\":\"https:\\\/\\\/www.accuratereviews.com\\\/it\\\/gestionale-per-associazioni\\\/open-social-recensione\\\/\",\"url\":\"https:\\\/\\\/www.accuratereviews.com\\\/it\\\/gestionale-per-associazioni\\\/open-social-recensione\\\/\",\"name\":\"Open Social: recensione gestionale associazioni Accurate Reviews\",\"isPartOf\":{\"@id\":\"https:\\\/\\\/www.accuratereviews.com\\\/it\\\/#website\"},\"primaryImageOfPage\":{\"@id\":\"https:\\\/\\\/www.accuratereviews.com\\\/it\\\/gestionale-per-associazioni\\\/open-social-recensione\\\/#primaryimage\"},\"image\":{\"@id\":\"https:\\\/\\\/www.accuratereviews.com\\\/it\\\/gestionale-per-associazioni\\\/open-social-recensione\\\/#primaryimage\"},\"thumbnailUrl\":\"https:\\\/\\\/www.accuratereviews.com\\\/wp-content\\\/uploads\\\/2023\\\/03\\\/open-social.webp\",\"datePublished\":\"2023-03-30T15:31:51+00:00\",\"dateModified\":\"2023-03-31T13:36:01+00:00\",\"description\":\"Open Social: recensione software di coinvolgimento basato su cloud per aiutare organizzazioni a creare, implementare e gestire spazi online.\",\"breadcrumb\":{\"@id\":\"https:\\\/\\\/www.accuratereviews.com\\\/it\\\/gestionale-per-associazioni\\\/open-social-recensione\\\/#breadcrumb\"},\"inLanguage\":\"it-IT\",\"potentialAction\":[{\"@type\":\"ReadAction\",\"target\":[\"https:\\\/\\\/www.accuratereviews.com\\\/it\\\/gestionale-per-associazioni\\\/open-social-recensione\\\/\"]}]},{\"@type\":\"ImageObject\",\"inLanguage\":\"it-IT\",\"@id\":\"https:\\\/\\\/www.accuratereviews.com\\\/it\\\/gestionale-per-associazioni\\\/open-social-recensione\\\/#primaryimage\",\"url\":\"https:\\\/\\\/www.accuratereviews.com\\\/wp-content\\\/uploads\\\/2023\\\/03\\\/open-social.webp\",\"contentUrl\":\"https:\\\/\\\/www.accuratereviews.com\\\/wp-content\\\/uploads\\\/2023\\\/03\\\/open-social.webp\",\"width\":600,\"height\":450},{\"@type\":\"BreadcrumbList\",\"@id\":\"https:\\\/\\\/www.accuratereviews.com\\\/it\\\/gestionale-per-associazioni\\\/open-social-recensione\\\/#breadcrumb\",\"itemListElement\":[{\"@type\":\"ListItem\",\"position\":1,\"name\":\"Home\",\"item\":\"https:\\\/\\\/www.accuratereviews.com\\\/it\\\/\"},{\"@type\":\"ListItem\",\"position\":2,\"name\":\"Gestionale per associazioni\",\"item\":\"https:\\\/\\\/www.accuratereviews.com\\\/it\\\/gestionale-per-associazioni\\\/\"},{\"@type\":\"ListItem\",\"position\":3,\"name\":\"Open Social\"}]},{\"@type\":\"WebSite\",\"@id\":\"https:\\\/\\\/www.accuratereviews.com\\\/it\\\/#website\",\"url\":\"https:\\\/\\\/www.accuratereviews.com\\\/it\\\/\",\"name\":\"Accurate Reviews\",\"description\":\"\",\"potentialAction\":[{\"@type\":\"SearchAction\",\"target\":{\"@type\":\"EntryPoint\",\"urlTemplate\":\"https:\\\/\\\/www.accuratereviews.com\\\/it\\\/?s={search_term_string}\"},\"query-input\":{\"@type\":\"PropertyValueSpecification\",\"valueRequired\":true,\"valueName\":\"search_term_string\"}}],\"inLanguage\":\"it-IT\"}]}<\/script>\n<!-- \/ Yoast SEO plugin. -->","yoast_head_json":{"title":"Open Social: recensione gestionale associazioni Accurate Reviews","description":"Open Social: recensione software di coinvolgimento basato su cloud per aiutare organizzazioni a creare, implementare e gestire spazi online.","robots":{"index":"index","follow":"follow","max-snippet":"max-snippet:-1","max-image-preview":"max-image-preview:large","max-video-preview":"max-video-preview:-1"},"canonical":"https:\/\/www.accuratereviews.com\/it\/gestionale-per-associazioni\/open-social-recensione\/","og_locale":"it_IT","og_type":"article","og_title":"Open Social: recensione gestionale associazioni Accurate Reviews","og_description":"Open Social: recensione software di coinvolgimento basato su cloud per aiutare organizzazioni a creare, implementare e gestire spazi online.","og_url":"https:\/\/www.accuratereviews.com\/it\/gestionale-per-associazioni\/open-social-recensione\/","og_site_name":"Accurate Reviews","article_modified_time":"2023-03-31T13:36:01+00:00","og_image":[{"width":600,"height":450,"url":"https:\/\/www.accuratereviews.com\/wp-content\/uploads\/2023\/03\/open-social.webp","type":"image\/webp"}],"twitter_card":"summary_large_image","twitter_misc":{"Tempo di lettura stimato":"3 minuti"},"schema":{"@context":"https:\/\/schema.org","@graph":[{"@type":"WebPage","@id":"https:\/\/www.accuratereviews.com\/it\/gestionale-per-associazioni\/open-social-recensione\/","url":"https:\/\/www.accuratereviews.com\/it\/gestionale-per-associazioni\/open-social-recensione\/","name":"Open Social: recensione gestionale associazioni Accurate Reviews","isPartOf":{"@id":"https:\/\/www.accuratereviews.com\/it\/#website"},"primaryImageOfPage":{"@id":"https:\/\/www.accuratereviews.com\/it\/gestionale-per-associazioni\/open-social-recensione\/#primaryimage"},"image":{"@id":"https:\/\/www.accuratereviews.com\/it\/gestionale-per-associazioni\/open-social-recensione\/#primaryimage"},"thumbnailUrl":"https:\/\/www.accuratereviews.com\/wp-content\/uploads\/2023\/03\/open-social.webp","datePublished":"2023-03-30T15:31:51+00:00","dateModified":"2023-03-31T13:36:01+00:00","description":"Open Social: recensione software di coinvolgimento basato su cloud per aiutare organizzazioni a creare, implementare e gestire spazi online.","breadcrumb":{"@id":"https:\/\/www.accuratereviews.com\/it\/gestionale-per-associazioni\/open-social-recensione\/#breadcrumb"},"inLanguage":"it-IT","potentialAction":[{"@type":"ReadAction","target":["https:\/\/www.accuratereviews.com\/it\/gestionale-per-associazioni\/open-social-recensione\/"]}]},{"@type":"ImageObject","inLanguage":"it-IT","@id":"https:\/\/www.accuratereviews.com\/it\/gestionale-per-associazioni\/open-social-recensione\/#primaryimage","url":"https:\/\/www.accuratereviews.com\/wp-content\/uploads\/2023\/03\/open-social.webp","contentUrl":"https:\/\/www.accuratereviews.com\/wp-content\/uploads\/2023\/03\/open-social.webp","width":600,"height":450},{"@type":"BreadcrumbList","@id":"https:\/\/www.accuratereviews.com\/it\/gestionale-per-associazioni\/open-social-recensione\/#breadcrumb","itemListElement":[{"@type":"ListItem","position":1,"name":"Home","item":"https:\/\/www.accuratereviews.com\/it\/"},{"@type":"ListItem","position":2,"name":"Gestionale per associazioni","item":"https:\/\/www.accuratereviews.com\/it\/gestionale-per-associazioni\/"},{"@type":"ListItem","position":3,"name":"Open Social"}]},{"@type":"WebSite","@id":"https:\/\/www.accuratereviews.com\/it\/#website","url":"https:\/\/www.accuratereviews.com\/it\/","name":"Accurate Reviews","description":"","potentialAction":[{"@type":"SearchAction","target":{"@type":"EntryPoint","urlTemplate":"https:\/\/www.accuratereviews.com\/it\/?s={search_term_string}"},"query-input":{"@type":"PropertyValueSpecification","valueRequired":true,"valueName":"search_term_string"}}],"inLanguage":"it-IT"}]}},"_links":{"self":[{"href":"https:\/\/www.accuratereviews.com\/it\/wp-json\/wp\/v2\/pages\/68416","targetHints":{"allow":["GET"]}}],"collection":[{"href":"https:\/\/www.accuratereviews.com\/it\/wp-json\/wp\/v2\/pages"}],"about":[{"href":"https:\/\/www.accuratereviews.com\/it\/wp-json\/wp\/v2\/types\/page"}],"author":[{"embeddable":true,"href":"https:\/\/www.accuratereviews.com\/it\/wp-json\/wp\/v2\/users\/19"}],"replies":[{"embeddable":true,"href":"https:\/\/www.accuratereviews.com\/it\/wp-json\/wp\/v2\/comments?post=68416"}],"version-history":[{"count":7,"href":"https:\/\/www.accuratereviews.com\/it\/wp-json\/wp\/v2\/pages\/68416\/revisions"}],"predecessor-version":[{"id":68458,"href":"https:\/\/www.accuratereviews.com\/it\/wp-json\/wp\/v2\/pages\/68416\/revisions\/68458"}],"up":[{"embeddable":true,"href":"https:\/\/www.accuratereviews.com\/it\/wp-json\/wp\/v2\/pages\/35837"}],"wp:featuredmedia":[{"embeddable":true,"href":"https:\/\/www.accuratereviews.com\/it\/wp-json\/wp\/v2\/media\/68418"}],"wp:attachment":[{"href":"https:\/\/www.accuratereviews.com\/it\/wp-json\/wp\/v2\/media?parent=68416"}],"wp:term":[{"taxonomy":"category","embeddable":true,"href":"https:\/\/www.accuratereviews.com\/it\/wp-json\/wp\/v2\/categories?post=68416"},{"taxonomy":"post_tag","embeddable":true,"href":"https:\/\/www.accuratereviews.com\/it\/wp-json\/wp\/v2\/tags?post=68416"},{"taxonomy":"features","embeddable":true,"href":"https:\/\/www.accuratereviews.com\/it\/wp-json\/wp\/v2\/features?post=68416"}],"curies":[{"name":"wp","href":"https:\/\/api.w.org\/{rel}","templated":true}]}}