{"id":68512,"date":"2023-04-04T13:25:14","date_gmt":"2023-04-04T13:25:14","guid":{"rendered":"https:\/\/www.accuratereviews.com\/?page_id=68512"},"modified":"2023-04-04T13:25:14","modified_gmt":"2023-04-04T13:25:14","slug":"websuite2-recensione","status":"publish","type":"page","link":"https:\/\/www.accuratereviews.com\/it\/gestionale-per-associazioni\/websuite2-recensione\/","title":{"rendered":"WebSuite2"},"content":{"rendered":"<p><strong>WebSuite2<\/strong> \u00e8 una<strong> soluzione di gestione delle associazioni<\/strong> basata su cloud, che consente di gestire il comitato, amministrare le quote, la parte finanziaria finanziaria, l&#8217;amministrazione del sito Web all&#8217;interno di una suite e offre\u00a0un portale per i membri e la loro organizzazione. Il prodotto si rivolge alle associazioni professionali e di categoria senza scopo di lucro e alle societ\u00e0 di gestione delle associazioni.<br \/>\nConsente agli utenti di creare siti web utilizzando modelli predefiniti. Gli utenti possono anche aggiungere notizie, foto, PDF, calendari e lavori al sito Web caricandoli sul portale. Il prodotto offre anche un editor WYSIWYG, che permette agli utenti di pubblicare i contenuti del sito Web direttamente dal CMS integrato. <strong>WebSuite2<\/strong> presenta un database centrale dei membri con campi fissi come nome, informazioni di contatto e indirizzo. Gli utenti possono personalizzare i profili dei membri aggiungendo campi aggiuntivi.<\/p>\n<h2>WEBSUITE2 &#8211; TUTORIAL<\/h2>\n<div id=\"fluid-wrapper-counter-1\" class=\"g1-fluid-wrapper \" style=\"width:686px;\">\n<div style=\"padding-bottom:56.268221574344%;\"><iframe loading=\"lazy\" title=\"Why TCS Software?\" width=\"686\" height=\"386\" src=\"https:\/\/www.youtube.com\/embed\/GtQewbz9N48?feature=oembed&amp;wmode=transparent&amp;autohide=1&amp;autoplay=0&amp;disablekb=0&amp;fs=1&amp;loop=0&amp;enablejsapi=1&amp;rel=0&amp;controls=2&amp;showinfo=0&amp;wmode=transparent&amp;autohide=2&amp;autoplay=0&amp;disablekb=0&amp;fs=1&amp;loop=0&amp;enablejsapi=1&amp;rel=0&amp;controls=2&amp;showinfo=1\" frameborder=\"0\" allow=\"accelerometer; autoplay; clipboard-write; encrypted-media; gyroscope; picture-in-picture; web-share\" allowfullscreen><\/iframe><\/div>\n<\/div>\n<h3>WEBSUITE2 &#8211; CARATTERISTICHE<\/h3>\n<ul>\n<li><strong>Gestione Database Contatti:<\/strong> accedi al database relazionale centrale e sicuro per gestire tutti i tuoi contatti. Funzionalit\u00e0 di query di facile utilizzo e opzioni di esportazione di report o dati.<\/li>\n<li><strong>Eventi e registrazione<\/strong>: tieni traccia di tutti i dettagli dell&#8217;evento e della registrazione con l&#8217;accesso sicuro all&#8217;account e una semplice procedura in 3 fasi per gli utenti finali; possibilit\u00e0 di aggiungere pi\u00f9 partecipanti e creare vari report come badge nominativi, elenchi di registrazione, fogli di accesso e conteggi rapidi.<\/li>\n<li><strong>Gestione dei contenuti del sito web<\/strong>: gestisci i contenuti del tuo sito web utilizzando l&#8217;editor WYSIWYG. I moduli includono annunci, notizie, calendario, lavori, collegamenti, foto\/file e altro ancora.<\/li>\n<li><strong>Elaborazione quote associative:<\/strong> puoi facilmente creare fatture di unione e tenere traccia dei pagamenti per il tuo ciclo di fatturazione dell&#8217;abbonamento, sia annuale che mensile. Sono inoltre disponibili piani di pagamento e opzioni di fatturazione ricorrenti.<\/li>\n<li><strong>Pagamenti online<\/strong>: accetta pagamenti con carta di credito in tempo reale in modo sicuro utilizzando Authorize.net o PayPal. Sono disponibili anche ACH e pagamento tramite assegno. Tutti i dettagli della cronologia delle fatture e dei pagamenti sono accessibili da qualsiasi record di contatto.<\/li>\n<li><strong>Trasmissione di email marketing<\/strong>: crea e invia messaggi email personalizzati utilizzando i campi dei dati di contatto e monitora la consegna e la cronologia per un massimo di 18 mesi. Nessuna mailing list separata da caricare e gestire.<\/li>\n<li><strong>Annunci economici e offerte di lavoro<\/strong>:\u00a0genera elenchi di annunci economici e opportunit\u00e0 di lavoro sul tuo sito web con date di scadenza automatiche. Un ottimo modo per aggiungere valore ai membri e generare entrate aggiuntive.<\/li>\n<li><strong>Monitoraggio della formazione continua<\/strong>: tieni facilmente traccia di vari tipi e aree di formazione continua, ore\/crediti, numeri di approvazione e date di scadenza; generare trascrizioni CE o consentire ai membri di accedere e stampare le proprie trascrizioni.<\/li>\n<\/ul>\n<h4>LE RECENSIONI DEGLI UTENTI<\/h4>\n<p><strong>Melanie &#8220;WebSuite2 ci aiuta a prendere buone decisioni&#8221;<\/strong><br \/>\n<strong>Commenti<\/strong>: Poich\u00e9 AASCB.org sta prendendo decisioni per comunicare in modo efficace, possiamo rivolgerci a WebSuite2 per supportare tale sviluppo. La cosa importante \u00e8 che possiamo chiamare il TCS per spiegare di cosa abbiamo bisogno e chiedere consigli su come arrivarci. I loro suggerimenti sono per il nostro interesse. Ad esempio, ora siamo in grado di utilizzare moduli online e bollettini elettronici per raccogliere e condividere rapidamente informazioni negli Stati Uniti. Pi\u00f9 funzionalit\u00e0 offre WebSuite2, pi\u00f9 decisioni prendiamo per seguirle.<br \/>\n<strong>Pro<\/strong>: La variet\u00e0 di funzionalit\u00e0 e il modo in cui funzionano tutte insieme.<br \/>\n<strong>Contro<\/strong>: Occasionalmente le impostazioni predefinite in un posto sono diverse da un&#8217;altra, quindi devo cambiarle manualmente (ma non tutte le volte).<\/p>\n<p><strong>Deneen &#8220;TCS \u00e8 la migliore societ\u00e0 di gestione di associazioni!&#8221;<\/strong><br \/>\n<strong>Commenti<\/strong>: TCS si concentra sul servizio clienti, sui servizi di qualit\u00e0 e sull&#8217;attenzione ai dettagli. Li uso per tutti e tre i clienti della mia associazione. Li consiglio vivamente.<br \/>\n<strong>Pro<\/strong>: Facile da usare; personalizzabile e facile da addestrare, funzionalit\u00e0 come gestione degli eventi, modulo di formazione continua, bollettini elettronici, ecc.<br \/>\n<strong>Contro<\/strong>: A volte i report non sono accurati se l&#8217;utente non comprende i campi univoci da estrarre.<\/p>\n<p><strong>Wesley &#8220;TCS \u00e8 il tuo miglior dipendente!&#8221;<\/strong><br \/>\n<strong>Commenti<\/strong>: TCS Software ha fornito alla nostra organizzazione un servizio clienti coerente e di qualit\u00e0, una tecnologia di prim&#8217;ordine che ci ha permesso di espandere la nostra presenza digitale e, soprattutto, il senso di sicurezza che desideravamo!<br \/>\n<strong>Pro<\/strong>: Facilit\u00e0 d&#8217;uso, flessibilit\u00e0 e coerenza.<br \/>\n<strong>Contro<\/strong>: Il modulo degli eventi \u00e8 un po&#8217; macchinoso ma comunque utilizzabile<\/p>\n","protected":false},"excerpt":{"rendered":"<p>WebSuite2 \u00e8 una soluzione di gestione delle associazioni basata su cloud, che consente di gestire il comitato, amministrare le quote, la parte finanziaria finanziaria, l&#8217;amministrazione del sito Web all&#8217;interno di una suite e offre\u00a0un portale per i membri e la loro organizzazione.<\/p>\n","protected":false},"author":19,"featured_media":68527,"parent":35837,"menu_order":0,"comment_status":"open","ping_status":"closed","template":"g1_template_page_review_new.php","meta":{"_acf_changed":false,"cwp_meta_box_check":"Yes","cwp_rev_product_name":"","cwp_rev_product_image":"","wppr_links":[],"cwp_rev_price":"0.00","wppr_options":[{"name":"Usability","value":"0"},{"name":"Speed","value":"0"},{"name":"Features","value":"0"},{"name":"Support","value":"0"},{"name":"Pricing","value":"0"}],"wppr_pros":["","","","",""],"wppr_cons":["","","","",""],"_monsterinsights_skip_tracking":false,"_monsterinsights_sitenote_active":false,"_monsterinsights_sitenote_note":"","_monsterinsights_sitenote_category":0,"footnotes":""},"categories":[1943],"tags":[4940,2008,1949,1947,1948,14206],"features":[],"class_list":{"0":"post-68512","1":"page","2":"type-page","3":"status-publish","4":"has-post-thumbnail","6":"category-gestionale-per-associazioni-categoria","7":"tag-gestionale-associazioni","8":"tag-piattaforma-gestionale-associazioni","9":"tag-programma-gestionale-associazioni","10":"tag-software-gestionale-associazioni","11":"tag-soluzione-gestionale-associazioni","12":"tag-websuite2"},"wppr_data":{"cwp_meta_box_check":"Yes","_wppr_review_template":"default","cwp_rev_product_image":"","cwp_image_link":"image","wppr_links":[],"cwp_rev_price":"0.00","wppr_pros":["","","","",""],"wppr_cons":["","","","",""],"wppr_rating":"0.00","wppr_options":{"1":{"name":"Usability","value":"0"},"2":{"name":"Speed","value":"0"},"3":{"name":"Features","value":"0"},"4":{"name":"Support","value":"0"},"5":{"name":"Pricing","value":"0"}},"wppr_review_type":"Product","wppr_review_custom_fields":{"additionalProperty":"","additionalType":"","aggregateRating":"","alternateName":"","audience":"","award":"","awards":"","brand":"","color":"","depth":"","description":"","disambiguatingDescription":"","gtin12":"","gtin13":"","gtin14":"","gtin8":"","height":"","identifier":"","image":"","isAccessoryOrSparePartFor":"","isConsumableFor":"","isRelatedTo":"","isSimilarTo":"","itemCondition":"","logo":"","mainEntityOfPage":"","manufacturer":"","material":"","model":"","mpn":"","name":"","offers":"","potentialAction":"","productID":"","productionDate":"","purchaseDate":"","releaseDate":"","review":"","reviews":"","sameAs":"","sku":"","slogan":"","subjectOf":"","url":"","weight":"","width":""}},"acf":[],"yoast_head":"<!-- This site is optimized with the Yoast SEO plugin v27.4 - https:\/\/yoast.com\/product\/yoast-seo-wordpress\/ -->\n<title>WebSuite2: recensione software gestione associazioni - AR<\/title>\n<meta name=\"description\" content=\"WebSuite2: recensione soluzione di gestione delle associazioni basata su cloud, che offre svariate funzioni per la tua attivit\u00e0.\" \/>\n<meta name=\"robots\" content=\"index, follow, max-snippet:-1, max-image-preview:large, max-video-preview:-1\" \/>\n<link rel=\"canonical\" href=\"https:\/\/www.accuratereviews.com\/it\/gestionale-per-associazioni\/websuite2-recensione\/\" \/>\n<meta property=\"og:locale\" content=\"it_IT\" \/>\n<meta property=\"og:type\" content=\"article\" \/>\n<meta property=\"og:title\" content=\"WebSuite2: recensione software gestione associazioni - AR\" \/>\n<meta property=\"og:description\" content=\"WebSuite2: recensione soluzione di gestione delle associazioni basata su cloud, che offre svariate funzioni per la tua attivit\u00e0.\" \/>\n<meta property=\"og:url\" content=\"https:\/\/www.accuratereviews.com\/it\/gestionale-per-associazioni\/websuite2-recensione\/\" \/>\n<meta property=\"og:site_name\" content=\"Accurate Reviews\" \/>\n<meta property=\"og:image\" content=\"https:\/\/www.accuratereviews.com\/wp-content\/uploads\/2023\/04\/WebSuite2.png\" \/>\n\t<meta property=\"og:image:width\" content=\"200\" \/>\n\t<meta property=\"og:image:height\" content=\"200\" \/>\n\t<meta property=\"og:image:type\" content=\"image\/png\" \/>\n<meta name=\"twitter:card\" content=\"summary_large_image\" \/>\n<meta name=\"twitter:label1\" content=\"Tempo di lettura stimato\" \/>\n\t<meta name=\"twitter:data1\" content=\"4 minuti\" \/>\n<script type=\"application\/ld+json\" class=\"yoast-schema-graph\">{\"@context\":\"https:\\\/\\\/schema.org\",\"@graph\":[{\"@type\":\"WebPage\",\"@id\":\"https:\\\/\\\/www.accuratereviews.com\\\/it\\\/gestionale-per-associazioni\\\/websuite2-recensione\\\/\",\"url\":\"https:\\\/\\\/www.accuratereviews.com\\\/it\\\/gestionale-per-associazioni\\\/websuite2-recensione\\\/\",\"name\":\"WebSuite2: recensione software gestione associazioni - AR\",\"isPartOf\":{\"@id\":\"https:\\\/\\\/www.accuratereviews.com\\\/it\\\/#website\"},\"primaryImageOfPage\":{\"@id\":\"https:\\\/\\\/www.accuratereviews.com\\\/it\\\/gestionale-per-associazioni\\\/websuite2-recensione\\\/#primaryimage\"},\"image\":{\"@id\":\"https:\\\/\\\/www.accuratereviews.com\\\/it\\\/gestionale-per-associazioni\\\/websuite2-recensione\\\/#primaryimage\"},\"thumbnailUrl\":\"https:\\\/\\\/www.accuratereviews.com\\\/wp-content\\\/uploads\\\/2023\\\/04\\\/WebSuite2.png\",\"datePublished\":\"2023-04-04T13:25:14+00:00\",\"description\":\"WebSuite2: recensione soluzione di gestione delle associazioni basata su cloud, che offre svariate funzioni per la tua attivit\u00e0.\",\"breadcrumb\":{\"@id\":\"https:\\\/\\\/www.accuratereviews.com\\\/it\\\/gestionale-per-associazioni\\\/websuite2-recensione\\\/#breadcrumb\"},\"inLanguage\":\"it-IT\",\"potentialAction\":[{\"@type\":\"ReadAction\",\"target\":[\"https:\\\/\\\/www.accuratereviews.com\\\/it\\\/gestionale-per-associazioni\\\/websuite2-recensione\\\/\"]}]},{\"@type\":\"ImageObject\",\"inLanguage\":\"it-IT\",\"@id\":\"https:\\\/\\\/www.accuratereviews.com\\\/it\\\/gestionale-per-associazioni\\\/websuite2-recensione\\\/#primaryimage\",\"url\":\"https:\\\/\\\/www.accuratereviews.com\\\/wp-content\\\/uploads\\\/2023\\\/04\\\/WebSuite2.png\",\"contentUrl\":\"https:\\\/\\\/www.accuratereviews.com\\\/wp-content\\\/uploads\\\/2023\\\/04\\\/WebSuite2.png\",\"width\":200,\"height\":200},{\"@type\":\"BreadcrumbList\",\"@id\":\"https:\\\/\\\/www.accuratereviews.com\\\/it\\\/gestionale-per-associazioni\\\/websuite2-recensione\\\/#breadcrumb\",\"itemListElement\":[{\"@type\":\"ListItem\",\"position\":1,\"name\":\"Home\",\"item\":\"https:\\\/\\\/www.accuratereviews.com\\\/it\\\/\"},{\"@type\":\"ListItem\",\"position\":2,\"name\":\"Gestionale per associazioni\",\"item\":\"https:\\\/\\\/www.accuratereviews.com\\\/it\\\/gestionale-per-associazioni\\\/\"},{\"@type\":\"ListItem\",\"position\":3,\"name\":\"WebSuite2\"}]},{\"@type\":\"WebSite\",\"@id\":\"https:\\\/\\\/www.accuratereviews.com\\\/it\\\/#website\",\"url\":\"https:\\\/\\\/www.accuratereviews.com\\\/it\\\/\",\"name\":\"Accurate Reviews\",\"description\":\"\",\"potentialAction\":[{\"@type\":\"SearchAction\",\"target\":{\"@type\":\"EntryPoint\",\"urlTemplate\":\"https:\\\/\\\/www.accuratereviews.com\\\/it\\\/?s={search_term_string}\"},\"query-input\":{\"@type\":\"PropertyValueSpecification\",\"valueRequired\":true,\"valueName\":\"search_term_string\"}}],\"inLanguage\":\"it-IT\"}]}<\/script>\n<!-- \/ Yoast SEO plugin. -->","yoast_head_json":{"title":"WebSuite2: recensione software gestione associazioni - AR","description":"WebSuite2: recensione soluzione di gestione delle associazioni basata su cloud, che offre svariate funzioni per la tua attivit\u00e0.","robots":{"index":"index","follow":"follow","max-snippet":"max-snippet:-1","max-image-preview":"max-image-preview:large","max-video-preview":"max-video-preview:-1"},"canonical":"https:\/\/www.accuratereviews.com\/it\/gestionale-per-associazioni\/websuite2-recensione\/","og_locale":"it_IT","og_type":"article","og_title":"WebSuite2: recensione software gestione associazioni - AR","og_description":"WebSuite2: recensione soluzione di gestione delle associazioni basata su cloud, che offre svariate funzioni per la tua attivit\u00e0.","og_url":"https:\/\/www.accuratereviews.com\/it\/gestionale-per-associazioni\/websuite2-recensione\/","og_site_name":"Accurate Reviews","og_image":[{"width":200,"height":200,"url":"https:\/\/www.accuratereviews.com\/wp-content\/uploads\/2023\/04\/WebSuite2.png","type":"image\/png"}],"twitter_card":"summary_large_image","twitter_misc":{"Tempo di lettura stimato":"4 minuti"},"schema":{"@context":"https:\/\/schema.org","@graph":[{"@type":"WebPage","@id":"https:\/\/www.accuratereviews.com\/it\/gestionale-per-associazioni\/websuite2-recensione\/","url":"https:\/\/www.accuratereviews.com\/it\/gestionale-per-associazioni\/websuite2-recensione\/","name":"WebSuite2: recensione software gestione associazioni - AR","isPartOf":{"@id":"https:\/\/www.accuratereviews.com\/it\/#website"},"primaryImageOfPage":{"@id":"https:\/\/www.accuratereviews.com\/it\/gestionale-per-associazioni\/websuite2-recensione\/#primaryimage"},"image":{"@id":"https:\/\/www.accuratereviews.com\/it\/gestionale-per-associazioni\/websuite2-recensione\/#primaryimage"},"thumbnailUrl":"https:\/\/www.accuratereviews.com\/wp-content\/uploads\/2023\/04\/WebSuite2.png","datePublished":"2023-04-04T13:25:14+00:00","description":"WebSuite2: recensione soluzione di gestione delle associazioni basata su cloud, che offre svariate funzioni per la tua attivit\u00e0.","breadcrumb":{"@id":"https:\/\/www.accuratereviews.com\/it\/gestionale-per-associazioni\/websuite2-recensione\/#breadcrumb"},"inLanguage":"it-IT","potentialAction":[{"@type":"ReadAction","target":["https:\/\/www.accuratereviews.com\/it\/gestionale-per-associazioni\/websuite2-recensione\/"]}]},{"@type":"ImageObject","inLanguage":"it-IT","@id":"https:\/\/www.accuratereviews.com\/it\/gestionale-per-associazioni\/websuite2-recensione\/#primaryimage","url":"https:\/\/www.accuratereviews.com\/wp-content\/uploads\/2023\/04\/WebSuite2.png","contentUrl":"https:\/\/www.accuratereviews.com\/wp-content\/uploads\/2023\/04\/WebSuite2.png","width":200,"height":200},{"@type":"BreadcrumbList","@id":"https:\/\/www.accuratereviews.com\/it\/gestionale-per-associazioni\/websuite2-recensione\/#breadcrumb","itemListElement":[{"@type":"ListItem","position":1,"name":"Home","item":"https:\/\/www.accuratereviews.com\/it\/"},{"@type":"ListItem","position":2,"name":"Gestionale per associazioni","item":"https:\/\/www.accuratereviews.com\/it\/gestionale-per-associazioni\/"},{"@type":"ListItem","position":3,"name":"WebSuite2"}]},{"@type":"WebSite","@id":"https:\/\/www.accuratereviews.com\/it\/#website","url":"https:\/\/www.accuratereviews.com\/it\/","name":"Accurate Reviews","description":"","potentialAction":[{"@type":"SearchAction","target":{"@type":"EntryPoint","urlTemplate":"https:\/\/www.accuratereviews.com\/it\/?s={search_term_string}"},"query-input":{"@type":"PropertyValueSpecification","valueRequired":true,"valueName":"search_term_string"}}],"inLanguage":"it-IT"}]}},"_links":{"self":[{"href":"https:\/\/www.accuratereviews.com\/it\/wp-json\/wp\/v2\/pages\/68512","targetHints":{"allow":["GET"]}}],"collection":[{"href":"https:\/\/www.accuratereviews.com\/it\/wp-json\/wp\/v2\/pages"}],"about":[{"href":"https:\/\/www.accuratereviews.com\/it\/wp-json\/wp\/v2\/types\/page"}],"author":[{"embeddable":true,"href":"https:\/\/www.accuratereviews.com\/it\/wp-json\/wp\/v2\/users\/19"}],"replies":[{"embeddable":true,"href":"https:\/\/www.accuratereviews.com\/it\/wp-json\/wp\/v2\/comments?post=68512"}],"version-history":[{"count":8,"href":"https:\/\/www.accuratereviews.com\/it\/wp-json\/wp\/v2\/pages\/68512\/revisions"}],"predecessor-version":[{"id":68548,"href":"https:\/\/www.accuratereviews.com\/it\/wp-json\/wp\/v2\/pages\/68512\/revisions\/68548"}],"up":[{"embeddable":true,"href":"https:\/\/www.accuratereviews.com\/it\/wp-json\/wp\/v2\/pages\/35837"}],"wp:featuredmedia":[{"embeddable":true,"href":"https:\/\/www.accuratereviews.com\/it\/wp-json\/wp\/v2\/media\/68527"}],"wp:attachment":[{"href":"https:\/\/www.accuratereviews.com\/it\/wp-json\/wp\/v2\/media?parent=68512"}],"wp:term":[{"taxonomy":"category","embeddable":true,"href":"https:\/\/www.accuratereviews.com\/it\/wp-json\/wp\/v2\/categories?post=68512"},{"taxonomy":"post_tag","embeddable":true,"href":"https:\/\/www.accuratereviews.com\/it\/wp-json\/wp\/v2\/tags?post=68512"},{"taxonomy":"features","embeddable":true,"href":"https:\/\/www.accuratereviews.com\/it\/wp-json\/wp\/v2\/features?post=68512"}],"curies":[{"name":"wp","href":"https:\/\/api.w.org\/{rel}","templated":true}]}}