{"id":68611,"date":"2023-04-06T12:38:08","date_gmt":"2023-04-06T12:38:08","guid":{"rendered":"https:\/\/www.accuratereviews.com\/?page_id=68611"},"modified":"2023-04-07T10:38:30","modified_gmt":"2023-04-07T10:38:30","slug":"sitejabber-recensione","status":"publish","type":"page","link":"https:\/\/www.accuratereviews.com\/it\/software-gestione-recensioni\/sitejabber-recensione\/","title":{"rendered":"Sitejabber"},"content":{"rendered":"<p><strong>Sitjabber<\/strong> \u00e8 un <strong>software di gestione recensioni<\/strong> che ti aiuta a far crescere il tuo business, aumentando il numero di visitatori e le conversioni, migliorando la tua strategia marketing e trasformando i tuoi clienti felici in veri e propri sostenitori del tuo marchio.\u00a0Grazie a questa soluzione sarai in grado di costruire un rapporto di fiducia con i consumatori che, fidandosi di te, del tuo prodotto e dei giudizi degli altri clienti, acquisteranno con pi\u00f9 tranquillit\u00e0.<br \/>\nEssendo <strong>Sitjabber <\/strong>un partner ufficiale certificato per le recensioni di Google, non dovrete pi\u00f9 preoccuparvi di Google Ads perch\u00e9 avrete gi\u00e0 tutto a disposizione e automatizzato.<\/p>\n<h2>SITEJABBER &#8211; TUTORIAL<\/h2>\n<div id=\"fluid-wrapper-counter-1\" class=\"g1-fluid-wrapper \" style=\"width:686px;\">\n<div style=\"padding-bottom:56.268221574344%;\"><iframe loading=\"lazy\" title=\"How to embed Sitejabber reviews on website? #embed #sitejabber #reviews #website #widget\" width=\"686\" height=\"386\" src=\"https:\/\/www.youtube.com\/embed\/YgoxHt0Vigo?feature=oembed&amp;wmode=transparent&amp;autohide=1&amp;autoplay=0&amp;disablekb=0&amp;fs=1&amp;loop=0&amp;enablejsapi=1&amp;rel=0&amp;controls=2&amp;showinfo=0&amp;wmode=transparent&amp;autohide=2&amp;autoplay=0&amp;disablekb=0&amp;fs=1&amp;loop=0&amp;enablejsapi=1&amp;rel=0&amp;controls=2&amp;showinfo=1\" frameborder=\"0\" allow=\"accelerometer; autoplay; clipboard-write; encrypted-media; gyroscope; picture-in-picture; web-share\" allowfullscreen><\/iframe><\/div>\n<\/div>\n<h3>SITEJABBER &#8211; CARATTERISTICHE<\/h3>\n<ul>\n<li><strong>Widget per la raccolta di recensioni<\/strong>: consentono ai clienti di lasciare recensioni direttamente dal tuo sito web.<\/li>\n<li><strong>Integrazioni di terze parti<\/strong>: invia automaticamente le richieste di recensione dal tuo CRM, dalla tua piattaforma di ecommerce o dal tuo client di posta elettronica grazie alle integrazioni predefinite.<\/li>\n<li><strong>Richieste automatiche<\/strong>: invia automaticamente un&#8217;email di richiesta di recensione completamente personalizzabile dopo che i tuoi clienti hanno effettuato un acquisto.<\/li>\n<li><strong>Elenchi di clienti<\/strong>: ottieni immediatamente recensioni invitando i clienti precedenti a lasciare una recensione.<\/li>\n<li><strong>Feedback istantaneo<\/strong>: consenti ai tuoi clienti di scrivere una recensione subito dopo aver effettuato un acquisto, prima che lascino il tuo sito.<\/li>\n<li><strong>Link per le recensioni aziendali<\/strong>: invia semplicemente un link unico e sicuro ai tuoi clienti via e-mail.<\/li>\n<li><strong>API per la richiesta di recensioni<\/strong>: completa flessibilit\u00e0 nella raccolta delle recensioni grazie all&#8217;integrazione diretta con l&#8217;API.<\/li>\n<li><strong>Vetrina delle recensioni<\/strong>: dai ai tuoi clienti la fiducia di cui hanno bisogno per acquistare e incrementa le vendite mostrando le tue recensioni migliori direttamente sul tuo sito web con i widget delle recensioni.<\/li>\n<li><strong>Strumenti di marketing<\/strong>: fornisce gli strumenti per potenziare la tua strategia di marketing digitale e aumentare i CTR, i tassi di conversione e le vendite.<\/li>\n<li><strong>Esposizione del marchio<\/strong>: aumenta l&#8217;esposizione del tuo marchio e crea consapevolezza della tua attivit\u00e0 attraverso la tua pagina di recensioni Sitejabber, che migliora il tuo SEO e riceve milioni di impressioni mensili.<\/li>\n<li><strong>Social media<\/strong>: condividi le tue recensioni migliori sui social media con un solo clic e con una tecnologia automatizzata.<\/li>\n<li><strong>Moderazione<\/strong>: ti offre il modo migliore per entrare in contatto con i tuoi clienti, rispondendo alle loro recensioni e ai loro messaggi in tempo reale.<\/li>\n<li><strong>Analisi dei dati<\/strong>: la reportistica integrata fornisce una visione completa della raccolta dei dati in modo semplice e fruibile. Traccia la provenienza delle recensioni, la valutazione in stelle e tutte le attivit\u00e0 di recensione nella dashboard di facile utilizzo.<\/li>\n<li><strong>Integrazioni con le app<\/strong>: i commercianti di BigCommerce, Shopify, Magento e quelli che utilizzano Quickbooks possono raccogliere facilmente le recensioni dei prodotti e dell&#8217;azienda grazie alle partnership personalizzate.<\/li>\n<\/ul>\n<h4>LE RECENSIONI DEGLI UTENTI<\/h4>\n<p><strong>Tomer &#8220;Ottimo sito di recensioni&#8221;<\/strong><br \/>\nCommenti: in generale un buon servizio affidabile che \u00e8 presente da molto tempo<br \/>\nPro: Stiamo utilizzando il loro piano gratuito, ma questo piano fornisce comunque buone opzioni su come gestire le recensioni negative<br \/>\nContro: il loro\u00a0sistema di monitoraggio delle recensioni false non funziona sempre.<\/p>\n<p><strong>Francois &#8220;Recensione Sitejabber&#8221;<\/strong><br \/>\nPro: Facile da usare e abbastanza facile da configurare.<br \/>\nContro: L&#8217;aggiornamento della versione pro \u00e8 estremamente costoso &#8211; Il tasso di cambio tra ZAR e dollaro rende l&#8217;aggiornamento inaccessibile per una piccola impresa. Forse potreste prendere in considerazione prezzi speciali per i Paesi con tassi di cambio bassi.<\/p>\n<p><strong>Mateo &#8220;Ottimo strumento!&#8221;<\/strong><br \/>\nCommenti: Utilizzo Sitejabber per raccogliere recensioni per la mia piccola azienda da un anno e sono molto soddisfatto.<br \/>\nPro: Una volta configurato, funziona da solo. C&#8217;\u00e8 pochissimo lavoro da fare dopo aver installato le loro funzioni.<br \/>\nContro: L&#8217;installazione \u00e8 stata un po&#8217; difficile per me, che non ho molta esperienza di codifica. Tuttavia, sono stato aiutato da Sitejabber in ogni fase del processo. All&#8217;inizio era intimidatorio, ma alla fine \u00e8 stato un processo molto semplice.<\/p>\n","protected":false},"excerpt":{"rendered":"<p>Sitjabber \u00e8 un software di gestione recensioni che ti aiuta a far crescere il tuo business, aumentando il numero di visitatori e le conversioni, migliorando la tua strategia marketing e trasformando i tuoi clienti felici in veri e propri sostenitori del tuo marchio.\u00a0Grazie a questa soluzione sarai in grado di costruire un rapporto di fiducia con i consumatori che, fidandosi di te, del tuo prodotto e dei giudizi degli altri clienti, acquisteranno con pi\u00f9 tranquillit\u00e0.<\/p>\n","protected":false},"author":17,"featured_media":68612,"parent":60645,"menu_order":0,"comment_status":"open","ping_status":"closed","template":"g1_template_page_review_new.php","meta":{"_acf_changed":false,"cwp_meta_box_check":"No","cwp_rev_product_name":"","cwp_rev_product_image":"","wppr_links":[],"cwp_rev_price":"","wppr_options":[],"wppr_pros":[],"wppr_cons":[],"_monsterinsights_skip_tracking":false,"_monsterinsights_sitenote_active":false,"_monsterinsights_sitenote_note":"","_monsterinsights_sitenote_category":0,"footnotes":""},"categories":[13158],"tags":[13226,13212,13249,13246],"features":[],"class_list":{"0":"post-68611","1":"page","2":"type-page","3":"status-publish","4":"has-post-thumbnail","6":"category-software-per-la-gestione-delle-recensioni","7":"tag-gestionale-recensioni","8":"tag-piattaforma-gestione-recensioni","9":"tag-programma-di-gestione-recensioni","10":"tag-software-di-gestione-recensioni"},"wppr_data":{"cwp_meta_box_check":"No"},"acf":[],"yoast_head":"<!-- This site is optimized with the Yoast SEO plugin v27.4 - https:\/\/yoast.com\/product\/yoast-seo-wordpress\/ -->\n<title>Sitejabber: software gestione recensioni - Accurate Reviews<\/title>\n<meta name=\"description\" content=\"Sitjabber: software di gestione recensioni che ti aiuta a far crescere il tuo business, aumentando il numero di visitatori e le conversioni.\" \/>\n<meta name=\"robots\" content=\"index, follow, max-snippet:-1, max-image-preview:large, max-video-preview:-1\" \/>\n<link rel=\"canonical\" href=\"https:\/\/www.accuratereviews.com\/it\/software-gestione-recensioni\/sitejabber-recensione\/\" \/>\n<meta property=\"og:locale\" content=\"it_IT\" \/>\n<meta property=\"og:type\" content=\"article\" \/>\n<meta property=\"og:title\" content=\"Sitejabber: software gestione recensioni - Accurate Reviews\" \/>\n<meta property=\"og:description\" content=\"Sitjabber: software di gestione recensioni che ti aiuta a far crescere il tuo business, aumentando il numero di visitatori e le conversioni.\" \/>\n<meta property=\"og:url\" content=\"https:\/\/www.accuratereviews.com\/it\/software-gestione-recensioni\/sitejabber-recensione\/\" \/>\n<meta property=\"og:site_name\" content=\"Accurate Reviews\" \/>\n<meta property=\"article:modified_time\" content=\"2023-04-07T10:38:30+00:00\" \/>\n<meta property=\"og:image\" content=\"https:\/\/www.accuratereviews.com\/wp-content\/uploads\/2023\/04\/logo_padded.png\" \/>\n\t<meta property=\"og:image:width\" content=\"1130\" \/>\n\t<meta property=\"og:image:height\" content=\"285\" \/>\n\t<meta property=\"og:image:type\" content=\"image\/png\" \/>\n<meta name=\"twitter:card\" content=\"summary_large_image\" \/>\n<meta name=\"twitter:label1\" content=\"Tempo di lettura stimato\" \/>\n\t<meta name=\"twitter:data1\" content=\"4 minuti\" \/>\n<script type=\"application\/ld+json\" class=\"yoast-schema-graph\">{\"@context\":\"https:\\\/\\\/schema.org\",\"@graph\":[{\"@type\":\"WebPage\",\"@id\":\"https:\\\/\\\/www.accuratereviews.com\\\/it\\\/software-gestione-recensioni\\\/sitejabber-recensione\\\/\",\"url\":\"https:\\\/\\\/www.accuratereviews.com\\\/it\\\/software-gestione-recensioni\\\/sitejabber-recensione\\\/\",\"name\":\"Sitejabber: software gestione recensioni - Accurate Reviews\",\"isPartOf\":{\"@id\":\"https:\\\/\\\/www.accuratereviews.com\\\/it\\\/#website\"},\"primaryImageOfPage\":{\"@id\":\"https:\\\/\\\/www.accuratereviews.com\\\/it\\\/software-gestione-recensioni\\\/sitejabber-recensione\\\/#primaryimage\"},\"image\":{\"@id\":\"https:\\\/\\\/www.accuratereviews.com\\\/it\\\/software-gestione-recensioni\\\/sitejabber-recensione\\\/#primaryimage\"},\"thumbnailUrl\":\"https:\\\/\\\/www.accuratereviews.com\\\/wp-content\\\/uploads\\\/2023\\\/04\\\/logo_padded.png\",\"datePublished\":\"2023-04-06T12:38:08+00:00\",\"dateModified\":\"2023-04-07T10:38:30+00:00\",\"description\":\"Sitjabber: software di gestione recensioni che ti aiuta a far crescere il tuo business, aumentando il numero di visitatori e le conversioni.\",\"breadcrumb\":{\"@id\":\"https:\\\/\\\/www.accuratereviews.com\\\/it\\\/software-gestione-recensioni\\\/sitejabber-recensione\\\/#breadcrumb\"},\"inLanguage\":\"it-IT\",\"potentialAction\":[{\"@type\":\"ReadAction\",\"target\":[\"https:\\\/\\\/www.accuratereviews.com\\\/it\\\/software-gestione-recensioni\\\/sitejabber-recensione\\\/\"]}]},{\"@type\":\"ImageObject\",\"inLanguage\":\"it-IT\",\"@id\":\"https:\\\/\\\/www.accuratereviews.com\\\/it\\\/software-gestione-recensioni\\\/sitejabber-recensione\\\/#primaryimage\",\"url\":\"https:\\\/\\\/www.accuratereviews.com\\\/wp-content\\\/uploads\\\/2023\\\/04\\\/logo_padded.png\",\"contentUrl\":\"https:\\\/\\\/www.accuratereviews.com\\\/wp-content\\\/uploads\\\/2023\\\/04\\\/logo_padded.png\",\"width\":1130,\"height\":285},{\"@type\":\"BreadcrumbList\",\"@id\":\"https:\\\/\\\/www.accuratereviews.com\\\/it\\\/software-gestione-recensioni\\\/sitejabber-recensione\\\/#breadcrumb\",\"itemListElement\":[{\"@type\":\"ListItem\",\"position\":1,\"name\":\"Home\",\"item\":\"https:\\\/\\\/www.accuratereviews.com\\\/it\\\/\"},{\"@type\":\"ListItem\",\"position\":2,\"name\":\"Software per la gestione delle recensioni\",\"item\":\"https:\\\/\\\/www.accuratereviews.com\\\/it\\\/software-gestione-recensioni\\\/\"},{\"@type\":\"ListItem\",\"position\":3,\"name\":\"Sitejabber\"}]},{\"@type\":\"WebSite\",\"@id\":\"https:\\\/\\\/www.accuratereviews.com\\\/it\\\/#website\",\"url\":\"https:\\\/\\\/www.accuratereviews.com\\\/it\\\/\",\"name\":\"Accurate Reviews\",\"description\":\"\",\"potentialAction\":[{\"@type\":\"SearchAction\",\"target\":{\"@type\":\"EntryPoint\",\"urlTemplate\":\"https:\\\/\\\/www.accuratereviews.com\\\/it\\\/?s={search_term_string}\"},\"query-input\":{\"@type\":\"PropertyValueSpecification\",\"valueRequired\":true,\"valueName\":\"search_term_string\"}}],\"inLanguage\":\"it-IT\"}]}<\/script>\n<!-- \/ Yoast SEO plugin. -->","yoast_head_json":{"title":"Sitejabber: software gestione recensioni - Accurate Reviews","description":"Sitjabber: software di gestione recensioni che ti aiuta a far crescere il tuo business, aumentando il numero di visitatori e le conversioni.","robots":{"index":"index","follow":"follow","max-snippet":"max-snippet:-1","max-image-preview":"max-image-preview:large","max-video-preview":"max-video-preview:-1"},"canonical":"https:\/\/www.accuratereviews.com\/it\/software-gestione-recensioni\/sitejabber-recensione\/","og_locale":"it_IT","og_type":"article","og_title":"Sitejabber: software gestione recensioni - Accurate Reviews","og_description":"Sitjabber: software di gestione recensioni che ti aiuta a far crescere il tuo business, aumentando il numero di visitatori e le conversioni.","og_url":"https:\/\/www.accuratereviews.com\/it\/software-gestione-recensioni\/sitejabber-recensione\/","og_site_name":"Accurate Reviews","article_modified_time":"2023-04-07T10:38:30+00:00","og_image":[{"width":1130,"height":285,"url":"https:\/\/www.accuratereviews.com\/wp-content\/uploads\/2023\/04\/logo_padded.png","type":"image\/png"}],"twitter_card":"summary_large_image","twitter_misc":{"Tempo di lettura stimato":"4 minuti"},"schema":{"@context":"https:\/\/schema.org","@graph":[{"@type":"WebPage","@id":"https:\/\/www.accuratereviews.com\/it\/software-gestione-recensioni\/sitejabber-recensione\/","url":"https:\/\/www.accuratereviews.com\/it\/software-gestione-recensioni\/sitejabber-recensione\/","name":"Sitejabber: software gestione recensioni - Accurate Reviews","isPartOf":{"@id":"https:\/\/www.accuratereviews.com\/it\/#website"},"primaryImageOfPage":{"@id":"https:\/\/www.accuratereviews.com\/it\/software-gestione-recensioni\/sitejabber-recensione\/#primaryimage"},"image":{"@id":"https:\/\/www.accuratereviews.com\/it\/software-gestione-recensioni\/sitejabber-recensione\/#primaryimage"},"thumbnailUrl":"https:\/\/www.accuratereviews.com\/wp-content\/uploads\/2023\/04\/logo_padded.png","datePublished":"2023-04-06T12:38:08+00:00","dateModified":"2023-04-07T10:38:30+00:00","description":"Sitjabber: software di gestione recensioni che ti aiuta a far crescere il tuo business, aumentando il numero di visitatori e le conversioni.","breadcrumb":{"@id":"https:\/\/www.accuratereviews.com\/it\/software-gestione-recensioni\/sitejabber-recensione\/#breadcrumb"},"inLanguage":"it-IT","potentialAction":[{"@type":"ReadAction","target":["https:\/\/www.accuratereviews.com\/it\/software-gestione-recensioni\/sitejabber-recensione\/"]}]},{"@type":"ImageObject","inLanguage":"it-IT","@id":"https:\/\/www.accuratereviews.com\/it\/software-gestione-recensioni\/sitejabber-recensione\/#primaryimage","url":"https:\/\/www.accuratereviews.com\/wp-content\/uploads\/2023\/04\/logo_padded.png","contentUrl":"https:\/\/www.accuratereviews.com\/wp-content\/uploads\/2023\/04\/logo_padded.png","width":1130,"height":285},{"@type":"BreadcrumbList","@id":"https:\/\/www.accuratereviews.com\/it\/software-gestione-recensioni\/sitejabber-recensione\/#breadcrumb","itemListElement":[{"@type":"ListItem","position":1,"name":"Home","item":"https:\/\/www.accuratereviews.com\/it\/"},{"@type":"ListItem","position":2,"name":"Software per la gestione delle recensioni","item":"https:\/\/www.accuratereviews.com\/it\/software-gestione-recensioni\/"},{"@type":"ListItem","position":3,"name":"Sitejabber"}]},{"@type":"WebSite","@id":"https:\/\/www.accuratereviews.com\/it\/#website","url":"https:\/\/www.accuratereviews.com\/it\/","name":"Accurate Reviews","description":"","potentialAction":[{"@type":"SearchAction","target":{"@type":"EntryPoint","urlTemplate":"https:\/\/www.accuratereviews.com\/it\/?s={search_term_string}"},"query-input":{"@type":"PropertyValueSpecification","valueRequired":true,"valueName":"search_term_string"}}],"inLanguage":"it-IT"}]}},"_links":{"self":[{"href":"https:\/\/www.accuratereviews.com\/it\/wp-json\/wp\/v2\/pages\/68611","targetHints":{"allow":["GET"]}}],"collection":[{"href":"https:\/\/www.accuratereviews.com\/it\/wp-json\/wp\/v2\/pages"}],"about":[{"href":"https:\/\/www.accuratereviews.com\/it\/wp-json\/wp\/v2\/types\/page"}],"author":[{"embeddable":true,"href":"https:\/\/www.accuratereviews.com\/it\/wp-json\/wp\/v2\/users\/17"}],"replies":[{"embeddable":true,"href":"https:\/\/www.accuratereviews.com\/it\/wp-json\/wp\/v2\/comments?post=68611"}],"version-history":[{"count":5,"href":"https:\/\/www.accuratereviews.com\/it\/wp-json\/wp\/v2\/pages\/68611\/revisions"}],"predecessor-version":[{"id":68669,"href":"https:\/\/www.accuratereviews.com\/it\/wp-json\/wp\/v2\/pages\/68611\/revisions\/68669"}],"up":[{"embeddable":true,"href":"https:\/\/www.accuratereviews.com\/it\/wp-json\/wp\/v2\/pages\/60645"}],"wp:featuredmedia":[{"embeddable":true,"href":"https:\/\/www.accuratereviews.com\/it\/wp-json\/wp\/v2\/media\/68612"}],"wp:attachment":[{"href":"https:\/\/www.accuratereviews.com\/it\/wp-json\/wp\/v2\/media?parent=68611"}],"wp:term":[{"taxonomy":"category","embeddable":true,"href":"https:\/\/www.accuratereviews.com\/it\/wp-json\/wp\/v2\/categories?post=68611"},{"taxonomy":"post_tag","embeddable":true,"href":"https:\/\/www.accuratereviews.com\/it\/wp-json\/wp\/v2\/tags?post=68611"},{"taxonomy":"features","embeddable":true,"href":"https:\/\/www.accuratereviews.com\/it\/wp-json\/wp\/v2\/features?post=68611"}],"curies":[{"name":"wp","href":"https:\/\/api.w.org\/{rel}","templated":true}]}}