{"id":68623,"date":"2023-04-06T12:55:28","date_gmt":"2023-04-06T12:55:28","guid":{"rendered":"https:\/\/www.accuratereviews.com\/?page_id=68623"},"modified":"2023-04-06T12:55:28","modified_gmt":"2023-04-06T12:55:28","slug":"quorum-recensione","status":"publish","type":"page","link":"https:\/\/www.accuratereviews.com\/it\/gestionale-per-associazioni\/quorum-recensione\/","title":{"rendered":"Quorum"},"content":{"rendered":"<p><strong>Quorum<\/strong> \u00e8 una soluzione basata su <strong>cloud<\/strong>, progettata per aiutare i professionisti delle relazioni pubbliche a <strong>gestire i processi per coinvolgere i sostenitori <\/strong>delle tue cause. Utilizza annunci lead di Facebook\/LinkedIn, messaggi di testo in entrata e strumenti di comunicazione personalizzati. Le caratteristiche principali includono la gestione delle campagne, la difesa dei clienti, il monitoraggio della legislazione, l&#8217;impegno sociale e la gestione dei sostenitori.<br \/>\nI team che utilizzano <strong>Quorum<\/strong> possono ampliare la propria rete per acquisire nuovi sostenitori promuovendo le iscrizioni tramite newsletter e trovando\/registrando sostenitori sui social media. Inoltre consente agli utenti di creare siti web personalizzati o incorporare vari strumenti di coinvolgimento in pagine web esistenti come singole campagne, profili di problemi, moduli di iscrizione e altro. La piattaforma centralizzata memorizza gli elenchi dei sostenitori e li mappa in base al livello di coinvolgimento e ai distretti legislativi, consentendo alle imprese di costruire campagne mirate.<\/p>\n<h2>QUORUM &#8211; TUTORIAL<\/h2>\n<div id=\"fluid-wrapper-counter-1\" class=\"g1-fluid-wrapper \" style=\"width:686px;\">\n<div style=\"padding-bottom:56.268221574344%;\"><iframe loading=\"lazy\" title=\"Workshop: Not Your Average News Monitoring Tool\" width=\"515\" height=\"386\" src=\"https:\/\/www.youtube.com\/embed\/ve2gRLuWW0c?feature=oembed&amp;wmode=transparent&amp;autohide=1&amp;autoplay=0&amp;disablekb=0&amp;fs=1&amp;loop=0&amp;enablejsapi=1&amp;rel=0&amp;controls=2&amp;showinfo=0&amp;wmode=transparent&amp;autohide=2&amp;autoplay=0&amp;disablekb=0&amp;fs=1&amp;loop=0&amp;enablejsapi=1&amp;rel=0&amp;controls=2&amp;showinfo=1\" frameborder=\"0\" allow=\"accelerometer; autoplay; clipboard-write; encrypted-media; gyroscope; picture-in-picture; web-share\" allowfullscreen><\/iframe><\/div>\n<\/div>\n<h3>QUORUM &#8211; CARATTERISTICHE<\/h3>\n<ul>\n<li><strong>Rimani in prima linea nel cambiamento:<\/strong> sii il primo a conoscere gli aggiornamenti legislativi con notifiche istantanee e dashboard di tracciamento che si aggiornano automaticamente con qualsiasi nuova informazione che corrisponda alle tue parole chiave e aree problematiche\u00a0per prendere le decisioni informate.<\/li>\n<li><strong>Segui le conversazioni online<\/strong>: segui come la tua organizzazione e i tuoi problemi vengono discussi dai funzionari legislativi, stai al passo con le notizie emergenti e rispondi rapidamente agli sviluppi che potrebbero avere un impatto su di te.<br \/>\nMappatura delle relazioni e coinvolgimento identifica in modo efficace nuovi campioni legislativi con un database di oltre 240.000 membri del personale legislativo e di agenzia a tutti i livelli di governo, basato su KnowWho.\u00a0Identifica i funzionari e il personale in base al loro ufficio, titolo, regione o comitato e connettiti con messaggi personalizzati attraverso la piattaforma di posta elettronica integrata.<\/li>\n<li><strong>Segnala facilmente i tuoi sforzi<\/strong>: i\u00a0fogli automatizzati ti consentono di collaborare come una squadra e condividere con le parti interessate: confronta facilmente le informazioni aggiornate per identificare i campioni chiave, monitorare le tendenze, riferire sui progressi e quantificare l&#8217;efficacia della tua strategia.<\/li>\n<li><strong>Raggiungi i legislatori con messaggi<\/strong>: metti in contatto le persone con legislatori federali, statali, locali o internazionali con messaggi personalizzati. Scegli gli obiettivi per agenzia di regolamentazione, distretti, commissioni, camera legislativa, commissione, partito o altri obiettivi personalizzati.<\/li>\n<li><strong>Esegui campagne basate sui dati con sicurezza:<\/strong> ottimizza le prestazioni delle campagne con una suite di rapporti completa che include le prestazioni delle campagne di advocacy, i migliori sostenitori che agiscono, i progressi verso un obiettivo e le principali fonti di crescita. Stupisci il tuo team con riepiloghi esecutivi su misura sulle prestazioni e sul coinvolgimento di base.<\/li>\n<li><strong>Fai crescere la tua base di sostenitori per dare vita al tuo messaggio<\/strong>: acquisisci nuovi sostenitori con messaggi di testo in entrata, petizioni e moduli di iscrizione. Mantienili coinvolti tutto l&#8217;anno con l&#8217;email integrata e promuovi un&#8217;azione di risposta rapida con i messaggi di testo. Coinvolgi nuovamente i sostenitori con potenti strumenti di condivisione sui social e di acquisizione di Facebook.<\/li>\n<\/ul>\n<h4>LE RECENSIONI DEGLI UTENTI<\/h4>\n<p class=\"fw-bold mb-2\"><strong>Katie &#8220;La transizione del quorum&#8221;<\/strong><br \/>\n<strong>Pro<\/strong>:\u00a0Approccio sfaccettato e di facile utilizzo per monitorare l&#8217;attivit\u00e0 dei difensori, sfruttare le priorit\u00e0 di advocacy, interagire con i legislatori e i loro uffici e visualizzare set di dati professionali.<br \/>\n<strong>Contro<\/strong>:\u00a0Sicuramente pi\u00f9 costoso di altri fornitori e, a volte, vengono discusse e\/o promesse funzionalit\u00e0 che non vengono fornite come descritto.<\/p>\n<p class=\"fw-bold mb-2\"><strong>Megan &#8220;Recensione quorum: funzionalit\u00e0 che forniscono valore&#8221;<\/strong><br \/>\n<strong>Pro<\/strong>: L&#8217;integrazione \u00e8 stata molto semplice e veloce. Hanno un centro risorse completo. Le funzionalit\u00e0 di tracciamento aggiuntive offrono un grande valore per il nostro negozio GR pi\u00f9 piccolo e ci consentono di lavorare in modo pi\u00f9 efficiente.<br \/>\n<strong>Contro<\/strong>: C&#8217;\u00e8 un po&#8217; di curva di apprendimento con il sistema e richiede un po&#8217; di allenamento prima che tu sia in grado di ottenere il massimo da tutte le funzionalit\u00e0.<\/p>\n<p class=\"fw-bold mb-2\"><strong>Kara &#8220;Amo Quorum!&#8221;<\/strong><br \/>\n<strong>Pro<\/strong>: Facilit\u00e0 d&#8217;uso su tutti i componenti aggiuntivi e un eccellente servizio clienti.<br \/>\n<strong>Contro<\/strong>: Vorrei che ci fossero pi\u00f9 funzionalit\u00e0 negli strumenti statali e locali.<\/p>\n","protected":false},"excerpt":{"rendered":"<p>Quorum \u00e8 una soluzione basata su cloud progettata per aiutare i professionisti delle relazioni pubbliche a gestire i processi per coinvolgere i sostenitori per promuovere varie cause utilizzando annunci lead di Facebook\/LinkedIn, messaggi di testo in entrata e strumenti di comunicazione personalizzati.<\/p>\n","protected":false},"author":19,"featured_media":68624,"parent":35837,"menu_order":0,"comment_status":"open","ping_status":"closed","template":"g1_template_page_review_new.php","meta":{"_acf_changed":false,"cwp_meta_box_check":"Yes","cwp_rev_product_name":"","cwp_rev_product_image":"","wppr_links":[],"cwp_rev_price":"0.00","wppr_options":[{"name":"Usability","value":"0"},{"name":"Speed","value":"0"},{"name":"Features","value":"0"},{"name":"Support","value":"0"},{"name":"Pricing","value":"0"}],"wppr_pros":["","","","",""],"wppr_cons":["","","","",""],"_monsterinsights_skip_tracking":false,"_monsterinsights_sitenote_active":false,"_monsterinsights_sitenote_note":"","_monsterinsights_sitenote_category":0,"footnotes":""},"categories":[1943],"tags":[4940,2008,1949,14212,1947,1948],"features":[],"class_list":{"0":"post-68623","1":"page","2":"type-page","3":"status-publish","4":"has-post-thumbnail","6":"category-gestionale-per-associazioni-categoria","7":"tag-gestionale-associazioni","8":"tag-piattaforma-gestionale-associazioni","9":"tag-programma-gestionale-associazioni","10":"tag-quorum","11":"tag-software-gestionale-associazioni","12":"tag-soluzione-gestionale-associazioni"},"wppr_data":{"cwp_meta_box_check":"Yes","_wppr_review_template":"default","cwp_rev_product_image":"","cwp_image_link":"image","wppr_links":[],"cwp_rev_price":"0.00","wppr_pros":["","","","",""],"wppr_cons":["","","","",""],"wppr_rating":"0.00","wppr_options":{"1":{"name":"Usability","value":"0"},"2":{"name":"Speed","value":"0"},"3":{"name":"Features","value":"0"},"4":{"name":"Support","value":"0"},"5":{"name":"Pricing","value":"0"}},"wppr_review_type":"Product","wppr_review_custom_fields":{"additionalProperty":"","additionalType":"","aggregateRating":"","alternateName":"","audience":"","award":"","awards":"","brand":"","color":"","depth":"","description":"","disambiguatingDescription":"","gtin12":"","gtin13":"","gtin14":"","gtin8":"","height":"","identifier":"","image":"","isAccessoryOrSparePartFor":"","isConsumableFor":"","isRelatedTo":"","isSimilarTo":"","itemCondition":"","logo":"","mainEntityOfPage":"","manufacturer":"","material":"","model":"","mpn":"","name":"","offers":"","potentialAction":"","productID":"","productionDate":"","purchaseDate":"","releaseDate":"","review":"","reviews":"","sameAs":"","sku":"","slogan":"","subjectOf":"","url":"","weight":"","width":""}},"acf":[],"yoast_head":"<!-- This site is optimized with the Yoast SEO plugin v27.4 - https:\/\/yoast.com\/product\/yoast-seo-wordpress\/ -->\n<title>Quorum: recensione gestionale associazioni - Accurate Reviews<\/title>\n<meta name=\"description\" content=\"Quorum: recensione soluzione basata su cloud progettata per aiutare a gestire i processi per coinvolgere i sostenitori delle tue cause.\" \/>\n<meta name=\"robots\" content=\"index, follow, max-snippet:-1, max-image-preview:large, max-video-preview:-1\" \/>\n<link rel=\"canonical\" href=\"https:\/\/www.accuratereviews.com\/it\/gestionale-per-associazioni\/quorum-recensione\/\" \/>\n<meta property=\"og:locale\" content=\"it_IT\" \/>\n<meta property=\"og:type\" content=\"article\" \/>\n<meta property=\"og:title\" content=\"Quorum: recensione gestionale associazioni - Accurate Reviews\" \/>\n<meta property=\"og:description\" content=\"Quorum: recensione soluzione basata su cloud progettata per aiutare a gestire i processi per coinvolgere i sostenitori delle tue cause.\" \/>\n<meta property=\"og:url\" content=\"https:\/\/www.accuratereviews.com\/it\/gestionale-per-associazioni\/quorum-recensione\/\" \/>\n<meta property=\"og:site_name\" content=\"Accurate Reviews\" \/>\n<meta property=\"og:image\" content=\"https:\/\/www.accuratereviews.com\/wp-content\/uploads\/2023\/04\/Quorum.webp\" \/>\n\t<meta property=\"og:image:width\" content=\"1000\" \/>\n\t<meta property=\"og:image:height\" content=\"229\" \/>\n\t<meta property=\"og:image:type\" content=\"image\/webp\" \/>\n<meta name=\"twitter:card\" content=\"summary_large_image\" \/>\n<meta name=\"twitter:label1\" content=\"Tempo di lettura stimato\" \/>\n\t<meta name=\"twitter:data1\" content=\"4 minuti\" \/>\n<script type=\"application\/ld+json\" class=\"yoast-schema-graph\">{\"@context\":\"https:\\\/\\\/schema.org\",\"@graph\":[{\"@type\":\"WebPage\",\"@id\":\"https:\\\/\\\/www.accuratereviews.com\\\/it\\\/gestionale-per-associazioni\\\/quorum-recensione\\\/\",\"url\":\"https:\\\/\\\/www.accuratereviews.com\\\/it\\\/gestionale-per-associazioni\\\/quorum-recensione\\\/\",\"name\":\"Quorum: recensione gestionale associazioni - Accurate Reviews\",\"isPartOf\":{\"@id\":\"https:\\\/\\\/www.accuratereviews.com\\\/it\\\/#website\"},\"primaryImageOfPage\":{\"@id\":\"https:\\\/\\\/www.accuratereviews.com\\\/it\\\/gestionale-per-associazioni\\\/quorum-recensione\\\/#primaryimage\"},\"image\":{\"@id\":\"https:\\\/\\\/www.accuratereviews.com\\\/it\\\/gestionale-per-associazioni\\\/quorum-recensione\\\/#primaryimage\"},\"thumbnailUrl\":\"https:\\\/\\\/www.accuratereviews.com\\\/wp-content\\\/uploads\\\/2023\\\/04\\\/Quorum.webp\",\"datePublished\":\"2023-04-06T12:55:28+00:00\",\"description\":\"Quorum: recensione soluzione basata su cloud progettata per aiutare a gestire i processi per coinvolgere i sostenitori delle tue cause.\",\"breadcrumb\":{\"@id\":\"https:\\\/\\\/www.accuratereviews.com\\\/it\\\/gestionale-per-associazioni\\\/quorum-recensione\\\/#breadcrumb\"},\"inLanguage\":\"it-IT\",\"potentialAction\":[{\"@type\":\"ReadAction\",\"target\":[\"https:\\\/\\\/www.accuratereviews.com\\\/it\\\/gestionale-per-associazioni\\\/quorum-recensione\\\/\"]}]},{\"@type\":\"ImageObject\",\"inLanguage\":\"it-IT\",\"@id\":\"https:\\\/\\\/www.accuratereviews.com\\\/it\\\/gestionale-per-associazioni\\\/quorum-recensione\\\/#primaryimage\",\"url\":\"https:\\\/\\\/www.accuratereviews.com\\\/wp-content\\\/uploads\\\/2023\\\/04\\\/Quorum.webp\",\"contentUrl\":\"https:\\\/\\\/www.accuratereviews.com\\\/wp-content\\\/uploads\\\/2023\\\/04\\\/Quorum.webp\",\"width\":1000,\"height\":229},{\"@type\":\"BreadcrumbList\",\"@id\":\"https:\\\/\\\/www.accuratereviews.com\\\/it\\\/gestionale-per-associazioni\\\/quorum-recensione\\\/#breadcrumb\",\"itemListElement\":[{\"@type\":\"ListItem\",\"position\":1,\"name\":\"Home\",\"item\":\"https:\\\/\\\/www.accuratereviews.com\\\/it\\\/\"},{\"@type\":\"ListItem\",\"position\":2,\"name\":\"Gestionale per associazioni\",\"item\":\"https:\\\/\\\/www.accuratereviews.com\\\/it\\\/gestionale-per-associazioni\\\/\"},{\"@type\":\"ListItem\",\"position\":3,\"name\":\"Quorum\"}]},{\"@type\":\"WebSite\",\"@id\":\"https:\\\/\\\/www.accuratereviews.com\\\/it\\\/#website\",\"url\":\"https:\\\/\\\/www.accuratereviews.com\\\/it\\\/\",\"name\":\"Accurate Reviews\",\"description\":\"\",\"potentialAction\":[{\"@type\":\"SearchAction\",\"target\":{\"@type\":\"EntryPoint\",\"urlTemplate\":\"https:\\\/\\\/www.accuratereviews.com\\\/it\\\/?s={search_term_string}\"},\"query-input\":{\"@type\":\"PropertyValueSpecification\",\"valueRequired\":true,\"valueName\":\"search_term_string\"}}],\"inLanguage\":\"it-IT\"}]}<\/script>\n<!-- \/ Yoast SEO plugin. -->","yoast_head_json":{"title":"Quorum: recensione gestionale associazioni - Accurate Reviews","description":"Quorum: recensione soluzione basata su cloud progettata per aiutare a gestire i processi per coinvolgere i sostenitori delle tue cause.","robots":{"index":"index","follow":"follow","max-snippet":"max-snippet:-1","max-image-preview":"max-image-preview:large","max-video-preview":"max-video-preview:-1"},"canonical":"https:\/\/www.accuratereviews.com\/it\/gestionale-per-associazioni\/quorum-recensione\/","og_locale":"it_IT","og_type":"article","og_title":"Quorum: recensione gestionale associazioni - Accurate Reviews","og_description":"Quorum: recensione soluzione basata su cloud progettata per aiutare a gestire i processi per coinvolgere i sostenitori delle tue cause.","og_url":"https:\/\/www.accuratereviews.com\/it\/gestionale-per-associazioni\/quorum-recensione\/","og_site_name":"Accurate Reviews","og_image":[{"width":1000,"height":229,"url":"https:\/\/www.accuratereviews.com\/wp-content\/uploads\/2023\/04\/Quorum.webp","type":"image\/webp"}],"twitter_card":"summary_large_image","twitter_misc":{"Tempo di lettura stimato":"4 minuti"},"schema":{"@context":"https:\/\/schema.org","@graph":[{"@type":"WebPage","@id":"https:\/\/www.accuratereviews.com\/it\/gestionale-per-associazioni\/quorum-recensione\/","url":"https:\/\/www.accuratereviews.com\/it\/gestionale-per-associazioni\/quorum-recensione\/","name":"Quorum: recensione gestionale associazioni - Accurate Reviews","isPartOf":{"@id":"https:\/\/www.accuratereviews.com\/it\/#website"},"primaryImageOfPage":{"@id":"https:\/\/www.accuratereviews.com\/it\/gestionale-per-associazioni\/quorum-recensione\/#primaryimage"},"image":{"@id":"https:\/\/www.accuratereviews.com\/it\/gestionale-per-associazioni\/quorum-recensione\/#primaryimage"},"thumbnailUrl":"https:\/\/www.accuratereviews.com\/wp-content\/uploads\/2023\/04\/Quorum.webp","datePublished":"2023-04-06T12:55:28+00:00","description":"Quorum: recensione soluzione basata su cloud progettata per aiutare a gestire i processi per coinvolgere i sostenitori delle tue cause.","breadcrumb":{"@id":"https:\/\/www.accuratereviews.com\/it\/gestionale-per-associazioni\/quorum-recensione\/#breadcrumb"},"inLanguage":"it-IT","potentialAction":[{"@type":"ReadAction","target":["https:\/\/www.accuratereviews.com\/it\/gestionale-per-associazioni\/quorum-recensione\/"]}]},{"@type":"ImageObject","inLanguage":"it-IT","@id":"https:\/\/www.accuratereviews.com\/it\/gestionale-per-associazioni\/quorum-recensione\/#primaryimage","url":"https:\/\/www.accuratereviews.com\/wp-content\/uploads\/2023\/04\/Quorum.webp","contentUrl":"https:\/\/www.accuratereviews.com\/wp-content\/uploads\/2023\/04\/Quorum.webp","width":1000,"height":229},{"@type":"BreadcrumbList","@id":"https:\/\/www.accuratereviews.com\/it\/gestionale-per-associazioni\/quorum-recensione\/#breadcrumb","itemListElement":[{"@type":"ListItem","position":1,"name":"Home","item":"https:\/\/www.accuratereviews.com\/it\/"},{"@type":"ListItem","position":2,"name":"Gestionale per associazioni","item":"https:\/\/www.accuratereviews.com\/it\/gestionale-per-associazioni\/"},{"@type":"ListItem","position":3,"name":"Quorum"}]},{"@type":"WebSite","@id":"https:\/\/www.accuratereviews.com\/it\/#website","url":"https:\/\/www.accuratereviews.com\/it\/","name":"Accurate Reviews","description":"","potentialAction":[{"@type":"SearchAction","target":{"@type":"EntryPoint","urlTemplate":"https:\/\/www.accuratereviews.com\/it\/?s={search_term_string}"},"query-input":{"@type":"PropertyValueSpecification","valueRequired":true,"valueName":"search_term_string"}}],"inLanguage":"it-IT"}]}},"_links":{"self":[{"href":"https:\/\/www.accuratereviews.com\/it\/wp-json\/wp\/v2\/pages\/68623","targetHints":{"allow":["GET"]}}],"collection":[{"href":"https:\/\/www.accuratereviews.com\/it\/wp-json\/wp\/v2\/pages"}],"about":[{"href":"https:\/\/www.accuratereviews.com\/it\/wp-json\/wp\/v2\/types\/page"}],"author":[{"embeddable":true,"href":"https:\/\/www.accuratereviews.com\/it\/wp-json\/wp\/v2\/users\/19"}],"replies":[{"embeddable":true,"href":"https:\/\/www.accuratereviews.com\/it\/wp-json\/wp\/v2\/comments?post=68623"}],"version-history":[{"count":11,"href":"https:\/\/www.accuratereviews.com\/it\/wp-json\/wp\/v2\/pages\/68623\/revisions"}],"predecessor-version":[{"id":68645,"href":"https:\/\/www.accuratereviews.com\/it\/wp-json\/wp\/v2\/pages\/68623\/revisions\/68645"}],"up":[{"embeddable":true,"href":"https:\/\/www.accuratereviews.com\/it\/wp-json\/wp\/v2\/pages\/35837"}],"wp:featuredmedia":[{"embeddable":true,"href":"https:\/\/www.accuratereviews.com\/it\/wp-json\/wp\/v2\/media\/68624"}],"wp:attachment":[{"href":"https:\/\/www.accuratereviews.com\/it\/wp-json\/wp\/v2\/media?parent=68623"}],"wp:term":[{"taxonomy":"category","embeddable":true,"href":"https:\/\/www.accuratereviews.com\/it\/wp-json\/wp\/v2\/categories?post=68623"},{"taxonomy":"post_tag","embeddable":true,"href":"https:\/\/www.accuratereviews.com\/it\/wp-json\/wp\/v2\/tags?post=68623"},{"taxonomy":"features","embeddable":true,"href":"https:\/\/www.accuratereviews.com\/it\/wp-json\/wp\/v2\/features?post=68623"}],"curies":[{"name":"wp","href":"https:\/\/api.w.org\/{rel}","templated":true}]}}