{"id":68650,"date":"2023-04-07T13:12:52","date_gmt":"2023-04-07T13:12:52","guid":{"rendered":"https:\/\/www.accuratereviews.com\/?page_id=68650"},"modified":"2023-04-07T14:55:56","modified_gmt":"2023-04-07T14:55:56","slug":"threesixty-recensione","status":"publish","type":"page","link":"https:\/\/www.accuratereviews.com\/it\/gestionale-per-associazioni\/threesixty-recensione\/","title":{"rendered":"ThreeSixty"},"content":{"rendered":"<p><strong>ThreeSixty<\/strong>,\u00a0precedentemente conosciuto come Personify360, \u00e8 un\u00a0<strong>software CME<\/strong> (constituent management and engagement) basato su <strong>cloud<\/strong>\u00a0che si rivolge ad organizzazioni guidate da membri, organizzazioni non profit e associazioni di beneficenza.<br \/>\nSicuro, scalabile e conforme a PCI, tra le sue funzionalit\u00e0 troviamo un sistema CRM (Constituent Relationship Management) supportato da un potente database relazionale. Qui, agli utenti viene fornita una panoramica unificata e centralizzata di tutti i dati costitutivi che coprono le informazioni di contatto personali, i comportamenti e le transazioni di coinvolgimento su ogni canale.<\/p>\n<h2>THREESIXTY &#8211; TUTORIAL<\/h2>\n<div id=\"fluid-wrapper-counter-1\" class=\"g1-fluid-wrapper \" style=\"width:686px;\">\n<div style=\"padding-bottom:56.268221574344%;\"><iframe loading=\"lazy\" title=\"ThreeSixty - 2021\" src=\"https:\/\/player.vimeo.com\/video\/651188082?h=e8fe14d400&amp;dnt=1&amp;app_id=122963?title=0&amp;byline=0&amp;portrait=0\" width=\"686\" height=\"386\" frameborder=\"0\" allow=\"autoplay; fullscreen; picture-in-picture\" allowfullscreen><\/iframe><\/div>\n<\/div>\n<h3>THREESIXTY &#8211; CARATTERISTICHE<\/h3>\n<ul>\n<li><strong>Gestione delle relazioni (CRM)<\/strong>: ottieni un quadro completo del comportamento degli elettori su tutti i canali.<\/li>\n<li><strong>eBusiness<\/strong>: sviluppa e supporta pi\u00f9 flussi di entrate per soddisfare le esigenze dei tuoi elettori.<\/li>\n<li><strong>Associazione<\/strong>: i\u00a0servizi di consulenza strategica, progettazione e installazione ti guidano attraverso il processo di creazione di una piattaforma di successo.<\/li>\n<li><strong>Analisi e studio<\/strong>: semplifica e standardizza il modo in cui gli utenti visualizzano, condividono e agiscono sulle informazioni strategiche.<\/li>\n<li><strong>Estensibile<\/strong>: il client basato su browser consente alle organizzazioni incentrate sui membri di estendere la propria piattaforma e fornire un&#8217;esperienza senza soluzione di continuit\u00e0 su misura per le esigenze specifiche del personale.<\/li>\n<li><strong>Flessibile<\/strong>: crea personaggi specializzati, schermate, flussi di lavoro e attivit\u00e0 sensibili al contesto, estendendo il database, gestendo la sicurezza e creando notifiche personalizzate.<\/li>\n<\/ul>\n<h4>LE RECENSIONI DEGLI UTENTI<\/h4>\n<p><strong>Jennifer &#8220;Feedback&#8221;<\/strong><br \/>\n<strong>Commenti<\/strong>: -Il gestore dell&#8217;account sembra oberato di lavoro perch\u00e9 \u00e8 cos\u00ec difficile coinvolgerli e far muovere nuovi progetti\/funzionalit\u00e0\/componenti aggiuntivi<br \/>\n-L&#8217;azienda sembra pi\u00f9 focalizzata sulle ore fatturabili che sull&#8217;assistenza ai propri clienti per avere successo<br \/>\nPro: -La quantit\u00e0 di funzionalit\u00e0 -Possibilit\u00e0 di configurare in base alle nostre esigenze<br \/>\nContro: -Numero di bug nelle nuove versioni -Velocit\u00e0 e impegno delle risorse per risolvere i problemi -Il costo del prodotto e &#8220;nickle and diming for support&#8221; (non \u00e8 possibile fare una domanda senza essere contattati per la risposta)<\/p>\n<p><strong>Joani &#8220;Non ancora il miglior prodotto&#8221;<\/strong><br \/>\n<strong>Pro<\/strong>: \u00c8 una versione user-friendly, molto meno antiquata delle versioni precedenti.<br \/>\n<strong>Contro<\/strong>: Ancora non perfetto, ha ancora dei limiti<\/p>\n<p><strong>Ann &#8220;Software robusto per aumentare il valore dei soci&#8221;<\/strong><br \/>\n<strong>Commenti<\/strong>: La capacit\u00e0 di svolgere molte attivit\u00e0 tramite l&#8217;ecommerce fa risparmiare tempo al personale e riduce i costi del personale. Costruire ed estrarre rapporti di qualit\u00e0 su vari settori \u00e8 importante per il futuro dell&#8217;associazione. Personify 360 consente la raccolta e l&#8217;analisi di una variet\u00e0 di dati.<br \/>\n<strong>Pro<\/strong>: consente all&#8217;associazione di gestire pi\u00f9 organizzazioni, di partecipare pienamente alla gestione elettronica dei servizi dell&#8217;associazione e di estrarre dati per servire meglio l&#8217;appartenenza.<br \/>\n<strong>Contro<\/strong>: Il software \u00e8 complicato da imparare, soprattutto per i nuovi utenti. Il software non consente flessibilit\u00e0 nelle regole aziendali senza personalizzazione che si aggiunge al costo del database.<\/p>\n","protected":false},"excerpt":{"rendered":"<p>ThreeSixty,\u00a0precedentemente conosciuto come Personify360, \u00e8 un\u00a0software CME (constituent management and engagement) basato su cloud\u00a0che si rivolge ad organizzazioni guidate da membri, organizzazioni non profit e associazioni di beneficenza. Sicuro, scalabile e conforme a PCI, tra le sue funzionalit\u00e0 troviamo un sistema CRM (Constituent Relationship Management) supportato da un potente database relazionale.<\/p>\n","protected":false},"author":19,"featured_media":68652,"parent":35837,"menu_order":0,"comment_status":"open","ping_status":"closed","template":"g1_template_page_review_new.php","meta":{"_acf_changed":false,"cwp_meta_box_check":"Yes","cwp_rev_product_name":"","cwp_rev_product_image":"","wppr_links":[],"cwp_rev_price":"0.00","wppr_options":[{"name":"Usability","value":"0"},{"name":"Speed","value":"0"},{"name":"Features","value":"0"},{"name":"Support","value":"0"},{"name":"Pricing","value":"0"}],"wppr_pros":["","","","",""],"wppr_cons":["","","","",""],"_monsterinsights_skip_tracking":false,"_monsterinsights_sitenote_active":false,"_monsterinsights_sitenote_note":"","_monsterinsights_sitenote_category":0,"footnotes":""},"categories":[1943],"tags":[4940,14215,2008,1949,1947,1948,14214],"features":[],"class_list":{"0":"post-68650","1":"page","2":"type-page","3":"status-publish","4":"has-post-thumbnail","6":"category-gestionale-per-associazioni-categoria","7":"tag-gestionale-associazioni","8":"tag-personify360","9":"tag-piattaforma-gestionale-associazioni","10":"tag-programma-gestionale-associazioni","11":"tag-software-gestionale-associazioni","12":"tag-soluzione-gestionale-associazioni","13":"tag-threesixty"},"wppr_data":{"cwp_meta_box_check":"Yes","_wppr_review_template":"default","cwp_rev_product_image":"","cwp_image_link":"image","wppr_links":[],"cwp_rev_price":"0.00","wppr_pros":["","","","",""],"wppr_cons":["","","","",""],"wppr_rating":"0.00","wppr_options":{"1":{"name":"Usability","value":"0"},"2":{"name":"Speed","value":"0"},"3":{"name":"Features","value":"0"},"4":{"name":"Support","value":"0"},"5":{"name":"Pricing","value":"0"}},"wppr_review_type":"Product","wppr_review_custom_fields":{"additionalProperty":"","additionalType":"","aggregateRating":"","alternateName":"","audience":"","award":"","awards":"","brand":"","color":"","depth":"","description":"","disambiguatingDescription":"","gtin12":"","gtin13":"","gtin14":"","gtin8":"","height":"","identifier":"","image":"","isAccessoryOrSparePartFor":"","isConsumableFor":"","isRelatedTo":"","isSimilarTo":"","itemCondition":"","logo":"","mainEntityOfPage":"","manufacturer":"","material":"","model":"","mpn":"","name":"","offers":"","potentialAction":"","productID":"","productionDate":"","purchaseDate":"","releaseDate":"","review":"","reviews":"","sameAs":"","sku":"","slogan":"","subjectOf":"","url":"","weight":"","width":""}},"acf":[],"yoast_head":"<!-- This site is optimized with the Yoast SEO plugin v27.4 - https:\/\/yoast.com\/product\/yoast-seo-wordpress\/ -->\n<title>ThreeSixty: recensione gestionale associazioni - Accurate Reviews<\/title>\n<meta name=\"description\" content=\"ThreeSixty: recensione software CME (constituent management and engagement) basato su cloud, adatto a gestire le associazioni.\" \/>\n<meta name=\"robots\" content=\"index, follow, max-snippet:-1, max-image-preview:large, max-video-preview:-1\" \/>\n<link rel=\"canonical\" href=\"https:\/\/www.accuratereviews.com\/it\/gestionale-per-associazioni\/threesixty-recensione\/\" \/>\n<meta property=\"og:locale\" content=\"it_IT\" \/>\n<meta property=\"og:type\" content=\"article\" \/>\n<meta property=\"og:title\" content=\"ThreeSixty: recensione gestionale associazioni - Accurate Reviews\" \/>\n<meta property=\"og:description\" content=\"ThreeSixty: recensione software CME (constituent management and engagement) basato su cloud, adatto a gestire le associazioni.\" \/>\n<meta property=\"og:url\" content=\"https:\/\/www.accuratereviews.com\/it\/gestionale-per-associazioni\/threesixty-recensione\/\" \/>\n<meta property=\"og:site_name\" content=\"Accurate Reviews\" \/>\n<meta property=\"article:modified_time\" content=\"2023-04-07T14:55:56+00:00\" \/>\n<meta property=\"og:image\" content=\"https:\/\/www.accuratereviews.com\/wp-content\/uploads\/2023\/04\/ThreeSixty.webp\" \/>\n\t<meta property=\"og:image:width\" content=\"384\" \/>\n\t<meta property=\"og:image:height\" content=\"379\" \/>\n\t<meta property=\"og:image:type\" content=\"image\/webp\" \/>\n<meta name=\"twitter:card\" content=\"summary_large_image\" \/>\n<meta name=\"twitter:label1\" content=\"Tempo di lettura stimato\" \/>\n\t<meta name=\"twitter:data1\" content=\"3 minuti\" \/>\n<script type=\"application\/ld+json\" class=\"yoast-schema-graph\">{\"@context\":\"https:\\\/\\\/schema.org\",\"@graph\":[{\"@type\":\"WebPage\",\"@id\":\"https:\\\/\\\/www.accuratereviews.com\\\/it\\\/gestionale-per-associazioni\\\/threesixty-recensione\\\/\",\"url\":\"https:\\\/\\\/www.accuratereviews.com\\\/it\\\/gestionale-per-associazioni\\\/threesixty-recensione\\\/\",\"name\":\"ThreeSixty: recensione gestionale associazioni - Accurate Reviews\",\"isPartOf\":{\"@id\":\"https:\\\/\\\/www.accuratereviews.com\\\/it\\\/#website\"},\"primaryImageOfPage\":{\"@id\":\"https:\\\/\\\/www.accuratereviews.com\\\/it\\\/gestionale-per-associazioni\\\/threesixty-recensione\\\/#primaryimage\"},\"image\":{\"@id\":\"https:\\\/\\\/www.accuratereviews.com\\\/it\\\/gestionale-per-associazioni\\\/threesixty-recensione\\\/#primaryimage\"},\"thumbnailUrl\":\"https:\\\/\\\/www.accuratereviews.com\\\/wp-content\\\/uploads\\\/2023\\\/04\\\/ThreeSixty.webp\",\"datePublished\":\"2023-04-07T13:12:52+00:00\",\"dateModified\":\"2023-04-07T14:55:56+00:00\",\"description\":\"ThreeSixty: recensione software CME (constituent management and engagement) basato su cloud, adatto a gestire le associazioni.\",\"breadcrumb\":{\"@id\":\"https:\\\/\\\/www.accuratereviews.com\\\/it\\\/gestionale-per-associazioni\\\/threesixty-recensione\\\/#breadcrumb\"},\"inLanguage\":\"it-IT\",\"potentialAction\":[{\"@type\":\"ReadAction\",\"target\":[\"https:\\\/\\\/www.accuratereviews.com\\\/it\\\/gestionale-per-associazioni\\\/threesixty-recensione\\\/\"]}]},{\"@type\":\"ImageObject\",\"inLanguage\":\"it-IT\",\"@id\":\"https:\\\/\\\/www.accuratereviews.com\\\/it\\\/gestionale-per-associazioni\\\/threesixty-recensione\\\/#primaryimage\",\"url\":\"https:\\\/\\\/www.accuratereviews.com\\\/wp-content\\\/uploads\\\/2023\\\/04\\\/ThreeSixty.webp\",\"contentUrl\":\"https:\\\/\\\/www.accuratereviews.com\\\/wp-content\\\/uploads\\\/2023\\\/04\\\/ThreeSixty.webp\",\"width\":384,\"height\":379},{\"@type\":\"BreadcrumbList\",\"@id\":\"https:\\\/\\\/www.accuratereviews.com\\\/it\\\/gestionale-per-associazioni\\\/threesixty-recensione\\\/#breadcrumb\",\"itemListElement\":[{\"@type\":\"ListItem\",\"position\":1,\"name\":\"Home\",\"item\":\"https:\\\/\\\/www.accuratereviews.com\\\/it\\\/\"},{\"@type\":\"ListItem\",\"position\":2,\"name\":\"Gestionale per associazioni\",\"item\":\"https:\\\/\\\/www.accuratereviews.com\\\/it\\\/gestionale-per-associazioni\\\/\"},{\"@type\":\"ListItem\",\"position\":3,\"name\":\"ThreeSixty\"}]},{\"@type\":\"WebSite\",\"@id\":\"https:\\\/\\\/www.accuratereviews.com\\\/it\\\/#website\",\"url\":\"https:\\\/\\\/www.accuratereviews.com\\\/it\\\/\",\"name\":\"Accurate Reviews\",\"description\":\"\",\"potentialAction\":[{\"@type\":\"SearchAction\",\"target\":{\"@type\":\"EntryPoint\",\"urlTemplate\":\"https:\\\/\\\/www.accuratereviews.com\\\/it\\\/?s={search_term_string}\"},\"query-input\":{\"@type\":\"PropertyValueSpecification\",\"valueRequired\":true,\"valueName\":\"search_term_string\"}}],\"inLanguage\":\"it-IT\"}]}<\/script>\n<!-- \/ Yoast SEO plugin. -->","yoast_head_json":{"title":"ThreeSixty: recensione gestionale associazioni - Accurate Reviews","description":"ThreeSixty: recensione software CME (constituent management and engagement) basato su cloud, adatto a gestire le associazioni.","robots":{"index":"index","follow":"follow","max-snippet":"max-snippet:-1","max-image-preview":"max-image-preview:large","max-video-preview":"max-video-preview:-1"},"canonical":"https:\/\/www.accuratereviews.com\/it\/gestionale-per-associazioni\/threesixty-recensione\/","og_locale":"it_IT","og_type":"article","og_title":"ThreeSixty: recensione gestionale associazioni - Accurate Reviews","og_description":"ThreeSixty: recensione software CME (constituent management and engagement) basato su cloud, adatto a gestire le associazioni.","og_url":"https:\/\/www.accuratereviews.com\/it\/gestionale-per-associazioni\/threesixty-recensione\/","og_site_name":"Accurate Reviews","article_modified_time":"2023-04-07T14:55:56+00:00","og_image":[{"width":384,"height":379,"url":"https:\/\/www.accuratereviews.com\/wp-content\/uploads\/2023\/04\/ThreeSixty.webp","type":"image\/webp"}],"twitter_card":"summary_large_image","twitter_misc":{"Tempo di lettura stimato":"3 minuti"},"schema":{"@context":"https:\/\/schema.org","@graph":[{"@type":"WebPage","@id":"https:\/\/www.accuratereviews.com\/it\/gestionale-per-associazioni\/threesixty-recensione\/","url":"https:\/\/www.accuratereviews.com\/it\/gestionale-per-associazioni\/threesixty-recensione\/","name":"ThreeSixty: recensione gestionale associazioni - Accurate Reviews","isPartOf":{"@id":"https:\/\/www.accuratereviews.com\/it\/#website"},"primaryImageOfPage":{"@id":"https:\/\/www.accuratereviews.com\/it\/gestionale-per-associazioni\/threesixty-recensione\/#primaryimage"},"image":{"@id":"https:\/\/www.accuratereviews.com\/it\/gestionale-per-associazioni\/threesixty-recensione\/#primaryimage"},"thumbnailUrl":"https:\/\/www.accuratereviews.com\/wp-content\/uploads\/2023\/04\/ThreeSixty.webp","datePublished":"2023-04-07T13:12:52+00:00","dateModified":"2023-04-07T14:55:56+00:00","description":"ThreeSixty: recensione software CME (constituent management and engagement) basato su cloud, adatto a gestire le associazioni.","breadcrumb":{"@id":"https:\/\/www.accuratereviews.com\/it\/gestionale-per-associazioni\/threesixty-recensione\/#breadcrumb"},"inLanguage":"it-IT","potentialAction":[{"@type":"ReadAction","target":["https:\/\/www.accuratereviews.com\/it\/gestionale-per-associazioni\/threesixty-recensione\/"]}]},{"@type":"ImageObject","inLanguage":"it-IT","@id":"https:\/\/www.accuratereviews.com\/it\/gestionale-per-associazioni\/threesixty-recensione\/#primaryimage","url":"https:\/\/www.accuratereviews.com\/wp-content\/uploads\/2023\/04\/ThreeSixty.webp","contentUrl":"https:\/\/www.accuratereviews.com\/wp-content\/uploads\/2023\/04\/ThreeSixty.webp","width":384,"height":379},{"@type":"BreadcrumbList","@id":"https:\/\/www.accuratereviews.com\/it\/gestionale-per-associazioni\/threesixty-recensione\/#breadcrumb","itemListElement":[{"@type":"ListItem","position":1,"name":"Home","item":"https:\/\/www.accuratereviews.com\/it\/"},{"@type":"ListItem","position":2,"name":"Gestionale per associazioni","item":"https:\/\/www.accuratereviews.com\/it\/gestionale-per-associazioni\/"},{"@type":"ListItem","position":3,"name":"ThreeSixty"}]},{"@type":"WebSite","@id":"https:\/\/www.accuratereviews.com\/it\/#website","url":"https:\/\/www.accuratereviews.com\/it\/","name":"Accurate Reviews","description":"","potentialAction":[{"@type":"SearchAction","target":{"@type":"EntryPoint","urlTemplate":"https:\/\/www.accuratereviews.com\/it\/?s={search_term_string}"},"query-input":{"@type":"PropertyValueSpecification","valueRequired":true,"valueName":"search_term_string"}}],"inLanguage":"it-IT"}]}},"_links":{"self":[{"href":"https:\/\/www.accuratereviews.com\/it\/wp-json\/wp\/v2\/pages\/68650","targetHints":{"allow":["GET"]}}],"collection":[{"href":"https:\/\/www.accuratereviews.com\/it\/wp-json\/wp\/v2\/pages"}],"about":[{"href":"https:\/\/www.accuratereviews.com\/it\/wp-json\/wp\/v2\/types\/page"}],"author":[{"embeddable":true,"href":"https:\/\/www.accuratereviews.com\/it\/wp-json\/wp\/v2\/users\/19"}],"replies":[{"embeddable":true,"href":"https:\/\/www.accuratereviews.com\/it\/wp-json\/wp\/v2\/comments?post=68650"}],"version-history":[{"count":15,"href":"https:\/\/www.accuratereviews.com\/it\/wp-json\/wp\/v2\/pages\/68650\/revisions"}],"predecessor-version":[{"id":68686,"href":"https:\/\/www.accuratereviews.com\/it\/wp-json\/wp\/v2\/pages\/68650\/revisions\/68686"}],"up":[{"embeddable":true,"href":"https:\/\/www.accuratereviews.com\/it\/wp-json\/wp\/v2\/pages\/35837"}],"wp:featuredmedia":[{"embeddable":true,"href":"https:\/\/www.accuratereviews.com\/it\/wp-json\/wp\/v2\/media\/68652"}],"wp:attachment":[{"href":"https:\/\/www.accuratereviews.com\/it\/wp-json\/wp\/v2\/media?parent=68650"}],"wp:term":[{"taxonomy":"category","embeddable":true,"href":"https:\/\/www.accuratereviews.com\/it\/wp-json\/wp\/v2\/categories?post=68650"},{"taxonomy":"post_tag","embeddable":true,"href":"https:\/\/www.accuratereviews.com\/it\/wp-json\/wp\/v2\/tags?post=68650"},{"taxonomy":"features","embeddable":true,"href":"https:\/\/www.accuratereviews.com\/it\/wp-json\/wp\/v2\/features?post=68650"}],"curies":[{"name":"wp","href":"https:\/\/api.w.org\/{rel}","templated":true}]}}