{"id":68672,"date":"2023-04-07T13:24:58","date_gmt":"2023-04-07T13:24:58","guid":{"rendered":"https:\/\/www.accuratereviews.com\/?page_id=68672"},"modified":"2023-04-07T13:24:58","modified_gmt":"2023-04-07T13:24:58","slug":"endorsal-recensione","status":"publish","type":"page","link":"https:\/\/www.accuratereviews.com\/it\/software-gestione-recensioni\/endorsal-recensione\/","title":{"rendered":"Endorsal"},"content":{"rendered":"<p><strong>Endorsal<\/strong> \u00e8 un <strong>software <\/strong>che supporta aziende locali, online, ristoranti, ecommerce nella raccolta e nella <strong>gestione delle recensioni<\/strong>, fornendo potenti strumenti di automazione. Raccoglie tutte le\u00a0testimonianze online inserendole in un&#8217;unica piattaforma, aumentando cos\u00ec la tua reputazione sul web e incrementando le conversioni e le vendite. In questo modo riuscirai a massimizzare i risultati dimezzando i tempi e i costi.<br \/>\n<strong>Endorsal<\/strong>\u00a0ti consente di\u00a0costruire un modulo di recensione personalizzato per iniziare a raccogliere dati e\u00a0inviare richieste di recensione automatiche ai tuoi clienti via email e SMS.<\/p>\n<h2>ENDORSAL &#8211; TUTORIAL<\/h2>\n<div id=\"fluid-wrapper-counter-1\" class=\"g1-fluid-wrapper \" style=\"width:686px;\">\n<div style=\"padding-bottom:56.268221574344%;\"><iframe loading=\"lazy\" title=\"Endorsal Review &amp; Walkthrough: Get More Testimonials &amp; Build Social Proof [AppSumo Lifetime Deal]\" width=\"686\" height=\"386\" src=\"https:\/\/www.youtube.com\/embed\/TqNbHCEcAos?feature=oembed&amp;wmode=transparent&amp;autohide=1&amp;autoplay=0&amp;disablekb=0&amp;fs=1&amp;loop=0&amp;enablejsapi=1&amp;rel=0&amp;controls=2&amp;showinfo=0&amp;wmode=transparent&amp;autohide=2&amp;autoplay=0&amp;disablekb=0&amp;fs=1&amp;loop=0&amp;enablejsapi=1&amp;rel=0&amp;controls=2&amp;showinfo=1\" frameborder=\"0\" allow=\"accelerometer; autoplay; clipboard-write; encrypted-media; gyroscope; picture-in-picture; web-share\" allowfullscreen><\/iframe><\/div>\n<\/div>\n<h3>ENDORSAL &#8211; CARATTERISTICHE<\/h3>\n<ul>\n<li><strong>EndoForms<\/strong>: moduli di acquisizione delle testimonianze estremamente semplici.<\/li>\n<li><strong>AutoRequests<\/strong>: richiesta automatica di recensioni via e-mail e SMS.<\/li>\n<li><strong>SuperLinks<\/strong>: moduli precompilati con i dati dei clienti.<\/li>\n<li><strong>ReviewHQ<\/strong>: aggiungere un widget per le recensioni con una sola riga di codice.<\/li>\n<li><strong>Widget<\/strong>: visualizza le recensioni su qualsiasi sito web.<\/li>\n<li><strong>Wall of Love<\/strong>: stupisci i tuoi clienti con una pagina infinita di recensioni.<\/li>\n<li><strong>Popup FOMO<\/strong>: notifiche tempestive che convertono.<\/li>\n<li><strong>Importazione da altre piattaforme<\/strong>: sincronizza le recensioni da luoghi come Google, Facebook, Yelp e Tripadvisor.<\/li>\n<li><strong>Altre recensioni su altre piattaforme<\/strong>: aggiungete qualsiasi altro servizio in cui ottenete recensioni.<\/li>\n<li><strong>Marketing delle recensioni<\/strong>: condividi automaticamente le tue migliori recensioni sui social network.<\/li>\n<\/ul>\n<h4>LE RECENSIONI DEGLI UTENTI<\/h4>\n<p><strong>Paul &#8220;Si \u00e8 ripagato da solo nel giro di un giorno&#8221;.<\/strong><br \/>\nCommenti: Eccezionale<br \/>\nPro: backup di tutte le tue recensioni da tutte le piattaforme di terze parti, mantenendo il controllo ad un prezzo accessibile, widget per mostrare le recensioni \u00e8 fantastico. Funzionalit\u00e0 in continua espansione, sviluppo attivo, team reattivo<br \/>\nContro: il prezzo degli sms per raccogliere le recensioni \u00e8 elevato<\/p>\n<p><strong>Carin &#8220;Consigliatissimo&#8221;<\/strong><br \/>\nCommenti: Esperienza fantastica, il supporto \u00e8 presente quando ne ho bisogno<br \/>\nPro: Endorsal \u00e8 un prodotto di alto livello, e in continuo sviluppo. Il supporto \u00e8 fantastico, e anche quando mi sono bloccato su un problema, sono stati l\u00ec per me! Lo consiglio vivamente<br \/>\nContro: Non \u00e8 colpa del prodotto, ma l&#8217;integrazione con i login multipli di facebook pu\u00f2 creare confusione, credo sia pi\u00f9 una funzione delle politiche di login di facebook.<\/p>\n<p><strong>Michael &#8220;Software eccellente&#8221;<\/strong><br \/>\nPro: Endorsal \u00e8 facile da usare, fa esattamente quello che dice di fare e il supporto \u00e8 eccellente!<br \/>\nContro: Non riesco a pensare a nessun aspetto negativo di questo prodotto. Forse solo un flusso migliore per l&#8217;impostazione nel back-end per rendere pi\u00f9 facile la configurazione.<\/p>\n","protected":false},"excerpt":{"rendered":"<p>Endorsal \u00e8 un software che supporta aziende locali, online, ristoranti, ecommerce nella raccolta e nella gestione delle recensioni, fornendo potenti strumenti di automazione. Raccoglie tutte le\u00a0testimonianze online inserendole in un&#8217;unica piattaforma, aumentando cos\u00ec la tua reputazione sul web e incrementando le conversioni e le vendite.<\/p>\n","protected":false},"author":17,"featured_media":68673,"parent":60645,"menu_order":0,"comment_status":"open","ping_status":"closed","template":"g1_template_page_review_new.php","meta":{"_acf_changed":false,"cwp_meta_box_check":"No","cwp_rev_product_name":"","cwp_rev_product_image":"","wppr_links":[],"cwp_rev_price":"","wppr_options":[],"wppr_pros":[],"wppr_cons":[],"_monsterinsights_skip_tracking":false,"_monsterinsights_sitenote_active":false,"_monsterinsights_sitenote_note":"","_monsterinsights_sitenote_category":0,"footnotes":""},"categories":[13158],"tags":[13226,13212,13162,13246],"features":[],"class_list":{"0":"post-68672","1":"page","2":"type-page","3":"status-publish","4":"has-post-thumbnail","6":"category-software-per-la-gestione-delle-recensioni","7":"tag-gestionale-recensioni","8":"tag-piattaforma-gestione-recensioni","9":"tag-programma-per-la-gestione-delle-recensioni","10":"tag-software-di-gestione-recensioni"},"wppr_data":{"cwp_meta_box_check":"No"},"acf":[],"yoast_head":"<!-- This site is optimized with the Yoast SEO plugin v27.4 - https:\/\/yoast.com\/product\/yoast-seo-wordpress\/ -->\n<title>Endorsal: software gestione recensioni - Accurate Reviews<\/title>\n<meta name=\"description\" content=\"Endorsal \u00e8 un software che supporta aziende locali, online, ristoranti, ecommerce nella raccolta e nella gestione delle recensioni.\" \/>\n<meta name=\"robots\" content=\"index, follow, max-snippet:-1, max-image-preview:large, max-video-preview:-1\" \/>\n<link rel=\"canonical\" href=\"https:\/\/www.accuratereviews.com\/it\/software-gestione-recensioni\/endorsal-recensione\/\" \/>\n<meta property=\"og:locale\" content=\"it_IT\" \/>\n<meta property=\"og:type\" content=\"article\" \/>\n<meta property=\"og:title\" content=\"Endorsal: software gestione recensioni - Accurate Reviews\" \/>\n<meta property=\"og:description\" content=\"Endorsal \u00e8 un software che supporta aziende locali, online, ristoranti, ecommerce nella raccolta e nella gestione delle recensioni.\" \/>\n<meta property=\"og:url\" content=\"https:\/\/www.accuratereviews.com\/it\/software-gestione-recensioni\/endorsal-recensione\/\" \/>\n<meta property=\"og:site_name\" content=\"Accurate Reviews\" \/>\n<meta property=\"og:image\" content=\"https:\/\/www.accuratereviews.com\/wp-content\/uploads\/2023\/04\/Endorsal-lifetime-deal-on-appsumo.jpg\" \/>\n\t<meta property=\"og:image:width\" content=\"1280\" \/>\n\t<meta property=\"og:image:height\" content=\"888\" \/>\n\t<meta property=\"og:image:type\" content=\"image\/jpeg\" \/>\n<meta name=\"twitter:card\" content=\"summary_large_image\" \/>\n<meta name=\"twitter:label1\" content=\"Tempo di lettura stimato\" \/>\n\t<meta name=\"twitter:data1\" content=\"3 minuti\" \/>\n<script type=\"application\/ld+json\" class=\"yoast-schema-graph\">{\"@context\":\"https:\\\/\\\/schema.org\",\"@graph\":[{\"@type\":\"WebPage\",\"@id\":\"https:\\\/\\\/www.accuratereviews.com\\\/it\\\/software-gestione-recensioni\\\/endorsal-recensione\\\/\",\"url\":\"https:\\\/\\\/www.accuratereviews.com\\\/it\\\/software-gestione-recensioni\\\/endorsal-recensione\\\/\",\"name\":\"Endorsal: software gestione recensioni - Accurate Reviews\",\"isPartOf\":{\"@id\":\"https:\\\/\\\/www.accuratereviews.com\\\/it\\\/#website\"},\"primaryImageOfPage\":{\"@id\":\"https:\\\/\\\/www.accuratereviews.com\\\/it\\\/software-gestione-recensioni\\\/endorsal-recensione\\\/#primaryimage\"},\"image\":{\"@id\":\"https:\\\/\\\/www.accuratereviews.com\\\/it\\\/software-gestione-recensioni\\\/endorsal-recensione\\\/#primaryimage\"},\"thumbnailUrl\":\"https:\\\/\\\/www.accuratereviews.com\\\/wp-content\\\/uploads\\\/2023\\\/04\\\/Endorsal-lifetime-deal-on-appsumo.jpg\",\"datePublished\":\"2023-04-07T13:24:58+00:00\",\"description\":\"Endorsal \u00e8 un software che supporta aziende locali, online, ristoranti, ecommerce nella raccolta e nella gestione delle recensioni.\",\"breadcrumb\":{\"@id\":\"https:\\\/\\\/www.accuratereviews.com\\\/it\\\/software-gestione-recensioni\\\/endorsal-recensione\\\/#breadcrumb\"},\"inLanguage\":\"it-IT\",\"potentialAction\":[{\"@type\":\"ReadAction\",\"target\":[\"https:\\\/\\\/www.accuratereviews.com\\\/it\\\/software-gestione-recensioni\\\/endorsal-recensione\\\/\"]}]},{\"@type\":\"ImageObject\",\"inLanguage\":\"it-IT\",\"@id\":\"https:\\\/\\\/www.accuratereviews.com\\\/it\\\/software-gestione-recensioni\\\/endorsal-recensione\\\/#primaryimage\",\"url\":\"https:\\\/\\\/www.accuratereviews.com\\\/wp-content\\\/uploads\\\/2023\\\/04\\\/Endorsal-lifetime-deal-on-appsumo.jpg\",\"contentUrl\":\"https:\\\/\\\/www.accuratereviews.com\\\/wp-content\\\/uploads\\\/2023\\\/04\\\/Endorsal-lifetime-deal-on-appsumo.jpg\",\"width\":1280,\"height\":888},{\"@type\":\"BreadcrumbList\",\"@id\":\"https:\\\/\\\/www.accuratereviews.com\\\/it\\\/software-gestione-recensioni\\\/endorsal-recensione\\\/#breadcrumb\",\"itemListElement\":[{\"@type\":\"ListItem\",\"position\":1,\"name\":\"Home\",\"item\":\"https:\\\/\\\/www.accuratereviews.com\\\/it\\\/\"},{\"@type\":\"ListItem\",\"position\":2,\"name\":\"Software per la gestione delle recensioni\",\"item\":\"https:\\\/\\\/www.accuratereviews.com\\\/it\\\/software-gestione-recensioni\\\/\"},{\"@type\":\"ListItem\",\"position\":3,\"name\":\"Endorsal\"}]},{\"@type\":\"WebSite\",\"@id\":\"https:\\\/\\\/www.accuratereviews.com\\\/it\\\/#website\",\"url\":\"https:\\\/\\\/www.accuratereviews.com\\\/it\\\/\",\"name\":\"Accurate Reviews\",\"description\":\"\",\"potentialAction\":[{\"@type\":\"SearchAction\",\"target\":{\"@type\":\"EntryPoint\",\"urlTemplate\":\"https:\\\/\\\/www.accuratereviews.com\\\/it\\\/?s={search_term_string}\"},\"query-input\":{\"@type\":\"PropertyValueSpecification\",\"valueRequired\":true,\"valueName\":\"search_term_string\"}}],\"inLanguage\":\"it-IT\"}]}<\/script>\n<!-- \/ Yoast SEO plugin. -->","yoast_head_json":{"title":"Endorsal: software gestione recensioni - Accurate Reviews","description":"Endorsal \u00e8 un software che supporta aziende locali, online, ristoranti, ecommerce nella raccolta e nella gestione delle recensioni.","robots":{"index":"index","follow":"follow","max-snippet":"max-snippet:-1","max-image-preview":"max-image-preview:large","max-video-preview":"max-video-preview:-1"},"canonical":"https:\/\/www.accuratereviews.com\/it\/software-gestione-recensioni\/endorsal-recensione\/","og_locale":"it_IT","og_type":"article","og_title":"Endorsal: software gestione recensioni - Accurate Reviews","og_description":"Endorsal \u00e8 un software che supporta aziende locali, online, ristoranti, ecommerce nella raccolta e nella gestione delle recensioni.","og_url":"https:\/\/www.accuratereviews.com\/it\/software-gestione-recensioni\/endorsal-recensione\/","og_site_name":"Accurate Reviews","og_image":[{"width":1280,"height":888,"url":"https:\/\/www.accuratereviews.com\/wp-content\/uploads\/2023\/04\/Endorsal-lifetime-deal-on-appsumo.jpg","type":"image\/jpeg"}],"twitter_card":"summary_large_image","twitter_misc":{"Tempo di lettura stimato":"3 minuti"},"schema":{"@context":"https:\/\/schema.org","@graph":[{"@type":"WebPage","@id":"https:\/\/www.accuratereviews.com\/it\/software-gestione-recensioni\/endorsal-recensione\/","url":"https:\/\/www.accuratereviews.com\/it\/software-gestione-recensioni\/endorsal-recensione\/","name":"Endorsal: software gestione recensioni - Accurate Reviews","isPartOf":{"@id":"https:\/\/www.accuratereviews.com\/it\/#website"},"primaryImageOfPage":{"@id":"https:\/\/www.accuratereviews.com\/it\/software-gestione-recensioni\/endorsal-recensione\/#primaryimage"},"image":{"@id":"https:\/\/www.accuratereviews.com\/it\/software-gestione-recensioni\/endorsal-recensione\/#primaryimage"},"thumbnailUrl":"https:\/\/www.accuratereviews.com\/wp-content\/uploads\/2023\/04\/Endorsal-lifetime-deal-on-appsumo.jpg","datePublished":"2023-04-07T13:24:58+00:00","description":"Endorsal \u00e8 un software che supporta aziende locali, online, ristoranti, ecommerce nella raccolta e nella gestione delle recensioni.","breadcrumb":{"@id":"https:\/\/www.accuratereviews.com\/it\/software-gestione-recensioni\/endorsal-recensione\/#breadcrumb"},"inLanguage":"it-IT","potentialAction":[{"@type":"ReadAction","target":["https:\/\/www.accuratereviews.com\/it\/software-gestione-recensioni\/endorsal-recensione\/"]}]},{"@type":"ImageObject","inLanguage":"it-IT","@id":"https:\/\/www.accuratereviews.com\/it\/software-gestione-recensioni\/endorsal-recensione\/#primaryimage","url":"https:\/\/www.accuratereviews.com\/wp-content\/uploads\/2023\/04\/Endorsal-lifetime-deal-on-appsumo.jpg","contentUrl":"https:\/\/www.accuratereviews.com\/wp-content\/uploads\/2023\/04\/Endorsal-lifetime-deal-on-appsumo.jpg","width":1280,"height":888},{"@type":"BreadcrumbList","@id":"https:\/\/www.accuratereviews.com\/it\/software-gestione-recensioni\/endorsal-recensione\/#breadcrumb","itemListElement":[{"@type":"ListItem","position":1,"name":"Home","item":"https:\/\/www.accuratereviews.com\/it\/"},{"@type":"ListItem","position":2,"name":"Software per la gestione delle recensioni","item":"https:\/\/www.accuratereviews.com\/it\/software-gestione-recensioni\/"},{"@type":"ListItem","position":3,"name":"Endorsal"}]},{"@type":"WebSite","@id":"https:\/\/www.accuratereviews.com\/it\/#website","url":"https:\/\/www.accuratereviews.com\/it\/","name":"Accurate Reviews","description":"","potentialAction":[{"@type":"SearchAction","target":{"@type":"EntryPoint","urlTemplate":"https:\/\/www.accuratereviews.com\/it\/?s={search_term_string}"},"query-input":{"@type":"PropertyValueSpecification","valueRequired":true,"valueName":"search_term_string"}}],"inLanguage":"it-IT"}]}},"_links":{"self":[{"href":"https:\/\/www.accuratereviews.com\/it\/wp-json\/wp\/v2\/pages\/68672","targetHints":{"allow":["GET"]}}],"collection":[{"href":"https:\/\/www.accuratereviews.com\/it\/wp-json\/wp\/v2\/pages"}],"about":[{"href":"https:\/\/www.accuratereviews.com\/it\/wp-json\/wp\/v2\/types\/page"}],"author":[{"embeddable":true,"href":"https:\/\/www.accuratereviews.com\/it\/wp-json\/wp\/v2\/users\/17"}],"replies":[{"embeddable":true,"href":"https:\/\/www.accuratereviews.com\/it\/wp-json\/wp\/v2\/comments?post=68672"}],"version-history":[{"count":5,"href":"https:\/\/www.accuratereviews.com\/it\/wp-json\/wp\/v2\/pages\/68672\/revisions"}],"predecessor-version":[{"id":68682,"href":"https:\/\/www.accuratereviews.com\/it\/wp-json\/wp\/v2\/pages\/68672\/revisions\/68682"}],"up":[{"embeddable":true,"href":"https:\/\/www.accuratereviews.com\/it\/wp-json\/wp\/v2\/pages\/60645"}],"wp:featuredmedia":[{"embeddable":true,"href":"https:\/\/www.accuratereviews.com\/it\/wp-json\/wp\/v2\/media\/68673"}],"wp:attachment":[{"href":"https:\/\/www.accuratereviews.com\/it\/wp-json\/wp\/v2\/media?parent=68672"}],"wp:term":[{"taxonomy":"category","embeddable":true,"href":"https:\/\/www.accuratereviews.com\/it\/wp-json\/wp\/v2\/categories?post=68672"},{"taxonomy":"post_tag","embeddable":true,"href":"https:\/\/www.accuratereviews.com\/it\/wp-json\/wp\/v2\/tags?post=68672"},{"taxonomy":"features","embeddable":true,"href":"https:\/\/www.accuratereviews.com\/it\/wp-json\/wp\/v2\/features?post=68672"}],"curies":[{"name":"wp","href":"https:\/\/api.w.org\/{rel}","templated":true}]}}