{"id":68691,"date":"2023-04-11T16:50:19","date_gmt":"2023-04-11T16:50:19","guid":{"rendered":"https:\/\/www.accuratereviews.com\/?page_id=68691"},"modified":"2023-04-11T16:50:19","modified_gmt":"2023-04-11T16:50:19","slug":"sheepcrm-recensione","status":"publish","type":"page","link":"https:\/\/www.accuratereviews.com\/it\/gestionale-per-associazioni\/sheepcrm-recensione\/","title":{"rendered":"SheepCRM"},"content":{"rendered":"<p><strong>SheepCRM<\/strong>, con sede nel Regno Unito, consente alle <strong>organizzazioni no profit<\/strong> di risparmiare tempo, aumentare il flusso di cassa e costruire relazioni migliori con i propri membri. Si integra con GoCardless, Stripe, Mailchimp, Eventbrite e WordPress. Automatizza le comunicazioni e mantieni i membri coinvolti con email e messaggi di testo. Usa i potenti report della soluzione per vedere l&#8217;andamento delle tue iscrizioni.<br \/>\n<strong>SheepCRM<\/strong> \u00e8 basato su <strong>cloud<\/strong>, il che significa che puoi lavorare da qualsiasi luogo con una connessione Internet, in qualsiasi momento. Offre al tuo team flessibilit\u00e0 su dove lavorare e ti consente di lavorare in modo collaborativo ed essere pi\u00f9 produttivo. Tutti i tuoi dati sono ospitati in modo sicuro, il che semplificher\u00e0 la tua vita senza doverti preoccupare di mantenere i tuoi dati privati e al sicuro.<\/p>\n<h2>SHEEPCRM &#8211; TUTORIAL<\/h2>\n<div id=\"fluid-wrapper-counter-1\" class=\"g1-fluid-wrapper \" style=\"width:686px;\">\n<div style=\"padding-bottom:56.268221574344%;\"><iframe loading=\"lazy\" title=\"SheepCRM: Venue Management - adding a new venue\" width=\"515\" height=\"386\" src=\"https:\/\/www.youtube.com\/embed\/SKeXz9JU7jE?feature=oembed&amp;wmode=transparent&amp;autohide=1&amp;autoplay=0&amp;disablekb=0&amp;fs=1&amp;loop=0&amp;enablejsapi=1&amp;rel=0&amp;controls=2&amp;showinfo=0&amp;wmode=transparent&amp;autohide=2&amp;autoplay=0&amp;disablekb=0&amp;fs=1&amp;loop=0&amp;enablejsapi=1&amp;rel=0&amp;controls=2&amp;showinfo=1\" frameborder=\"0\" allow=\"accelerometer; autoplay; clipboard-write; encrypted-media; gyroscope; picture-in-picture; web-share\" allowfullscreen><\/iframe><\/div>\n<\/div>\n<h3>SHEEPCRM &#8211; CARATTERISTICHE<\/h3>\n<ul>\n<li><strong>Massimizza i tuoi contatti<\/strong>: mantieni tutti i tuoi contatti in un unico luogo. Mantieni rapidamente e facilmente i record aggiornati per mantenere dati di alta qualit\u00e0.<\/li>\n<li><strong>Potenti filtri di ricerca<\/strong>: trova e filtra i tuoi membri per dati demografici, interessi o comportamenti. Individua modelli e segmenta i tuoi membri.<\/li>\n<li><strong>Automatizza<\/strong>: carica e automatizza le email e i promemoria del tuo normale &#8220;ciclo di vita&#8221;. Migliora i rinnovi e il flusso di cassa e crea il tempo per trovare nuovi membri.<\/li>\n<li><strong>Comunicazioni<\/strong>: connettiti con i tuoi membri tramite email o sms. Imposta email, messaggi, avvisi e promemoria regolari da automatizzare e invia newsletter tramite Mailchimp.<\/li>\n<li><strong>Tipi di abbonamento flessibili<\/strong>: crea pi\u00f9 tipi di abbonamento, mostra i loro prezzi e osserva la crescita degli abbonamenti e dei ricavi, con pagamenti online istantanei tramite le app bancarie integrate GoCardless e Stripe.<\/li>\n<li><strong>Abbonamenti flessibili:<\/strong> crea tipi di abbonamento per attirare i tipi di membri che preferisci.<\/li>\n<li><strong>Pagamenti<\/strong>: riconcilia automaticamente i pagamenti degli abbonamenti tramite addebito diretto e carte bancarie, oltre a registrare manualmente assegni e contanti.<\/li>\n<li><strong>Rinnovi automatici<\/strong>: i\u00a0rinnovi automatici possono offrire un \u00a0pagamento rapido dei membri, con conseguente migliore flusso di cassa.<\/li>\n<li><strong>Automatizza tutto:<\/strong> integra GoCardless, Stripe e Xero per la fatturazione e la riconciliazione automatizzate.<\/li>\n<li><strong>Gestione di eventi<\/strong>: crea i tuoi eventi, vendi biglietti e monitora le presenze.<\/li>\n<li><strong>Promozione dell&#8217;evento<\/strong>: delizia i tuoi membri con un flusso di acquisto semplice e splendide pagine degli eventi che potranno essere visualizzate da qualsiasi dispositivo.<\/li>\n<li><strong>Biglietteria<\/strong>: inizia a vendere i biglietti in pochi minuti con un semplice processo di configurazione. Tieni traccia delle entrate e individua i modelli in tempo reale.<\/li>\n<li><strong>Monitoraggio delle presenze:<\/strong> tieni traccia delle vendite in tempo reale e monitora la partecipazione agli eventi per comprendere i tuoi membri e progettare eventi migliori.<\/li>\n<li><strong>Report personalizzati<\/strong>: \u00e8\u00a0possibile creare report personalizzati per aiutarti ad analizzare e pianificare in modo efficace.<\/li>\n<\/ul>\n<h4>LE RECESIONI DEGLI UTENTI<\/h4>\n<p><strong>Sara Beth &#8220;Recensione di SheepCRM&#8221;<\/strong><br \/>\n<strong>Commenti<\/strong>: Brillante! Grazie mille al team per tutto quello che fate per sostenerci.<br \/>\n<strong>Pro<\/strong>: &#8211; il supporto del team \u00e8 rapido e proattivo &#8211; fornisce funzionalit\u00e0 che ci consentono di gestire, far crescere e supportare la nostra adesione &#8211; facilit\u00e0 d&#8217;uso &#8211; la capacit\u00e0 di integrarsi con altre piattaforme &#8211; l&#8217;interfaccia \u00e8 accattivante e semplice da usare<br \/>\n<strong>Contro<\/strong>: &#8211; l&#8217;aggiornamento di alcune funzioni richiede un po&#8217; di tempo, ad esempio l&#8217;unione di duplicati\/l&#8217;aggiornamento delle iscrizioni<\/p>\n<p><strong>Paul &#8220;Software flessibile per gestire un&#8217;associazione&#8221;<\/strong><br \/>\n<strong>Commenti<\/strong>: Sheep consente un livello di automazione, gestione e infrastruttura che consente all&#8217;azienda di crescere. Anche sapere che c&#8217;\u00e8 un piccolo team dedicato che lavora costantemente sul sistema e lavorare con noi \u00e8 una risorsa fantastica.<br \/>\n<strong>Pro<\/strong>: La capacit\u00e0 di integrare perfettamente SheepCRM con una variet\u00e0 di altre piattaforme che ci consente, come organizzazione, di gestire meglio risorse e sistemi. Non solo ci ha permesso di risparmiare tempo e denaro, ma ha anche permesso all&#8217;azienda di crescere.<br \/>\n<strong>Contro<\/strong>: Il sistema funziona meglio con terze parti specifiche, se hai bisogno di altre terze parti pu\u00f2 essere fatto ma ci sono costi aggiuntivi<\/p>\n<p><strong>Valeria &#8220;Eccellente servizio clienti&#8221;<\/strong><br \/>\n<strong>Aspetti positivi:<\/strong> &#8211; Il servizio clienti \u00e8 rapido e disponibile. Aiutano davvero a personalizzare il prodotto in base alle tue esigenze. &#8211; Semplice e facile da usare.<br \/>\n<strong>Contro<\/strong>: &#8211; A volte pu\u00f2 essere un po&#8217; lento &#8211; Alcuni errori possono essere difficili da correggere senza l&#8217;aiuto del servizio clienti<\/p>\n","protected":false},"excerpt":{"rendered":"<p>SheepCRM, con sede nel Regno Unito, consente alle organizzazioni no profit di risparmiare tempo, aumentare il flusso di cassa e costruire relazioni migliori con i propri membri. Si integra con GoCardless, Stripe, Mailchimp, Eventbrite e Wordpress. Automatizza le comunicazioni e mantieni i membri coinvolti con email e messaggi di testo.<\/p>\n","protected":false},"author":19,"featured_media":68692,"parent":35837,"menu_order":0,"comment_status":"open","ping_status":"closed","template":"g1_template_page_review_new.php","meta":{"_acf_changed":false,"cwp_meta_box_check":"No","cwp_rev_product_name":"","cwp_rev_product_image":"","wppr_links":[],"cwp_rev_price":"","wppr_options":[],"wppr_pros":[],"wppr_cons":[],"_monsterinsights_skip_tracking":false,"_monsterinsights_sitenote_active":false,"_monsterinsights_sitenote_note":"","_monsterinsights_sitenote_category":0,"footnotes":""},"categories":[1943],"tags":[4940,2008,1949,14221,1947,1948],"features":[],"class_list":{"0":"post-68691","1":"page","2":"type-page","3":"status-publish","4":"has-post-thumbnail","6":"category-gestionale-per-associazioni-categoria","7":"tag-gestionale-associazioni","8":"tag-piattaforma-gestionale-associazioni","9":"tag-programma-gestionale-associazioni","10":"tag-sheepcrm","11":"tag-software-gestionale-associazioni","12":"tag-soluzione-gestionale-associazioni"},"wppr_data":{"cwp_meta_box_check":"No"},"acf":[],"yoast_head":"<!-- This site is optimized with the Yoast SEO plugin v27.4 - https:\/\/yoast.com\/product\/yoast-seo-wordpress\/ -->\n<title>SheepCRM: recensione gestionale associazioni Accurate Reviews<\/title>\n<meta name=\"description\" content=\"SheepCRM: software che consente di risparmiare tempo, aumentare il flusso di cassa e costruire relazioni migliori con i membri delle associazioni.\" \/>\n<meta name=\"robots\" content=\"index, follow, max-snippet:-1, max-image-preview:large, max-video-preview:-1\" \/>\n<link rel=\"canonical\" href=\"https:\/\/www.accuratereviews.com\/it\/gestionale-per-associazioni\/sheepcrm-recensione\/\" \/>\n<meta property=\"og:locale\" content=\"it_IT\" \/>\n<meta property=\"og:type\" content=\"article\" \/>\n<meta property=\"og:title\" content=\"SheepCRM: recensione gestionale associazioni Accurate Reviews\" \/>\n<meta property=\"og:description\" content=\"SheepCRM: software che consente di risparmiare tempo, aumentare il flusso di cassa e costruire relazioni migliori con i membri delle associazioni.\" \/>\n<meta property=\"og:url\" content=\"https:\/\/www.accuratereviews.com\/it\/gestionale-per-associazioni\/sheepcrm-recensione\/\" \/>\n<meta property=\"og:site_name\" content=\"Accurate Reviews\" \/>\n<meta property=\"og:image\" content=\"https:\/\/www.accuratereviews.com\/wp-content\/uploads\/2023\/04\/SheepCRM.jpeg\" \/>\n\t<meta property=\"og:image:width\" content=\"233\" \/>\n\t<meta property=\"og:image:height\" content=\"200\" \/>\n\t<meta property=\"og:image:type\" content=\"image\/jpeg\" \/>\n<meta name=\"twitter:card\" content=\"summary_large_image\" \/>\n<meta name=\"twitter:label1\" content=\"Tempo di lettura stimato\" \/>\n\t<meta name=\"twitter:data1\" content=\"4 minuti\" \/>\n<script type=\"application\/ld+json\" class=\"yoast-schema-graph\">{\"@context\":\"https:\\\/\\\/schema.org\",\"@graph\":[{\"@type\":\"WebPage\",\"@id\":\"https:\\\/\\\/www.accuratereviews.com\\\/it\\\/gestionale-per-associazioni\\\/sheepcrm-recensione\\\/\",\"url\":\"https:\\\/\\\/www.accuratereviews.com\\\/it\\\/gestionale-per-associazioni\\\/sheepcrm-recensione\\\/\",\"name\":\"SheepCRM: recensione gestionale associazioni Accurate Reviews\",\"isPartOf\":{\"@id\":\"https:\\\/\\\/www.accuratereviews.com\\\/it\\\/#website\"},\"primaryImageOfPage\":{\"@id\":\"https:\\\/\\\/www.accuratereviews.com\\\/it\\\/gestionale-per-associazioni\\\/sheepcrm-recensione\\\/#primaryimage\"},\"image\":{\"@id\":\"https:\\\/\\\/www.accuratereviews.com\\\/it\\\/gestionale-per-associazioni\\\/sheepcrm-recensione\\\/#primaryimage\"},\"thumbnailUrl\":\"https:\\\/\\\/www.accuratereviews.com\\\/wp-content\\\/uploads\\\/2023\\\/04\\\/SheepCRM.jpeg\",\"datePublished\":\"2023-04-11T16:50:19+00:00\",\"description\":\"SheepCRM: software che consente di risparmiare tempo, aumentare il flusso di cassa e costruire relazioni migliori con i membri delle associazioni.\",\"breadcrumb\":{\"@id\":\"https:\\\/\\\/www.accuratereviews.com\\\/it\\\/gestionale-per-associazioni\\\/sheepcrm-recensione\\\/#breadcrumb\"},\"inLanguage\":\"it-IT\",\"potentialAction\":[{\"@type\":\"ReadAction\",\"target\":[\"https:\\\/\\\/www.accuratereviews.com\\\/it\\\/gestionale-per-associazioni\\\/sheepcrm-recensione\\\/\"]}]},{\"@type\":\"ImageObject\",\"inLanguage\":\"it-IT\",\"@id\":\"https:\\\/\\\/www.accuratereviews.com\\\/it\\\/gestionale-per-associazioni\\\/sheepcrm-recensione\\\/#primaryimage\",\"url\":\"https:\\\/\\\/www.accuratereviews.com\\\/wp-content\\\/uploads\\\/2023\\\/04\\\/SheepCRM.jpeg\",\"contentUrl\":\"https:\\\/\\\/www.accuratereviews.com\\\/wp-content\\\/uploads\\\/2023\\\/04\\\/SheepCRM.jpeg\",\"width\":233,\"height\":200},{\"@type\":\"BreadcrumbList\",\"@id\":\"https:\\\/\\\/www.accuratereviews.com\\\/it\\\/gestionale-per-associazioni\\\/sheepcrm-recensione\\\/#breadcrumb\",\"itemListElement\":[{\"@type\":\"ListItem\",\"position\":1,\"name\":\"Home\",\"item\":\"https:\\\/\\\/www.accuratereviews.com\\\/it\\\/\"},{\"@type\":\"ListItem\",\"position\":2,\"name\":\"Gestionale per associazioni\",\"item\":\"https:\\\/\\\/www.accuratereviews.com\\\/it\\\/gestionale-per-associazioni\\\/\"},{\"@type\":\"ListItem\",\"position\":3,\"name\":\"SheepCRM\"}]},{\"@type\":\"WebSite\",\"@id\":\"https:\\\/\\\/www.accuratereviews.com\\\/it\\\/#website\",\"url\":\"https:\\\/\\\/www.accuratereviews.com\\\/it\\\/\",\"name\":\"Accurate Reviews\",\"description\":\"\",\"potentialAction\":[{\"@type\":\"SearchAction\",\"target\":{\"@type\":\"EntryPoint\",\"urlTemplate\":\"https:\\\/\\\/www.accuratereviews.com\\\/it\\\/?s={search_term_string}\"},\"query-input\":{\"@type\":\"PropertyValueSpecification\",\"valueRequired\":true,\"valueName\":\"search_term_string\"}}],\"inLanguage\":\"it-IT\"}]}<\/script>\n<!-- \/ Yoast SEO plugin. -->","yoast_head_json":{"title":"SheepCRM: recensione gestionale associazioni Accurate Reviews","description":"SheepCRM: software che consente di risparmiare tempo, aumentare il flusso di cassa e costruire relazioni migliori con i membri delle associazioni.","robots":{"index":"index","follow":"follow","max-snippet":"max-snippet:-1","max-image-preview":"max-image-preview:large","max-video-preview":"max-video-preview:-1"},"canonical":"https:\/\/www.accuratereviews.com\/it\/gestionale-per-associazioni\/sheepcrm-recensione\/","og_locale":"it_IT","og_type":"article","og_title":"SheepCRM: recensione gestionale associazioni Accurate Reviews","og_description":"SheepCRM: software che consente di risparmiare tempo, aumentare il flusso di cassa e costruire relazioni migliori con i membri delle associazioni.","og_url":"https:\/\/www.accuratereviews.com\/it\/gestionale-per-associazioni\/sheepcrm-recensione\/","og_site_name":"Accurate Reviews","og_image":[{"width":233,"height":200,"url":"https:\/\/www.accuratereviews.com\/wp-content\/uploads\/2023\/04\/SheepCRM.jpeg","type":"image\/jpeg"}],"twitter_card":"summary_large_image","twitter_misc":{"Tempo di lettura stimato":"4 minuti"},"schema":{"@context":"https:\/\/schema.org","@graph":[{"@type":"WebPage","@id":"https:\/\/www.accuratereviews.com\/it\/gestionale-per-associazioni\/sheepcrm-recensione\/","url":"https:\/\/www.accuratereviews.com\/it\/gestionale-per-associazioni\/sheepcrm-recensione\/","name":"SheepCRM: recensione gestionale associazioni Accurate Reviews","isPartOf":{"@id":"https:\/\/www.accuratereviews.com\/it\/#website"},"primaryImageOfPage":{"@id":"https:\/\/www.accuratereviews.com\/it\/gestionale-per-associazioni\/sheepcrm-recensione\/#primaryimage"},"image":{"@id":"https:\/\/www.accuratereviews.com\/it\/gestionale-per-associazioni\/sheepcrm-recensione\/#primaryimage"},"thumbnailUrl":"https:\/\/www.accuratereviews.com\/wp-content\/uploads\/2023\/04\/SheepCRM.jpeg","datePublished":"2023-04-11T16:50:19+00:00","description":"SheepCRM: software che consente di risparmiare tempo, aumentare il flusso di cassa e costruire relazioni migliori con i membri delle associazioni.","breadcrumb":{"@id":"https:\/\/www.accuratereviews.com\/it\/gestionale-per-associazioni\/sheepcrm-recensione\/#breadcrumb"},"inLanguage":"it-IT","potentialAction":[{"@type":"ReadAction","target":["https:\/\/www.accuratereviews.com\/it\/gestionale-per-associazioni\/sheepcrm-recensione\/"]}]},{"@type":"ImageObject","inLanguage":"it-IT","@id":"https:\/\/www.accuratereviews.com\/it\/gestionale-per-associazioni\/sheepcrm-recensione\/#primaryimage","url":"https:\/\/www.accuratereviews.com\/wp-content\/uploads\/2023\/04\/SheepCRM.jpeg","contentUrl":"https:\/\/www.accuratereviews.com\/wp-content\/uploads\/2023\/04\/SheepCRM.jpeg","width":233,"height":200},{"@type":"BreadcrumbList","@id":"https:\/\/www.accuratereviews.com\/it\/gestionale-per-associazioni\/sheepcrm-recensione\/#breadcrumb","itemListElement":[{"@type":"ListItem","position":1,"name":"Home","item":"https:\/\/www.accuratereviews.com\/it\/"},{"@type":"ListItem","position":2,"name":"Gestionale per associazioni","item":"https:\/\/www.accuratereviews.com\/it\/gestionale-per-associazioni\/"},{"@type":"ListItem","position":3,"name":"SheepCRM"}]},{"@type":"WebSite","@id":"https:\/\/www.accuratereviews.com\/it\/#website","url":"https:\/\/www.accuratereviews.com\/it\/","name":"Accurate Reviews","description":"","potentialAction":[{"@type":"SearchAction","target":{"@type":"EntryPoint","urlTemplate":"https:\/\/www.accuratereviews.com\/it\/?s={search_term_string}"},"query-input":{"@type":"PropertyValueSpecification","valueRequired":true,"valueName":"search_term_string"}}],"inLanguage":"it-IT"}]}},"_links":{"self":[{"href":"https:\/\/www.accuratereviews.com\/it\/wp-json\/wp\/v2\/pages\/68691","targetHints":{"allow":["GET"]}}],"collection":[{"href":"https:\/\/www.accuratereviews.com\/it\/wp-json\/wp\/v2\/pages"}],"about":[{"href":"https:\/\/www.accuratereviews.com\/it\/wp-json\/wp\/v2\/types\/page"}],"author":[{"embeddable":true,"href":"https:\/\/www.accuratereviews.com\/it\/wp-json\/wp\/v2\/users\/19"}],"replies":[{"embeddable":true,"href":"https:\/\/www.accuratereviews.com\/it\/wp-json\/wp\/v2\/comments?post=68691"}],"version-history":[{"count":9,"href":"https:\/\/www.accuratereviews.com\/it\/wp-json\/wp\/v2\/pages\/68691\/revisions"}],"predecessor-version":[{"id":68713,"href":"https:\/\/www.accuratereviews.com\/it\/wp-json\/wp\/v2\/pages\/68691\/revisions\/68713"}],"up":[{"embeddable":true,"href":"https:\/\/www.accuratereviews.com\/it\/wp-json\/wp\/v2\/pages\/35837"}],"wp:featuredmedia":[{"embeddable":true,"href":"https:\/\/www.accuratereviews.com\/it\/wp-json\/wp\/v2\/media\/68692"}],"wp:attachment":[{"href":"https:\/\/www.accuratereviews.com\/it\/wp-json\/wp\/v2\/media?parent=68691"}],"wp:term":[{"taxonomy":"category","embeddable":true,"href":"https:\/\/www.accuratereviews.com\/it\/wp-json\/wp\/v2\/categories?post=68691"},{"taxonomy":"post_tag","embeddable":true,"href":"https:\/\/www.accuratereviews.com\/it\/wp-json\/wp\/v2\/tags?post=68691"},{"taxonomy":"features","embeddable":true,"href":"https:\/\/www.accuratereviews.com\/it\/wp-json\/wp\/v2\/features?post=68691"}],"curies":[{"name":"wp","href":"https:\/\/api.w.org\/{rel}","templated":true}]}}