{"id":68767,"date":"2023-04-13T10:24:38","date_gmt":"2023-04-13T10:24:38","guid":{"rendered":"https:\/\/www.accuratereviews.com\/?page_id=68767"},"modified":"2023-04-13T10:24:38","modified_gmt":"2023-04-13T10:24:38","slug":"signpost-recensione","status":"publish","type":"page","link":"https:\/\/www.accuratereviews.com\/it\/software-gestione-recensioni\/signpost-recensione\/","title":{"rendered":"Signpost"},"content":{"rendered":"<p><strong>Signpost<\/strong> \u00e8 un <strong>software che gestisce e aumenta le recensioni<\/strong> dei clienti offrendo potenti strumenti di automazione che consentono di semplificare il lavoro e ottimizzare i tempi. Si rivolge a\u00a0tutti i tipi di imprese di servizi: elettricisti, imprese generali, imprese di HVAC, idraulici e altre imprese locali che vogliono migliorare la loro presenza online, raccogliendo le recensioni positive rilasciate dai clienti.<br \/>\nGrazie a<strong> Signpost\u00a0<\/strong>potrai comunicare con i clienti attraverso un unico hub di massaggistica e rispondere istantaneamente alle richieste di potenziali clienti. In questo modo non perderai lead, al contrario riuscirai a convertili.<\/p>\n<h2>SIGNPOST &#8211; TUTORIAL<\/h2>\n<div id=\"fluid-wrapper-counter-1\" class=\"g1-fluid-wrapper \" style=\"width:686px;\">\n<div style=\"padding-bottom:56.268221574344%;\"><iframe loading=\"lazy\" title=\"Get ahead and stay ahead with Signpost\" width=\"686\" height=\"386\" src=\"https:\/\/www.youtube.com\/embed\/Js82DGWGrGA?feature=oembed&amp;wmode=transparent&amp;autohide=1&amp;autoplay=0&amp;disablekb=0&amp;fs=1&amp;loop=0&amp;enablejsapi=1&amp;rel=0&amp;controls=2&amp;showinfo=0&amp;wmode=transparent&amp;autohide=2&amp;autoplay=0&amp;disablekb=0&amp;fs=1&amp;loop=0&amp;enablejsapi=1&amp;rel=0&amp;controls=2&amp;showinfo=1\" frameborder=\"0\" allow=\"accelerometer; autoplay; clipboard-write; encrypted-media; gyroscope; picture-in-picture; web-share\" allowfullscreen><\/iframe><\/div>\n<\/div>\n<h3>SIGNPOST &#8211; CARATTERISTICHE<\/h3>\n<ul>\n<li><strong>Servizio di segreteria telefonica<\/strong>: non perdere mai una chiamata. Gli addetti alla reception con sede negli Stati Uniti possono rispondere alle chiamate 24 ore su 24, 7 giorni su 7, per conto della vostra azienda.<\/li>\n<li><strong>Messaging Hub<\/strong>: risparmia ore di ricerca di messaggi. Comunica su pi\u00f9 social media e piattaforme di lead generation da un unico posto.<\/li>\n<li><strong>Risposta immediata<\/strong>: rispondi istantaneamente senza muovere un dito. Cattura i contatti mentre sei al lavoro, dopo l&#8217;orario di lavoro o in qualsiasi altro momento.<\/li>\n<li><strong>Promozioni<\/strong>: fidelizza i clienti con campagne promozionali. Crea campagne personalizzate di email e messaggi di testo per coinvolgere clienti potenziali ed esistenti.<\/li>\n<li><strong>Automazione marketing<\/strong>: semplifica la scrittura delle recensioni da parte dei clienti con campagne automatiche di richiesta di recensioni.<\/li>\n<li><strong>Raccolta feedback dei clienti<\/strong>: ottieni un feedback costruttivo per capire cosa pensano i clienti del tuo servizio.<\/li>\n<li><strong>Insight in tempo reale<\/strong>: guarda la tua reputazione online salire alle stelle. Dai un&#8217;occhiata alle recensioni recenti o visualizza i risultati specifici di un sito di recensioni.<\/li>\n<li><strong>App mobile<\/strong>: messaggistica sempre e ovunque. Non perdere mai un cliente grazie ai messaggi di testo di risposta immediata per i contatti o le chiamate perse di HomeAdvisor.<\/li>\n<li><strong>Integrazioni<\/strong>: connetti Signpost con il tuo CRM e altri software.<\/li>\n<\/ul>\n<h4>LE RECENSIONI DEGLI UTENTI<\/h4>\n<p><strong>Pietro &#8220;Vale ogni centesimo&#8221;<\/strong><br \/>\nCommenti: Molto soddisfatti. Ci ha aiutato a mostrare al mondo l&#8217;ottimo servizio che svolgiamo.<br \/>\nPro: Ci piace il fatto che catturi la voce, l&#8217;apprezzamento dei nostri clienti per il nostro servizio e li aiuti a condividerlo facilmente sui principali siti di recensioni. Ci aiuta anche a identificare i clienti che non hanno soddisfatto le loro aspettative, in modo da poter rimediare.<br \/>\nContro: Vorrei che identificasse che un cliente che \u00e8 stato sollecitato per una recensione da 6 a 12 volte non compiler\u00e0 una recensione, invece si arrabbia cos\u00ec tanto da darci un feedback negativo e quindi dobbiamo andare a rimuoverlo manualmente dalla mailing list.<\/p>\n<p><strong>Scott &#8220;Ottima azienda!&#8221;<\/strong><br \/>\nCommenti: Signpost e il suo team hanno fatto un ottimo lavoro per la nostra azienda. Il personale \u00e8 super disponibile e il prodotto continua ad evolversi per essere ancora pi\u00f9 vantaggioso. Abbiamo firmato con loro un po&#8217; pi\u00f9 di un anno fa e siamo passati da recensioni a una sola cifra a quasi 70. Altamente raccomandato!<br \/>\nPro: Signpost e il suo team hanno fatto un ottimo lavoro per la nostra azienda. Il personale \u00e8 super disponibile e il prodotto continua a evolversi per essere ancora pi\u00f9 vantaggioso. Abbiamo firmato con loro poco pi\u00f9 di un anno fa e siamo passati da recensioni a una sola cifra a quasi 70. Altamente raccomandato!<br \/>\nContro: Non mi viene in mente nulla di negativo.<\/p>\n<p><strong>Nate &#8220;Da un vero utente&#8221;<\/strong><br \/>\nCommenti: Ottimo servizio clienti. Prodotto mediocre. Mi sento spammoso quando SP fa le sue cose. Anche alcuni dei miei clienti si infastidiscono<br \/>\nPro: Ricevo molte recensioni e questo programma mi aiuta. Mi aiuta anche a tenere in ordine l&#8217;elenco dei miei clienti.<br \/>\nContro: Costoso. Non ha tutte le funzioni che voglio come traslocatore.<\/p>\n","protected":false},"excerpt":{"rendered":"<p>Signpost \u00e8 un software che gestisce e aumenta le recensioni dei clienti offrendo potenti strumenti di automazione che consentono di semplificare il lavoro e ottimizzare i tempi. Si rivolge a\u00a0tutti i tipi di imprese di servizi: elettricisti, imprese generali, imprese di HVAC, idraulici e altre imprese locali che vogliono migliorare la loro presenza online.<\/p>\n","protected":false},"author":17,"featured_media":68788,"parent":60645,"menu_order":0,"comment_status":"open","ping_status":"closed","template":"g1_template_page_review_new.php","meta":{"_acf_changed":false,"cwp_meta_box_check":"No","cwp_rev_product_name":"","cwp_rev_product_image":"","wppr_links":[],"cwp_rev_price":"","wppr_options":[],"wppr_pros":[],"wppr_cons":[],"_monsterinsights_skip_tracking":false,"_monsterinsights_sitenote_active":false,"_monsterinsights_sitenote_note":"","_monsterinsights_sitenote_category":0,"footnotes":""},"categories":[13158],"tags":[13178,13226,13248,13189,13246],"features":[],"class_list":{"0":"post-68767","1":"page","2":"type-page","3":"status-publish","4":"has-post-thumbnail","6":"category-software-per-la-gestione-delle-recensioni","7":"tag-app-gestione-recensioni","8":"tag-gestionale-recensioni","9":"tag-piattaforma-di-gestione-recensioni","10":"tag-programma-per-gestire-recensioni","11":"tag-software-di-gestione-recensioni"},"wppr_data":{"cwp_meta_box_check":"No"},"acf":[],"yoast_head":"<!-- This site is optimized with the Yoast SEO plugin v27.4 - https:\/\/yoast.com\/product\/yoast-seo-wordpress\/ -->\n<title>Signpost: software gestione recensioni - Accurate Reviews<\/title>\n<meta name=\"description\" content=\"Signpost \u00e8 un software che gestisce e aumenta le recensioni dei clienti offrendo potenti strumenti di automazione.\" \/>\n<meta name=\"robots\" content=\"index, follow, max-snippet:-1, max-image-preview:large, max-video-preview:-1\" \/>\n<link rel=\"canonical\" href=\"https:\/\/www.accuratereviews.com\/it\/software-gestione-recensioni\/signpost-recensione\/\" \/>\n<meta property=\"og:locale\" content=\"it_IT\" \/>\n<meta property=\"og:type\" content=\"article\" \/>\n<meta property=\"og:title\" content=\"Signpost: software gestione recensioni - Accurate Reviews\" \/>\n<meta property=\"og:description\" content=\"Signpost \u00e8 un software che gestisce e aumenta le recensioni dei clienti offrendo potenti strumenti di automazione.\" \/>\n<meta property=\"og:url\" content=\"https:\/\/www.accuratereviews.com\/it\/software-gestione-recensioni\/signpost-recensione\/\" \/>\n<meta property=\"og:site_name\" content=\"Accurate Reviews\" \/>\n<meta property=\"og:image\" content=\"https:\/\/www.accuratereviews.com\/wp-content\/uploads\/2023\/04\/Unknown-3.png\" \/>\n\t<meta property=\"og:image:width\" content=\"667\" \/>\n\t<meta property=\"og:image:height\" content=\"200\" \/>\n\t<meta property=\"og:image:type\" content=\"image\/png\" \/>\n<meta name=\"twitter:card\" content=\"summary_large_image\" \/>\n<meta name=\"twitter:label1\" content=\"Tempo di lettura stimato\" \/>\n\t<meta name=\"twitter:data1\" content=\"4 minuti\" \/>\n<script type=\"application\/ld+json\" class=\"yoast-schema-graph\">{\"@context\":\"https:\\\/\\\/schema.org\",\"@graph\":[{\"@type\":\"WebPage\",\"@id\":\"https:\\\/\\\/www.accuratereviews.com\\\/it\\\/software-gestione-recensioni\\\/signpost-recensione\\\/\",\"url\":\"https:\\\/\\\/www.accuratereviews.com\\\/it\\\/software-gestione-recensioni\\\/signpost-recensione\\\/\",\"name\":\"Signpost: software gestione recensioni - Accurate Reviews\",\"isPartOf\":{\"@id\":\"https:\\\/\\\/www.accuratereviews.com\\\/it\\\/#website\"},\"primaryImageOfPage\":{\"@id\":\"https:\\\/\\\/www.accuratereviews.com\\\/it\\\/software-gestione-recensioni\\\/signpost-recensione\\\/#primaryimage\"},\"image\":{\"@id\":\"https:\\\/\\\/www.accuratereviews.com\\\/it\\\/software-gestione-recensioni\\\/signpost-recensione\\\/#primaryimage\"},\"thumbnailUrl\":\"https:\\\/\\\/www.accuratereviews.com\\\/wp-content\\\/uploads\\\/2023\\\/04\\\/Unknown-3.png\",\"datePublished\":\"2023-04-13T10:24:38+00:00\",\"description\":\"Signpost \u00e8 un software che gestisce e aumenta le recensioni dei clienti offrendo potenti strumenti di automazione.\",\"breadcrumb\":{\"@id\":\"https:\\\/\\\/www.accuratereviews.com\\\/it\\\/software-gestione-recensioni\\\/signpost-recensione\\\/#breadcrumb\"},\"inLanguage\":\"it-IT\",\"potentialAction\":[{\"@type\":\"ReadAction\",\"target\":[\"https:\\\/\\\/www.accuratereviews.com\\\/it\\\/software-gestione-recensioni\\\/signpost-recensione\\\/\"]}]},{\"@type\":\"ImageObject\",\"inLanguage\":\"it-IT\",\"@id\":\"https:\\\/\\\/www.accuratereviews.com\\\/it\\\/software-gestione-recensioni\\\/signpost-recensione\\\/#primaryimage\",\"url\":\"https:\\\/\\\/www.accuratereviews.com\\\/wp-content\\\/uploads\\\/2023\\\/04\\\/Unknown-3.png\",\"contentUrl\":\"https:\\\/\\\/www.accuratereviews.com\\\/wp-content\\\/uploads\\\/2023\\\/04\\\/Unknown-3.png\",\"width\":667,\"height\":200},{\"@type\":\"BreadcrumbList\",\"@id\":\"https:\\\/\\\/www.accuratereviews.com\\\/it\\\/software-gestione-recensioni\\\/signpost-recensione\\\/#breadcrumb\",\"itemListElement\":[{\"@type\":\"ListItem\",\"position\":1,\"name\":\"Home\",\"item\":\"https:\\\/\\\/www.accuratereviews.com\\\/it\\\/\"},{\"@type\":\"ListItem\",\"position\":2,\"name\":\"Software per la gestione delle recensioni\",\"item\":\"https:\\\/\\\/www.accuratereviews.com\\\/it\\\/software-gestione-recensioni\\\/\"},{\"@type\":\"ListItem\",\"position\":3,\"name\":\"Signpost\"}]},{\"@type\":\"WebSite\",\"@id\":\"https:\\\/\\\/www.accuratereviews.com\\\/it\\\/#website\",\"url\":\"https:\\\/\\\/www.accuratereviews.com\\\/it\\\/\",\"name\":\"Accurate Reviews\",\"description\":\"\",\"potentialAction\":[{\"@type\":\"SearchAction\",\"target\":{\"@type\":\"EntryPoint\",\"urlTemplate\":\"https:\\\/\\\/www.accuratereviews.com\\\/it\\\/?s={search_term_string}\"},\"query-input\":{\"@type\":\"PropertyValueSpecification\",\"valueRequired\":true,\"valueName\":\"search_term_string\"}}],\"inLanguage\":\"it-IT\"}]}<\/script>\n<!-- \/ Yoast SEO plugin. -->","yoast_head_json":{"title":"Signpost: software gestione recensioni - Accurate Reviews","description":"Signpost \u00e8 un software che gestisce e aumenta le recensioni dei clienti offrendo potenti strumenti di automazione.","robots":{"index":"index","follow":"follow","max-snippet":"max-snippet:-1","max-image-preview":"max-image-preview:large","max-video-preview":"max-video-preview:-1"},"canonical":"https:\/\/www.accuratereviews.com\/it\/software-gestione-recensioni\/signpost-recensione\/","og_locale":"it_IT","og_type":"article","og_title":"Signpost: software gestione recensioni - Accurate Reviews","og_description":"Signpost \u00e8 un software che gestisce e aumenta le recensioni dei clienti offrendo potenti strumenti di automazione.","og_url":"https:\/\/www.accuratereviews.com\/it\/software-gestione-recensioni\/signpost-recensione\/","og_site_name":"Accurate Reviews","og_image":[{"width":667,"height":200,"url":"https:\/\/www.accuratereviews.com\/wp-content\/uploads\/2023\/04\/Unknown-3.png","type":"image\/png"}],"twitter_card":"summary_large_image","twitter_misc":{"Tempo di lettura stimato":"4 minuti"},"schema":{"@context":"https:\/\/schema.org","@graph":[{"@type":"WebPage","@id":"https:\/\/www.accuratereviews.com\/it\/software-gestione-recensioni\/signpost-recensione\/","url":"https:\/\/www.accuratereviews.com\/it\/software-gestione-recensioni\/signpost-recensione\/","name":"Signpost: software gestione recensioni - Accurate Reviews","isPartOf":{"@id":"https:\/\/www.accuratereviews.com\/it\/#website"},"primaryImageOfPage":{"@id":"https:\/\/www.accuratereviews.com\/it\/software-gestione-recensioni\/signpost-recensione\/#primaryimage"},"image":{"@id":"https:\/\/www.accuratereviews.com\/it\/software-gestione-recensioni\/signpost-recensione\/#primaryimage"},"thumbnailUrl":"https:\/\/www.accuratereviews.com\/wp-content\/uploads\/2023\/04\/Unknown-3.png","datePublished":"2023-04-13T10:24:38+00:00","description":"Signpost \u00e8 un software che gestisce e aumenta le recensioni dei clienti offrendo potenti strumenti di automazione.","breadcrumb":{"@id":"https:\/\/www.accuratereviews.com\/it\/software-gestione-recensioni\/signpost-recensione\/#breadcrumb"},"inLanguage":"it-IT","potentialAction":[{"@type":"ReadAction","target":["https:\/\/www.accuratereviews.com\/it\/software-gestione-recensioni\/signpost-recensione\/"]}]},{"@type":"ImageObject","inLanguage":"it-IT","@id":"https:\/\/www.accuratereviews.com\/it\/software-gestione-recensioni\/signpost-recensione\/#primaryimage","url":"https:\/\/www.accuratereviews.com\/wp-content\/uploads\/2023\/04\/Unknown-3.png","contentUrl":"https:\/\/www.accuratereviews.com\/wp-content\/uploads\/2023\/04\/Unknown-3.png","width":667,"height":200},{"@type":"BreadcrumbList","@id":"https:\/\/www.accuratereviews.com\/it\/software-gestione-recensioni\/signpost-recensione\/#breadcrumb","itemListElement":[{"@type":"ListItem","position":1,"name":"Home","item":"https:\/\/www.accuratereviews.com\/it\/"},{"@type":"ListItem","position":2,"name":"Software per la gestione delle recensioni","item":"https:\/\/www.accuratereviews.com\/it\/software-gestione-recensioni\/"},{"@type":"ListItem","position":3,"name":"Signpost"}]},{"@type":"WebSite","@id":"https:\/\/www.accuratereviews.com\/it\/#website","url":"https:\/\/www.accuratereviews.com\/it\/","name":"Accurate Reviews","description":"","potentialAction":[{"@type":"SearchAction","target":{"@type":"EntryPoint","urlTemplate":"https:\/\/www.accuratereviews.com\/it\/?s={search_term_string}"},"query-input":{"@type":"PropertyValueSpecification","valueRequired":true,"valueName":"search_term_string"}}],"inLanguage":"it-IT"}]}},"_links":{"self":[{"href":"https:\/\/www.accuratereviews.com\/it\/wp-json\/wp\/v2\/pages\/68767","targetHints":{"allow":["GET"]}}],"collection":[{"href":"https:\/\/www.accuratereviews.com\/it\/wp-json\/wp\/v2\/pages"}],"about":[{"href":"https:\/\/www.accuratereviews.com\/it\/wp-json\/wp\/v2\/types\/page"}],"author":[{"embeddable":true,"href":"https:\/\/www.accuratereviews.com\/it\/wp-json\/wp\/v2\/users\/17"}],"replies":[{"embeddable":true,"href":"https:\/\/www.accuratereviews.com\/it\/wp-json\/wp\/v2\/comments?post=68767"}],"version-history":[{"count":3,"href":"https:\/\/www.accuratereviews.com\/it\/wp-json\/wp\/v2\/pages\/68767\/revisions"}],"predecessor-version":[{"id":68795,"href":"https:\/\/www.accuratereviews.com\/it\/wp-json\/wp\/v2\/pages\/68767\/revisions\/68795"}],"up":[{"embeddable":true,"href":"https:\/\/www.accuratereviews.com\/it\/wp-json\/wp\/v2\/pages\/60645"}],"wp:featuredmedia":[{"embeddable":true,"href":"https:\/\/www.accuratereviews.com\/it\/wp-json\/wp\/v2\/media\/68788"}],"wp:attachment":[{"href":"https:\/\/www.accuratereviews.com\/it\/wp-json\/wp\/v2\/media?parent=68767"}],"wp:term":[{"taxonomy":"category","embeddable":true,"href":"https:\/\/www.accuratereviews.com\/it\/wp-json\/wp\/v2\/categories?post=68767"},{"taxonomy":"post_tag","embeddable":true,"href":"https:\/\/www.accuratereviews.com\/it\/wp-json\/wp\/v2\/tags?post=68767"},{"taxonomy":"features","embeddable":true,"href":"https:\/\/www.accuratereviews.com\/it\/wp-json\/wp\/v2\/features?post=68767"}],"curies":[{"name":"wp","href":"https:\/\/api.w.org\/{rel}","templated":true}]}}