{"id":68768,"date":"2023-04-13T12:57:43","date_gmt":"2023-04-13T12:57:43","guid":{"rendered":"https:\/\/www.accuratereviews.com\/?page_id=68768"},"modified":"2023-04-13T12:57:43","modified_gmt":"2023-04-13T12:57:43","slug":"member365-recensione","status":"publish","type":"page","link":"https:\/\/www.accuratereviews.com\/it\/gestionale-per-associazioni\/member365-recensione\/","title":{"rendered":"Member365"},"content":{"rendered":"<p><strong>Member365<\/strong> \u00e8 una <strong>piattaforma online<\/strong> progettata specificamente per le associazioni e le organizzazioni basate sui membri per aiutare ad aumentare le iscrizioni, automatizzare le attivit\u00e0 quotidiane basate sui dati e rafforzare il coinvolgimento dei membri. La <strong>soluzione all-in-on<\/strong>e elimina la necessit\u00e0 di gestire pi\u00f9 applicazioni fornendo una dashboard centralizzata e garantendo un processo di richiesta di iscrizione e rinnovo senza soluzione di continuit\u00e0.<br \/>\nIl programma, inoltre, offre strumenti per migliorare il coinvolgimento e la collaborazione dei membri offrendo servizi come certificazione, formazione online, oltre a spazi di lavoro collaborativi e bacheche di lavoro. Gli utenti possono ottenere una visione a 360 gradi sull&#8217;attivit\u00e0 di ciascun contatto e collegarli a eventi, note, registri delle chiamate e cronologia degli acquisti per ottenere informazioni pi\u00f9 approfondite sui dati dei membri.<\/p>\n<h2>MEMBER365 &#8211; TUTORIAL<\/h2>\n<div id=\"fluid-wrapper-counter-1\" class=\"g1-fluid-wrapper \" style=\"width:686px;\">\n<div style=\"padding-bottom:56.268221574344%;\"><iframe loading=\"lazy\" title=\"3 Marketing Strategies to Increase Membership Acquisition!\" width=\"686\" height=\"386\" src=\"https:\/\/www.youtube.com\/embed\/8o-u3I3Nm1g?list=PL-NeCEpTyuS5IEXJr2x8MPQH7MirX9TAC\" frameborder=\"0\" allow=\"accelerometer; autoplay; clipboard-write; encrypted-media; gyroscope; picture-in-picture; web-share\" allowfullscreen><\/iframe><\/div>\n<\/div>\n<h3>MEMBER365 &#8211; CARATTERISTICHE<\/h3>\n<ul>\n<li><strong>Tutto ci\u00f2 di cui hai bisogno<\/strong>: sostituisci molte app e usane una per risparmiare tempo e denaro, cos\u00ec puoi concentrarti su ci\u00f2 che conta di pi\u00f9: il coinvolgimento dei membri.<\/li>\n<li><strong>Dashboard di gestione delle iscrizioni<\/strong>: crea facilmente moduli di domanda di iscrizione e automatizza il processo di rinnovo per ridurre il tasso di abbandono e migliorare i tassi di rinnovo anno dopo anno. Ottieni l&#8217;accesso a tutte le tue statistiche di appartenenza attraverso una dashboard centralizzata.<\/li>\n<li><strong>Gestione dei record<\/strong>: gestisci facilmente tutti i tuoi contatti in un database in modo da avere accesso immediato a tutte le tue relazioni: membri, potenziali clienti, volontari, sponsor e molto altro. Ogni record di contatto fornisce una cronologia consolidata di ogni punto di contatto con la tua organizzazione che ti consente di avere un&#8217;istantanea a 360 gradi.<\/li>\n<li><strong>Email marketing e comunicazione<\/strong>: fai crescere il tuo messaggio e coinvolgi i membri inviando messaggi di posta elettronica dal design accattivante utilizzando l&#8217;editor di posta elettronica drag and drop di facile utilizzo.<\/li>\n<li><strong>Registrazione dell&#8217;evento<\/strong>: crea istantaneamente moduli di registrazione agli eventi che consentono ai membri di registrarsi al tuo prossimo evento imminente. Aggiungi l&#8217;elaborazione della carta di credito per garantire che i pagamenti vengano raccolti tempestivamente, risparmiando tempo e fatica.<\/li>\n<li><strong>Portale dei membri<\/strong>: consenti ai membri di servirsi autonomamente all&#8217;interno del portale. Qui possono facilmente aggiornare il proprio profilo, iscriversi alle comunicazioni email e scegliere come apparire nella directory.\u00a0Pubblica contenuti riservati ai membri, attiva forum di discussione e gestisci i tuoi comitati in un unico posto.<\/li>\n<li><strong>Processo di pagamento<\/strong>: aggiungi facilmente l&#8217;elaborazione dei pagamenti in modo che i membri possano pagare qualsiasi acquisto utilizzando la loro carta di credito.<\/li>\n<li><strong>Sistema di gestione dell&#8217;apprendimento (LMS)<\/strong>: fornisci programmi di formazione online, aumenta il coinvolgimento dei membri e migliora il valore della tua iscrizione utilizzando LMS.<\/li>\n<li><strong>Monitoraggio della formazione continua (CE)<\/strong>: gestisci il tuo programma di certificazione fornendo il tracker CE ai membri in modo che possano segnalare autonomamente i crediti guadagnati.<\/li>\n<li><strong>Raccolta fondi<\/strong>: crea campagne di raccolta fondi che consentano ai contatti di donare facilmente, attivare donazioni ricorrenti e ricevere ricevute fiscali automatizzate. Tieni traccia di tutti i progressi della raccolta fondi attraverso le dashboard di raccolta fondi appositamente create.<\/li>\n<li><strong>Negozio online<\/strong>: vendi opportunit\u00e0 di sponsorizzazione, SWAG dei membri, pubblicazioni e altre risorse attraverso il tuo negozio online.<\/li>\n<li><strong>Bacheca di lavoro<\/strong>: aumenta le tue entrate aggiungendo la bacheca di lavoro al tuo sito web. Gestisci automaticamente la tua bacheca di lavoro: pubblicazione, approvazione e pagamenti in un unico posto.<\/li>\n<li><strong>Sondaggio e votazione<\/strong>: rimani aggiornato su ci\u00f2 che conta di pi\u00f9 coinvolgendo i membri per il loro feedback utilizzando la funzione di sondaggio e votazione. Tutti i feedback vengono raccolti e resi disponibili tramite la dashboard di invio.<\/li>\n<li><strong>Forum di discussione dei membri:<\/strong> incoraggia la comunicazione e la collaborazione tra i membri abilitando il forum di discussione all&#8217;interno del portale dei membri.<\/li>\n<\/ul>\n<h4>LE RECENSIONI DEGLI UTENTI<\/h4>\n<p><strong>Jacqui &#8220;Fantastico prodotto&#8221;<\/strong><br \/>\n<strong>Commenti<\/strong>: Abbiamo davvero apprezzato la nostra esperienza complessiva con Member365. Tutto il personale di supporto \u00e8 stato molto reattivo e disponibile. Ci sono ancora funzionalit\u00e0 che stiamo esplorando e non vediamo l&#8217;ora di utilizzare davvero il software al massimo delle sue potenzialit\u00e0.<br \/>\n<strong>Pro<\/strong>: Member365 ha un grande supporto e quindi ha contribuito a rendere la transizione a questa piattaforma senza problemi.<br \/>\n<strong>Contro<\/strong>: Ci sono alcune funzionalit\u00e0 dell&#8217;evento che vorrei aggiungere e sarebbe fantastico se ci fosse un modo per avere un&#8217;app user-friendly per i membri per mostrare l&#8217;iscrizione, visualizzare i vantaggi per i membri e prenotare eventi.<\/p>\n<p><strong>Tim &#8220;Il modo in cui Member365 ha semplificato la gestione degli abbonamenti per Collective Music Nation&#8221;<\/strong><br \/>\n<strong>Commenti<\/strong>: Member365 e il team non sono stati altro che esemplari e non vediamo l&#8217;ora di lavorare per anni e anni con Member365.<br \/>\n<strong>Pro<\/strong>: Alcune delle funzionalit\u00e0 di maggiore impatto di Member365 includono la sua capacit\u00e0 di automatizzare il rinnovo dell&#8217;iscrizione e abilitare l&#8217;elaborazione sicura dei pagamenti conforme a PCI. La facilit\u00e0 per i membri di registrarsi senza dover ricordare la propria password. L&#8217;integrazione con i processi aziendali correnti \u00e8 stata utile con l&#8217;helpdesk di Member365.<br \/>\n<strong>Contro<\/strong>: Non c&#8217;\u00e8 niente che abbiamo usato che non fosse fantastico per il nostro scopo. Gli articoli che non abbiamo ancora usato sono perch\u00e9 non siamo ancora pronti per loro ma hanno un bell&#8217;aspetto.<\/p>\n<p><strong>Dalyce &#8220;Member365 ci aiuta ad avere successo&#8221;<\/strong><br \/>\n<strong>Commenti<\/strong>: Sono stato estremamente soddisfatto di Member365.<br \/>\n<strong>Pro<\/strong>: Member365 \u00e8 stato facile da usare e il team di onboarding \u00e8 stato eccellente nell&#8217;aiutarci a impostare la nostra integrazione ed esecuzione!<br \/>\n<strong>Contro<\/strong>: Vorrei che ci fossero alcune funzionalit\u00e0 aggiuntive in eBlast, in particolare per poter impostare un orario per la distribuzione e pi\u00f9 funzionalit\u00e0 che hanno altri fornitori di terze parti. Sarebbe bello vedere alla fine una piattaforma e un portale di appartenenza dall&#8217;aspetto pi\u00f9 moderno. Inoltre, sarebbe bello se M365 collaborasse con MySpreadshop o altri fornitori di terze parti di merchandising, in modo da poter ridurre l&#8217;utilizzo di altre societ\u00e0 di terze parti.<\/p>\n","protected":false},"excerpt":{"rendered":"<p>Member365 \u00e8 una piattaforma online progettata specificamente per le associazioni e le organizzazioni basate sui membri per aiutare ad aumentare le iscrizioni, automatizzare le attivit\u00e0 quotidiane basate sui dati e rafforzare il coinvolgimento dei membri. La soluzione all-in-one elimina la necessit\u00e0 di gestire pi\u00f9 applicazioni fornendo una dashboard centralizzata e garantendo un processo di richiesta di iscrizione e rinnovo senza soluzione di continuit\u00e0.<\/p>\n","protected":false},"author":19,"featured_media":68770,"parent":35837,"menu_order":0,"comment_status":"open","ping_status":"closed","template":"g1_template_page_review_new.php","meta":{"_acf_changed":false,"cwp_meta_box_check":"Yes","cwp_rev_product_name":"","cwp_rev_product_image":"","wppr_links":[],"cwp_rev_price":"0.00","wppr_options":[{"name":"Usability","value":"0"},{"name":"Speed","value":"0"},{"name":"Features","value":"0"},{"name":"Support","value":"0"},{"name":"Pricing","value":"0"}],"wppr_pros":["","","","",""],"wppr_cons":["","","","",""],"_monsterinsights_skip_tracking":false,"_monsterinsights_sitenote_active":false,"_monsterinsights_sitenote_note":"","_monsterinsights_sitenote_category":0,"footnotes":""},"categories":[1943],"tags":[4940,14232,2008,14233,1947,1948],"features":[],"class_list":{"0":"post-68768","1":"page","2":"type-page","3":"status-publish","4":"has-post-thumbnail","6":"category-gestionale-per-associazioni-categoria","7":"tag-gestionale-associazioni","8":"tag-member365","9":"tag-piattaforma-gestionale-associazioni","10":"tag-programma-gestionale-associaizioni","11":"tag-software-gestionale-associazioni","12":"tag-soluzione-gestionale-associazioni"},"wppr_data":{"cwp_meta_box_check":"Yes","_wppr_review_template":"default","cwp_rev_product_image":"","cwp_image_link":"image","wppr_links":[],"cwp_rev_price":"0.00","wppr_pros":["","","","",""],"wppr_cons":["","","","",""],"wppr_rating":"0.00","wppr_options":{"1":{"name":"Usability","value":"0"},"2":{"name":"Speed","value":"0"},"3":{"name":"Features","value":"0"},"4":{"name":"Support","value":"0"},"5":{"name":"Pricing","value":"0"}},"wppr_review_type":"Product","wppr_review_custom_fields":{"additionalProperty":"","additionalType":"","aggregateRating":"","alternateName":"","audience":"","award":"","awards":"","brand":"","color":"","depth":"","description":"","disambiguatingDescription":"","gtin12":"","gtin13":"","gtin14":"","gtin8":"","height":"","identifier":"","image":"","isAccessoryOrSparePartFor":"","isConsumableFor":"","isRelatedTo":"","isSimilarTo":"","itemCondition":"","logo":"","mainEntityOfPage":"","manufacturer":"","material":"","model":"","mpn":"","name":"","offers":"","potentialAction":"","productID":"","productionDate":"","purchaseDate":"","releaseDate":"","review":"","reviews":"","sameAs":"","sku":"","slogan":"","subjectOf":"","url":"","weight":"","width":""}},"acf":[],"yoast_head":"<!-- This site is optimized with the Yoast SEO plugin v27.4 - https:\/\/yoast.com\/product\/yoast-seo-wordpress\/ -->\n<title>Member365: recensione gestionale associazioni Accurate Reviews<\/title>\n<meta name=\"description\" content=\"Member365: recensione piattaforma online progettata per la gestione delle associazioni e le organizzazioni basate sui membri.\" \/>\n<meta name=\"robots\" content=\"index, follow, max-snippet:-1, max-image-preview:large, max-video-preview:-1\" \/>\n<link rel=\"canonical\" href=\"https:\/\/www.accuratereviews.com\/it\/gestionale-per-associazioni\/member365-recensione\/\" \/>\n<meta property=\"og:locale\" content=\"it_IT\" \/>\n<meta property=\"og:type\" content=\"article\" \/>\n<meta property=\"og:title\" content=\"Member365: recensione gestionale associazioni Accurate Reviews\" \/>\n<meta property=\"og:description\" content=\"Member365: recensione piattaforma online progettata per la gestione delle associazioni e le organizzazioni basate sui membri.\" \/>\n<meta property=\"og:url\" content=\"https:\/\/www.accuratereviews.com\/it\/gestionale-per-associazioni\/member365-recensione\/\" \/>\n<meta property=\"og:site_name\" content=\"Accurate Reviews\" \/>\n<meta property=\"og:image\" content=\"https:\/\/www.accuratereviews.com\/wp-content\/uploads\/2023\/04\/Member365.jpeg\" \/>\n\t<meta property=\"og:image:width\" content=\"282\" \/>\n\t<meta property=\"og:image:height\" content=\"282\" \/>\n\t<meta property=\"og:image:type\" content=\"image\/jpeg\" \/>\n<meta name=\"twitter:card\" content=\"summary_large_image\" \/>\n<meta name=\"twitter:label1\" content=\"Tempo di lettura stimato\" \/>\n\t<meta name=\"twitter:data1\" content=\"6 minuti\" \/>\n<script type=\"application\/ld+json\" class=\"yoast-schema-graph\">{\"@context\":\"https:\\\/\\\/schema.org\",\"@graph\":[{\"@type\":\"WebPage\",\"@id\":\"https:\\\/\\\/www.accuratereviews.com\\\/it\\\/gestionale-per-associazioni\\\/member365-recensione\\\/\",\"url\":\"https:\\\/\\\/www.accuratereviews.com\\\/it\\\/gestionale-per-associazioni\\\/member365-recensione\\\/\",\"name\":\"Member365: recensione gestionale associazioni Accurate Reviews\",\"isPartOf\":{\"@id\":\"https:\\\/\\\/www.accuratereviews.com\\\/it\\\/#website\"},\"primaryImageOfPage\":{\"@id\":\"https:\\\/\\\/www.accuratereviews.com\\\/it\\\/gestionale-per-associazioni\\\/member365-recensione\\\/#primaryimage\"},\"image\":{\"@id\":\"https:\\\/\\\/www.accuratereviews.com\\\/it\\\/gestionale-per-associazioni\\\/member365-recensione\\\/#primaryimage\"},\"thumbnailUrl\":\"https:\\\/\\\/www.accuratereviews.com\\\/wp-content\\\/uploads\\\/2023\\\/04\\\/Member365.jpeg\",\"datePublished\":\"2023-04-13T12:57:43+00:00\",\"description\":\"Member365: recensione piattaforma online progettata per la gestione delle associazioni e le organizzazioni basate sui membri.\",\"breadcrumb\":{\"@id\":\"https:\\\/\\\/www.accuratereviews.com\\\/it\\\/gestionale-per-associazioni\\\/member365-recensione\\\/#breadcrumb\"},\"inLanguage\":\"it-IT\",\"potentialAction\":[{\"@type\":\"ReadAction\",\"target\":[\"https:\\\/\\\/www.accuratereviews.com\\\/it\\\/gestionale-per-associazioni\\\/member365-recensione\\\/\"]}]},{\"@type\":\"ImageObject\",\"inLanguage\":\"it-IT\",\"@id\":\"https:\\\/\\\/www.accuratereviews.com\\\/it\\\/gestionale-per-associazioni\\\/member365-recensione\\\/#primaryimage\",\"url\":\"https:\\\/\\\/www.accuratereviews.com\\\/wp-content\\\/uploads\\\/2023\\\/04\\\/Member365.jpeg\",\"contentUrl\":\"https:\\\/\\\/www.accuratereviews.com\\\/wp-content\\\/uploads\\\/2023\\\/04\\\/Member365.jpeg\",\"width\":282,\"height\":282},{\"@type\":\"BreadcrumbList\",\"@id\":\"https:\\\/\\\/www.accuratereviews.com\\\/it\\\/gestionale-per-associazioni\\\/member365-recensione\\\/#breadcrumb\",\"itemListElement\":[{\"@type\":\"ListItem\",\"position\":1,\"name\":\"Home\",\"item\":\"https:\\\/\\\/www.accuratereviews.com\\\/it\\\/\"},{\"@type\":\"ListItem\",\"position\":2,\"name\":\"Gestionale per associazioni\",\"item\":\"https:\\\/\\\/www.accuratereviews.com\\\/it\\\/gestionale-per-associazioni\\\/\"},{\"@type\":\"ListItem\",\"position\":3,\"name\":\"Member365\"}]},{\"@type\":\"WebSite\",\"@id\":\"https:\\\/\\\/www.accuratereviews.com\\\/it\\\/#website\",\"url\":\"https:\\\/\\\/www.accuratereviews.com\\\/it\\\/\",\"name\":\"Accurate Reviews\",\"description\":\"\",\"potentialAction\":[{\"@type\":\"SearchAction\",\"target\":{\"@type\":\"EntryPoint\",\"urlTemplate\":\"https:\\\/\\\/www.accuratereviews.com\\\/it\\\/?s={search_term_string}\"},\"query-input\":{\"@type\":\"PropertyValueSpecification\",\"valueRequired\":true,\"valueName\":\"search_term_string\"}}],\"inLanguage\":\"it-IT\"}]}<\/script>\n<!-- \/ Yoast SEO plugin. -->","yoast_head_json":{"title":"Member365: recensione gestionale associazioni Accurate Reviews","description":"Member365: recensione piattaforma online progettata per la gestione delle associazioni e le organizzazioni basate sui membri.","robots":{"index":"index","follow":"follow","max-snippet":"max-snippet:-1","max-image-preview":"max-image-preview:large","max-video-preview":"max-video-preview:-1"},"canonical":"https:\/\/www.accuratereviews.com\/it\/gestionale-per-associazioni\/member365-recensione\/","og_locale":"it_IT","og_type":"article","og_title":"Member365: recensione gestionale associazioni Accurate Reviews","og_description":"Member365: recensione piattaforma online progettata per la gestione delle associazioni e le organizzazioni basate sui membri.","og_url":"https:\/\/www.accuratereviews.com\/it\/gestionale-per-associazioni\/member365-recensione\/","og_site_name":"Accurate Reviews","og_image":[{"width":282,"height":282,"url":"https:\/\/www.accuratereviews.com\/wp-content\/uploads\/2023\/04\/Member365.jpeg","type":"image\/jpeg"}],"twitter_card":"summary_large_image","twitter_misc":{"Tempo di lettura stimato":"6 minuti"},"schema":{"@context":"https:\/\/schema.org","@graph":[{"@type":"WebPage","@id":"https:\/\/www.accuratereviews.com\/it\/gestionale-per-associazioni\/member365-recensione\/","url":"https:\/\/www.accuratereviews.com\/it\/gestionale-per-associazioni\/member365-recensione\/","name":"Member365: recensione gestionale associazioni Accurate Reviews","isPartOf":{"@id":"https:\/\/www.accuratereviews.com\/it\/#website"},"primaryImageOfPage":{"@id":"https:\/\/www.accuratereviews.com\/it\/gestionale-per-associazioni\/member365-recensione\/#primaryimage"},"image":{"@id":"https:\/\/www.accuratereviews.com\/it\/gestionale-per-associazioni\/member365-recensione\/#primaryimage"},"thumbnailUrl":"https:\/\/www.accuratereviews.com\/wp-content\/uploads\/2023\/04\/Member365.jpeg","datePublished":"2023-04-13T12:57:43+00:00","description":"Member365: recensione piattaforma online progettata per la gestione delle associazioni e le organizzazioni basate sui membri.","breadcrumb":{"@id":"https:\/\/www.accuratereviews.com\/it\/gestionale-per-associazioni\/member365-recensione\/#breadcrumb"},"inLanguage":"it-IT","potentialAction":[{"@type":"ReadAction","target":["https:\/\/www.accuratereviews.com\/it\/gestionale-per-associazioni\/member365-recensione\/"]}]},{"@type":"ImageObject","inLanguage":"it-IT","@id":"https:\/\/www.accuratereviews.com\/it\/gestionale-per-associazioni\/member365-recensione\/#primaryimage","url":"https:\/\/www.accuratereviews.com\/wp-content\/uploads\/2023\/04\/Member365.jpeg","contentUrl":"https:\/\/www.accuratereviews.com\/wp-content\/uploads\/2023\/04\/Member365.jpeg","width":282,"height":282},{"@type":"BreadcrumbList","@id":"https:\/\/www.accuratereviews.com\/it\/gestionale-per-associazioni\/member365-recensione\/#breadcrumb","itemListElement":[{"@type":"ListItem","position":1,"name":"Home","item":"https:\/\/www.accuratereviews.com\/it\/"},{"@type":"ListItem","position":2,"name":"Gestionale per associazioni","item":"https:\/\/www.accuratereviews.com\/it\/gestionale-per-associazioni\/"},{"@type":"ListItem","position":3,"name":"Member365"}]},{"@type":"WebSite","@id":"https:\/\/www.accuratereviews.com\/it\/#website","url":"https:\/\/www.accuratereviews.com\/it\/","name":"Accurate Reviews","description":"","potentialAction":[{"@type":"SearchAction","target":{"@type":"EntryPoint","urlTemplate":"https:\/\/www.accuratereviews.com\/it\/?s={search_term_string}"},"query-input":{"@type":"PropertyValueSpecification","valueRequired":true,"valueName":"search_term_string"}}],"inLanguage":"it-IT"}]}},"_links":{"self":[{"href":"https:\/\/www.accuratereviews.com\/it\/wp-json\/wp\/v2\/pages\/68768","targetHints":{"allow":["GET"]}}],"collection":[{"href":"https:\/\/www.accuratereviews.com\/it\/wp-json\/wp\/v2\/pages"}],"about":[{"href":"https:\/\/www.accuratereviews.com\/it\/wp-json\/wp\/v2\/types\/page"}],"author":[{"embeddable":true,"href":"https:\/\/www.accuratereviews.com\/it\/wp-json\/wp\/v2\/users\/19"}],"replies":[{"embeddable":true,"href":"https:\/\/www.accuratereviews.com\/it\/wp-json\/wp\/v2\/comments?post=68768"}],"version-history":[{"count":11,"href":"https:\/\/www.accuratereviews.com\/it\/wp-json\/wp\/v2\/pages\/68768\/revisions"}],"predecessor-version":[{"id":68801,"href":"https:\/\/www.accuratereviews.com\/it\/wp-json\/wp\/v2\/pages\/68768\/revisions\/68801"}],"up":[{"embeddable":true,"href":"https:\/\/www.accuratereviews.com\/it\/wp-json\/wp\/v2\/pages\/35837"}],"wp:featuredmedia":[{"embeddable":true,"href":"https:\/\/www.accuratereviews.com\/it\/wp-json\/wp\/v2\/media\/68770"}],"wp:attachment":[{"href":"https:\/\/www.accuratereviews.com\/it\/wp-json\/wp\/v2\/media?parent=68768"}],"wp:term":[{"taxonomy":"category","embeddable":true,"href":"https:\/\/www.accuratereviews.com\/it\/wp-json\/wp\/v2\/categories?post=68768"},{"taxonomy":"post_tag","embeddable":true,"href":"https:\/\/www.accuratereviews.com\/it\/wp-json\/wp\/v2\/tags?post=68768"},{"taxonomy":"features","embeddable":true,"href":"https:\/\/www.accuratereviews.com\/it\/wp-json\/wp\/v2\/features?post=68768"}],"curies":[{"name":"wp","href":"https:\/\/api.w.org\/{rel}","templated":true}]}}