{"id":68855,"date":"2023-04-19T07:01:38","date_gmt":"2023-04-19T07:01:38","guid":{"rendered":"https:\/\/www.accuratereviews.com\/?page_id=68855"},"modified":"2023-06-14T18:50:39","modified_gmt":"2023-06-14T18:50:39","slug":"nextware-pro-recensione","status":"publish","type":"page","link":"https:\/\/www.accuratereviews.com\/it\/gestionale-per-associazioni\/nextware-pro-recensione\/","title":{"rendered":"NextWare Pro"},"content":{"rendered":"<p><strong>NextWare Pro<\/strong> \u00e8 una<strong> soluzione di gestione organizzazioni<\/strong> senza scopo di lucro che aiuta a dare agli utenti pi\u00f9 tempo e risorse per concentrarsi sulla loro causa. Combina il set completo di funzionalit\u00e0 di gestione contabile e finanziaria che si aspetterebbero in un sistema di gestione aziendale, con una potente interfaccia per archiviare informazioni su tutti gli aspetti della propria associazione. Questo database pu\u00f2 essere utilizzato per gestire elenchi di donatori, dettagli di contatto, programmi di eventi, dati di report, adesioni e altro.\u00a0Il sistema combina la gestione di fondi, rendiconti finanziari e contabilit\u00e0 generale, informazioni sul personale, buste paga e altre operazioni interne con tutte le relazioni con i clienti tramite fatturazione automatica delle vendite, controllo del credito e servizio clienti.<\/p>\n<h2><a href=\"https:\/\/www.accuratereviews.com\/wp-content\/uploads\/2023\/04\/Screenshot-2023-04-18-alle-11.23.33.png\"><img loading=\"lazy\" decoding=\"async\" class=\"aligncenter wp-image-68863 size-full\" src=\"https:\/\/www.accuratereviews.com\/wp-content\/uploads\/2023\/04\/Screenshot-2023-04-18-alle-11.23.33.png\" alt=\"\" width=\"3420\" height=\"1564\" srcset=\"https:\/\/www.accuratereviews.com\/wp-content\/uploads\/2023\/04\/Screenshot-2023-04-18-alle-11.23.33.png 3420w, https:\/\/www.accuratereviews.com\/wp-content\/uploads\/2023\/04\/Screenshot-2023-04-18-alle-11.23.33-300x137.png 300w, https:\/\/www.accuratereviews.com\/wp-content\/uploads\/2023\/04\/Screenshot-2023-04-18-alle-11.23.33-1024x468.png 1024w, https:\/\/www.accuratereviews.com\/wp-content\/uploads\/2023\/04\/Screenshot-2023-04-18-alle-11.23.33-768x351.png 768w, https:\/\/www.accuratereviews.com\/wp-content\/uploads\/2023\/04\/Screenshot-2023-04-18-alle-11.23.33-1536x702.png 1536w, https:\/\/www.accuratereviews.com\/wp-content\/uploads\/2023\/04\/Screenshot-2023-04-18-alle-11.23.33-2048x937.png 2048w, https:\/\/www.accuratereviews.com\/wp-content\/uploads\/2023\/04\/Screenshot-2023-04-18-alle-11.23.33-50x23.png 50w, https:\/\/www.accuratereviews.com\/wp-content\/uploads\/2023\/04\/Screenshot-2023-04-18-alle-11.23.33-260x119.png 260w, https:\/\/www.accuratereviews.com\/wp-content\/uploads\/2023\/04\/Screenshot-2023-04-18-alle-11.23.33-968x443.png 968w, https:\/\/www.accuratereviews.com\/wp-content\/uploads\/2023\/04\/Screenshot-2023-04-18-alle-11.23.33-636x291.png 636w, https:\/\/www.accuratereviews.com\/wp-content\/uploads\/2023\/04\/Screenshot-2023-04-18-alle-11.23.33-320x146.png 320w, https:\/\/www.accuratereviews.com\/wp-content\/uploads\/2023\/04\/Screenshot-2023-04-18-alle-11.23.33-239x109.png 239w\" sizes=\"auto, (max-width: 3420px) 100vw, 3420px\" \/><\/a><\/h2>\n<h2>NEXTWARE PRO &#8211; CARATTERISTICHE<\/h2>\n<ul>\n<li>Consente la gestione di tutto ci\u00f2 che attiene agli iscritti: anagrafiche, cariche, gestione e rinnovi quote, ecc<\/li>\n<li>Attivit\u00e0 finalizzate alla ricerca fondi secondo le indicazioni dell\u2019Agenzia per il Non-Profit<\/li>\n<li>Produce le rendicontazioni previsti dalla riforma del Terzo Settore ed il bilancio sociale<\/li>\n<li>Consente la tenuta della contabilit\u00e0 per cassa, la stampa del rendiconto entrate\/uscite ed il rendiconto di gestione<\/li>\n<li>Tenuta della contabilit\u00e0 ordinaria con la separazione delle attivit\u00e0 istituzionale e commerciale<\/li>\n<li>Rendicontazione dei progetti<\/li>\n<li>Implementa la contabilit\u00e0 clienti\/fornitori, gestisce i flussi finanziari e consente le previsioni di cassa<\/li>\n<li>Gestisce i documenti del ciclo attivo (fatture e note credito elettroniche), la contabilizzazione, l\u2019invio all\u2019SdI<\/li>\n<li>Consente il caricamento e la gestione del registro cespiti e l\u2019assegnazione tramite note di carico e scarico<\/li>\n<li>Protocollo informatico e l\u2019archiviazione elettronica dei documenti nonch\u00e8 la gestione contabile<\/li>\n<li>Modulo verticale dedicato alla gestione dei fondi per il finanziamento dei progetti delle associazioni<\/li>\n<li>Consente la gestione della movimentazione degli articoli e dell\u2019inventario e il controllo delle giacenze<\/li>\n<li>Modulo verticale finalizzato alla gestione dei costi del personale e al controllo di gestione per commessa<\/li>\n<\/ul>\n<h3>LE RECENSIONI DEGLI UTENTI<\/h3>\n<p><strong>Michela &#8220;La competenza e la cortesia una dote professionale non da tutti&#8221;<\/strong><br \/>\n<strong>Commenti<\/strong>: E&#8217; da molti anni che utilizziamo il software ed \u00e8 perfetto si adatta ad ogni necessit\u00e0. L&#8217;assistenza \u00e8 molto presente e professionale.<br \/>\n<strong>Pro<\/strong>: Si adatta alle esigenze di ogni asociazione. Il software \u00e8 chiaro e intuitivo. Il personale \u00e8 molto qualificato. Fanno molte integrazioni durante l&#8217;anno per essere sempre preparati.<br \/>\n<strong>Contro<\/strong>: non ci sono stati problemi di alcun tipo<\/p>\n<p><strong>Elio &#8220;Consideriamo la vs. collaborazione di ottima qualit\u00e0&#8221;<\/strong><br \/>\n<strong>Commenti<\/strong>: il vostro programma ci \u00e8 stato consigliato da un altro vostro cliente. Tale programma ci ha permesso di gestire in modo efficiente il nostro lavoro legato alle adozioni a distanza.<br \/>\n<strong>Pro<\/strong>: Siamo soddisfatti perch\u00e8 riusciamo a lavorare bene con il programma e, quando ne abbiamo bisogno, siate sempre disponibili<br \/>\n<strong>Contro<\/strong>: Al momento non abbiamo riscontrato difficolt\u00e0, perch\u00e8 ogni volta siate disponibili ad aiutarci<\/p>\n<p><strong>Alessandro &#8220;Nextware verso Nuovi Orizzonti&#8221;<\/strong><br \/>\n<strong>Pro<\/strong>: Flessibilit\u00e0, aggiornamenti continui, personalizzazioni, analitica dinamica, import automatici<br \/>\n<strong>Contro<\/strong>: interfaccia grafica, modulo archiviazione documentale<\/p>\n","protected":false},"excerpt":{"rendered":"<p>NextWare Pro \u00e8 una soluzione di gestione organizzazioni senza scopo di lucro che aiuta a dare agli utenti pi\u00f9 tempo e risorse per concentrarsi sulla loro causa. Combina il set completo di funzionalit\u00e0 di gestione contabile e finanziaria che si aspetterebbero in un sistema di gestione aziendale, con una potente interfaccia per archiviare informazioni su tutti gli aspetti della propria associazione.<\/p>\n","protected":false},"author":19,"featured_media":68856,"parent":35837,"menu_order":0,"comment_status":"open","ping_status":"closed","template":"g1_template_page_review_new.php","meta":{"_acf_changed":false,"cwp_meta_box_check":"Yes","cwp_rev_product_name":"","cwp_rev_product_image":"","wppr_links":[],"cwp_rev_price":"0.00","wppr_options":[{"name":"Usability","value":"0"},{"name":"Speed","value":"0"},{"name":"Features","value":"0"},{"name":"Support","value":"0"},{"name":"Pricing","value":"0"}],"wppr_pros":["","","","",""],"wppr_cons":["","","","",""],"_monsterinsights_skip_tracking":false,"_monsterinsights_sitenote_active":false,"_monsterinsights_sitenote_note":"","_monsterinsights_sitenote_category":0,"footnotes":""},"categories":[1943],"tags":[4940,14243,14246,2098,14245,14244,2149,14247,2148],"features":[],"class_list":{"0":"post-68855","1":"page","2":"type-page","3":"status-publish","4":"has-post-thumbnail","6":"category-gestionale-per-associazioni-categoria","7":"tag-gestionale-associazioni","8":"tag-gestionale-no-profit","9":"tag-piattaforma-gestionale-no-profit","10":"tag-piattaforma-gestionale-per-associazioni","11":"tag-programma-gestionale-assoziazioni","12":"tag-programma-gestionale-no-profit","13":"tag-software-gestionale-per-associazioni","14":"tag-soluzione-gestionale-no-profit","15":"tag-soluzione-gestionale-per-associazioni"},"wppr_data":{"cwp_meta_box_check":"Yes","_wppr_review_template":"default","cwp_rev_product_image":"","cwp_image_link":"image","wppr_links":[],"cwp_rev_price":"0.00","wppr_pros":["","","","",""],"wppr_cons":["","","","",""],"wppr_rating":"0.00","wppr_options":{"1":{"name":"Usability","value":"0"},"2":{"name":"Speed","value":"0"},"3":{"name":"Features","value":"0"},"4":{"name":"Support","value":"0"},"5":{"name":"Pricing","value":"0"}},"wppr_review_type":"Product","wppr_review_custom_fields":{"additionalProperty":"","additionalType":"","aggregateRating":"","alternateName":"","audience":"","award":"","awards":"","brand":"","color":"","depth":"","description":"","disambiguatingDescription":"","gtin12":"","gtin13":"","gtin14":"","gtin8":"","height":"","identifier":"","image":"","isAccessoryOrSparePartFor":"","isConsumableFor":"","isRelatedTo":"","isSimilarTo":"","itemCondition":"","logo":"","mainEntityOfPage":"","manufacturer":"","material":"","model":"","mpn":"","name":"","offers":"","potentialAction":"","productID":"","productionDate":"","purchaseDate":"","releaseDate":"","review":"","reviews":"","sameAs":"","sku":"","slogan":"","subjectOf":"","url":"","weight":"","width":""}},"acf":[],"yoast_head":"<!-- This site is optimized with the Yoast SEO plugin v27.4 - https:\/\/yoast.com\/product\/yoast-seo-wordpress\/ -->\n<title>NextWare Pro: recensione gestionale associazioni - AR<\/title>\n<meta name=\"description\" content=\"NextWare Pro: recensione soluzione di gestione organizzazioni no profit che aiuta a dare agli utenti tempo e risorse per concentrarsi sulla causa\" \/>\n<meta name=\"robots\" content=\"index, follow, max-snippet:-1, max-image-preview:large, max-video-preview:-1\" \/>\n<link rel=\"canonical\" href=\"https:\/\/www.accuratereviews.com\/it\/gestionale-per-associazioni\/nextware-pro-recensione\/\" \/>\n<meta property=\"og:locale\" content=\"it_IT\" \/>\n<meta property=\"og:type\" content=\"article\" \/>\n<meta property=\"og:title\" content=\"NextWare Pro: recensione gestionale associazioni - AR\" \/>\n<meta property=\"og:description\" content=\"NextWare Pro: recensione soluzione di gestione organizzazioni no profit che aiuta a dare agli utenti tempo e risorse per concentrarsi sulla causa\" \/>\n<meta property=\"og:url\" content=\"https:\/\/www.accuratereviews.com\/it\/gestionale-per-associazioni\/nextware-pro-recensione\/\" \/>\n<meta property=\"og:site_name\" content=\"Accurate Reviews\" \/>\n<meta property=\"article:modified_time\" content=\"2023-06-14T18:50:39+00:00\" \/>\n<meta property=\"og:image\" content=\"https:\/\/www.accuratereviews.com\/wp-content\/uploads\/2023\/04\/NextWare-Pro.png\" \/>\n\t<meta property=\"og:image:width\" content=\"1967\" \/>\n\t<meta property=\"og:image:height\" content=\"508\" \/>\n\t<meta property=\"og:image:type\" content=\"image\/png\" \/>\n<meta name=\"twitter:card\" content=\"summary_large_image\" \/>\n<meta name=\"twitter:label1\" content=\"Tempo di lettura stimato\" \/>\n\t<meta name=\"twitter:data1\" content=\"3 minuti\" \/>\n<script type=\"application\/ld+json\" class=\"yoast-schema-graph\">{\"@context\":\"https:\\\/\\\/schema.org\",\"@graph\":[{\"@type\":\"WebPage\",\"@id\":\"https:\\\/\\\/www.accuratereviews.com\\\/it\\\/gestionale-per-associazioni\\\/nextware-pro-recensione\\\/\",\"url\":\"https:\\\/\\\/www.accuratereviews.com\\\/it\\\/gestionale-per-associazioni\\\/nextware-pro-recensione\\\/\",\"name\":\"NextWare Pro: recensione gestionale associazioni - AR\",\"isPartOf\":{\"@id\":\"https:\\\/\\\/www.accuratereviews.com\\\/it\\\/#website\"},\"primaryImageOfPage\":{\"@id\":\"https:\\\/\\\/www.accuratereviews.com\\\/it\\\/gestionale-per-associazioni\\\/nextware-pro-recensione\\\/#primaryimage\"},\"image\":{\"@id\":\"https:\\\/\\\/www.accuratereviews.com\\\/it\\\/gestionale-per-associazioni\\\/nextware-pro-recensione\\\/#primaryimage\"},\"thumbnailUrl\":\"https:\\\/\\\/www.accuratereviews.com\\\/wp-content\\\/uploads\\\/2023\\\/04\\\/NextWare-Pro.png\",\"datePublished\":\"2023-04-19T07:01:38+00:00\",\"dateModified\":\"2023-06-14T18:50:39+00:00\",\"description\":\"NextWare Pro: recensione soluzione di gestione organizzazioni no profit che aiuta a dare agli utenti tempo e risorse per concentrarsi sulla causa\",\"breadcrumb\":{\"@id\":\"https:\\\/\\\/www.accuratereviews.com\\\/it\\\/gestionale-per-associazioni\\\/nextware-pro-recensione\\\/#breadcrumb\"},\"inLanguage\":\"it-IT\",\"potentialAction\":[{\"@type\":\"ReadAction\",\"target\":[\"https:\\\/\\\/www.accuratereviews.com\\\/it\\\/gestionale-per-associazioni\\\/nextware-pro-recensione\\\/\"]}]},{\"@type\":\"ImageObject\",\"inLanguage\":\"it-IT\",\"@id\":\"https:\\\/\\\/www.accuratereviews.com\\\/it\\\/gestionale-per-associazioni\\\/nextware-pro-recensione\\\/#primaryimage\",\"url\":\"https:\\\/\\\/www.accuratereviews.com\\\/wp-content\\\/uploads\\\/2023\\\/04\\\/NextWare-Pro.png\",\"contentUrl\":\"https:\\\/\\\/www.accuratereviews.com\\\/wp-content\\\/uploads\\\/2023\\\/04\\\/NextWare-Pro.png\",\"width\":1967,\"height\":508},{\"@type\":\"BreadcrumbList\",\"@id\":\"https:\\\/\\\/www.accuratereviews.com\\\/it\\\/gestionale-per-associazioni\\\/nextware-pro-recensione\\\/#breadcrumb\",\"itemListElement\":[{\"@type\":\"ListItem\",\"position\":1,\"name\":\"Home\",\"item\":\"https:\\\/\\\/www.accuratereviews.com\\\/it\\\/\"},{\"@type\":\"ListItem\",\"position\":2,\"name\":\"Gestionale per associazioni\",\"item\":\"https:\\\/\\\/www.accuratereviews.com\\\/it\\\/gestionale-per-associazioni\\\/\"},{\"@type\":\"ListItem\",\"position\":3,\"name\":\"NextWare Pro\"}]},{\"@type\":\"WebSite\",\"@id\":\"https:\\\/\\\/www.accuratereviews.com\\\/it\\\/#website\",\"url\":\"https:\\\/\\\/www.accuratereviews.com\\\/it\\\/\",\"name\":\"Accurate Reviews\",\"description\":\"\",\"potentialAction\":[{\"@type\":\"SearchAction\",\"target\":{\"@type\":\"EntryPoint\",\"urlTemplate\":\"https:\\\/\\\/www.accuratereviews.com\\\/it\\\/?s={search_term_string}\"},\"query-input\":{\"@type\":\"PropertyValueSpecification\",\"valueRequired\":true,\"valueName\":\"search_term_string\"}}],\"inLanguage\":\"it-IT\"}]}<\/script>\n<!-- \/ Yoast SEO plugin. -->","yoast_head_json":{"title":"NextWare Pro: recensione gestionale associazioni - AR","description":"NextWare Pro: recensione soluzione di gestione organizzazioni no profit che aiuta a dare agli utenti tempo e risorse per concentrarsi sulla causa","robots":{"index":"index","follow":"follow","max-snippet":"max-snippet:-1","max-image-preview":"max-image-preview:large","max-video-preview":"max-video-preview:-1"},"canonical":"https:\/\/www.accuratereviews.com\/it\/gestionale-per-associazioni\/nextware-pro-recensione\/","og_locale":"it_IT","og_type":"article","og_title":"NextWare Pro: recensione gestionale associazioni - AR","og_description":"NextWare Pro: recensione soluzione di gestione organizzazioni no profit che aiuta a dare agli utenti tempo e risorse per concentrarsi sulla causa","og_url":"https:\/\/www.accuratereviews.com\/it\/gestionale-per-associazioni\/nextware-pro-recensione\/","og_site_name":"Accurate Reviews","article_modified_time":"2023-06-14T18:50:39+00:00","og_image":[{"width":1967,"height":508,"url":"https:\/\/www.accuratereviews.com\/wp-content\/uploads\/2023\/04\/NextWare-Pro.png","type":"image\/png"}],"twitter_card":"summary_large_image","twitter_misc":{"Tempo di lettura stimato":"3 minuti"},"schema":{"@context":"https:\/\/schema.org","@graph":[{"@type":"WebPage","@id":"https:\/\/www.accuratereviews.com\/it\/gestionale-per-associazioni\/nextware-pro-recensione\/","url":"https:\/\/www.accuratereviews.com\/it\/gestionale-per-associazioni\/nextware-pro-recensione\/","name":"NextWare Pro: recensione gestionale associazioni - AR","isPartOf":{"@id":"https:\/\/www.accuratereviews.com\/it\/#website"},"primaryImageOfPage":{"@id":"https:\/\/www.accuratereviews.com\/it\/gestionale-per-associazioni\/nextware-pro-recensione\/#primaryimage"},"image":{"@id":"https:\/\/www.accuratereviews.com\/it\/gestionale-per-associazioni\/nextware-pro-recensione\/#primaryimage"},"thumbnailUrl":"https:\/\/www.accuratereviews.com\/wp-content\/uploads\/2023\/04\/NextWare-Pro.png","datePublished":"2023-04-19T07:01:38+00:00","dateModified":"2023-06-14T18:50:39+00:00","description":"NextWare Pro: recensione soluzione di gestione organizzazioni no profit che aiuta a dare agli utenti tempo e risorse per concentrarsi sulla causa","breadcrumb":{"@id":"https:\/\/www.accuratereviews.com\/it\/gestionale-per-associazioni\/nextware-pro-recensione\/#breadcrumb"},"inLanguage":"it-IT","potentialAction":[{"@type":"ReadAction","target":["https:\/\/www.accuratereviews.com\/it\/gestionale-per-associazioni\/nextware-pro-recensione\/"]}]},{"@type":"ImageObject","inLanguage":"it-IT","@id":"https:\/\/www.accuratereviews.com\/it\/gestionale-per-associazioni\/nextware-pro-recensione\/#primaryimage","url":"https:\/\/www.accuratereviews.com\/wp-content\/uploads\/2023\/04\/NextWare-Pro.png","contentUrl":"https:\/\/www.accuratereviews.com\/wp-content\/uploads\/2023\/04\/NextWare-Pro.png","width":1967,"height":508},{"@type":"BreadcrumbList","@id":"https:\/\/www.accuratereviews.com\/it\/gestionale-per-associazioni\/nextware-pro-recensione\/#breadcrumb","itemListElement":[{"@type":"ListItem","position":1,"name":"Home","item":"https:\/\/www.accuratereviews.com\/it\/"},{"@type":"ListItem","position":2,"name":"Gestionale per associazioni","item":"https:\/\/www.accuratereviews.com\/it\/gestionale-per-associazioni\/"},{"@type":"ListItem","position":3,"name":"NextWare Pro"}]},{"@type":"WebSite","@id":"https:\/\/www.accuratereviews.com\/it\/#website","url":"https:\/\/www.accuratereviews.com\/it\/","name":"Accurate Reviews","description":"","potentialAction":[{"@type":"SearchAction","target":{"@type":"EntryPoint","urlTemplate":"https:\/\/www.accuratereviews.com\/it\/?s={search_term_string}"},"query-input":{"@type":"PropertyValueSpecification","valueRequired":true,"valueName":"search_term_string"}}],"inLanguage":"it-IT"}]}},"_links":{"self":[{"href":"https:\/\/www.accuratereviews.com\/it\/wp-json\/wp\/v2\/pages\/68855","targetHints":{"allow":["GET"]}}],"collection":[{"href":"https:\/\/www.accuratereviews.com\/it\/wp-json\/wp\/v2\/pages"}],"about":[{"href":"https:\/\/www.accuratereviews.com\/it\/wp-json\/wp\/v2\/types\/page"}],"author":[{"embeddable":true,"href":"https:\/\/www.accuratereviews.com\/it\/wp-json\/wp\/v2\/users\/19"}],"replies":[{"embeddable":true,"href":"https:\/\/www.accuratereviews.com\/it\/wp-json\/wp\/v2\/comments?post=68855"}],"version-history":[{"count":6,"href":"https:\/\/www.accuratereviews.com\/it\/wp-json\/wp\/v2\/pages\/68855\/revisions"}],"predecessor-version":[{"id":70118,"href":"https:\/\/www.accuratereviews.com\/it\/wp-json\/wp\/v2\/pages\/68855\/revisions\/70118"}],"up":[{"embeddable":true,"href":"https:\/\/www.accuratereviews.com\/it\/wp-json\/wp\/v2\/pages\/35837"}],"wp:featuredmedia":[{"embeddable":true,"href":"https:\/\/www.accuratereviews.com\/it\/wp-json\/wp\/v2\/media\/68856"}],"wp:attachment":[{"href":"https:\/\/www.accuratereviews.com\/it\/wp-json\/wp\/v2\/media?parent=68855"}],"wp:term":[{"taxonomy":"category","embeddable":true,"href":"https:\/\/www.accuratereviews.com\/it\/wp-json\/wp\/v2\/categories?post=68855"},{"taxonomy":"post_tag","embeddable":true,"href":"https:\/\/www.accuratereviews.com\/it\/wp-json\/wp\/v2\/tags?post=68855"},{"taxonomy":"features","embeddable":true,"href":"https:\/\/www.accuratereviews.com\/it\/wp-json\/wp\/v2\/features?post=68855"}],"curies":[{"name":"wp","href":"https:\/\/api.w.org\/{rel}","templated":true}]}}