{"id":68871,"date":"2023-04-19T12:26:27","date_gmt":"2023-04-19T12:26:27","guid":{"rendered":"https:\/\/www.accuratereviews.com\/?page_id=68871"},"modified":"2023-04-19T12:26:27","modified_gmt":"2023-04-19T12:26:27","slug":"join-it-recensione","status":"publish","type":"page","link":"https:\/\/www.accuratereviews.com\/it\/gestionale-per-associazioni\/join-it-recensione\/","title":{"rendered":"Join It"},"content":{"rendered":"<p><strong>Join It<\/strong> \u00e8 un<strong> software di gestione delle iscrizioni<\/strong> basato su cloud, che fornisce alle organizzazioni di medie e grandi dimensioni gli strumenti per tracciare, gestire e far crescere in modo efficace la propria comunit\u00e0. Incorporando campi personalizzati, accesso amministrativo multiplo ed email mirate ai membri, mira a fornire una soluzione completa per la gestione degli abbonamenti. Con questa soluzione puoi elaborare i pagamenti, l&#8217;emissione di biglietti per eventi, i promemoria di rinnovo automatizzati e molto altro.<br \/>\n<strong>Join It<\/strong> offre portali dedicati che consentono ai membri di creare profili e inserire dettagli personali, comprese le foto del profilo.<\/p>\n<h2>JOIN IT &#8211; TUTORIAL<\/h2>\n<div id=\"fluid-wrapper-counter-1\" class=\"g1-fluid-wrapper \" style=\"width:686px;\">\n<div style=\"padding-bottom:56.268221574344%;\"><iframe loading=\"lazy\" title=\"Join It - Membership Management - Self guided Demo\" width=\"686\" height=\"386\" src=\"https:\/\/www.youtube.com\/embed\/HkX7g3vxB_E?feature=oembed&amp;wmode=transparent&amp;autohide=1&amp;autoplay=0&amp;disablekb=0&amp;fs=1&amp;loop=0&amp;enablejsapi=1&amp;rel=0&amp;controls=2&amp;showinfo=0&amp;wmode=transparent&amp;autohide=2&amp;autoplay=0&amp;disablekb=0&amp;fs=1&amp;loop=0&amp;enablejsapi=1&amp;rel=0&amp;controls=2&amp;showinfo=1\" frameborder=\"0\" allow=\"accelerometer; autoplay; clipboard-write; encrypted-media; gyroscope; picture-in-picture; web-share\" allowfullscreen><\/iframe><\/div>\n<\/div>\n<h3>JOIN IT &#8211; CARATTERISTICHE<\/h3>\n<ul>\n<li><strong>Presenza online<\/strong>: sfrutta un profilo pubblico basato sulla soluzione o collega un sito web esistente alle tue opzioni di abbonamento.<\/li>\n<li><strong>Tipi di appartenenza<\/strong>: offri una serie di opzioni di abbonamento per i potenziali membri. Varia il prezzo, la durata, i messaggi e lo stato del tuo abbonamento.<\/li>\n<li><strong>Accesso amministrativo multiplo<\/strong>: invita altri amministratori ad aiutarti a gestire la tua organizzazione.<\/li>\n<li><strong>Campi personalizzati:<\/strong> raccogli informazioni sui membri che riguardano la tua organizzazione.<\/li>\n<li><strong>Configurazione finanziaria<\/strong>: tra valuta locale e aggiustamenti fiscali, opzioni di fatturazione e cancellazioni di membri, imposta una politica finanziaria che soddisfi le tue esigenze.<\/li>\n<li><strong>Elaborare i pagamenti dei membri<\/strong>: utilizzando il partner, Stripe, elabora in modo sicuro i pagamenti e dai un&#8217;occhiata alla loro vasta suite di rapporti e analisi per tenere traccia delle tue finanze.<\/li>\n<li><strong>Tessere associative digitali:<\/strong> le tessere associative digitali sono un ottimo modo per offrire ai membri vantaggi aggiuntivi, effettuare il check-in dei membri presso la sede o promuovere un senso di comunit\u00e0.<\/li>\n<li><strong>Email mirate dei membri:<\/strong> invia email ad hoc a singoli o gruppi di membri in base a una serie di criteri, come lo stato di appartenenza.<\/li>\n<li><strong>Tabella dei membri:<\/strong> cerca, ordina e filtra i tuoi membri. Abbiamo incluso una serie di criteri utili da applicare che ti consentono di analizzare la tua iscrizione. \u00c8 anche facile esportare una tabella in CSV.<\/li>\n<li><strong>Cronologia dei membri<\/strong>: tieniti aggiornato sulle azioni recenti intraprese dai membri. Gli eventi registrati comprendono i pagamenti dei membri, la partecipazione agli eventi, le aggiunte all&#8217;elenco email e altro ancora.<\/li>\n<li><strong>Notifiche di pagamenti non riusciti:<\/strong> la soluzione ti\u00a0informer\u00e0 se un tentativo di pagamento non \u00e8 andato a buon fine, incoraggiandolo a tentare di effettuare nuovamente l&#8217;acquisto dell&#8217;abbonamento.<\/li>\n<li><strong>Promemoria per il rinnovo automatico:<\/strong> ricorda automaticamente ai membri una data di scadenza imminente. Niente pi\u00f9 monitoraggio manuale e invio di email comuni.<\/li>\n<li><strong>Biglietteria e gestione degli eventi:<\/strong> attraverso l&#8217;integrazione con Eventbrite, crea automaticamente codici promozionali per i tuoi membri e informa i membri sui prossimi eventi.<\/li>\n<li><strong>Sincronizza elenchi di posta elettronica:<\/strong> mantieni aggiornati i tuoi elenchi di email marketing in uno dei nostri partner di comunicazione email pi\u00f9 conosciuti. Le newsletter per gli iscritti non sono mai state cos\u00ec facili.<\/li>\n<li><strong>Widget incorporabile<\/strong>: offri un&#8217;esperienza di acquisto di abbonamenti senza soluzione di continuit\u00e0 senza che i membri debbano lasciare il tuo sito web.<\/li>\n<\/ul>\n<h4>LE RECENSIONI DEGLI UTENTI<\/h4>\n<p><strong>Michael &#8220;Una scelta solida per la gestione del club&#8221;<\/strong><br \/>\n<strong>Pro<\/strong>: Le integrazioni con altre app di cui un piccolo club ha bisogno come Mailchimp, Eventbrite e Quickbooks. Una volta che l&#8217;installazione funziona principalmente da sola per tenere traccia dei pagamenti e dei rinnovi dell&#8217;iscrizione<br \/>\n<strong>Contro<\/strong>: Nessuna API o accesso al backend nell&#8217;edizione base, ci sono webhook nella versione pi\u00f9 costosa.<\/p>\n<p><strong>Efren &#8220;Tutto in uno!&#8221;<\/strong><br \/>\n<strong>Commenti<\/strong>: \u00c8 semplicemente eccellente!<br \/>\n<strong>Pro<\/strong>: \u00c8 semplicemente un eccellente assistente amministrativo che contiene tutti i componenti necessari per aiutare a mantenere a galla un&#8217;organizzazione.<br \/>\n<strong>Contro<\/strong>: Non abbiamo ancora la certezza di sapere se il collegamento tra questo sistema e il nostro conto bancario \u00e8 effettivo e senza avere dettagli. Dobbiamo ancora vedere quanto sia efficace questo sistema per gestire la contabilit\u00e0 delle nostre attivit\u00e0 e le adesioni dei nostri partecipanti.<\/p>\n<p><strong>Bryan &#8220;Rinnovi associativi&#8221;<\/strong><br \/>\n<strong>Commenti<\/strong>: Grande! consiglierei ad altri<br \/>\n<strong>Pro<\/strong>: Molto facile da imparare e da usare.<br \/>\n<strong>Contro<\/strong>: niente di male per il software. Ci piace<\/p>\n","protected":false},"excerpt":{"rendered":"<p>Join It \u00e8 un software di gestione delle iscrizioni\u00a0basato su cloud, che fornisce alle organizzazioni di medie e grandi dimensioni gli strumenti per tracciare, gestire e far crescere in modo efficace la propria comunit\u00e0. Incorporando campi personalizzati, accesso amministrativo multiplo ed email mirate ai membri mira a fornire una soluzione completa per la gestione degli abbonamenti.<\/p>\n","protected":false},"author":19,"featured_media":68874,"parent":35837,"menu_order":0,"comment_status":"open","ping_status":"closed","template":"g1_template_page_review_new.php","meta":{"_acf_changed":false,"cwp_meta_box_check":"Yes","cwp_rev_product_name":"","cwp_rev_product_image":"","wppr_links":[],"cwp_rev_price":"0.00","wppr_options":[{"name":"Usability","value":"0"},{"name":"Speed","value":"0"},{"name":"Features","value":"0"},{"name":"Support","value":"0"},{"name":"Pricing","value":"0"}],"wppr_pros":["","","","",""],"wppr_cons":["","","","",""],"_monsterinsights_skip_tracking":false,"_monsterinsights_sitenote_active":false,"_monsterinsights_sitenote_note":"","_monsterinsights_sitenote_category":0,"footnotes":""},"categories":[1943],"tags":[4940,14248,2008,1949,1947,1948],"features":[],"class_list":{"0":"post-68871","1":"page","2":"type-page","3":"status-publish","4":"has-post-thumbnail","6":"category-gestionale-per-associazioni-categoria","7":"tag-gestionale-associazioni","8":"tag-join-it","9":"tag-piattaforma-gestionale-associazioni","10":"tag-programma-gestionale-associazioni","11":"tag-software-gestionale-associazioni","12":"tag-soluzione-gestionale-associazioni"},"wppr_data":{"cwp_meta_box_check":"Yes","_wppr_review_template":"default","cwp_rev_product_image":"","cwp_image_link":"image","wppr_links":[],"cwp_rev_price":"0.00","wppr_pros":["","","","",""],"wppr_cons":["","","","",""],"wppr_rating":"0.00","wppr_options":{"1":{"name":"Usability","value":"0"},"2":{"name":"Speed","value":"0"},"3":{"name":"Features","value":"0"},"4":{"name":"Support","value":"0"},"5":{"name":"Pricing","value":"0"}},"wppr_review_type":"Product","wppr_review_custom_fields":{"additionalProperty":"","additionalType":"","aggregateRating":"","alternateName":"","audience":"","award":"","awards":"","brand":"","color":"","depth":"","description":"","disambiguatingDescription":"","gtin12":"","gtin13":"","gtin14":"","gtin8":"","height":"","identifier":"","image":"","isAccessoryOrSparePartFor":"","isConsumableFor":"","isRelatedTo":"","isSimilarTo":"","itemCondition":"","logo":"","mainEntityOfPage":"","manufacturer":"","material":"","model":"","mpn":"","name":"","offers":"","potentialAction":"","productID":"","productionDate":"","purchaseDate":"","releaseDate":"","review":"","reviews":"","sameAs":"","sku":"","slogan":"","subjectOf":"","url":"","weight":"","width":""}},"acf":[],"yoast_head":"<!-- This site is optimized with the Yoast SEO plugin v27.4 - https:\/\/yoast.com\/product\/yoast-seo-wordpress\/ -->\n<title>Join It: recensione gestionale associazioni - Accurate Reviews<\/title>\n<meta name=\"description\" content=\"Join It: recensione software di gestione delle iscrizioni\u00a0basato su cloud, che fornisce strumenti per far crescere la propria comunit\u00e0.\" \/>\n<meta name=\"robots\" content=\"index, follow, max-snippet:-1, max-image-preview:large, max-video-preview:-1\" \/>\n<link rel=\"canonical\" href=\"https:\/\/www.accuratereviews.com\/it\/gestionale-per-associazioni\/join-it-recensione\/\" \/>\n<meta property=\"og:locale\" content=\"it_IT\" \/>\n<meta property=\"og:type\" content=\"article\" \/>\n<meta property=\"og:title\" content=\"Join It: recensione gestionale associazioni - Accurate Reviews\" \/>\n<meta property=\"og:description\" content=\"Join It: recensione software di gestione delle iscrizioni\u00a0basato su cloud, che fornisce strumenti per far crescere la propria comunit\u00e0.\" \/>\n<meta property=\"og:url\" content=\"https:\/\/www.accuratereviews.com\/it\/gestionale-per-associazioni\/join-it-recensione\/\" \/>\n<meta property=\"og:site_name\" content=\"Accurate Reviews\" \/>\n<meta property=\"og:image\" content=\"https:\/\/www.accuratereviews.com\/wp-content\/uploads\/2023\/04\/join-it.png\" \/>\n\t<meta property=\"og:image:width\" content=\"364\" \/>\n\t<meta property=\"og:image:height\" content=\"364\" \/>\n\t<meta property=\"og:image:type\" content=\"image\/png\" \/>\n<meta name=\"twitter:card\" content=\"summary_large_image\" \/>\n<meta name=\"twitter:label1\" content=\"Tempo di lettura stimato\" \/>\n\t<meta name=\"twitter:data1\" content=\"4 minuti\" \/>\n<script type=\"application\/ld+json\" class=\"yoast-schema-graph\">{\"@context\":\"https:\\\/\\\/schema.org\",\"@graph\":[{\"@type\":\"WebPage\",\"@id\":\"https:\\\/\\\/www.accuratereviews.com\\\/it\\\/gestionale-per-associazioni\\\/join-it-recensione\\\/\",\"url\":\"https:\\\/\\\/www.accuratereviews.com\\\/it\\\/gestionale-per-associazioni\\\/join-it-recensione\\\/\",\"name\":\"Join It: recensione gestionale associazioni - Accurate Reviews\",\"isPartOf\":{\"@id\":\"https:\\\/\\\/www.accuratereviews.com\\\/it\\\/#website\"},\"primaryImageOfPage\":{\"@id\":\"https:\\\/\\\/www.accuratereviews.com\\\/it\\\/gestionale-per-associazioni\\\/join-it-recensione\\\/#primaryimage\"},\"image\":{\"@id\":\"https:\\\/\\\/www.accuratereviews.com\\\/it\\\/gestionale-per-associazioni\\\/join-it-recensione\\\/#primaryimage\"},\"thumbnailUrl\":\"https:\\\/\\\/www.accuratereviews.com\\\/wp-content\\\/uploads\\\/2023\\\/04\\\/join-it.png\",\"datePublished\":\"2023-04-19T12:26:27+00:00\",\"description\":\"Join It: recensione software di gestione delle iscrizioni\u00a0basato su cloud, che fornisce strumenti per far crescere la propria comunit\u00e0.\",\"breadcrumb\":{\"@id\":\"https:\\\/\\\/www.accuratereviews.com\\\/it\\\/gestionale-per-associazioni\\\/join-it-recensione\\\/#breadcrumb\"},\"inLanguage\":\"it-IT\",\"potentialAction\":[{\"@type\":\"ReadAction\",\"target\":[\"https:\\\/\\\/www.accuratereviews.com\\\/it\\\/gestionale-per-associazioni\\\/join-it-recensione\\\/\"]}]},{\"@type\":\"ImageObject\",\"inLanguage\":\"it-IT\",\"@id\":\"https:\\\/\\\/www.accuratereviews.com\\\/it\\\/gestionale-per-associazioni\\\/join-it-recensione\\\/#primaryimage\",\"url\":\"https:\\\/\\\/www.accuratereviews.com\\\/wp-content\\\/uploads\\\/2023\\\/04\\\/join-it.png\",\"contentUrl\":\"https:\\\/\\\/www.accuratereviews.com\\\/wp-content\\\/uploads\\\/2023\\\/04\\\/join-it.png\",\"width\":364,\"height\":364},{\"@type\":\"BreadcrumbList\",\"@id\":\"https:\\\/\\\/www.accuratereviews.com\\\/it\\\/gestionale-per-associazioni\\\/join-it-recensione\\\/#breadcrumb\",\"itemListElement\":[{\"@type\":\"ListItem\",\"position\":1,\"name\":\"Home\",\"item\":\"https:\\\/\\\/www.accuratereviews.com\\\/it\\\/\"},{\"@type\":\"ListItem\",\"position\":2,\"name\":\"Gestionale per associazioni\",\"item\":\"https:\\\/\\\/www.accuratereviews.com\\\/it\\\/gestionale-per-associazioni\\\/\"},{\"@type\":\"ListItem\",\"position\":3,\"name\":\"Join It\"}]},{\"@type\":\"WebSite\",\"@id\":\"https:\\\/\\\/www.accuratereviews.com\\\/it\\\/#website\",\"url\":\"https:\\\/\\\/www.accuratereviews.com\\\/it\\\/\",\"name\":\"Accurate Reviews\",\"description\":\"\",\"potentialAction\":[{\"@type\":\"SearchAction\",\"target\":{\"@type\":\"EntryPoint\",\"urlTemplate\":\"https:\\\/\\\/www.accuratereviews.com\\\/it\\\/?s={search_term_string}\"},\"query-input\":{\"@type\":\"PropertyValueSpecification\",\"valueRequired\":true,\"valueName\":\"search_term_string\"}}],\"inLanguage\":\"it-IT\"}]}<\/script>\n<!-- \/ Yoast SEO plugin. -->","yoast_head_json":{"title":"Join It: recensione gestionale associazioni - Accurate Reviews","description":"Join It: recensione software di gestione delle iscrizioni\u00a0basato su cloud, che fornisce strumenti per far crescere la propria comunit\u00e0.","robots":{"index":"index","follow":"follow","max-snippet":"max-snippet:-1","max-image-preview":"max-image-preview:large","max-video-preview":"max-video-preview:-1"},"canonical":"https:\/\/www.accuratereviews.com\/it\/gestionale-per-associazioni\/join-it-recensione\/","og_locale":"it_IT","og_type":"article","og_title":"Join It: recensione gestionale associazioni - Accurate Reviews","og_description":"Join It: recensione software di gestione delle iscrizioni\u00a0basato su cloud, che fornisce strumenti per far crescere la propria comunit\u00e0.","og_url":"https:\/\/www.accuratereviews.com\/it\/gestionale-per-associazioni\/join-it-recensione\/","og_site_name":"Accurate Reviews","og_image":[{"width":364,"height":364,"url":"https:\/\/www.accuratereviews.com\/wp-content\/uploads\/2023\/04\/join-it.png","type":"image\/png"}],"twitter_card":"summary_large_image","twitter_misc":{"Tempo di lettura stimato":"4 minuti"},"schema":{"@context":"https:\/\/schema.org","@graph":[{"@type":"WebPage","@id":"https:\/\/www.accuratereviews.com\/it\/gestionale-per-associazioni\/join-it-recensione\/","url":"https:\/\/www.accuratereviews.com\/it\/gestionale-per-associazioni\/join-it-recensione\/","name":"Join It: recensione gestionale associazioni - Accurate Reviews","isPartOf":{"@id":"https:\/\/www.accuratereviews.com\/it\/#website"},"primaryImageOfPage":{"@id":"https:\/\/www.accuratereviews.com\/it\/gestionale-per-associazioni\/join-it-recensione\/#primaryimage"},"image":{"@id":"https:\/\/www.accuratereviews.com\/it\/gestionale-per-associazioni\/join-it-recensione\/#primaryimage"},"thumbnailUrl":"https:\/\/www.accuratereviews.com\/wp-content\/uploads\/2023\/04\/join-it.png","datePublished":"2023-04-19T12:26:27+00:00","description":"Join It: recensione software di gestione delle iscrizioni\u00a0basato su cloud, che fornisce strumenti per far crescere la propria comunit\u00e0.","breadcrumb":{"@id":"https:\/\/www.accuratereviews.com\/it\/gestionale-per-associazioni\/join-it-recensione\/#breadcrumb"},"inLanguage":"it-IT","potentialAction":[{"@type":"ReadAction","target":["https:\/\/www.accuratereviews.com\/it\/gestionale-per-associazioni\/join-it-recensione\/"]}]},{"@type":"ImageObject","inLanguage":"it-IT","@id":"https:\/\/www.accuratereviews.com\/it\/gestionale-per-associazioni\/join-it-recensione\/#primaryimage","url":"https:\/\/www.accuratereviews.com\/wp-content\/uploads\/2023\/04\/join-it.png","contentUrl":"https:\/\/www.accuratereviews.com\/wp-content\/uploads\/2023\/04\/join-it.png","width":364,"height":364},{"@type":"BreadcrumbList","@id":"https:\/\/www.accuratereviews.com\/it\/gestionale-per-associazioni\/join-it-recensione\/#breadcrumb","itemListElement":[{"@type":"ListItem","position":1,"name":"Home","item":"https:\/\/www.accuratereviews.com\/it\/"},{"@type":"ListItem","position":2,"name":"Gestionale per associazioni","item":"https:\/\/www.accuratereviews.com\/it\/gestionale-per-associazioni\/"},{"@type":"ListItem","position":3,"name":"Join It"}]},{"@type":"WebSite","@id":"https:\/\/www.accuratereviews.com\/it\/#website","url":"https:\/\/www.accuratereviews.com\/it\/","name":"Accurate Reviews","description":"","potentialAction":[{"@type":"SearchAction","target":{"@type":"EntryPoint","urlTemplate":"https:\/\/www.accuratereviews.com\/it\/?s={search_term_string}"},"query-input":{"@type":"PropertyValueSpecification","valueRequired":true,"valueName":"search_term_string"}}],"inLanguage":"it-IT"}]}},"_links":{"self":[{"href":"https:\/\/www.accuratereviews.com\/it\/wp-json\/wp\/v2\/pages\/68871","targetHints":{"allow":["GET"]}}],"collection":[{"href":"https:\/\/www.accuratereviews.com\/it\/wp-json\/wp\/v2\/pages"}],"about":[{"href":"https:\/\/www.accuratereviews.com\/it\/wp-json\/wp\/v2\/types\/page"}],"author":[{"embeddable":true,"href":"https:\/\/www.accuratereviews.com\/it\/wp-json\/wp\/v2\/users\/19"}],"replies":[{"embeddable":true,"href":"https:\/\/www.accuratereviews.com\/it\/wp-json\/wp\/v2\/comments?post=68871"}],"version-history":[{"count":12,"href":"https:\/\/www.accuratereviews.com\/it\/wp-json\/wp\/v2\/pages\/68871\/revisions"}],"predecessor-version":[{"id":68903,"href":"https:\/\/www.accuratereviews.com\/it\/wp-json\/wp\/v2\/pages\/68871\/revisions\/68903"}],"up":[{"embeddable":true,"href":"https:\/\/www.accuratereviews.com\/it\/wp-json\/wp\/v2\/pages\/35837"}],"wp:featuredmedia":[{"embeddable":true,"href":"https:\/\/www.accuratereviews.com\/it\/wp-json\/wp\/v2\/media\/68874"}],"wp:attachment":[{"href":"https:\/\/www.accuratereviews.com\/it\/wp-json\/wp\/v2\/media?parent=68871"}],"wp:term":[{"taxonomy":"category","embeddable":true,"href":"https:\/\/www.accuratereviews.com\/it\/wp-json\/wp\/v2\/categories?post=68871"},{"taxonomy":"post_tag","embeddable":true,"href":"https:\/\/www.accuratereviews.com\/it\/wp-json\/wp\/v2\/tags?post=68871"},{"taxonomy":"features","embeddable":true,"href":"https:\/\/www.accuratereviews.com\/it\/wp-json\/wp\/v2\/features?post=68871"}],"curies":[{"name":"wp","href":"https:\/\/api.w.org\/{rel}","templated":true}]}}