{"id":68884,"date":"2023-04-19T09:54:38","date_gmt":"2023-04-19T09:54:38","guid":{"rendered":"https:\/\/www.accuratereviews.com\/?page_id=68884"},"modified":"2024-01-23T12:10:38","modified_gmt":"2024-01-23T12:10:38","slug":"chekkit-recensione","status":"publish","type":"page","link":"https:\/\/www.accuratereviews.com\/it\/software-gestione-recensioni\/chekkit-recensione\/","title":{"rendered":"Chekkit"},"content":{"rendered":"<p><strong>Chekkit<\/strong> \u00e8 un<strong> software di gestione delle recensioni<\/strong> che consente di potenziare il tuo business locale, comunicare al meglio con i clienti, fidalizzandoli maggiormente e offrire loro un&#8217;esperienza di vendita migliore. Raccoglie tutti i feeedback rilasciati dagli utenti dandoti maggiore visibilit\u00e0 e consentendoti di raggiungere un pubblico pi\u00f9 ampio. Naturalmente un potenziale cliente preferisce affidarsi a un&#8217;azienda che ha dei commenti positivi quindi potrai convertire pi\u00f9 facilmente i tuoi lead.<br \/>\nAccedi alla dashboard intuitiva di <strong>Chekkit<\/strong>, collega i tuoi canali di chat, visualizza i messaggi di testo, Facebook, Instagram e Goggole in unico posto, in questo non perderai pi\u00f9 i clienti.<\/p>\n<h2>CHEKKIT &#8211; TUTORIAL<\/h2>\n<div id=\"fluid-wrapper-counter-1\" class=\"g1-fluid-wrapper \" style=\"width:686px;\">\n<div style=\"padding-bottom:56.268221574344%;\"><iframe loading=\"lazy\" title=\"Chekkit Tour\" width=\"686\" height=\"386\" src=\"https:\/\/www.youtube.com\/embed\/OKvAqJ4rjWk?feature=oembed&amp;wmode=transparent&amp;autohide=1&amp;autoplay=0&amp;disablekb=0&amp;fs=1&amp;loop=0&amp;enablejsapi=1&amp;rel=0&amp;controls=2&amp;showinfo=0&amp;wmode=transparent&amp;autohide=2&amp;autoplay=0&amp;disablekb=0&amp;fs=1&amp;loop=0&amp;enablejsapi=1&amp;rel=0&amp;controls=2&amp;showinfo=1\" frameborder=\"0\" allow=\"accelerometer; autoplay; clipboard-write; encrypted-media; gyroscope; picture-in-picture; web-share\" allowfullscreen><\/iframe><\/div>\n<\/div>\n<h3>CHEKKIT &#8211; CARATTERISTICHE<\/h3>\n<ul>\n<li><strong>Generazione di recensioni<\/strong>: ottieni una nuova recensione in 30 secondi o meno con la comodit\u00e0 di un messaggio di testo.<\/li>\n<li><strong>Dominare la ricerca locale<\/strong>: le persone amano mandare messaggi, e anche la tua attivit\u00e0 dovrebbe farlo.<\/li>\n<li><strong>Essere la scelta preferita<\/strong>: dati due servizi con valutazioni simili, i consumatori sono pi\u00f9 propensi ad acquistare il servizio con pi\u00f9 recensioni.<\/li>\n<li><strong>Integrazioni<\/strong>: integra la soluzione con Google, Facebook e altre piattaforme di recensioni specifiche per il settore e non perderti mai una nuova recensione.<\/li>\n<li><strong>Notifiche<\/strong>: personalizza gli avvisi per le nuove recensioni e i nuovi messaggi.<\/li>\n<li><strong>Modelli<\/strong>: richiedi le recensioni pi\u00f9 velocemente utilizzando modelli predefiniti.<\/li>\n<li><strong>Benchmark<\/strong>: monitora i tuoi concorrenti e i risultati di ricerca di Google.<\/li>\n<li><strong>App mobile<\/strong>: invia e ricevi messaggi, richieste di recensioni e altro ancora.<\/li>\n<li><strong>Multi-sede<\/strong>: controlla tutte le filiali in un&#8217;unica dashboard.<\/li>\n<li><strong>Campagne drip<\/strong>: invia promemoria intelligenti alle richieste di recensione non aperte.<\/li>\n<\/ul>\n<h4>LE RECENSIONI DEGLI UTENTI<\/h4>\n<p><strong>Harold &#8220;Amore Chekkit&#8221;<\/strong><br \/>\nCommenti: La nostra esperienza con Chekkit \u00e8 stata fantastica, lo raccomandiamo vivamente<br \/>\nPro: Posso rispondere alla maggior parte delle domande quando sono a casa o nel cottage<br \/>\nContro: Nessuna lamentela su Chekkit, fa tutto ci\u00f2 di cui abbiamo bisogno.<\/p>\n<p><strong>Mikey &#8220;HEKKIT cambia le carte in tavola!&#8221;.<\/strong><br \/>\nCommenti: Dall&#8217;inizio della configurazione all&#8217;allenamento, all&#8217;uso quotidiano, tutto \u00e8 fluido e affidabile.<br \/>\nPro: L&#8217;impostazione di CHEKKIT per la nostra attivit\u00e0 \u00e8 stata semplice e snella. Sono sempre disponibili nei pochissimi casi in cui abbiamo riscontrato problemi.<br \/>\nContro: Davvero nulla, tutto ci\u00f2 che consideriamo importante \u00e8 disponibile e coerente.<\/p>\n<p><strong>Paul &#8220;Ottimo prodotto con un ottimo prezzo&#8221;.<\/strong><br \/>\nCommenti: Facile da usare e trasferisce le richieste ad altri nell&#8217;organizzazione senza problemi.<br \/>\nPro: Facile da configurare e implementare. Nessun tempo di inattivit\u00e0 da quando abbiamo implementato il servizio pi\u00f9 di un anno fa. Ottimo rapporto qualit\u00e0\/prezzo per le funzionalit\u00e0 e il servizio offerto.<br \/>\nContro: Vorrei che la funzione di popolamento per l&#8217;app mobile fosse simile a quella della versione desktop per trovare pi\u00f9 rapidamente i modelli.<\/p>\n","protected":false},"excerpt":{"rendered":"<p>Chekkit \u00e8 un software di gestione delle recensioni che consente di potenziare il tuo business locale, comunicare al meglio con i clienti, fidalizzandoli maggiormente e offrire loro un&#8217;esperienza di vendita migliore. Raccoglie tutti i feeedback rilasciati dagli utenti dandoti maggiore visibilit\u00e0 e consentendoti di raggiungere un pubblico pi\u00f9 ampio.<\/p>\n","protected":false},"author":17,"featured_media":68885,"parent":60645,"menu_order":0,"comment_status":"open","ping_status":"closed","template":"g1_template_page_review_new.php","meta":{"_acf_changed":false,"cwp_meta_box_check":"No","cwp_rev_product_name":"","cwp_rev_product_image":"","wppr_links":[],"cwp_rev_price":"","wppr_options":[],"wppr_pros":[],"wppr_cons":[],"_monsterinsights_skip_tracking":false,"_monsterinsights_sitenote_active":false,"_monsterinsights_sitenote_note":"","_monsterinsights_sitenote_category":0,"footnotes":""},"categories":[13158],"tags":[13178,13226,10676,13162,13246],"features":[],"class_list":{"0":"post-68884","1":"page","2":"type-page","3":"status-publish","4":"has-post-thumbnail","6":"category-software-per-la-gestione-delle-recensioni","7":"tag-app-gestione-recensioni","8":"tag-gestionale-recensioni","9":"tag-gestione-recensioni","10":"tag-programma-per-la-gestione-delle-recensioni","11":"tag-software-di-gestione-recensioni"},"wppr_data":{"cwp_meta_box_check":"No"},"acf":[],"yoast_head":"<!-- This site is optimized with the Yoast SEO plugin v27.4 - https:\/\/yoast.com\/product\/yoast-seo-wordpress\/ -->\n<title>Chekkit: software gestione recensioni - Accurate Reviews<\/title>\n<meta name=\"description\" content=\"Chekkit: recensione software di gestione delle recensioni che consente di potenziare il tuo business locale e comunicare al meglio con i clienti.\" \/>\n<meta name=\"robots\" content=\"index, follow, max-snippet:-1, max-image-preview:large, max-video-preview:-1\" \/>\n<link rel=\"canonical\" href=\"https:\/\/www.accuratereviews.com\/it\/software-gestione-recensioni\/chekkit-recensione\/\" \/>\n<meta property=\"og:locale\" content=\"it_IT\" \/>\n<meta property=\"og:type\" content=\"article\" \/>\n<meta property=\"og:title\" content=\"Chekkit: software gestione recensioni - Accurate Reviews\" \/>\n<meta property=\"og:description\" content=\"Chekkit: recensione software di gestione delle recensioni che consente di potenziare il tuo business locale e comunicare al meglio con i clienti.\" \/>\n<meta property=\"og:url\" content=\"https:\/\/www.accuratereviews.com\/it\/software-gestione-recensioni\/chekkit-recensione\/\" \/>\n<meta property=\"og:site_name\" content=\"Accurate Reviews\" \/>\n<meta property=\"article:modified_time\" content=\"2024-01-23T12:10:38+00:00\" \/>\n<meta property=\"og:image\" content=\"https:\/\/www.accuratereviews.com\/wp-content\/uploads\/2023\/04\/60afe5743993e4504c42dea8_chekkit-thumbnail.png\" \/>\n\t<meta property=\"og:image:width\" content=\"1200\" \/>\n\t<meta property=\"og:image:height\" content=\"630\" \/>\n\t<meta property=\"og:image:type\" content=\"image\/png\" \/>\n<meta name=\"twitter:card\" content=\"summary_large_image\" \/>\n<meta name=\"twitter:label1\" content=\"Tempo di lettura stimato\" \/>\n\t<meta name=\"twitter:data1\" content=\"3 minuti\" \/>\n<script type=\"application\/ld+json\" class=\"yoast-schema-graph\">{\"@context\":\"https:\\\/\\\/schema.org\",\"@graph\":[{\"@type\":\"WebPage\",\"@id\":\"https:\\\/\\\/www.accuratereviews.com\\\/it\\\/software-gestione-recensioni\\\/chekkit-recensione\\\/\",\"url\":\"https:\\\/\\\/www.accuratereviews.com\\\/it\\\/software-gestione-recensioni\\\/chekkit-recensione\\\/\",\"name\":\"Chekkit: software gestione recensioni - Accurate Reviews\",\"isPartOf\":{\"@id\":\"https:\\\/\\\/www.accuratereviews.com\\\/it\\\/#website\"},\"primaryImageOfPage\":{\"@id\":\"https:\\\/\\\/www.accuratereviews.com\\\/it\\\/software-gestione-recensioni\\\/chekkit-recensione\\\/#primaryimage\"},\"image\":{\"@id\":\"https:\\\/\\\/www.accuratereviews.com\\\/it\\\/software-gestione-recensioni\\\/chekkit-recensione\\\/#primaryimage\"},\"thumbnailUrl\":\"https:\\\/\\\/www.accuratereviews.com\\\/wp-content\\\/uploads\\\/2023\\\/04\\\/60afe5743993e4504c42dea8_chekkit-thumbnail.png\",\"datePublished\":\"2023-04-19T09:54:38+00:00\",\"dateModified\":\"2024-01-23T12:10:38+00:00\",\"description\":\"Chekkit: recensione software di gestione delle recensioni che consente di potenziare il tuo business locale e comunicare al meglio con i clienti.\",\"breadcrumb\":{\"@id\":\"https:\\\/\\\/www.accuratereviews.com\\\/it\\\/software-gestione-recensioni\\\/chekkit-recensione\\\/#breadcrumb\"},\"inLanguage\":\"it-IT\",\"potentialAction\":[{\"@type\":\"ReadAction\",\"target\":[\"https:\\\/\\\/www.accuratereviews.com\\\/it\\\/software-gestione-recensioni\\\/chekkit-recensione\\\/\"]}]},{\"@type\":\"ImageObject\",\"inLanguage\":\"it-IT\",\"@id\":\"https:\\\/\\\/www.accuratereviews.com\\\/it\\\/software-gestione-recensioni\\\/chekkit-recensione\\\/#primaryimage\",\"url\":\"https:\\\/\\\/www.accuratereviews.com\\\/wp-content\\\/uploads\\\/2023\\\/04\\\/60afe5743993e4504c42dea8_chekkit-thumbnail.png\",\"contentUrl\":\"https:\\\/\\\/www.accuratereviews.com\\\/wp-content\\\/uploads\\\/2023\\\/04\\\/60afe5743993e4504c42dea8_chekkit-thumbnail.png\",\"width\":1200,\"height\":630},{\"@type\":\"BreadcrumbList\",\"@id\":\"https:\\\/\\\/www.accuratereviews.com\\\/it\\\/software-gestione-recensioni\\\/chekkit-recensione\\\/#breadcrumb\",\"itemListElement\":[{\"@type\":\"ListItem\",\"position\":1,\"name\":\"Home\",\"item\":\"https:\\\/\\\/www.accuratereviews.com\\\/it\\\/\"},{\"@type\":\"ListItem\",\"position\":2,\"name\":\"Software per la gestione delle recensioni\",\"item\":\"https:\\\/\\\/www.accuratereviews.com\\\/it\\\/software-gestione-recensioni\\\/\"},{\"@type\":\"ListItem\",\"position\":3,\"name\":\"Chekkit\"}]},{\"@type\":\"WebSite\",\"@id\":\"https:\\\/\\\/www.accuratereviews.com\\\/it\\\/#website\",\"url\":\"https:\\\/\\\/www.accuratereviews.com\\\/it\\\/\",\"name\":\"Accurate Reviews\",\"description\":\"\",\"potentialAction\":[{\"@type\":\"SearchAction\",\"target\":{\"@type\":\"EntryPoint\",\"urlTemplate\":\"https:\\\/\\\/www.accuratereviews.com\\\/it\\\/?s={search_term_string}\"},\"query-input\":{\"@type\":\"PropertyValueSpecification\",\"valueRequired\":true,\"valueName\":\"search_term_string\"}}],\"inLanguage\":\"it-IT\"}]}<\/script>\n<!-- \/ Yoast SEO plugin. -->","yoast_head_json":{"title":"Chekkit: software gestione recensioni - Accurate Reviews","description":"Chekkit: recensione software di gestione delle recensioni che consente di potenziare il tuo business locale e comunicare al meglio con i clienti.","robots":{"index":"index","follow":"follow","max-snippet":"max-snippet:-1","max-image-preview":"max-image-preview:large","max-video-preview":"max-video-preview:-1"},"canonical":"https:\/\/www.accuratereviews.com\/it\/software-gestione-recensioni\/chekkit-recensione\/","og_locale":"it_IT","og_type":"article","og_title":"Chekkit: software gestione recensioni - Accurate Reviews","og_description":"Chekkit: recensione software di gestione delle recensioni che consente di potenziare il tuo business locale e comunicare al meglio con i clienti.","og_url":"https:\/\/www.accuratereviews.com\/it\/software-gestione-recensioni\/chekkit-recensione\/","og_site_name":"Accurate Reviews","article_modified_time":"2024-01-23T12:10:38+00:00","og_image":[{"width":1200,"height":630,"url":"https:\/\/www.accuratereviews.com\/wp-content\/uploads\/2023\/04\/60afe5743993e4504c42dea8_chekkit-thumbnail.png","type":"image\/png"}],"twitter_card":"summary_large_image","twitter_misc":{"Tempo di lettura stimato":"3 minuti"},"schema":{"@context":"https:\/\/schema.org","@graph":[{"@type":"WebPage","@id":"https:\/\/www.accuratereviews.com\/it\/software-gestione-recensioni\/chekkit-recensione\/","url":"https:\/\/www.accuratereviews.com\/it\/software-gestione-recensioni\/chekkit-recensione\/","name":"Chekkit: software gestione recensioni - Accurate Reviews","isPartOf":{"@id":"https:\/\/www.accuratereviews.com\/it\/#website"},"primaryImageOfPage":{"@id":"https:\/\/www.accuratereviews.com\/it\/software-gestione-recensioni\/chekkit-recensione\/#primaryimage"},"image":{"@id":"https:\/\/www.accuratereviews.com\/it\/software-gestione-recensioni\/chekkit-recensione\/#primaryimage"},"thumbnailUrl":"https:\/\/www.accuratereviews.com\/wp-content\/uploads\/2023\/04\/60afe5743993e4504c42dea8_chekkit-thumbnail.png","datePublished":"2023-04-19T09:54:38+00:00","dateModified":"2024-01-23T12:10:38+00:00","description":"Chekkit: recensione software di gestione delle recensioni che consente di potenziare il tuo business locale e comunicare al meglio con i clienti.","breadcrumb":{"@id":"https:\/\/www.accuratereviews.com\/it\/software-gestione-recensioni\/chekkit-recensione\/#breadcrumb"},"inLanguage":"it-IT","potentialAction":[{"@type":"ReadAction","target":["https:\/\/www.accuratereviews.com\/it\/software-gestione-recensioni\/chekkit-recensione\/"]}]},{"@type":"ImageObject","inLanguage":"it-IT","@id":"https:\/\/www.accuratereviews.com\/it\/software-gestione-recensioni\/chekkit-recensione\/#primaryimage","url":"https:\/\/www.accuratereviews.com\/wp-content\/uploads\/2023\/04\/60afe5743993e4504c42dea8_chekkit-thumbnail.png","contentUrl":"https:\/\/www.accuratereviews.com\/wp-content\/uploads\/2023\/04\/60afe5743993e4504c42dea8_chekkit-thumbnail.png","width":1200,"height":630},{"@type":"BreadcrumbList","@id":"https:\/\/www.accuratereviews.com\/it\/software-gestione-recensioni\/chekkit-recensione\/#breadcrumb","itemListElement":[{"@type":"ListItem","position":1,"name":"Home","item":"https:\/\/www.accuratereviews.com\/it\/"},{"@type":"ListItem","position":2,"name":"Software per la gestione delle recensioni","item":"https:\/\/www.accuratereviews.com\/it\/software-gestione-recensioni\/"},{"@type":"ListItem","position":3,"name":"Chekkit"}]},{"@type":"WebSite","@id":"https:\/\/www.accuratereviews.com\/it\/#website","url":"https:\/\/www.accuratereviews.com\/it\/","name":"Accurate Reviews","description":"","potentialAction":[{"@type":"SearchAction","target":{"@type":"EntryPoint","urlTemplate":"https:\/\/www.accuratereviews.com\/it\/?s={search_term_string}"},"query-input":{"@type":"PropertyValueSpecification","valueRequired":true,"valueName":"search_term_string"}}],"inLanguage":"it-IT"}]}},"_links":{"self":[{"href":"https:\/\/www.accuratereviews.com\/it\/wp-json\/wp\/v2\/pages\/68884","targetHints":{"allow":["GET"]}}],"collection":[{"href":"https:\/\/www.accuratereviews.com\/it\/wp-json\/wp\/v2\/pages"}],"about":[{"href":"https:\/\/www.accuratereviews.com\/it\/wp-json\/wp\/v2\/types\/page"}],"author":[{"embeddable":true,"href":"https:\/\/www.accuratereviews.com\/it\/wp-json\/wp\/v2\/users\/17"}],"replies":[{"embeddable":true,"href":"https:\/\/www.accuratereviews.com\/it\/wp-json\/wp\/v2\/comments?post=68884"}],"version-history":[{"count":8,"href":"https:\/\/www.accuratereviews.com\/it\/wp-json\/wp\/v2\/pages\/68884\/revisions"}],"predecessor-version":[{"id":74021,"href":"https:\/\/www.accuratereviews.com\/it\/wp-json\/wp\/v2\/pages\/68884\/revisions\/74021"}],"up":[{"embeddable":true,"href":"https:\/\/www.accuratereviews.com\/it\/wp-json\/wp\/v2\/pages\/60645"}],"wp:featuredmedia":[{"embeddable":true,"href":"https:\/\/www.accuratereviews.com\/it\/wp-json\/wp\/v2\/media\/68885"}],"wp:attachment":[{"href":"https:\/\/www.accuratereviews.com\/it\/wp-json\/wp\/v2\/media?parent=68884"}],"wp:term":[{"taxonomy":"category","embeddable":true,"href":"https:\/\/www.accuratereviews.com\/it\/wp-json\/wp\/v2\/categories?post=68884"},{"taxonomy":"post_tag","embeddable":true,"href":"https:\/\/www.accuratereviews.com\/it\/wp-json\/wp\/v2\/tags?post=68884"},{"taxonomy":"features","embeddable":true,"href":"https:\/\/www.accuratereviews.com\/it\/wp-json\/wp\/v2\/features?post=68884"}],"curies":[{"name":"wp","href":"https:\/\/api.w.org\/{rel}","templated":true}]}}