{"id":68904,"date":"2023-04-20T14:43:26","date_gmt":"2023-04-20T14:43:26","guid":{"rendered":"https:\/\/www.accuratereviews.com\/?page_id=68904"},"modified":"2023-04-20T14:43:26","modified_gmt":"2023-04-20T14:43:26","slug":"imis-recensione","status":"publish","type":"page","link":"https:\/\/www.accuratereviews.com\/it\/gestionale-per-associazioni\/imis-recensione\/","title":{"rendered":"iMIS"},"content":{"rendered":"<p><strong>iMIS<\/strong> di Advanced Solutions International (ASI) \u00e8 un software basato su <strong>cloud<\/strong>, progettato per aiutare le <strong>organizzazioni senza scopo di lucro<\/strong> a gestire volontari, raccolte fondi, donatori e altro su una piattaforma unificata. Il sistema di gestione dei contatti integrato consente ai professionisti di acquisire e archiviare i contatti, indirizzi e informazioni demografiche per membri, organizzazioni o gruppi.<br \/>\nConsente agli utenti di verificare gli indirizzi dei donatori o dei membri durante l&#8217;immissione dei dati utilizzando le funzionalit\u00e0 di pulizia degli indirizzi batch. I membri possono utilizzare l&#8217;applicazione per iscriversi o rinnovare abbonamenti, creare e gestire profili e visualizzare la cronologia degli acquisti in tempo reale.<br \/>\n<strong>iMIS<\/strong> consente agli amministratori di inviare via email ai donatori conferme di regali, ricevute di donazioni e promemoria automatici per pagamenti programmati o scadenze.\u00a0Permette inoltre ai contabili di gestire transazioni finanziarie quotidiane, elaborare fatture e accettare pagamenti in modo sicuro attraverso vari metodi.<\/p>\n<h2>IMIS &#8211; TUTORIAL<\/h2>\n<div id=\"fluid-wrapper-counter-1\" class=\"g1-fluid-wrapper \" style=\"width:686px;\">\n<div style=\"padding-bottom:56.268221574344%;\"><iframe loading=\"lazy\" title=\"James Church iMIS Overview Demo\" width=\"686\" height=\"386\" src=\"https:\/\/www.youtube.com\/embed\/08KLyOcWaEY?feature=oembed&amp;wmode=transparent&amp;autohide=1&amp;autoplay=0&amp;disablekb=0&amp;fs=1&amp;loop=0&amp;enablejsapi=1&amp;rel=0&amp;controls=2&amp;showinfo=0&amp;wmode=transparent&amp;autohide=2&amp;autoplay=0&amp;disablekb=0&amp;fs=1&amp;loop=0&amp;enablejsapi=1&amp;rel=0&amp;controls=2&amp;showinfo=1\" frameborder=\"0\" allow=\"accelerometer; autoplay; clipboard-write; encrypted-media; gyroscope; picture-in-picture; web-share\" allowfullscreen><\/iframe><\/div>\n<\/div>\n<h3>IMIS &#8211; CARATTERISTICHE<\/h3>\n<ul>\n<li>Gestisci le informazioni di contatto per individui, organizzazioni o gruppi<\/li>\n<li>Crea campi personalizzati illimitati senza alcuna conoscenza tecnica richiesta<\/li>\n<li>Mantieni i tuoi dati puliti con la verifica dell&#8217;indirizzo e le funzionalit\u00e0 di deduplicazione<\/li>\n<li>Rendi facile per i membri iscriversi online e rinnovare con le opzioni di rinnovo automatico<\/li>\n<li>Consenti ai membri di gestire le proprie informazioni sull&#8217;iscrizione online<\/li>\n<li>Gestisci l&#8217;appartenenza al capitolo e segui la partecipazione al comitato<\/li>\n<li>Crea pagine web con un generatore di pagine drag-and-drop che non richiede conoscenze tecniche<\/li>\n<li>Fornire agli utenti un&#8217;esperienza Web personalizzata basata sui dati<\/li>\n<li>Include la creazione e il supporto di contenuti multilingue<\/li>\n<li>Integra centinaia di app popolari di associazioni e no-profit<\/li>\n<li>Crea le tue integrazioni con l&#8217;API aperta e completamente documentata.<\/li>\n<li>Gestisci la pianificazione, la logistica, la comunicazione e la registrazione per eventi di ogni tipo e dimensione<\/li>\n<li>Offri prezzi flessibili in base alla data di registrazione, al tipo di abbonamento o ad altre informazioni<\/li>\n<li>Consenti agli iscritti di applicare codici sconto per prezzi speciali<\/li>\n<li>Crea un&#8217;applicazione e un portale di recensioni accattivanti e brandizzati<\/li>\n<li>Offri formazione con istruttore, webinar, video e apprendimento misto<\/li>\n<li>Traccia e gestisci certificazioni, micro-credenziali e badge digitali<\/li>\n<li>Specifica qualsiasi combinazione di requisiti per la certificazione, inclusa la partecipazione a eventi o l&#8217;acquisto di prodotti<\/li>\n<li>Risparmia tempo e denaro con l&#8217;elaborazione dei pagamenti integrata in modo sicuro<\/li>\n<li>Usa conti bancari separati per diversi tipi di pagamenti<\/li>\n<li>Invia e-mail automatizzate e personalizzate di promemoria di impegno, conferme di regali e ricevute di donazioni<\/li>\n<li>Analizza le prestazioni di vendita con previsioni, monitoraggio della concorrenza, obiettivi e quote<\/li>\n<\/ul>\n<h4>LE RECENSIONI DEGLI UTENTI<\/h4>\n<p><strong>Lauren &#8220;Ottime opzioni di personalizzazione&#8221;<\/strong><br \/>\n<strong>Pro<\/strong>: Avevamo una serie unica di esigenze per un CRM e un iMIS ci ha aiutato! Siamo stati in grado di personalizzare il back-end e collegare altri programmi utilizzando l&#8217;API. Ha reso i nostri processi molto pi\u00f9 semplici.<br \/>\n<strong>Contro<\/strong>: C&#8217;\u00e8 stata una piccola curva di apprendimento durante la configurazione del sistema, ma una volta capito, \u00e8 abbastanza facile da navigare.<\/p>\n<p><strong>Whitney &#8220;Ottimo software!&#8221;<\/strong><br \/>\n<strong>Commenti<\/strong>: usavamo molti fogli di calcolo Excel diversi. Ora abbiamo solo il software e possiamo creare fogli di calcolo utilizzando i dati in iMIS.<br \/>\n<strong>Pro<\/strong>: La facilit\u00e0 di aggiornamento del sito Web utilizzando il programma. Molto facile da usare!<br \/>\n<strong>Contro<\/strong>: Non riesco a pensare a niente che non mi piaccia.<\/p>\n<p><strong>Ellen &#8220;Ottimo CRM&#8221;<\/strong><br \/>\n<strong>Pro<\/strong>: La flessibilit\u00e0 che hai per la personalizzazione. Puoi creare i tuoi proggetti business, report, query, ecc., ma ripiegare comunque su quelli standard che escono &#8220;out of the box&#8221;. Molto utile per i nuovi utenti o per chi ha appena iniziato&#8230; o se hai bisogno di idee su come fare qualcosa. Pu\u00f2 integrarsi con altri prodotti.<br \/>\n<strong>Contro<\/strong>: Se assumi qualcuno di nuovo, pu\u00f2 essere difficile addestrarlo su tutte le funzionalit\u00e0 &#8230; soprattutto se non ha precedenti esperienze di database. \u00c8 anche costoso; e diverse funzionalit\u00e0 devono essere aggiunte a un costo aggiuntivo. Potrebbe non essere l&#8217;opzione migliore dal punto di vista dei costi per le organizzazioni pi\u00f9 piccole.<\/p>\n","protected":false},"excerpt":{"rendered":"<p>iMIS di Advanced Solutions International (ASI) \u00e8 un software basato su cloud, progettato per aiutare le organizzazioni senza scopo di lucro a gestire volontari, raccolte fondi, donatori e altro su una piattaforma unificata. Il sistema di gestione dei contatti integrato consente ai professionisti di acquisire e archiviare i contatti, indirizzi e informazioni demografiche per membri, organizzazioni o gruppi.<\/p>\n","protected":false},"author":19,"featured_media":68906,"parent":35837,"menu_order":0,"comment_status":"open","ping_status":"closed","template":"g1_template_page_review_new.php","meta":{"_acf_changed":false,"cwp_meta_box_check":"Yes","cwp_rev_product_name":"","cwp_rev_product_image":"","wppr_links":[],"cwp_rev_price":"0.00","wppr_options":[{"name":"Usability","value":"0"},{"name":"Speed","value":"0"},{"name":"Features","value":"0"},{"name":"Support","value":"0"},{"name":"Pricing","value":"0"}],"wppr_pros":["","","","",""],"wppr_cons":["","","","",""],"_monsterinsights_skip_tracking":false,"_monsterinsights_sitenote_active":false,"_monsterinsights_sitenote_note":"","_monsterinsights_sitenote_category":0,"footnotes":""},"categories":[1943],"tags":[4940,14249,2008,1949,1947,1948],"features":[],"class_list":{"0":"post-68904","1":"page","2":"type-page","3":"status-publish","4":"has-post-thumbnail","6":"category-gestionale-per-associazioni-categoria","7":"tag-gestionale-associazioni","8":"tag-imis","9":"tag-piattaforma-gestionale-associazioni","10":"tag-programma-gestionale-associazioni","11":"tag-software-gestionale-associazioni","12":"tag-soluzione-gestionale-associazioni"},"wppr_data":{"cwp_meta_box_check":"Yes","_wppr_review_template":"default","cwp_rev_product_image":"","cwp_image_link":"image","wppr_links":[],"cwp_rev_price":"0.00","wppr_pros":["","","","",""],"wppr_cons":["","","","",""],"wppr_rating":"0.00","wppr_options":{"1":{"name":"Usability","value":"0"},"2":{"name":"Speed","value":"0"},"3":{"name":"Features","value":"0"},"4":{"name":"Support","value":"0"},"5":{"name":"Pricing","value":"0"}},"wppr_review_type":"Product","wppr_review_custom_fields":{"additionalProperty":"","additionalType":"","aggregateRating":"","alternateName":"","audience":"","award":"","awards":"","brand":"","color":"","depth":"","description":"","disambiguatingDescription":"","gtin12":"","gtin13":"","gtin14":"","gtin8":"","height":"","identifier":"","image":"","isAccessoryOrSparePartFor":"","isConsumableFor":"","isRelatedTo":"","isSimilarTo":"","itemCondition":"","logo":"","mainEntityOfPage":"","manufacturer":"","material":"","model":"","mpn":"","name":"","offers":"","potentialAction":"","productID":"","productionDate":"","purchaseDate":"","releaseDate":"","review":"","reviews":"","sameAs":"","sku":"","slogan":"","subjectOf":"","url":"","weight":"","width":""}},"acf":[],"yoast_head":"<!-- This site is optimized with the Yoast SEO plugin v27.4 - https:\/\/yoast.com\/product\/yoast-seo-wordpress\/ -->\n<title>iMIS: recensione software gestionale associazioni - AR<\/title>\n<meta name=\"description\" content=\"iMIS: recensione software basato su cloud progettato per aiutare le organizzazioni no profit a a gestire volontari, raccolte fondi e donatori\" \/>\n<meta name=\"robots\" content=\"index, follow, max-snippet:-1, max-image-preview:large, max-video-preview:-1\" \/>\n<link rel=\"canonical\" href=\"https:\/\/www.accuratereviews.com\/it\/gestionale-per-associazioni\/imis-recensione\/\" \/>\n<meta property=\"og:locale\" content=\"it_IT\" \/>\n<meta property=\"og:type\" content=\"article\" \/>\n<meta property=\"og:title\" content=\"iMIS: recensione software gestionale associazioni - AR\" \/>\n<meta property=\"og:description\" content=\"iMIS: recensione software basato su cloud progettato per aiutare le organizzazioni no profit a a gestire volontari, raccolte fondi e donatori\" \/>\n<meta property=\"og:url\" content=\"https:\/\/www.accuratereviews.com\/it\/gestionale-per-associazioni\/imis-recensione\/\" \/>\n<meta property=\"og:site_name\" content=\"Accurate Reviews\" \/>\n<meta property=\"og:image\" content=\"https:\/\/www.accuratereviews.com\/wp-content\/uploads\/2023\/04\/iMis.png\" \/>\n\t<meta property=\"og:image:width\" content=\"600\" \/>\n\t<meta property=\"og:image:height\" content=\"331\" \/>\n\t<meta property=\"og:image:type\" content=\"image\/png\" \/>\n<meta name=\"twitter:card\" content=\"summary_large_image\" \/>\n<meta name=\"twitter:label1\" content=\"Tempo di lettura stimato\" \/>\n\t<meta name=\"twitter:data1\" content=\"4 minuti\" \/>\n<script type=\"application\/ld+json\" class=\"yoast-schema-graph\">{\"@context\":\"https:\\\/\\\/schema.org\",\"@graph\":[{\"@type\":\"WebPage\",\"@id\":\"https:\\\/\\\/www.accuratereviews.com\\\/it\\\/gestionale-per-associazioni\\\/imis-recensione\\\/\",\"url\":\"https:\\\/\\\/www.accuratereviews.com\\\/it\\\/gestionale-per-associazioni\\\/imis-recensione\\\/\",\"name\":\"iMIS: recensione software gestionale associazioni - AR\",\"isPartOf\":{\"@id\":\"https:\\\/\\\/www.accuratereviews.com\\\/it\\\/#website\"},\"primaryImageOfPage\":{\"@id\":\"https:\\\/\\\/www.accuratereviews.com\\\/it\\\/gestionale-per-associazioni\\\/imis-recensione\\\/#primaryimage\"},\"image\":{\"@id\":\"https:\\\/\\\/www.accuratereviews.com\\\/it\\\/gestionale-per-associazioni\\\/imis-recensione\\\/#primaryimage\"},\"thumbnailUrl\":\"https:\\\/\\\/www.accuratereviews.com\\\/wp-content\\\/uploads\\\/2023\\\/04\\\/iMis.png\",\"datePublished\":\"2023-04-20T14:43:26+00:00\",\"description\":\"iMIS: recensione software basato su cloud progettato per aiutare le organizzazioni no profit a a gestire volontari, raccolte fondi e donatori\",\"breadcrumb\":{\"@id\":\"https:\\\/\\\/www.accuratereviews.com\\\/it\\\/gestionale-per-associazioni\\\/imis-recensione\\\/#breadcrumb\"},\"inLanguage\":\"it-IT\",\"potentialAction\":[{\"@type\":\"ReadAction\",\"target\":[\"https:\\\/\\\/www.accuratereviews.com\\\/it\\\/gestionale-per-associazioni\\\/imis-recensione\\\/\"]}]},{\"@type\":\"ImageObject\",\"inLanguage\":\"it-IT\",\"@id\":\"https:\\\/\\\/www.accuratereviews.com\\\/it\\\/gestionale-per-associazioni\\\/imis-recensione\\\/#primaryimage\",\"url\":\"https:\\\/\\\/www.accuratereviews.com\\\/wp-content\\\/uploads\\\/2023\\\/04\\\/iMis.png\",\"contentUrl\":\"https:\\\/\\\/www.accuratereviews.com\\\/wp-content\\\/uploads\\\/2023\\\/04\\\/iMis.png\",\"width\":600,\"height\":331},{\"@type\":\"BreadcrumbList\",\"@id\":\"https:\\\/\\\/www.accuratereviews.com\\\/it\\\/gestionale-per-associazioni\\\/imis-recensione\\\/#breadcrumb\",\"itemListElement\":[{\"@type\":\"ListItem\",\"position\":1,\"name\":\"Home\",\"item\":\"https:\\\/\\\/www.accuratereviews.com\\\/it\\\/\"},{\"@type\":\"ListItem\",\"position\":2,\"name\":\"Gestionale per associazioni\",\"item\":\"https:\\\/\\\/www.accuratereviews.com\\\/it\\\/gestionale-per-associazioni\\\/\"},{\"@type\":\"ListItem\",\"position\":3,\"name\":\"iMIS\"}]},{\"@type\":\"WebSite\",\"@id\":\"https:\\\/\\\/www.accuratereviews.com\\\/it\\\/#website\",\"url\":\"https:\\\/\\\/www.accuratereviews.com\\\/it\\\/\",\"name\":\"Accurate Reviews\",\"description\":\"\",\"potentialAction\":[{\"@type\":\"SearchAction\",\"target\":{\"@type\":\"EntryPoint\",\"urlTemplate\":\"https:\\\/\\\/www.accuratereviews.com\\\/it\\\/?s={search_term_string}\"},\"query-input\":{\"@type\":\"PropertyValueSpecification\",\"valueRequired\":true,\"valueName\":\"search_term_string\"}}],\"inLanguage\":\"it-IT\"}]}<\/script>\n<!-- \/ Yoast SEO plugin. -->","yoast_head_json":{"title":"iMIS: recensione software gestionale associazioni - AR","description":"iMIS: recensione software basato su cloud progettato per aiutare le organizzazioni no profit a a gestire volontari, raccolte fondi e donatori","robots":{"index":"index","follow":"follow","max-snippet":"max-snippet:-1","max-image-preview":"max-image-preview:large","max-video-preview":"max-video-preview:-1"},"canonical":"https:\/\/www.accuratereviews.com\/it\/gestionale-per-associazioni\/imis-recensione\/","og_locale":"it_IT","og_type":"article","og_title":"iMIS: recensione software gestionale associazioni - AR","og_description":"iMIS: recensione software basato su cloud progettato per aiutare le organizzazioni no profit a a gestire volontari, raccolte fondi e donatori","og_url":"https:\/\/www.accuratereviews.com\/it\/gestionale-per-associazioni\/imis-recensione\/","og_site_name":"Accurate Reviews","og_image":[{"width":600,"height":331,"url":"https:\/\/www.accuratereviews.com\/wp-content\/uploads\/2023\/04\/iMis.png","type":"image\/png"}],"twitter_card":"summary_large_image","twitter_misc":{"Tempo di lettura stimato":"4 minuti"},"schema":{"@context":"https:\/\/schema.org","@graph":[{"@type":"WebPage","@id":"https:\/\/www.accuratereviews.com\/it\/gestionale-per-associazioni\/imis-recensione\/","url":"https:\/\/www.accuratereviews.com\/it\/gestionale-per-associazioni\/imis-recensione\/","name":"iMIS: recensione software gestionale associazioni - AR","isPartOf":{"@id":"https:\/\/www.accuratereviews.com\/it\/#website"},"primaryImageOfPage":{"@id":"https:\/\/www.accuratereviews.com\/it\/gestionale-per-associazioni\/imis-recensione\/#primaryimage"},"image":{"@id":"https:\/\/www.accuratereviews.com\/it\/gestionale-per-associazioni\/imis-recensione\/#primaryimage"},"thumbnailUrl":"https:\/\/www.accuratereviews.com\/wp-content\/uploads\/2023\/04\/iMis.png","datePublished":"2023-04-20T14:43:26+00:00","description":"iMIS: recensione software basato su cloud progettato per aiutare le organizzazioni no profit a a gestire volontari, raccolte fondi e donatori","breadcrumb":{"@id":"https:\/\/www.accuratereviews.com\/it\/gestionale-per-associazioni\/imis-recensione\/#breadcrumb"},"inLanguage":"it-IT","potentialAction":[{"@type":"ReadAction","target":["https:\/\/www.accuratereviews.com\/it\/gestionale-per-associazioni\/imis-recensione\/"]}]},{"@type":"ImageObject","inLanguage":"it-IT","@id":"https:\/\/www.accuratereviews.com\/it\/gestionale-per-associazioni\/imis-recensione\/#primaryimage","url":"https:\/\/www.accuratereviews.com\/wp-content\/uploads\/2023\/04\/iMis.png","contentUrl":"https:\/\/www.accuratereviews.com\/wp-content\/uploads\/2023\/04\/iMis.png","width":600,"height":331},{"@type":"BreadcrumbList","@id":"https:\/\/www.accuratereviews.com\/it\/gestionale-per-associazioni\/imis-recensione\/#breadcrumb","itemListElement":[{"@type":"ListItem","position":1,"name":"Home","item":"https:\/\/www.accuratereviews.com\/it\/"},{"@type":"ListItem","position":2,"name":"Gestionale per associazioni","item":"https:\/\/www.accuratereviews.com\/it\/gestionale-per-associazioni\/"},{"@type":"ListItem","position":3,"name":"iMIS"}]},{"@type":"WebSite","@id":"https:\/\/www.accuratereviews.com\/it\/#website","url":"https:\/\/www.accuratereviews.com\/it\/","name":"Accurate Reviews","description":"","potentialAction":[{"@type":"SearchAction","target":{"@type":"EntryPoint","urlTemplate":"https:\/\/www.accuratereviews.com\/it\/?s={search_term_string}"},"query-input":{"@type":"PropertyValueSpecification","valueRequired":true,"valueName":"search_term_string"}}],"inLanguage":"it-IT"}]}},"_links":{"self":[{"href":"https:\/\/www.accuratereviews.com\/it\/wp-json\/wp\/v2\/pages\/68904","targetHints":{"allow":["GET"]}}],"collection":[{"href":"https:\/\/www.accuratereviews.com\/it\/wp-json\/wp\/v2\/pages"}],"about":[{"href":"https:\/\/www.accuratereviews.com\/it\/wp-json\/wp\/v2\/types\/page"}],"author":[{"embeddable":true,"href":"https:\/\/www.accuratereviews.com\/it\/wp-json\/wp\/v2\/users\/19"}],"replies":[{"embeddable":true,"href":"https:\/\/www.accuratereviews.com\/it\/wp-json\/wp\/v2\/comments?post=68904"}],"version-history":[{"count":9,"href":"https:\/\/www.accuratereviews.com\/it\/wp-json\/wp\/v2\/pages\/68904\/revisions"}],"predecessor-version":[{"id":68938,"href":"https:\/\/www.accuratereviews.com\/it\/wp-json\/wp\/v2\/pages\/68904\/revisions\/68938"}],"up":[{"embeddable":true,"href":"https:\/\/www.accuratereviews.com\/it\/wp-json\/wp\/v2\/pages\/35837"}],"wp:featuredmedia":[{"embeddable":true,"href":"https:\/\/www.accuratereviews.com\/it\/wp-json\/wp\/v2\/media\/68906"}],"wp:attachment":[{"href":"https:\/\/www.accuratereviews.com\/it\/wp-json\/wp\/v2\/media?parent=68904"}],"wp:term":[{"taxonomy":"category","embeddable":true,"href":"https:\/\/www.accuratereviews.com\/it\/wp-json\/wp\/v2\/categories?post=68904"},{"taxonomy":"post_tag","embeddable":true,"href":"https:\/\/www.accuratereviews.com\/it\/wp-json\/wp\/v2\/tags?post=68904"},{"taxonomy":"features","embeddable":true,"href":"https:\/\/www.accuratereviews.com\/it\/wp-json\/wp\/v2\/features?post=68904"}],"curies":[{"name":"wp","href":"https:\/\/api.w.org\/{rel}","templated":true}]}}